{"id":2129,"date":"2024-12-06T11:26:13","date_gmt":"2024-12-06T03:26:13","guid":{"rendered":"https:\/\/bogonglaser.com\/?post_type=product&#038;p=2129"},"modified":"2024-12-06T14:01:49","modified_gmt":"2024-12-06T06:01:49","slug":"3d-uv-laser-marking-machine-2","status":"publish","type":"product","link":"https:\/\/www.lasercleaner.tech\/tr\/urun\/3d-uv-laser-marking-machine-2\/","title":{"rendered":"3D UV Lazer \u0130\u015faretleme Makinesi"},"content":{"rendered":"<div class=\"wpb-content-wrapper\"><div class=\"vc_row wpb_row vc_row-fluid\"><div class=\"wpb_column vc_column_container vc_col-sm-12\"><div class=\"vc_column-inner\"><div class=\"wpb_wrapper\">\n\t<div class=\"wpb_text_column wpb_content_element\" >\n\t\t<div class=\"wpb_wrapper\">\n\t\t\t<h2>3D UV Lazer Markalama Makinesi Nedir?<\/h2>\n<p>UV lazer Kayna\u011f\u0131, 3D U Serisi lazer kafas\u0131, g\u00f6r\u00fcnt\u00fc i\u015fleme i\u00e7in g\u00fc\u00e7l\u00fc lenmark3ds \/ Ezcad3 yaz\u0131l\u0131m\u0131 ile 3D Lazer markalama makinesi, lazer kafas\u0131n\u0131n i\u00e7inde d\u00fczensiz \u015fekle kaz\u0131ma yapabilen dinamik bir lens vard\u0131r. Ana \u00f6zelli\u011fi a\u015fa\u011f\u0131daki gibidir:<\/p>\n<ul>\n<li>UV lazer kayna\u011f\u0131<\/li>\n<li>G\u00f6r\u00fcnt\u00fc i\u015fleme i\u00e7in 3D Grav\u00fcr yaz\u0131l\u0131m\u0131<\/li>\n<li>Y\u00fcz\u00fck ve bileziklerin i\u015faretlenmesi i\u00e7in R ekseni<\/li>\n<li>3D UV dinamik lazer kafas\u0131<\/li>\n<li>Ayarlanabilir odak y\u00fcksekli\u011fi 15 ila 80 mm<\/li>\n<li>Geni\u015f opsiyonel se\u00e7enekler<\/li>\n<li>2 y\u0131l garanti<\/li>\n<\/ul>\n\n\t\t<\/div>\n\t<\/div>\n<\/div><\/div><\/div><\/div><div class=\"vc_row wpb_row vc_row-fluid\"><div class=\"wpb_column vc_column_container vc_col-sm-12\"><div class=\"vc_column-inner\"><div class=\"wpb_wrapper\">\n\t<div  class=\"wpb_single_image wpb_content_element vc_align_left wpb_content_element\">\n\t\t\n\t\t<figure class=\"wpb_wrapper vc_figure\">\n\t\t\t<div class=\"vc_single_image-wrapper   vc_box_border_grey\"><img decoding=\"async\" width=\"600\" height=\"400\" src=\"data:image\/svg+xml,%3Csvg%20xmlns%3D&#39;http%3A%2F%2Fwww.w3.org%2F2000%2Fsvg&#39;%20width=&#39;600&#39;%20height=&#39;400&#39;%20viewBox%3D&#39;0%200%20600%20400&#39;%2F%3E\" data-czlz data-src=\"https:\/\/www.lasercleaner.tech\/wp-content\/uploads\/2024\/12\/3D-UV-Laser-Marking-Machine.jpg\" class=\"vc_single_image-img attachment-full\" alt=\"\" title=\"3D UV Lazer \u0130\u015faretleme Makinesi\" data-srcset=\"https:\/\/www.lasercleaner.tech\/wp-content\/uploads\/2024\/12\/3D-UV-Laser-Marking-Machine.jpg 600w, https:\/\/www.lasercleaner.tech\/wp-content\/uploads\/2024\/12\/3D-UV-Laser-Marking-Machine-300x200.jpg 300w\" data-sizes=\"(max-width: 600px) 100vw, 600px\" \/><\/div>\n\t\t<\/figure>\n\t<\/div>\n<\/div><\/div><\/div><\/div><div class=\"vc_row wpb_row vc_row-fluid\"><div class=\"wpb_column vc_column_container vc_col-sm-12\"><div class=\"vc_column-inner\"><div class=\"wpb_wrapper\">\n\t<div class=\"wpb_video_widget wpb_content_element vc_clearfix   vc_video-aspect-ratio-169 vc_video-el-width-80 vc_video-align-left\" >\n\t\t<div class=\"wpb_wrapper\">\n\t\t\t<h2 class=\"wpb_heading wpb_video_heading\">BOGONG 3D UV Lazer \u0130\u015faretleme Makinesi G\u00f6sterisi<\/h2>\n\t\t\t<div class=\"wpb_video_wrapper\"><iframe title=\"En \u0130yi \u00c7in 3D Cam Lazer \u0130\u015faretleme Makinesi | Cam i\u00e7in Cam Lazer Kaz\u0131ma Makinesi\" width=\"500\" height=\"281\" src=\"https:\/\/www.youtube.com\/embed\/Na_1pKoJTMQ?feature=oembed\" frameborder=\"0\" allow=\"accelerometer; autoplay; clipboard-write; encrypted-media; gyroscope; picture-in-picture; web-share\" referrerpolicy=\"strict-origin-when-cross-origin\" allowfullscreen><\/iframe><\/div>\n\t\t<\/div>\n\t<\/div>\n<\/div><\/div><\/div><\/div><div class=\"vc_row wpb_row vc_row-fluid\"><div class=\"wpb_column vc_column_container vc_col-sm-12\"><div class=\"vc_column-inner\"><div class=\"wpb_wrapper\">\n\t<div class=\"wpb_text_column wpb_content_element\" >\n\t\t<div class=\"wpb_wrapper\">\n\t\t\t<h2>3D UV Lazer \u0130\u015faretleme Makinesinin \u00d6zellikleri:<\/h2>\n<p>1. \u00c7ok Y\u00f6nl\u00fc Uygulamalar<br \/>\n3D lazer markalama makinesi, \u00fc\u00e7 boyutlu kavisli y\u00fczey markalama i\u00e7in tasarlanm\u0131\u015ft\u0131r, ince noktalara odaklanabilir ve 0 ila 80 mm tolerans y\u00fcksekli\u011fi aral\u0131\u011f\u0131nda e\u015fit i\u015faretler sa\u011flayabilir. Odak ayarlamalar\u0131na gerek yoktur ve kavisli, e\u011fimli, basamakl\u0131 y\u00fczeyler, k\u00fcreler, silindirler ve koniler gibi d\u00fczensiz \u00fcr\u00fcnlerin tek bir i\u015flemde sorunsuz bir \u015fekilde markalanmas\u0131na olanak tan\u0131r.<\/p>\n<p>2. M\u00fckemmel Derin Oyma Kalitesi<br \/>\n3D hassas markalama sistemi, Ultraviyole Lazer kayna\u011f\u0131 ile donat\u0131lm\u0131\u015f olan makine, kabartma, derin grav\u00fcr ve i\u00e7b\u00fckey \/ d\u0131\u015fb\u00fckey grav\u00fcr dahil olmak \u00fczere \u00e7e\u015fitli grav\u00fcr ihtiya\u00e7lar\u0131nda m\u00fckemmeldir. Y\u00fcksek hassasiyet ve g\u00f6rsel olarak \u00e7ekici sonu\u00e7lar sunar.<\/p>\n\n\t\t<\/div>\n\t<\/div>\n<\/div><\/div><\/div><\/div><div class=\"vc_row wpb_row vc_row-fluid\"><div class=\"wpb_column vc_column_container vc_col-sm-12\"><div class=\"vc_column-inner\"><div class=\"wpb_wrapper\">\n\t<div class=\"wpb_video_widget wpb_content_element vc_clearfix   vc_video-aspect-ratio-169 vc_video-el-width-80 vc_video-align-left\" >\n\t\t<div class=\"wpb_wrapper\">\n\t\t\t<h2 class=\"wpb_heading wpb_video_heading\">Cam \u015fi\u015fe i\u00e7in BOGONG 3D UV Lazer \u0130\u015faretleme Makinesi<\/h2>\n\t\t\t<div class=\"wpb_video_wrapper\"><iframe title=\"Cam Lazer kaz\u0131ma ve markalama Makinesi | 3D UV Lazer \u0130\u015faretleyici\" width=\"500\" height=\"281\" src=\"https:\/\/www.youtube.com\/embed\/F-M4iF703pw?feature=oembed\" frameborder=\"0\" allow=\"accelerometer; autoplay; clipboard-write; encrypted-media; gyroscope; picture-in-picture; web-share\" referrerpolicy=\"strict-origin-when-cross-origin\" allowfullscreen><\/iframe><\/div>\n\t\t<\/div>\n\t<\/div>\n<\/div><\/div><\/div><\/div><div class=\"vc_row wpb_row vc_row-fluid\"><div class=\"wpb_column vc_column_container vc_col-sm-12\"><div class=\"vc_column-inner\"><div class=\"wpb_wrapper\">\n\t<div class=\"wpb_video_widget wpb_content_element vc_clearfix   vc_video-aspect-ratio-169 vc_video-el-width-80 vc_video-align-left\" >\n\t\t<div class=\"wpb_wrapper\">\n\t\t\t<h2 class=\"wpb_heading wpb_video_heading\">Cam R\u00f6lyef i\u00e7in 3D UV Lazer \u0130\u015faretleme Makinesi<\/h2>\n\t\t\t<div class=\"wpb_video_wrapper\"><iframe title=\"Cam Kabartma Grav\u00fcr i\u00e7in 3D UV Lazer Grav\u00fcr Makinesi | \u00c7in Sat\u0131l\u0131k 3D UV Lazer \u0130\u015faretleme Makinesi\" width=\"500\" height=\"281\" src=\"https:\/\/www.youtube.com\/embed\/GPWp4Pm7TFI?feature=oembed\" frameborder=\"0\" allow=\"accelerometer; autoplay; clipboard-write; encrypted-media; gyroscope; picture-in-picture; web-share\" referrerpolicy=\"strict-origin-when-cross-origin\" allowfullscreen><\/iframe><\/div>\n\t\t<\/div>\n\t<\/div>\n<\/div><\/div><\/div><\/div><div class=\"vc_row wpb_row vc_row-fluid\"><div class=\"wpb_column vc_column_container vc_col-sm-12\"><div class=\"vc_column-inner\"><div class=\"wpb_wrapper\">\n\t<div class=\"wpb_text_column wpb_content_element\" >\n\t\t<div class=\"wpb_wrapper\">\n\t\t\t<h3>3D UV Lazer Markalama makinesinin uygulamalar\u0131<\/h3>\n<ul>\n<li>Cam, plastik, ah\u015fap vb. \u00e7e\u015fitli \u015fekillerde i\u015faretleme.<\/li>\n<li>Katmanl\u0131 kaz\u0131 ve cam \u00fczerine 3 boyutlu kabartma grav\u00fcr.<\/li>\n<li>D\u00fcz olmayan y\u00fczeylerde 80 mm'ye kadar d\u00fczensizli\u011fe sahip grav\u00fcrler.<\/li>\n<li>Ticari markalar da dahil olmak \u00fczere foto\u011fraflar\u0131n, isimlerin, tasar\u0131mlar\u0131n ve logolar\u0131n kaz\u0131nmas\u0131.<\/li>\n<\/ul>\n\n\t\t<\/div>\n\t<\/div>\n<\/div><\/div><\/div><\/div><div class=\"vc_row wpb_row vc_row-fluid\"><div class=\"wpb_column vc_column_container vc_col-sm-12\"><div class=\"vc_column-inner\"><div class=\"wpb_wrapper\">\n\t<div  class=\"wpb_single_image wpb_content_element vc_align_left wpb_content_element\">\n\t\t\n\t\t<figure class=\"wpb_wrapper vc_figure\">\n\t\t\t<div class=\"vc_single_image-wrapper   vc_box_border_grey\"><img decoding=\"async\" width=\"1280\" height=\"720\" src=\"data:image\/svg+xml,%3Csvg%20xmlns%3D&#39;http%3A%2F%2Fwww.w3.org%2F2000%2Fsvg&#39;%20width=&#39;1280&#39;%20height=&#39;720&#39;%20viewBox%3D&#39;0%200%201280%20720&#39;%2F%3E\" data-czlz data-src=\"https:\/\/www.lasercleaner.tech\/wp-content\/uploads\/2024\/12\/3D-uv-laser-for-glass.jpg\" class=\"vc_single_image-img attachment-full\" alt=\"\" title=\"Cam i\u00e7in 3D uv lazer\" data-srcset=\"https:\/\/www.lasercleaner.tech\/wp-content\/uploads\/2024\/12\/3D-uv-laser-for-glass.jpg 1280w, https:\/\/www.lasercleaner.tech\/wp-content\/uploads\/2024\/12\/3D-uv-laser-for-glass-300x169.jpg 300w, https:\/\/www.lasercleaner.tech\/wp-content\/uploads\/2024\/12\/3D-uv-laser-for-glass-1024x576.jpg 1024w, https:\/\/www.lasercleaner.tech\/wp-content\/uploads\/2024\/12\/3D-uv-laser-for-glass-768x432.jpg 768w, https:\/\/www.lasercleaner.tech\/wp-content\/uploads\/2024\/12\/3D-uv-laser-for-glass-600x338.jpg 600w, https:\/\/www.lasercleaner.tech\/wp-content\/uploads\/2024\/12\/3D-uv-laser-for-glass-1000x563.jpg 1000w\" data-sizes=\"(max-width: 1280px) 100vw, 1280px\" \/><\/div>\n\t\t<\/figure>\n\t<\/div>\n<\/div><\/div><\/div><\/div><div class=\"vc_row wpb_row vc_row-fluid\"><div class=\"wpb_column vc_column_container vc_col-sm-12\"><div class=\"vc_column-inner\"><div class=\"wpb_wrapper\">\n\t<div class=\"wpb_text_column wpb_content_element\" >\n\t\t<div class=\"wpb_wrapper\">\n\t\t\t<h3>Do\u011fru 3d UV Lazer Markalama Makinesi Nas\u0131l Se\u00e7ilir<\/h3>\n<p>Do\u011fru 3D UV lazer kaz\u0131ma makinesini se\u00e7mek i\u015finiz i\u00e7in \u00f6nemli olacakt\u0131r, makinenin \u00f6zel ihtiya\u00e7lar\u0131n\u0131z\u0131 kar\u015f\u0131lad\u0131\u011f\u0131ndan nas\u0131l emin olabilirsiniz. \u0130\u015fte bilin\u00e7li bir karar vermenize yard\u0131mc\u0131 olacak bir k\u0131lavuz:<\/p>\n<ol>\n<li><strong>Malzeme Uyumlulu\u011fu<\/strong>: Kaz\u0131may\u0131 planlad\u0131\u011f\u0131n\u0131z malzeme t\u00fcrlerini belirleyin (\u00f6rn. ah\u015fap, akrilik, cam). Se\u00e7ti\u011finiz makinenin bu malzemeleri etkili bir \u015fekilde i\u015fleyebildi\u011finden emin olun.<\/li>\n<li><strong>Lazer G\u00fcc\u00fc:<\/strong>\n<ul>\n<li>5W<\/li>\n<li>10W<\/li>\n<li>15W<\/li>\n<\/ul>\n<\/li>\n<li><strong>Kullan\u0131m Kolayl\u0131\u011f\u0131<\/strong>: Kolay tasar\u0131m ve kullan\u0131m sa\u011flayan kullan\u0131c\u0131 dostu yaz\u0131l\u0131ma sahip makineleri aray\u0131n. Lenmark 3DS ve Ezcad3, 3D kabartma grav\u00fcr \u00e7al\u0131\u015fmalar\u0131 i\u00e7in \u00f6nerilmektedir.<\/li>\n<li><strong>M\u00fc\u015fteri Deste\u011fi ve Garanti<\/strong>: \u00dcreticinin destek se\u00e7eneklerini ve sundu\u011fu garantiyi ara\u015ft\u0131r\u0131n. G\u00fcvenilir m\u00fc\u015fteri hizmetleri, sorun giderme ve bak\u0131m i\u00e7in \u00e7ok \u00f6nemli olabilir.<\/li>\n<\/ol>\n\n\t\t<\/div>\n\t<\/div>\n<\/div><\/div><\/div><\/div><div class=\"vc_row wpb_row vc_row-fluid\"><div class=\"wpb_column vc_column_container vc_col-sm-12\"><div class=\"vc_column-inner\"><div class=\"wpb_wrapper\">\n\t<div class=\"wpb_text_column wpb_content_element\" >\n\t\t<div class=\"wpb_wrapper\">\n\t\t\t<h2>3D Lazer \u0130\u015faretleme Makinesini se\u00e7meniz i\u00e7in neler yapabiliriz?<\/h2>\n<ul>\n<li><span class=\"magic-19\"><b class=\"magic-19\"><span class=\"magic-18\">\u00dccretsiz test \u00f6rnekleri -<\/span><\/b><span class=\"magic-20\" data-spm-anchor-id=\"a2700.details.0.i41.41d82402R4aegi\">\u00dcr\u00fcn malzemenize g\u00f6re \u00fccretsiz markalama efekti testleri ger\u00e7ekle\u015ftirebiliriz<\/span><\/span><\/li>\n<li><span class=\"magic-19\"><b class=\"magic-19\"><span class=\"magic-18\">Video Canl\u0131-<\/span><\/b><span class=\"magic-20\">Makinenin \u00fcretim s\u00fcrecini ve \u00e7al\u0131\u015fmas\u0131n\u0131 \u00e7evrimi\u00e7i videoda izlemek i\u00e7in sat\u0131\u015f dan\u0131\u015fmanlar\u0131m\u0131zla ba\u011flant\u0131 kurabilirsiniz.<\/span><\/span><\/li>\n<li><span class=\"magic-19\"><b class=\"magic-19\"><span class=\"magic-18\">\u00d6zelle\u015ftirilmi\u015f \/OEM-<\/span><\/b><span class=\"magic-20\" data-spm-anchor-id=\"a2700.details.0.i40.41d82402R4aegi\">\u0130stek \u00fczerine \u00f6zelle\u015ftirilmi\u015f makineler \uff0c Bize ula\u015f\u0131n<\/span><\/span><\/li>\n<\/ul>\n\n\t\t<\/div>\n\t<\/div>\n<\/div><\/div><\/div><\/div><div class=\"vc_row wpb_row vc_row-fluid\"><div class=\"wpb_column vc_column_container vc_col-sm-12\"><div class=\"vc_column-inner\"><div class=\"wpb_wrapper\">\n\t<div  class=\"wpb_single_image wpb_content_element vc_align_left wpb_content_element\">\n\t\t<h2 class=\"wpb_heading wpb_singleimage_heading\">\u015ei\u015fe i\u00e7in \u00f6zel d\u00f6ner cihaz<\/h2>\n\t\t<figure class=\"wpb_wrapper vc_figure\">\n\t\t\t<div class=\"vc_single_image-wrapper   vc_box_border_grey\"><img decoding=\"async\" width=\"608\" height=\"238\" src=\"data:image\/svg+xml,%3Csvg%20xmlns%3D&#39;http%3A%2F%2Fwww.w3.org%2F2000%2Fsvg&#39;%20width=&#39;608&#39;%20height=&#39;238&#39;%20viewBox%3D&#39;0%200%20608%20238&#39;%2F%3E\" data-czlz data-src=\"https:\/\/www.lasercleaner.tech\/wp-content\/uploads\/2024\/12\/bottle-rotary-device.jpg\" class=\"vc_single_image-img attachment-full\" alt=\"\" title=\"\u015fi\u015fe d\u00f6nd\u00fcrme cihaz\u0131\" data-srcset=\"https:\/\/www.lasercleaner.tech\/wp-content\/uploads\/2024\/12\/bottle-rotary-device.jpg 608w, https:\/\/www.lasercleaner.tech\/wp-content\/uploads\/2024\/12\/bottle-rotary-device-300x117.jpg 300w, https:\/\/www.lasercleaner.tech\/wp-content\/uploads\/2024\/12\/bottle-rotary-device-600x235.jpg 600w\" data-sizes=\"(max-width: 608px) 100vw, 608px\" \/><\/div>\n\t\t<\/figure>\n\t<\/div>\n<\/div><\/div><\/div><\/div><div class=\"vc_row wpb_row vc_row-fluid\"><div class=\"wpb_column vc_column_container vc_col-sm-12\"><div class=\"vc_column-inner\"><div class=\"wpb_wrapper\">\n\t<div class=\"wpb_video_widget wpb_content_element vc_clearfix   vc_video-aspect-ratio-169 vc_video-el-width-100 vc_video-align-left\" >\n\t\t<div class=\"wpb_wrapper\">\n\t\t\t<h2 class=\"wpb_heading wpb_video_heading\">BOGONG 3D Lazer Grav\u00fcr Makinesi sat\u0131n ald\u0131<\/h2>\n\t\t\t<div class=\"wpb_video_wrapper\"><iframe title=\"BOGONG 3D LAZER KAZIMA MAKINESI GIBI | SATILIK EN IYI \u00c7IN 3D LAZER KAZIMA MAKINESI\" width=\"500\" height=\"281\" src=\"https:\/\/www.youtube.com\/embed\/aoAF09vq8LE?feature=oembed\" frameborder=\"0\" allow=\"accelerometer; autoplay; clipboard-write; encrypted-media; gyroscope; picture-in-picture; web-share\" referrerpolicy=\"strict-origin-when-cross-origin\" allowfullscreen><\/iframe><\/div>\n\t\t<\/div>\n\t<\/div>\n<\/div><\/div><\/div><\/div><div class=\"vc_row wpb_row vc_row-fluid\"><div class=\"wpb_column vc_column_container vc_col-sm-12\"><div class=\"vc_column-inner\"><div class=\"wpb_wrapper\">\n\t<div class=\"wpb_video_widget wpb_content_element vc_clearfix   vc_video-aspect-ratio-169 vc_video-el-width-100 vc_video-align-left\" >\n\t\t<div class=\"wpb_wrapper\">\n\t\t\t<h2 class=\"wpb_heading wpb_video_heading\">Kar\u015f\u0131la\u015ft\u0131rma yapt\u0131ktan sonra BOGONG'dan 3D Lazer sat\u0131n ald\u0131<\/h2>\n\t\t\t<div class=\"wpb_video_wrapper\"><iframe title=\"BOGONG 3D Lazer Grav\u00fcr Makinesi nas\u0131l? | Hindistan M\u00fc\u015fterisi BOGONG&#039;u Ziyaret Etti ve 3D Lazer Grav\u00fcr Makinesi Sat\u0131n Ald\u0131\" width=\"500\" height=\"281\" src=\"https:\/\/www.youtube.com\/embed\/bq8eli66vTM?feature=oembed\" frameborder=\"0\" allow=\"accelerometer; autoplay; clipboard-write; encrypted-media; gyroscope; picture-in-picture; web-share\" referrerpolicy=\"strict-origin-when-cross-origin\" allowfullscreen><\/iframe><\/div>\n\t\t<\/div>\n\t<\/div>\n<\/div><\/div><\/div><\/div><div class=\"vc_row wpb_row vc_row-fluid\"><div class=\"wpb_column vc_column_container vc_col-sm-12\"><div class=\"vc_column-inner\"><div class=\"wpb_wrapper\">\n\t<div class=\"wpb_text_column wpb_content_element\" >\n\t\t<div class=\"wpb_wrapper\">\n\t\t\t<p>BOGONG youtube kanal\u0131ndan daha fazla m\u00fc\u015fteri geri bildirimi bulabilirsiniz.<\/p>\n\n\t\t<\/div>\n\t<\/div>\n<\/div><\/div><\/div><\/div><div class=\"vc_row wpb_row vc_row-fluid\"><div class=\"wpb_column vc_column_container vc_col-sm-12\"><div class=\"vc_column-inner\"><div class=\"wpb_wrapper\">\n\t<div class=\"wpb_text_column wpb_content_element\" >\n\t\t<div class=\"wpb_wrapper\">\n\t\t\t<p>\u00d6deme Ko\u015fullar\u0131<\/p>\n<p>1. Depozito ve Bakiye: Sevkiyattan \u00f6nce \u00f6denmesi gereken bakiye ile \u00f6nceden bir 30% T \/ T depozitosu gereklidir.<\/p>\n<p>2. Alibaba Ticaret G\u00fcvencesi: \u00d6demeler Alibaba Ticaret G\u00fcvencesi arac\u0131l\u0131\u011f\u0131yla ger\u00e7ekle\u015ftirilebilir.<\/p>\n<p>3D UV Lazer Markalama Makinesi i\u00e7in SSS<\/p>\n<p>3d UV Lazer Markalama Makinesi i\u00e7in Ambalaj Nedir?<br \/>\nMakinelerimiz \u00fc\u00e7 katmanl\u0131 bir d\u00fczende paketlenir. D\u0131\u015f katman ah\u015fap bir kasadan olu\u015fur, orta katmanda sars\u0131nt\u0131ya kar\u015f\u0131 koruma sa\u011flamak i\u00e7in k\u00f6p\u00fck dolgu bulunur ve i\u00e7 katman su ge\u00e7irmezlik i\u00e7in kal\u0131n bir plastik torba i\u00e7erir.<\/p>\n<p>Paket Ta\u015f\u0131ma S\u0131ras\u0131nda Zarar G\u00f6recek mi?<br \/>\nAmbalajlar\u0131m\u0131z\u0131 t\u00fcm olas\u0131 hasar fakt\u00f6rlerini ele alacak \u015fekilde titizlikle tasarl\u0131yoruz ve nakliye acentelerimiz g\u00fcvenli ta\u015f\u0131mac\u0131l\u0131k konusunda deneyimlidir. Ba\u015far\u0131l\u0131 bir \u015fekilde 180 \u00fclkeye ihracat yapt\u0131k, bu nedenle paketinizin m\u00fckemmel durumda ula\u015faca\u011f\u0131ndan emin olabilirsiniz.<\/p>\n\n\t\t<\/div>\n\t<\/div>\n<\/div><\/div><\/div><\/div><div class=\"vc_row wpb_row vc_row-fluid\"><div class=\"wpb_column vc_column_container vc_col-sm-12\"><div class=\"vc_column-inner\"><div class=\"wpb_wrapper\">\n\t<div  class=\"wpb_single_image wpb_content_element vc_align_left wpb_content_element\">\n\t\t\n\t\t<figure class=\"wpb_wrapper vc_figure\">\n\t\t\t<div class=\"vc_single_image-wrapper   vc_box_border_grey\"><img decoding=\"async\" width=\"800\" height=\"600\" src=\"data:image\/svg+xml,%3Csvg%20xmlns%3D&#39;http%3A%2F%2Fwww.w3.org%2F2000%2Fsvg&#39;%20width=&#39;800&#39;%20height=&#39;600&#39;%20viewBox%3D&#39;0%200%20800%20600&#39;%2F%3E\" data-czlz data-src=\"https:\/\/www.lasercleaner.tech\/wp-content\/uploads\/2024\/12\/3duv\u6253\u6807\u673a\u5de5\u5382\u7167\u7247-1.png\" class=\"vc_single_image-img attachment-full\" alt=\"3D UV Laser marking machine factory\" title=\"3duv\u6253\u6807\u673a\u5de5\u5382\u7167\u7247 (1)\" data-srcset=\"https:\/\/www.lasercleaner.tech\/wp-content\/uploads\/2024\/12\/3duv\u6253\u6807\u673a\u5de5\u5382\u7167\u7247-1.png 800w, https:\/\/www.lasercleaner.tech\/wp-content\/uploads\/2024\/12\/3duv\u6253\u6807\u673a\u5de5\u5382\u7167\u7247-1-300x225.png 300w, https:\/\/www.lasercleaner.tech\/wp-content\/uploads\/2024\/12\/3duv\u6253\u6807\u673a\u5de5\u5382\u7167\u7247-1-768x576.png 768w, https:\/\/www.lasercleaner.tech\/wp-content\/uploads\/2024\/12\/3duv\u6253\u6807\u673a\u5de5\u5382\u7167\u7247-1-600x450.png 600w\" data-sizes=\"(max-width: 800px) 100vw, 800px\" \/><\/div>\n\t\t<\/figure>\n\t<\/div>\n<\/div><\/div><\/div><\/div><div class=\"vc_row wpb_row vc_row-fluid\"><div class=\"wpb_column vc_column_container vc_col-sm-12\"><div class=\"vc_column-inner\"><div class=\"wpb_wrapper\">\n\t<div  class=\"wpb_single_image wpb_content_element vc_align_left wpb_content_element\">\n\t\t\n\t\t<figure class=\"wpb_wrapper vc_figure\">\n\t\t\t<div class=\"vc_single_image-wrapper   vc_box_border_grey\"><img decoding=\"async\" width=\"750\" height=\"1097\" src=\"data:image\/svg+xml,%3Csvg%20xmlns%3D&#39;http%3A%2F%2Fwww.w3.org%2F2000%2Fsvg&#39;%20width=&#39;750&#39;%20height=&#39;1097&#39;%20viewBox%3D&#39;0%200%20750%201097&#39;%2F%3E\" data-czlz data-src=\"https:\/\/www.lasercleaner.tech\/wp-content\/uploads\/2024\/10\/H41131e375dda4bdf9d9810daf4bf77a8M.jpg\" class=\"vc_single_image-img attachment-full\" alt=\"Packge BOGONG\" title=\"\" data-srcset=\"https:\/\/www.lasercleaner.tech\/wp-content\/uploads\/2024\/10\/H41131e375dda4bdf9d9810daf4bf77a8M.jpg 750w, https:\/\/www.lasercleaner.tech\/wp-content\/uploads\/2024\/10\/H41131e375dda4bdf9d9810daf4bf77a8M-205x300.jpg 205w, https:\/\/www.lasercleaner.tech\/wp-content\/uploads\/2024\/10\/H41131e375dda4bdf9d9810daf4bf77a8M-700x1024.jpg 700w, https:\/\/www.lasercleaner.tech\/wp-content\/uploads\/2024\/10\/H41131e375dda4bdf9d9810daf4bf77a8M-600x878.jpg 600w\" data-sizes=\"(max-width: 750px) 100vw, 750px\" \/><\/div>\n\t\t<\/figure>\n\t<\/div>\n<\/div><\/div><\/div><\/div><div class=\"vc_row wpb_row vc_row-fluid\"><div class=\"wpb_column vc_column_container vc_col-sm-12\"><div class=\"vc_column-inner\"><div class=\"wpb_wrapper\">\n\t<div class=\"wpb_text_column wpb_content_element\" >\n\t\t<div class=\"wpb_wrapper\">\n\t\t\t<p>M\u00fc\u015fterilerin \u00e7o\u011fu UPS \/ DHL express ile ta\u015f\u0131may\u0131 se\u00e7meyi sever, yakla\u015f\u0131k 5-7 g\u00fcn var\u0131\u015f noktas\u0131na ula\u015fabilir, uv lazer markalama makinesi hakk\u0131nda daha fazla ayr\u0131nt\u0131 almak i\u00e7in BOGONG ile ileti\u015fime ge\u00e7in.<\/p>\n\n\t\t<\/div>\n\t<\/div>\n<\/div><\/div><\/div><\/div>\n<\/div>","protected":false},"excerpt":{"rendered":"<h2>3D UV Lazer \u0130\u015faretleme Makinesi<\/h2>\n<p>A 3D UV laser marking machine use &#8230; <\/p>","protected":false},"featured_media":2130,"template":"","meta":[],"product_brand":[],"product_cat":[93,99],"product_tag":[125,102,124],"class_list":{"0":"post-2129","1":"product","2":"type-product","3":"status-publish","4":"has-post-thumbnail","6":"product_cat-laser-engraving-machine","7":"product_cat-uv-laser-marking-machine","8":"product_tag-3d-laser-marking-machine","9":"product_tag-laser-marking-machine","10":"product_tag-uv-laser-marking-machine","12":"first","13":"instock","14":"shipping-taxable","15":"product-type-simple"},"_links":{"self":[{"href":"https:\/\/www.lasercleaner.tech\/tr\/wp-json\/wp\/v2\/product\/2129","targetHints":{"allow":["GET"]}}],"collection":[{"href":"https:\/\/www.lasercleaner.tech\/tr\/wp-json\/wp\/v2\/product"}],"about":[{"href":"https:\/\/www.lasercleaner.tech\/tr\/wp-json\/wp\/v2\/types\/product"}],"wp:featuredmedia":[{"embeddable":true,"href":"https:\/\/www.lasercleaner.tech\/tr\/wp-json\/wp\/v2\/media\/2130"}],"wp:attachment":[{"href":"https:\/\/www.lasercleaner.tech\/tr\/wp-json\/wp\/v2\/media?parent=2129"}],"wp:term":[{"taxonomy":"product_brand","embeddable":true,"href":"https:\/\/www.lasercleaner.tech\/tr\/wp-json\/wp\/v2\/product_brand?post=2129"},{"taxonomy":"product_cat","embeddable":true,"href":"https:\/\/www.lasercleaner.tech\/tr\/wp-json\/wp\/v2\/product_cat?post=2129"},{"taxonomy":"product_tag","embeddable":true,"href":"https:\/\/www.lasercleaner.tech\/tr\/wp-json\/wp\/v2\/product_tag?post=2129"}],"curies":[{"name":"wp","href":"https:\/\/api.w.org\/{rel}","templated":true}]}}