{"id":2123,"date":"2024-12-05T23:00:35","date_gmt":"2024-12-05T15:00:35","guid":{"rendered":"https:\/\/bogonglaser.com\/?post_type=product&#038;p=2123"},"modified":"2024-12-09T13:24:58","modified_gmt":"2024-12-09T05:24:58","slug":"3d-uv-laser-marking-machine","status":"publish","type":"product","link":"https:\/\/www.lasercleaner.tech\/tr\/urun\/3d-uv-laser-marking-machine\/","title":{"rendered":"Cam Lazer Delme Makinesi | MOPA M8 Cam Lazer Kesim Makinesi"},"content":{"rendered":"<div class=\"wpb-content-wrapper\"><div class=\"vc_row wpb_row vc_row-fluid\"><div class=\"wpb_column vc_column_container vc_col-sm-12\"><div class=\"vc_column-inner\"><div class=\"wpb_wrapper\">\n\t<div class=\"wpb_text_column wpb_content_element\" >\n\t\t<div class=\"wpb_wrapper\">\n\t\t\t<h2>Cam Lazer Delme Makinesi Nedir?<\/h2>\n<p>Cam lazer delme makinesi, cam \u00fczerinde b\u00fcy\u00fck bir hassasiyetle kesim yapan y\u00fcksek teknolojili bir ara\u00e7t\u0131r. Cam\u0131 belirli alanlarda eritmek veya buharla\u015ft\u0131rmak i\u00e7in g\u00fc\u00e7l\u00fc bir \u0131\u015f\u0131k demeti kullan\u0131r, bu da ayr\u0131nt\u0131l\u0131 tasar\u0131mlar\u0131n ve desenlerin olu\u015fturulmas\u0131na olanak tan\u0131r. Bu makineler genellikle kalitenin \u00f6nemli oldu\u011fu in\u015faat, sanat ve imalat gibi alanlarda kullan\u0131l\u0131r. Daha az at\u0131k, daha h\u0131zl\u0131 \u00fcretim s\u00fcreleri ve hem kal\u0131n hem de ince cam par\u00e7alar\u0131yla kolay ve etkili bir \u015fekilde \u00e7al\u0131\u015fabilme gibi avantajlar\u0131 vard\u0131r.<\/p>\n<ul>\n<li>M8 lazer kayna\u011f\u0131<\/li>\n<li>3D kesim yaz\u0131l\u0131m\u0131<\/li>\n<li>Geni\u015f opsiyonel se\u00e7enekler<\/li>\n<li>2 y\u0131l garanti<\/li>\n<\/ul>\n\n\t\t<\/div>\n\t<\/div>\n<\/div><\/div><\/div><\/div><div class=\"vc_row wpb_row vc_row-fluid\"><div class=\"wpb_column vc_column_container vc_col-sm-12\"><div class=\"vc_column-inner\"><div class=\"wpb_wrapper\">\n\t<div  class=\"wpb_single_image wpb_content_element vc_align_left wpb_content_element\">\n\t\t\n\t\t<figure class=\"wpb_wrapper vc_figure\">\n\t\t\t<div class=\"vc_single_image-wrapper   vc_box_border_grey\"><img decoding=\"async\" width=\"800\" height=\"308\" src=\"data:image\/svg+xml,%3Csvg%20xmlns%3D&#39;http%3A%2F%2Fwww.w3.org%2F2000%2Fsvg&#39;%20width=&#39;800&#39;%20height=&#39;308&#39;%20viewBox%3D&#39;0%200%20800%20308&#39;%2F%3E\" data-czlz data-src=\"https:\/\/www.lasercleaner.tech\/wp-content\/uploads\/2024\/12\/glass-drilling-machine.jpg\" class=\"vc_single_image-img attachment-full\" alt=\"\" title=\"cam delme makinesi\" data-srcset=\"https:\/\/www.lasercleaner.tech\/wp-content\/uploads\/2024\/12\/glass-drilling-machine.jpg 800w, https:\/\/www.lasercleaner.tech\/wp-content\/uploads\/2024\/12\/glass-drilling-machine-300x116.jpg 300w, https:\/\/www.lasercleaner.tech\/wp-content\/uploads\/2024\/12\/glass-drilling-machine-768x296.jpg 768w, https:\/\/www.lasercleaner.tech\/wp-content\/uploads\/2024\/12\/glass-drilling-machine-600x231.jpg 600w\" data-sizes=\"(max-width: 800px) 100vw, 800px\" \/><\/div>\n\t\t<\/figure>\n\t<\/div>\n<\/div><\/div><\/div><\/div><div class=\"vc_row wpb_row vc_row-fluid\"><div class=\"wpb_column vc_column_container vc_col-sm-12\"><div class=\"vc_column-inner\"><div class=\"wpb_wrapper\">\n\t<div class=\"wpb_video_widget wpb_content_element vc_clearfix   vc_video-aspect-ratio-169 vc_video-el-width-80 vc_video-align-left\" >\n\t\t<div class=\"wpb_wrapper\">\n\t\t\t<h2 class=\"wpb_heading wpb_video_heading\">Cam Lazer Kesim Makinesi<\/h2>\n\t\t\t<div class=\"wpb_video_wrapper\"><iframe title=\"\u00c7in H\u0131zl\u0131 Cam Lazer Kesim Makinesi 100w 250w ile Cam Delme Kesimi i\u00e7in Fiber Lazer Kesici\" width=\"500\" height=\"281\" src=\"https:\/\/www.youtube.com\/embed\/Kmd0MQuJWxg?feature=oembed\" frameborder=\"0\" allow=\"accelerometer; autoplay; clipboard-write; encrypted-media; gyroscope; picture-in-picture; web-share\" referrerpolicy=\"strict-origin-when-cross-origin\" allowfullscreen><\/iframe><\/div>\n\t\t<\/div>\n\t<\/div>\n<\/div><\/div><\/div><\/div><div class=\"vc_row wpb_row vc_row-fluid\"><div class=\"wpb_column vc_column_container vc_col-sm-12\"><div class=\"vc_column-inner\"><div class=\"wpb_wrapper\">\n\t<div class=\"wpb_text_column wpb_content_element\" >\n\t\t<div class=\"wpb_wrapper\">\n\t\t\t<p>Lazerle cam kesmenin geleneksel cam kesme y\u00f6ntemlerinden fark\u0131 nedir? Bu iki s\u00fcre\u00e7 teknik, ekipman, verimlilik ve nihai sonu\u00e7lar a\u00e7\u0131s\u0131ndan \u00f6nemli farkl\u0131l\u0131klar g\u00f6sterir.<\/p>\n<p>Geleneksel Cam Kesimi<br \/>\nGeleneksel cam kesimi s\u00f6z konusu oldu\u011funda, end\u00fcstriyel \u00fcretimde kullan\u0131lan \u00fc\u00e7 ana y\u00f6ntem vard\u0131r: CNC ta\u015flama, su jetiyle kesme ve tekerlekle kesme.<\/p>\n<p>-Su Jeti Kesimi: Bu y\u00f6ntemde cam\u0131 kesmek i\u00e7in a\u015f\u0131nd\u0131r\u0131c\u0131 kumla kar\u0131\u015ft\u0131r\u0131lm\u0131\u015f y\u00fcksek bas\u0131n\u00e7l\u0131 su kullan\u0131l\u0131r. B\u00fcy\u00fck bir hassasiyetle kavisli \u015fekiller ve delikler olu\u015fturabilir, ancak \u00e7ok fazla su ve kum gerektirir, bu da pahal\u0131 olabilir ve ciddi bir \u00e7evresel etkiye sahip olabilir.<\/p>\n<p>- Tekerlek Kesimi: Tekerlekli kesim, cam \u00fczerinde \u00e7izgiler \u00e7izmek i\u00e7in bir b\u0131\u00e7ak tekerle\u011fi kullanmay\u0131 ve ard\u0131ndan bu \u00e7izgiler boyunca k\u0131rmak i\u00e7in bas\u0131n\u00e7 uygulamay\u0131 i\u00e7erir. Bu y\u00f6ntem uygun fiyatl\u0131 ve kullan\u0131m\u0131 kolay olsa da, genellikle tala\u015f ve p\u00fcr\u00fczl\u00fc kenarlar \u00fcretir ve \u00f6zellikle k\u00fc\u00e7\u00fck par\u00e7alar i\u00e7in do\u011fru kesimler elde etmeyi zorla\u015ft\u0131r\u0131r. G\u00fcvenlik de bu i\u015flem s\u0131ras\u0131nda \u00e7al\u0131\u015fanlar i\u00e7in b\u00fcy\u00fck bir endi\u015fe kayna\u011f\u0131d\u0131r.<\/p>\n<p>- CNC Ta\u015flama: Bu teknik, cam\u0131 \u015fekillendirmek ve konturlamak i\u00e7in cam\u0131 deler, ancak su so\u011futmal\u0131 bir matkap ve bir geri kazan\u0131m sistemi gerektirir. Matkap u\u00e7lar\u0131 \u00e7abuk a\u015f\u0131n\u0131r, bu da maliyetleri art\u0131rabilir ve \u00fcretimi yava\u015flatabilir.<\/p>\n<p>Lazer Cam Kesim Delme<br \/>\n\u00d6te yandan, lazer cam kesimi, g\u00fcn\u00fcm\u00fcz uygulamalar\u0131nda gerekli olan hassas ve zorlu standartlar\u0131 kar\u015f\u0131lama kabiliyeti nedeniyle giderek daha pop\u00fcler hale gelmektedir. Lazer kesim iki kategoriye ayr\u0131labilir: lazer cam kesimi ve lazer cam delme. Lazer kesim genellikle y\u00fcksek g\u00fc\u00e7le ultra k\u0131sa darbeler yayan pikosaniye lazerler kullan\u0131r, bu t\u00fcr makinelerin fiyat\u0131 \u00e7ok pahal\u0131d\u0131r. normal lazer makineleri delme i\u00e7in kullan\u0131labilirken, M8 Lazer kayna\u011f\u0131 kullan\u0131r, maliyet fiyat\u0131 pikosaniye lazerle kar\u015f\u0131la\u015ft\u0131r\u0131l\u0131r. Bir lazer kesim y\u00f6ntemi se\u00e7erken, \u00e7e\u015fitli uygulamalar\u0131 g\u00f6z \u00f6n\u00fcnde bulundurmak ve maliyet, verimlilik ve kaliteyi dengelemek \u00f6nemlidir.<\/p>\n\n\t\t<\/div>\n\t<\/div>\n<\/div><\/div><\/div><\/div><div class=\"vc_row wpb_row vc_row-fluid\"><div class=\"wpb_column vc_column_container vc_col-sm-12\"><div class=\"vc_column-inner\"><div class=\"wpb_wrapper\">\n\t<div class=\"wpb_video_widget wpb_content_element vc_clearfix   vc_video-aspect-ratio-169 vc_video-el-width-80 vc_video-align-left\" >\n\t\t<div class=\"wpb_wrapper\">\n\t\t\t<h2 class=\"wpb_heading wpb_video_heading\">Cam Lazer Delme Makinesi 150*150mm cam ile cam kesebilir mi?<\/h2>\n\t\t\t<div class=\"wpb_video_wrapper\"><iframe title=\"Cam Lazer Kesim Makinesi 150mm \u00c7ap\" width=\"500\" height=\"281\" src=\"https:\/\/www.youtube.com\/embed\/haVVNZkB5OU?feature=oembed\" frameborder=\"0\" allow=\"accelerometer; autoplay; clipboard-write; encrypted-media; gyroscope; picture-in-picture; web-share\" referrerpolicy=\"strict-origin-when-cross-origin\" allowfullscreen><\/iframe><\/div>\n\t\t<\/div>\n\t<\/div>\n<\/div><\/div><\/div><\/div><div class=\"vc_row wpb_row vc_row-fluid\"><div class=\"wpb_column vc_column_container vc_col-sm-12\"><div class=\"vc_column-inner\"><div class=\"wpb_wrapper\">\n\t<div class=\"wpb_text_column wpb_content_element\" >\n\t\t<div class=\"wpb_wrapper\">\n\t\t\t<p>Temperli Cam lazerle kesilebilir mi? Evet, ancak normal lazerler d\u00fczg\u00fcn bir \u015fekilde kesemedi\u011fi i\u00e7in pikosaniye lazer ad\u0131 verilen \u00f6zel bir lazer t\u00fcr\u00fcne ihtiyac\u0131n\u0131z vard\u0131r. MOPA lazerler gibi normal lazer makineleri, en yayg\u0131n kullan\u0131lan t\u00fcr olan soda-kire\u00e7 cam\u0131n\u0131 kesmek i\u00e7in iyidir. Asl\u0131nda, \u00fcretilen t\u00fcm camlar\u0131n yakla\u015f\u0131k 75%'si soda-kire\u00e7tir.<\/p>\n<p>Lazerle kesilebilen di\u011fer cam t\u00fcrleri aras\u0131nda borosilikat, kur\u015fun cam, al\u00fcminosilikat ve fiberglas bulunur. Genellikle dekorasyon i\u00e7in kullan\u0131lan vitray da lazerle kesilebilir, ancak kolayca k\u0131r\u0131labilir. Lazer kesim ayr\u0131ca sertle\u015ftirilmi\u015f cam, \u0131s\u0131yla g\u00fc\u00e7lendirilmi\u015f cam ve yans\u0131t\u0131c\u0131 cam i\u00e7in de uygundur.<\/p>\n\n\t\t<\/div>\n\t<\/div>\n<\/div><\/div><\/div><\/div><div class=\"vc_row wpb_row vc_row-fluid\"><div class=\"wpb_column vc_column_container vc_col-sm-12\"><div class=\"vc_column-inner\"><div class=\"wpb_wrapper\">\n\t<div class=\"wpb_text_column wpb_content_element\" >\n\t\t<div class=\"wpb_wrapper\">\n\t\t\t<p>Lazer Cam Kesimi i\u00e7in Avorable Ayarlar<\/p>\n<p>Lazer G\u00fcc\u00fc: Kulland\u0131\u011f\u0131n\u0131z lazerin g\u00fcc\u00fc, cam\u0131n kal\u0131nl\u0131\u011f\u0131na ve t\u00fcr\u00fcne ba\u011fl\u0131 olarak 30W ile 800W aras\u0131nda olmal\u0131d\u0131r. Bu aral\u0131k \u00f6nemlidir \u00e7\u00fcnk\u00fc cam, \u0131\u015f\u0131\u011f\u0131 uygun dalga boylar\u0131nda etkili bir \u015fekilde emer.<\/p>\n<p>Kesme H\u0131z\u0131: Cam\u0131 lazerle kesme h\u0131z\u0131n\u0131z kal\u0131nl\u0131\u011f\u0131ndan etkilenir. Genel olarak, lazerin g\u00fcc\u00fcn\u00fc art\u0131rarak daha h\u0131zl\u0131 kesim yapabilirsiniz. \u00d6rne\u011fin, 80W'l\u0131k bir lazer tipik olarak 0,10 in\u00e7 kal\u0131nl\u0131\u011f\u0131ndaki cam\u0131 dakikada yakla\u015f\u0131k 15 in\u00e7 h\u0131zla kesebilir.<\/p>\n<p>\u00c7al\u0131\u015fma Alan\u0131: Lazer kaz\u0131y\u0131c\u0131n\u0131n \u00e7al\u0131\u015fma alan\u0131n\u0131n boyutu bir di\u011fer \u00f6nemli fakt\u00f6rd\u00fcr. Kullanmay\u0131 planlad\u0131\u011f\u0131n\u0131z cam levhalar\u0131n boyutlar\u0131n\u0131 kar\u015f\u0131layabilecek bir lazer kesici se\u00e7meniz gerekecektir.<\/p>\n<p>Lensler: Camla \u00e7al\u0131\u015f\u0131rken ISO-10110 standartlar\u0131n\u0131 kar\u015f\u0131layan lensler kullanmak en iyisidir. Lazer \u0131\u015f\u0131n\u0131n\u0131n k\u00fc\u00e7\u00fck bir noktaya odaklanmas\u0131n\u0131 sa\u011flamak i\u00e7in derin bir odak noktas\u0131na sahip k\u0131sa odak uzakl\u0131\u011f\u0131na sahip bir lense ihtiyac\u0131n\u0131z olacakt\u0131r, bu da kal\u0131n camlar\u0131 kesmek i\u00e7in kritik \u00f6neme sahiptir. Etkili cam kesimi i\u00e7in \u00f6nerilen bir lens 2 in\u00e7 odak uzakl\u0131\u011f\u0131na, 0,03 in\u00e7 alan derinli\u011fine ve 0,001 in\u00e7 spot boyutuna sahip olmal\u0131d\u0131r.<\/p>\n<p>Havaland\u0131rma Sistemi: Lazerle cam kesimi tipik olarak g\u00f6r\u00fcn\u00fcr toz veya gaz \u00fcretmese de, yine de iyi bir havaland\u0131rma sistemine sahip olmak \u00e7ok \u00f6nemlidir. \u00c7\u0131kan dumanlar, kullan\u0131lan malzemelere ba\u011fl\u0131 olarak toksisite a\u00e7\u0131s\u0131ndan de\u011fi\u015fiklik g\u00f6sterebilir, \u00f6zellikle de kesildi\u011finde koyu renkli g\u00f6r\u00fcn\u00fcr buharlar \u00fcretebilen vitraylarda. Sa\u011flam bir havaland\u0131rma sistemi, bu dumanlar\u0131n h\u0131zla giderilmesine yard\u0131mc\u0131 olabilir ve makine par\u00e7alar\u0131nda korozyon veya lekelenme riskini en aza indirebilir.<\/p>\n\n\t\t<\/div>\n\t<\/div>\n<\/div><\/div><\/div><\/div><div class=\"vc_row wpb_row vc_row-fluid\"><div class=\"wpb_column vc_column_container vc_col-sm-12\"><div class=\"vc_column-inner\"><div class=\"wpb_wrapper\">\n\t<div class=\"wpb_text_column wpb_content_element\" >\n\t\t<div class=\"wpb_wrapper\">\n\t\t\t<p>Cam i\u00e7in lazer kesim makineleri, do\u011fal olarak i\u015flenmi\u015f ve son derece p\u00fcr\u00fczs\u00fcz kenarlar \u00fcretmek de dahil olmak \u00fczere \u00e7e\u015fitli avantajlar sunar. Geleneksel cam kesme y\u00f6ntemlerinin aksine, lazer kesim y\u00fcksek k\u0131r\u0131lma mukavemeti sa\u011flar ve minimum bak\u0131m gerektirir.<\/p>\n<p>Lazer kesimde kullan\u0131lan otomatik, bilgisayar destekli s\u00fcre\u00e7ler h\u0131zl\u0131 ve uygun maliyetli sonu\u00e7lar elde edilmesini sa\u011flar. Lazerler farkl\u0131 kal\u0131nl\u0131klardaki camlar\u0131 neredeyse her \u015fekle sokabilir, bu da bu y\u00f6ntemi h\u0131z\u0131, temizli\u011fi, do\u011frulu\u011fu ve \u00f6zelle\u015ftirme se\u00e7enekleri nedeniyle farkl\u0131 sekt\u00f6rlerdeki bir\u00e7ok \u015firket i\u00e7in tercih edilen bir se\u00e7enek haline getirir.<\/p>\n<p>End\u00fcstriyel lazer kesiciler, \u00e7e\u015fitli \u015fekiller olu\u015fturmada b\u00fcy\u00fck esneklik sunarken, karma\u015f\u0131k ayr\u0131nt\u0131lar\u0131 ola\u011fan\u00fcst\u00fc bir hassasiyetle sunar. Bu lazer kesim tekni\u011fi ayr\u0131ca malzeme israf\u0131n\u0131 en aza indirerek genel maliyetleri d\u00fc\u015f\u00fcrmeye yard\u0131mc\u0131 olur.<\/p>\n\n\t\t<\/div>\n\t<\/div>\n<\/div><\/div><\/div><\/div><div class=\"vc_row wpb_row vc_row-fluid\"><div class=\"wpb_column vc_column_container vc_col-sm-12\"><div class=\"vc_column-inner\"><div class=\"wpb_wrapper\">\n\t<div class=\"wpb_text_column wpb_content_element\" >\n\t\t<div class=\"wpb_wrapper\">\n\t\t\t<p>BOGONG youtube kanal\u0131ndan daha fazla m\u00fc\u015fteri geri bildirimi bulabilirsiniz.<\/p>\n\n\t\t<\/div>\n\t<\/div>\n<\/div><\/div><\/div><\/div><div class=\"vc_row wpb_row vc_row-fluid\"><div class=\"wpb_column vc_column_container vc_col-sm-12\"><div class=\"vc_column-inner\"><div class=\"wpb_wrapper\">\n\t<div class=\"wpb_text_column wpb_content_element\" >\n\t\t<div class=\"wpb_wrapper\">\n\t\t\t<p>\u00d6deme Ko\u015fullar\u0131<\/p>\n<p>1. Depozito ve Bakiye: Sevkiyattan \u00f6nce \u00f6denmesi gereken bakiye ile \u00f6nceden bir 30% T \/ T depozitosu gereklidir.<\/p>\n<p>2. Alibaba Ticaret G\u00fcvencesi: \u00d6demeler Alibaba Ticaret G\u00fcvencesi arac\u0131l\u0131\u011f\u0131yla ger\u00e7ekle\u015ftirilebilir.<\/p>\n<p>Cam Lazer Kesim Makinesi i\u00e7in SSS<\/p>\n<p>Cam lazer delme makinesi i\u00e7in Ambalaj Nedir?<br \/>\nMakinelerimiz \u00fc\u00e7 katmanl\u0131 bir d\u00fczende paketlenir. D\u0131\u015f katman ah\u015fap bir kasadan olu\u015fur, orta katmanda sars\u0131nt\u0131ya kar\u015f\u0131 koruma sa\u011flamak i\u00e7in k\u00f6p\u00fck dolgu bulunur ve i\u00e7 katman su ge\u00e7irmezlik i\u00e7in kal\u0131n bir plastik torba i\u00e7erir.<\/p>\n<p>Paket Ta\u015f\u0131ma S\u0131ras\u0131nda Zarar G\u00f6recek mi?<br \/>\nAmbalajlar\u0131m\u0131z\u0131 t\u00fcm olas\u0131 hasar fakt\u00f6rlerini ele alacak \u015fekilde titizlikle tasarl\u0131yoruz ve nakliye acentelerimiz g\u00fcvenli ta\u015f\u0131mac\u0131l\u0131k konusunda deneyimlidir. Ba\u015far\u0131l\u0131 bir \u015fekilde 180 \u00fclkeye ihracat yapt\u0131k, bu nedenle paketinizin m\u00fckemmel durumda ula\u015faca\u011f\u0131ndan emin olabilirsiniz.<\/p>\n\n\t\t<\/div>\n\t<\/div>\n<\/div><\/div><\/div><\/div><div class=\"vc_row wpb_row vc_row-fluid\"><div class=\"wpb_column vc_column_container vc_col-sm-12\"><div class=\"vc_column-inner\"><div class=\"wpb_wrapper\">\n\t<div  class=\"wpb_single_image wpb_content_element vc_align_left wpb_content_element\">\n\t\t\n\t\t<figure class=\"wpb_wrapper vc_figure\">\n\t\t\t<div class=\"vc_single_image-wrapper   vc_box_border_grey\"><img decoding=\"async\" width=\"800\" height=\"600\" src=\"data:image\/svg+xml,%3Csvg%20xmlns%3D&#39;http%3A%2F%2Fwww.w3.org%2F2000%2Fsvg&#39;%20width=&#39;800&#39;%20height=&#39;600&#39;%20viewBox%3D&#39;0%200%20800%20600&#39;%2F%3E\" data-czlz data-src=\"https:\/\/www.lasercleaner.tech\/wp-content\/uploads\/2024\/12\/m8\u6253\u6807\u673a\u5de5\u5382\u7167\u7247-2.png\" class=\"vc_single_image-img attachment-full\" alt=\"\" title=\"m8\u6253\u6807\u673a\u5de5\u5382\u7167\u7247 (2)\" data-srcset=\"https:\/\/www.lasercleaner.tech\/wp-content\/uploads\/2024\/12\/m8\u6253\u6807\u673a\u5de5\u5382\u7167\u7247-2.png 800w, https:\/\/www.lasercleaner.tech\/wp-content\/uploads\/2024\/12\/m8\u6253\u6807\u673a\u5de5\u5382\u7167\u7247-2-300x225.png 300w, https:\/\/www.lasercleaner.tech\/wp-content\/uploads\/2024\/12\/m8\u6253\u6807\u673a\u5de5\u5382\u7167\u7247-2-768x576.png 768w, https:\/\/www.lasercleaner.tech\/wp-content\/uploads\/2024\/12\/m8\u6253\u6807\u673a\u5de5\u5382\u7167\u7247-2-600x450.png 600w\" data-sizes=\"(max-width: 800px) 100vw, 800px\" \/><\/div>\n\t\t<\/figure>\n\t<\/div>\n<\/div><\/div><\/div><\/div><div class=\"vc_row wpb_row vc_row-fluid\"><div class=\"wpb_column vc_column_container vc_col-sm-12\"><div class=\"vc_column-inner\"><div class=\"wpb_wrapper\">\n\t<div class=\"wpb_text_column wpb_content_element\" >\n\t\t<div class=\"wpb_wrapper\">\n\t\t\t<p>M\u00fc\u015fterilerin \u00e7o\u011fu UPS \/ DHL express ile ta\u015f\u0131may\u0131 se\u00e7meyi sever, yakla\u015f\u0131k 5-7 g\u00fcn var\u0131\u015f noktas\u0131na ula\u015fabilir, uv lazer markalama makinesi hakk\u0131nda daha fazla ayr\u0131nt\u0131 almak i\u00e7in BOGONG ile ileti\u015fime ge\u00e7in.<\/p>\n\n\t\t<\/div>\n\t<\/div>\n<\/div><\/div><\/div><\/div>\n<\/div>","protected":false},"excerpt":{"rendered":"<p>Cam Lazer Kesim Makinesi<\/p>\n<p>Laser is a fantastic choice if you&#8217;re looking &#8230; <\/p>","protected":false},"featured_media":2143,"template":"","meta":[],"product_brand":[],"product_cat":[97,93,96],"product_tag":[102],"class_list":{"0":"post-2123","1":"product","2":"type-product","3":"status-publish","4":"has-post-thumbnail","6":"product_cat-fiber-laser-marker","7":"product_cat-laser-engraving-machine","8":"product_cat-laser-marking-machine","9":"product_tag-laser-marking-machine","11":"first","12":"instock","13":"shipping-taxable","14":"product-type-simple"},"_links":{"self":[{"href":"https:\/\/www.lasercleaner.tech\/tr\/wp-json\/wp\/v2\/product\/2123","targetHints":{"allow":["GET"]}}],"collection":[{"href":"https:\/\/www.lasercleaner.tech\/tr\/wp-json\/wp\/v2\/product"}],"about":[{"href":"https:\/\/www.lasercleaner.tech\/tr\/wp-json\/wp\/v2\/types\/product"}],"wp:featuredmedia":[{"embeddable":true,"href":"https:\/\/www.lasercleaner.tech\/tr\/wp-json\/wp\/v2\/media\/2143"}],"wp:attachment":[{"href":"https:\/\/www.lasercleaner.tech\/tr\/wp-json\/wp\/v2\/media?parent=2123"}],"wp:term":[{"taxonomy":"product_brand","embeddable":true,"href":"https:\/\/www.lasercleaner.tech\/tr\/wp-json\/wp\/v2\/product_brand?post=2123"},{"taxonomy":"product_cat","embeddable":true,"href":"https:\/\/www.lasercleaner.tech\/tr\/wp-json\/wp\/v2\/product_cat?post=2123"},{"taxonomy":"product_tag","embeddable":true,"href":"https:\/\/www.lasercleaner.tech\/tr\/wp-json\/wp\/v2\/product_tag?post=2123"}],"curies":[{"name":"wp","href":"https:\/\/api.w.org\/{rel}","templated":true}]}}