{"id":2119,"date":"2024-12-04T17:25:33","date_gmt":"2024-12-04T09:25:33","guid":{"rendered":"https:\/\/bogonglaser.com\/?post_type=product&#038;p=2119"},"modified":"2025-02-13T15:27:03","modified_gmt":"2025-02-13T07:27:03","slug":"30w-fiber-laser-marking-machine","status":"publish","type":"product","link":"https:\/\/www.lasercleaner.tech\/tr\/urun\/30w-fiber-laser-marking-machine\/","title":{"rendered":"30W Fiber Lazer \u0130\u015faretleme Makinesi"},"content":{"rendered":"<div class=\"wpb-content-wrapper\"><div class=\"vc_row wpb_row vc_row-fluid\"><div class=\"wpb_column vc_column_container vc_col-sm-12\"><div class=\"vc_column-inner\"><div class=\"wpb_wrapper\">\n\t<div class=\"wpb_text_column wpb_content_element\" >\n\t\t<div class=\"wpb_wrapper\">\n\t\t\t<p>Introducing the 30W Fiber Laser Marking Machine, a compact and versatile all-in-one fiber laser marker designed for both power and adaptability. Whether you want to engrave logos, barcodes, serial numbers, or intricate designs, this machine delivers exceptional results for a wide range of applications.<\/p>\n<p>Despite its compact size, this all-in-one model delivers impressive performance, making it perfect for tight spaces and smaller marking projects. Its lightweight and portable design ensures easy handling, allowing for precise and accurate markings every time, all while operating at high speeds with outstanding efficiency.<\/p>\n<p>This machine is an excellent choice for small businesses, workshops, and DIY enthusiasts looking for a reliable marking solution that doesn\u2019t sacrifice performance due to limited space. If you&#8217;re in need of an efficient fiber laser marker that seamlessly fits into your workspace, this is the perfect option for you.<\/p>\n\n\t\t<\/div>\n\t<\/div>\n<\/div><\/div><\/div><\/div><div class=\"vc_row wpb_row vc_row-fluid\"><div class=\"wpb_column vc_column_container vc_col-sm-12\"><div class=\"vc_column-inner\"><div class=\"wpb_wrapper\">\n\t<div  class=\"wpb_single_image wpb_content_element vc_align_left wpb_content_element\">\n\t\t\n\t\t<figure class=\"wpb_wrapper vc_figure\">\n\t\t\t<div class=\"vc_single_image-wrapper   vc_box_border_grey\"><img decoding=\"async\" width=\"1000\" height=\"1000\" src=\"data:image\/svg+xml,%3Csvg%20xmlns%3D&#39;http%3A%2F%2Fwww.w3.org%2F2000%2Fsvg&#39;%20width=&#39;1000&#39;%20height=&#39;1000&#39;%20viewBox%3D&#39;0%200%201000%201000&#39;%2F%3E\" data-czlz data-src=\"https:\/\/www.lasercleaner.tech\/wp-content\/uploads\/2024\/11\/\u5fae\u4fe1\u56fe\u7247_20241125113821.jpg\" class=\"vc_single_image-img attachment-full\" alt=\"all in one laser marking machine for metal\" title=\"\u5fae\u4fe1\u56fe\u7247_20241125113821\" data-srcset=\"https:\/\/www.lasercleaner.tech\/wp-content\/uploads\/2024\/11\/\u5fae\u4fe1\u56fe\u7247_20241125113821.jpg 1000w, https:\/\/www.lasercleaner.tech\/wp-content\/uploads\/2024\/11\/\u5fae\u4fe1\u56fe\u7247_20241125113821-300x300.jpg 300w, https:\/\/www.lasercleaner.tech\/wp-content\/uploads\/2024\/11\/\u5fae\u4fe1\u56fe\u7247_20241125113821-150x150.jpg 150w, https:\/\/www.lasercleaner.tech\/wp-content\/uploads\/2024\/11\/\u5fae\u4fe1\u56fe\u7247_20241125113821-768x768.jpg 768w, https:\/\/www.lasercleaner.tech\/wp-content\/uploads\/2024\/11\/\u5fae\u4fe1\u56fe\u7247_20241125113821-600x600.jpg 600w, https:\/\/www.lasercleaner.tech\/wp-content\/uploads\/2024\/11\/\u5fae\u4fe1\u56fe\u7247_20241125113821-100x100.jpg 100w\" data-sizes=\"(max-width: 1000px) 100vw, 1000px\" \/><\/div>\n\t\t<\/figure>\n\t<\/div>\n<\/div><\/div><\/div><\/div><div class=\"vc_row wpb_row vc_row-fluid\"><div class=\"wpb_column vc_column_container vc_col-sm-12\"><div class=\"vc_column-inner\"><div class=\"wpb_wrapper\">\n\t<div class=\"wpb_text_column wpb_content_element\" >\n\t\t<div class=\"wpb_wrapper\">\n\t\t\t<p>\u0130\u015fte Fiber Lazer Markalama Makinesinin temel \u00f6zellikleri:<\/p>\n<p>1. Fiber Laser Source: 30w fiber laser source, also you can choose bigger power like 50 or small power 20w in this cabinet. high-quality fiber laser sources from reputable brands like JPT, Raycus, or IPG. You&#8217;ll enjoy excellent laser beam clarity and a long lifespan of up to 100,000 hours.<\/p>\n<p>2. Digital Galvanometer Scanner System: This machine is equipped with a high-speed imported laser scanner system, capable of achieving marking speeds of up to 8,000 mm\/s, ensuring efficient operation.<\/p>\n<p>3. PC Display Holder: The adjustable Z-axis extends up to 700 mm, making it perfect for marking on thicker or taller materials.<\/p>\n<p>4. Control Switch: The user-friendly control panel features an emergency stop, key switch, and power switch, making it easy to operate and identify controls.<\/p>\n<p>5. Lifting System: The machine includes a hand wheel for convenient adjustment of the laser focus distance, streamlining the operation process.<\/p>\n<p>6. Red Light Pointer: This useful feature highlights the marking area before the actual laser marking starts, enhancing precision and accuracy.<\/p>\n<p>7. Laser Marking Software: The EZCAD marking software is packed with powerful editing tools, enabling you to create QR codes, serial numbers, and various logos. It supports DXF and PLT file formats and comes with a detailed English user manual to guide you every step of the way.<\/p>\n<p>8. F-theta Scan Lens: Equipped with a high-quality Singapore Ronar-Smith F-theta lens, this machine ensures that the image field height is almost proportional to the scan angle. It maintains less than 1% linearity distortion without requiring software correction, resulting in minimal distortion and crisp, clear results. The lens also features high-transmissive AR coatings to reduce power loss and maximize throughput.<\/p>\n<p>With these advanced features, the Fiber Laser Marking Machine is engineered for precision, efficiency, and ease of use.<\/p>\n\n\t\t<\/div>\n\t<\/div>\n<\/div><\/div><\/div><\/div><div class=\"vc_row wpb_row vc_row-fluid\"><div class=\"wpb_column vc_column_container vc_col-sm-12\"><div class=\"vc_column-inner\"><div class=\"wpb_wrapper\">\n\t<div class=\"wpb_video_widget wpb_content_element vc_clearfix   vc_video-aspect-ratio-169 vc_video-el-width-80 vc_video-align-left\" >\n\t\t<div class=\"wpb_wrapper\">\n\t\t\t<h2 class=\"wpb_heading wpb_video_heading\">BOGONG Hepsi Bir Arada Lazer \u0130\u015faretleme Makinesi G\u00f6sterisi<\/h2>\n\t\t\t<div class=\"wpb_video_wrapper\"><iframe title=\"Sat\u0131l\u0131k K\u00fc\u00e7\u00fck Hepsi Bir Arada Lazer \u0130\u015faretleme Makinesi\" width=\"500\" height=\"281\" src=\"https:\/\/www.youtube.com\/embed\/znNbIXDhuHE?feature=oembed\" frameborder=\"0\" allow=\"accelerometer; autoplay; clipboard-write; encrypted-media; gyroscope; picture-in-picture; web-share\" referrerpolicy=\"strict-origin-when-cross-origin\" allowfullscreen><\/iframe><\/div>\n\t\t<\/div>\n\t<\/div>\n<\/div><\/div><\/div><\/div><div class=\"vc_row wpb_row vc_row-fluid\"><div class=\"wpb_column vc_column_container vc_col-sm-12\"><div class=\"vc_column-inner\"><div class=\"wpb_wrapper\">\n\t<div class=\"wpb_text_column wpb_content_element\" >\n\t\t<div class=\"wpb_wrapper\">\n\t\t\t<p>Application: All-In-One Laser Marking Machine for Metal, Plastic, and More.<\/p>\n<p>Lazer markalama makinelerimiz metal, plastik ve daha fazlas\u0131 gibi \u00e7e\u015fitli malzemelerin markalanmas\u0131 i\u00e7in \u00e7ok y\u00f6nl\u00fc ve verimli bir \u00e7\u00f6z\u00fcm sunar. \u0130ster logolar\u0131, seri numaralar\u0131n\u0131 ister karma\u015f\u0131k tasar\u0131mlar\u0131 kaz\u0131man\u0131z gereksin, uyarlanabilir lazerimiz \u00e7ok say\u0131da uygulaman\u0131n \u00fcstesinden gelebilir, farkl\u0131 y\u00fczeylerde tutarl\u0131 kalite sa\u011flarken \u00fcretkenli\u011fi art\u0131r\u0131r.<\/p>\n\n\t\t<\/div>\n\t<\/div>\n<\/div><\/div><\/div><\/div><div class=\"vc_row wpb_row vc_row-fluid\"><div class=\"wpb_column vc_column_container vc_col-sm-12\"><div class=\"vc_column-inner\"><div class=\"wpb_wrapper\">\n\t<div class=\"wpb_video_widget wpb_content_element vc_clearfix   vc_video-aspect-ratio-169 vc_video-el-width-80 vc_video-align-left\" >\n\t\t<div class=\"wpb_wrapper\">\n\t\t\t<h2 class=\"wpb_heading wpb_video_heading\">Hepsi bir arada lazer i\u015faretleyiciyi tan\u0131t\u0131n<\/h2>\n\t\t\t<div class=\"wpb_video_wrapper\"><iframe title=\"K\u00fc\u00e7\u00fck Hepsi Bir Arada Fiber Lazer \u0130\u015faretleme Makinesi | 20W 30W Metal Plastik Lazer \u0130\u015faretleyici Yaz\u0131c\u0131 Grav\u00fcrc\u00fc\" width=\"500\" height=\"281\" src=\"https:\/\/www.youtube.com\/embed\/1gUXk1ygblo?feature=oembed\" frameborder=\"0\" allow=\"accelerometer; autoplay; clipboard-write; encrypted-media; gyroscope; picture-in-picture; web-share\" referrerpolicy=\"strict-origin-when-cross-origin\" allowfullscreen><\/iframe><\/div>\n\t\t<\/div>\n\t<\/div>\n<\/div><\/div><\/div><\/div><div class=\"vc_row wpb_row vc_row-fluid\"><div class=\"wpb_column vc_column_container vc_col-sm-12\"><div class=\"vc_column-inner\"><div class=\"wpb_wrapper\">\n\t<div class=\"wpb_text_column wpb_content_element\" >\n\t\t<div class=\"wpb_wrapper\">\n\t\t\t<h2>Sizin i\u00e7in ne yapabiliriz?<\/h2>\n<ul>\n<li><span class=\"magic-19\"><b class=\"magic-19\"><span class=\"magic-18\">\u00dccretsiz test \u00f6rnekleri -<\/span><\/b><span class=\"magic-20\" data-spm-anchor-id=\"a2700.details.0.i41.41d82402R4aegi\">\u00dcr\u00fcn malzemenize g\u00f6re \u00fccretsiz markalama efekti testleri ger\u00e7ekle\u015ftirebiliriz<\/span><\/span><\/li>\n<li><span class=\"magic-19\"><b class=\"magic-19\"><span class=\"magic-18\">Video Canl\u0131-<\/span><\/b><span class=\"magic-20\">Makinenin \u00fcretim s\u00fcrecini ve \u00e7al\u0131\u015fmas\u0131n\u0131 \u00e7evrimi\u00e7i videoda izlemek i\u00e7in sat\u0131\u015f dan\u0131\u015fmanlar\u0131m\u0131zla ba\u011flant\u0131 kurabilirsiniz.<\/span><\/span><\/li>\n<li><span class=\"magic-19\"><b class=\"magic-19\"><span class=\"magic-18\">\u00d6zelle\u015ftirilmi\u015f \/OEM-<\/span><\/b><span class=\"magic-20\" data-spm-anchor-id=\"a2700.details.0.i40.41d82402R4aegi\">\u0130stek \u00fczerine \u00f6zelle\u015ftirilmi\u015f makineler \uff0c Bize ula\u015f\u0131n<\/span><\/span><\/li>\n<\/ul>\n\n\t\t<\/div>\n\t<\/div>\n<\/div><\/div><\/div><\/div><div class=\"vc_row wpb_row vc_row-fluid\"><div class=\"wpb_column vc_column_container vc_col-sm-12\"><div class=\"vc_column-inner\"><div class=\"wpb_wrapper\">\n\t<div  class=\"wpb_single_image wpb_content_element vc_align_left wpb_content_element\">\n\t\t\n\t\t<figure class=\"wpb_wrapper vc_figure\">\n\t\t\t<div class=\"vc_single_image-wrapper   vc_box_border_grey\"><img decoding=\"async\" width=\"800\" height=\"600\" src=\"data:image\/svg+xml,%3Csvg%20xmlns%3D&#39;http%3A%2F%2Fwww.w3.org%2F2000%2Fsvg&#39;%20width=&#39;800&#39;%20height=&#39;600&#39;%20viewBox%3D&#39;0%200%20800%20600&#39;%2F%3E\" data-czlz data-src=\"https:\/\/www.lasercleaner.tech\/wp-content\/uploads\/2024\/11\/2d\u8ff7\u4f60\u4e00\u4f53\u673a\u5de5\u5382\u5b9e\u62cd2-1.png\" class=\"vc_single_image-img attachment-full\" alt=\"20W laser marking machine\" title=\"2d\u8ff7\u4f60\u4e00\u4f53\u673a\u5de5\u5382\u5b9e\u62cd2 (1)\" data-srcset=\"https:\/\/www.lasercleaner.tech\/wp-content\/uploads\/2024\/11\/2d\u8ff7\u4f60\u4e00\u4f53\u673a\u5de5\u5382\u5b9e\u62cd2-1.png 800w, https:\/\/www.lasercleaner.tech\/wp-content\/uploads\/2024\/11\/2d\u8ff7\u4f60\u4e00\u4f53\u673a\u5de5\u5382\u5b9e\u62cd2-1-300x225.png 300w, https:\/\/www.lasercleaner.tech\/wp-content\/uploads\/2024\/11\/2d\u8ff7\u4f60\u4e00\u4f53\u673a\u5de5\u5382\u5b9e\u62cd2-1-768x576.png 768w, https:\/\/www.lasercleaner.tech\/wp-content\/uploads\/2024\/11\/2d\u8ff7\u4f60\u4e00\u4f53\u673a\u5de5\u5382\u5b9e\u62cd2-1-600x450.png 600w\" data-sizes=\"(max-width: 800px) 100vw, 800px\" \/><\/div>\n\t\t<\/figure>\n\t<\/div>\n<\/div><\/div><\/div><\/div><div class=\"vc_row wpb_row vc_row-fluid\"><div class=\"wpb_column vc_column_container vc_col-sm-12\"><div class=\"vc_column-inner\"><div class=\"wpb_wrapper\">\n\t<div class=\"wpb_text_column wpb_content_element\" >\n\t\t<div class=\"wpb_wrapper\">\n\t\t\t<p>\u00d6deme Ko\u015fullar\u0131<\/p>\n<p>1. Depozito ve Bakiye: Sevkiyattan \u00f6nce \u00f6denmesi gereken bakiye ile \u00f6nceden bir 30% T \/ T depozitosu gereklidir.<\/p>\n<p>2. Alibaba Ticaret G\u00fcvencesi: \u00d6demeler Alibaba Ticaret G\u00fcvencesi arac\u0131l\u0131\u011f\u0131yla ger\u00e7ekle\u015ftirilebilir.<\/p>\n<p>FAQs for the 30W Fiber Laser Marking Machine<\/p>\n<p>Fiber Lazer Markalama Makinesi i\u00e7in Ambalaj Nedir?<br \/>\nMakinelerimiz \u00fc\u00e7 katmanl\u0131 bir d\u00fczende paketlenir. D\u0131\u015f katman ah\u015fap bir kasadan olu\u015fur, orta katmanda sars\u0131nt\u0131ya kar\u015f\u0131 koruma sa\u011flamak i\u00e7in k\u00f6p\u00fck dolgu bulunur ve i\u00e7 katman su ge\u00e7irmezlik i\u00e7in kal\u0131n bir plastik torba i\u00e7erir.<\/p>\n<p>Paket Ta\u015f\u0131ma S\u0131ras\u0131nda Zarar G\u00f6recek mi?<br \/>\nAmbalajlar\u0131m\u0131z\u0131 t\u00fcm olas\u0131 hasar fakt\u00f6rlerini ele alacak \u015fekilde titizlikle tasarl\u0131yoruz ve nakliye acentelerimiz g\u00fcvenli ta\u015f\u0131mac\u0131l\u0131k konusunda deneyimlidir. Ba\u015far\u0131l\u0131 bir \u015fekilde 180 \u00fclkeye ihracat yapt\u0131k, bu nedenle paketinizin m\u00fckemmel durumda ula\u015faca\u011f\u0131ndan emin olabilirsiniz.<\/p>\n\n\t\t<\/div>\n\t<\/div>\n<\/div><\/div><\/div><\/div><div class=\"vc_row wpb_row vc_row-fluid\"><div class=\"wpb_column vc_column_container vc_col-sm-12\"><div class=\"vc_column-inner\"><div class=\"wpb_wrapper\">\n\t<div class=\"wpb_text_column wpb_content_element\" >\n\t\t<div class=\"wpb_wrapper\">\n\t\t\t<p>BOGONG youtube kanal\u0131ndan daha fazla m\u00fc\u015fteri geri bildirimi bulabilirsiniz.<\/p>\n\n\t\t<\/div>\n\t<\/div>\n<\/div><\/div><\/div><\/div><div class=\"vc_row wpb_row vc_row-fluid\"><div class=\"wpb_column vc_column_container vc_col-sm-12\"><div class=\"vc_column-inner\"><div class=\"wpb_wrapper\">\n\t<div  class=\"wpb_single_image wpb_content_element vc_align_left wpb_content_element\">\n\t\t\n\t\t<figure class=\"wpb_wrapper vc_figure\">\n\t\t\t<div class=\"vc_single_image-wrapper   vc_box_border_grey\"><img decoding=\"async\" width=\"800\" height=\"600\" src=\"data:image\/svg+xml,%3Csvg%20xmlns%3D&#39;http%3A%2F%2Fwww.w3.org%2F2000%2Fsvg&#39;%20width=&#39;800&#39;%20height=&#39;600&#39;%20viewBox%3D&#39;0%200%20800%20600&#39;%2F%3E\" data-czlz data-src=\"https:\/\/www.lasercleaner.tech\/wp-content\/uploads\/2024\/11\/2d\u8ff7\u4f60\u4e00\u4f53\u673a\u5de5\u5382\u7167\u72471-1.png\" class=\"vc_single_image-img attachment-full\" alt=\"laser marking machine\" title=\"2d\u8ff7\u4f60\u4e00\u4f53\u673a\u5de5\u5382\u7167\u72471 (1)\" data-srcset=\"https:\/\/www.lasercleaner.tech\/wp-content\/uploads\/2024\/11\/2d\u8ff7\u4f60\u4e00\u4f53\u673a\u5de5\u5382\u7167\u72471-1.png 800w, https:\/\/www.lasercleaner.tech\/wp-content\/uploads\/2024\/11\/2d\u8ff7\u4f60\u4e00\u4f53\u673a\u5de5\u5382\u7167\u72471-1-300x225.png 300w, https:\/\/www.lasercleaner.tech\/wp-content\/uploads\/2024\/11\/2d\u8ff7\u4f60\u4e00\u4f53\u673a\u5de5\u5382\u7167\u72471-1-768x576.png 768w, https:\/\/www.lasercleaner.tech\/wp-content\/uploads\/2024\/11\/2d\u8ff7\u4f60\u4e00\u4f53\u673a\u5de5\u5382\u7167\u72471-1-600x450.png 600w\" data-sizes=\"(max-width: 800px) 100vw, 800px\" \/><\/div>\n\t\t<\/figure>\n\t<\/div>\n<\/div><\/div><\/div><\/div><div class=\"vc_row wpb_row vc_row-fluid\"><div class=\"wpb_column vc_column_container vc_col-sm-12\"><div class=\"vc_column-inner\"><div class=\"wpb_wrapper\">\n\t<div class=\"wpb_text_column wpb_content_element\" >\n\t\t<div class=\"wpb_wrapper\">\n\t\t\t<p>M\u00fc\u015fterilerin \u00e7o\u011fu UPS \/ DHL express ile ta\u015f\u0131may\u0131 se\u00e7meyi sever, yakla\u015f\u0131k 5-7 g\u00fcn var\u0131\u015f noktas\u0131na ula\u015fabilir, fiber lazer markalama Makinesi hakk\u0131nda daha fazla ayr\u0131nt\u0131 almak i\u00e7in BOGONG ile ileti\u015fime ge\u00e7in<\/p>\n\n\t\t<\/div>\n\t<\/div>\n<\/div><\/div><\/div><\/div>\n<\/div>","protected":false},"excerpt":{"rendered":"<h2>30W Fiber Lazer \u0130\u015faretleme Makinesi<\/h2>\n<p>BOGONG 30W laser marking machine addopt 30W &#8230; <\/p>","protected":false},"featured_media":1966,"template":"","meta":[],"product_brand":[],"product_cat":[97,93],"product_tag":[104,102],"class_list":{"0":"post-2119","1":"product","2":"type-product","3":"status-publish","4":"has-post-thumbnail","6":"product_cat-fiber-laser-marker","7":"product_cat-laser-engraving-machine","8":"product_tag-laser-marker","9":"product_tag-laser-marking-machine","11":"first","12":"instock","13":"shipping-taxable","14":"product-type-simple"},"_links":{"self":[{"href":"https:\/\/www.lasercleaner.tech\/tr\/wp-json\/wp\/v2\/product\/2119","targetHints":{"allow":["GET"]}}],"collection":[{"href":"https:\/\/www.lasercleaner.tech\/tr\/wp-json\/wp\/v2\/product"}],"about":[{"href":"https:\/\/www.lasercleaner.tech\/tr\/wp-json\/wp\/v2\/types\/product"}],"wp:featuredmedia":[{"embeddable":true,"href":"https:\/\/www.lasercleaner.tech\/tr\/wp-json\/wp\/v2\/media\/1966"}],"wp:attachment":[{"href":"https:\/\/www.lasercleaner.tech\/tr\/wp-json\/wp\/v2\/media?parent=2119"}],"wp:term":[{"taxonomy":"product_brand","embeddable":true,"href":"https:\/\/www.lasercleaner.tech\/tr\/wp-json\/wp\/v2\/product_brand?post=2119"},{"taxonomy":"product_cat","embeddable":true,"href":"https:\/\/www.lasercleaner.tech\/tr\/wp-json\/wp\/v2\/product_cat?post=2119"},{"taxonomy":"product_tag","embeddable":true,"href":"https:\/\/www.lasercleaner.tech\/tr\/wp-json\/wp\/v2\/product_tag?post=2119"}],"curies":[{"name":"wp","href":"https:\/\/api.w.org\/{rel}","templated":true}]}}