{"id":1784,"date":"2024-11-11T16:28:51","date_gmt":"2024-11-11T08:28:51","guid":{"rendered":"https:\/\/bogonglaser.com\/?post_type=product&#038;p=1784"},"modified":"2024-11-12T18:12:30","modified_gmt":"2024-11-12T10:12:30","slug":"co2-laser-marking-machine","status":"publish","type":"product","link":"https:\/\/www.lasercleaner.tech\/tr\/urun\/co2-laser-marking-machine\/","title":{"rendered":"CO2 Lazer \u0130\u015faretleme Makinesi"},"content":{"rendered":"<div class=\"wpb-content-wrapper\"><div class=\"vc_row wpb_row vc_row-fluid\"><div class=\"wpb_column vc_column_container vc_col-sm-12\"><div class=\"vc_column-inner\"><div class=\"wpb_wrapper\">\n\t<div class=\"wpb_text_column wpb_content_element\" >\n\t\t<div class=\"wpb_wrapper\">\n\t\t\t<h2>What is a CO2 Laser?<\/h2>\n<p>CO2 lasers usd CO2 gas as their medium, which is contained within a tube equipped with electrodes for electrical discharge. When an electrical discharge occurs, it creates plasma in the gas, and the resulting light is amplified as it bounces between a total reflective mirror and an output coupler. This amplified light is then emitted as a laser.<\/p>\n<p>CO2 laser markers have a wavelength that is 10 times longer than that of traditional fiber lasers. They are particularly effective for marking materials such as plastics, paper, resins, wood, rubber, and even transparent substances like glass and PET.<\/p>\n\n\t\t<\/div>\n\t<\/div>\n<\/div><\/div><\/div><\/div><div class=\"vc_row wpb_row vc_row-fluid\"><div class=\"wpb_column vc_column_container vc_col-sm-12\"><div class=\"vc_column-inner\"><div class=\"wpb_wrapper\">\n\t<div  class=\"wpb_single_image wpb_content_element vc_align_left wpb_content_element\">\n\t\t\n\t\t<figure class=\"wpb_wrapper vc_figure\">\n\t\t\t<div class=\"vc_single_image-wrapper   vc_box_border_grey\"><img decoding=\"async\" width=\"800\" height=\"600\" src=\"data:image\/svg+xml,%3Csvg%20xmlns%3D&#39;http%3A%2F%2Fwww.w3.org%2F2000%2Fsvg&#39;%20width=&#39;800&#39;%20height=&#39;600&#39;%20viewBox%3D&#39;0%200%20800%20600&#39;%2F%3E\" data-czlz data-src=\"https:\/\/www.lasercleaner.tech\/wp-content\/uploads\/2024\/11\/CO2-Laser-marking-machine.jpg\" class=\"vc_single_image-img attachment-full\" alt=\"co2 laser marking machine\" title=\"CO2 Laser marking machine\" data-srcset=\"https:\/\/www.lasercleaner.tech\/wp-content\/uploads\/2024\/11\/CO2-Laser-marking-machine.jpg 800w, https:\/\/www.lasercleaner.tech\/wp-content\/uploads\/2024\/11\/CO2-Laser-marking-machine-300x225.jpg 300w, https:\/\/www.lasercleaner.tech\/wp-content\/uploads\/2024\/11\/CO2-Laser-marking-machine-768x576.jpg 768w, https:\/\/www.lasercleaner.tech\/wp-content\/uploads\/2024\/11\/CO2-Laser-marking-machine-600x450.jpg 600w\" data-sizes=\"(max-width: 800px) 100vw, 800px\" \/><\/div>\n\t\t<\/figure>\n\t<\/div>\n<\/div><\/div><\/div><\/div><div class=\"vc_row wpb_row vc_row-fluid\"><div class=\"wpb_column vc_column_container vc_col-sm-12\"><div class=\"vc_column-inner\"><div class=\"wpb_wrapper\">\n\t<div class=\"wpb_video_widget wpb_content_element vc_clearfix   vc_video-aspect-ratio-169 vc_video-el-width-80 vc_video-align-left\" >\n\t\t<div class=\"wpb_wrapper\">\n\t\t\t<h2 class=\"wpb_heading wpb_video_heading\">CO2 Lazer Markalama Makinesi ne yapabilir?<\/h2>\n\t\t\t<div class=\"wpb_video_wrapper\"><iframe title=\"CO2 Lazer Markalama Makinesi ne yapabilir?\" width=\"500\" height=\"281\" src=\"https:\/\/www.youtube.com\/embed\/RFstd3JMNEw?feature=oembed\" frameborder=\"0\" allow=\"accelerometer; autoplay; clipboard-write; encrypted-media; gyroscope; picture-in-picture; web-share\" referrerpolicy=\"strict-origin-when-cross-origin\" allowfullscreen><\/iframe><\/div>\n\t\t<\/div>\n\t<\/div>\n<\/div><\/div><\/div><\/div><div class=\"vc_row wpb_row vc_row-fluid\"><div class=\"wpb_column vc_column_container vc_col-sm-12\"><div class=\"vc_column-inner\"><div class=\"wpb_wrapper\">\n\t<div class=\"wpb_text_column wpb_content_element\" >\n\t\t<div class=\"wpb_wrapper\">\n\t\t\t<p>CO2 Laser Marking Machine: Marking Applications<\/p>\n<p>CO2 laser marking machines are capable of marking a wide range of non-metallic materials. This includes materials such as bamboo, wood, paper, ABS, PVC, epoxy resin, acrylic, leather, glass, ceramic tiles, and rubber. Application in various industries, including pharmaceutical packaging, food packaging, beverage packaging, plastics, textiles, leather, woodcrafts, electronics, communications, watches, glasses, printing, and more.<\/p>\n\n\t\t<\/div>\n\t<\/div>\n<\/div><\/div><\/div><\/div><div class=\"vc_row wpb_row vc_row-fluid\"><div class=\"wpb_column vc_column_container vc_col-sm-12\"><div class=\"vc_column-inner\"><div class=\"wpb_wrapper\">\n\t<div  class=\"wpb_single_image wpb_content_element vc_align_left wpb_content_element\">\n\t\t\n\t\t<figure class=\"wpb_wrapper vc_figure\">\n\t\t\t<div class=\"vc_single_image-wrapper   vc_box_border_grey\"><img decoding=\"async\" width=\"800\" height=\"600\" src=\"data:image\/svg+xml,%3Csvg%20xmlns%3D&#39;http%3A%2F%2Fwww.w3.org%2F2000%2Fsvg&#39;%20width=&#39;800&#39;%20height=&#39;600&#39;%20viewBox%3D&#39;0%200%20800%20600&#39;%2F%3E\" data-czlz data-src=\"https:\/\/www.lasercleaner.tech\/wp-content\/uploads\/2024\/11\/co2\u6253\u6807\u673a\u6837\u54c1\u56fe\u7247.png\" class=\"vc_single_image-img attachment-full\" alt=\"co2 laser marking machine\" title=\"co2\u6253\u6807\u673a\u6837\u54c1\u56fe\u7247\" data-srcset=\"https:\/\/www.lasercleaner.tech\/wp-content\/uploads\/2024\/11\/co2\u6253\u6807\u673a\u6837\u54c1\u56fe\u7247.png 800w, https:\/\/www.lasercleaner.tech\/wp-content\/uploads\/2024\/11\/co2\u6253\u6807\u673a\u6837\u54c1\u56fe\u7247-300x225.png 300w, https:\/\/www.lasercleaner.tech\/wp-content\/uploads\/2024\/11\/co2\u6253\u6807\u673a\u6837\u54c1\u56fe\u7247-768x576.png 768w, https:\/\/www.lasercleaner.tech\/wp-content\/uploads\/2024\/11\/co2\u6253\u6807\u673a\u6837\u54c1\u56fe\u7247-600x450.png 600w\" data-sizes=\"(max-width: 800px) 100vw, 800px\" \/><\/div>\n\t\t<\/figure>\n\t<\/div>\n<\/div><\/div><\/div><\/div><div class=\"vc_row wpb_row vc_row-fluid\"><div class=\"wpb_column vc_column_container vc_col-sm-12\"><div class=\"vc_column-inner\"><div class=\"wpb_wrapper\">\n\t<div class=\"wpb_text_column wpb_content_element\" >\n\t\t<div class=\"wpb_wrapper\">\n\t\t\t<h2>Sizin i\u00e7in ne yapabiliriz?<\/h2>\n<ul>\n<li><span class=\"magic-19\"><b class=\"magic-19\"><span class=\"magic-18\">\u00dccretsiz test \u00f6rnekleri -<\/span><\/b><span class=\"magic-20\" data-spm-anchor-id=\"a2700.details.0.i41.41d82402R4aegi\">\u00dcr\u00fcn malzemenize g\u00f6re \u00fccretsiz markalama efekti testleri ger\u00e7ekle\u015ftirebiliriz<\/span><\/span><\/li>\n<li><span class=\"magic-19\"><b class=\"magic-19\"><span class=\"magic-18\">Video Canl\u0131-<\/span><\/b><span class=\"magic-20\">Makinenin \u00fcretim s\u00fcrecini ve \u00e7al\u0131\u015fmas\u0131n\u0131 \u00e7evrimi\u00e7i videoda izlemek i\u00e7in sat\u0131\u015f dan\u0131\u015fmanlar\u0131m\u0131zla ba\u011flant\u0131 kurabilirsiniz.<\/span><\/span><\/li>\n<li><span class=\"magic-19\"><b class=\"magic-19\"><span class=\"magic-18\">\u00d6zelle\u015ftirilmi\u015f \/OEM-<\/span><\/b><span class=\"magic-20\" data-spm-anchor-id=\"a2700.details.0.i40.41d82402R4aegi\">\u0130stek \u00fczerine \u00f6zelle\u015ftirilmi\u015f makineler \uff0c Bize ula\u015f\u0131n<\/span><\/span><\/li>\n<\/ul>\n\n\t\t<\/div>\n\t<\/div>\n<\/div><\/div><\/div><\/div><div class=\"vc_row wpb_row vc_row-fluid\"><div class=\"wpb_column vc_column_container vc_col-sm-12\"><div class=\"vc_column-inner\"><div class=\"wpb_wrapper\">\n\t<div class=\"wpb_text_column wpb_content_element\" >\n\t\t<div class=\"wpb_wrapper\">\n\t\t\t<h3>Which Parts i need choose for CO2 Laser Marking Machine<\/h3>\n<ul>\n<li>Rotary Device: there have several rotary device with different style and clamp diameter, like 50D 65D 80D<\/li>\n<\/ul>\n\n\t\t<\/div>\n\t<\/div>\n<\/div><\/div><\/div><\/div><div class=\"vc_row wpb_row vc_row-fluid\"><div class=\"wpb_column vc_column_container vc_col-sm-12\"><div class=\"vc_column-inner\"><div class=\"wpb_wrapper\">\n\t<div class=\"wpb_text_column wpb_content_element\" >\n\t\t<div class=\"wpb_wrapper\">\n\t\t\t<p>Payment Terms for the CO2 Laser Marking Machine<\/p>\n<p>1. Depozito ve Bakiye: Sevkiyattan \u00f6nce \u00f6denmesi gereken bakiye ile \u00f6nceden bir 30% T \/ T depozitosu gereklidir.<\/p>\n<p>2. Alibaba Ticaret G\u00fcvencesi: \u00d6demeler Alibaba Ticaret G\u00fcvencesi arac\u0131l\u0131\u011f\u0131yla ger\u00e7ekle\u015ftirilebilir.<\/p>\n<p>FAQs for the CO2 Laser Marking Machine<\/p>\n<p>What Is the Packaging for the CO2 Laser Marking Machine?<br \/>\nMakinelerimiz \u00fc\u00e7 katmanl\u0131 bir d\u00fczende paketlenir. D\u0131\u015f katman ah\u015fap bir kasadan olu\u015fur, orta katmanda sars\u0131nt\u0131ya kar\u015f\u0131 koruma sa\u011flamak i\u00e7in k\u00f6p\u00fck dolgu bulunur ve i\u00e7 katman su ge\u00e7irmezlik i\u00e7in kal\u0131n bir plastik torba i\u00e7erir.<\/p>\n<p>Paket Ta\u015f\u0131ma S\u0131ras\u0131nda Zarar G\u00f6recek mi?<br \/>\nAmbalajlar\u0131m\u0131z\u0131 t\u00fcm olas\u0131 hasar fakt\u00f6rlerini ele alacak \u015fekilde titizlikle tasarl\u0131yoruz ve nakliye acentelerimiz g\u00fcvenli ta\u015f\u0131mac\u0131l\u0131k konusunda deneyimlidir. Ba\u015far\u0131l\u0131 bir \u015fekilde 180 \u00fclkeye ihracat yapt\u0131k, bu nedenle paketinizin m\u00fckemmel durumda ula\u015faca\u011f\u0131ndan emin olabilirsiniz.<\/p>\n\n\t\t<\/div>\n\t<\/div>\n<\/div><\/div><\/div><\/div><div class=\"vc_row wpb_row vc_row-fluid\"><div class=\"wpb_column vc_column_container vc_col-sm-12\"><div class=\"vc_column-inner\"><div class=\"wpb_wrapper\">\n\t<div class=\"wpb_text_column wpb_content_element\" >\n\t\t<div class=\"wpb_wrapper\">\n\t\t\t<p>M\u00fc\u015fterilerin \u00e7o\u011fu UPS \/ DHL express ile ta\u015f\u0131may\u0131 se\u00e7meyi sever, yakla\u015f\u0131k 5-7 g\u00fcn var\u0131\u015f noktas\u0131na ula\u015fabilir, g\u00fcm\u00fc\u015f pirin\u00e7 alt\u0131n bak\u0131r i\u00e7in fiber lazer metal grav\u00fcr makinesi hakk\u0131nda daha fazla ayr\u0131nt\u0131 almak i\u00e7in BOGONG ile ileti\u015fime ge\u00e7in.<\/p>\n\n\t\t<\/div>\n\t<\/div>\n<\/div><\/div><\/div><\/div>\n<\/div>","protected":false},"excerpt":{"rendered":"<h2>CO2 Lazer \u0130\u015faretleme Makinesi<\/h2>\n<p>CO\u2082 laser engravers are named for their use &#8230; <\/p>","protected":false},"featured_media":1800,"template":"","meta":[],"product_brand":[],"product_cat":[98,93],"product_tag":[102],"class_list":{"0":"post-1784","1":"product","2":"type-product","3":"status-publish","4":"has-post-thumbnail","6":"product_cat-co2-laser-marker","7":"product_cat-laser-engraving-machine","8":"product_tag-laser-marking-machine","10":"first","11":"instock","12":"shipping-taxable","13":"product-type-simple"},"_links":{"self":[{"href":"https:\/\/www.lasercleaner.tech\/tr\/wp-json\/wp\/v2\/product\/1784","targetHints":{"allow":["GET"]}}],"collection":[{"href":"https:\/\/www.lasercleaner.tech\/tr\/wp-json\/wp\/v2\/product"}],"about":[{"href":"https:\/\/www.lasercleaner.tech\/tr\/wp-json\/wp\/v2\/types\/product"}],"wp:featuredmedia":[{"embeddable":true,"href":"https:\/\/www.lasercleaner.tech\/tr\/wp-json\/wp\/v2\/media\/1800"}],"wp:attachment":[{"href":"https:\/\/www.lasercleaner.tech\/tr\/wp-json\/wp\/v2\/media?parent=1784"}],"wp:term":[{"taxonomy":"product_brand","embeddable":true,"href":"https:\/\/www.lasercleaner.tech\/tr\/wp-json\/wp\/v2\/product_brand?post=1784"},{"taxonomy":"product_cat","embeddable":true,"href":"https:\/\/www.lasercleaner.tech\/tr\/wp-json\/wp\/v2\/product_cat?post=1784"},{"taxonomy":"product_tag","embeddable":true,"href":"https:\/\/www.lasercleaner.tech\/tr\/wp-json\/wp\/v2\/product_tag?post=1784"}],"curies":[{"name":"wp","href":"https:\/\/api.w.org\/{rel}","templated":true}]}}