{"id":1749,"date":"2024-11-07T21:47:00","date_gmt":"2024-11-07T13:47:00","guid":{"rendered":"https:\/\/bogonglaser.com\/?post_type=product&#038;p=1749"},"modified":"2024-11-08T17:46:06","modified_gmt":"2024-11-08T09:46:06","slug":"handheld-fiber-laser-marking-machine-20w-30w-50w","status":"publish","type":"product","link":"https:\/\/www.lasercleaner.tech\/tr\/urun\/handheld-fiber-laser-marking-machine-20w-30w-50w\/","title":{"rendered":"El Tipi Fiber Lazer \u0130\u015faretleme Makinesi 20W, 30W, 50W"},"content":{"rendered":"<div class=\"wpb-content-wrapper\"><div class=\"vc_row wpb_row vc_row-fluid\"><div class=\"wpb_column vc_column_container vc_col-sm-12\"><div class=\"vc_column-inner\"><div class=\"wpb_wrapper\">\n\t<div class=\"wpb_text_column wpb_content_element\" >\n\t\t<div class=\"wpb_wrapper\">\n\t\t\t<h2>El Tipi Fiber Lazer Markalama Makinesi Nedir?<\/h2>\n<p>El tipi fiber lazer markalama makinesi, metaller ve plastikler de dahil olmak \u00fczere \u00e7e\u015fitli malzemeleri kaz\u0131mak, a\u015f\u0131nd\u0131rmak veya i\u015faretlemek i\u00e7in lazer teknolojisini kullanan kompakt, ta\u015f\u0131nabilir bir grav\u00fcr arac\u0131d\u0131r. Bu makineler hem esneklik hem de hassasiyet sa\u011flayarak kullan\u0131c\u0131lar\u0131n farkl\u0131 y\u00fczeyler \u00fczerinde zahmetsizce \u00f6zel tasar\u0131mlar, g\u00f6r\u00fcnt\u00fcler, desenler veya metinler olu\u015fturmas\u0131na olanak tan\u0131r.  Kompakt tasar\u0131mlar\u0131 ve \u00e7ok y\u00f6nl\u00fcl\u00fckleri, onlar\u0131 ister k\u00fc\u00e7\u00fck ister b\u00fcy\u00fck \u00f6l\u00e7ekte olsun, \u00e7ok \u00e7e\u015fitli markalama g\u00f6revleri i\u00e7in uygun hale getirir.<\/p>\n<p>Ta\u015f\u0131nabilir fiber lazer kaz\u0131y\u0131c\u0131lar paslanmaz \u00e7elik, titanyum, platin, al\u00fcminyum, alt\u0131n, g\u00fcm\u00fc\u015f, tungsten, bak\u0131r, pirin\u00e7, krom, karb\u00fcr, nikel, \u00e7e\u015fitli polimerler, plastikler, silikon, kau\u00e7uk, fiberglas, seramik ve karbon fiber gibi malzemeler \u00fczerinde markalama yapmak i\u00e7in uygundur.<\/p>\n\n\t\t<\/div>\n\t<\/div>\n<\/div><\/div><\/div><\/div><div class=\"vc_row wpb_row vc_row-fluid\"><div class=\"wpb_column vc_column_container vc_col-sm-12\"><div class=\"vc_column-inner\"><div class=\"wpb_wrapper\">\n\t<div  class=\"wpb_single_image wpb_content_element vc_align_left wpb_content_element\">\n\t\t\n\t\t<figure class=\"wpb_wrapper vc_figure\">\n\t\t\t<div class=\"vc_single_image-wrapper   vc_box_border_grey\"><img decoding=\"async\" width=\"2400\" height=\"1600\" src=\"data:image\/svg+xml,%3Csvg%20xmlns%3D&#39;http%3A%2F%2Fwww.w3.org%2F2000%2Fsvg&#39;%20width=&#39;2400&#39;%20height=&#39;1600&#39;%20viewBox%3D&#39;0%200%202400%201600&#39;%2F%3E\" data-czlz data-src=\"https:\/\/www.lasercleaner.tech\/wp-content\/uploads\/2024\/11\/QQ\u56fe\u724720241108165758.jpeg\" class=\"vc_single_image-img attachment-full\" alt=\"portable laser marking machine\" title=\"QQ\u56fe\u724720241108165758\" data-srcset=\"https:\/\/www.lasercleaner.tech\/wp-content\/uploads\/2024\/11\/QQ\u56fe\u724720241108165758.jpeg 2400w, https:\/\/www.lasercleaner.tech\/wp-content\/uploads\/2024\/11\/QQ\u56fe\u724720241108165758-300x200.jpeg 300w, https:\/\/www.lasercleaner.tech\/wp-content\/uploads\/2024\/11\/QQ\u56fe\u724720241108165758-1024x683.jpeg 1024w, https:\/\/www.lasercleaner.tech\/wp-content\/uploads\/2024\/11\/QQ\u56fe\u724720241108165758-768x512.jpeg 768w, https:\/\/www.lasercleaner.tech\/wp-content\/uploads\/2024\/11\/QQ\u56fe\u724720241108165758-1536x1024.jpeg 1536w, https:\/\/www.lasercleaner.tech\/wp-content\/uploads\/2024\/11\/QQ\u56fe\u724720241108165758-2048x1365.jpeg 2048w, https:\/\/www.lasercleaner.tech\/wp-content\/uploads\/2024\/11\/QQ\u56fe\u724720241108165758-600x400.jpeg 600w, https:\/\/www.lasercleaner.tech\/wp-content\/uploads\/2024\/11\/QQ\u56fe\u724720241108165758-1000x667.jpeg 1000w\" data-sizes=\"(max-width: 2400px) 100vw, 2400px\" \/><\/div>\n\t\t<\/figure>\n\t<\/div>\n<\/div><\/div><\/div><\/div><div class=\"vc_row wpb_row vc_row-fluid\"><div class=\"wpb_column vc_column_container vc_col-sm-12\"><div class=\"vc_column-inner\"><div class=\"wpb_wrapper\">\n\t<div class=\"wpb_video_widget wpb_content_element vc_clearfix   vc_video-aspect-ratio-169 vc_video-el-width-80 vc_video-align-left\" >\n\t\t<div class=\"wpb_wrapper\">\n\t\t\t<h2 class=\"wpb_heading wpb_video_heading\">BOGONG El Tipi Lazer \u0130\u015faretleme Makinesi G\u00f6sterisi<\/h2>\n\t\t\t<div class=\"wpb_video_wrapper\"><iframe title=\"En K\u00fc\u00e7\u00fck En Hafif Ta\u015f\u0131nabilir Fiber Lazer Grav\u00fcr Makinesi | El Tipi Lazer \u0130\u015faretleme Makinesi\" width=\"500\" height=\"281\" src=\"https:\/\/www.youtube.com\/embed\/MQIIHi3LieQ?feature=oembed\" frameborder=\"0\" allow=\"accelerometer; autoplay; clipboard-write; encrypted-media; gyroscope; picture-in-picture; web-share\" referrerpolicy=\"strict-origin-when-cross-origin\" allowfullscreen><\/iframe><\/div>\n\t\t<\/div>\n\t<\/div>\n<\/div><\/div><\/div><\/div><div class=\"vc_row wpb_row vc_row-fluid\"><div class=\"wpb_column vc_column_container vc_col-sm-12\"><div class=\"vc_column-inner\"><div class=\"wpb_wrapper\">\n\t<div class=\"wpb_text_column wpb_content_element\" >\n\t\t<div class=\"wpb_wrapper\">\n\t\t\t<p>G\u00fc\u00e7 hatt\u0131 ba\u011flant\u0131l\u0131 standart makinemiz, lazer makinesini do\u011frudan elektrik fi\u015finize ba\u011flayabilirsiniz, ayr\u0131ca pilli makineyi de se\u00e7ebilirsiniz, a\u015fa\u011f\u0131daki video ba\u011flant\u0131s\u0131ndan farkl\u0131 g\u00f6rebilirsiniz<\/p>\n\n\t\t<\/div>\n\t<\/div>\n<\/div><\/div><\/div><\/div><div class=\"vc_row wpb_row vc_row-fluid\"><div class=\"wpb_column vc_column_container vc_col-sm-12\"><div class=\"vc_column-inner\"><div class=\"wpb_wrapper\">\n\t<div class=\"wpb_video_widget wpb_content_element vc_clearfix   vc_video-aspect-ratio-169 vc_video-el-width-80 vc_video-align-left\" >\n\t\t<div class=\"wpb_wrapper\">\n\t\t\t<h2 class=\"wpb_heading wpb_video_heading\">Do\u011frudan elektrik g\u00fcc\u00fcne sahip makineyi se\u00e7ebilir, ayr\u0131ca ak\u00fcl\u00fc makineyi de se\u00e7ebilirsiniz.<\/h2>\n\t\t\t<div class=\"wpb_video_wrapper\"><iframe title=\"Pop\u00fcler En K\u00fc\u00e7\u00fck El Tipi Fiber Lazer \u0130\u015faretleme Makinesi | Pil tipi ve Do\u011frudan ba\u011flant\u0131 tipi\" width=\"500\" height=\"281\" src=\"https:\/\/www.youtube.com\/embed\/EyQj6KoiqeI?feature=oembed\" frameborder=\"0\" allow=\"accelerometer; autoplay; clipboard-write; encrypted-media; gyroscope; picture-in-picture; web-share\" referrerpolicy=\"strict-origin-when-cross-origin\" allowfullscreen><\/iframe><\/div>\n\t\t<\/div>\n\t<\/div>\n<\/div><\/div><\/div><\/div><div class=\"vc_row wpb_row vc_row-fluid\"><div class=\"wpb_column vc_column_container vc_col-sm-12\"><div class=\"vc_column-inner\"><div class=\"wpb_wrapper\">\n\t<div class=\"wpb_text_column wpb_content_element\" >\n\t\t<div class=\"wpb_wrapper\">\n\t\t\t<p><strong>Ta\u015f\u0131nabilir Fiber Lazer Grav\u00fcr Makinesinin \u00d6zellikleri<\/strong><\/p>\n<p>Lazer dalga boyu: 1064nm<\/p>\n<p>Lazer g\u00fcc\u00fc: 20W 30W 50W MAX<\/p>\n<p>Tarama h\u0131z\u0131: \u22647000mm\/s<\/p>\n<p>Tekrarlanabilirlik hassasiyeti: 0,001 mm<\/p>\n<p>Grav\u00fcr aral\u0131\u011f\u0131: 100x100mm (normal \u00e7al\u0131\u015fma alan\u0131)<\/p>\n<p>\u0130\u015faretleme \u00e7izgisi geni\u015fli\u011fi: 0,01-0,2 mm (Malzemeye ba\u011fl\u0131 olarak)<\/p>\n<p>G\u00fc\u00e7 kayna\u011f\u0131: AC220V \u00b110%, 50\/60 Hz<\/p>\n<ul>\n<li>K\u00fc\u00e7\u00fck ve hafif<\/li>\n<li>Kal\u0131c\u0131 \u0130\u015faretleme: Lazer, zaman i\u00e7inde solmayan kal\u0131c\u0131 i\u015faretler \u00fcretir.<\/li>\n<li>Uzat\u0131lm\u0131\u015f Hizmet \u00d6mr\u00fc: Fiber lazer modeli 100.000 saati a\u015fan bir kullan\u0131m \u00f6mr\u00fcne sahiptir ve \u00e7al\u0131\u015fma \u00f6mr\u00fc boyunca minimum bak\u0131m gerektirir.<\/li>\n<li>Kullan\u0131c\u0131 Dostu \u00c7al\u0131\u015fma: CorelDRAW, AutoCAD ve Photoshop dahil olmak \u00fczere \u00e7o\u011fu Windows tabanl\u0131 yaz\u0131l\u0131mla uyumludur.<\/li>\n<li>Y\u00fcksek Hassasiyet: 0,0025 mm yeniden konumland\u0131rma hassasiyeti ve 0,01 mm minimum \u00e7izgi geni\u015fli\u011fi sunar.<\/li>\n<li>Temass\u0131z Grav\u00fcr: Grav\u00fcr, mekanik temas olmadan ger\u00e7ekle\u015ftirilir ve mekanik stres veya i\u015f par\u00e7as\u0131n\u0131n hareket etme riskini azalt\u0131r.<\/li>\n<li>Ta\u015f\u0131nabilirlik: Bir bilgisayar kasas\u0131yla kar\u015f\u0131la\u015ft\u0131r\u0131labilecek boyuttaki kompakt tasar\u0131m\u0131, ta\u015f\u0131nmas\u0131n\u0131 ve hareket ettirilmesini kolayla\u015ft\u0131r\u0131r.<\/li>\n<li>Mevcut G\u00fc\u00e7 Se\u00e7enekleri: Makine 20w, 30w, 50w konfig\u00fcrasyonlar\u0131nda fiber lazer kaynaklar\u0131 ile birlikte gelir.<\/li>\n<\/ul>\n\n\t\t<\/div>\n\t<\/div>\n<\/div><\/div><\/div><\/div><div class=\"vc_row wpb_row vc_row-fluid\"><div class=\"wpb_column vc_column_container vc_col-sm-12\"><div class=\"vc_column-inner\"><div class=\"wpb_wrapper\">\n\t<div class=\"wpb_text_column wpb_content_element\" >\n\t\t<div class=\"wpb_wrapper\">\n\t\t\t<p><strong>Ta\u015f\u0131nabilir Lazer Markalama Makinesi i\u00e7in Garanti<\/strong><\/p>\n<p>Bu makine 2 y\u0131ll\u0131k s\u0131n\u0131rl\u0131 garanti ile desteklenmektedir<\/p>\n<p>Sipari\u015f onay\u0131n\u0131n ard\u0131ndan m\u00fc\u015fteriler, \u00e7al\u0131\u015ft\u0131rma ve bak\u0131m\u0131 kapsayan kapsaml\u0131 bir teknik e\u011fitim alacakt\u0131r.<\/p>\n<p>7\/24 sat\u0131\u015f sonras\u0131 destek sunuyoruz. Herhangi bir sorun ortaya \u00e7\u0131karsa, yetenekli m\u00fchendislerimiz telefon, WhatsApp, e-posta veya canl\u0131 sohbet yoluyla yard\u0131mc\u0131 olmaya haz\u0131rd\u0131r ve gerekti\u011finde yurtd\u0131\u015f\u0131 deste\u011fi de sa\u011fl\u0131yoruz.<\/p>\n<p><strong>Ta\u015f\u0131nabilir Fiber Lazer A\u015f\u0131nd\u0131rma Makinesi i\u00e7in Kalite Kontrol<\/strong><\/p>\n<p>Kalite kontrol ekibimiz, malzeme tedariki ve \u00fcretim s\u0131ras\u0131nda titiz standartlar sa\u011flar.<\/p>\n<p>T\u00fcm bitmi\u015f makineler teslimattan \u00f6nce kalite kontrol ve m\u00fchendislik departmanlar\u0131m\u0131z taraf\u0131ndan kapsaml\u0131 testlere tabi tutulur.<\/p>\n<p><strong>El Tipi Fiber Lazer Grav\u00fcr Makinesi i\u00e7in OEM Hizmetleri<\/strong><\/p>\n<p>Kapsaml\u0131 deneyime sahibiz ve \u00f6zelle\u015ftirilmi\u015f ve OEM sipari\u015flerini memnuniyetle kar\u015f\u0131l\u0131yoruz.<\/p>\n<p>T\u00fcm OEM hizmetleri \u00fccretsiz olarak sa\u011flanmaktad\u0131r; m\u00fc\u015fterilerin logolar\u0131n\u0131, i\u015flevsel \u00f6zelliklerini, renklerini ve di\u011fer ayr\u0131nt\u0131lar\u0131 sa\u011flamalar\u0131 yeterlidir.<\/p>\n<p>Minimum sipari\u015f miktar\u0131 gerekmemektedir.<\/p>\n<p>Ki\u015fisel olarak tan\u0131mlanabilir bilgilerinizin (isim, adres, e-posta ve banka bilgileri gibi) gizlili\u011fini sa\u011flar\u0131z ve bu bilgiler asla if\u015fa edilmez veya \u00fc\u00e7\u00fcnc\u00fc taraflarla payla\u015f\u0131lmaz.<\/p>\n<p>\u0130leti\u015fim: Tatil g\u00fcnleri de dahil olmak \u00fczere t\u00fcm soru ve taleplere 24 saat i\u00e7inde yan\u0131t veriyoruz. Acil sorular\u0131n\u0131z i\u00e7in bizi aramaktan \u00e7ekinmeyin.<\/p>\n<p>Elde Ta\u015f\u0131nabilir Fiber Lazer A\u015f\u0131nd\u0131rma Makinesi i\u00e7in \u00d6deme Ko\u015fullar\u0131**<\/p>\n<p>T \/ T arac\u0131l\u0131\u011f\u0131yla 30% depozito gereklidir ve kalan bakiye sevkiyattan \u00f6nce \u00f6denir.<\/p>\n<p>G\u00fcvenli i\u015flemler i\u00e7in Alibaba Ticaret G\u00fcvencesini de kabul ediyoruz.<\/p>\n\n\t\t<\/div>\n\t<\/div>\n<\/div><\/div><\/div><\/div><div class=\"vc_row wpb_row vc_row-fluid\"><div class=\"wpb_column vc_column_container vc_col-sm-12\"><div class=\"vc_column-inner\"><div class=\"wpb_wrapper\">\n\t<div class=\"wpb_video_widget wpb_content_element vc_clearfix   vc_video-aspect-ratio-169 vc_video-el-width-80 vc_video-align-left\" >\n\t\t<div class=\"wpb_wrapper\">\n\t\t\t<h2 class=\"wpb_heading wpb_video_heading\">BOGONG Yeni El Tipi Lazer \u0130\u015faretleme Makinesi G\u00f6sterisi<\/h2>\n\t\t\t<div class=\"wpb_video_wrapper\"><iframe title=\"El Tipi Lazer Markalama Makinesi Buna De\u011fer mi?\" width=\"413\" height=\"310\" src=\"https:\/\/www.youtube.com\/embed\/JgY2YNdx58Q?feature=oembed\" frameborder=\"0\" allow=\"accelerometer; autoplay; clipboard-write; encrypted-media; gyroscope; picture-in-picture; web-share\" referrerpolicy=\"strict-origin-when-cross-origin\" allowfullscreen><\/iframe><\/div>\n\t\t<\/div>\n\t<\/div>\n<\/div><\/div><\/div><\/div><div class=\"vc_row wpb_row vc_row-fluid\"><div class=\"wpb_column vc_column_container vc_col-sm-12\"><div class=\"vc_column-inner\"><div class=\"wpb_wrapper\">\n\t<div class=\"wpb_video_widget wpb_content_element vc_clearfix   vc_video-aspect-ratio-169 vc_video-el-width-80 vc_video-align-left\" >\n\t\t<div class=\"wpb_wrapper\">\n\t\t\t<h2 class=\"wpb_heading wpb_video_heading\">Yeni ve Eski Tip El Tipi Lazer \u0130\u015faretleyiciyi Kar\u015f\u0131la\u015ft\u0131r\u0131n?<\/h2>\n\t\t\t<div class=\"wpb_video_wrapper\"><iframe title=\"G\u00fcncelleme BOGONG El Lazer \u0130\u015faretleme Makinesi | Metal Plastik i\u00e7in Ta\u015f\u0131nabilir Lazer Grav\u00fcr Makinesi\" width=\"413\" height=\"310\" src=\"https:\/\/www.youtube.com\/embed\/i7EnTtQfrfM?feature=oembed\" frameborder=\"0\" allow=\"accelerometer; autoplay; clipboard-write; encrypted-media; gyroscope; picture-in-picture; web-share\" referrerpolicy=\"strict-origin-when-cross-origin\" allowfullscreen><\/iframe><\/div>\n\t\t<\/div>\n\t<\/div>\n<\/div><\/div><\/div><\/div><div class=\"vc_row wpb_row vc_row-fluid\"><div class=\"wpb_column vc_column_container vc_col-sm-12\"><div class=\"vc_column-inner\"><div class=\"wpb_wrapper\">\n\t<div class=\"wpb_text_column wpb_content_element\" >\n\t\t<div class=\"wpb_wrapper\">\n\t\t\t<h2>Sizin i\u00e7in ne yapabiliriz?<\/h2>\n<ul>\n<li><span class=\"magic-19\"><b class=\"magic-19\"><span class=\"magic-18\">\u00dccretsiz test \u00f6rnekleri -<\/span><\/b><span class=\"magic-20\" data-spm-anchor-id=\"a2700.details.0.i41.41d82402R4aegi\">\u00dcr\u00fcn malzemenize g\u00f6re \u00fccretsiz markalama efekti testleri ger\u00e7ekle\u015ftirebiliriz<\/span><\/span><\/li>\n<li><span class=\"magic-19\"><b class=\"magic-19\"><span class=\"magic-18\">Video Canl\u0131-<\/span><\/b><span class=\"magic-20\">Makinenin \u00fcretim s\u00fcrecini ve \u00e7al\u0131\u015fmas\u0131n\u0131 \u00e7evrimi\u00e7i videoda izlemek i\u00e7in sat\u0131\u015f dan\u0131\u015fmanlar\u0131m\u0131zla ba\u011flant\u0131 kurabilirsiniz.<\/span><\/span><\/li>\n<li><span class=\"magic-19\"><b class=\"magic-19\"><span class=\"magic-18\">\u00d6zelle\u015ftirilmi\u015f \/OEM-<\/span><\/b><span class=\"magic-20\" data-spm-anchor-id=\"a2700.details.0.i40.41d82402R4aegi\">\u0130stek \u00fczerine \u00f6zelle\u015ftirilmi\u015f makineler \uff0c Bize ula\u015f\u0131n<\/span><\/span><\/li>\n<\/ul>\n\n\t\t<\/div>\n\t<\/div>\n<\/div><\/div><\/div><\/div><div class=\"vc_row wpb_row vc_row-fluid\"><div class=\"wpb_column vc_column_container vc_col-sm-12\"><div class=\"vc_column-inner\"><div class=\"wpb_wrapper\">\n\t<div class=\"wpb_video_widget wpb_content_element vc_clearfix   vc_video-aspect-ratio-169 vc_video-el-width-80 vc_video-align-left\" >\n\t\t<div class=\"wpb_wrapper\">\n\t\t\t<h2 class=\"wpb_heading wpb_video_heading\">BOGONG Ta\u015f\u0131nabilir Lazer \u0130\u015faretleme Makinesi cep telefonu ile ba\u011flanabilir<\/h2>\n\t\t\t<div class=\"wpb_video_wrapper\"><iframe title=\"Cep Telefonu Kontrol\u00fc El Lazer \u0130\u015faretleyici Kullan\u0131n | 20W 30W 50W Ta\u015f\u0131nabilir Lazer \u0130\u015faretleme Makinesi METAL\" width=\"500\" height=\"281\" src=\"https:\/\/www.youtube.com\/embed\/z9C16XnZNLQ?feature=oembed\" frameborder=\"0\" allow=\"accelerometer; autoplay; clipboard-write; encrypted-media; gyroscope; picture-in-picture; web-share\" referrerpolicy=\"strict-origin-when-cross-origin\" allowfullscreen><\/iframe><\/div>\n\t\t<\/div>\n\t<\/div>\n<\/div><\/div><\/div><\/div><div class=\"vc_row wpb_row vc_row-fluid\"><div class=\"wpb_column vc_column_container vc_col-sm-12\"><div class=\"vc_column-inner\"><div class=\"wpb_wrapper\">\n\t<div  class=\"wpb_single_image wpb_content_element vc_align_left wpb_content_element\">\n\t\t\n\t\t<figure class=\"wpb_wrapper vc_figure\">\n\t\t\t<div class=\"vc_single_image-wrapper   vc_box_border_grey\"><img decoding=\"async\" width=\"600\" height=\"400\" src=\"data:image\/svg+xml,%3Csvg%20xmlns%3D&#39;http%3A%2F%2Fwww.w3.org%2F2000%2Fsvg&#39;%20width=&#39;600&#39;%20height=&#39;400&#39;%20viewBox%3D&#39;0%200%20600%20400&#39;%2F%3E\" data-czlz data-src=\"https:\/\/www.lasercleaner.tech\/wp-content\/uploads\/2024\/11\/bogong-laser.jpg\" class=\"vc_single_image-img attachment-full\" alt=\"bogong laser\" title=\"bogong lazer\" data-srcset=\"https:\/\/www.lasercleaner.tech\/wp-content\/uploads\/2024\/11\/bogong-laser.jpg 600w, https:\/\/www.lasercleaner.tech\/wp-content\/uploads\/2024\/11\/bogong-laser-300x200.jpg 300w\" data-sizes=\"(max-width: 600px) 100vw, 600px\" \/><\/div>\n\t\t<\/figure>\n\t<\/div>\n<\/div><\/div><\/div><\/div><div class=\"vc_row wpb_row vc_row-fluid\"><div class=\"wpb_column vc_column_container vc_col-sm-12\"><div class=\"vc_column-inner\"><div class=\"wpb_wrapper\">\n\t<div class=\"wpb_text_column wpb_content_element\" >\n\t\t<div class=\"wpb_wrapper\">\n\t\t\t<p>El Tipi Lazer Markalama Makinesi Stoklar\u0131m\u0131zda<\/p>\n\n\t\t<\/div>\n\t<\/div>\n<\/div><\/div><\/div><\/div><div class=\"vc_row wpb_row vc_row-fluid\"><div class=\"wpb_column vc_column_container vc_col-sm-12\"><div class=\"vc_column-inner\"><div class=\"wpb_wrapper\">\n\t<div  class=\"wpb_single_image wpb_content_element vc_align_left wpb_content_element\">\n\t\t\n\t\t<figure class=\"wpb_wrapper vc_figure\">\n\t\t\t<div class=\"vc_single_image-wrapper   vc_box_border_grey\"><img decoding=\"async\" width=\"600\" height=\"400\" src=\"data:image\/svg+xml,%3Csvg%20xmlns%3D&#39;http%3A%2F%2Fwww.w3.org%2F2000%2Fsvg&#39;%20width=&#39;600&#39;%20height=&#39;400&#39;%20viewBox%3D&#39;0%200%20600%20400&#39;%2F%3E\" data-czlz data-src=\"https:\/\/www.lasercleaner.tech\/wp-content\/uploads\/2024\/11\/\u672a\u6807\u9898-1.jpg\" class=\"vc_single_image-img attachment-full\" alt=\"handheld laser marker in stock\" title=\"\u672a\u6807\u9898-1\" data-srcset=\"https:\/\/www.lasercleaner.tech\/wp-content\/uploads\/2024\/11\/\u672a\u6807\u9898-1.jpg 600w, https:\/\/www.lasercleaner.tech\/wp-content\/uploads\/2024\/11\/\u672a\u6807\u9898-1-300x200.jpg 300w\" data-sizes=\"(max-width: 600px) 100vw, 600px\" \/><\/div>\n\t\t<\/figure>\n\t<\/div>\n<\/div><\/div><\/div><\/div><div class=\"vc_row wpb_row vc_row-fluid\"><div class=\"wpb_column vc_column_container vc_col-sm-12\"><div class=\"vc_column-inner\"><div class=\"wpb_wrapper\">\n\t<div class=\"wpb_text_column wpb_content_element\" >\n\t\t<div class=\"wpb_wrapper\">\n\t\t\t<p>El tipi lazer markalama makinesi i\u00e7in \u00d6deme Ko\u015fullar\u0131<\/p>\n<p>1. Depozito ve Bakiye: Sevkiyattan \u00f6nce \u00f6denmesi gereken bakiye ile \u00f6nceden bir 30% T \/ T depozitosu gereklidir.<\/p>\n<p>2. Alibaba Ticaret G\u00fcvencesi: \u00d6demeler Alibaba Ticaret G\u00fcvencesi arac\u0131l\u0131\u011f\u0131yla ger\u00e7ekle\u015ftirilebilir.<\/p>\n\n\t\t<\/div>\n\t<\/div>\n<\/div><\/div><\/div><\/div><div class=\"vc_row wpb_row vc_row-fluid\"><div class=\"wpb_column vc_column_container vc_col-sm-12\"><div class=\"vc_column-inner\"><div class=\"wpb_wrapper\">\n\t<div class=\"wpb_text_column wpb_content_element\" >\n\t\t<div class=\"wpb_wrapper\">\n\t\t\t<p>BOGONG youtube kanal\u0131ndan daha fazla m\u00fc\u015fteri geri bildirimi bulabilirsiniz.<\/p>\n\n\t\t<\/div>\n\t<\/div>\n<\/div><\/div><\/div><\/div><div class=\"vc_row wpb_row vc_row-fluid\"><div class=\"wpb_column vc_column_container vc_col-sm-12\"><div class=\"vc_column-inner\"><div class=\"wpb_wrapper\">\n\t<div class=\"wpb_text_column wpb_content_element\" >\n\t\t<div class=\"wpb_wrapper\">\n\t\t\t<p>M\u00fc\u015fterilerin \u00e7o\u011fu UPS \/ DHL express ile ta\u015f\u0131may\u0131 se\u00e7meyi sever, yakla\u015f\u0131k 5-7 g\u00fcn var\u0131\u015f noktas\u0131na ula\u015fabilir, g\u00fcm\u00fc\u015f pirin\u00e7 alt\u0131n bak\u0131r i\u00e7in fiber lazer metal grav\u00fcr makinesi hakk\u0131nda daha fazla ayr\u0131nt\u0131 almak i\u00e7in BOGONG ile ileti\u015fime ge\u00e7in.<\/p>\n\n\t\t<\/div>\n\t<\/div>\n<\/div><\/div><\/div><\/div>\n<\/div>","protected":false},"excerpt":{"rendered":"<h3 class=\"product-title\">El Tipi Fiber Lazer \u0130\u015faretleme Makinesi 20W, 30W, 50W<\/h3>\n<p class=\"product-title\">If you &#8230; <\/p>","protected":false},"featured_media":1750,"template":"","meta":[],"product_brand":[],"product_cat":[97,93],"product_tag":[104,102],"class_list":{"0":"post-1749","1":"product","2":"type-product","3":"status-publish","4":"has-post-thumbnail","6":"product_cat-fiber-laser-marker","7":"product_cat-laser-engraving-machine","8":"product_tag-laser-marker","9":"product_tag-laser-marking-machine","11":"first","12":"instock","13":"shipping-taxable","14":"product-type-simple"},"_links":{"self":[{"href":"https:\/\/www.lasercleaner.tech\/tr\/wp-json\/wp\/v2\/product\/1749","targetHints":{"allow":["GET"]}}],"collection":[{"href":"https:\/\/www.lasercleaner.tech\/tr\/wp-json\/wp\/v2\/product"}],"about":[{"href":"https:\/\/www.lasercleaner.tech\/tr\/wp-json\/wp\/v2\/types\/product"}],"wp:featuredmedia":[{"embeddable":true,"href":"https:\/\/www.lasercleaner.tech\/tr\/wp-json\/wp\/v2\/media\/1750"}],"wp:attachment":[{"href":"https:\/\/www.lasercleaner.tech\/tr\/wp-json\/wp\/v2\/media?parent=1749"}],"wp:term":[{"taxonomy":"product_brand","embeddable":true,"href":"https:\/\/www.lasercleaner.tech\/tr\/wp-json\/wp\/v2\/product_brand?post=1749"},{"taxonomy":"product_cat","embeddable":true,"href":"https:\/\/www.lasercleaner.tech\/tr\/wp-json\/wp\/v2\/product_cat?post=1749"},{"taxonomy":"product_tag","embeddable":true,"href":"https:\/\/www.lasercleaner.tech\/tr\/wp-json\/wp\/v2\/product_tag?post=1749"}],"curies":[{"name":"wp","href":"https:\/\/api.w.org\/{rel}","templated":true}]}}