{"id":1945,"date":"2024-11-22T11:35:37","date_gmt":"2024-11-22T03:35:37","guid":{"rendered":"https:\/\/bogonglaser.com\/?post_type=product&#038;p=1945"},"modified":"2024-11-22T13:25:16","modified_gmt":"2024-11-22T05:25:16","slug":"200w-pro-mini-laser-welding-machine-with-ccd","status":"publish","type":"product","link":"https:\/\/www.lasercleaner.tech\/ro\/produs\/200w-pro-mini-laser-welding-machine-with-ccd\/","title":{"rendered":"200W Pro Mini ma\u0219in\u0103 de sudur\u0103 cu laser cu CCD"},"content":{"rendered":"<div class=\"wpb-content-wrapper\"><div class=\"vc_row wpb_row vc_row-fluid\"><div class=\"wpb_column vc_column_container vc_col-sm-12\"><div class=\"vc_column-inner\"><div class=\"wpb_wrapper\">\n\t<div class=\"wpb_text_column wpb_content_element\" >\n\t\t<div class=\"wpb_wrapper\">\n\t\t\t<p>The YAG jewelry laser welding machine is a specialized device for the jewelry industry that employs laser technology for precise metal welding. This compact and accurate tool is designed for a variety of applications, including spot welding, piercing, repair, re-plating, and resizing jewelry made from gold, silver, titanium, and platinum. It is also effective for welding eyeglass frames, watches, molds, dental work, and bridging gaps in small accessories.<\/p>\n\n\t\t<\/div>\n\t<\/div>\n<\/div><\/div><\/div><\/div><div class=\"vc_row wpb_row vc_row-fluid\"><div class=\"wpb_column vc_column_container vc_col-sm-12\"><div class=\"vc_column-inner\"><div class=\"wpb_wrapper\">\n\t<div  class=\"wpb_single_image wpb_content_element vc_align_left wpb_content_element\">\n\t\t\n\t\t<figure class=\"wpb_wrapper vc_figure\">\n\t\t\t<div class=\"vc_single_image-wrapper   vc_box_border_grey\"><img decoding=\"async\" width=\"600\" height=\"600\" src=\"data:image\/svg+xml,%3Csvg%20xmlns%3D&#39;http%3A%2F%2Fwww.w3.org%2F2000%2Fsvg&#39;%20width=&#39;600&#39;%20height=&#39;600&#39;%20viewBox%3D&#39;0%200%20600%20600&#39;%2F%3E\" data-czlz data-src=\"https:\/\/www.lasercleaner.tech\/wp-content\/uploads\/2024\/11\/gold-laser-welder.jpg\" class=\"vc_single_image-img attachment-full\" alt=\"\" title=\"gold laser welder\" data-srcset=\"https:\/\/www.lasercleaner.tech\/wp-content\/uploads\/2024\/11\/gold-laser-welder.jpg 600w, https:\/\/www.lasercleaner.tech\/wp-content\/uploads\/2024\/11\/gold-laser-welder-300x300.jpg 300w, https:\/\/www.lasercleaner.tech\/wp-content\/uploads\/2024\/11\/gold-laser-welder-150x150.jpg 150w, https:\/\/www.lasercleaner.tech\/wp-content\/uploads\/2024\/11\/gold-laser-welder-100x100.jpg 100w\" data-sizes=\"(max-width: 600px) 100vw, 600px\" \/><\/div>\n\t\t<\/figure>\n\t<\/div>\n<\/div><\/div><\/div><\/div><div class=\"vc_row wpb_row vc_row-fluid\"><div class=\"wpb_column vc_column_container vc_col-sm-12\"><div class=\"vc_column-inner\"><div class=\"wpb_wrapper\">\n\t<div class=\"wpb_text_column wpb_content_element\" >\n\t\t<div class=\"wpb_wrapper\">\n\t\t\t<ul class=\"sisma__products--product-features sisma__typography--s1\">\n<li class=\"is-root\">Large front door operator comfort.<\/li>\n<li class=\"is-root\">Smart spot technology for sustained weld quality and consistency.<\/li>\n<li class=\"is-root\">CCD camera (optional)<\/li>\n<\/ul>\n\n\t\t<\/div>\n\t<\/div>\n<\/div><\/div><\/div><\/div><div class=\"vc_row wpb_row vc_row-fluid\"><div class=\"wpb_column vc_column_container vc_col-sm-12\"><div class=\"vc_column-inner\"><div class=\"wpb_wrapper\">\n\t<div  class=\"wpb_single_image wpb_content_element vc_align_left wpb_content_element\">\n\t\t\n\t\t<figure class=\"wpb_wrapper vc_figure\">\n\t\t\t<div class=\"vc_single_image-wrapper   vc_box_border_grey\"><img decoding=\"async\" width=\"600\" height=\"400\" src=\"data:image\/svg+xml,%3Csvg%20xmlns%3D&#39;http%3A%2F%2Fwww.w3.org%2F2000%2Fsvg&#39;%20width=&#39;600&#39;%20height=&#39;400&#39;%20viewBox%3D&#39;0%200%20600%20400&#39;%2F%3E\" data-czlz data-src=\"https:\/\/www.lasercleaner.tech\/wp-content\/uploads\/2024\/11\/gold-silver-laser-welding-machine.jpg\" class=\"vc_single_image-img attachment-full\" alt=\"\" title=\"gold silver laser welding machine\" data-srcset=\"https:\/\/www.lasercleaner.tech\/wp-content\/uploads\/2024\/11\/gold-silver-laser-welding-machine.jpg 600w, https:\/\/www.lasercleaner.tech\/wp-content\/uploads\/2024\/11\/gold-silver-laser-welding-machine-300x200.jpg 300w\" data-sizes=\"(max-width: 600px) 100vw, 600px\" \/><\/div>\n\t\t<\/figure>\n\t<\/div>\n<\/div><\/div><\/div><\/div><div class=\"vc_row wpb_row vc_row-fluid\"><div class=\"wpb_column vc_column_container vc_col-sm-12\"><div class=\"vc_column-inner\"><div class=\"wpb_wrapper\">\n\t<div class=\"wpb_text_column wpb_content_element\" >\n\t\t<div class=\"wpb_wrapper\">\n\t\t\t<p>1. Delivers high welding quality with clean gaps and eliminates the need for secondary processing, significantly enhancing the pass rate of finished products.<br \/>\n2. Features high productivity with fast welding speeds and quiet operation, greatly improving efficiency and reducing welding time.<br \/>\n3. Boasts a compact and elegant design that is user-friendly and ergonomic, allowing for comfortable long-term use without fatigue.<br \/>\n4. Equipped with a 7-inch LED display available in multiple languages, including Chinese, English, Russian, and Spanish, along with a blowing protection device.<br \/>\n5. A CCD monitoring system can be integrated with a 10X microscope for enhanced precision.<br \/>\n6. Compact structure design with a built-in water tank<br \/>\n7. Offers personalized customization options to meet specific needs.<\/p>\n\n\t\t<\/div>\n\t<\/div>\n<\/div><\/div><\/div><\/div><div class=\"vc_row wpb_row vc_row-fluid\"><div class=\"wpb_column vc_column_container vc_col-sm-12\"><div class=\"vc_column-inner\"><div class=\"wpb_wrapper\">\n\t<div  class=\"wpb_single_image wpb_content_element vc_align_left wpb_content_element\">\n\t\t\n\t\t<figure class=\"wpb_wrapper vc_figure\">\n\t\t\t<div class=\"vc_single_image-wrapper   vc_box_border_grey\"><img decoding=\"async\" width=\"800\" height=\"600\" src=\"data:image\/svg+xml,%3Csvg%20xmlns%3D&#39;http%3A%2F%2Fwww.w3.org%2F2000%2Fsvg&#39;%20width=&#39;800&#39;%20height=&#39;600&#39;%20viewBox%3D&#39;0%200%20800%20600&#39;%2F%3E\" data-czlz data-src=\"https:\/\/www.lasercleaner.tech\/wp-content\/uploads\/2024\/11\/\u6a59\u767d\u73e0\u5b9d\u710a\u6837\u54c1\u7167\u7247.png\" class=\"vc_single_image-img attachment-full\" alt=\"jewelry laser welder\" title=\"\u6a59\u767d\u73e0\u5b9d\u710a\u6837\u54c1\u7167\u7247\" data-srcset=\"https:\/\/www.lasercleaner.tech\/wp-content\/uploads\/2024\/11\/\u6a59\u767d\u73e0\u5b9d\u710a\u6837\u54c1\u7167\u7247.png 800w, https:\/\/www.lasercleaner.tech\/wp-content\/uploads\/2024\/11\/\u6a59\u767d\u73e0\u5b9d\u710a\u6837\u54c1\u7167\u7247-300x225.png 300w, https:\/\/www.lasercleaner.tech\/wp-content\/uploads\/2024\/11\/\u6a59\u767d\u73e0\u5b9d\u710a\u6837\u54c1\u7167\u7247-768x576.png 768w, https:\/\/www.lasercleaner.tech\/wp-content\/uploads\/2024\/11\/\u6a59\u767d\u73e0\u5b9d\u710a\u6837\u54c1\u7167\u7247-600x450.png 600w\" data-sizes=\"(max-width: 800px) 100vw, 800px\" \/><\/div>\n\t\t<\/figure>\n\t<\/div>\n<\/div><\/div><\/div><\/div><div class=\"vc_row wpb_row vc_row-fluid\"><div class=\"wpb_column vc_column_container vc_col-sm-12\"><div class=\"vc_column-inner\"><div class=\"wpb_wrapper\">\n\t<div class=\"wpb_video_widget wpb_content_element vc_clearfix   vc_video-aspect-ratio-169 vc_video-el-width-70 vc_video-align-left\" >\n\t\t<div class=\"wpb_wrapper\">\n\t\t\t\n\t\t\t<div class=\"wpb_video_wrapper\"><iframe title=\"200W Pro Jewelry Laser Welder\" width=\"500\" height=\"281\" src=\"https:\/\/www.youtube.com\/embed\/5yZF_XqWtg8?feature=oembed\" frameborder=\"0\" allow=\"accelerometer; autoplay; clipboard-write; encrypted-media; gyroscope; picture-in-picture; web-share\" referrerpolicy=\"strict-origin-when-cross-origin\" allowfullscreen><\/iframe><\/div>\n\t\t<\/div>\n\t<\/div>\n<\/div><\/div><\/div><\/div><div class=\"vc_row wpb_row vc_row-fluid\"><div class=\"wpb_column vc_column_container vc_col-sm-12\"><div class=\"vc_column-inner\"><div class=\"wpb_wrapper\">\n\t<div class=\"wpb_text_column wpb_content_element\" >\n\t\t<div class=\"wpb_wrapper\">\n\t\t\t<p><strong>E\u0219antioane de sudur\u0103 cu laser<\/strong><\/p>\n\n\t\t<\/div>\n\t<\/div>\n\n\t<div  class=\"wpb_single_image wpb_content_element vc_align_left wpb_content_element\">\n\t\t\n\t\t<figure class=\"wpb_wrapper vc_figure\">\n\t\t\t<div class=\"vc_single_image-wrapper   vc_box_border_grey\"><img decoding=\"async\" width=\"800\" height=\"600\" src=\"data:image\/svg+xml,%3Csvg%20xmlns%3D&#39;http%3A%2F%2Fwww.w3.org%2F2000%2Fsvg&#39;%20width=&#39;800&#39;%20height=&#39;600&#39;%20viewBox%3D&#39;0%200%20800%20600&#39;%2F%3E\" data-czlz data-src=\"https:\/\/www.lasercleaner.tech\/wp-content\/uploads\/2024\/11\/\u6a59\u767d\u73e0\u5b9d\u710a\u5de5\u5382\u7167\u7247-1.png\" class=\"vc_single_image-img attachment-full\" alt=\"jewlery laser welder\" title=\"\u6a59\u767d\u73e0\u5b9d\u710a\u5de5\u5382\u7167\u7247 (1)\" data-srcset=\"https:\/\/www.lasercleaner.tech\/wp-content\/uploads\/2024\/11\/\u6a59\u767d\u73e0\u5b9d\u710a\u5de5\u5382\u7167\u7247-1.png 800w, https:\/\/www.lasercleaner.tech\/wp-content\/uploads\/2024\/11\/\u6a59\u767d\u73e0\u5b9d\u710a\u5de5\u5382\u7167\u7247-1-300x225.png 300w, https:\/\/www.lasercleaner.tech\/wp-content\/uploads\/2024\/11\/\u6a59\u767d\u73e0\u5b9d\u710a\u5de5\u5382\u7167\u7247-1-768x576.png 768w, https:\/\/www.lasercleaner.tech\/wp-content\/uploads\/2024\/11\/\u6a59\u767d\u73e0\u5b9d\u710a\u5de5\u5382\u7167\u7247-1-600x450.png 600w\" data-sizes=\"(max-width: 800px) 100vw, 800px\" \/><\/div>\n\t\t<\/figure>\n\t<\/div>\n<\/div><\/div><\/div><\/div><div class=\"vc_row wpb_row vc_row-fluid\"><div class=\"wpb_column vc_column_container vc_col-sm-12\"><div class=\"vc_column-inner\"><div class=\"wpb_wrapper\">\n\t<div class=\"wpb_text_column wpb_content_element\" >\n\t\t<div class=\"wpb_wrapper\">\n\t\t\t<p><strong>Pachet de sudor laser<\/strong><\/p>\n\n\t\t<\/div>\n\t<\/div>\n\n\t<div  class=\"wpb_single_image wpb_content_element vc_align_left wpb_content_element\">\n\t\t\n\t\t<figure class=\"wpb_wrapper vc_figure\">\n\t\t\t<div class=\"vc_single_image-wrapper   vc_box_border_grey\"><img decoding=\"async\" width=\"800\" height=\"276\" src=\"data:image\/svg+xml,%3Csvg%20xmlns%3D&#39;http%3A%2F%2Fwww.w3.org%2F2000%2Fsvg&#39;%20width=&#39;800&#39;%20height=&#39;276&#39;%20viewBox%3D&#39;0%200%20800%20276&#39;%2F%3E\" data-czlz data-src=\"https:\/\/www.lasercleaner.tech\/wp-content\/uploads\/2024\/11\/LASER-WELDER-JEWELRY.jpg\" class=\"vc_single_image-img attachment-full\" alt=\"\" title=\"LASER WELDER JEWELRY\" data-srcset=\"https:\/\/www.lasercleaner.tech\/wp-content\/uploads\/2024\/11\/LASER-WELDER-JEWELRY.jpg 800w, https:\/\/www.lasercleaner.tech\/wp-content\/uploads\/2024\/11\/LASER-WELDER-JEWELRY-300x104.jpg 300w, https:\/\/www.lasercleaner.tech\/wp-content\/uploads\/2024\/11\/LASER-WELDER-JEWELRY-768x265.jpg 768w, https:\/\/www.lasercleaner.tech\/wp-content\/uploads\/2024\/11\/LASER-WELDER-JEWELRY-600x207.jpg 600w\" data-sizes=\"(max-width: 800px) 100vw, 800px\" \/><\/div>\n\t\t<\/figure>\n\t<\/div>\n<\/div><\/div><\/div><\/div><div class=\"vc_row wpb_row vc_row-fluid\"><div class=\"wpb_column vc_column_container vc_col-sm-12\"><div class=\"vc_column-inner\"><div class=\"wpb_wrapper\">\n\t<div class=\"wpb_text_column wpb_content_element\" >\n\t\t<div class=\"wpb_wrapper\">\n\t\t\t<p>**De ce s\u0103 alege\u021bi BOGONG LASER**<\/p>\n<p>BOGONG renumit pentru calitatea sa de echipamente laser \u0219i servicii pentru servicii post-v\u00e2nzare, Ma\u0219inile noastre sunt versatile \u0219i u\u0219or de utilizat, concepute cu toate nivelurile de calificare \u00een minte. Mai presus de toate, prioritiz\u0103m satisfac\u021bia clientului. Fie c\u0103 sunte\u021bi un expert experimentat sau un \u00eencep\u0103tor, BOGONG LASER este aici pentru a v\u0103 sprijini la fiecare pas al drumului. Ave\u021bi \u00eencredere \u00een noi \u0219i \u00een serviciile noastre, unde excelen\u021ba \u0219i inova\u021bia se unesc pentru succesul dumneavoastr\u0103.<\/p>\n\n\t\t<\/div>\n\t<\/div>\n<\/div><\/div><\/div><\/div>\n<\/div>","protected":false},"excerpt":{"rendered":"<h1>200W Pro Jewellery Laser Welding Machine<\/h1>\n<p>This Mini 200W Pro Jewellery with &#8230; <\/p>","protected":false},"featured_media":1946,"template":"","meta":[],"product_brand":[],"product_cat":[116],"product_tag":[114,113,107],"class_list":{"0":"post-1945","1":"product","2":"type-product","3":"status-publish","4":"has-post-thumbnail","6":"product_cat-jewelry-laser-welder","7":"product_tag-gold-siver-laser-welder","8":"product_tag-jewelry-laser-welder","9":"product_tag-laser-welding-machine","11":"first","12":"instock","13":"shipping-taxable","14":"product-type-simple"},"_links":{"self":[{"href":"https:\/\/www.lasercleaner.tech\/ro\/wp-json\/wp\/v2\/product\/1945","targetHints":{"allow":["GET"]}}],"collection":[{"href":"https:\/\/www.lasercleaner.tech\/ro\/wp-json\/wp\/v2\/product"}],"about":[{"href":"https:\/\/www.lasercleaner.tech\/ro\/wp-json\/wp\/v2\/types\/product"}],"wp:featuredmedia":[{"embeddable":true,"href":"https:\/\/www.lasercleaner.tech\/ro\/wp-json\/wp\/v2\/media\/1946"}],"wp:attachment":[{"href":"https:\/\/www.lasercleaner.tech\/ro\/wp-json\/wp\/v2\/media?parent=1945"}],"wp:term":[{"taxonomy":"product_brand","embeddable":true,"href":"https:\/\/www.lasercleaner.tech\/ro\/wp-json\/wp\/v2\/product_brand?post=1945"},{"taxonomy":"product_cat","embeddable":true,"href":"https:\/\/www.lasercleaner.tech\/ro\/wp-json\/wp\/v2\/product_cat?post=1945"},{"taxonomy":"product_tag","embeddable":true,"href":"https:\/\/www.lasercleaner.tech\/ro\/wp-json\/wp\/v2\/product_tag?post=1945"}],"curies":[{"name":"wp","href":"https:\/\/api.w.org\/{rel}","templated":true}]}}