{"id":1904,"date":"2024-11-21T14:41:07","date_gmt":"2024-11-21T06:41:07","guid":{"rendered":"https:\/\/bogonglaser.com\/?post_type=product&#038;p=1904"},"modified":"2024-11-21T15:48:01","modified_gmt":"2024-11-21T07:48:01","slug":"cw-laser-cleaning-machine","status":"publish","type":"product","link":"https:\/\/www.lasercleaner.tech\/ro\/produs\/cw-laser-cleaning-machine\/","title":{"rendered":"CW Laser Cleanging Machine"},"content":{"rendered":"<div class=\"wpb-content-wrapper\"><div class=\"vc_row wpb_row vc_row-fluid\"><div class=\"wpb_column vc_column_container vc_col-sm-12\"><div class=\"vc_column-inner\"><div class=\"wpb_wrapper\">\n\t<div class=\"wpb_text_column wpb_content_element\" >\n\t\t<div class=\"wpb_wrapper\">\n\t\t\t<p>Ma\u0219ina de cur\u0103\u021bare cu laser cu fibr\u0103 CW faciliteaz\u0103 \u00eendep\u0103rtarea poluan\u021bilor organici \u0219i a materialelor anorganice, cum ar fi coroziunea metalic\u0103, particulele metalice \u0219i praful de pe o varietate de suprafe\u021be, inclusiv metal, plastic, ceramic\u0103, sticl\u0103, piatr\u0103 \u0219i beton.<\/p>\n<p>Este perfect pentru cur\u0103\u021barea zonelor mari, cum ar fi structurile de o\u021bel sau \u021bevile mari.<\/p>\n<p>Acest dispozitiv avansat de cur\u0103\u021bare cu laser func\u021bioneaz\u0103 \u00een modul f\u0103r\u0103 contact \u0219i nu necesit\u0103 agen\u021bi chimici, asigur\u00e2nd o cur\u0103\u021bare eficient\u0103 \u0219i ecologic\u0103.<\/p>\n\n\t\t<\/div>\n\t<\/div>\n<\/div><\/div><\/div><\/div><div class=\"vc_row wpb_row vc_row-fluid\"><div class=\"wpb_column vc_column_container vc_col-sm-12\"><div class=\"vc_column-inner\"><div class=\"wpb_wrapper\">\n\t<div  class=\"wpb_single_image wpb_content_element vc_align_left wpb_content_element\">\n\t\t\n\t\t<figure class=\"wpb_wrapper vc_figure\">\n\t\t\t<div class=\"vc_single_image-wrapper   vc_box_border_grey\"><img decoding=\"async\" width=\"700\" height=\"394\" src=\"data:image\/svg+xml,%3Csvg%20xmlns%3D&#39;http%3A%2F%2Fwww.w3.org%2F2000%2Fsvg&#39;%20width=&#39;700&#39;%20height=&#39;394&#39;%20viewBox%3D&#39;0%200%20700%20394&#39;%2F%3E\" data-czlz data-src=\"https:\/\/www.lasercleaner.tech\/wp-content\/uploads\/2024\/11\/LASER-WELDER.jpg\" class=\"vc_single_image-img attachment-full\" alt=\"\" title=\"LASER WELDER\" data-srcset=\"https:\/\/www.lasercleaner.tech\/wp-content\/uploads\/2024\/11\/LASER-WELDER.jpg 700w, https:\/\/www.lasercleaner.tech\/wp-content\/uploads\/2024\/11\/LASER-WELDER-300x169.jpg 300w, https:\/\/www.lasercleaner.tech\/wp-content\/uploads\/2024\/11\/LASER-WELDER-600x338.jpg 600w\" data-sizes=\"(max-width: 700px) 100vw, 700px\" \/><\/div>\n\t\t<\/figure>\n\t<\/div>\n<\/div><\/div><\/div><\/div><div class=\"vc_row wpb_row vc_row-fluid\"><div class=\"wpb_column vc_column_container vc_col-sm-12\"><div class=\"vc_column-inner\"><div class=\"wpb_wrapper\">\n\t<div class=\"wpb_text_column wpb_content_element\" >\n\t\t<div class=\"wpb_wrapper\">\n\t\t\t<p>Fie c\u0103 este vorba de \u00eendep\u0103rtarea ruginii de pe poduri sau de cur\u0103\u021barea instala\u021biilor metalice mari, cum ar fi stadioanele \u0219i fabricile, ma\u0219ina de cur\u0103\u021bat cu laser Bogong 2000W\/3000W este perfect\u0103 pentru o varietate de sarcini de cur\u0103\u021bare industrial\u0103. Cu cea mai recent\u0103 genera\u021bie de tehnologie de cur\u0103\u021bare industrial\u0103, ve\u021bi beneficia de eficien\u021b\u0103 \u0219i siguran\u021b\u0103 sporite.<\/p>\n<p>BOGONG CW Fiber Laser Rust Removal and Cleaning Machine este proiectat pentru durabilitate, ofer\u0103 o cur\u0103\u021bare excep\u021bional\u0103 a suprafe\u021belor care v\u0103 poate ridica procesele de produc\u021bie. investi\u021bi \u00een CW Fiber Laser Cleaning Machine 2000W\/3000W \u0219i vede\u021bi cum tehnologia de cur\u0103\u021bare cu laser v\u0103 poate transforma opera\u021biunile. Cre\u0219te\u021bi productivitatea, men\u021bine\u021bi siguran\u021ba \u0219i respecta\u021bi standardele de mediu cu acest instrument vital pentru orice afacere orientat\u0103 spre viitor.<\/p>\n\n\t\t<\/div>\n\t<\/div>\n<\/div><\/div><\/div><\/div><div class=\"vc_row wpb_row vc_row-fluid\"><div class=\"wpb_column vc_column_container vc_col-sm-12\"><div class=\"vc_column-inner\"><div class=\"wpb_wrapper\">\n\t<div  class=\"wpb_single_image wpb_content_element vc_align_left wpb_content_element\">\n\t\t\n\t\t<figure class=\"wpb_wrapper vc_figure\">\n\t\t\t<div class=\"vc_single_image-wrapper   vc_box_border_grey\"><img decoding=\"async\" width=\"700\" height=\"394\" src=\"data:image\/svg+xml,%3Csvg%20xmlns%3D&#39;http%3A%2F%2Fwww.w3.org%2F2000%2Fsvg&#39;%20width=&#39;700&#39;%20height=&#39;394&#39;%20viewBox%3D&#39;0%200%20700%20394&#39;%2F%3E\" data-czlz data-src=\"https:\/\/www.lasercleaner.tech\/wp-content\/uploads\/2024\/11\/handheld-laser-cleaner.jpg\" class=\"vc_single_image-img attachment-full\" alt=\"\" title=\"cur\u0103\u021b\u0103tor laser portabil\" data-srcset=\"https:\/\/www.lasercleaner.tech\/wp-content\/uploads\/2024\/11\/handheld-laser-cleaner.jpg 700w, https:\/\/www.lasercleaner.tech\/wp-content\/uploads\/2024\/11\/handheld-laser-cleaner-300x169.jpg 300w, https:\/\/www.lasercleaner.tech\/wp-content\/uploads\/2024\/11\/handheld-laser-cleaner-600x338.jpg 600w\" data-sizes=\"(max-width: 700px) 100vw, 700px\" \/><\/div>\n\t\t<\/figure>\n\t<\/div>\n<\/div><\/div><\/div><\/div><div class=\"vc_row wpb_row vc_row-fluid\"><div class=\"wpb_column vc_column_container vc_col-sm-12\"><div class=\"vc_column-inner\"><div class=\"wpb_wrapper\">\n\t<div class=\"wpb_text_column wpb_content_element\" >\n\t\t<div class=\"wpb_wrapper\">\n\t\t\t<p>Aceast\u0103 tehnologie utilizeaz\u0103 o raz\u0103 laser de mare putere. Atunci c\u00e2nd raza atinge o suprafa\u021b\u0103, lumina \u0219i c\u0103ldura sunt absorbite, provoc\u00e2nd o reac\u021bie. Odat\u0103 ce atinge un anumit nivel de energie, acesta rupe leg\u0103turile moleculare din suprafa\u021b\u0103, vaporiz\u00e2nd efectiv materialul.<\/p>\n<p>De obicei, murd\u0103ria sau contaminan\u021bii de pe suprafa\u021b\u0103 au un prag energetic mai sc\u0103zut pentru aceast\u0103 reac\u021bie dec\u00e2t materialul de baz\u0103. Acest lucru \u00eenseamn\u0103 c\u0103 murd\u0103ria se va vaporiza prima, rezult\u00e2nd o deteriorare minim\u0103 a suprafe\u021bei de dedesubt.<\/p>\n\n\t\t<\/div>\n\t<\/div>\n<\/div><\/div><\/div><\/div><div class=\"vc_row wpb_row vc_row-fluid\"><div class=\"wpb_column vc_column_container vc_col-sm-12\"><div class=\"vc_column-inner\"><div class=\"wpb_wrapper\">\n\t<div  class=\"wpb_single_image wpb_content_element vc_align_left wpb_content_element\">\n\t\t\n\t\t<figure class=\"wpb_wrapper vc_figure\">\n\t\t\t<div class=\"vc_single_image-wrapper   vc_box_border_grey\"><img decoding=\"async\" width=\"600\" height=\"400\" src=\"data:image\/svg+xml,%3Csvg%20xmlns%3D&#39;http%3A%2F%2Fwww.w3.org%2F2000%2Fsvg&#39;%20width=&#39;600&#39;%20height=&#39;400&#39;%20viewBox%3D&#39;0%200%20600%20400&#39;%2F%3E\" data-czlz data-src=\"https:\/\/www.lasercleaner.tech\/wp-content\/uploads\/2024\/11\/cw-laser-welder.jpg\" class=\"vc_single_image-img attachment-full\" alt=\"\" title=\"sudor laser cw\" data-srcset=\"https:\/\/www.lasercleaner.tech\/wp-content\/uploads\/2024\/11\/cw-laser-welder.jpg 600w, https:\/\/www.lasercleaner.tech\/wp-content\/uploads\/2024\/11\/cw-laser-welder-300x200.jpg 300w\" data-sizes=\"(max-width: 600px) 100vw, 600px\" \/><\/div>\n\t\t<\/figure>\n\t<\/div>\n<\/div><\/div><\/div><\/div><div class=\"vc_row wpb_row vc_row-fluid\"><div class=\"wpb_column vc_column_container vc_col-sm-12\"><div class=\"vc_column-inner\"><div class=\"wpb_wrapper\">\n\t<div class=\"wpb_video_widget wpb_content_element vc_clearfix   vc_video-aspect-ratio-169 vc_video-el-width-100 vc_video-align-left\" >\n\t\t<div class=\"wpb_wrapper\">\n\t\t\t\n\t\t\t<div class=\"wpb_video_wrapper\"><iframe title=\"Cea mai mic\u0103 ma\u0219in\u0103 de cur\u0103\u021bare cu laser 1000W 1500W 2000W Rust cu Fiber Raycus Max Reci Laser Source\" width=\"413\" height=\"310\" src=\"https:\/\/www.youtube.com\/embed\/-or9ILVlGFA?feature=oembed\" frameborder=\"0\" allow=\"accelerometer; autoplay; clipboard-write; encrypted-media; gyroscope; picture-in-picture; web-share\" referrerpolicy=\"strict-origin-when-cross-origin\" allowfullscreen><\/iframe><\/div>\n\t\t<\/div>\n\t<\/div>\n<\/div><\/div><\/div><\/div><div class=\"vc_row wpb_row vc_row-fluid\"><div class=\"wpb_column vc_column_container vc_col-sm-12\"><div class=\"vc_column-inner\"><div class=\"wpb_wrapper\">\n\t<div class=\"wpb_text_column wpb_content_element\" >\n\t\t<div class=\"wpb_wrapper\">\n\t\t\t<p>Avantaje:<\/p>\n<p>- Cur\u0103\u021bare f\u0103r\u0103 contact, care minimizeaz\u0103 deteriorarea substratului de baz\u0103.<br \/>\n- Cur\u0103\u021bare de precizie: \u021ainte\u0219te zone specifice folosind set\u0103ri personalizate ale fasciculului.<br \/>\n- Cur\u0103\u021bare selectiv\u0103: \u00cendep\u0103rteaz\u0103 individual diferite straturi de murd\u0103rie \u00een func\u021bie de pragurile de abla\u021bie ale acestora.<br \/>\n- Eficien\u021b\u0103 ridicat\u0103 de cur\u0103\u021bare.<br \/>\n- Design compact \u0219i stabil, care necesit\u0103 o \u00eentre\u021binere minim\u0103.<br \/>\n- Operare u\u0219oar\u0103 sau poate fi integrat cu un bra\u021b robotizat pentru cur\u0103\u021bare automat\u0103.<br \/>\n- Nu sunt necesare substan\u021be chimice, ghea\u021b\u0103 carbonic\u0103 sau alte materiale de cur\u0103\u021bare. Doar c\u00e2teva consumabile o fac sigur\u0103 \u0219i ecologic\u0103.<\/p>\n\n\t\t<\/div>\n\t<\/div>\n<\/div><\/div><\/div><\/div><div class=\"vc_row wpb_row vc_row-fluid\"><div class=\"wpb_column vc_column_container vc_col-sm-12\"><div class=\"vc_column-inner\"><div class=\"wpb_wrapper\">\n\t<div class=\"wpb_text_column wpb_content_element\" >\n\t\t<div class=\"wpb_wrapper\">\n\t\t\t<p><strong>E\u0219antioane de sudur\u0103 cu laser<\/strong><\/p>\n\n\t\t<\/div>\n\t<\/div>\n\n\t<div  class=\"wpb_single_image wpb_content_element vc_align_left wpb_content_element\">\n\t\t\n\t\t<figure class=\"wpb_wrapper vc_figure\">\n\t\t\t<div class=\"vc_single_image-wrapper   vc_box_border_grey\"><img decoding=\"async\" width=\"800\" height=\"600\" src=\"data:image\/svg+xml,%3Csvg%20xmlns%3D&#39;http%3A%2F%2Fwww.w3.org%2F2000%2Fsvg&#39;%20width=&#39;800&#39;%20height=&#39;600&#39;%20viewBox%3D&#39;0%200%20800%20600&#39;%2F%3E\" data-czlz data-src=\"https:\/\/www.lasercleaner.tech\/wp-content\/uploads\/2024\/11\/\u56fd\u6e901000w\u6e05\u6d17\u673a\u6837\u54c1\u7167\u7247-1.png\" class=\"vc_single_image-img attachment-full\" alt=\"500W pusle laser cleaning machine\" title=\"Cur\u0103\u021b\u0103tor cu laser cu puls de 500W\" data-srcset=\"https:\/\/www.lasercleaner.tech\/wp-content\/uploads\/2024\/11\/\u56fd\u6e901000w\u6e05\u6d17\u673a\u6837\u54c1\u7167\u7247-1.png 800w, https:\/\/www.lasercleaner.tech\/wp-content\/uploads\/2024\/11\/\u56fd\u6e901000w\u6e05\u6d17\u673a\u6837\u54c1\u7167\u7247-1-300x225.png 300w, https:\/\/www.lasercleaner.tech\/wp-content\/uploads\/2024\/11\/\u56fd\u6e901000w\u6e05\u6d17\u673a\u6837\u54c1\u7167\u7247-1-768x576.png 768w, https:\/\/www.lasercleaner.tech\/wp-content\/uploads\/2024\/11\/\u56fd\u6e901000w\u6e05\u6d17\u673a\u6837\u54c1\u7167\u7247-1-600x450.png 600w\" data-sizes=\"(max-width: 800px) 100vw, 800px\" \/><\/div>\n\t\t<\/figure>\n\t<\/div>\n<\/div><\/div><\/div><\/div><div class=\"vc_row wpb_row vc_row-fluid\"><div class=\"wpb_column vc_column_container vc_col-sm-12\"><div class=\"vc_column-inner\"><div class=\"wpb_wrapper\">\n\t<div class=\"wpb_text_column wpb_content_element\" >\n\t\t<div class=\"wpb_wrapper\">\n\t\t\t<p>De ce tot mai mul\u021bi produc\u0103tori apeleaz\u0103 la cur\u0103\u021barea cu laser pentru preg\u0103tirea materialelor?<\/p>\n<p>Cur\u0103\u021barea cu laser prezint\u0103 mai multe avantaje fa\u021b\u0103 de metodele tradi\u021bionale. \u00cen primul r\u00e2nd, elimin\u0103 nevoia de solven\u021bi \u0219i materiale abrazive, care pot complica eliminarea. Spre deosebire de alte procese care pot fi lipsite de precizie \u0219i care necesit\u0103 adesea interven\u021bie manual\u0103, cur\u0103\u021barea cu laser permite aplicarea controlat\u0103 \u00een zone specifice ale unei piese. Acest proces poate fi u\u0219or automatizat pentru a spori productivitatea \u0219i asigur\u0103 repetabilitatea pe care o cer acum multe standarde de calitate. Ca urmare, produc\u0103torii consider\u0103 cur\u0103\u021barea cu laser o op\u021biune mai eficient\u0103 \u0219i mai fiabil\u0103 pentru preg\u0103tirea materialelor.<\/p>\n\n\t\t<\/div>\n\t<\/div>\n<\/div><\/div><\/div><\/div><div class=\"vc_row wpb_row vc_row-fluid\"><div class=\"wpb_column vc_column_container vc_col-sm-6\"><div class=\"vc_column-inner\"><div class=\"wpb_wrapper\">\n\t<div class=\"wpb_text_column wpb_content_element\" >\n\t\t<div class=\"wpb_wrapper\">\n\t\t\t<h3><strong>Sistem de ma\u0219ini de cur\u0103\u021bat cu laser<\/strong><\/h3>\n<p>Laserele pot asigura cur\u0103\u021barea de mare vitez\u0103 \u0219i preg\u0103tirea suprafe\u021belor \u00een aproape toate industriile. Procesul cu \u00eentre\u021binere redus\u0103 \u0219i u\u0219or de automatizat poate fi utilizat pentru a \u00eendep\u0103rta uleiul \u0219i gr\u0103simea, pentru a \u00eendep\u0103rta vopseaua sau straturile sau pentru a modifica textura suprafe\u021bei, de exemplu prin ad\u0103ugarea de rugozit\u0103\u021bi pentru a cre\u0219te aderen\u021ba.<\/p>\n<p>Nu sunt utilizate materiale abrazive, f\u0103r\u0103 probleme de separare \u0219i eliminare a contaminan\u021bilor<\/p>\n<p>Nu sunt utiliza\u021bi solven\u021bi - proces f\u0103r\u0103 chimicale \u0219i ecologic<\/p>\n<p>Selectiv din punct de vedere spa\u021bial - cur\u0103\u021barea doar a zonei necesare, economisind timp \u0219i costuri prin ignorarea regiunilor care nu conteaz\u0103<\/p>\n\n\t\t<\/div>\n\t<\/div>\n<\/div><\/div><\/div><div class=\"wpb_column vc_column_container vc_col-sm-6\"><div class=\"vc_column-inner\"><div class=\"wpb_wrapper\">\n\t<div  class=\"wpb_single_image wpb_content_element vc_align_left wpb_content_element\">\n\t\t\n\t\t<figure class=\"wpb_wrapper vc_figure\">\n\t\t\t<div class=\"vc_single_image-wrapper   vc_box_border_grey\"><img decoding=\"async\" width=\"600\" height=\"366\" src=\"data:image\/svg+xml,%3Csvg%20xmlns%3D&#39;http%3A%2F%2Fwww.w3.org%2F2000%2Fsvg&#39;%20width=&#39;600&#39;%20height=&#39;366&#39;%20viewBox%3D&#39;0%200%20600%20366&#39;%2F%3E\" data-czlz data-src=\"https:\/\/www.lasercleaner.tech\/wp-content\/uploads\/2024\/11\/laser-cleaning-machine-cw.jpg\" class=\"vc_single_image-img attachment-full\" alt=\"\" title=\"ma\u0219in\u0103 de cur\u0103\u021bat cu laser cw\" data-srcset=\"https:\/\/www.lasercleaner.tech\/wp-content\/uploads\/2024\/11\/laser-cleaning-machine-cw.jpg 600w, https:\/\/www.lasercleaner.tech\/wp-content\/uploads\/2024\/11\/laser-cleaning-machine-cw-300x183.jpg 300w\" data-sizes=\"(max-width: 600px) 100vw, 600px\" \/><\/div>\n\t\t<\/figure>\n\t<\/div>\n<\/div><\/div><\/div><\/div><div class=\"vc_row wpb_row vc_row-fluid\"><div class=\"wpb_column vc_column_container vc_col-sm-12\"><div class=\"vc_column-inner\"><div class=\"wpb_wrapper\">\n\t<div class=\"wpb_text_column wpb_content_element\" >\n\t\t<div class=\"wpb_wrapper\">\n\t\t\t<p><strong>Pachet de sudor laser<\/strong><\/p>\n\n\t\t<\/div>\n\t<\/div>\n\n\t<div  class=\"wpb_single_image wpb_content_element vc_align_left wpb_content_element\">\n\t\t\n\t\t<figure class=\"wpb_wrapper vc_figure\">\n\t\t\t<div class=\"vc_single_image-wrapper   vc_box_border_grey\"><img decoding=\"async\" width=\"719\" height=\"280\" src=\"data:image\/svg+xml,%3Csvg%20xmlns%3D&#39;http%3A%2F%2Fwww.w3.org%2F2000%2Fsvg&#39;%20width=&#39;719&#39;%20height=&#39;280&#39;%20viewBox%3D&#39;0%200%20719%20280&#39;%2F%3E\" data-czlz data-src=\"https:\/\/www.lasercleaner.tech\/wp-content\/uploads\/2024\/11\/laser-welder-machine-1.jpg\" class=\"vc_single_image-img attachment-full\" alt=\"\" title=\"aparat de sudur\u0103 cu laser (1)\" data-srcset=\"https:\/\/www.lasercleaner.tech\/wp-content\/uploads\/2024\/11\/laser-welder-machine-1.jpg 719w, https:\/\/www.lasercleaner.tech\/wp-content\/uploads\/2024\/11\/laser-welder-machine-1-300x117.jpg 300w, https:\/\/www.lasercleaner.tech\/wp-content\/uploads\/2024\/11\/laser-welder-machine-1-600x234.jpg 600w\" data-sizes=\"(max-width: 719px) 100vw, 719px\" \/><\/div>\n\t\t<\/figure>\n\t<\/div>\n<\/div><\/div><\/div><\/div><div class=\"vc_row wpb_row vc_row-fluid\"><div class=\"wpb_column vc_column_container vc_col-sm-12\"><div class=\"vc_column-inner\"><div class=\"wpb_wrapper\">\n\t<div class=\"wpb_text_column wpb_content_element\" >\n\t\t<div class=\"wpb_wrapper\">\n\t\t\t<p>**De ce s\u0103 alege\u021bi BOGONG LASER**<\/p>\n<p>BOGONG renumit pentru calitatea sa de echipamente laser \u0219i servicii pentru servicii post-v\u00e2nzare, Ma\u0219inile noastre sunt versatile \u0219i u\u0219or de utilizat, concepute cu toate nivelurile de calificare \u00een minte. Mai presus de toate, prioritiz\u0103m satisfac\u021bia clientului. Fie c\u0103 sunte\u021bi un expert experimentat sau un \u00eencep\u0103tor, BOGONG LASER este aici pentru a v\u0103 sprijini la fiecare pas al drumului. Ave\u021bi \u00eencredere \u00een noi \u0219i \u00een serviciile noastre, unde excelen\u021ba \u0219i inova\u021bia se unesc pentru succesul dumneavoastr\u0103.<\/p>\n\n\t\t<\/div>\n\t<\/div>\n<\/div><\/div><\/div><\/div>\n<\/div>","protected":false},"excerpt":{"rendered":"<h1>CW Fiber Laser ma\u0219in\u0103 de cur\u0103\u021bare<\/h1>\n<p>If you want remove rust on large &#8230; <\/p>","protected":false},"featured_media":1821,"template":"","meta":[],"product_brand":[],"product_cat":[94],"product_tag":[109,108,107],"class_list":{"0":"post-1904","1":"product","2":"type-product","3":"status-publish","4":"has-post-thumbnail","6":"product_cat-laser-cleaning-machine","7":"product_tag-fiber-laser-welder","8":"product_tag-handheld-laser-welder","9":"product_tag-laser-welding-machine","11":"first","12":"instock","13":"shipping-taxable","14":"product-type-simple"},"_links":{"self":[{"href":"https:\/\/www.lasercleaner.tech\/ro\/wp-json\/wp\/v2\/product\/1904","targetHints":{"allow":["GET"]}}],"collection":[{"href":"https:\/\/www.lasercleaner.tech\/ro\/wp-json\/wp\/v2\/product"}],"about":[{"href":"https:\/\/www.lasercleaner.tech\/ro\/wp-json\/wp\/v2\/types\/product"}],"wp:featuredmedia":[{"embeddable":true,"href":"https:\/\/www.lasercleaner.tech\/ro\/wp-json\/wp\/v2\/media\/1821"}],"wp:attachment":[{"href":"https:\/\/www.lasercleaner.tech\/ro\/wp-json\/wp\/v2\/media?parent=1904"}],"wp:term":[{"taxonomy":"product_brand","embeddable":true,"href":"https:\/\/www.lasercleaner.tech\/ro\/wp-json\/wp\/v2\/product_brand?post=1904"},{"taxonomy":"product_cat","embeddable":true,"href":"https:\/\/www.lasercleaner.tech\/ro\/wp-json\/wp\/v2\/product_cat?post=1904"},{"taxonomy":"product_tag","embeddable":true,"href":"https:\/\/www.lasercleaner.tech\/ro\/wp-json\/wp\/v2\/product_tag?post=1904"}],"curies":[{"name":"wp","href":"https:\/\/api.w.org\/{rel}","templated":true}]}}