{"id":1828,"date":"2024-11-14T15:48:52","date_gmt":"2024-11-14T07:48:52","guid":{"rendered":"https:\/\/bogonglaser.com\/?post_type=product&#038;p=1828"},"modified":"2025-01-20T20:48:15","modified_gmt":"2025-01-20T12:48:15","slug":"best-handheld-laser-welder","status":"publish","type":"product","link":"https:\/\/www.lasercleaner.tech\/ro\/produs\/best-handheld-laser-welder\/","title":{"rendered":"Best Handheld Laser Welder Welding Machine"},"content":{"rendered":"<div class=\"wpb-content-wrapper\"><div class=\"vc_row wpb_row vc_row-fluid\"><div class=\"wpb_column vc_column_container vc_col-sm-12\"><div class=\"vc_column-inner\"><div class=\"wpb_wrapper\">\n\t<div class=\"wpb_text_column wpb_content_element\" >\n\t\t<div class=\"wpb_wrapper\">\n\t\t\t<p>BOGONG ofer\u0103 cele mai bune ma\u0219ini de sudur\u0103 cu laser portabile<\/p>\n<p>Proiectate pentru a fi u\u0219or de utilizat, aceste aparate de sudur\u0103 cu laser portabile sunt manevrabile \u0219i pot fi ac\u021bionate cu un pistol de sudur\u0103 portabil, fiind ideale pentru conexiunile \u00eembin\u0103rilor metalice at\u00e2t \u00een interior, c\u00e2t \u0219i \u00een exterior.<\/p>\n<p>Aceste ma\u0219ini ofer\u0103 avantajul sud\u0103rii f\u0103r\u0103 contact pentru componente complexe. Aparatul de sudur\u0103 manual cu fascicul laser poate separa eficient spectrul \u00een func\u021bie de timp \u0219i energie, permi\u021b\u00e2nd efectuarea mai multor suduri simultane. Comparativ cu metodele tradi\u021bionale de sudare MIG, TIG \u0219i electric\u0103, aceast\u0103 tehnologie ofer\u0103 o precizie sporit\u0103 \u00een procesul de sudare.<\/p>\n\n\t\t<\/div>\n\t<\/div>\n<\/div><\/div><\/div><\/div><div class=\"vc_row wpb_row vc_row-fluid\"><div class=\"wpb_column vc_column_container vc_col-sm-12\"><div class=\"vc_column-inner\"><div class=\"wpb_wrapper\">\n\t<div  class=\"wpb_single_image wpb_content_element vc_align_left wpb_content_element\">\n\t\t\n\t\t<figure class=\"wpb_wrapper vc_figure\">\n\t\t\t<div class=\"vc_single_image-wrapper   vc_box_border_grey\"><img decoding=\"async\" width=\"600\" height=\"600\" src=\"data:image\/svg+xml,%3Csvg%20xmlns%3D&#39;http%3A%2F%2Fwww.w3.org%2F2000%2Fsvg&#39;%20width=&#39;600&#39;%20height=&#39;600&#39;%20viewBox%3D&#39;0%200%20600%20600&#39;%2F%3E\" data-czlz data-src=\"https:\/\/www.lasercleaner.tech\/wp-content\/uploads\/2024\/11\/laser-welder-handheld-1.jpg\" class=\"vc_single_image-img attachment-full\" alt=\"\" title=\"sudor laser portabil\" data-srcset=\"https:\/\/www.lasercleaner.tech\/wp-content\/uploads\/2024\/11\/laser-welder-handheld-1.jpg 600w, https:\/\/www.lasercleaner.tech\/wp-content\/uploads\/2024\/11\/laser-welder-handheld-1-300x300.jpg 300w, https:\/\/www.lasercleaner.tech\/wp-content\/uploads\/2024\/11\/laser-welder-handheld-1-150x150.jpg 150w, https:\/\/www.lasercleaner.tech\/wp-content\/uploads\/2024\/11\/laser-welder-handheld-1-100x100.jpg 100w\" data-sizes=\"(max-width: 600px) 100vw, 600px\" \/><\/div>\n\t\t<\/figure>\n\t<\/div>\n<\/div><\/div><\/div><\/div><div class=\"vc_row wpb_row vc_row-fluid\"><div class=\"wpb_column vc_column_container vc_col-sm-12\"><div class=\"vc_column-inner\"><div class=\"wpb_wrapper\">\n\t<div class=\"wpb_text_column wpb_content_element\" >\n\t\t<div class=\"wpb_wrapper\">\n\t\t\t<h2>Avantajul sudorului laser portabil:<\/h2>\n<p>\u2714 Ofer\u0103 diferite op\u021biuni de putere laser ( 1500W, 2000W, 3000W) pentru diferite ad\u00e2ncimi de penetrare.<\/p>\n<p>\u2714 Portabil \u0219i u\u0219or de utilizat, ceea ce \u00eel face ideal at\u00e2t pentru proiectele de sudur\u0103 \u00een interior, c\u00e2t \u0219i \u00een exterior.<\/p>\n<p>\u2714 Viteze rapide de sudare - de 2 p\u00e2n\u0103 la 10 ori mai rapide dec\u00e2t sudoarele MMA, TIG \u0219i MIG tradi\u021bionale.<\/p>\n<p>\u2714 Produce cus\u0103turi sudate drepte \u0219i uniforme care sunt netede \u0219i curate, cu penetrare profund\u0103 \u0219i conicitate minim\u0103, elimin\u00e2nd necesitatea lustruirii \u0219i economisind timp \u0219i costuri.<\/p>\n<p>\u2714 Creeaz\u0103 articula\u021bii metalice puternice f\u0103r\u0103 deformare \u0219i reduce cicatricile.<\/p>\n<p>\u2714 Consum redus de materiale \u0219i energie, contribuind la o durat\u0103 de via\u021b\u0103 mai lung\u0103.<\/p>\n<p>\u2714 U\u0219or de utilizat \u0219i sigur, cu func\u021bionare ecologic\u0103.<\/p>\n\n\t\t<\/div>\n\t<\/div>\n<\/div><\/div><\/div><\/div><div class=\"vc_row wpb_row vc_row-fluid\"><div class=\"wpb_column vc_column_container vc_col-sm-12\"><div class=\"vc_column-inner\"><div class=\"wpb_wrapper\">\n\t<div  class=\"wpb_single_image wpb_content_element vc_align_left wpb_content_element\">\n\t\t\n\t\t<figure class=\"wpb_wrapper vc_figure\">\n\t\t\t<div class=\"vc_single_image-wrapper   vc_box_border_grey\"><img decoding=\"async\" width=\"600\" height=\"600\" src=\"data:image\/svg+xml,%3Csvg%20xmlns%3D&#39;http%3A%2F%2Fwww.w3.org%2F2000%2Fsvg&#39;%20width=&#39;600&#39;%20height=&#39;600&#39;%20viewBox%3D&#39;0%200%20600%20600&#39;%2F%3E\" data-czlz data-src=\"https:\/\/www.lasercleaner.tech\/wp-content\/uploads\/2024\/11\/fiber-laser-welder-1.jpg\" class=\"vc_single_image-img attachment-full\" alt=\"\" title=\"sudor laser cu fibr\u0103\" data-srcset=\"https:\/\/www.lasercleaner.tech\/wp-content\/uploads\/2024\/11\/fiber-laser-welder-1.jpg 600w, https:\/\/www.lasercleaner.tech\/wp-content\/uploads\/2024\/11\/fiber-laser-welder-1-300x300.jpg 300w, https:\/\/www.lasercleaner.tech\/wp-content\/uploads\/2024\/11\/fiber-laser-welder-1-150x150.jpg 150w, https:\/\/www.lasercleaner.tech\/wp-content\/uploads\/2024\/11\/fiber-laser-welder-1-100x100.jpg 100w\" data-sizes=\"(max-width: 600px) 100vw, 600px\" \/><\/div>\n\t\t<\/figure>\n\t<\/div>\n<\/div><\/div><\/div><\/div><div class=\"vc_row wpb_row vc_row-fluid\"><div class=\"wpb_column vc_column_container vc_col-sm-12\"><div class=\"vc_column-inner\"><div class=\"wpb_wrapper\">\n\t<div class=\"wpb_text_column wpb_content_element\" >\n\t\t<div class=\"wpb_wrapper\">\n\t\t\t<h2>Caracteristici ale ma\u0219inii portabile de sudare cu laser cu fibr\u0103<\/h2>\n<p>\u21f2 Ofer\u0103 o densitate mare de energie laser cu o zon\u0103 minim\u0103 de efect termic, reduc\u00e2nd riscul de deformare \u0219i elimin\u00e2nd necesitatea unei prelucr\u0103ri ulterioare extinse.<\/p>\n<p>\u21f2 Dulap de control compact all-in-one care include generatorul laser, sursa de alimentare, r\u0103citorul industrial de ap\u0103 \u0219i controlerul - puternic, dar u\u0219or de mutat.<\/p>\n<p>\u21f2 Suport\u0103 diverse tehnici de sudare, inclusiv sudarea prin puncte, cus\u0103turi, cuie, cap la cap, poal\u0103, \u00eembinare, margine, stiv\u0103, sertizare \u0219i tee.<\/p>\n<p>\u21f2 Func\u021biile avansate de detectare \u0219i protec\u021bie asigur\u0103 o func\u021bionare stabil\u0103 pe termen lung, minimiz\u00e2nd pierderile poten\u021biale \u0219i riscurile de siguran\u021b\u0103.<\/p>\n<p>\u21f2 Func\u021bionarea f\u0103r\u0103 contact este lipsit\u0103 de stres, f\u0103r\u0103 zgomot \u0219i ecologic\u0103, aliniindu-se standardelor de procesare ecologic\u0103.<\/p>\n<p>\u21f2 Produce suduri de \u00eenalt\u0103 calitate, cu un finisaj neted \u0219i curat.<\/p>\n<p>\u21f2 Capacit\u0103\u021bile de comunicare permit monitorizarea \u00een timp real a tuturor datelor laser.<\/p>\n<p>\u21f2 Echipat cu o fibr\u0103 specializat\u0103 pentru sudarea micilor lovituri de lipire.<\/p>\n<p>\u21f2 Raza laser cu fibr\u0103 de \u00eenalt\u0103 calitate asigur\u0103 o eficien\u021b\u0103 ridicat\u0103 a conversiei, rezult\u00e2nd o vitez\u0103 de procesare rapid\u0103, un raport de aspect ridicat \u0219i suduri puternice.<\/p>\n<p>\u21f2 Un sistem spectral avansat reduce pierderea de energie, asigur\u00e2nd o energie laser uniform\u0103 pe toate fibrele.<\/p>\n<p>\u21f2 Utiliza\u021bi transmisia prin fibr\u0103 optic\u0103 pentru sudarea de la distan\u021b\u0103 \u0219i v\u0103 pute\u021bi integra cu u\u0219urin\u021b\u0103 cu bancuri de lucru automate, manipulatoare \u0219i linii de asamblare, rezult\u00e2nd pete de lumin\u0103 mai uniforme \u0219i \u00eembin\u0103ri de lipit estetice pl\u0103cute.<\/p>\n<p>\u21f2 Semnalele multiple de intrare \u0219i ie\u0219ire faciliteaz\u0103 produc\u021bia automat\u0103 \u0219i integrarea liniei de asamblare.<\/p>\n<p>\u21f2 \u00cembin\u0103rile prin lipire ecologice prezint\u0103 o rezisten\u021b\u0103 \u0219i o duritate comparabile cu sau mai mari dec\u00e2t cele ale metalului de baz\u0103.<\/p>\n<p>\u21f2 Interfa\u021b\u0103 cu ecran tactil u\u0219or de utilizat pentru configurare \u0219i operare simpl\u0103, cu un sistem de operare intuitiv care este u\u0219or de \u00eenv\u0103\u021bat.<\/p>\n<p>\u21f2 O varietate de duze unghiulare \u0219i specifica\u021bii pentru duzele de alimentare cu s\u00e2rm\u0103 sunt disponibile pentru a se potrivi diferitelor cerin\u021be ale proiectelor de sudur\u0103.<\/p>\n\n\t\t<\/div>\n\t<\/div>\n<\/div><\/div><\/div><\/div><div class=\"vc_row wpb_row vc_row-fluid\"><div class=\"wpb_column vc_column_container vc_col-sm-12\"><div class=\"vc_column-inner\"><div class=\"wpb_wrapper\">\n\t<div  class=\"wpb_single_image wpb_content_element vc_align_left wpb_content_element\">\n\t\t\n\t\t<figure class=\"wpb_wrapper vc_figure\">\n\t\t\t<div class=\"vc_single_image-wrapper   vc_box_border_grey\"><img decoding=\"async\" width=\"600\" height=\"600\" src=\"data:image\/svg+xml,%3Csvg%20xmlns%3D&#39;http%3A%2F%2Fwww.w3.org%2F2000%2Fsvg&#39;%20width=&#39;600&#39;%20height=&#39;600&#39;%20viewBox%3D&#39;0%200%20600%20600&#39;%2F%3E\" data-czlz data-src=\"https:\/\/www.lasercleaner.tech\/wp-content\/uploads\/2024\/11\/laser-welder-machines.jpg\" class=\"vc_single_image-img attachment-full\" alt=\"\" title=\"ma\u0219ini de sudat cu laser\" data-srcset=\"https:\/\/www.lasercleaner.tech\/wp-content\/uploads\/2024\/11\/laser-welder-machines.jpg 600w, https:\/\/www.lasercleaner.tech\/wp-content\/uploads\/2024\/11\/laser-welder-machines-300x300.jpg 300w, https:\/\/www.lasercleaner.tech\/wp-content\/uploads\/2024\/11\/laser-welder-machines-150x150.jpg 150w, https:\/\/www.lasercleaner.tech\/wp-content\/uploads\/2024\/11\/laser-welder-machines-100x100.jpg 100w\" data-sizes=\"(max-width: 600px) 100vw, 600px\" \/><\/div>\n\t\t<\/figure>\n\t<\/div>\n<\/div><\/div><\/div><\/div><div class=\"vc_row wpb_row vc_row-fluid\"><div class=\"wpb_column vc_column_container vc_col-sm-12\"><div class=\"vc_column-inner\"><div class=\"wpb_wrapper\">\n\t<div class=\"wpb_text_column wpb_content_element\" >\n\t\t<div class=\"wpb_wrapper\">\n\t\t\t<h3>Ce este un pistol de sudur\u0103 laser portabil<\/h3>\n<p>Un pistol portabil de sudare cu laser este o solu\u021bie portabil\u0103 de sudare care combin\u0103 un generator laser, un controler, un sistem de r\u0103cire \u0219i un alimentator automat de s\u00e2rm\u0103, toate \u00eentr-un singur dispozitiv. Aceast\u0103 unealt\u0103 versatil\u0103 este capabil\u0103 de diferite tehnici de sudare, cum ar fi sudarea cu copci, cuie, cap la cap, \u00een poal\u0103, pe margini, prin sertizare \u0219i \u00een T, ceea ce o face perfect\u0103 pentru diferite tipuri de \u00eembin\u0103ri metalice. Flexibilitatea sa \u0219i designul u\u0219or de utilizat permit sudarea pe distan\u021be lungi \u0219i \u00een aer liber, permi\u021b\u00e2nd operatorilor s\u0103 lucreze cu u\u0219urin\u021b\u0103 la piese sudabile din orice unghi sau pozi\u021bie - ideal pentru abordarea \u00eembin\u0103rilor metalice complexe.<\/p>\n<p>Pistolul de sudur\u0103 este construit cu un corp de pistol, o camer\u0103 de r\u0103cire \u0219i o camer\u0103 de gaz protector. Designul s\u0103u compact \u0219i simplu \u00eel face u\u0219or de utilizat \u0219i de transportat. \u00cel pute\u021bi conecta cu u\u0219urin\u021b\u0103 la un mediu de r\u0103cire \u0219i la o surs\u0103 de gaz protector, care ajut\u0103 la r\u0103cirea pistolului laser \u0219i creeaz\u0103 o atmosfer\u0103 de gaz protector \u00een jurul zonei de lucru, asigur\u00e2nd o calitate constant\u0103 a sudurii.<\/p>\n<p>BOGONG ofer\u0103 mai multe m\u0103rci de capete laser din care pute\u021bi alege; consulta\u021bi videoclipul de mai jos pentru mai multe informa\u021bii.<\/p>\n\n\t\t<\/div>\n\t<\/div>\n<\/div><\/div><\/div><\/div><div class=\"vc_row wpb_row vc_row-fluid\"><div class=\"wpb_column vc_column_container vc_col-sm-12\"><div class=\"vc_column-inner\"><div class=\"wpb_wrapper\">\n\t<div class=\"wpb_video_widget wpb_content_element vc_clearfix   vc_video-aspect-ratio-169 vc_video-el-width-100 vc_video-align-left\" >\n\t\t<div class=\"wpb_wrapper\">\n\t\t\t\n\t\t\t<div class=\"wpb_video_wrapper\"><iframe title=\"Mai multe m\u0103rci de cap de sudur\u0103 cu laser cu fibr\u0103 portabil arat\u0103 | Care cap de sudur\u0103 cu laser este bun?\" width=\"500\" height=\"281\" src=\"https:\/\/www.youtube.com\/embed\/NSdcJZEIYs8?feature=oembed\" frameborder=\"0\" allow=\"accelerometer; autoplay; clipboard-write; encrypted-media; gyroscope; picture-in-picture; web-share\" referrerpolicy=\"strict-origin-when-cross-origin\" allowfullscreen><\/iframe><\/div>\n\t\t<\/div>\n\t<\/div>\n<\/div><\/div><\/div><\/div><div class=\"vc_row wpb_row vc_row-fluid\"><div class=\"wpb_column vc_column_container vc_col-sm-12\"><div class=\"vc_column-inner\"><div class=\"wpb_wrapper\">\n\t<div class=\"wpb_text_column wpb_content_element\" >\n\t\t<div class=\"wpb_wrapper\">\n\t\t\t<p><strong>Pachet de sudor laser<\/strong><\/p>\n\n\t\t<\/div>\n\t<\/div>\n\n\t<div  class=\"wpb_single_image wpb_content_element vc_align_left wpb_content_element\">\n\t\t\n\t\t<figure class=\"wpb_wrapper vc_figure\">\n\t\t\t<div class=\"vc_single_image-wrapper   vc_box_border_grey\"><img decoding=\"async\" width=\"600\" height=\"308\" src=\"data:image\/svg+xml,%3Csvg%20xmlns%3D&#39;http%3A%2F%2Fwww.w3.org%2F2000%2Fsvg&#39;%20width=&#39;600&#39;%20height=&#39;308&#39;%20viewBox%3D&#39;0%200%20600%20308&#39;%2F%3E\" data-czlz data-src=\"https:\/\/www.lasercleaner.tech\/wp-content\/uploads\/2024\/11\/handheld-laser-welder-machine.jpg\" class=\"vc_single_image-img attachment-full\" alt=\"\" title=\"aparat de sudur\u0103 laser portabil\" data-srcset=\"https:\/\/www.lasercleaner.tech\/wp-content\/uploads\/2024\/11\/handheld-laser-welder-machine.jpg 600w, https:\/\/www.lasercleaner.tech\/wp-content\/uploads\/2024\/11\/handheld-laser-welder-machine-300x154.jpg 300w\" data-sizes=\"(max-width: 600px) 100vw, 600px\" \/><\/div>\n\t\t<\/figure>\n\t<\/div>\n<\/div><\/div><\/div><\/div><div class=\"vc_row wpb_row vc_row-fluid\"><div class=\"wpb_column vc_column_container vc_col-sm-12\"><div class=\"vc_column-inner\"><div class=\"wpb_wrapper\">\n\t<div class=\"wpb_text_column wpb_content_element\" >\n\t\t<div class=\"wpb_wrapper\">\n\t\t\t<p>**De ce s\u0103 alege\u021bi BOGONG LASER**<\/p>\n<p>BOGONG renumit pentru calitatea sa de echipamente laser \u0219i servicii pentru servicii post-v\u00e2nzare, Ma\u0219inile noastre sunt versatile \u0219i u\u0219or de utilizat, concepute cu toate nivelurile de calificare \u00een minte. Mai presus de toate, prioritiz\u0103m satisfac\u021bia clientului. Fie c\u0103 sunte\u021bi un expert experimentat sau un \u00eencep\u0103tor, BOGONG LASER este aici pentru a v\u0103 sprijini la fiecare pas al drumului. Ave\u021bi \u00eencredere \u00een noi \u0219i \u00een serviciile noastre, unde excelen\u021ba \u0219i inova\u021bia se unesc pentru succesul dumneavoastr\u0103.<\/p>\n\n\t\t<\/div>\n\t<\/div>\n<\/div><\/div><\/div><\/div>\n<\/div>","protected":false},"excerpt":{"rendered":"<p>Descoperi\u021bi ma\u0219ina de sudur\u0103 cu laser portabil\u0103 2024 de v\u00e2nzare<\/p>\n<p>Introducing the &#8230; <\/p>","protected":false},"featured_media":1855,"template":"","meta":[],"product_brand":[],"product_cat":[115],"product_tag":[109,108,107],"class_list":{"0":"post-1828","1":"product","2":"type-product","3":"status-publish","4":"has-post-thumbnail","6":"product_cat-handheld-laser-welder","7":"product_tag-fiber-laser-welder","8":"product_tag-handheld-laser-welder","9":"product_tag-laser-welding-machine","11":"first","12":"instock","13":"shipping-taxable","14":"product-type-simple"},"_links":{"self":[{"href":"https:\/\/www.lasercleaner.tech\/ro\/wp-json\/wp\/v2\/product\/1828","targetHints":{"allow":["GET"]}}],"collection":[{"href":"https:\/\/www.lasercleaner.tech\/ro\/wp-json\/wp\/v2\/product"}],"about":[{"href":"https:\/\/www.lasercleaner.tech\/ro\/wp-json\/wp\/v2\/types\/product"}],"wp:featuredmedia":[{"embeddable":true,"href":"https:\/\/www.lasercleaner.tech\/ro\/wp-json\/wp\/v2\/media\/1855"}],"wp:attachment":[{"href":"https:\/\/www.lasercleaner.tech\/ro\/wp-json\/wp\/v2\/media?parent=1828"}],"wp:term":[{"taxonomy":"product_brand","embeddable":true,"href":"https:\/\/www.lasercleaner.tech\/ro\/wp-json\/wp\/v2\/product_brand?post=1828"},{"taxonomy":"product_cat","embeddable":true,"href":"https:\/\/www.lasercleaner.tech\/ro\/wp-json\/wp\/v2\/product_cat?post=1828"},{"taxonomy":"product_tag","embeddable":true,"href":"https:\/\/www.lasercleaner.tech\/ro\/wp-json\/wp\/v2\/product_tag?post=1828"}],"curies":[{"name":"wp","href":"https:\/\/api.w.org\/{rel}","templated":true}]}}