{"id":2063,"date":"2024-12-02T14:35:38","date_gmt":"2024-12-02T06:35:38","guid":{"rendered":"https:\/\/bogonglaser.com\/?page_id=2063"},"modified":"2024-12-05T22:59:01","modified_gmt":"2024-12-05T14:59:01","slug":"co2-laser-marking-machine","status":"publish","type":"page","link":"https:\/\/www.lasercleaner.tech\/ro\/laser-marking-machine\/co2-laser-marking-machine\/","title":{"rendered":"Ma\u0219in\u0103 de marcat cu laser CO2"},"content":{"rendered":"<div class=\"wpb-content-wrapper\"><div class=\"vc_row wpb_row vc_row-fluid\"><div class=\"wpb_column vc_column_container vc_col-sm-12\"><div class=\"vc_column-inner\"><div class=\"wpb_wrapper\">\n\t<div class=\"wpb_text_column wpb_content_element\" >\n\t\t<div class=\"wpb_wrapper\">\n\t\t\t<h1>Ma\u0219in\u0103 de marcat cu laser CO2<\/h1>\n<p>Gravatoarele cu laser CO\u2082 sunt denumite astfel pentru utilizarea gazului CO\u2082 ca mediu laser, lungimea de und\u0103 este de 10600nm, ceea ce \u00eenseamn\u0103 c\u0103 se bazeaz\u0103 \u00een mare m\u0103sur\u0103 pe c\u0103ldur\u0103. Acestea func\u021bioneaz\u0103 prin generarea de plasm\u0103 din gazul CO\u2082 \u00een interiorul unui tub, amplificarea luminii \u00eentre o oglind\u0103 reflectorizant\u0103 \u0219i un cuplaj de ie\u0219ire, apoi emiterea acesteia sub forma unei raze laser. Gravatoarele cu laser CO\u2082 sunt excelente pentru \u00eendep\u0103rtarea materialului \u0219i sunt deosebit de eficiente pentru marcarea materialelor organice precum cartonul, plasticul, sticla \u0219i lemnul.<\/p>\n\n\t\t<\/div>\n\t<\/div>\n<\/div><\/div><\/div><\/div><div class=\"vc_row wpb_row vc_row-fluid\"><div class=\"wpb_column vc_column_container vc_col-sm-12\"><div class=\"vc_column-inner\"><div class=\"wpb_wrapper\"><div class=\"vc_separator wpb_content_element vc_separator_align_center vc_sep_width_100 vc_sep_pos_align_center vc_sep_color_grey wpb_content_element vc_separator-has-text\" ><span class=\"vc_sep_holder vc_sep_holder_l\"><span class=\"vc_sep_line\"><\/span><\/span><h4>Ce sunt ma\u0219inile de marcat cu laser CO2?<\/h4><span class=\"vc_sep_holder vc_sep_holder_r\"><span class=\"vc_sep_line\"><\/span><\/span>\n<\/div>\n\t<div class=\"wpb_text_column wpb_content_element\" >\n\t\t<div class=\"wpb_wrapper\">\n\t\t\t<p>Ce este un laser CO2?<\/p>\n<p>Laserele CO2 utilizeaz\u0103 ca mediu gazul CO2, care este con\u021binut \u00eentr-un tub care are electrozi pentru desc\u0103rcarea electric\u0103. Atunci c\u00e2nd are loc o desc\u0103rcare electric\u0103, aceasta creeaz\u0103 plasm\u0103 \u00een interiorul gazului, iar lumina rezultat\u0103 este amplificat\u0103 pe m\u0103sur\u0103 ce sare \u00eenainte \u0219i \u00eenapoi \u00eentre o oglind\u0103 complet reflectorizant\u0103 \u0219i cuplorul de ie\u0219ire. \u00cen cele din urm\u0103, aceast\u0103 lumin\u0103 amplificat\u0103 este emis\u0103 ca un laser.<\/p>\n<p>Marcatoarele laser CO2 au o lungime de und\u0103 de zece ori mai mare dec\u00e2t cea a sistemelor tradi\u021bionale cu fibre. Acestea exceleaz\u0103 la marcarea materialelor precum plasticul, h\u00e2rtia, r\u0103\u0219inile, lemnul, cauciucul \u0219i chiar materialele transparente precum sticla \u0219i PET-ul.<\/p>\n\n\t\t<\/div>\n\t<\/div>\n<\/div><\/div><\/div><\/div><div class=\"vc_row wpb_row vc_row-fluid vc_custom_1729660184700 vc_row-has-fill\"><div class=\"wpb_column vc_column_container vc_col-sm-12\"><div class=\"vc_column-inner\"><div class=\"wpb_wrapper\">\n\t<div class=\"wpb_text_column wpb_content_element vc_custom_1733410735451\" >\n\t\t<div class=\"wpb_wrapper\">\n\t\t\t<p style=\"text-align: center;\"><span style=\"background-color: #aaaaaa;\"><strong><span style=\"font-family: 'Arial Black'; color: #ffffff; font-size: 17px; background-color: #aaaaaa;\">MA\u0218IN\u0102 DE MARCAT CU LASER CO2<\/span><\/strong><\/span><\/p>\n\n\t\t<\/div>\n\t<\/div>\n<\/div><\/div><\/div><\/div><div class=\"vc_row wpb_row vc_row-fluid vc_custom_1729684837878\"><div class=\"wpb_column vc_column_container vc_col-sm-6\"><div class=\"vc_column-inner\"><div class=\"wpb_wrapper\">\n\t<div class=\"wpb_video_widget wpb_content_element vc_clearfix   vc_video-aspect-ratio-169 vc_video-el-width-80 vc_video-align-left\" >\n\t\t<div class=\"wpb_wrapper\">\n\t\t\t\n\t\t\t<div class=\"wpb_video_wrapper\"><iframe title=\"Ce poate face o ma\u0219in\u0103 de marcat cu laser CO2?\" width=\"500\" height=\"281\" src=\"https:\/\/www.youtube.com\/embed\/RFstd3JMNEw?feature=oembed\" frameborder=\"0\" allow=\"accelerometer; autoplay; clipboard-write; encrypted-media; gyroscope; picture-in-picture; web-share\" referrerpolicy=\"strict-origin-when-cross-origin\" allowfullscreen><\/iframe><\/div>\n\t\t<\/div>\n\t<\/div>\n<\/div><\/div><\/div><div class=\"wpb_column vc_column_container vc_col-sm-6\"><div class=\"vc_column-inner\"><div class=\"wpb_wrapper\">\n\t<div class=\"wpb_text_column wpb_content_element\" >\n\t\t<div class=\"wpb_wrapper\">\n\t\t\t<p>Ma\u0219ina de marcat cu laser CO2 combin\u0103 tehnologia de ultim\u0103 genera\u021bie de marcare cu laser galvanometric cu un laser CO2 sigilat excitat prin RF.<\/p>\n<p>- Designul ergonomic al biroului spore\u0219te eficien\u021ba operatorului.<br \/>\n- Dispun\u00e2nd de un galvanometru de mare vitez\u0103, acesta ofer\u0103 viteze de marcare care sunt 30% mai mari dec\u00e2t produsele comparabile.<br \/>\n- Are o durat\u0103 lung\u0103 de via\u021b\u0103 \u0219i poate func\u021biona continuu timp de 24 de ore cu \u00eentre\u021binere minim\u0103.<br \/>\n- Software-ul de marcare ezcad include o interfa\u021b\u0103 u\u0219or de utilizat, ceea ce \u00eel face u\u0219or de utilizat de c\u0103tre operatori, f\u0103r\u0103 a fi nevoie de ajust\u0103ri constante.<br \/>\n- Ma\u0219inile personalizate pot fi adaptate pentru a \u00eendeplini cerin\u021bele specifice ale clien\u021bilor.<\/p>\n\n\t\t<\/div>\n\t<\/div>\n<\/div><\/div><\/div><\/div><div class=\"vc_row wpb_row vc_row-fluid\"><div class=\"wpb_column vc_column_container vc_col-sm-12\"><div class=\"vc_column-inner\"><div class=\"wpb_wrapper\"><div class=\"woocommerce columns-4\"><ul class=\"products columns-4\">\n<li class=\"product type-product post-1784 status-publish first instock product_cat-co2-laser-marker product_cat-laser-engraving-machine product_tag-laser-marking-machine has-post-thumbnail shipping-taxable product-type-simple\">\n\t<a href=\"https:\/\/www.lasercleaner.tech\/ro\/produs\/co2-laser-marking-machine\/\" class=\"woocommerce-LoopProduct-link woocommerce-loop-product__link\"><div class=\"xtra-product-thumbnail\"><img decoding=\"async\" width=\"600\" height=\"600\" src=\"data:image\/svg+xml,%3Csvg%20xmlns%3D&#39;http%3A%2F%2Fwww.w3.org%2F2000%2Fsvg&#39;%20width=&#39;600&#39;%20height=&#39;600&#39;%20viewBox%3D&#39;0%200%20600%20600&#39;%2F%3E\" data-czlz data-src=\"https:\/\/www.lasercleaner.tech\/wp-content\/uploads\/2024\/11\/06AB8DE256811849694156AA5F899172.png\" class=\"attachment-woocommerce_thumbnail size-woocommerce_thumbnail\" alt=\"CO2 laser marking machine\" data-data-srcset=\"https:\/\/www.lasercleaner.tech\/wp-content\/uploads\/2024\/11\/06AB8DE256811849694156AA5F899172.png 600w, https:\/\/www.lasercleaner.tech\/wp-content\/uploads\/2024\/11\/06AB8DE256811849694156AA5F899172-300x300.png 300w, https:\/\/www.lasercleaner.tech\/wp-content\/uploads\/2024\/11\/06AB8DE256811849694156AA5F899172-150x150.png 150w, https:\/\/www.lasercleaner.tech\/wp-content\/uploads\/2024\/11\/06AB8DE256811849694156AA5F899172-100x100.png 100w\" data-data-sizes=\"(max-width: 600px) 100vw, 600px\" \/><\/div><h2 class=\"woocommerce-loop-product__title\">Ma\u0219in\u0103 de marcat cu laser CO2<\/h2>\n<\/a><a href=\"https:\/\/www.lasercleaner.tech\/ro\/produs\/co2-laser-marking-machine\/\" aria-describedby=\"woocommerce_loop_add_to_cart_link_describedby_1784\" data-quantity=\"1\" class=\"button product_type_simple\" data-product_id=\"1784\" data-product_sku=\"\" aria-label=\"Cite\u0219te mai multe despre \u201eCO2 Laser Marking Machine\u201d\" rel=\"nofollow\" data-success_message=\"\" data-no-translation=\"\" data-trp-gettext=\"\" data-no-translation-aria-label=\"\">Cite\u0219te mai mult<\/a>\t<span id=\"woocommerce_loop_add_to_cart_link_describedby_1784\" class=\"screen-reader-text\">\n\t\t\t<\/span>\n<\/li>\n<\/ul>\n<\/div><\/div><\/div><\/div><\/div><div class=\"vc_row wpb_row vc_row-fluid vc_custom_1729665201674\"><div class=\"wpb_column vc_column_container vc_col-sm-12\"><div class=\"vc_column-inner\"><div class=\"wpb_wrapper\">\n\t<div class=\"wpb_text_column wpb_content_element\" >\n\t\t<div class=\"wpb_wrapper\">\n\t\t\t<h3>ALEGE\u021aI APARATUL DE MARCAT CU LASER CO2 PERFECT PENTRU \u00ceNCEP\u0102TORI \u0218I PROFESIONI\u0218TI<\/h3>\n\n\t\t<\/div>\n\t<\/div>\n<\/div><\/div><\/div><\/div><div class=\"vc_row wpb_row vc_row-fluid\"><div class=\"wpb_column vc_column_container vc_col-sm-12\"><div class=\"vc_column-inner\"><div class=\"wpb_wrapper\">\n\t<div class=\"wpb_text_column wpb_content_element\" >\n\t\t<div class=\"wpb_wrapper\">\n\t\t\t<h2>Instrumente de marcare cu laser CO2: Un ghid cuprinz\u0103tor de cump\u0103rare<\/h2>\n<p>Selectarea ma\u0219inii de marcat cu laser CO2 potrivite este crucial\u0103, indiferent dac\u0103 ave\u021bi o mic\u0103 afacere, lucra\u021bi \u00eentr-un cadru profesional sau ave\u021bi un hobby. Beneficiile acestor ma\u0219ini sunt evidente, dar cum \u0219ti\u021bi care dintre ele se potrive\u0219te cel mai bine nevoilor dumneavoastr\u0103? Factorii cheie de luat \u00een considerare includ puterea laserului, zona de marcare \u0219i software-ul compatibil. Acest ghid este aici pentru a v\u0103 ajuta s\u0103 face\u021bi o alegere \u00een cuno\u0219tin\u021b\u0103 de cauz\u0103, a\u0219a c\u0103 haide\u021bi s\u0103 \u00eencepem<\/p>\n<p>Cum func\u021bioneaz\u0103 marcarea cu laser CO2<\/p>\n<p>Marcarea cu laser se bazeaz\u0103 pe programarea computerizat\u0103. \u00cen primul r\u00e2nd, v\u0103 proiecta\u021bi imaginea sau textul \u0219i \u00eel \u00eenc\u0103rca\u021bi \u00een software-ul de marcare. Odat\u0103 ce ini\u021bia\u021bi programul CNC, ma\u0219ina execut\u0103 comenzile dvs. Raza laser este reflectat\u0103 prin intermediul oglinzilor XY \u0219i focalizat\u0103 pe materialul \u021bint\u0103. Aceast\u0103 ac\u021biune arde sau evapor\u0103 materialul, rezult\u00e2nd un contrast care eviden\u021biaz\u0103 designul dvs. \u00cenainte s\u0103 v\u0103 da\u021bi seama, proiectul dvs. marcat va fi finalizat!<\/p>\n<p>Unde sunt utilizate ma\u0219inile de marcat cu laser CO2<\/p>\n<p>perforarea sau gravarea materialelor organice delicate precum lemnul, textilele sau materialele plastice.<\/p>\n\n\t\t<\/div>\n\t<\/div>\n<\/div><\/div><\/div><\/div><div class=\"vc_row wpb_row vc_row-fluid\"><div class=\"wpb_column vc_column_container vc_col-sm-12\"><div class=\"vc_column-inner\"><div class=\"wpb_wrapper\"><div class=\"vc_separator wpb_content_element vc_separator_align_center vc_sep_width_100 vc_sep_pos_align_center vc_sep_color_grey wpb_content_element vc_separator-has-text\" ><span class=\"vc_sep_holder vc_sep_holder_l\"><span class=\"vc_sep_line\"><\/span><\/span><h4>Feedback-ul clien\u021bilor dup\u0103 achizi\u021bia ma\u0219inii BOGONG<\/h4><span class=\"vc_sep_holder vc_sep_holder_r\"><span class=\"vc_sep_line\"><\/span><\/span>\n<\/div><\/div><\/div><\/div><\/div><div class=\"vc_row wpb_row vc_row-fluid\"><div class=\"wpb_column vc_column_container vc_col-sm-3\"><div class=\"vc_column-inner\"><div class=\"wpb_wrapper\">\n\t<div class=\"wpb_video_widget wpb_content_element vc_clearfix   vc_video-aspect-ratio-169 vc_video-el-width-100 vc_video-align-left\" >\n\t\t<div class=\"wpb_wrapper\">\n\t\t\t\n\t\t\t<div class=\"wpb_video_wrapper\"><iframe title=\"HE LIKE BOGONG 3D LASER ENGRAVING MACHINE | CEL MAI BUN CHINA 3D LASER ENGRAVING MACHINE DE V\u00c2NZARE\" width=\"500\" height=\"281\" src=\"https:\/\/www.youtube.com\/embed\/aoAF09vq8LE?feature=oembed\" frameborder=\"0\" allow=\"accelerometer; autoplay; clipboard-write; encrypted-media; gyroscope; picture-in-picture; web-share\" referrerpolicy=\"strict-origin-when-cross-origin\" allowfullscreen><\/iframe><\/div>\n\t\t<\/div>\n\t<\/div>\n<\/div><\/div><\/div><div class=\"wpb_column vc_column_container vc_col-sm-3\"><div class=\"vc_column-inner\"><div class=\"wpb_wrapper\">\n\t<div class=\"wpb_video_widget wpb_content_element vc_clearfix   vc_video-aspect-ratio-169 vc_video-el-width-100 vc_video-align-left\" >\n\t\t<div class=\"wpb_wrapper\">\n\t\t\t\n\t\t\t<div class=\"wpb_video_wrapper\"><iframe title=\"Ce p\u0103rere ave\u021bi despre Gravorul Laser 3D BOGONG? | India Clientul a vizitat BOGONG \u0219i a cump\u0103rat 3D Laser Engraver\" width=\"500\" height=\"281\" src=\"https:\/\/www.youtube.com\/embed\/bq8eli66vTM?feature=oembed\" frameborder=\"0\" allow=\"accelerometer; autoplay; clipboard-write; encrypted-media; gyroscope; picture-in-picture; web-share\" referrerpolicy=\"strict-origin-when-cross-origin\" allowfullscreen><\/iframe><\/div>\n\t\t<\/div>\n\t<\/div>\n<\/div><\/div><\/div><div class=\"wpb_column vc_column_container vc_col-sm-3\"><div class=\"vc_column-inner\"><div class=\"wpb_wrapper\">\n\t<div class=\"wpb_video_widget wpb_content_element vc_clearfix   vc_video-aspect-ratio-169 vc_video-el-width-100 vc_video-align-left\" >\n\t\t<div class=\"wpb_wrapper\">\n\t\t\t\n\t\t\t<div class=\"wpb_video_wrapper\"><iframe title=\"BOGONG Buyer&#039;s Feedback Fiber Laser Engraving Machine | Cum despre BOGONG CNC\" width=\"500\" height=\"281\" src=\"https:\/\/www.youtube.com\/embed\/S90BrJfNo7o?feature=oembed\" frameborder=\"0\" allow=\"accelerometer; autoplay; clipboard-write; encrypted-media; gyroscope; picture-in-picture; web-share\" referrerpolicy=\"strict-origin-when-cross-origin\" allowfullscreen><\/iframe><\/div>\n\t\t<\/div>\n\t<\/div>\n<\/div><\/div><\/div><div class=\"wpb_column vc_column_container vc_col-sm-3\"><div class=\"vc_column-inner\"><div class=\"wpb_wrapper\">\n\t<div class=\"wpb_video_widget wpb_content_element vc_clearfix   vc_video-aspect-ratio-169 vc_video-el-width-100 vc_video-align-left\" >\n\t\t<div class=\"wpb_wrapper\">\n\t\t\t\n\t\t\t<div class=\"wpb_video_wrapper\"><iframe title=\"America Utilizator de \u00eenalt\u0103 Recomandare BOGONG Ma\u0219in\u0103 de gravur\u0103 cu laser pentru tine | Cea mai bun\u0103 ma\u0219in\u0103 de gravur\u0103 cu laser\" width=\"500\" height=\"281\" src=\"https:\/\/www.youtube.com\/embed\/unDhY2sA8h4?feature=oembed\" frameborder=\"0\" allow=\"accelerometer; autoplay; clipboard-write; encrypted-media; gyroscope; picture-in-picture; web-share\" referrerpolicy=\"strict-origin-when-cross-origin\" allowfullscreen><\/iframe><\/div>\n\t\t<\/div>\n\t<\/div>\n<\/div><\/div><\/div><\/div><div class=\"vc_row wpb_row vc_row-fluid\"><div class=\"wpb_column vc_column_container vc_col-sm-3\"><div class=\"vc_column-inner\"><div class=\"wpb_wrapper\">\n\t<div class=\"wpb_video_widget wpb_content_element vc_clearfix   vc_video-aspect-ratio-169 vc_video-el-width-100 vc_video-align-left\" >\n\t\t<div class=\"wpb_wrapper\">\n\t\t\t\n\t\t\t<div class=\"wpb_video_wrapper\"><iframe title=\"America User&#039;s Review about BOGONG LASER ENGRAVING CUTTING MACHINE | Cel mai bun t\u0103ietor de gravare cu laser\" width=\"500\" height=\"281\" src=\"https:\/\/www.youtube.com\/embed\/v3INTmFdolI?feature=oembed\" frameborder=\"0\" allow=\"accelerometer; autoplay; clipboard-write; encrypted-media; gyroscope; picture-in-picture; web-share\" referrerpolicy=\"strict-origin-when-cross-origin\" allowfullscreen><\/iframe><\/div>\n\t\t<\/div>\n\t<\/div>\n<\/div><\/div><\/div><div class=\"wpb_column vc_column_container vc_col-sm-3\"><div class=\"vc_column-inner\"><div class=\"wpb_wrapper\">\n\t<div class=\"wpb_video_widget wpb_content_element vc_clearfix   vc_video-aspect-ratio-169 vc_video-el-width-100 vc_video-align-left\" >\n\t\t<div class=\"wpb_wrapper\">\n\t\t\t\n\t\t\t<div class=\"wpb_video_wrapper\"><iframe title=\"Grenada User&#039;s Feedback BOGONG Ma\u0219in\u0103 de t\u0103iat \u0219i gravat cu laser | Cel mai bun laser pentru bijuterii din aur \u0219i argint\" width=\"500\" height=\"281\" src=\"https:\/\/www.youtube.com\/embed\/Y25Z0xbP7ZQ?feature=oembed\" frameborder=\"0\" allow=\"accelerometer; autoplay; clipboard-write; encrypted-media; gyroscope; picture-in-picture; web-share\" referrerpolicy=\"strict-origin-when-cross-origin\" allowfullscreen><\/iframe><\/div>\n\t\t<\/div>\n\t<\/div>\n<\/div><\/div><\/div><div class=\"wpb_column vc_column_container vc_col-sm-3\"><div class=\"vc_column-inner\"><div class=\"wpb_wrapper\">\n\t<div class=\"wpb_video_widget wpb_content_element vc_clearfix   vc_video-aspect-ratio-169 vc_video-el-width-100 vc_video-align-left\" >\n\t\t<div class=\"wpb_wrapper\">\n\t\t\t\n\t\t\t<div class=\"wpb_video_wrapper\"><iframe title=\"El a cump\u0103rat BOGONG Laser Engraver Cutter pentru bijuterii, Ce a f\u0103cut\uff1f CUM FUNC\u021aIONEAZ\u0102 MA\u0218INA LASER?\" width=\"500\" height=\"281\" src=\"https:\/\/www.youtube.com\/embed\/OYi7giXXm38?feature=oembed\" frameborder=\"0\" allow=\"accelerometer; autoplay; clipboard-write; encrypted-media; gyroscope; picture-in-picture; web-share\" referrerpolicy=\"strict-origin-when-cross-origin\" allowfullscreen><\/iframe><\/div>\n\t\t<\/div>\n\t<\/div>\n<\/div><\/div><\/div><div class=\"wpb_column vc_column_container vc_col-sm-3\"><div class=\"vc_column-inner\"><div class=\"wpb_wrapper\">\n\t<div class=\"wpb_video_widget wpb_content_element vc_clearfix   vc_video-aspect-ratio-169 vc_video-el-width-100 vc_video-align-left\" >\n\t\t<div class=\"wpb_wrapper\">\n\t\t\t\n\t\t\t<div class=\"wpb_video_wrapper\"><iframe title=\"BOGONG FEEDBACK-UL CLIEN\u021aILOR | CUM DESPRE BOGONG MA\u0218IN\u0102 CU LASER \u0218I SERVICII?\" width=\"500\" height=\"281\" src=\"https:\/\/www.youtube.com\/embed\/sRnVVD3zG48?feature=oembed\" frameborder=\"0\" allow=\"accelerometer; autoplay; clipboard-write; encrypted-media; gyroscope; picture-in-picture; web-share\" referrerpolicy=\"strict-origin-when-cross-origin\" allowfullscreen><\/iframe><\/div>\n\t\t<\/div>\n\t<\/div>\n<\/div><\/div><\/div><\/div><div class=\"vc_row wpb_row vc_row-fluid\"><div class=\"wpb_column vc_column_container vc_col-sm-3\"><div class=\"vc_column-inner\"><div class=\"wpb_wrapper\">\n\t<div class=\"wpb_video_widget wpb_content_element vc_clearfix   vc_video-aspect-ratio-169 vc_video-el-width-100 vc_video-align-left\" >\n\t\t<div class=\"wpb_wrapper\">\n\t\t\t\n\t\t\t<div class=\"wpb_video_wrapper\"><iframe title=\"El a cump\u0103rat BOGONG Laser Engraver | AMERICA Cump\u0103r\u0103torul \u0219i-a luat al doilea set de ma\u0219ini de marcat cu laser\" width=\"500\" height=\"281\" src=\"https:\/\/www.youtube.com\/embed\/X5r8d4Kxbg4?feature=oembed\" frameborder=\"0\" allow=\"accelerometer; autoplay; clipboard-write; encrypted-media; gyroscope; picture-in-picture; web-share\" referrerpolicy=\"strict-origin-when-cross-origin\" allowfullscreen><\/iframe><\/div>\n\t\t<\/div>\n\t<\/div>\n<\/div><\/div><\/div><div class=\"wpb_column vc_column_container vc_col-sm-3\"><div class=\"vc_column-inner\"><div class=\"wpb_wrapper\">\n\t<div class=\"wpb_video_widget wpb_content_element vc_clearfix   vc_video-aspect-ratio-169 vc_video-el-width-100 vc_video-align-left\" >\n\t\t<div class=\"wpb_wrapper\">\n\t\t\t\n\t\t\t<div class=\"wpb_video_wrapper\"><iframe title=\"Ma\u0219ina laser BOGONG a sosit! Ce a f\u0103cut \u00een 3 ore cu laser dinamic 3D de marcare, gravur\u0103 \u0219i t\u0103iere\" width=\"500\" height=\"281\" src=\"https:\/\/www.youtube.com\/embed\/FArxOPoSy0U?feature=oembed\" frameborder=\"0\" allow=\"accelerometer; autoplay; clipboard-write; encrypted-media; gyroscope; picture-in-picture; web-share\" referrerpolicy=\"strict-origin-when-cross-origin\" allowfullscreen><\/iframe><\/div>\n\t\t<\/div>\n\t<\/div>\n<\/div><\/div><\/div><div class=\"wpb_column vc_column_container vc_col-sm-3\"><div class=\"vc_column-inner\"><div class=\"wpb_wrapper\">\n\t<div class=\"wpb_video_widget wpb_content_element vc_clearfix   vc_video-aspect-ratio-169 vc_video-el-width-100 vc_video-align-left\" >\n\t\t<div class=\"wpb_wrapper\">\n\t\t\t\n\t\t\t<div class=\"wpb_video_wrapper\"><iframe title=\"Experien\u021ba clien\u021bilor BOGONG Vizitarea companiei BOGONG \u00een China\" width=\"413\" height=\"310\" src=\"https:\/\/www.youtube.com\/embed\/EQ3ht2Ef1cc?feature=oembed\" frameborder=\"0\" allow=\"accelerometer; autoplay; clipboard-write; encrypted-media; gyroscope; picture-in-picture; web-share\" referrerpolicy=\"strict-origin-when-cross-origin\" allowfullscreen><\/iframe><\/div>\n\t\t<\/div>\n\t<\/div>\n<\/div><\/div><\/div><div class=\"wpb_column vc_column_container vc_col-sm-3\"><div class=\"vc_column-inner\"><div class=\"wpb_wrapper\">\n\t<div class=\"wpb_video_widget wpb_content_element vc_clearfix   vc_video-aspect-ratio-169 vc_video-el-width-100 vc_video-align-left\" >\n\t\t<div class=\"wpb_wrapper\">\n\t\t\t\n\t\t\t<div class=\"wpb_video_wrapper\"><iframe title=\"Despachetarea BOGONG MOPA Fiber Laser Engraver | El a primit al doilea s\u0103u BOGONG Fiber Laser Engraving Machine\" width=\"500\" height=\"281\" src=\"https:\/\/www.youtube.com\/embed\/yENnS0u-uic?feature=oembed\" frameborder=\"0\" allow=\"accelerometer; autoplay; clipboard-write; encrypted-media; gyroscope; picture-in-picture; web-share\" referrerpolicy=\"strict-origin-when-cross-origin\" allowfullscreen><\/iframe><\/div>\n\t\t<\/div>\n\t<\/div>\n<\/div><\/div><\/div><\/div>\n<\/div>","protected":false},"excerpt":{"rendered":"CO2 Laser Marking Machine CO\u2082 laser engravers are named for their use of CO\u2082 gas as the laser medium, wavelength","protected":false},"author":1,"featured_media":0,"parent":1916,"menu_order":0,"comment_status":"closed","ping_status":"closed","template":"","meta":{"footnotes":""},"class_list":["post-2063","page","type-page","status-publish","hentry"],"_links":{"self":[{"href":"https:\/\/www.lasercleaner.tech\/ro\/wp-json\/wp\/v2\/pages\/2063","targetHints":{"allow":["GET"]}}],"collection":[{"href":"https:\/\/www.lasercleaner.tech\/ro\/wp-json\/wp\/v2\/pages"}],"about":[{"href":"https:\/\/www.lasercleaner.tech\/ro\/wp-json\/wp\/v2\/types\/page"}],"author":[{"embeddable":true,"href":"https:\/\/www.lasercleaner.tech\/ro\/wp-json\/wp\/v2\/users\/1"}],"replies":[{"embeddable":true,"href":"https:\/\/www.lasercleaner.tech\/ro\/wp-json\/wp\/v2\/comments?post=2063"}],"version-history":[{"count":0,"href":"https:\/\/www.lasercleaner.tech\/ro\/wp-json\/wp\/v2\/pages\/2063\/revisions"}],"up":[{"embeddable":true,"href":"https:\/\/www.lasercleaner.tech\/ro\/wp-json\/wp\/v2\/pages\/1916"}],"wp:attachment":[{"href":"https:\/\/www.lasercleaner.tech\/ro\/wp-json\/wp\/v2\/media?parent=2063"}],"curies":[{"name":"wp","href":"https:\/\/api.w.org\/{rel}","templated":true}]}}