{"id":2129,"date":"2024-12-06T11:26:13","date_gmt":"2024-12-06T03:26:13","guid":{"rendered":"https:\/\/bogonglaser.com\/?post_type=product&#038;p=2129"},"modified":"2024-12-06T14:01:49","modified_gmt":"2024-12-06T06:01:49","slug":"3d-uv-laser-marking-machine-2","status":"publish","type":"product","link":"https:\/\/www.lasercleaner.tech\/pt\/produto\/3d-uv-laser-marking-machine-2\/","title":{"rendered":"M\u00e1quina de marca\u00e7\u00e3o a laser UV 3D"},"content":{"rendered":"<div class=\"wpb-content-wrapper\"><div class=\"vc_row wpb_row vc_row-fluid\"><div class=\"wpb_column vc_column_container vc_col-sm-12\"><div class=\"vc_column-inner\"><div class=\"wpb_wrapper\">\n\t<div class=\"wpb_text_column wpb_content_element\" >\n\t\t<div class=\"wpb_wrapper\">\n\t\t\t<h2>O que \u00e9 uma m\u00e1quina de marca\u00e7\u00e3o a laser UV 3D?<\/h2>\n<p>A m\u00e1quina de marca\u00e7\u00e3o a laser 3D com fonte de laser UV, cabe\u00e7ote de laser 3D da s\u00e9rie U, software lenmark3ds\/Ezcad3 poderoso para processamento de imagens, possui uma lente din\u00e2mica dentro do cabe\u00e7ote de laser, que pode gravar em formas irregulares. As principais caracter\u00edsticas s\u00e3o as seguintes:<\/p>\n<ul>\n<li>Fonte de laser UV<\/li>\n<li>Software de grava\u00e7\u00e3o 3D para processamento de imagens<\/li>\n<li>Eixo R para marca\u00e7\u00e3o de an\u00e9is e pulseiras<\/li>\n<li>Cabe\u00e7ote de laser din\u00e2mico UV 3D<\/li>\n<li>Altura de foco ajust\u00e1vel de 15 a 80 mm<\/li>\n<li>Ampla sele\u00e7\u00e3o de opcionais<\/li>\n<li>2 anos de garantia<\/li>\n<\/ul>\n\n\t\t<\/div>\n\t<\/div>\n<\/div><\/div><\/div><\/div><div class=\"vc_row wpb_row vc_row-fluid\"><div class=\"wpb_column vc_column_container vc_col-sm-12\"><div class=\"vc_column-inner\"><div class=\"wpb_wrapper\">\n\t<div  class=\"wpb_single_image wpb_content_element vc_align_left wpb_content_element\">\n\t\t\n\t\t<figure class=\"wpb_wrapper vc_figure\">\n\t\t\t<div class=\"vc_single_image-wrapper   vc_box_border_grey\"><img decoding=\"async\" width=\"600\" height=\"400\" src=\"data:image\/svg+xml,%3Csvg%20xmlns%3D&#39;http%3A%2F%2Fwww.w3.org%2F2000%2Fsvg&#39;%20width=&#39;600&#39;%20height=&#39;400&#39;%20viewBox%3D&#39;0%200%20600%20400&#39;%2F%3E\" data-czlz data-src=\"https:\/\/www.lasercleaner.tech\/wp-content\/uploads\/2024\/12\/3D-UV-Laser-Marking-Machine.jpg\" class=\"vc_single_image-img attachment-full\" alt=\"\" title=\"M\u00e1quina de marca\u00e7\u00e3o a laser UV 3D\" data-srcset=\"https:\/\/www.lasercleaner.tech\/wp-content\/uploads\/2024\/12\/3D-UV-Laser-Marking-Machine.jpg 600w, https:\/\/www.lasercleaner.tech\/wp-content\/uploads\/2024\/12\/3D-UV-Laser-Marking-Machine-300x200.jpg 300w\" data-sizes=\"(max-width: 600px) 100vw, 600px\" \/><\/div>\n\t\t<\/figure>\n\t<\/div>\n<\/div><\/div><\/div><\/div><div class=\"vc_row wpb_row vc_row-fluid\"><div class=\"wpb_column vc_column_container vc_col-sm-12\"><div class=\"vc_column-inner\"><div class=\"wpb_wrapper\">\n\t<div class=\"wpb_video_widget wpb_content_element vc_clearfix   vc_video-aspect-ratio-169 vc_video-el-width-80 vc_video-align-left\" >\n\t\t<div class=\"wpb_wrapper\">\n\t\t\t<h2 class=\"wpb_heading wpb_video_heading\">Exposi\u00e7\u00e3o da m\u00e1quina de marca\u00e7\u00e3o a laser 3D UV da BOGONG<\/h2>\n\t\t\t<div class=\"wpb_video_wrapper\"><iframe title=\"Melhor m\u00e1quina de marca\u00e7\u00e3o a laser para vidro 3D da China | M\u00e1quina de grava\u00e7\u00e3o a laser para vidro\" width=\"500\" height=\"281\" src=\"https:\/\/www.youtube.com\/embed\/Na_1pKoJTMQ?feature=oembed\" frameborder=\"0\" allow=\"accelerometer; autoplay; clipboard-write; encrypted-media; gyroscope; picture-in-picture; web-share\" referrerpolicy=\"strict-origin-when-cross-origin\" allowfullscreen><\/iframe><\/div>\n\t\t<\/div>\n\t<\/div>\n<\/div><\/div><\/div><\/div><div class=\"vc_row wpb_row vc_row-fluid\"><div class=\"wpb_column vc_column_container vc_col-sm-12\"><div class=\"vc_column-inner\"><div class=\"wpb_wrapper\">\n\t<div class=\"wpb_text_column wpb_content_element\" >\n\t\t<div class=\"wpb_wrapper\">\n\t\t\t<h2>Caracter\u00edsticas da m\u00e1quina de marca\u00e7\u00e3o a laser UV 3D:<\/h2>\n<p>1. Aplica\u00e7\u00f5es vers\u00e1teis<br \/>\nA m\u00e1quina de marca\u00e7\u00e3o a laser 3D foi projetada para marca\u00e7\u00e3o de superf\u00edcies curvas tridimensionais, capaz de focalizar pontos finos e fornecer marca\u00e7\u00f5es uniformes em uma faixa de toler\u00e2ncia de altura de 0 a 80 mm. N\u00e3o h\u00e1 necessidade de ajustes de foco, o que permite a marca\u00e7\u00e3o perfeita de produtos irregulares, como superf\u00edcies curvas, inclinadas, escalonadas, esferas, cilindros e cones em uma \u00fanica opera\u00e7\u00e3o.<\/p>\n<p>2. Excelente qualidade de entalhe profundo<br \/>\nEquipada com um sistema de marca\u00e7\u00e3o de precis\u00e3o 3D e uma fonte de laser ultravioleta, a m\u00e1quina se destaca em v\u00e1rias necessidades de grava\u00e7\u00e3o, incluindo grava\u00e7\u00e3o em relevo, grava\u00e7\u00e3o profunda e grava\u00e7\u00e3o c\u00f4ncava\/convexa. Ela oferece alta precis\u00e3o e resultados visualmente atraentes.<\/p>\n\n\t\t<\/div>\n\t<\/div>\n<\/div><\/div><\/div><\/div><div class=\"vc_row wpb_row vc_row-fluid\"><div class=\"wpb_column vc_column_container vc_col-sm-12\"><div class=\"vc_column-inner\"><div class=\"wpb_wrapper\">\n\t<div class=\"wpb_video_widget wpb_content_element vc_clearfix   vc_video-aspect-ratio-169 vc_video-el-width-80 vc_video-align-left\" >\n\t\t<div class=\"wpb_wrapper\">\n\t\t\t<h2 class=\"wpb_heading wpb_video_heading\">M\u00e1quina de marca\u00e7\u00e3o a laser 3D UV da BOGONG para garrafas de vidro<\/h2>\n\t\t\t<div class=\"wpb_video_wrapper\"><iframe title=\"M\u00e1quina de grava\u00e7\u00e3o e marca\u00e7\u00e3o a laser para vidro | Marcador a laser UV 3D\" width=\"500\" height=\"281\" src=\"https:\/\/www.youtube.com\/embed\/F-M4iF703pw?feature=oembed\" frameborder=\"0\" allow=\"accelerometer; autoplay; clipboard-write; encrypted-media; gyroscope; picture-in-picture; web-share\" referrerpolicy=\"strict-origin-when-cross-origin\" allowfullscreen><\/iframe><\/div>\n\t\t<\/div>\n\t<\/div>\n<\/div><\/div><\/div><\/div><div class=\"vc_row wpb_row vc_row-fluid\"><div class=\"wpb_column vc_column_container vc_col-sm-12\"><div class=\"vc_column-inner\"><div class=\"wpb_wrapper\">\n\t<div class=\"wpb_video_widget wpb_content_element vc_clearfix   vc_video-aspect-ratio-169 vc_video-el-width-80 vc_video-align-left\" >\n\t\t<div class=\"wpb_wrapper\">\n\t\t\t<h2 class=\"wpb_heading wpb_video_heading\">M\u00e1quina de marca\u00e7\u00e3o a laser UV 3D para relevo de vidro<\/h2>\n\t\t\t<div class=\"wpb_video_wrapper\"><iframe title=\"Gravador a laser UV 3D para grava\u00e7\u00e3o em relevo em vidro | M\u00e1quina de marca\u00e7\u00e3o a laser UV 3D para venda na China\" width=\"500\" height=\"281\" src=\"https:\/\/www.youtube.com\/embed\/GPWp4Pm7TFI?feature=oembed\" frameborder=\"0\" allow=\"accelerometer; autoplay; clipboard-write; encrypted-media; gyroscope; picture-in-picture; web-share\" referrerpolicy=\"strict-origin-when-cross-origin\" allowfullscreen><\/iframe><\/div>\n\t\t<\/div>\n\t<\/div>\n<\/div><\/div><\/div><\/div><div class=\"vc_row wpb_row vc_row-fluid\"><div class=\"wpb_column vc_column_container vc_col-sm-12\"><div class=\"vc_column-inner\"><div class=\"wpb_wrapper\">\n\t<div class=\"wpb_text_column wpb_content_element\" >\n\t\t<div class=\"wpb_wrapper\">\n\t\t\t<h3>Aplica\u00e7\u00f5es da m\u00e1quina de marca\u00e7\u00e3o a laser UV 3D<\/h3>\n<ul>\n<li>Marca\u00e7\u00e3o em v\u00e1rios formatos de vidro, pl\u00e1stico, madeira, etc.<\/li>\n<li>Escava\u00e7\u00e3o em camadas e grava\u00e7\u00e3o em baixo-relevo 3D em vidro.<\/li>\n<li>Grava\u00e7\u00f5es em superf\u00edcies irregulares com uma irregularidade de at\u00e9 80 mm.<\/li>\n<li>Grava\u00e7\u00e3o de fotografias, nomes, desenhos e logotipos, inclusive marcas registradas.<\/li>\n<\/ul>\n\n\t\t<\/div>\n\t<\/div>\n<\/div><\/div><\/div><\/div><div class=\"vc_row wpb_row vc_row-fluid\"><div class=\"wpb_column vc_column_container vc_col-sm-12\"><div class=\"vc_column-inner\"><div class=\"wpb_wrapper\">\n\t<div  class=\"wpb_single_image wpb_content_element vc_align_left wpb_content_element\">\n\t\t\n\t\t<figure class=\"wpb_wrapper vc_figure\">\n\t\t\t<div class=\"vc_single_image-wrapper   vc_box_border_grey\"><img decoding=\"async\" width=\"1280\" height=\"720\" src=\"data:image\/svg+xml,%3Csvg%20xmlns%3D&#39;http%3A%2F%2Fwww.w3.org%2F2000%2Fsvg&#39;%20width=&#39;1280&#39;%20height=&#39;720&#39;%20viewBox%3D&#39;0%200%201280%20720&#39;%2F%3E\" data-czlz data-src=\"https:\/\/www.lasercleaner.tech\/wp-content\/uploads\/2024\/12\/3D-uv-laser-for-glass.jpg\" class=\"vc_single_image-img attachment-full\" alt=\"\" title=\"Laser uv 3D para vidro\" data-srcset=\"https:\/\/www.lasercleaner.tech\/wp-content\/uploads\/2024\/12\/3D-uv-laser-for-glass.jpg 1280w, https:\/\/www.lasercleaner.tech\/wp-content\/uploads\/2024\/12\/3D-uv-laser-for-glass-300x169.jpg 300w, https:\/\/www.lasercleaner.tech\/wp-content\/uploads\/2024\/12\/3D-uv-laser-for-glass-1024x576.jpg 1024w, https:\/\/www.lasercleaner.tech\/wp-content\/uploads\/2024\/12\/3D-uv-laser-for-glass-768x432.jpg 768w, https:\/\/www.lasercleaner.tech\/wp-content\/uploads\/2024\/12\/3D-uv-laser-for-glass-600x338.jpg 600w, https:\/\/www.lasercleaner.tech\/wp-content\/uploads\/2024\/12\/3D-uv-laser-for-glass-1000x563.jpg 1000w\" data-sizes=\"(max-width: 1280px) 100vw, 1280px\" \/><\/div>\n\t\t<\/figure>\n\t<\/div>\n<\/div><\/div><\/div><\/div><div class=\"vc_row wpb_row vc_row-fluid\"><div class=\"wpb_column vc_column_container vc_col-sm-12\"><div class=\"vc_column-inner\"><div class=\"wpb_wrapper\">\n\t<div class=\"wpb_text_column wpb_content_element\" >\n\t\t<div class=\"wpb_wrapper\">\n\t\t\t<h3>Como escolher a m\u00e1quina de marca\u00e7\u00e3o a laser UV 3d certa<\/h3>\n<p>Escolher a m\u00e1quina de grava\u00e7\u00e3o a laser UV 3D certa ser\u00e1 importante para sua empresa, como garantir que a m\u00e1quina atenda \u00e0s suas necessidades espec\u00edficas. Aqui est\u00e1 um guia para ajud\u00e1-lo a tomar uma decis\u00e3o informada:<\/p>\n<ol>\n<li><strong>Compatibilidade de materiais<\/strong>: Determine os tipos de materiais que planeja gravar (por exemplo, madeira, acr\u00edlico, vidro). Certifique-se de que a m\u00e1quina escolhida possa lidar com esses materiais de forma eficaz.<\/li>\n<li><strong>Pot\u00eancia do laser:<\/strong>\n<ul>\n<li>5W<\/li>\n<li>10W<\/li>\n<li>15W<\/li>\n<\/ul>\n<\/li>\n<li><strong>Facilidade de uso<\/strong>: Procure m\u00e1quinas com software de f\u00e1cil utiliza\u00e7\u00e3o que permita design e opera\u00e7\u00e3o simples. Lenmark 3DS e Ezcad3 s\u00e3o indicados para trabalhos de grava\u00e7\u00e3o em relevo 3D.<\/li>\n<li><strong>Suporte ao cliente e garantia<\/strong>: Pesquise as op\u00e7\u00f5es de suporte do fabricante e a garantia oferecida. Um servi\u00e7o de atendimento ao cliente confi\u00e1vel pode ser crucial para a solu\u00e7\u00e3o de problemas e a manuten\u00e7\u00e3o.<\/li>\n<\/ol>\n\n\t\t<\/div>\n\t<\/div>\n<\/div><\/div><\/div><\/div><div class=\"vc_row wpb_row vc_row-fluid\"><div class=\"wpb_column vc_column_container vc_col-sm-12\"><div class=\"vc_column-inner\"><div class=\"wpb_wrapper\">\n\t<div class=\"wpb_text_column wpb_content_element\" >\n\t\t<div class=\"wpb_wrapper\">\n\t\t\t<h2>O que podemos fazer para que voc\u00ea escolha a m\u00e1quina de marca\u00e7\u00e3o a laser 3D?<\/h2>\n<ul>\n<li><span class=\"magic-19\"><b class=\"magic-19\"><span class=\"magic-18\">Amostras de teste gratuitas -<\/span><\/b><span class=\"magic-20\" data-spm-anchor-id=\"a2700.details.0.i41.41d82402R4aegi\">Podemos realizar testes gratuitos de efeito de marca\u00e7\u00e3o de acordo com o material de seu produto<\/span><\/span><\/li>\n<li><span class=\"magic-19\"><b class=\"magic-19\"><span class=\"magic-18\">V\u00eddeo ao vivo<\/span><\/b><span class=\"magic-20\">Voc\u00ea pode entrar em contato com nossos consultores de vendas para assistir ao processo de produ\u00e7\u00e3o e \u00e0 opera\u00e7\u00e3o da m\u00e1quina em um v\u00eddeo on-line.<\/span><\/span><\/li>\n<li><span class=\"magic-19\"><b class=\"magic-19\"><span class=\"magic-18\">Personalizado \/OEM-<\/span><\/b><span class=\"magic-20\" data-spm-anchor-id=\"a2700.details.0.i40.41d82402R4aegi\">M\u00e1quinas personalizadas mediante solicita\u00e7\u00e3o\uff0cEntre em contato conosco<\/span><\/span><\/li>\n<\/ul>\n\n\t\t<\/div>\n\t<\/div>\n<\/div><\/div><\/div><\/div><div class=\"vc_row wpb_row vc_row-fluid\"><div class=\"wpb_column vc_column_container vc_col-sm-12\"><div class=\"vc_column-inner\"><div class=\"wpb_wrapper\">\n\t<div  class=\"wpb_single_image wpb_content_element vc_align_left wpb_content_element\">\n\t\t<h2 class=\"wpb_heading wpb_singleimage_heading\">Dispositivo rotativo especial para garrafas<\/h2>\n\t\t<figure class=\"wpb_wrapper vc_figure\">\n\t\t\t<div class=\"vc_single_image-wrapper   vc_box_border_grey\"><img decoding=\"async\" width=\"608\" height=\"238\" src=\"data:image\/svg+xml,%3Csvg%20xmlns%3D&#39;http%3A%2F%2Fwww.w3.org%2F2000%2Fsvg&#39;%20width=&#39;608&#39;%20height=&#39;238&#39;%20viewBox%3D&#39;0%200%20608%20238&#39;%2F%3E\" data-czlz data-src=\"https:\/\/www.lasercleaner.tech\/wp-content\/uploads\/2024\/12\/bottle-rotary-device.jpg\" class=\"vc_single_image-img attachment-full\" alt=\"\" title=\"dispositivo rotativo para garrafas\" data-srcset=\"https:\/\/www.lasercleaner.tech\/wp-content\/uploads\/2024\/12\/bottle-rotary-device.jpg 608w, https:\/\/www.lasercleaner.tech\/wp-content\/uploads\/2024\/12\/bottle-rotary-device-300x117.jpg 300w, https:\/\/www.lasercleaner.tech\/wp-content\/uploads\/2024\/12\/bottle-rotary-device-600x235.jpg 600w\" data-sizes=\"(max-width: 608px) 100vw, 608px\" \/><\/div>\n\t\t<\/figure>\n\t<\/div>\n<\/div><\/div><\/div><\/div><div class=\"vc_row wpb_row vc_row-fluid\"><div class=\"wpb_column vc_column_container vc_col-sm-12\"><div class=\"vc_column-inner\"><div class=\"wpb_wrapper\">\n\t<div class=\"wpb_video_widget wpb_content_element vc_clearfix   vc_video-aspect-ratio-169 vc_video-el-width-100 vc_video-align-left\" >\n\t\t<div class=\"wpb_wrapper\">\n\t\t\t<h2 class=\"wpb_heading wpb_video_heading\">Ele comprou o gravador a laser 3D BOGONG<\/h2>\n\t\t\t<div class=\"wpb_video_wrapper\"><iframe title=\"ELE GOSTA DE M\u00c1QUINA DE GRAVA\u00c7\u00c3O A LASER 3D BOGONG | MELHOR M\u00c1QUINA DE GRAVA\u00c7\u00c3O A LASER 3D DA CHINA PARA VENDA\" width=\"500\" height=\"281\" src=\"https:\/\/www.youtube.com\/embed\/aoAF09vq8LE?feature=oembed\" frameborder=\"0\" allow=\"accelerometer; autoplay; clipboard-write; encrypted-media; gyroscope; picture-in-picture; web-share\" referrerpolicy=\"strict-origin-when-cross-origin\" allowfullscreen><\/iframe><\/div>\n\t\t<\/div>\n\t<\/div>\n<\/div><\/div><\/div><\/div><div class=\"vc_row wpb_row vc_row-fluid\"><div class=\"wpb_column vc_column_container vc_col-sm-12\"><div class=\"vc_column-inner\"><div class=\"wpb_wrapper\">\n\t<div class=\"wpb_video_widget wpb_content_element vc_clearfix   vc_video-aspect-ratio-169 vc_video-el-width-100 vc_video-align-left\" >\n\t\t<div class=\"wpb_wrapper\">\n\t\t\t<h2 class=\"wpb_heading wpb_video_heading\">Ele adquiriu o laser 3D da BOGONG depois de comparar os resultados de sua pesquisa com os da BOGONG.<\/h2>\n\t\t\t<div class=\"wpb_video_wrapper\"><iframe title=\"O que voc\u00ea acha do gravador a laser 3D da BOGONG? | Cliente da \u00cdndia visitou a BOGONG e comprou o gravador a laser 3D\" width=\"500\" height=\"281\" src=\"https:\/\/www.youtube.com\/embed\/bq8eli66vTM?feature=oembed\" frameborder=\"0\" allow=\"accelerometer; autoplay; clipboard-write; encrypted-media; gyroscope; picture-in-picture; web-share\" referrerpolicy=\"strict-origin-when-cross-origin\" allowfullscreen><\/iframe><\/div>\n\t\t<\/div>\n\t<\/div>\n<\/div><\/div><\/div><\/div><div class=\"vc_row wpb_row vc_row-fluid\"><div class=\"wpb_column vc_column_container vc_col-sm-12\"><div class=\"vc_column-inner\"><div class=\"wpb_wrapper\">\n\t<div class=\"wpb_text_column wpb_content_element\" >\n\t\t<div class=\"wpb_wrapper\">\n\t\t\t<p>Voc\u00ea pode encontrar mais coment\u00e1rios de clientes no canal do youtube da BOGONG.<\/p>\n\n\t\t<\/div>\n\t<\/div>\n<\/div><\/div><\/div><\/div><div class=\"vc_row wpb_row vc_row-fluid\"><div class=\"wpb_column vc_column_container vc_col-sm-12\"><div class=\"vc_column-inner\"><div class=\"wpb_wrapper\">\n\t<div class=\"wpb_text_column wpb_content_element\" >\n\t\t<div class=\"wpb_wrapper\">\n\t\t\t<p>Condi\u00e7\u00f5es de pagamento<\/p>\n<p>1. Dep\u00f3sito e saldo: Um dep\u00f3sito de 30% T\/T \u00e9 exigido antecipadamente, com o saldo devido antes do envio.<\/p>\n<p>2. Garantia de com\u00e9rcio do Alibaba: Os pagamentos podem ser processados por meio do Alibaba Trade Assurance.<\/p>\n<p>Perguntas frequentes sobre a m\u00e1quina de marca\u00e7\u00e3o a laser UV 3D<\/p>\n<p>Qual \u00e9 a embalagem da m\u00e1quina de marca\u00e7\u00e3o a laser UV 3d?<br \/>\nNossas m\u00e1quinas s\u00e3o embaladas em uma configura\u00e7\u00e3o de tr\u00eas camadas. A camada externa consiste em um engradado de madeira, a camada intermedi\u00e1ria apresenta estofamento de espuma para proteger contra trepida\u00e7\u00f5es e a camada interna inclui um saco pl\u00e1stico grosso para impermeabiliza\u00e7\u00e3o.<\/p>\n<p>O pacote ser\u00e1 danificado durante o transporte?<br \/>\nProjetamos meticulosamente nossas embalagens para lidar com todos os fatores de poss\u00edveis danos, e nossos agentes de transporte t\u00eam experi\u00eancia em transporte seguro. J\u00e1 exportamos com sucesso para 180 pa\u00edses, portanto, voc\u00ea pode ter certeza de que sua encomenda chegar\u00e1 em excelentes condi\u00e7\u00f5es.<\/p>\n\n\t\t<\/div>\n\t<\/div>\n<\/div><\/div><\/div><\/div><div class=\"vc_row wpb_row vc_row-fluid\"><div class=\"wpb_column vc_column_container vc_col-sm-12\"><div class=\"vc_column-inner\"><div class=\"wpb_wrapper\">\n\t<div  class=\"wpb_single_image wpb_content_element vc_align_left wpb_content_element\">\n\t\t\n\t\t<figure class=\"wpb_wrapper vc_figure\">\n\t\t\t<div class=\"vc_single_image-wrapper   vc_box_border_grey\"><img decoding=\"async\" width=\"800\" height=\"600\" src=\"data:image\/svg+xml,%3Csvg%20xmlns%3D&#39;http%3A%2F%2Fwww.w3.org%2F2000%2Fsvg&#39;%20width=&#39;800&#39;%20height=&#39;600&#39;%20viewBox%3D&#39;0%200%20800%20600&#39;%2F%3E\" data-czlz data-src=\"https:\/\/www.lasercleaner.tech\/wp-content\/uploads\/2024\/12\/3duv\u6253\u6807\u673a\u5de5\u5382\u7167\u7247-1.png\" class=\"vc_single_image-img attachment-full\" alt=\"3D UV Laser marking machine factory\" title=\"3duv\u6253\u6807\u673a\u5de5\u5382\u7167\u7247 (1)\" data-srcset=\"https:\/\/www.lasercleaner.tech\/wp-content\/uploads\/2024\/12\/3duv\u6253\u6807\u673a\u5de5\u5382\u7167\u7247-1.png 800w, https:\/\/www.lasercleaner.tech\/wp-content\/uploads\/2024\/12\/3duv\u6253\u6807\u673a\u5de5\u5382\u7167\u7247-1-300x225.png 300w, https:\/\/www.lasercleaner.tech\/wp-content\/uploads\/2024\/12\/3duv\u6253\u6807\u673a\u5de5\u5382\u7167\u7247-1-768x576.png 768w, https:\/\/www.lasercleaner.tech\/wp-content\/uploads\/2024\/12\/3duv\u6253\u6807\u673a\u5de5\u5382\u7167\u7247-1-600x450.png 600w\" data-sizes=\"(max-width: 800px) 100vw, 800px\" \/><\/div>\n\t\t<\/figure>\n\t<\/div>\n<\/div><\/div><\/div><\/div><div class=\"vc_row wpb_row vc_row-fluid\"><div class=\"wpb_column vc_column_container vc_col-sm-12\"><div class=\"vc_column-inner\"><div class=\"wpb_wrapper\">\n\t<div  class=\"wpb_single_image wpb_content_element vc_align_left wpb_content_element\">\n\t\t\n\t\t<figure class=\"wpb_wrapper vc_figure\">\n\t\t\t<div class=\"vc_single_image-wrapper   vc_box_border_grey\"><img decoding=\"async\" width=\"750\" height=\"1097\" src=\"data:image\/svg+xml,%3Csvg%20xmlns%3D&#39;http%3A%2F%2Fwww.w3.org%2F2000%2Fsvg&#39;%20width=&#39;750&#39;%20height=&#39;1097&#39;%20viewBox%3D&#39;0%200%20750%201097&#39;%2F%3E\" data-czlz data-src=\"https:\/\/www.lasercleaner.tech\/wp-content\/uploads\/2024\/10\/H41131e375dda4bdf9d9810daf4bf77a8M.jpg\" class=\"vc_single_image-img attachment-full\" alt=\"Packge BOGONG\" title=\"\" data-srcset=\"https:\/\/www.lasercleaner.tech\/wp-content\/uploads\/2024\/10\/H41131e375dda4bdf9d9810daf4bf77a8M.jpg 750w, https:\/\/www.lasercleaner.tech\/wp-content\/uploads\/2024\/10\/H41131e375dda4bdf9d9810daf4bf77a8M-205x300.jpg 205w, https:\/\/www.lasercleaner.tech\/wp-content\/uploads\/2024\/10\/H41131e375dda4bdf9d9810daf4bf77a8M-700x1024.jpg 700w, https:\/\/www.lasercleaner.tech\/wp-content\/uploads\/2024\/10\/H41131e375dda4bdf9d9810daf4bf77a8M-600x878.jpg 600w\" data-sizes=\"(max-width: 750px) 100vw, 750px\" \/><\/div>\n\t\t<\/figure>\n\t<\/div>\n<\/div><\/div><\/div><\/div><div class=\"vc_row wpb_row vc_row-fluid\"><div class=\"wpb_column vc_column_container vc_col-sm-12\"><div class=\"vc_column-inner\"><div class=\"wpb_wrapper\">\n\t<div class=\"wpb_text_column wpb_content_element\" >\n\t\t<div class=\"wpb_wrapper\">\n\t\t\t<p>A maioria dos clientes gosta de escolher o transporte por UPS\/DHL express, que pode chegar ao destino em cerca de 5 a 7 dias. Entre em contato com a BOGONG para obter mais detalhes sobre a m\u00e1quina de marca\u00e7\u00e3o a laser uv.<\/p>\n\n\t\t<\/div>\n\t<\/div>\n<\/div><\/div><\/div><\/div>\n<\/div>","protected":false},"excerpt":{"rendered":"<h2>M\u00e1quina de marca\u00e7\u00e3o a laser UV 3D<\/h2>\n<p>A 3D UV laser marking machine use &#8230; <\/p>","protected":false},"featured_media":2130,"template":"","meta":[],"product_brand":[],"product_cat":[93,99],"product_tag":[125,102,124],"class_list":{"0":"post-2129","1":"product","2":"type-product","3":"status-publish","4":"has-post-thumbnail","6":"product_cat-laser-engraving-machine","7":"product_cat-uv-laser-marking-machine","8":"product_tag-3d-laser-marking-machine","9":"product_tag-laser-marking-machine","10":"product_tag-uv-laser-marking-machine","12":"first","13":"instock","14":"shipping-taxable","15":"product-type-simple"},"_links":{"self":[{"href":"https:\/\/www.lasercleaner.tech\/pt\/wp-json\/wp\/v2\/product\/2129","targetHints":{"allow":["GET"]}}],"collection":[{"href":"https:\/\/www.lasercleaner.tech\/pt\/wp-json\/wp\/v2\/product"}],"about":[{"href":"https:\/\/www.lasercleaner.tech\/pt\/wp-json\/wp\/v2\/types\/product"}],"wp:featuredmedia":[{"embeddable":true,"href":"https:\/\/www.lasercleaner.tech\/pt\/wp-json\/wp\/v2\/media\/2130"}],"wp:attachment":[{"href":"https:\/\/www.lasercleaner.tech\/pt\/wp-json\/wp\/v2\/media?parent=2129"}],"wp:term":[{"taxonomy":"product_brand","embeddable":true,"href":"https:\/\/www.lasercleaner.tech\/pt\/wp-json\/wp\/v2\/product_brand?post=2129"},{"taxonomy":"product_cat","embeddable":true,"href":"https:\/\/www.lasercleaner.tech\/pt\/wp-json\/wp\/v2\/product_cat?post=2129"},{"taxonomy":"product_tag","embeddable":true,"href":"https:\/\/www.lasercleaner.tech\/pt\/wp-json\/wp\/v2\/product_tag?post=2129"}],"curies":[{"name":"wp","href":"https:\/\/api.w.org\/{rel}","templated":true}]}}