{"id":2127,"date":"2024-12-06T11:23:53","date_gmt":"2024-12-06T03:23:53","guid":{"rendered":"https:\/\/bogonglaser.com\/?post_type=product&#038;p=2127"},"modified":"2024-12-09T13:37:23","modified_gmt":"2024-12-09T05:37:23","slug":"mini-cabinet-laser-marking-machine","status":"publish","type":"product","link":"https:\/\/www.lasercleaner.tech\/pt\/produto\/mini-cabinet-laser-marking-machine\/","title":{"rendered":"M\u00e1quina de marca\u00e7\u00e3o a laser para mini gabinetes"},"content":{"rendered":"<div class=\"wpb-content-wrapper\"><div class=\"vc_row wpb_row vc_row-fluid\"><div class=\"wpb_column vc_column_container vc_col-sm-12\"><div class=\"vc_column-inner\"><div class=\"wpb_wrapper\">\n\t<div class=\"wpb_text_column wpb_content_element\" >\n\t\t<div class=\"wpb_wrapper\">\n\t\t\t<p>A m\u00e1quina de marca\u00e7\u00e3o a laser de fibra de cobertura tem um gabinete totalmente fechado para a seguran\u00e7a do trabalhador e apresenta um design compacto e atraente. Esse dispositivo de alta tecnologia combina um laser, um computador, um controlador autom\u00e1tico e um maquin\u00e1rio de precis\u00e3o, o que o torna ideal para a marca\u00e7\u00e3o de materiais met\u00e1licos.<\/p>\n<p>Abertura e fechamento manual da porta.<\/p>\n<p>Pilar de eleva\u00e7\u00e3o el\u00e9trica<\/p>\n\n\t\t<\/div>\n\t<\/div>\n<\/div><\/div><\/div><\/div><div class=\"vc_row wpb_row vc_row-fluid\"><div class=\"wpb_column vc_column_container vc_col-sm-12\"><div class=\"vc_column-inner\"><div class=\"wpb_wrapper\">\n\t<div class=\"wpb_video_widget wpb_content_element vc_clearfix   vc_video-aspect-ratio-169 vc_video-el-width-80 vc_video-align-left\" >\n\t\t<div class=\"wpb_wrapper\">\n\t\t\t<h2 class=\"wpb_heading wpb_video_heading\">Apresenta\u00e7\u00e3o da m\u00e1quina de marca\u00e7\u00e3o a laser para mini gabinetes da BOGONG<\/h2>\n\t\t\t<div class=\"wpb_video_wrapper\"><iframe title=\"Mini m\u00e1quina de grava\u00e7\u00e3o a laser de fibra com tampa protetora - Opera\u00e7\u00e3o\" width=\"500\" height=\"281\" src=\"https:\/\/www.youtube.com\/embed\/buVofWd5OIw?feature=oembed\" frameborder=\"0\" allow=\"accelerometer; autoplay; clipboard-write; encrypted-media; gyroscope; picture-in-picture; web-share\" referrerpolicy=\"strict-origin-when-cross-origin\" allowfullscreen><\/iframe><\/div>\n\t\t<\/div>\n\t<\/div>\n<\/div><\/div><\/div><\/div><div class=\"vc_row wpb_row vc_row-fluid\"><div class=\"wpb_column vc_column_container vc_col-sm-12\"><div class=\"vc_column-inner\"><div class=\"wpb_wrapper\">\n\t<div class=\"wpb_text_column wpb_content_element\" >\n\t\t<div class=\"wpb_wrapper\">\n\t\t\t<p>1. Longa vida \u00fatil, mais de 100.000 horas.<\/p>\n<p>2. Fonte de laser compacta com resfriamento a ar<\/p>\n<p>3. gabinete com cobertura total para trabalho seguro<\/p>\n<p>4. Sistema de varredura de galvan\u00f4metro de alta qualidade.<\/p>\n<p>5. Alta precis\u00e3o e repetibilidade para marcas sempre corretas com scanners galvanom\u00e9tricos e controles eletr\u00f4nicos<\/p>\n<p>6. Desempenho mais est\u00e1vel<\/p>\n<p>7. Placa de controle profissional e software de marca\u00e7\u00e3o. O sistema de controle de software tem a interface do Windows e inclui arquivos produzidos por softwares como Coreldraw, AutoCAD, Photoshop etc. AutoCAD, Photoshop etc. Ele pode suportar v\u00e1rios formatos de arquivo, como PLT, DXF, PCX, BMP etc<\/p>\n<p>8. A pot\u00eancia de sa\u00edda \u00e9 est\u00e1vel. O modo \u00f3ptico \u00e9 bom. A qualidade da c\u00e2mera \u00e9 excelente<\/p>\n<p>9. A velocidade de marca\u00e7\u00e3o \u00e9 r\u00e1pida, eficiente e de alta precis\u00e3o.<\/p>\n<p>10. A apar\u00eancia \u00e9 profissional, a opera\u00e7\u00e3o \u00e9 f\u00e1cil<\/p>\n\n\t\t<\/div>\n\t<\/div>\n<\/div><\/div><\/div><\/div><div class=\"vc_row wpb_row vc_row-fluid\"><div class=\"wpb_column vc_column_container vc_col-sm-12\"><div class=\"vc_column-inner\"><div class=\"wpb_wrapper\">\n\t<div class=\"wpb_text_column wpb_content_element\" >\n\t\t<div class=\"wpb_wrapper\">\n\t\t\t<h2>Aplica\u00e7\u00e3o M\u00e1quina de marca\u00e7\u00e3o a laser de cobertura total pequena:<\/h2>\n<p>Ele pode gravar metal e alguns materiais n\u00e3o met\u00e1licos, o que o torna especialmente \u00fatil em \u00e1reas em que a precis\u00e3o e o acabamento suave s\u00e3o essenciais.<\/p>\n<p>A m\u00e1quina de marca\u00e7\u00e3o a laser de fibra funciona bem com v\u00e1rios metais, incluindo a\u00e7o, tit\u00e2nio, cobre, ouro, prata e at\u00e9 mesmo metais raros, al\u00e9m de pl\u00e1stico industrial, metais revestidos, cer\u00e2mica e muito mais.<\/p>\n<p>\u00c9 comumente usado para marcar itens como bot\u00f5es de celular, componentes eletr\u00f4nicos, produtos de comunica\u00e7\u00e3o, \u00f3culos, rel\u00f3gios, joias, bot\u00f5es decorativos para caixas e bolsas e produtos de a\u00e7o inoxid\u00e1vel.<\/p>\n\n\t\t<\/div>\n\t<\/div>\n<\/div><\/div><\/div><\/div><div class=\"vc_row wpb_row vc_row-fluid\"><div class=\"wpb_column vc_column_container vc_col-sm-12\"><div class=\"vc_column-inner\"><div class=\"wpb_wrapper\">\n\t<div class=\"wpb_video_widget wpb_content_element vc_clearfix   vc_video-aspect-ratio-169 vc_video-el-width-80 vc_video-align-left\" >\n\t\t<div class=\"wpb_wrapper\">\n\t\t\t<h2 class=\"wpb_heading wpb_video_heading\">M\u00e1quina de marca\u00e7\u00e3o a laser para mini gabinetes com EZCAD3<\/h2>\n\t\t\t<div class=\"wpb_video_wrapper\"><iframe title=\"M\u00e1quina de grava\u00e7\u00e3o a laser para mini gabinetes Show | Marcador a laser EZCAD3 2.5D com capa protetora\" width=\"500\" height=\"281\" src=\"https:\/\/www.youtube.com\/embed\/tbPKDw-UqR0?feature=oembed\" frameborder=\"0\" allow=\"accelerometer; autoplay; clipboard-write; encrypted-media; gyroscope; picture-in-picture; web-share\" referrerpolicy=\"strict-origin-when-cross-origin\" allowfullscreen><\/iframe><\/div>\n\t\t<\/div>\n\t<\/div>\n<\/div><\/div><\/div><\/div><div class=\"vc_row wpb_row vc_row-fluid\"><div class=\"wpb_column vc_column_container vc_col-sm-12\"><div class=\"vc_column-inner\"><div class=\"wpb_wrapper\">\n\t<div class=\"wpb_text_column wpb_content_element\" >\n\t\t<div class=\"wpb_wrapper\">\n\t\t\t<p>Voc\u00ea pode encontrar mais coment\u00e1rios de clientes no canal do youtube da BOGONG.<\/p>\n\n\t\t<\/div>\n\t<\/div>\n<\/div><\/div><\/div><\/div><div class=\"vc_row wpb_row vc_row-fluid\"><div class=\"wpb_column vc_column_container vc_col-sm-12\"><div class=\"vc_column-inner\"><div class=\"wpb_wrapper\">\n\t<div class=\"wpb_text_column wpb_content_element\" >\n\t\t<div class=\"wpb_wrapper\">\n\t\t\t<p>Condi\u00e7\u00f5es de pagamento<\/p>\n<p>1. Dep\u00f3sito e saldo: Um dep\u00f3sito de 30% T\/T \u00e9 exigido antecipadamente, com o saldo devido antes do envio.<\/p>\n<p>2. Garantia de com\u00e9rcio do Alibaba: Os pagamentos podem ser processados por meio do Alibaba Trade Assurance.<\/p>\n<p>Perguntas frequentes sobre a m\u00e1quina de marca\u00e7\u00e3o a laser UV 3D<\/p>\n<p>Qual \u00e9 a embalagem da m\u00e1quina de marca\u00e7\u00e3o a laser de gabinete Mni?<br \/>\nNossas m\u00e1quinas s\u00e3o embaladas em uma configura\u00e7\u00e3o de tr\u00eas camadas. A camada externa consiste em um engradado de madeira, a camada intermedi\u00e1ria apresenta estofamento de espuma para proteger contra trepida\u00e7\u00f5es e a camada interna inclui um saco pl\u00e1stico grosso para impermeabiliza\u00e7\u00e3o.<\/p>\n<p>O pacote ser\u00e1 danificado durante o transporte?<br \/>\nProjetamos meticulosamente nossas embalagens para lidar com todos os fatores de poss\u00edveis danos, e nossos agentes de transporte t\u00eam experi\u00eancia em transporte seguro. J\u00e1 exportamos com sucesso para 180 pa\u00edses, portanto, voc\u00ea pode ter certeza de que sua encomenda chegar\u00e1 em excelentes condi\u00e7\u00f5es.<\/p>\n\n\t\t<\/div>\n\t<\/div>\n<\/div><\/div><\/div><\/div><div class=\"vc_row wpb_row vc_row-fluid\"><div class=\"wpb_column vc_column_container vc_col-sm-12\"><div class=\"vc_column-inner\"><div class=\"wpb_wrapper\">\n\t<div  class=\"wpb_single_image wpb_content_element vc_align_left wpb_content_element\">\n\t\t\n\t\t<figure class=\"wpb_wrapper vc_figure\">\n\t\t\t<div class=\"vc_single_image-wrapper   vc_box_border_grey\"><img decoding=\"async\" width=\"1000\" height=\"1000\" src=\"data:image\/svg+xml,%3Csvg%20xmlns%3D&#39;http%3A%2F%2Fwww.w3.org%2F2000%2Fsvg&#39;%20width=&#39;1000&#39;%20height=&#39;1000&#39;%20viewBox%3D&#39;0%200%201000%201000&#39;%2F%3E\" data-czlz data-src=\"https:\/\/www.lasercleaner.tech\/wp-content\/uploads\/2024\/12\/\u673a\u5668\u5c3a\u5bf8\u5c0f\u5305\u56f4\u6253\u6807\u673a-1.jpg\" class=\"vc_single_image-img attachment-full\" alt=\"\" title=\"\u673a\u5668\u5c3a\u5bf8\u5c0f\u5305\u56f4\u6253\u6807\u673a\" data-srcset=\"https:\/\/www.lasercleaner.tech\/wp-content\/uploads\/2024\/12\/\u673a\u5668\u5c3a\u5bf8\u5c0f\u5305\u56f4\u6253\u6807\u673a-1.jpg 1000w, https:\/\/www.lasercleaner.tech\/wp-content\/uploads\/2024\/12\/\u673a\u5668\u5c3a\u5bf8\u5c0f\u5305\u56f4\u6253\u6807\u673a-1-300x300.jpg 300w, https:\/\/www.lasercleaner.tech\/wp-content\/uploads\/2024\/12\/\u673a\u5668\u5c3a\u5bf8\u5c0f\u5305\u56f4\u6253\u6807\u673a-1-150x150.jpg 150w, https:\/\/www.lasercleaner.tech\/wp-content\/uploads\/2024\/12\/\u673a\u5668\u5c3a\u5bf8\u5c0f\u5305\u56f4\u6253\u6807\u673a-1-768x768.jpg 768w, https:\/\/www.lasercleaner.tech\/wp-content\/uploads\/2024\/12\/\u673a\u5668\u5c3a\u5bf8\u5c0f\u5305\u56f4\u6253\u6807\u673a-1-600x600.jpg 600w, https:\/\/www.lasercleaner.tech\/wp-content\/uploads\/2024\/12\/\u673a\u5668\u5c3a\u5bf8\u5c0f\u5305\u56f4\u6253\u6807\u673a-1-100x100.jpg 100w\" data-sizes=\"(max-width: 1000px) 100vw, 1000px\" \/><\/div>\n\t\t<\/figure>\n\t<\/div>\n<\/div><\/div><\/div><\/div><div class=\"vc_row wpb_row vc_row-fluid\"><div class=\"wpb_column vc_column_container vc_col-sm-12\"><div class=\"vc_column-inner\"><div class=\"wpb_wrapper\">\n\t<div class=\"wpb_text_column wpb_content_element\" >\n\t\t<div class=\"wpb_wrapper\">\n\t\t\t<p>A maioria dos clientes gosta de escolher o transporte por UPS\/DHL express, que pode chegar ao destino em cerca de 5 a 7 dias. Entre em contato com a BOGONG para obter mais detalhes sobre a m\u00e1quina de marca\u00e7\u00e3o a laser uv.<\/p>\n\n\t\t<\/div>\n\t<\/div>\n<\/div><\/div><\/div><\/div>\n<\/div>","protected":false},"excerpt":{"rendered":"<h2>M\u00e1quina de grava\u00e7\u00e3o a laser com cobertura total<\/h2>\n<p>The machine has a fully enclosed &#8230; <\/p>","protected":false},"featured_media":2148,"template":"","meta":[],"product_brand":[],"product_cat":[97,93],"product_tag":[102],"class_list":{"0":"post-2127","1":"product","2":"type-product","3":"status-publish","4":"has-post-thumbnail","6":"product_cat-fiber-laser-marker","7":"product_cat-laser-engraving-machine","8":"product_tag-laser-marking-machine","10":"first","11":"instock","12":"shipping-taxable","13":"product-type-simple"},"_links":{"self":[{"href":"https:\/\/www.lasercleaner.tech\/pt\/wp-json\/wp\/v2\/product\/2127","targetHints":{"allow":["GET"]}}],"collection":[{"href":"https:\/\/www.lasercleaner.tech\/pt\/wp-json\/wp\/v2\/product"}],"about":[{"href":"https:\/\/www.lasercleaner.tech\/pt\/wp-json\/wp\/v2\/types\/product"}],"wp:featuredmedia":[{"embeddable":true,"href":"https:\/\/www.lasercleaner.tech\/pt\/wp-json\/wp\/v2\/media\/2148"}],"wp:attachment":[{"href":"https:\/\/www.lasercleaner.tech\/pt\/wp-json\/wp\/v2\/media?parent=2127"}],"wp:term":[{"taxonomy":"product_brand","embeddable":true,"href":"https:\/\/www.lasercleaner.tech\/pt\/wp-json\/wp\/v2\/product_brand?post=2127"},{"taxonomy":"product_cat","embeddable":true,"href":"https:\/\/www.lasercleaner.tech\/pt\/wp-json\/wp\/v2\/product_cat?post=2127"},{"taxonomy":"product_tag","embeddable":true,"href":"https:\/\/www.lasercleaner.tech\/pt\/wp-json\/wp\/v2\/product_tag?post=2127"}],"curies":[{"name":"wp","href":"https:\/\/api.w.org\/{rel}","templated":true}]}}