{"id":2099,"date":"2024-12-04T09:34:52","date_gmt":"2024-12-04T01:34:52","guid":{"rendered":"https:\/\/bogonglaser.com\/?post_type=product&#038;p=2099"},"modified":"2024-12-04T11:18:58","modified_gmt":"2024-12-04T03:18:58","slug":"automatic-loading-laser-tube-cutting-machine","status":"publish","type":"product","link":"https:\/\/www.lasercleaner.tech\/pt\/produto\/automatic-loading-laser-tube-cutting-machine\/","title":{"rendered":"M\u00e1quina de corte de tubos a laser com carregamento autom\u00e1tico"},"content":{"rendered":"<div class=\"wpb-content-wrapper\"><div class=\"vc_row wpb_row vc_row-fluid\"><div class=\"wpb_column vc_column_container vc_col-sm-12\"><div class=\"vc_column-inner\"><div class=\"wpb_wrapper\">\n\t<div class=\"wpb_text_column wpb_content_element\" >\n\t\t<div class=\"wpb_wrapper\">\n\t\t\t<p>Automatic Tube Laser Cutting Machine<\/p>\n<p>The Automatic Tube Laser Cutting Machine features a unique upper feeding structure that optimizes space efficiency.<\/p>\n<p>1. Three chucks are clamped at the same time to prevent pipe deformation.<br \/>\n2. The pipe is automatically aligned to prevent the pipe from swinging.<br \/>\n3. Can be equipped with automatic loading and unloading, saving labor<br \/>\n4. Double pulling function to realize ultra-long pipe fitting processing.<br \/>\n5. Middle floating support and follow-up blanking support<br \/>\n6. Prevent pipe sagging, auxiliary blanking, ensure cutting accuracy.<br \/>\n7. Closed dustproof design, improve the structure life<br \/>\n8. It can be equipped with a special laser cutting head to adapt to any complex pipe cutting processing<br \/>\n9. Middle card avoidance, third chuck clamping, can be converted from end to end, easy zero tail material.<\/p>\n<p>&nbsp;<\/p>\n<p><strong>Diameter of tube:<\/strong><\/p>\n<p>This machine processes pipes with diameters ranging from \u03c6 10 to \u03c6 180 for auto feeding, if upload pipe by manual, the max.diameter of laser cutter is 240mm.<\/p>\n<p>&nbsp;<\/p>\n<p>Advantages:<\/p>\n<p>&#8211; Fast cutting speed and high efficiency ensure productivity.<br \/>\n&#8211; Safe operation with stable performance.<br \/>\n&#8211; High-quality cuts with minimal deformation, resulting in a smooth and appealing finish.<br \/>\n&#8211; Equipped with imported servo motors and guide rails for enhanced cutting precision.<br \/>\n&#8211; User-friendly software enables real-time processing of various graphics and texts, offering flexible and straightforward operation.<\/p>\n<p>&nbsp;<\/p>\n<p>Other Tube Laser Cutter:<\/p>\n<p>Offers both manual and automatic operation modes.<\/p>\n\n\t\t<\/div>\n\t<\/div>\n<\/div><\/div><\/div><\/div><div class=\"vc_row wpb_row vc_row-fluid\"><div class=\"wpb_column vc_column_container vc_col-sm-12\"><div class=\"vc_column-inner\"><div class=\"wpb_wrapper\">\n\t<div  class=\"wpb_single_image wpb_content_element vc_align_left wpb_content_element\">\n\t\t\n\t\t<figure class=\"wpb_wrapper vc_figure\">\n\t\t\t<div class=\"vc_single_image-wrapper   vc_box_border_grey\"><img decoding=\"async\" width=\"750\" height=\"750\" src=\"data:image\/svg+xml,%3Csvg%20xmlns%3D&#39;http%3A%2F%2Fwww.w3.org%2F2000%2Fsvg&#39;%20width=&#39;750&#39;%20height=&#39;750&#39;%20viewBox%3D&#39;0%200%20750%20750&#39;%2F%3E\" data-czlz data-src=\"https:\/\/www.lasercleaner.tech\/wp-content\/uploads\/2024\/12\/\u81ea\u52a8\u4e0a\u6599\u5207\u7ba1\u673a\u4e3b\u56fe-\u62f7\u8d1d2.jpg\" class=\"vc_single_image-img attachment-full\" alt=\"auto tube laser cutter\" title=\"\u81ea\u52a8\u4e0a\u6599\u5207\u7ba1\u673a\u4e3b\u56fe \u62f7\u8d1d2\" data-srcset=\"https:\/\/www.lasercleaner.tech\/wp-content\/uploads\/2024\/12\/\u81ea\u52a8\u4e0a\u6599\u5207\u7ba1\u673a\u4e3b\u56fe-\u62f7\u8d1d2.jpg 750w, https:\/\/www.lasercleaner.tech\/wp-content\/uploads\/2024\/12\/\u81ea\u52a8\u4e0a\u6599\u5207\u7ba1\u673a\u4e3b\u56fe-\u62f7\u8d1d2-300x300.jpg 300w, https:\/\/www.lasercleaner.tech\/wp-content\/uploads\/2024\/12\/\u81ea\u52a8\u4e0a\u6599\u5207\u7ba1\u673a\u4e3b\u56fe-\u62f7\u8d1d2-150x150.jpg 150w, https:\/\/www.lasercleaner.tech\/wp-content\/uploads\/2024\/12\/\u81ea\u52a8\u4e0a\u6599\u5207\u7ba1\u673a\u4e3b\u56fe-\u62f7\u8d1d2-600x600.jpg 600w, https:\/\/www.lasercleaner.tech\/wp-content\/uploads\/2024\/12\/\u81ea\u52a8\u4e0a\u6599\u5207\u7ba1\u673a\u4e3b\u56fe-\u62f7\u8d1d2-100x100.jpg 100w\" data-sizes=\"(max-width: 750px) 100vw, 750px\" \/><\/div>\n\t\t<\/figure>\n\t<\/div>\n<\/div><\/div><\/div><\/div><div class=\"vc_row wpb_row vc_row-fluid\"><div class=\"wpb_column vc_column_container vc_col-sm-12\"><div class=\"vc_column-inner\"><div class=\"wpb_wrapper\">\n\t<div class=\"wpb_text_column wpb_content_element\" >\n\t\t<div class=\"wpb_wrapper\">\n\t\t\t<div class=\"sub-header-divs\">\n<h3>Desempenho<\/h3>\n<\/div>\n<ul>\n<li>Meio de laser - Laser de fibra CW 1070nm de estado s\u00f3lido<\/li>\n<li>Laser Power &#8211;\u00a0 1500W -6000W Fiber Source Options<\/li>\n<li>Pot\u00eancia - <strong>220v Single \/\u00a0380V 3 Phase<\/strong><\/li>\n<li>Precis\u00e3o de posicionamento - \u2264\u00b10,03 mm<\/li>\n<li>Precis\u00e3o da repetibilidade - \u2264\u00b10,02 mm<\/li>\n<\/ul>\n<div class=\"sub-header-divs\">\n<h3>Sistema<\/h3>\n<\/div>\n<ul>\n<li>Sistema de acionamento - Servo de circuito fechado<\/li>\n<li>Modo de resfriamento - \u00c1gua refrigerada<\/li>\n<\/ul>\n\n\t\t<\/div>\n\t<\/div>\n<\/div><\/div><\/div><\/div><div class=\"vc_row wpb_row vc_row-fluid\"><div class=\"wpb_column vc_column_container vc_col-sm-12\"><div class=\"vc_column-inner\"><div class=\"wpb_wrapper\">\n\t<div class=\"wpb_video_widget wpb_content_element vc_clearfix   vc_video-aspect-ratio-169 vc_video-el-width-80 vc_video-align-left\" >\n\t\t<div class=\"wpb_wrapper\">\n\t\t\t<h2 class=\"wpb_heading wpb_video_heading\">Auto tube laser cutting machine show<\/h2>\n\t\t\t<div class=\"wpb_video_wrapper\"><iframe title=\"Professional Fiber Laser Metal Tube Cutting Machine | Pipe Laser Cutting Machine\" width=\"500\" height=\"281\" src=\"https:\/\/www.youtube.com\/embed\/P8_Y7zygTnw?feature=oembed\" frameborder=\"0\" allow=\"accelerometer; autoplay; clipboard-write; encrypted-media; gyroscope; picture-in-picture; web-share\" referrerpolicy=\"strict-origin-when-cross-origin\" allowfullscreen><\/iframe><\/div>\n\t\t<\/div>\n\t<\/div>\n<\/div><\/div><\/div><\/div><div class=\"vc_row wpb_row vc_row-fluid\"><div class=\"wpb_column vc_column_container vc_col-sm-12\"><div class=\"vc_column-inner\"><div class=\"wpb_wrapper\">\n\t<div class=\"wpb_text_column wpb_content_element\" >\n\t\t<div class=\"wpb_wrapper\">\n\t\t\t<p>**Por que escolher o BOGONG LASER?<\/p>\n<p>A BOGONG \u00e9 famosa por sua qualidade de equipamentos a laser e servi\u00e7os de p\u00f3s-venda. Nossas m\u00e1quinas s\u00e3o vers\u00e1teis e f\u00e1ceis de usar, projetadas com todos os n\u00edveis de habilidade em mente. Acima de tudo, priorizamos a satisfa\u00e7\u00e3o do cliente. N\u00e3o importa se voc\u00ea \u00e9 um especialista experiente ou um iniciante, a BOGONG LASER est\u00e1 aqui para ajud\u00e1-lo em cada etapa do processo. Confie em n\u00f3s e em nosso servi\u00e7o, onde a excel\u00eancia e a inova\u00e7\u00e3o se unem para o seu sucesso.<\/p>\n\n\t\t<\/div>\n\t<\/div>\n<\/div><\/div><\/div><\/div>\n<\/div>","protected":false},"excerpt":{"rendered":"<p>It is capable of processing a variety of metal materials, including &#8230; <\/p>","protected":false},"featured_media":2101,"template":"","meta":[],"product_brand":[],"product_cat":[117,92,118],"product_tag":[122,105],"class_list":{"0":"post-2099","1":"product","2":"type-product","3":"status-publish","4":"has-post-thumbnail","6":"product_cat-fiber-laser-cutting-machine","7":"product_cat-laser-cutting-machine","8":"product_cat-laser-metal-cutting-machine","9":"product_tag-auto-tube-laser-cutting-machine","10":"product_tag-fiber-laser-cutting-machine","12":"first","13":"instock","14":"shipping-taxable","15":"product-type-simple"},"_links":{"self":[{"href":"https:\/\/www.lasercleaner.tech\/pt\/wp-json\/wp\/v2\/product\/2099","targetHints":{"allow":["GET"]}}],"collection":[{"href":"https:\/\/www.lasercleaner.tech\/pt\/wp-json\/wp\/v2\/product"}],"about":[{"href":"https:\/\/www.lasercleaner.tech\/pt\/wp-json\/wp\/v2\/types\/product"}],"wp:featuredmedia":[{"embeddable":true,"href":"https:\/\/www.lasercleaner.tech\/pt\/wp-json\/wp\/v2\/media\/2101"}],"wp:attachment":[{"href":"https:\/\/www.lasercleaner.tech\/pt\/wp-json\/wp\/v2\/media?parent=2099"}],"wp:term":[{"taxonomy":"product_brand","embeddable":true,"href":"https:\/\/www.lasercleaner.tech\/pt\/wp-json\/wp\/v2\/product_brand?post=2099"},{"taxonomy":"product_cat","embeddable":true,"href":"https:\/\/www.lasercleaner.tech\/pt\/wp-json\/wp\/v2\/product_cat?post=2099"},{"taxonomy":"product_tag","embeddable":true,"href":"https:\/\/www.lasercleaner.tech\/pt\/wp-json\/wp\/v2\/product_tag?post=2099"}],"curies":[{"name":"wp","href":"https:\/\/api.w.org\/{rel}","templated":true}]}}