{"id":2079,"date":"2024-11-03T15:07:59","date_gmt":"2024-11-03T07:07:59","guid":{"rendered":"https:\/\/bogonglaser.com\/?post_type=product&#038;p=2079"},"modified":"2024-12-04T10:48:26","modified_gmt":"2024-12-04T02:48:26","slug":"co2-laser-engraver-cutter","status":"publish","type":"product","link":"https:\/\/www.lasercleaner.tech\/pt\/produto\/co2-laser-engraver-cutter\/","title":{"rendered":"Cortador de gravador a laser CO2"},"content":{"rendered":"<div class=\"wpb-content-wrapper\"><div class=\"vc_row wpb_row vc_row-fluid\"><div class=\"wpb_column vc_column_container vc_col-sm-12\"><div class=\"vc_column-inner\"><div class=\"wpb_wrapper\">\n\t<div class=\"wpb_text_column wpb_content_element\" >\n\t\t<div class=\"wpb_wrapper\">\n\t\t\t<p>Os sistemas a laser de CO2 de alta velocidade s\u00e3o uma ferramenta acess\u00edvel, f\u00e1cil de usar e flex\u00edvel que pode dar o pontap\u00e9 inicial em uma nova empresa ou aumentar os lucros da sua empresa existente. Voc\u00ea pode pensar em nossas m\u00e1quinas de grava\u00e7\u00e3o e corte a laser como uma impressora a tinta de mesa. Elas usam tecnologia de controle de movimento semelhante para dar vida \u00e0s suas imagens. Em vez de imprimir pontos de tinta no papel, nossos sistemas usam um feixe de laser de CO2 para gravar, cortar e gravar seus designs em uma ampla variedade de materiais.<\/p>\n\n\t\t<\/div>\n\t<\/div>\n<\/div><\/div><\/div><\/div><div class=\"vc_row wpb_row vc_row-fluid\"><div class=\"wpb_column vc_column_container vc_col-sm-12\"><div class=\"vc_column-inner\"><div class=\"wpb_wrapper\">\n\t<div  class=\"wpb_single_image wpb_content_element vc_align_left wpb_content_element\">\n\t\t\n\t\t<figure class=\"wpb_wrapper vc_figure\">\n\t\t\t<div class=\"vc_single_image-wrapper   vc_box_border_grey\"><img decoding=\"async\" width=\"600\" height=\"600\" src=\"data:image\/svg+xml,%3Csvg%20xmlns%3D&#39;http%3A%2F%2Fwww.w3.org%2F2000%2Fsvg&#39;%20width=&#39;600&#39;%20height=&#39;600&#39;%20viewBox%3D&#39;0%200%20600%20600&#39;%2F%3E\" data-czlz data-src=\"https:\/\/www.lasercleaner.tech\/wp-content\/uploads\/2024\/12\/1290-2-1-3.jpg\" class=\"vc_single_image-img attachment-full\" alt=\"\" title=\"1290 - 2\" data-srcset=\"https:\/\/www.lasercleaner.tech\/wp-content\/uploads\/2024\/12\/1290-2-1-3.jpg 600w, https:\/\/www.lasercleaner.tech\/wp-content\/uploads\/2024\/12\/1290-2-1-3-300x300.jpg 300w, https:\/\/www.lasercleaner.tech\/wp-content\/uploads\/2024\/12\/1290-2-1-3-150x150.jpg 150w, https:\/\/www.lasercleaner.tech\/wp-content\/uploads\/2024\/12\/1290-2-1-3-100x100.jpg 100w\" data-sizes=\"(max-width: 600px) 100vw, 600px\" \/><\/div>\n\t\t<\/figure>\n\t<\/div>\n<\/div><\/div><\/div><\/div><div class=\"vc_row wpb_row vc_row-fluid\"><div class=\"wpb_column vc_column_container vc_col-sm-12\"><div class=\"vc_column-inner\"><div class=\"wpb_wrapper\">\n\t<div class=\"wpb_video_widget wpb_content_element vc_clearfix   vc_video-aspect-ratio-169 vc_video-el-width-80 vc_video-align-left\" >\n\t\t<div class=\"wpb_wrapper\">\n\t\t\t<h2 class=\"wpb_heading wpb_video_heading\">O que uma m\u00e1quina de corte e grava\u00e7\u00e3o a laser de CO2 pode fazer?<\/h2>\n\t\t\t<div class=\"wpb_video_wrapper\"><iframe title=\"COMO FUNCIONA UM LASER DE CO2?  |Software Ruida Operacional da m\u00e1quina a laser de CO2\" width=\"500\" height=\"281\" src=\"https:\/\/www.youtube.com\/embed\/90ApOcSD6OI?feature=oembed\" frameborder=\"0\" allow=\"accelerometer; autoplay; clipboard-write; encrypted-media; gyroscope; picture-in-picture; web-share\" referrerpolicy=\"strict-origin-when-cross-origin\" allowfullscreen><\/iframe><\/div>\n\t\t<\/div>\n\t<\/div>\n<\/div><\/div><\/div><\/div><div class=\"vc_row wpb_row vc_row-fluid\"><div class=\"wpb_column vc_column_container vc_col-sm-12\"><div class=\"vc_column-inner\"><div class=\"wpb_wrapper\">\n\t<div class=\"wpb_text_column wpb_content_element\" >\n\t\t<div class=\"wpb_wrapper\">\n\t\t\t<div class=\"sub-header-1-div\">\n<h3>PRINCIPAIS RECURSOS<\/h3>\n<\/div>\n<ul>\n<li>Pot\u00eancia do laser - 60w 80w 100w 150W 180W<\/li>\n<li>Tubo de laser - tubo de laser de CO2, comprimento de onda de 10,6 \u00b5m (CO2) <strong>Vida \u00fatil: at\u00e9\u00a0<\/strong>10.000 horas<\/li>\n<li>\u00c1rea de trabalho - 400*300mm, 900*600mm, 1300*900mm, 1600*100mm, 1300 mm x 2500 mm, etc.<\/li>\n<li>Software: RDWorks<\/li>\n<li>Plataforma de trabalho - L\u00e2mina de faca<\/li>\n<li>Fonte de alimenta\u00e7\u00e3o - AC 110V (\u00b110%) 60Hz\/ AC 220V 50Hz<\/li>\n<li>Transmiss\u00e3o - motor de passo \/ correias LeadShine (atualiza\u00e7\u00e3o de servomotor dispon\u00edvel).<\/li>\n<li>Conex\u00e3o - Cabo USB \/ Cabo Ethernet<\/li>\n<li>Certifica\u00e7\u00e3o - CE, ISO<\/li>\n<li>Classe - laser classe 4<\/li>\n<\/ul>\n\n\t\t<\/div>\n\t<\/div>\n<\/div><\/div><\/div><\/div><div class=\"vc_row wpb_row vc_row-fluid\"><div class=\"wpb_column vc_column_container vc_col-sm-12\"><div class=\"vc_column-inner\"><div class=\"wpb_wrapper\">\n\t<div class=\"wpb_text_column wpb_content_element\" >\n\t\t<div class=\"wpb_wrapper\">\n\t\t\t<h2>O que podemos fazer por voc\u00ea?<\/h2>\n<ul>\n<li><span class=\"magic-19\"><b class=\"magic-19\"><span class=\"magic-18\">Amostras de teste gratuitas -<\/span><\/b><span class=\"magic-20\" data-spm-anchor-id=\"a2700.details.0.i41.41d82402R4aegi\">Podemos realizar testes gratuitos de efeito de marca\u00e7\u00e3o de acordo com o material de seu produto<\/span><\/span><\/li>\n<li><span class=\"magic-19\"><b class=\"magic-19\"><span class=\"magic-18\">V\u00eddeo ao vivo<\/span><\/b><span class=\"magic-20\">Voc\u00ea pode entrar em contato com nossos consultores de vendas para assistir ao processo de produ\u00e7\u00e3o e \u00e0 opera\u00e7\u00e3o da m\u00e1quina em um v\u00eddeo on-line.<\/span><\/span><\/li>\n<li><span class=\"magic-19\"><b class=\"magic-19\"><span class=\"magic-18\">Personalizado \/OEM-<\/span><\/b><span class=\"magic-20\" data-spm-anchor-id=\"a2700.details.0.i40.41d82402R4aegi\">M\u00e1quinas personalizadas mediante solicita\u00e7\u00e3o\uff0cEntre em contato conosco<\/span><\/span><\/li>\n<\/ul>\n\n\t\t<\/div>\n\t<\/div>\n<\/div><\/div><\/div><\/div><div class=\"vc_row wpb_row vc_row-fluid\"><div class=\"wpb_column vc_column_container vc_col-sm-12\"><div class=\"vc_column-inner\"><div class=\"wpb_wrapper\">\n\t<div class=\"wpb_text_column wpb_content_element\" >\n\t\t<div class=\"wpb_wrapper\">\n\t\t\t<h3>Quais pe\u00e7as eu preciso escolher para a m\u00e1quina de corte e grava\u00e7\u00e3o a laser CO2?<\/h3>\n<ul>\n<li>Dispositivo rotativo: h\u00e1 v\u00e1rios dispositivos rotativos com diferentes estilos e di\u00e2metros de bra\u00e7adeira, como 50D 65D 80D<\/li>\n<\/ul>\n\n\t\t<\/div>\n\t<\/div>\n<\/div><\/div><\/div><\/div><div class=\"vc_row wpb_row vc_row-fluid\"><div class=\"wpb_column vc_column_container vc_col-sm-12\"><div class=\"vc_column-inner\"><div class=\"wpb_wrapper\">\n\t<div class=\"wpb_text_column wpb_content_element\" >\n\t\t<div class=\"wpb_wrapper\">\n\t\t\t<p>Condi\u00e7\u00f5es de pagamento da m\u00e1quina de corte e grava\u00e7\u00e3o a laser CO2<\/p>\n<p>1. Dep\u00f3sito e saldo: Um dep\u00f3sito de 30% T\/T \u00e9 exigido antecipadamente, com o saldo devido antes do envio.<\/p>\n<p>2. Garantia de com\u00e9rcio do Alibaba: Os pagamentos podem ser processados por meio do Alibaba Trade Assurance.<\/p>\n<p>Perguntas frequentes sobre a m\u00e1quina de corte para grava\u00e7\u00e3o a laser de CO2<\/p>\n<p>Qual \u00e9 a embalagem da m\u00e1quina de corte e grava\u00e7\u00e3o a laser de CO2?<br \/>\nNossas m\u00e1quinas s\u00e3o embaladas em uma configura\u00e7\u00e3o de tr\u00eas camadas. A camada externa consiste em um engradado de madeira, a camada intermedi\u00e1ria apresenta estofamento de espuma para proteger contra trepida\u00e7\u00f5es e a camada interna inclui um saco pl\u00e1stico grosso para impermeabiliza\u00e7\u00e3o.<\/p>\n<p>O pacote ser\u00e1 danificado durante o transporte?<br \/>\nProjetamos meticulosamente nossas embalagens para lidar com todos os fatores de poss\u00edveis danos, e nossos agentes de transporte t\u00eam experi\u00eancia em transporte seguro. J\u00e1 exportamos com sucesso para 180 pa\u00edses, portanto, voc\u00ea pode ter certeza de que sua encomenda chegar\u00e1 em excelentes condi\u00e7\u00f5es.<\/p>\n\n\t\t<\/div>\n\t<\/div>\n<\/div><\/div><\/div><\/div>\n<\/div>","protected":false},"excerpt":{"rendered":"<h2>M\u00e1quina de corte para grava\u00e7\u00e3o a laser CO2<\/h2>\n<p>Are you looking for a CO2 laser &#8230; <\/p>","protected":false},"featured_media":2090,"template":"","meta":[],"product_brand":[],"product_cat":[120],"product_tag":[121],"class_list":{"0":"post-2079","1":"product","2":"type-product","3":"status-publish","4":"has-post-thumbnail","6":"product_cat-co2-laser-cutter","7":"product_tag-co2-laser-cutting-machine","9":"first","10":"instock","11":"shipping-taxable","12":"product-type-simple"},"_links":{"self":[{"href":"https:\/\/www.lasercleaner.tech\/pt\/wp-json\/wp\/v2\/product\/2079","targetHints":{"allow":["GET"]}}],"collection":[{"href":"https:\/\/www.lasercleaner.tech\/pt\/wp-json\/wp\/v2\/product"}],"about":[{"href":"https:\/\/www.lasercleaner.tech\/pt\/wp-json\/wp\/v2\/types\/product"}],"wp:featuredmedia":[{"embeddable":true,"href":"https:\/\/www.lasercleaner.tech\/pt\/wp-json\/wp\/v2\/media\/2090"}],"wp:attachment":[{"href":"https:\/\/www.lasercleaner.tech\/pt\/wp-json\/wp\/v2\/media?parent=2079"}],"wp:term":[{"taxonomy":"product_brand","embeddable":true,"href":"https:\/\/www.lasercleaner.tech\/pt\/wp-json\/wp\/v2\/product_brand?post=2079"},{"taxonomy":"product_cat","embeddable":true,"href":"https:\/\/www.lasercleaner.tech\/pt\/wp-json\/wp\/v2\/product_cat?post=2079"},{"taxonomy":"product_tag","embeddable":true,"href":"https:\/\/www.lasercleaner.tech\/pt\/wp-json\/wp\/v2\/product_tag?post=2079"}],"curies":[{"name":"wp","href":"https:\/\/api.w.org\/{rel}","templated":true}]}}