{"id":1981,"date":"2024-11-25T16:08:24","date_gmt":"2024-11-25T08:08:24","guid":{"rendered":"https:\/\/bogonglaser.com\/?post_type=product&#038;p=1981"},"modified":"2024-11-27T11:21:19","modified_gmt":"2024-11-27T03:21:19","slug":"smallest-fiber-laser-cutting-machine-for-brass-gold-silver","status":"publish","type":"product","link":"https:\/\/www.lasercleaner.tech\/pt\/produto\/smallest-fiber-laser-cutting-machine-for-brass-gold-silver\/","title":{"rendered":"A menor m\u00e1quina de corte a laser de fibra para lat\u00e3o, ouro e prata"},"content":{"rendered":"<div class=\"wpb-content-wrapper\"><div class=\"vc_row wpb_row vc_row-fluid\"><div class=\"wpb_column vc_column_container vc_col-sm-12\"><div class=\"vc_column-inner\"><div class=\"wpb_wrapper\">\n\t<div class=\"wpb_text_column wpb_content_element\" >\n\t\t<div class=\"wpb_wrapper\">\n\t\t\t<p>Are you in search of the best precision laser cutting machine (1500W ,\u00a0 2000W or 3000W) for creating personalized metal jewelry like rings, earrings, pendants, bracelets, cufflinks, necklaces, brooches, and other custom ornaments made from silver, gold, copper, or stainless steel? Check out the top-rated mini compact fiber laser jewelry cutters available for sale at cost price.<\/p>\n\n\t\t<\/div>\n\t<\/div>\n<\/div><\/div><\/div><\/div><div class=\"vc_row wpb_row vc_row-fluid\"><div class=\"wpb_column vc_column_container vc_col-sm-12\"><div class=\"vc_column-inner\"><div class=\"wpb_wrapper\">\n\t<div  class=\"wpb_single_image wpb_content_element vc_align_left wpb_content_element\">\n\t\t\n\t\t<figure class=\"wpb_wrapper vc_figure\">\n\t\t\t<div class=\"vc_single_image-wrapper   vc_box_border_grey\"><img decoding=\"async\" width=\"432\" height=\"250\" src=\"data:image\/svg+xml,%3Csvg%20xmlns%3D&#39;http%3A%2F%2Fwww.w3.org%2F2000%2Fsvg&#39;%20width=&#39;432&#39;%20height=&#39;250&#39;%20viewBox%3D&#39;0%200%20432%20250&#39;%2F%3E\" data-czlz data-src=\"https:\/\/www.lasercleaner.tech\/wp-content\/uploads\/2024\/11\/precision-laser-cutter.jpg\" class=\"vc_single_image-img attachment-full\" alt=\"\" title=\"precision laser cutter\" data-srcset=\"https:\/\/www.lasercleaner.tech\/wp-content\/uploads\/2024\/11\/precision-laser-cutter.jpg 432w, https:\/\/www.lasercleaner.tech\/wp-content\/uploads\/2024\/11\/precision-laser-cutter-300x174.jpg 300w\" data-sizes=\"(max-width: 432px) 100vw, 432px\" \/><\/div>\n\t\t<\/figure>\n\t<\/div>\n<\/div><\/div><\/div><\/div><div class=\"vc_row wpb_row vc_row-fluid\"><div class=\"wpb_column vc_column_container vc_col-sm-12\"><div class=\"vc_column-inner\"><div class=\"wpb_wrapper\">\n\t<div class=\"wpb_text_column wpb_content_element\" >\n\t\t<div class=\"wpb_wrapper\">\n\t\t\t<div class=\"sub-header-divs\">\n<h3>Desempenho<\/h3>\n<\/div>\n<ul>\n<li>Meio de laser - Laser de fibra CW 1070nm de estado s\u00f3lido<\/li>\n<li>Laser Power &#8211; 1000W to 3000W Fiber Source Options<\/li>\n<li>Power &#8211; 220v\u00a0<strong>single phase\/ 380V 3 Phase<\/strong><\/li>\n<li>Precis\u00e3o de posicionamento - \u2264\u00b10,03 mm<\/li>\n<li>Precis\u00e3o da repetibilidade - \u2264\u00b10,02 mm<\/li>\n<\/ul>\n<div class=\"sub-header-divs\">\n<h3>Sistema<\/h3>\n<\/div>\n<ul>\n<li>Sistema de acionamento - Servo de circuito fechado<\/li>\n<li>Modo de resfriamento - \u00c1gua refrigerada<\/li>\n<\/ul>\n\n\t\t<\/div>\n\t<\/div>\n<\/div><\/div><\/div><\/div><div class=\"vc_row wpb_row vc_row-fluid\"><div class=\"wpb_column vc_column_container vc_col-sm-12\"><div class=\"vc_column-inner\"><div class=\"wpb_wrapper\">\n\t<div class=\"wpb_text_column wpb_content_element\" >\n\t\t<div class=\"wpb_wrapper\">\n\t\t\t<p>Laser cutting metal jewelry in a variety of shapes is a straightforward and efficient way to create personalized pieces. It offers quick, clean, and smooth cuts. However, crafting beautiful metal jewelry requires precision and a delicate touch. That\u2019s where the BOGONG 3030 small laser cutter. It delivers incredible detail and results that go beyond expectations. Plus, it can cut not only gold and silver but also materials like copper and stainless steel.<\/p>\n<p>If you&#8217;re looking to make unique metal jewelry, all you need is the 3030 Fiber laser cutter from BOGONG LASER. It\u2019s compact, saving precious workspace, and comes equipped with an automatic CNC controller along with intuitive software that\u2019s easy to use, whether you\u2019re a beginner or a seasoned pro. It\u2019s a perfect fit for home crafters and small business owners alike.<\/p>\n<p>What Is Metal Jewelry?<br \/>\nMetal jewelry includes a wide range of items like rings, earrings, necklaces, bracelets, brooches, pendants, and cufflinks, typically made from materials such as gold, silver, copper, and colored stainless steel, among other precious metals.<\/p>\n<p>Most of this jewelry consists of small pieces, which requires a high level of cutting precision and minimal waste. Traditional mechanical cutting methods simply don\u2019t meet the modern demands of jewelry making. Laser cutting is the best solution, offering speed, accuracy, high quality, and environmentally friendly, non-destructive processes. Since different metals have varying degrees of softness, hardness, and reflectivity, fiber lasers are particularly well-suited for achieving precise cuts in metal jewelry.<\/p>\n\n\t\t<\/div>\n\t<\/div>\n<\/div><\/div><\/div><\/div><div class=\"vc_row wpb_row vc_row-fluid\"><div class=\"wpb_column vc_column_container vc_col-sm-12\"><div class=\"vc_column-inner\"><div class=\"wpb_wrapper\">\n\t<div class=\"wpb_video_widget wpb_content_element vc_clearfix   vc_video-aspect-ratio-169 vc_video-el-width-80 vc_video-align-left\" >\n\t\t<div class=\"wpb_wrapper\">\n\t\t\t\n\t\t\t<div class=\"wpb_video_wrapper\"><iframe title=\"Smallest Fiber Laser Cutting Machine: A Breakthrough in Metal Cutting Technology\" width=\"500\" height=\"281\" src=\"https:\/\/www.youtube.com\/embed\/9jNRk6QalxQ?feature=oembed\" frameborder=\"0\" allow=\"accelerometer; autoplay; clipboard-write; encrypted-media; gyroscope; picture-in-picture; web-share\" referrerpolicy=\"strict-origin-when-cross-origin\" allowfullscreen><\/iframe><\/div>\n\t\t<\/div>\n\t<\/div>\n<\/div><\/div><\/div><\/div><div class=\"vc_row wpb_row vc_row-fluid\"><div class=\"wpb_column vc_column_container vc_col-sm-12\"><div class=\"vc_column-inner\"><div class=\"wpb_wrapper\">\n\t<div  class=\"wpb_single_image wpb_content_element vc_align_left wpb_content_element\">\n\t\t\n\t\t<figure class=\"wpb_wrapper vc_figure\">\n\t\t\t<div class=\"vc_single_image-wrapper   vc_box_border_grey\"><img decoding=\"async\" width=\"600\" height=\"338\" src=\"data:image\/svg+xml,%3Csvg%20xmlns%3D&#39;http%3A%2F%2Fwww.w3.org%2F2000%2Fsvg&#39;%20width=&#39;600&#39;%20height=&#39;338&#39;%20viewBox%3D&#39;0%200%20600%20338&#39;%2F%3E\" data-czlz data-src=\"https:\/\/www.lasercleaner.tech\/wp-content\/uploads\/2024\/11\/fiber-laser-cutting.jpg\" class=\"vc_single_image-img attachment-full\" alt=\"\" title=\"fiber laser cutting\" data-srcset=\"https:\/\/www.lasercleaner.tech\/wp-content\/uploads\/2024\/11\/fiber-laser-cutting.jpg 600w, https:\/\/www.lasercleaner.tech\/wp-content\/uploads\/2024\/11\/fiber-laser-cutting-300x169.jpg 300w\" data-sizes=\"(max-width: 600px) 100vw, 600px\" \/><\/div>\n\t\t<\/figure>\n\t<\/div>\n<\/div><\/div><\/div><\/div><div class=\"vc_row wpb_row vc_row-fluid\"><div class=\"wpb_column vc_column_container vc_col-sm-12\"><div class=\"vc_column-inner\"><div class=\"wpb_wrapper\">\n\t<div  class=\"wpb_single_image wpb_content_element vc_align_left wpb_content_element\">\n\t\t<h2 class=\"wpb_heading wpb_singleimage_heading\">BOGONG provide OEM service, put your logo on laser cutter<\/h2>\n\t\t<figure class=\"wpb_wrapper vc_figure\">\n\t\t\t<div class=\"vc_single_image-wrapper   vc_box_border_grey\"><img decoding=\"async\" width=\"600\" height=\"338\" src=\"data:image\/svg+xml,%3Csvg%20xmlns%3D&#39;http%3A%2F%2Fwww.w3.org%2F2000%2Fsvg&#39;%20width=&#39;600&#39;%20height=&#39;338&#39;%20viewBox%3D&#39;0%200%20600%20338&#39;%2F%3E\" data-czlz data-src=\"https:\/\/www.lasercleaner.tech\/wp-content\/uploads\/2024\/11\/smart-fiber-laser-cutter.jpg\" class=\"vc_single_image-img attachment-full\" alt=\"\" title=\"smart fiber laser cutter\" data-srcset=\"https:\/\/www.lasercleaner.tech\/wp-content\/uploads\/2024\/11\/smart-fiber-laser-cutter.jpg 600w, https:\/\/www.lasercleaner.tech\/wp-content\/uploads\/2024\/11\/smart-fiber-laser-cutter-300x169.jpg 300w\" data-sizes=\"(max-width: 600px) 100vw, 600px\" \/><\/div>\n\t\t<\/figure>\n\t<\/div>\n<\/div><\/div><\/div><\/div><div class=\"vc_row wpb_row vc_row-fluid\"><div class=\"wpb_column vc_column_container vc_col-sm-12\"><div class=\"vc_column-inner\"><div class=\"wpb_wrapper\">\n\t<div class=\"wpb_text_column wpb_content_element\" >\n\t\t<div class=\"wpb_wrapper\">\n\t\t\t<h4>Ind\u00fastrias aplic\u00e1veis \u00e0 m\u00e1quina de corte a laser de fibra<\/h4>\n<p>Mechanical and electrical equipment, sheet metal fabrication, cabinets, stainless steel products, lighting fixtures, automotive parts, hardware tools, advertising signs, decorative items, and other industries.<\/p>\n\n\t\t<\/div>\n\t<\/div>\n<\/div><\/div><\/div><\/div><div class=\"vc_row wpb_row vc_row-fluid\"><div class=\"wpb_column vc_column_container vc_col-sm-12\"><div class=\"vc_column-inner\"><div class=\"wpb_wrapper\">\n\t<div class=\"wpb_video_widget wpb_content_element vc_clearfix   vc_video-aspect-ratio-169 vc_video-el-width-80 vc_video-align-left\" >\n\t\t<div class=\"wpb_wrapper\">\n\t\t\t<h2 class=\"wpb_heading wpb_video_heading\">Cutting small metal piece<\/h2>\n\t\t\t<div class=\"wpb_video_wrapper\"><iframe title=\"Smallest Fiber Laser Cutter for Stainless Steel Brass Aluminium Gold Silver\" width=\"500\" height=\"281\" src=\"https:\/\/www.youtube.com\/embed\/Kb8-nzgy2NM?feature=oembed\" frameborder=\"0\" allow=\"accelerometer; autoplay; clipboard-write; encrypted-media; gyroscope; picture-in-picture; web-share\" referrerpolicy=\"strict-origin-when-cross-origin\" allowfullscreen><\/iframe><\/div>\n\t\t<\/div>\n\t<\/div>\n<\/div><\/div><\/div><\/div><div class=\"vc_row wpb_row vc_row-fluid\"><div class=\"wpb_column vc_column_container vc_col-sm-12\"><div class=\"vc_column-inner\"><div class=\"wpb_wrapper\">\n\t<div class=\"wpb_text_column wpb_content_element\" >\n\t\t<div class=\"wpb_wrapper\">\n\t\t\t<p>How Does It Work?<br \/>\nLaser metal jewelry cutters use advanced laser technology, and the way materials interact with the laser is key to the process. Here\u2019s a simple step-by-step breakdown of how it works:<\/p>\n<p>1. Design Input: First, you create your design using CAD software. This design is then transformed into a machine-readable format using CAM software.<\/p>\n<p>2. Laser Generation: The cutter uses either a CO2 or fiber laser to produce a concentrated beam of high-temperature light.<\/p>\n<p>3. Beam Focusing: The optical system directs this powerful laser beam to a specific point on the metal surface to cut or engrave it.<\/p>\n<p>4. Material Interaction: The laser&#8217;s heat affects different metals in various ways, so the settings may change depending on the material.<\/p>\n<p>5. Controlled Movement: The laser follows the design pattern you&#8217;ve created, moving precisely as instructed by the software.<\/p>\n<p>6. Cooling: An effective cooling system is crucial to ensure that the finished product retains its original shape and quality.<\/p>\n<p>7. Removal of Residue: After the cutting process, any leftover material is cleaned up to give the piece a polished finish.<\/p>\n<p>Why Choose a Precision Laser Cutter for Cutting Silver, Gold, and Copper Jewelry? &#8211; Pros &amp; Advantages<br \/>\n\u2714 Compact and Safe Design: The cutter features CE-standard anti-radiation glass, making it safer to operate.<\/p>\n<p>\u2714 High Precision Cutting: It uses an imported Japanese AC servo drive system for quick and precise cuts.<\/p>\n<p>\u2714 Accurate Movement: The Y-axis is designed with a high-accuracy ball-screw transmission, ensuring straight cuts even at high speeds.<\/p>\n<p>\u2714 Durable Build: The machine is built to last and is resistant to deformation.<\/p>\n<p>\u2714 Efficient Positioning: Pneumatic clamps hold thinner materials securely, while a movable blade table accommodates thicker pieces, ensuring accuracy.<\/p>\n<p>\u2714 Protective Shielding: The fully enclosed design prevents any metal debris from escaping during cutting.<\/p>\n<p>\u2714 Easy Debris Collection: A collection tray beneath the cutting table makes it easy to gather and dispose of leftover material quickly.<\/p>\n\n\t\t<\/div>\n\t<\/div>\n<\/div><\/div><\/div><\/div><div class=\"vc_row wpb_row vc_row-fluid\"><div class=\"wpb_column vc_column_container vc_col-sm-12\"><div class=\"vc_column-inner\"><div class=\"wpb_wrapper\">\n\t<div class=\"wpb_text_column wpb_content_element\" >\n\t\t<div class=\"wpb_wrapper\">\n\t\t\t<p>**Por que escolher o BOGONG LASER?<\/p>\n<p>A BOGONG \u00e9 famosa por sua qualidade de equipamentos a laser e servi\u00e7os de p\u00f3s-venda. Nossas m\u00e1quinas s\u00e3o vers\u00e1teis e f\u00e1ceis de usar, projetadas com todos os n\u00edveis de habilidade em mente. Acima de tudo, priorizamos a satisfa\u00e7\u00e3o do cliente. N\u00e3o importa se voc\u00ea \u00e9 um especialista experiente ou um iniciante, a BOGONG LASER est\u00e1 aqui para ajud\u00e1-lo em cada etapa do processo. Confie em n\u00f3s e em nosso servi\u00e7o, onde a excel\u00eancia e a inova\u00e7\u00e3o se unem para o seu sucesso.<\/p>\n\n\t\t<\/div>\n\t<\/div>\n<\/div><\/div><\/div><\/div><div class=\"vc_row wpb_row vc_row-fluid\"><div class=\"wpb_column vc_column_container vc_col-sm-12\"><div class=\"vc_column-inner\"><div class=\"wpb_wrapper\"><div class=\"wpb_gallery wpb_content_element vc_clearfix wpb_content_element\" ><div class=\"wpb_wrapper\"><div class=\"wpb_gallery_slides wpb_flexslider flexslider_slide flexslider\" data-interval=\"3\" data-flex_fx=\"slide\"><ul class=\"slides\"><li><a class=\"\" href=\"https:\/\/www.lasercleaner.tech\/wp-content\/uploads\/2024\/11\/fiber-laser-cutter.jpg\" data-lightbox=\"lightbox[rel-1981-4149002029]\"><img decoding=\"async\" width=\"800\" height=\"600\" src=\"data:image\/svg+xml,%3Csvg%20xmlns%3D&#39;http%3A%2F%2Fwww.w3.org%2F2000%2Fsvg&#39;%20width=&#39;800&#39;%20height=&#39;600&#39;%20viewBox%3D&#39;0%200%20800%20600&#39;%2F%3E\" data-czlz data-src=\"https:\/\/www.lasercleaner.tech\/wp-content\/uploads\/2024\/11\/fiber-laser-cutter.jpg\" class=\"attachment-full\" alt=\"fiber laser cutter\" title=\"cortador a laser de fibra\" data-srcset=\"https:\/\/www.lasercleaner.tech\/wp-content\/uploads\/2024\/11\/fiber-laser-cutter.jpg 800w, https:\/\/www.lasercleaner.tech\/wp-content\/uploads\/2024\/11\/fiber-laser-cutter-300x225.jpg 300w, https:\/\/www.lasercleaner.tech\/wp-content\/uploads\/2024\/11\/fiber-laser-cutter-768x576.jpg 768w, https:\/\/www.lasercleaner.tech\/wp-content\/uploads\/2024\/11\/fiber-laser-cutter-600x450.jpg 600w\" data-sizes=\"(max-width: 800px) 100vw, 800px\" \/><\/a><\/li><\/ul><\/div><\/div><\/div><\/div><\/div><\/div><\/div>\n<\/div>","protected":false},"excerpt":{"rendered":"<h3>Smallest Fiber Laser Cutting Machine<\/h3>\n<p>BOGONG 3030 Fiber Laser cutting Machine is &#8230; <\/p>","protected":false},"featured_media":1983,"template":"","meta":[],"product_brand":[],"product_cat":[117,92,118],"product_tag":[105,106],"class_list":{"0":"post-1981","1":"product","2":"type-product","3":"status-publish","4":"has-post-thumbnail","6":"product_cat-fiber-laser-cutting-machine","7":"product_cat-laser-cutting-machine","8":"product_cat-laser-metal-cutting-machine","9":"product_tag-fiber-laser-cutting-machine","10":"product_tag-laser-cutting-machine","12":"first","13":"instock","14":"shipping-taxable","15":"product-type-simple"},"_links":{"self":[{"href":"https:\/\/www.lasercleaner.tech\/pt\/wp-json\/wp\/v2\/product\/1981","targetHints":{"allow":["GET"]}}],"collection":[{"href":"https:\/\/www.lasercleaner.tech\/pt\/wp-json\/wp\/v2\/product"}],"about":[{"href":"https:\/\/www.lasercleaner.tech\/pt\/wp-json\/wp\/v2\/types\/product"}],"wp:featuredmedia":[{"embeddable":true,"href":"https:\/\/www.lasercleaner.tech\/pt\/wp-json\/wp\/v2\/media\/1983"}],"wp:attachment":[{"href":"https:\/\/www.lasercleaner.tech\/pt\/wp-json\/wp\/v2\/media?parent=1981"}],"wp:term":[{"taxonomy":"product_brand","embeddable":true,"href":"https:\/\/www.lasercleaner.tech\/pt\/wp-json\/wp\/v2\/product_brand?post=1981"},{"taxonomy":"product_cat","embeddable":true,"href":"https:\/\/www.lasercleaner.tech\/pt\/wp-json\/wp\/v2\/product_cat?post=1981"},{"taxonomy":"product_tag","embeddable":true,"href":"https:\/\/www.lasercleaner.tech\/pt\/wp-json\/wp\/v2\/product_tag?post=1981"}],"curies":[{"name":"wp","href":"https:\/\/api.w.org\/{rel}","templated":true}]}}