{"id":1869,"date":"2024-11-20T16:27:34","date_gmt":"2024-11-20T08:27:34","guid":{"rendered":"https:\/\/bogonglaser.com\/?post_type=product&#038;p=1869"},"modified":"2024-11-21T14:35:29","modified_gmt":"2024-11-21T06:35:29","slug":"air-cooling-handheld-laser-welding-machine-for-sale","status":"publish","type":"product","link":"https:\/\/www.lasercleaner.tech\/pt\/produto\/air-cooling-handheld-laser-welding-machine-for-sale\/","title":{"rendered":"M\u00e1quina de solda a laser port\u00e1til com resfriamento a ar para venda"},"content":{"rendered":"<div class=\"wpb-content-wrapper\"><div class=\"vc_row wpb_row vc_row-fluid\"><div class=\"wpb_column vc_column_container vc_col-sm-12\"><div class=\"vc_column-inner\"><div class=\"wpb_wrapper\">\n\t<div class=\"wpb_text_column wpb_content_element\" >\n\t\t<div class=\"wpb_wrapper\">\n\t\t\t<p>Um soldador a laser resfriado a ar \u00e9 uma m\u00e1quina de solda de precis\u00e3o que usa um feixe de laser de alta energia para derreter metais e unir pe\u00e7as. Diferentemente dos sistemas resfriados a \u00e1gua, que exigem um fluido de resfriamento para dissipa\u00e7\u00e3o de calor, os soldadores a laser resfriados a ar dependem do ar ambiente para resfriamento durante a opera\u00e7\u00e3o. Esse design simplifica a manuten\u00e7\u00e3o, reduz a necessidade de componentes extras e permite configura\u00e7\u00f5es mais compactas.<\/p>\n<p>As m\u00e1quinas de solda a laser refrigeradas a ar s\u00e3o particularmente populares em cen\u00e1rios em que a portabilidade e a facilidade de uso s\u00e3o essenciais, como em pequenas oficinas ou para reparos no local. Elas tamb\u00e9m s\u00e3o amplamente usadas em aplica\u00e7\u00f5es industriais que exigem soldagem precisa, incluindo os setores automotivo, aeroespacial, de constru\u00e7\u00e3o naval e eletr\u00f4nico.<\/p>\n\n\t\t<\/div>\n\t<\/div>\n<\/div><\/div><\/div><\/div><div class=\"vc_row wpb_row vc_row-fluid\"><div class=\"wpb_column vc_column_container vc_col-sm-12\"><div class=\"vc_column-inner\"><div class=\"wpb_wrapper\">\n\t<div class=\"wpb_video_widget wpb_content_element vc_clearfix   vc_video-aspect-ratio-169 vc_video-el-width-60 vc_video-align-left\" >\n\t\t<div class=\"wpb_wrapper\">\n\t\t\t<h2 class=\"wpb_heading wpb_video_heading\">Exposi\u00e7\u00e3o de soldadores a laser com resfriamento a ar<\/h2>\n\t\t\t<div class=\"wpb_video_wrapper\"><iframe title=\"M\u00e1quina de solda a laser port\u00e1til com resfriamento a ar\" width=\"500\" height=\"281\" src=\"https:\/\/www.youtube.com\/embed\/LVOF1nyCNCs?feature=oembed\" frameborder=\"0\" allow=\"accelerometer; autoplay; clipboard-write; encrypted-media; gyroscope; picture-in-picture; web-share\" referrerpolicy=\"strict-origin-when-cross-origin\" allowfullscreen><\/iframe><\/div>\n\t\t<\/div>\n\t<\/div>\n<\/div><\/div><\/div><\/div><div class=\"vc_row wpb_row vc_row-fluid\"><div class=\"wpb_column vc_column_container vc_col-sm-12\"><div class=\"vc_column-inner\"><div class=\"wpb_wrapper\">\n\t<div  class=\"wpb_single_image wpb_content_element vc_align_left wpb_content_element\">\n\t\t\n\t\t<figure class=\"wpb_wrapper vc_figure\">\n\t\t\t<div class=\"vc_single_image-wrapper   vc_box_border_grey\"><img decoding=\"async\" width=\"600\" height=\"600\" src=\"data:image\/svg+xml,%3Csvg%20xmlns%3D&#39;http%3A%2F%2Fwww.w3.org%2F2000%2Fsvg&#39;%20width=&#39;600&#39;%20height=&#39;600&#39;%20viewBox%3D&#39;0%200%20600%20600&#39;%2F%3E\" data-czlz data-src=\"https:\/\/www.lasercleaner.tech\/wp-content\/uploads\/2024\/11\/air-cooling-laser-welder.jpg\" class=\"vc_single_image-img attachment-full\" alt=\"\" title=\"soldador a laser com resfriamento a ar\" data-srcset=\"https:\/\/www.lasercleaner.tech\/wp-content\/uploads\/2024\/11\/air-cooling-laser-welder.jpg 600w, https:\/\/www.lasercleaner.tech\/wp-content\/uploads\/2024\/11\/air-cooling-laser-welder-300x300.jpg 300w, https:\/\/www.lasercleaner.tech\/wp-content\/uploads\/2024\/11\/air-cooling-laser-welder-150x150.jpg 150w, https:\/\/www.lasercleaner.tech\/wp-content\/uploads\/2024\/11\/air-cooling-laser-welder-100x100.jpg 100w\" data-sizes=\"(max-width: 600px) 100vw, 600px\" \/><\/div>\n\t\t<\/figure>\n\t<\/div>\n<\/div><\/div><\/div><\/div><div class=\"vc_row wpb_row vc_row-fluid\"><div class=\"wpb_column vc_column_container vc_col-sm-12\"><div class=\"vc_column-inner\"><div class=\"wpb_wrapper\">\n\t<div class=\"wpb_text_column wpb_content_element\" >\n\t\t<div class=\"wpb_wrapper\">\n\t\t\t<p>Portabilidade<br \/>\nO soldador a laser port\u00e1til refrigerado a ar tem um design compacto e leve, o que o torna altamente port\u00e1til.<\/p>\n<p>Cabo de fibra \u00f3ptica flex\u00edvel<br \/>\nO feixe de laser \u00e9 transmitido para a pe\u00e7a de trabalho por meio de um cabo de fibra \u00f3ptica flex\u00edvel, permitindo o direcionamento preciso do laser para onde ele \u00e9 necess\u00e1rio.<\/p>\n<p>Foco ajust\u00e1vel<br \/>\nO feixe de laser pode ser focalizado em um ponto muito fino, permitindo a soldagem de alta precis\u00e3o. A profundidade do foco tamb\u00e9m \u00e9 ajust\u00e1vel, acomodando materiais de v\u00e1rias espessuras.<\/p>\n<p>F\u00e1cil opera\u00e7\u00e3o<br \/>\nO painel de controle inteligente apresenta uma interface amig\u00e1vel para ajustes r\u00e1pidos e simples, permitindo que os usu\u00e1rios gerenciem seus projetos de soldagem com efici\u00eancia a partir de uma \u00fanica configura\u00e7\u00e3o.<\/p>\n<p>Vers\u00e1til<br \/>\nOs bicos de cobre est\u00e3o inclu\u00eddos para diferentes necessidades de soldagem, proporcionando maior flexibilidade para lidar com v\u00e1rios \u00e2ngulos de soldagem, materiais e efeitos desejados.<\/p>\n\n\t\t<\/div>\n\t<\/div>\n<\/div><\/div><\/div><\/div><div class=\"vc_row wpb_row vc_row-fluid\"><div class=\"wpb_column vc_column_container vc_col-sm-12\"><div class=\"vc_column-inner\"><div class=\"wpb_wrapper\">\n\t<div  class=\"wpb_single_image wpb_content_element vc_align_left wpb_content_element\">\n\t\t\n\t\t<figure class=\"wpb_wrapper vc_figure\">\n\t\t\t<div class=\"vc_single_image-wrapper   vc_box_border_grey\"><img decoding=\"async\" width=\"600\" height=\"600\" src=\"data:image\/svg+xml,%3Csvg%20xmlns%3D&#39;http%3A%2F%2Fwww.w3.org%2F2000%2Fsvg&#39;%20width=&#39;600&#39;%20height=&#39;600&#39;%20viewBox%3D&#39;0%200%20600%20600&#39;%2F%3E\" data-czlz data-src=\"https:\/\/www.lasercleaner.tech\/wp-content\/uploads\/2024\/11\/air-cooling-laser-welding-machine.jpg\" class=\"vc_single_image-img attachment-full\" alt=\"\" title=\"M\u00e1quina de solda a laser com resfriamento a ar\" data-srcset=\"https:\/\/www.lasercleaner.tech\/wp-content\/uploads\/2024\/11\/air-cooling-laser-welding-machine.jpg 600w, https:\/\/www.lasercleaner.tech\/wp-content\/uploads\/2024\/11\/air-cooling-laser-welding-machine-300x300.jpg 300w, https:\/\/www.lasercleaner.tech\/wp-content\/uploads\/2024\/11\/air-cooling-laser-welding-machine-150x150.jpg 150w, https:\/\/www.lasercleaner.tech\/wp-content\/uploads\/2024\/11\/air-cooling-laser-welding-machine-100x100.jpg 100w\" data-sizes=\"(max-width: 600px) 100vw, 600px\" \/><\/div>\n\t\t<\/figure>\n\t<\/div>\n<\/div><\/div><\/div><\/div><div class=\"vc_row wpb_row vc_row-fluid\"><div class=\"wpb_column vc_column_container vc_col-sm-12\"><div class=\"vc_column-inner\"><div class=\"wpb_wrapper\">\n\t<div class=\"wpb_text_column wpb_content_element\" >\n\t\t<div class=\"wpb_wrapper\">\n\t\t\t<p>Gerador de laser de fibra<br \/>\nEsse avan\u00e7ado gerador de laser \u00e9 fornecido com direitos de propriedade intelectual independentes. Ele apresenta baixo consumo de energia, n\u00e3o requer manuten\u00e7\u00e3o e \u00e9 f\u00e1cil de montar, o que o torna uma fonte de laser ideal para aplica\u00e7\u00f5es industriais em soldagem, corte e limpeza.<\/p>\n<p>Pistola de solda a laser<br \/>\nProjetada para ser leve e f\u00e1cil de usar, a pistola de solda a laser apresenta lentes duplas de prote\u00e7\u00e3o. A lente interna \u00e9 facilmente remov\u00edvel para substitui\u00e7\u00e3o r\u00e1pida, garantindo um desempenho est\u00e1vel e confi\u00e1vel.<\/p>\n<p>Controlador<br \/>\nO painel de opera\u00e7\u00e3o intuitivo inclui controles por toque e oferece uma gama completa de fun\u00e7\u00f5es, incluindo modos de soldagem, limpeza e corte. Ele tamb\u00e9m apresenta uma p\u00e1gina dedicada ao monitoramento dos dados da fonte de laser, al\u00e9m de informa\u00e7\u00f5es t\u00e9cnicas e suporte em mais de 20 idiomas, atendendo a v\u00e1rias necessidades dos clientes.<\/p>\n<p>Alimentador de arame autom\u00e1tico<br \/>\nPara aplica\u00e7\u00f5es que exigem maior for\u00e7a de soldagem ou quando h\u00e1 uma grande lacuna de soldagem, um dispositivo de alimenta\u00e7\u00e3o autom\u00e1tica de arame est\u00e1 inclu\u00eddo.<\/p>\n<p>- Ele acomoda v\u00e1rias especifica\u00e7\u00f5es de arame de solda, incluindo 0,8\/1,0\/1,2\/1,6 mm.<br \/>\n- A velocidade de alimenta\u00e7\u00e3o do arame \u00e9 ajust\u00e1vel, permitindo uma opera\u00e7\u00e3o r\u00e1pida e conveniente.<\/p>\n\n\t\t<\/div>\n\t<\/div>\n<\/div><\/div><\/div><\/div><div class=\"vc_row wpb_row vc_row-fluid\"><div class=\"wpb_column vc_column_container vc_col-sm-12\"><div class=\"vc_column-inner\"><div class=\"wpb_wrapper\">\n\t<div  class=\"wpb_single_image wpb_content_element vc_align_left wpb_content_element\">\n\t\t\n\t\t<figure class=\"wpb_wrapper vc_figure\">\n\t\t\t<div class=\"vc_single_image-wrapper   vc_box_border_grey\"><img decoding=\"async\" width=\"600\" height=\"600\" src=\"data:image\/svg+xml,%3Csvg%20xmlns%3D&#39;http%3A%2F%2Fwww.w3.org%2F2000%2Fsvg&#39;%20width=&#39;600&#39;%20height=&#39;600&#39;%20viewBox%3D&#39;0%200%20600%20600&#39;%2F%3E\" data-czlz data-src=\"https:\/\/www.lasercleaner.tech\/wp-content\/uploads\/2024\/11\/air-cooling-welder.jpg\" class=\"vc_single_image-img attachment-full\" alt=\"\" title=\"soldador com resfriamento a ar\" data-srcset=\"https:\/\/www.lasercleaner.tech\/wp-content\/uploads\/2024\/11\/air-cooling-welder.jpg 600w, https:\/\/www.lasercleaner.tech\/wp-content\/uploads\/2024\/11\/air-cooling-welder-300x300.jpg 300w, https:\/\/www.lasercleaner.tech\/wp-content\/uploads\/2024\/11\/air-cooling-welder-150x150.jpg 150w, https:\/\/www.lasercleaner.tech\/wp-content\/uploads\/2024\/11\/air-cooling-welder-100x100.jpg 100w\" data-sizes=\"(max-width: 600px) 100vw, 600px\" \/><\/div>\n\t\t<\/figure>\n\t<\/div>\n<\/div><\/div><\/div><\/div><div class=\"vc_row wpb_row vc_row-fluid\"><div class=\"wpb_column vc_column_container vc_col-sm-12\"><div class=\"vc_column-inner\"><div class=\"wpb_wrapper\">\n\t<div class=\"wpb_text_column wpb_content_element\" >\n\t\t<div class=\"wpb_wrapper\">\n\t\t\t<p>Aplica\u00e7\u00f5es e usos da m\u00e1quina de solda a laser com resfriamento a ar<br \/>\nOs lasers de fibra resfriados a ar s\u00e3o capazes de soldar uma grande variedade de metais, incluindo a\u00e7o inoxid\u00e1vel, a\u00e7o carbono, alum\u00ednio, tit\u00e2nio, cobre e ligas de n\u00edquel. A efic\u00e1cia da solda final depende das propriedades espec\u00edficas dos metais usados, de sua espessura e do tipo de junta que est\u00e1 sendo soldada.<\/p>\n<p>Essas m\u00e1quinas de soldagem a laser resfriadas a ar s\u00e3o particularmente valiosas em setores que exigem tarefas de soldagem complexas e irregulares, incluindo fabrica\u00e7\u00e3o de arm\u00e1rios, equipamentos de cozinha, elevadores de escada, prateleiras, fornos, grades de prote\u00e7\u00e3o de portas e janelas de a\u00e7o inoxid\u00e1vel, caixas de distribui\u00e7\u00e3o e m\u00f3veis dom\u00e9sticos de a\u00e7o inoxid\u00e1vel.<\/p>\n<p>Projetos<br \/>\nAs m\u00e1quinas de solda a laser resfriadas a ar podem operar em v\u00e1rios \u00e2ngulos, o que as torna vers\u00e1teis para diferentes tipos de juntas met\u00e1licas, como juntas de topo, sobrepostas, de canto, em T e de borda. Essa flexibilidade de posicionamento permite a soldagem eficaz de formas e perfis complexos.<\/p>\n\n\t\t<\/div>\n\t<\/div>\n<\/div><\/div><\/div><\/div><div class=\"vc_row wpb_row vc_row-fluid\"><div class=\"wpb_column vc_column_container vc_col-sm-12\"><div class=\"vc_column-inner\"><div class=\"wpb_wrapper\">\n\t<div  class=\"wpb_single_image wpb_content_element vc_align_left wpb_content_element\">\n\t\t\n\t\t<figure class=\"wpb_wrapper vc_figure\">\n\t\t\t<div class=\"vc_single_image-wrapper   vc_box_border_grey\"><img decoding=\"async\" width=\"600\" height=\"742\" src=\"data:image\/svg+xml,%3Csvg%20xmlns%3D&#39;http%3A%2F%2Fwww.w3.org%2F2000%2Fsvg&#39;%20width=&#39;600&#39;%20height=&#39;742&#39;%20viewBox%3D&#39;0%200%20600%20742&#39;%2F%3E\" data-czlz data-src=\"https:\/\/www.lasercleaner.tech\/wp-content\/uploads\/2024\/11\/handheld-laser-welding.jpg\" class=\"vc_single_image-img attachment-full\" alt=\"\" title=\"soldagem a laser port\u00e1til\" data-srcset=\"https:\/\/www.lasercleaner.tech\/wp-content\/uploads\/2024\/11\/handheld-laser-welding.jpg 600w, https:\/\/www.lasercleaner.tech\/wp-content\/uploads\/2024\/11\/handheld-laser-welding-243x300.jpg 243w\" data-sizes=\"(max-width: 600px) 100vw, 600px\" \/><\/div>\n\t\t<\/figure>\n\t<\/div>\n<\/div><\/div><\/div><\/div><div class=\"vc_row wpb_row vc_row-fluid\"><div class=\"wpb_column vc_column_container vc_col-sm-12\"><div class=\"vc_column-inner\"><div class=\"wpb_wrapper\">\n\t<div class=\"wpb_text_column wpb_content_element\" >\n\t\t<div class=\"wpb_wrapper\">\n\t\t\t<p><strong>Embalagem da m\u00e1quina de solda a laser<\/strong><\/p>\n\n\t\t<\/div>\n\t<\/div>\n\n\t<div  class=\"wpb_single_image wpb_content_element vc_align_left wpb_content_element\">\n\t\t\n\t\t<figure class=\"wpb_wrapper vc_figure\">\n\t\t\t<div class=\"vc_single_image-wrapper   vc_box_border_grey\"><img decoding=\"async\" width=\"600\" height=\"308\" src=\"data:image\/svg+xml,%3Csvg%20xmlns%3D&#39;http%3A%2F%2Fwww.w3.org%2F2000%2Fsvg&#39;%20width=&#39;600&#39;%20height=&#39;308&#39;%20viewBox%3D&#39;0%200%20600%20308&#39;%2F%3E\" data-czlz data-src=\"https:\/\/www.lasercleaner.tech\/wp-content\/uploads\/2024\/11\/handheld-laser-welder-machine.jpg\" class=\"vc_single_image-img attachment-full\" alt=\"\" title=\"M\u00e1quina de solda a laser port\u00e1til\" data-srcset=\"https:\/\/www.lasercleaner.tech\/wp-content\/uploads\/2024\/11\/handheld-laser-welder-machine.jpg 600w, https:\/\/www.lasercleaner.tech\/wp-content\/uploads\/2024\/11\/handheld-laser-welder-machine-300x154.jpg 300w\" data-sizes=\"(max-width: 600px) 100vw, 600px\" \/><\/div>\n\t\t<\/figure>\n\t<\/div>\n<\/div><\/div><\/div><\/div><div class=\"vc_row wpb_row vc_row-fluid\"><div class=\"wpb_column vc_column_container vc_col-sm-12\"><div class=\"vc_column-inner\"><div class=\"wpb_wrapper\">\n\t<div class=\"wpb_text_column wpb_content_element\" >\n\t\t<div class=\"wpb_wrapper\">\n\t\t\t<p>**Por que escolher o BOGONG LASER?<\/p>\n<p>A BOGONG \u00e9 famosa por sua qualidade de equipamentos a laser e servi\u00e7os de p\u00f3s-venda. Nossas m\u00e1quinas s\u00e3o vers\u00e1teis e f\u00e1ceis de usar, projetadas com todos os n\u00edveis de habilidade em mente. Acima de tudo, priorizamos a satisfa\u00e7\u00e3o do cliente. N\u00e3o importa se voc\u00ea \u00e9 um especialista experiente ou um iniciante, a BOGONG LASER est\u00e1 aqui para ajud\u00e1-lo em cada etapa do processo. Confie em n\u00f3s e em nosso servi\u00e7o, onde a excel\u00eancia e a inova\u00e7\u00e3o se unem para o seu sucesso.<\/p>\n\n\t\t<\/div>\n\t<\/div>\n<\/div><\/div><\/div><\/div>\n<\/div>","protected":false},"excerpt":{"rendered":"<h1>Soldador a laser port\u00e1til resfriado a ar com pistola de soldagem port\u00e1til<\/h1>\n<p>Looking for an affordable &#8230; <\/p>","protected":false},"featured_media":1870,"template":"","meta":[],"product_brand":[],"product_cat":[115],"product_tag":[109,108,107],"class_list":{"0":"post-1869","1":"product","2":"type-product","3":"status-publish","4":"has-post-thumbnail","6":"product_cat-handheld-laser-welder","7":"product_tag-fiber-laser-welder","8":"product_tag-handheld-laser-welder","9":"product_tag-laser-welding-machine","11":"first","12":"instock","13":"shipping-taxable","14":"product-type-simple"},"_links":{"self":[{"href":"https:\/\/www.lasercleaner.tech\/pt\/wp-json\/wp\/v2\/product\/1869","targetHints":{"allow":["GET"]}}],"collection":[{"href":"https:\/\/www.lasercleaner.tech\/pt\/wp-json\/wp\/v2\/product"}],"about":[{"href":"https:\/\/www.lasercleaner.tech\/pt\/wp-json\/wp\/v2\/types\/product"}],"wp:featuredmedia":[{"embeddable":true,"href":"https:\/\/www.lasercleaner.tech\/pt\/wp-json\/wp\/v2\/media\/1870"}],"wp:attachment":[{"href":"https:\/\/www.lasercleaner.tech\/pt\/wp-json\/wp\/v2\/media?parent=1869"}],"wp:term":[{"taxonomy":"product_brand","embeddable":true,"href":"https:\/\/www.lasercleaner.tech\/pt\/wp-json\/wp\/v2\/product_brand?post=1869"},{"taxonomy":"product_cat","embeddable":true,"href":"https:\/\/www.lasercleaner.tech\/pt\/wp-json\/wp\/v2\/product_cat?post=1869"},{"taxonomy":"product_tag","embeddable":true,"href":"https:\/\/www.lasercleaner.tech\/pt\/wp-json\/wp\/v2\/product_tag?post=1869"}],"curies":[{"name":"wp","href":"https:\/\/api.w.org\/{rel}","templated":true}]}}