{"id":1820,"date":"2024-11-14T09:28:00","date_gmt":"2024-11-14T01:28:00","guid":{"rendered":"https:\/\/bogonglaser.com\/?post_type=product&#038;p=1820"},"modified":"2024-11-21T14:37:08","modified_gmt":"2024-11-21T06:37:08","slug":"2024-popular-portable-handheld-laser-welding-machine-for-sale","status":"publish","type":"product","link":"https:\/\/www.lasercleaner.tech\/pt\/produto\/2024-popular-portable-handheld-laser-welding-machine-for-sale\/","title":{"rendered":"2024 M\u00e1quina de solda a laser port\u00e1til e popular para venda"},"content":{"rendered":"<div class=\"wpb-content-wrapper\"><div class=\"vc_row wpb_row vc_row-fluid\"><div class=\"wpb_column vc_column_container vc_col-sm-12\"><div class=\"vc_column-inner\"><div class=\"wpb_wrapper\">\n\t<div class=\"wpb_text_column wpb_content_element\" >\n\t\t<div class=\"wpb_wrapper\">\n\t\t\t<p>As m\u00e1quinas port\u00e1teis de soldagem a laser s\u00e3o ferramentas avan\u00e7adas projetadas para soldagem precisa em v\u00e1rios setores. Essas m\u00e1quinas usam um feixe de laser de alta energia, que \u00e9 transmitido por meio de uma fibra \u00f3ptica. O feixe \u00e9 ent\u00e3o convertido em luz paralela por meio de uma lente colimadora e focalizado nas pe\u00e7as met\u00e1licas sold\u00e1veis, gerando calor para uni-las.<\/p>\n<p>Esses soldadores a laser port\u00e1teis s\u00e3o f\u00e1ceis de manobrar e operar com uma pistola de soldagem a laser port\u00e1til, o que os torna adequados para conex\u00f5es de juntas met\u00e1licas em ambientes internos e externos. Seu design f\u00e1cil de usar atende tanto a iniciantes quanto a profissionais.<\/p>\n<p>Sua flexibilidade permite a soldagem sem contato de componentes desafiadores. O soldador manual com feixe de laser pode efetivamente separar o espectro por tempo e energia, permitindo a cria\u00e7\u00e3o de v\u00e1rias soldas simult\u00e2neas. Em compara\u00e7\u00e3o com os soldadores tradicionais MIG, TIG e el\u00e9tricos, essa tecnologia oferece precis\u00e3o superior na soldagem.<\/p>\n\n\t\t<\/div>\n\t<\/div>\n<\/div><\/div><\/div><\/div><div class=\"vc_row wpb_row vc_row-fluid\"><div class=\"wpb_column vc_column_container vc_col-sm-12\"><div class=\"vc_column-inner\"><div class=\"wpb_wrapper\">\n\t<div  class=\"wpb_single_image wpb_content_element vc_align_left wpb_content_element\">\n\t\t\n\t\t<figure class=\"wpb_wrapper vc_figure\">\n\t\t\t<div class=\"vc_single_image-wrapper   vc_box_border_grey\"><img decoding=\"async\" width=\"700\" height=\"394\" src=\"data:image\/svg+xml,%3Csvg%20xmlns%3D&#39;http%3A%2F%2Fwww.w3.org%2F2000%2Fsvg&#39;%20width=&#39;700&#39;%20height=&#39;394&#39;%20viewBox%3D&#39;0%200%20700%20394&#39;%2F%3E\" data-czlz data-src=\"https:\/\/www.lasercleaner.tech\/wp-content\/uploads\/2024\/11\/LASER-WELDER.jpg\" class=\"vc_single_image-img attachment-full\" alt=\"\" title=\"SOLDADOR A LASER\" data-srcset=\"https:\/\/www.lasercleaner.tech\/wp-content\/uploads\/2024\/11\/LASER-WELDER.jpg 700w, https:\/\/www.lasercleaner.tech\/wp-content\/uploads\/2024\/11\/LASER-WELDER-300x169.jpg 300w, https:\/\/www.lasercleaner.tech\/wp-content\/uploads\/2024\/11\/LASER-WELDER-600x338.jpg 600w\" data-sizes=\"(max-width: 700px) 100vw, 700px\" \/><\/div>\n\t\t<\/figure>\n\t<\/div>\n<\/div><\/div><\/div><\/div><div class=\"vc_row wpb_row vc_row-fluid\"><div class=\"wpb_column vc_column_container vc_col-sm-12\"><div class=\"vc_column-inner\"><div class=\"wpb_wrapper\">\n\t<div class=\"wpb_text_column wpb_content_element\" >\n\t\t<div class=\"wpb_wrapper\">\n\t\t\t<h2>Vantagens da m\u00e1quina de solda a laser port\u00e1til:<\/h2>\n<p>Oferece v\u00e1rias op\u00e7\u00f5es de pot\u00eancia de laser (1500W, 2000W, 3000W) para diferentes profundidades de penetra\u00e7\u00e3o.<\/p>\n<p>Port\u00e1til e f\u00e1cil de operar, o que o torna ideal para projetos de soldagem em ambientes internos e externos.<\/p>\n<p>Velocidades de soldagem r\u00e1pidas - de 2 a 10 vezes mais r\u00e1pidas do que as dos soldadores MMA, TIG e MIG tradicionais.<\/p>\n<p>Produz costuras soldadas retas e uniformes que s\u00e3o lisas e limpas, com penetra\u00e7\u00e3o profunda e conicidade m\u00ednima, eliminando a necessidade de polimento e economizando tempo e custos.<\/p>\n<p>Cria juntas met\u00e1licas fortes sem deforma\u00e7\u00e3o e reduz a forma\u00e7\u00e3o de cicatrizes.<\/p>\n<p>Menor consumo de materiais e energia, contribuindo para uma vida \u00fatil mais longa.<\/p>\n<p>F\u00e1cil de usar e seguro, com opera\u00e7\u00e3o ecologicamente correta.<\/p>\n\n\t\t<\/div>\n\t<\/div>\n<\/div><\/div><\/div><\/div><div class=\"vc_row wpb_row vc_row-fluid\"><div class=\"wpb_column vc_column_container vc_col-sm-12\"><div class=\"vc_column-inner\"><div class=\"wpb_wrapper\">\n\t<div  class=\"wpb_single_image wpb_content_element vc_align_left wpb_content_element\">\n\t\t\n\t\t<figure class=\"wpb_wrapper vc_figure\">\n\t\t\t<div class=\"vc_single_image-wrapper   vc_box_border_grey\"><img decoding=\"async\" width=\"700\" height=\"394\" src=\"data:image\/svg+xml,%3Csvg%20xmlns%3D&#39;http%3A%2F%2Fwww.w3.org%2F2000%2Fsvg&#39;%20width=&#39;700&#39;%20height=&#39;394&#39;%20viewBox%3D&#39;0%200%20700%20394&#39;%2F%3E\" data-czlz data-src=\"https:\/\/www.lasercleaner.tech\/wp-content\/uploads\/2024\/11\/handheld-laser-cleaner.jpg\" class=\"vc_single_image-img attachment-full\" alt=\"\" title=\"Limpador a laser port\u00e1til\" data-srcset=\"https:\/\/www.lasercleaner.tech\/wp-content\/uploads\/2024\/11\/handheld-laser-cleaner.jpg 700w, https:\/\/www.lasercleaner.tech\/wp-content\/uploads\/2024\/11\/handheld-laser-cleaner-300x169.jpg 300w, https:\/\/www.lasercleaner.tech\/wp-content\/uploads\/2024\/11\/handheld-laser-cleaner-600x338.jpg 600w\" data-sizes=\"(max-width: 700px) 100vw, 700px\" \/><\/div>\n\t\t<\/figure>\n\t<\/div>\n<\/div><\/div><\/div><\/div><div class=\"vc_row wpb_row vc_row-fluid\"><div class=\"wpb_column vc_column_container vc_col-sm-12\"><div class=\"vc_column-inner\"><div class=\"wpb_wrapper\">\n\t<div class=\"wpb_text_column wpb_content_element\" >\n\t\t<div class=\"wpb_wrapper\">\n\t\t\t<h2>Caracter\u00edsticas da m\u00e1quina de solda a laser de fibra port\u00e1til<\/h2>\n<p>Oferece alta densidade de energia do laser com uma \u00e1rea m\u00ednima de efeito t\u00e9rmico, reduzindo o risco de deforma\u00e7\u00e3o e eliminando a necessidade de processamento subsequente extenso.<\/p>\n<p>Gabinete de controle compacto tudo-em-um que inclui o gerador de laser, a fonte de alimenta\u00e7\u00e3o, o resfriador de \u00e1gua industrial e o controlador - potente e f\u00e1cil de mover.<\/p>\n<p>Oferece suporte a v\u00e1rias t\u00e9cnicas de soldagem, incluindo soldagem por pontos, pontos, pregos, topo, sobreposi\u00e7\u00e3o, emenda, borda, pilha, crimpagem e tee.<\/p>\n<p>Os recursos avan\u00e7ados de detec\u00e7\u00e3o e prote\u00e7\u00e3o garantem uma opera\u00e7\u00e3o est\u00e1vel a longo prazo, minimizando poss\u00edveis perdas e riscos \u00e0 seguran\u00e7a.<\/p>\n<p>A opera\u00e7\u00e3o sem contato \u00e9 livre de estresse, silenciosa e ecologicamente correta, alinhando-se aos padr\u00f5es de processamento ecol\u00f3gico.<\/p>\n<p>Produz soldas de alta qualidade com um acabamento suave e limpo.<\/p>\n<p>Os recursos de comunica\u00e7\u00e3o permitem o monitoramento em tempo real de todos os dados do laser.<\/p>\n<p>Equipado com uma fibra especializada para soldar pequenos pontos de solda.<\/p>\n<p>O feixe de laser de fibra de alta qualidade garante alta efici\u00eancia de convers\u00e3o, resultando em velocidade de processamento r\u00e1pida, alta propor\u00e7\u00e3o e soldas fortes.<\/p>\n<p>Um sistema espectral avan\u00e7ado reduz a perda de energia, garantindo energia laser uniforme em todas as fibras.<\/p>\n<p>Use a transmiss\u00e3o de fibra \u00f3ptica para soldagem remota e pode se integrar facilmente a bancadas de trabalho autom\u00e1ticas, manipuladores e linhas de montagem, resultando em pontos de luz mais uniformes e juntas de solda esteticamente agrad\u00e1veis.<\/p>\n<p>V\u00e1rios sinais de entrada e sa\u00edda facilitam a produ\u00e7\u00e3o automatizada e a integra\u00e7\u00e3o da linha de montagem.<\/p>\n<p>As juntas de solda ecologicamente corretas apresentam resist\u00eancia e dureza compar\u00e1veis ou superiores \u00e0s do metal de base.<\/p>\n<p>Interface de tela sens\u00edvel ao toque amig\u00e1vel para configura\u00e7\u00e3o e opera\u00e7\u00e3o simples, com um sistema operacional intuitivo que \u00e9 f\u00e1cil de aprender.<\/p>\n<p>Uma variedade de bicos angulares e especifica\u00e7\u00f5es para bicos de alimenta\u00e7\u00e3o de arame est\u00e1 dispon\u00edvel para acomodar diferentes requisitos de projetos de soldagem.<\/p>\n\n\t\t<\/div>\n\t<\/div>\n<\/div><\/div><\/div><\/div><div class=\"vc_row wpb_row vc_row-fluid\"><div class=\"wpb_column vc_column_container vc_col-sm-12\"><div class=\"vc_column-inner\"><div class=\"wpb_wrapper\">\n\t<div  class=\"wpb_single_image wpb_content_element vc_align_left wpb_content_element\">\n\t\t\n\t\t<figure class=\"wpb_wrapper vc_figure\">\n\t\t\t<div class=\"vc_single_image-wrapper   vc_box_border_grey\"><img decoding=\"async\" width=\"700\" height=\"394\" src=\"data:image\/svg+xml,%3Csvg%20xmlns%3D&#39;http%3A%2F%2Fwww.w3.org%2F2000%2Fsvg&#39;%20width=&#39;700&#39;%20height=&#39;394&#39;%20viewBox%3D&#39;0%200%20700%20394&#39;%2F%3E\" data-czlz data-src=\"https:\/\/www.lasercleaner.tech\/wp-content\/uploads\/2024\/11\/laser-welder-handheld.jpg\" class=\"vc_single_image-img attachment-full\" alt=\"handheld laser welder\" title=\"soldador a laser port\u00e1til\" data-srcset=\"https:\/\/www.lasercleaner.tech\/wp-content\/uploads\/2024\/11\/laser-welder-handheld.jpg 700w, https:\/\/www.lasercleaner.tech\/wp-content\/uploads\/2024\/11\/laser-welder-handheld-300x169.jpg 300w, https:\/\/www.lasercleaner.tech\/wp-content\/uploads\/2024\/11\/laser-welder-handheld-600x338.jpg 600w\" data-sizes=\"(max-width: 700px) 100vw, 700px\" \/><\/div>\n\t\t<\/figure>\n\t<\/div>\n<\/div><\/div><\/div><\/div><div class=\"vc_row wpb_row vc_row-fluid\"><div class=\"wpb_column vc_column_container vc_col-sm-12\"><div class=\"vc_column-inner\"><div class=\"wpb_wrapper\">\n\t<div class=\"wpb_text_column wpb_content_element\" >\n\t\t<div class=\"wpb_wrapper\">\n\t\t\t<h3>O que \u00e9 uma pistola de soldagem a laser port\u00e1til?<\/h3>\n<p>Uma pistola de soldagem a laser port\u00e1til \u00e9 um soldador port\u00e1til que integra um gerador de laser, um controlador, um sistema de resfriamento e um alimentador autom\u00e1tico de arame. Essa ferramenta vers\u00e1til permite v\u00e1rias t\u00e9cnicas de soldagem, incluindo soldagem de ponto, prego, topo, sobreposi\u00e7\u00e3o, borda, crimpagem e T, tornando-a adequada para diversas juntas de metal. Sua flexibilidade e facilidade de uso possibilitam a soldagem a longa dist\u00e2ncia e ao ar livre, permitindo que os operadores trabalhem em pe\u00e7as sold\u00e1veis em qualquer \u00e2ngulo ou posi\u00e7\u00e3o, o que \u00e9 ideal para lidar com juntas met\u00e1licas complexas.<\/p>\n<p>A constru\u00e7\u00e3o da pistola de soldagem a laser port\u00e1til inclui um corpo de pistola, uma c\u00e2mara de resfriamento e uma c\u00e2mara de g\u00e1s de prote\u00e7\u00e3o. Seu design compacto e simples facilita a opera\u00e7\u00e3o e o transporte. Ela pode ser facilmente conectada a um meio de resfriamento e a uma fonte de g\u00e1s de prote\u00e7\u00e3o, resfriando efetivamente a pistola a laser e criando uma atmosfera de g\u00e1s de prote\u00e7\u00e3o ao redor da \u00e1rea de trabalho. Essa configura\u00e7\u00e3o garante uma qualidade de solda confi\u00e1vel.<\/p>\n<p>A BOGONG fornece v\u00e1rias marcas de cabe\u00e7otes de laser opcionais. Voc\u00ea pode ver o v\u00eddeo abaixo<\/p>\n\n\t\t<\/div>\n\t<\/div>\n<\/div><\/div><\/div><\/div><div class=\"vc_row wpb_row vc_row-fluid\"><div class=\"wpb_column vc_column_container vc_col-sm-12\"><div class=\"vc_column-inner\"><div class=\"wpb_wrapper\">\n\t<div class=\"wpb_video_widget wpb_content_element vc_clearfix   vc_video-aspect-ratio-169 vc_video-el-width-100 vc_video-align-left\" >\n\t\t<div class=\"wpb_wrapper\">\n\t\t\t\n\t\t\t<div class=\"wpb_video_wrapper\"><iframe title=\"V\u00e1rias marcas de cabe\u00e7ote de soldagem a laser de fibra port\u00e1til mostram qual cabe\u00e7ote de soldagem a laser \u00e9 bom?\" width=\"500\" height=\"281\" src=\"https:\/\/www.youtube.com\/embed\/NSdcJZEIYs8?feature=oembed\" frameborder=\"0\" allow=\"accelerometer; autoplay; clipboard-write; encrypted-media; gyroscope; picture-in-picture; web-share\" referrerpolicy=\"strict-origin-when-cross-origin\" allowfullscreen><\/iframe><\/div>\n\t\t<\/div>\n\t<\/div>\n<\/div><\/div><\/div><\/div><div class=\"vc_row wpb_row vc_row-fluid\"><div class=\"wpb_column vc_column_container vc_col-sm-12\"><div class=\"vc_column-inner\"><div class=\"wpb_wrapper\">\n\t<div class=\"wpb_text_column wpb_content_element\" >\n\t\t<div class=\"wpb_wrapper\">\n\t\t\t<h2>Aplica\u00e7\u00f5es do soldador a laser port\u00e1til<\/h2>\n<p>Os soldadores a laser port\u00e1teis s\u00e3o ferramentas altamente vers\u00e1teis, capazes de soldar uma grande variedade de metais e ligas, incluindo a\u00e7o inoxid\u00e1vel, a\u00e7o carbono, lat\u00e3o, cobre, alum\u00ednio, ouro, cromo, prata, tit\u00e2nio, n\u00edquel, platina, r\u00f3dio, t\u00e2ntalo, ni\u00f3bio, tungst\u00eanio, molibd\u00eanio e muito mais. Elas podem lidar com diferentes combina\u00e7\u00f5es de materiais, como soldagem de lat\u00e3o com a\u00e7o inoxid\u00e1vel, cobre com lat\u00e3o, tit\u00e2nio com molibd\u00eanio, tit\u00e2nio com ouro e n\u00edquel com cobre.<\/p>\n<p>As m\u00e1quinas de solda a laser port\u00e1teis encontram aplica\u00e7\u00f5es em v\u00e1rios setores, desde o uso dom\u00e9stico at\u00e9 a fabrica\u00e7\u00e3o em larga escala:<\/p>\n<p>Avia\u00e7\u00e3o<br \/>\nUsado para carca\u00e7as de motores, espa\u00e7adores de asas, revestimentos e nervuras da fuselagem, pain\u00e9is de parede e foles.<\/p>\n<p>Instrumentos eletr\u00f4nicos<br \/>\nSolda cabos de circuitos integrados, canh\u00f5es de el\u00e9trons de tubos de imagem, capacitores de t\u00e2ntalo, tubos de controle de velocidade e molas de instrumentos.<\/p>\n<p>Maquin\u00e1rio<br \/>\nIdeal para molas de precis\u00e3o, pe\u00e7as de impressoras matriciais, foles met\u00e1licos de paredes finas, termopares e servov\u00e1lvulas eletro-hidr\u00e1ulicas.<\/p>\n<p>Metalurgia do a\u00e7o<br \/>\nEficiente na soldagem de chapas de a\u00e7o sil\u00edcio com espessuras de 0,2 mm a 8 mm e larguras de 0,5 mm a 1,8 mm, incluindo a\u00e7o de alto, m\u00e9dio e baixo carbono, bem como a\u00e7o inoxid\u00e1vel, com velocidades de soldagem que variam de 100 cm\/min a 1.000 cm\/min.<\/p>\n<p>Automotivo<br \/>\nUsado para soldar pe\u00e7as como tetos, pain\u00e9is de carroceria, estruturas laterais, chassis, componentes de transmiss\u00e3o, conjuntos de engrenagens e pe\u00e7as do sistema de igni\u00e7\u00e3o.<\/p>\n<p>Trem de alta velocidade<br \/>\nEficaz para soldar as estruturas alveolares das carrocerias dos vag\u00f5es de trem.<\/p>\n<p>Constru\u00e7\u00e3o naval<br \/>\nUtilizado para trabalhar em decks, anteparos de cabine, paredes e membros de sandu\u00edche de placa plana.<\/p>\n<p>M\u00e9dico<br \/>\nEnvolvida na produ\u00e7\u00e3o de marca-passos e baterias de l\u00edtio-iodo usadas nesses dispositivos.<\/p>\n<p>Ind\u00fastria de alimentos<br \/>\nSolda latas de alimentos, substituindo a solda tradicional e os m\u00e9todos de soldagem de alta frequ\u00eancia por contato. Esse processo \u00e9 at\u00f3xico, r\u00e1pido, eficiente em termos de material e produz juntas esteticamente agrad\u00e1veis com excelente desempenho.<\/p>\n<p>Outros aplicativos<br \/>\nInclui soldagem para turbinas a g\u00e1s, trocadores de calor, carca\u00e7as de zinco e cobre de c\u00e9lula seca e componentes para reatores nucleares.<\/p>\n\n\t\t<\/div>\n\t<\/div>\n<\/div><\/div><\/div><\/div><div class=\"vc_row wpb_row vc_row-fluid\"><div class=\"wpb_column vc_column_container vc_col-sm-12\"><div class=\"vc_column-inner\"><div class=\"wpb_wrapper\">\n\t<div class=\"wpb_text_column wpb_content_element\" >\n\t\t<div class=\"wpb_wrapper\">\n\t\t\t<p><strong>Amostras de soldagem a laser<\/strong><\/p>\n\n\t\t<\/div>\n\t<\/div>\n\n\t<div  class=\"wpb_single_image wpb_content_element vc_align_left wpb_content_element\">\n\t\t\n\t\t<figure class=\"wpb_wrapper vc_figure\">\n\t\t\t<div class=\"vc_single_image-wrapper   vc_box_border_grey\"><img decoding=\"async\" width=\"800\" height=\"600\" src=\"data:image\/svg+xml,%3Csvg%20xmlns%3D&#39;http%3A%2F%2Fwww.w3.org%2F2000%2Fsvg&#39;%20width=&#39;800&#39;%20height=&#39;600&#39;%20viewBox%3D&#39;0%200%20800%20600&#39;%2F%3E\" data-czlz data-src=\"https:\/\/www.lasercleaner.tech\/wp-content\/uploads\/2024\/11\/\u9ed1\u767d15002000w\u710a\u63a5\u673a\u710a\u63a5\u6837\u54c12-1.png\" class=\"vc_single_image-img attachment-full\" alt=\"laser welding samples\" title=\"\u9ed1\u767d1500~2000w\u710a\u63a5\u673a\u710a\u63a5\u6837\u54c12 (1)\" data-srcset=\"https:\/\/www.lasercleaner.tech\/wp-content\/uploads\/2024\/11\/\u9ed1\u767d15002000w\u710a\u63a5\u673a\u710a\u63a5\u6837\u54c12-1.png 800w, https:\/\/www.lasercleaner.tech\/wp-content\/uploads\/2024\/11\/\u9ed1\u767d15002000w\u710a\u63a5\u673a\u710a\u63a5\u6837\u54c12-1-300x225.png 300w, https:\/\/www.lasercleaner.tech\/wp-content\/uploads\/2024\/11\/\u9ed1\u767d15002000w\u710a\u63a5\u673a\u710a\u63a5\u6837\u54c12-1-768x576.png 768w, https:\/\/www.lasercleaner.tech\/wp-content\/uploads\/2024\/11\/\u9ed1\u767d15002000w\u710a\u63a5\u673a\u710a\u63a5\u6837\u54c12-1-600x450.png 600w\" data-sizes=\"(max-width: 800px) 100vw, 800px\" \/><\/div>\n\t\t<\/figure>\n\t<\/div>\n<\/div><\/div><\/div><\/div><div class=\"vc_row wpb_row vc_row-fluid\"><div class=\"wpb_column vc_column_container vc_col-sm-12\"><div class=\"vc_column-inner\"><div class=\"wpb_wrapper\">\n\t<div class=\"wpb_text_column wpb_content_element\" >\n\t\t<div class=\"wpb_wrapper\">\n\t\t\t<p>Soldador a laser vs. Soldador MMA vs. Soldador MIG vs. Soldador TIG<\/p>\n<p>Soldador MMA (soldador manual a arco met\u00e1lico):<br \/>\nTamb\u00e9m conhecidos como MMAW ou SMAW (Shielded Metal Arc Welder), os soldadores MMA tendem a produzir muitos respingos de solda e t\u00eam baixa efici\u00eancia quando se trata de usar metal de adi\u00e7\u00e3o. Eles exigem a remo\u00e7\u00e3o regular de esc\u00f3ria e trocas frequentes de varetas, o que torna o processo de soldagem mais lento e diminui a efici\u00eancia geral da produ\u00e7\u00e3o. Al\u00e9m disso, esse tipo de soldagem depende muito da habilidade e da experi\u00eancia do soldador.<\/p>\n<p>Soldador MIG (Metal Inert Gas Welder):<br \/>\nOs soldadores MIG t\u00eam um alto consumo de arame e geram calor significativo, o que facilita o empenamento ou a queima de chapas met\u00e1licas finas. Para chapas de espessura m\u00e9dia, a soldagem geralmente exige a cria\u00e7\u00e3o de ranhuras, o que resulta em costuras \u00e1speras que precisam ser polidas posteriormente.<\/p>\n<p>Soldador TIG (soldador de g\u00e1s inerte de tungst\u00eanio):<br \/>\nOs soldadores TIG produzem penetra\u00e7\u00e3o superficial e criam uma ampla \u00e1rea de fus\u00e3o, o que os torna adequados principalmente para chapas met\u00e1licas finas, mas podem causar grandes deforma\u00e7\u00f5es. Se a corrente for muito alta, o eletrodo de tungst\u00eanio pode derreter e evaporar, e a alimenta\u00e7\u00e3o manual do arame pode ser dif\u00edcil e ineficiente.<\/p>\n<p>Soldador a laser port\u00e1til:<br \/>\nPor outro lado, os soldadores a laser port\u00e1teis s\u00e3o ecologicamente corretos e produzem soldas limpas e suaves com penetra\u00e7\u00e3o profunda e altas velocidades, levando a uma deforma\u00e7\u00e3o m\u00ednima. Isso reduz significativamente a necessidade de retifica\u00e7\u00e3o ou polimento posterior, resultando em soldas retas e uniformes sem a necessidade de operadores altamente qualificados.<\/p>\n<p>Embora a soldagem MMA, TIG e MIG normalmente exija soldadores experientes e treinamento consider\u00e1vel, os soldadores a laser port\u00e1teis s\u00e3o f\u00e1ceis de usar e simples. Eles v\u00eam predefinidos com par\u00e2metros comumente usados, e os usu\u00e1rios podem personalizar as configura\u00e7\u00f5es e salvar as prefer\u00eancias, facilitando a inicia\u00e7\u00e3o de iniciantes ap\u00f3s apenas algumas horas de pr\u00e1tica.<\/p>\n<p>Em termos de velocidade, os soldadores MMA, TIG e MIG tradicionais geralmente operam a um m\u00e1ximo de 1 cent\u00edmetro por segundo, enquanto os soldadores a laser port\u00e1teis podem atingir velocidades de 2 a 10 cent\u00edmetros por segundo, oferecendo uma efici\u00eancia de 2 a 10 vezes maior do que a dos soldadores a arco manuais. Esses soldadores a laser port\u00e1teis podem lidar com v\u00e1rios tipos de metais, incluindo a\u00e7o carbono, a\u00e7o inoxid\u00e1vel, a\u00e7o galvanizado, ligas de alum\u00ednio e lat\u00e3o, atingindo profundidades de penetra\u00e7\u00e3o de solda de at\u00e9 8 mm para a\u00e7o e 6 mm para alum\u00ednio ou lat\u00e3o.<\/p>\n\n\t\t<\/div>\n\t<\/div>\n<\/div><\/div><\/div><\/div><div class=\"vc_row wpb_row vc_row-fluid\"><div class=\"wpb_column vc_column_container vc_col-sm-12\"><div class=\"vc_column-inner\"><div class=\"wpb_wrapper\">\n\t<div class=\"wpb_text_column wpb_content_element\" >\n\t\t<div class=\"wpb_wrapper\">\n\t\t\t<p><strong>Embalagem da m\u00e1quina de solda a laser<\/strong><\/p>\n\n\t\t<\/div>\n\t<\/div>\n\n\t<div  class=\"wpb_single_image wpb_content_element vc_align_left wpb_content_element\">\n\t\t\n\t\t<figure class=\"wpb_wrapper vc_figure\">\n\t\t\t<div class=\"vc_single_image-wrapper   vc_box_border_grey\"><img decoding=\"async\" width=\"719\" height=\"280\" src=\"data:image\/svg+xml,%3Csvg%20xmlns%3D&#39;http%3A%2F%2Fwww.w3.org%2F2000%2Fsvg&#39;%20width=&#39;719&#39;%20height=&#39;280&#39;%20viewBox%3D&#39;0%200%20719%20280&#39;%2F%3E\" data-czlz data-src=\"https:\/\/www.lasercleaner.tech\/wp-content\/uploads\/2024\/11\/laser-welder-machine-1.jpg\" class=\"vc_single_image-img attachment-full\" alt=\"\" title=\"M\u00e1quina de solda a laser (1)\" data-srcset=\"https:\/\/www.lasercleaner.tech\/wp-content\/uploads\/2024\/11\/laser-welder-machine-1.jpg 719w, https:\/\/www.lasercleaner.tech\/wp-content\/uploads\/2024\/11\/laser-welder-machine-1-300x117.jpg 300w, https:\/\/www.lasercleaner.tech\/wp-content\/uploads\/2024\/11\/laser-welder-machine-1-600x234.jpg 600w\" data-sizes=\"(max-width: 719px) 100vw, 719px\" \/><\/div>\n\t\t<\/figure>\n\t<\/div>\n<\/div><\/div><\/div><\/div><div class=\"vc_row wpb_row vc_row-fluid\"><div class=\"wpb_column vc_column_container vc_col-sm-12\"><div class=\"vc_column-inner\"><div class=\"wpb_wrapper\">\n\t<div class=\"wpb_text_column wpb_content_element\" >\n\t\t<div class=\"wpb_wrapper\">\n\t\t\t<p>**Por que escolher o BOGONG LASER?<\/p>\n<p>A BOGONG \u00e9 famosa por sua qualidade de equipamentos a laser e servi\u00e7os de p\u00f3s-venda. Nossas m\u00e1quinas s\u00e3o vers\u00e1teis e f\u00e1ceis de usar, projetadas com todos os n\u00edveis de habilidade em mente. Acima de tudo, priorizamos a satisfa\u00e7\u00e3o do cliente. N\u00e3o importa se voc\u00ea \u00e9 um especialista experiente ou um iniciante, a BOGONG LASER est\u00e1 aqui para ajud\u00e1-lo em cada etapa do processo. Confie em n\u00f3s e em nosso servi\u00e7o, onde a excel\u00eancia e a inova\u00e7\u00e3o se unem para o seu sucesso.<\/p>\n\n\t\t<\/div>\n\t<\/div>\n<\/div><\/div><\/div><\/div>\n<\/div>","protected":false},"excerpt":{"rendered":"<h1>2024 M\u00e1quina de solda a laser port\u00e1til e popular para venda<\/h1>\n<p>The 2024 best &#8230; <\/p>","protected":false},"featured_media":1821,"template":"","meta":[],"product_brand":[],"product_cat":[115],"product_tag":[109,108,107],"class_list":{"0":"post-1820","1":"product","2":"type-product","3":"status-publish","4":"has-post-thumbnail","6":"product_cat-handheld-laser-welder","7":"product_tag-fiber-laser-welder","8":"product_tag-handheld-laser-welder","9":"product_tag-laser-welding-machine","11":"first","12":"instock","13":"shipping-taxable","14":"product-type-simple"},"_links":{"self":[{"href":"https:\/\/www.lasercleaner.tech\/pt\/wp-json\/wp\/v2\/product\/1820","targetHints":{"allow":["GET"]}}],"collection":[{"href":"https:\/\/www.lasercleaner.tech\/pt\/wp-json\/wp\/v2\/product"}],"about":[{"href":"https:\/\/www.lasercleaner.tech\/pt\/wp-json\/wp\/v2\/types\/product"}],"wp:featuredmedia":[{"embeddable":true,"href":"https:\/\/www.lasercleaner.tech\/pt\/wp-json\/wp\/v2\/media\/1821"}],"wp:attachment":[{"href":"https:\/\/www.lasercleaner.tech\/pt\/wp-json\/wp\/v2\/media?parent=1820"}],"wp:term":[{"taxonomy":"product_brand","embeddable":true,"href":"https:\/\/www.lasercleaner.tech\/pt\/wp-json\/wp\/v2\/product_brand?post=1820"},{"taxonomy":"product_cat","embeddable":true,"href":"https:\/\/www.lasercleaner.tech\/pt\/wp-json\/wp\/v2\/product_cat?post=1820"},{"taxonomy":"product_tag","embeddable":true,"href":"https:\/\/www.lasercleaner.tech\/pt\/wp-json\/wp\/v2\/product_tag?post=1820"}],"curies":[{"name":"wp","href":"https:\/\/api.w.org\/{rel}","templated":true}]}}