{"id":1780,"date":"2024-11-11T14:52:48","date_gmt":"2024-11-11T06:52:48","guid":{"rendered":"https:\/\/bogonglaser.com\/?post_type=product&#038;p=1780"},"modified":"2024-11-11T15:16:21","modified_gmt":"2024-11-11T07:16:21","slug":"1000w-pulse-laser-cleaning-machine-%e5%a4%8d%e5%88%b6","status":"publish","type":"product","link":"https:\/\/www.lasercleaner.tech\/pt\/produto\/1000w-pulse-laser-cleaning-machine-%e5%a4%8d%e5%88%b6\/","title":{"rendered":"M\u00e1quina de limpeza a laser de pulso de 1000 W"},"content":{"rendered":"<div class=\"wpb-content-wrapper\"><div class=\"vc_row wpb_row vc_row-fluid\"><div class=\"wpb_column vc_column_container vc_col-sm-12\"><div class=\"vc_column-inner\"><div class=\"wpb_wrapper\">\n\t<div  class=\"wpb_single_image wpb_content_element vc_align_left wpb_content_element\">\n\t\t\n\t\t<figure class=\"wpb_wrapper vc_figure\">\n\t\t\t<div class=\"vc_single_image-wrapper   vc_box_border_grey\"><img decoding=\"async\" width=\"502\" height=\"390\" src=\"data:image\/svg+xml,%3Csvg%20xmlns%3D&#39;http%3A%2F%2Fwww.w3.org%2F2000%2Fsvg&#39;%20width=&#39;502&#39;%20height=&#39;390&#39;%20viewBox%3D&#39;0%200%20502%20390&#39;%2F%3E\" data-czlz data-src=\"https:\/\/www.lasercleaner.tech\/wp-content\/uploads\/2024\/11\/500w-laser-cleaning-machine.jpg\" class=\"vc_single_image-img attachment-full\" alt=\"\" title=\"500w laser cleaning machine\" data-srcset=\"https:\/\/www.lasercleaner.tech\/wp-content\/uploads\/2024\/11\/500w-laser-cleaning-machine.jpg 502w, https:\/\/www.lasercleaner.tech\/wp-content\/uploads\/2024\/11\/500w-laser-cleaning-machine-300x233.jpg 300w\" data-sizes=\"(max-width: 502px) 100vw, 502px\" \/><\/div>\n\t\t<\/figure>\n\t<\/div>\n<\/div><\/div><\/div><\/div><div class=\"vc_row wpb_row vc_row-fluid\"><div class=\"wpb_column vc_column_container vc_col-sm-12\"><div class=\"vc_column-inner\"><div class=\"wpb_wrapper\">\n\t<div class=\"wpb_text_column wpb_content_element\" >\n\t\t<div class=\"wpb_wrapper\">\n\t\t\t<div class=\"Content-module__content___jmKA6 _content_dc5hu_45\">\n<div class=\"react-scroll-to-bottom--css-kubvu-79elbk _chat-scroller_g10pz_99\">\n<div class=\"react-scroll-to-bottom--css-kubvu-1n7m0yu _chat-scroller__scroll_g10pz_102\">\n<div class=\"_message-list_g10pz_92\">\n<div class=\"_container_g10pz_1\">\n<div class=\"_container__content_g10pz_14\">\n<div class=\"_container__message_g10pz_41 _container__message--assistant_g10pz_61\">\n<div class=\"_message_g10pz_27\">\n<div class=\"_message__content_g10pz_53\">\n<div class=\"MessageContent-module__message-content___Am59P MessageContent-module__message-content--markdown___oLH9Y\">\n<h2>Advantages of 1000W Pulse Laser Cleaning Machine?<\/h2>\n<p>Pulse laser cleaning technology uses a 1000W powerful pulse laser to clean surfaces, it is by rapidly generating high temperatures and thermal expansion, which helps remove contaminants. This method is highly efficient and gentle, ensuring that it doesn&#8217;t damage the surfaces of the materials being cleaned, making it perfect for a range of applications.<\/p>\n<\/div>\n<\/div>\n<\/div>\n<\/div>\n<\/div>\n<\/div>\n<\/div>\n<\/div>\n<\/div>\n<\/div>\n\n\t\t<\/div>\n\t<\/div>\n<\/div><\/div><\/div><\/div><div class=\"vc_row wpb_row vc_row-fluid\"><div class=\"wpb_column vc_column_container vc_col-sm-12\"><div class=\"vc_column-inner\"><div class=\"wpb_wrapper\">\n\t<div  class=\"wpb_single_image wpb_content_element vc_align_left wpb_content_element\">\n\t\t\n\t\t<figure class=\"wpb_wrapper vc_figure\">\n\t\t\t<div class=\"vc_single_image-wrapper   vc_box_border_grey\"><img decoding=\"async\" width=\"732\" height=\"442\" src=\"data:image\/svg+xml,%3Csvg%20xmlns%3D&#39;http%3A%2F%2Fwww.w3.org%2F2000%2Fsvg&#39;%20width=&#39;732&#39;%20height=&#39;442&#39;%20viewBox%3D&#39;0%200%20732%20442&#39;%2F%3E\" data-czlz data-src=\"https:\/\/www.lasercleaner.tech\/wp-content\/uploads\/2024\/11\/500w-pulse-laser-cleaning-machine.jpg\" class=\"vc_single_image-img attachment-full\" alt=\"500w laser cleaner\" title=\"500w pulse laser cleaning machine\" data-srcset=\"https:\/\/www.lasercleaner.tech\/wp-content\/uploads\/2024\/11\/500w-pulse-laser-cleaning-machine.jpg 732w, https:\/\/www.lasercleaner.tech\/wp-content\/uploads\/2024\/11\/500w-pulse-laser-cleaning-machine-300x181.jpg 300w, https:\/\/www.lasercleaner.tech\/wp-content\/uploads\/2024\/11\/500w-pulse-laser-cleaning-machine-600x362.jpg 600w\" data-sizes=\"(max-width: 732px) 100vw, 732px\" \/><\/div>\n\t\t<\/figure>\n\t<\/div>\n<\/div><\/div><\/div><\/div><div class=\"vc_row wpb_row vc_row-fluid\"><div class=\"wpb_column vc_column_container vc_col-sm-12\"><div class=\"vc_column-inner\"><div class=\"wpb_wrapper\">\n\t<div class=\"wpb_text_column wpb_content_element\" >\n\t\t<div class=\"wpb_wrapper\">\n\t\t\t<div class=\"Content-module__content___jmKA6 _content_dc5hu_45\">\n<div class=\"react-scroll-to-bottom--css-kubvu-79elbk _chat-scroller_g10pz_99\">\n<div class=\"react-scroll-to-bottom--css-kubvu-1n7m0yu _chat-scroller__scroll_g10pz_102\">\n<div class=\"_message-list_g10pz_92\">\n<div class=\"_container_g10pz_1\">\n<div class=\"_container__content_g10pz_14\">\n<div class=\"_container__message_g10pz_41 _container__message--assistant_g10pz_61\">\n<div class=\"_message_g10pz_27\">\n<div class=\"_message__content_g10pz_53\">\n<div class=\"MessageContent-module__message-content___Am59P MessageContent-module__message-content--markdown___oLH9Y\">\n<p>Os principais recursos s\u00e3o os seguintes:<\/p>\n<\/div>\n<\/div>\n<\/div>\n<\/div>\n<\/div>\n<\/div>\n<\/div>\n<\/div>\n<\/div>\n<\/div>\n<ul>\n<li>Tipo de laser: Laser MOPA<br \/>\nLaser Power: 1000W<br \/>\nFaixa de sa\u00edda (se ajust\u00e1vel): 0-100%<br \/>\nForma\u00e7\u00e3o de pulsos: MOPA (fator de qualidade)<br \/>\nGerador de laser: JPT<br \/>\nFiber Length: 5m<br \/>\nCooling Type: Water Cooling, BOGONG also provide you air cooling laser machine, you can find it in below article<br \/>\nP\u00f3s-venda: 2 anos<\/li>\n<\/ul>\n\n\t\t<\/div>\n\t<\/div>\n\n\t<div class=\"wpb_video_widget wpb_content_element vc_clearfix   vc_video-aspect-ratio-169 vc_video-el-width-100 vc_video-align-left\" >\n\t\t<div class=\"wpb_wrapper\">\n\t\t\t<h2 class=\"wpb_heading wpb_video_heading\">1000w Pulse Laser Cleaning Machine Show<\/h2>\n\t\t\t<div class=\"wpb_video_wrapper\"><iframe title=\"Poderosa m\u00e1quina de limpeza a laser de pulso de 1000 W - Melhor m\u00e1quina de limpeza a laser de 1 kW\" width=\"500\" height=\"281\" src=\"https:\/\/www.youtube.com\/embed\/KfdLMoQN_kg?feature=oembed\" frameborder=\"0\" allow=\"accelerometer; autoplay; clipboard-write; encrypted-media; gyroscope; picture-in-picture; web-share\" referrerpolicy=\"strict-origin-when-cross-origin\" allowfullscreen><\/iframe><\/div>\n\t\t<\/div>\n\t<\/div>\n<\/div><\/div><\/div><\/div><div class=\"vc_row wpb_row vc_row-fluid\"><div class=\"wpb_column vc_column_container vc_col-sm-12\"><div class=\"vc_column-inner\"><div class=\"wpb_wrapper\">\n\t<div class=\"wpb_text_column wpb_content_element\" >\n\t\t<div class=\"wpb_wrapper\">\n\t\t\t<div class=\"Content-module__content___jmKA6 _content_dc5hu_45\">\n<div class=\"react-scroll-to-bottom--css-kubvu-79elbk _chat-scroller_g10pz_99\">\n<div class=\"react-scroll-to-bottom--css-kubvu-1n7m0yu _chat-scroller__scroll_g10pz_102\">\n<div class=\"_message-list_g10pz_92\">\n<div class=\"_container_g10pz_1\">\n<div class=\"_container__content_g10pz_14\">\n<div class=\"_container__message_g10pz_41 _container__message--assistant_g10pz_61\">\n<div class=\"_message_g10pz_27\">\n<div class=\"_message__content_g10pz_53\">\n<div class=\"MessageContent-module__message-content___Am59P MessageContent-module__message-content--markdown___oLH9Y\">\n<div class=\"container section-title-container\">\n<h2 class=\"section-title section-title-normal\"><span class=\"section-title-main\">9 Cleaning Modes of Laser leaning Machine<\/span><\/h2>\n<\/div>\n<p>The operation interface of the BOGONG pulse laser cleaning machine offers 9 cleaning modes:<\/p>\n<ol>\n<li>Modo de linha reta<\/li>\n<li>Modo retangular 1<\/li>\n<li>Modo retangular 2<\/li>\n<li>Modo Circular<\/li>\n<li>Modo senoidal<\/li>\n<li>Modo espiral<\/li>\n<li>Modo livre<\/li>\n<li>Modo de anel<\/li>\n<li>Modo de rota\u00e7\u00e3o<\/li>\n<\/ol>\n<div id=\"image_1635238231\" class=\"img has-hover x md-x lg-x y md-y lg-y\">\n<div class=\"Content-module__content___jmKA6 _content_dc5hu_45\">\n<div class=\"react-scroll-to-bottom--css-kubvu-79elbk _chat-scroller_g10pz_99\">\n<div class=\"react-scroll-to-bottom--css-kubvu-1n7m0yu _chat-scroller__scroll_g10pz_102\">\n<div class=\"_message-list_g10pz_92\">\n<div class=\"_container_g10pz_1\">\n<div class=\"_container__content_g10pz_14\">\n<div class=\"_container__message_g10pz_41 _container__message--assistant_g10pz_61\">\n<div class=\"_message_g10pz_27\">\n<div class=\"_message__content_g10pz_53\">\n<div class=\"MessageContent-module__message-content___Am59P MessageContent-module__message-content--markdown___oLH9Y\">\n<p>Voc\u00ea pode alterar esses modos por meio da op\u00e7\u00e3o \"Scanning Mode\" (Modo de digitaliza\u00e7\u00e3o) na interface.<\/p>\n<p>Alguns modos de limpeza s\u00e3o mais suaves e funcionam bem em materiais que exigem um toque delicado. Nossa m\u00e1quina pode ajud\u00e1-lo a minimizar ou eliminar completamente qualquer vest\u00edgio ap\u00f3s a limpeza. Por outro lado, h\u00e1 modos mais potentes que s\u00e3o perfeitos para lidar com sujeira ou revestimentos dif\u00edceis.<\/p>\n<p>A escolha do modo de limpeza correto \u00e9 fundamental para garantir que suas superf\u00edcies tenham uma \u00f3tima apar\u00eancia e mantenham a qualidade. Isso \u00e9 especialmente importante em setores como o de fabrica\u00e7\u00e3o automotiva, aeroespacial e eletr\u00f4nica. A BOGONG fornece par\u00e2metros para a remo\u00e7\u00e3o de pintura, ferrugem, \u00f3leo, etc. Eles s\u00e3o \u00f3timos para iniciantes.<\/p>\n<\/div>\n<\/div>\n<\/div>\n<\/div>\n<\/div>\n<\/div>\n<\/div>\n<\/div>\n<\/div>\n<\/div>\n<div class=\"_message-box_1luju_5\">\n<div class=\"_message-box__content_1luju_15\">\n<form>\n<div class=\"MessageBox-module__messagebox___n4MAC\">\n<div class=\"MessageBox-module__messagebox__content___-xFbz\">\n<div class=\"MessageBox-module__messagebox__input-container___njanw\"><\/div>\n<\/div>\n<\/div>\n<input type=\"hidden\" name=\"trp-form-language\" value=\"pt\"\/><\/form>\n<\/div>\n<\/div>\n<\/div>\n<\/div>\n<\/div>\n<\/div>\n<\/div>\n<\/div>\n<\/div>\n<\/div>\n<\/div>\n<\/div>\n<\/div>\n\n\t\t<\/div>\n\t<\/div>\n<\/div><\/div><\/div><\/div><div class=\"vc_row wpb_row vc_row-fluid\"><div class=\"wpb_column vc_column_container vc_col-sm-12\"><div class=\"vc_column-inner\"><div class=\"wpb_wrapper\">\n\t<div  class=\"wpb_single_image wpb_content_element vc_align_left wpb_content_element\">\n\t\t\n\t\t<figure class=\"wpb_wrapper vc_figure\">\n\t\t\t<div class=\"vc_single_image-wrapper   vc_box_border_grey\"><img decoding=\"async\" width=\"1536\" height=\"616\" src=\"data:image\/svg+xml,%3Csvg%20xmlns%3D&#39;http%3A%2F%2Fwww.w3.org%2F2000%2Fsvg&#39;%20width=&#39;1536&#39;%20height=&#39;616&#39;%20viewBox%3D&#39;0%200%201536%20616&#39;%2F%3E\" data-czlz data-src=\"https:\/\/www.lasercleaner.tech\/wp-content\/uploads\/2024\/11\/9-cleaning-modes-of-portable-laser-cleaner-1536x616-1.jpg\" class=\"vc_single_image-img attachment-full\" alt=\"cleaning 500W LASER\" title=\"\" data-srcset=\"https:\/\/www.lasercleaner.tech\/wp-content\/uploads\/2024\/11\/9-cleaning-modes-of-portable-laser-cleaner-1536x616-1.jpg 1536w, https:\/\/www.lasercleaner.tech\/wp-content\/uploads\/2024\/11\/9-cleaning-modes-of-portable-laser-cleaner-1536x616-1-300x120.jpg 300w, https:\/\/www.lasercleaner.tech\/wp-content\/uploads\/2024\/11\/9-cleaning-modes-of-portable-laser-cleaner-1536x616-1-1024x411.jpg 1024w, https:\/\/www.lasercleaner.tech\/wp-content\/uploads\/2024\/11\/9-cleaning-modes-of-portable-laser-cleaner-1536x616-1-768x308.jpg 768w, https:\/\/www.lasercleaner.tech\/wp-content\/uploads\/2024\/11\/9-cleaning-modes-of-portable-laser-cleaner-1536x616-1-600x241.jpg 600w, https:\/\/www.lasercleaner.tech\/wp-content\/uploads\/2024\/11\/9-cleaning-modes-of-portable-laser-cleaner-1536x616-1-1000x401.jpg 1000w\" data-sizes=\"(max-width: 1536px) 100vw, 1536px\" \/><\/div>\n\t\t<\/figure>\n\t<\/div>\n<\/div><\/div><\/div><\/div><div class=\"vc_row wpb_row vc_row-fluid\"><div class=\"wpb_column vc_column_container vc_col-sm-12\"><div class=\"vc_column-inner\"><div class=\"wpb_wrapper\">\n\t<div class=\"wpb_text_column wpb_content_element\" >\n\t\t<div class=\"wpb_wrapper\">\n\t\t\t<h2>H\u00e1 16 idiomas suportados para sua sele\u00e7\u00e3o.<\/h2>\n<p>A m\u00e1quina de limpeza a laser de pulso atualmente suporta v\u00e1rios idiomas, incluindo ingl\u00eas, russo, japon\u00eas, espanhol, alem\u00e3o, coreano, franc\u00eas, polon\u00eas e outros 16.<\/p>\n<p>Voc\u00ea pode alternar facilmente entre esses idiomas na interface da m\u00e1quina. Se precisar de outros idiomas, tamb\u00e9m oferecemos servi\u00e7os de idiomas personalizados para atender \u00e0s suas necessidades.<\/p>\n\n\t\t<\/div>\n\t<\/div>\n<\/div><\/div><\/div><\/div><div class=\"vc_row wpb_row vc_row-fluid\"><div class=\"wpb_column vc_column_container vc_col-sm-12\"><div class=\"vc_column-inner\"><div class=\"wpb_wrapper\">\n\t<div  class=\"wpb_single_image wpb_content_element vc_align_left wpb_content_element\">\n\t\t\n\t\t<figure class=\"wpb_wrapper vc_figure\">\n\t\t\t<div class=\"vc_single_image-wrapper   vc_box_border_grey\"><img decoding=\"async\" width=\"768\" height=\"448\" src=\"data:image\/svg+xml,%3Csvg%20xmlns%3D&#39;http%3A%2F%2Fwww.w3.org%2F2000%2Fsvg&#39;%20width=&#39;768&#39;%20height=&#39;448&#39;%20viewBox%3D&#39;0%200%20768%20448&#39;%2F%3E\" data-czlz data-src=\"https:\/\/www.lasercleaner.tech\/wp-content\/uploads\/2024\/11\/16-Supported-Languages-for-Laser-Cleaner-768x448-1.webp\" class=\"vc_single_image-img attachment-full\" alt=\"500W pulse laser system\" title=\"Sistema de laser de pulso de 500 W\" data-srcset=\"https:\/\/www.lasercleaner.tech\/wp-content\/uploads\/2024\/11\/16-Supported-Languages-for-Laser-Cleaner-768x448-1.webp 768w, https:\/\/www.lasercleaner.tech\/wp-content\/uploads\/2024\/11\/16-Supported-Languages-for-Laser-Cleaner-768x448-1-300x175.webp 300w, https:\/\/www.lasercleaner.tech\/wp-content\/uploads\/2024\/11\/16-Supported-Languages-for-Laser-Cleaner-768x448-1-600x350.webp 600w\" data-sizes=\"(max-width: 768px) 100vw, 768px\" \/><\/div>\n\t\t<\/figure>\n\t<\/div>\n<\/div><\/div><\/div><\/div><div class=\"vc_row wpb_row vc_row-fluid\"><div class=\"wpb_column vc_column_container vc_col-sm-12\"><div class=\"vc_column-inner\"><div class=\"wpb_wrapper\">\n\t<div class=\"wpb_text_column wpb_content_element\" >\n\t\t<div class=\"wpb_wrapper\">\n\t\t\t<h2>Feature of 1000W Pulse Laser Cleaning Machine<\/h2>\n<ul>\n<li><strong>High-Power 1000W Pulsed Laser Technology:<\/strong> Delivers powerful energy pulses that quickly and effectively remove rust, oil, and residues.<\/li>\n<li><strong>Fine Cleaning Capabilities:<\/strong> Provides precise cleaning results, making it ideal for applications that require meticulous attention.<\/li>\n<li><strong>High Efficiency:<\/strong> Drastically cuts down cleaning time compared to traditional methods, enhancing productivity and reducing operational costs.<\/li>\n<li><strong>Non-Destructive Cleaning:<\/strong> Employs a non-contact and non-abrasive approach that protects the underlying material and eliminates the risk of damage.<\/li>\n<li><strong>User-Friendly Operation:<\/strong> Features an intuitive interface and ergonomic design for easy handling, requiring minimal training.<\/li>\n<\/ul>\n<p><strong>Benefits:<\/strong><\/p>\n<ul>\n<li><strong>Superior Cleaning Performance:<\/strong> Achieve a high level of cleanliness essential for optimal performance in various industrial settings.<\/li>\n<li><strong>Cost-Effective Solution:<\/strong> Reduces the need for consumables like chemicals and abrasives, resulting in long-term savings.<\/li>\n<li><strong>Environmentally Friendly:<\/strong> Generates minimal waste and eliminates harmful chemicals, contributing to a safer and greener workplace.<\/li>\n<li><strong>Versatile Applications:<\/strong> Effective for cleaning a wide range of materials, including metals and composites, across different industries.<\/li>\n<\/ul>\n<p><strong>Applications:<\/strong><\/p>\n<ul>\n<li><strong>Rust Removal:<\/strong> Effectively eliminates corrosion from metal surfaces, restoring them to their original condition without using abrasive methods.<\/li>\n<li><strong>Oil and Grease Cleaning:<\/strong> Removes oils, lubricants, and other contaminants that can affect performance or adhesion in manufacturing processes.<\/li>\n<li><strong>Surface Preparation:<\/strong> Prepares surfaces for painting, coating, or welding by ensuring they are clean and free of contaminants.<\/li>\n<li><strong>Maintenance and Restoration:<\/strong> Perfect for cleaning machinery, tools, and equipment, extending their lifespan and maintaining peak functionality.<\/li>\n<\/ul>\n\n\t\t<\/div>\n\t<\/div>\n<\/div><\/div><\/div><\/div><div class=\"vc_row wpb_row vc_row-fluid\"><div class=\"wpb_column vc_column_container vc_col-sm-12\"><div class=\"vc_column-inner\"><div class=\"wpb_wrapper\">\n\t<div  class=\"wpb_single_image wpb_content_element vc_align_left wpb_content_element\">\n\t\t\n\t\t<figure class=\"wpb_wrapper vc_figure\">\n\t\t\t<div class=\"vc_single_image-wrapper   vc_box_border_grey\"><img decoding=\"async\" width=\"790\" height=\"895\" src=\"data:image\/svg+xml,%3Csvg%20xmlns%3D&#39;http%3A%2F%2Fwww.w3.org%2F2000%2Fsvg&#39;%20width=&#39;790&#39;%20height=&#39;895&#39;%20viewBox%3D&#39;0%200%20790%20895&#39;%2F%3E\" data-czlz data-src=\"https:\/\/www.lasercleaner.tech\/wp-content\/uploads\/2024\/11\/QQ\u56fe\u724720240814100714.jpg\" class=\"vc_single_image-img attachment-full\" alt=\"laser cleaner\" title=\"QQ\u56fe\u724720240814100714\" data-srcset=\"https:\/\/www.lasercleaner.tech\/wp-content\/uploads\/2024\/11\/QQ\u56fe\u724720240814100714.jpg 790w, https:\/\/www.lasercleaner.tech\/wp-content\/uploads\/2024\/11\/QQ\u56fe\u724720240814100714-265x300.jpg 265w, https:\/\/www.lasercleaner.tech\/wp-content\/uploads\/2024\/11\/QQ\u56fe\u724720240814100714-768x870.jpg 768w, https:\/\/www.lasercleaner.tech\/wp-content\/uploads\/2024\/11\/QQ\u56fe\u724720240814100714-600x680.jpg 600w\" data-sizes=\"(max-width: 790px) 100vw, 790px\" \/><\/div>\n\t\t<\/figure>\n\t<\/div>\n<\/div><\/div><\/div><\/div><div class=\"vc_row wpb_row vc_row-fluid\"><div class=\"wpb_column vc_column_container vc_col-sm-12\"><div class=\"vc_column-inner\"><div class=\"wpb_wrapper\">\n\t<div class=\"wpb_text_column wpb_content_element\" >\n\t\t<div class=\"wpb_wrapper\">\n\t\t\t<p>Condi\u00e7\u00f5es de pagamento<\/p>\n<p>1. Dep\u00f3sito e saldo: Um dep\u00f3sito de 30% T\/T \u00e9 exigido antecipadamente, com o saldo devido antes do envio.<\/p>\n<p>2. Garantia de com\u00e9rcio do Alibaba: Os pagamentos podem ser processados por meio do Alibaba Trade Assurance.<\/p>\n<p>FAQs for the 1000w Fiber Laser Cleaning machine<\/p>\n<p>What Is the Packaging for the laser Cleaner?<br \/>\nNossas m\u00e1quinas s\u00e3o embaladas em uma configura\u00e7\u00e3o de tr\u00eas camadas. A camada externa consiste em um engradado de madeira, a camada intermedi\u00e1ria apresenta estofamento de espuma para proteger contra trepida\u00e7\u00f5es e a camada interna inclui um saco pl\u00e1stico grosso para impermeabiliza\u00e7\u00e3o.<\/p>\n<p>O pacote ser\u00e1 danificado durante o transporte?<br \/>\nProjetamos meticulosamente nossas embalagens para lidar com todos os fatores de poss\u00edveis danos, e nossos agentes de transporte t\u00eam experi\u00eancia em transporte seguro. J\u00e1 exportamos com sucesso para 180 pa\u00edses, portanto, voc\u00ea pode ter certeza de que sua encomenda chegar\u00e1 em excelentes condi\u00e7\u00f5es.<\/p>\n\n\t\t<\/div>\n\t<\/div>\n<\/div><\/div><\/div><\/div><div class=\"vc_row wpb_row vc_row-fluid\"><div class=\"wpb_column vc_column_container vc_col-sm-12\"><div class=\"vc_column-inner\"><div class=\"wpb_wrapper\">\n\t<div class=\"wpb_text_column wpb_content_element\" >\n\t\t<div class=\"wpb_wrapper\">\n\t\t\t<p>A maioria dos clientes gosta de escolher o transporte por UPS\/DHL expresso, que pode chegar ao destino em cerca de 5 a 7 dias. Entre em contato com a BOGONG para obter mais detalhes sobre a m\u00e1quina de limpeza a laser de pulso de 1000W.<\/p>\n\n\t\t<\/div>\n\t<\/div>\n<\/div><\/div><\/div><\/div><div class=\"vc_row wpb_row vc_row-fluid\"><div class=\"wpb_column vc_column_container vc_col-sm-12\"><div class=\"vc_column-inner\"><div class=\"wpb_wrapper\"><div  class=\"vc_do_toggle vc_toggle vc_toggle_arrow vc_toggle_color_default  vc_toggle_size_md\"><div class=\"vc_toggle_title\"><h4>How Much Is The Price of A 1000W Pulse Laser Cleaning Machine?<\/h4><i class=\"vc_toggle_icon\"><\/i><\/div><div class=\"vc_toggle_content\"><p><a class=\"elementor-accordion-title\" tabindex=\"0\">How Much Is The Price of A 1000W Pulse Laser Cleaning Machine?<\/a><\/p>\n<\/div><\/div><\/div><\/div><\/div><\/div><div class=\"vc_row wpb_row vc_row-fluid\"><div class=\"wpb_column vc_column_container vc_col-sm-12\"><div class=\"vc_column-inner\"><div class=\"wpb_wrapper\"><div  class=\"vc_do_toggle vc_toggle vc_toggle_arrow vc_toggle_color_default  vc_toggle_size_md\"><div class=\"vc_toggle_title\"><h4>What Is The Maintenance And Operating Cost of A 1000W Pulse Laser Cleaning Machine?<\/h4><i class=\"vc_toggle_icon\"><\/i><\/div><div class=\"vc_toggle_content\"><p><a class=\"elementor-accordion-title\" tabindex=\"0\">How Much Is The Price of A 1000W Pulse Laser Cleaning Machine?<\/a><\/p>\n<\/div><\/div><\/div><\/div><\/div><\/div><div class=\"vc_row wpb_row vc_row-fluid\"><div class=\"wpb_column vc_column_container vc_col-sm-12\"><div class=\"vc_column-inner\"><div class=\"wpb_wrapper\"><div  class=\"vc_do_toggle vc_toggle vc_toggle_arrow vc_toggle_color_default  vc_toggle_size_md\"><div class=\"vc_toggle_title\"><h4>What Types of Surfaces Can A 1000W Pulse Laser Cleaning Machine Effectively Clean?<\/h4><i class=\"vc_toggle_icon\"><\/i><\/div><div class=\"vc_toggle_content\"><p><a class=\"elementor-accordion-title\" tabindex=\"0\">How Much Is The Price of A 1000W Pulse Laser Cleaning Machine?<\/a><\/p>\n<\/div><\/div><\/div><\/div><\/div><\/div><div class=\"vc_row wpb_row vc_row-fluid\"><div class=\"wpb_column vc_column_container vc_col-sm-12\"><div class=\"vc_column-inner\"><div class=\"wpb_wrapper\"><div  class=\"vc_do_toggle vc_toggle vc_toggle_arrow vc_toggle_color_default  vc_toggle_size_md\"><div class=\"vc_toggle_title\"><h4>What Kind of Maintenance Does The 1000W Pulse Laser Cleaning Machine Need?<\/h4><i class=\"vc_toggle_icon\"><\/i><\/div><div class=\"vc_toggle_content\"><p><a class=\"elementor-accordion-title\" tabindex=\"0\">How Much Is The Price of A 1000W Pulse Laser Cleaning Machine?<\/a><\/p>\n<\/div><\/div><\/div><\/div><\/div><\/div><div class=\"vc_row wpb_row vc_row-fluid\"><div class=\"wpb_column vc_column_container vc_col-sm-12\"><div class=\"vc_column-inner\"><div class=\"wpb_wrapper\"><div  class=\"vc_do_toggle vc_toggle vc_toggle_arrow vc_toggle_color_default  vc_toggle_size_md\"><div class=\"vc_toggle_title\"><h4>Are There Any Specific Environmental Conditions or Limitations For Using A Laser Cleaning Machine?<\/h4><i class=\"vc_toggle_icon\"><\/i><\/div><div class=\"vc_toggle_content\"><p><a class=\"elementor-accordion-title\" tabindex=\"0\">How Much Is The Price of A 500W Pulse Laser Cleaning Machine?<\/a><\/p>\n<\/div><\/div><\/div><\/div><\/div><\/div><div class=\"vc_row wpb_row vc_row-fluid\"><div class=\"wpb_column vc_column_container vc_col-sm-12\"><div class=\"vc_column-inner\"><div class=\"wpb_wrapper\"><div  class=\"vc_do_toggle vc_toggle vc_toggle_arrow vc_toggle_color_default  vc_toggle_size_md\"><div class=\"vc_toggle_title\"><h4>What Cooling Method Does The 1000W Pulse Laser Cleaning Machine Use?<\/h4><i class=\"vc_toggle_icon\"><\/i><\/div><div class=\"vc_toggle_content\"><p><a class=\"elementor-accordion-title\" tabindex=\"0\">How Much Is The Price of A 1000W Pulse Laser Cleaning Machine?<\/a><\/p>\n<\/div><\/div><\/div><\/div><\/div><\/div><div class=\"vc_row wpb_row vc_row-fluid\"><div class=\"wpb_column vc_column_container vc_col-sm-12\"><div class=\"vc_column-inner\"><div class=\"wpb_wrapper\"><div  class=\"vc_do_toggle vc_toggle vc_toggle_arrow vc_toggle_color_default  vc_toggle_size_md\"><div class=\"vc_toggle_title\"><h4>What Is The Cleaning Area of The 1000W Pulse Laser Cleaning Machine?<\/h4><i class=\"vc_toggle_icon\"><\/i><\/div><div class=\"vc_toggle_content\"><p><a class=\"elementor-accordion-title\" tabindex=\"0\">How Much Is The Price of A 1000W Pulse Laser Cleaning Machine?<\/a><\/p>\n<\/div><\/div><\/div><\/div><\/div><\/div><div class=\"vc_row wpb_row vc_row-fluid\"><div class=\"wpb_column vc_column_container vc_col-sm-12\"><div class=\"vc_column-inner\"><div class=\"wpb_wrapper\"><div  class=\"vc_do_toggle vc_toggle vc_toggle_arrow vc_toggle_color_default  vc_toggle_size_md\"><div class=\"vc_toggle_title\"><h4>What Length of Fiber Optic Cable Does The 1000W Pulse Laser Cleaning Machine Support?<\/h4><i class=\"vc_toggle_icon\"><\/i><\/div><div class=\"vc_toggle_content\"><p><a class=\"elementor-accordion-title\" tabindex=\"0\">How Much Is The Price of A 1000W Pulse Laser Cleaning Machine?<\/a><\/p>\n<\/div><\/div><\/div><\/div><\/div><\/div>\n<\/div>","protected":false},"excerpt":{"rendered":"[lwptoc]\n<h2>M\u00e1quina de limpeza a laser de pulso de 1000 W<\/h2>\n<p>The 1000W pulse laser cleaning machine\u00a0is specifically &#8230; <\/p>","protected":false},"featured_media":1761,"template":"","meta":[],"product_brand":[],"product_cat":[94],"product_tag":[101,100],"class_list":{"0":"post-1780","1":"product","2":"type-product","3":"status-publish","4":"has-post-thumbnail","6":"product_cat-laser-cleaning-machine","7":"product_tag-laser-cleaner","8":"product_tag-laser-cleaning-machine","10":"first","11":"instock","12":"shipping-taxable","13":"product-type-simple"},"_links":{"self":[{"href":"https:\/\/www.lasercleaner.tech\/pt\/wp-json\/wp\/v2\/product\/1780","targetHints":{"allow":["GET"]}}],"collection":[{"href":"https:\/\/www.lasercleaner.tech\/pt\/wp-json\/wp\/v2\/product"}],"about":[{"href":"https:\/\/www.lasercleaner.tech\/pt\/wp-json\/wp\/v2\/types\/product"}],"wp:featuredmedia":[{"embeddable":true,"href":"https:\/\/www.lasercleaner.tech\/pt\/wp-json\/wp\/v2\/media\/1761"}],"wp:attachment":[{"href":"https:\/\/www.lasercleaner.tech\/pt\/wp-json\/wp\/v2\/media?parent=1780"}],"wp:term":[{"taxonomy":"product_brand","embeddable":true,"href":"https:\/\/www.lasercleaner.tech\/pt\/wp-json\/wp\/v2\/product_brand?post=1780"},{"taxonomy":"product_cat","embeddable":true,"href":"https:\/\/www.lasercleaner.tech\/pt\/wp-json\/wp\/v2\/product_cat?post=1780"},{"taxonomy":"product_tag","embeddable":true,"href":"https:\/\/www.lasercleaner.tech\/pt\/wp-json\/wp\/v2\/product_tag?post=1780"}],"curies":[{"name":"wp","href":"https:\/\/api.w.org\/{rel}","templated":true}]}}