{"id":1746,"date":"2024-11-06T21:16:20","date_gmt":"2024-11-06T13:16:20","guid":{"rendered":"https:\/\/bogonglaser.com\/?post_type=product&#038;p=1746"},"modified":"2024-11-06T21:29:39","modified_gmt":"2024-11-06T13:29:39","slug":"best-200w-pulse-laser-cleaning-machine","status":"publish","type":"product","link":"https:\/\/www.lasercleaner.tech\/pt\/produto\/best-200w-pulse-laser-cleaning-machine\/","title":{"rendered":"Melhor m\u00e1quina de limpeza a laser de pulso de 200 W"},"content":{"rendered":"<div class=\"wpb-content-wrapper\"><div class=\"vc_row wpb_row vc_row-fluid\"><div class=\"wpb_column vc_column_container vc_col-sm-12\"><div class=\"vc_column-inner\"><div class=\"wpb_wrapper\">\n\t<div class=\"wpb_text_column wpb_content_element\" >\n\t\t<div class=\"wpb_wrapper\">\n\t\t\t<h2>What Is a 200W Pulse Laser Cleaning Machine<\/h2>\n<p>The 200W pulse laser cleaning machine is a laser device which specifically designed for industrial cleaning tasks. It uses advanced MOPA laser cleaning technology, which is a non-contact method that effectively removes rust, paint, coatings, and other contaminants from surfaces, all while protecting the material underneath. compare with 300W Laser cleaner, 200w laser energy is a little weaker than 300w.<\/p>\n<p>With a power rating of 200W, this machine emits a laser beam that can tackle even the toughest layers of grime quickly and efficiently. The cleaning process works by directing the laser energy onto the contaminated surface, The laser energy absorbed by the contaminants rapidly heats the surface, causing the contaminants to evaporate almost instantly. This process does not damage the underlying material because the duration of the laser\u2019s effect is extremely short (typically in the nanosecond to microsecond range), leaving a clean surface behind.<\/p>\n<p>One of the great features of this machine is its adjustable power settings and various scanning modes, which allow users to customize the cleaning process based on the specific surface and the type of contamination. This means you can achieve optimal results without risking damage to the material below. Also it has an intuitive interface and programmable settings, making it user-friendly and easy to operate. Overall, it&#8217;s an effective solution for anyone needing precise industrial cleaning.<\/p>\n<p>Os principais recursos s\u00e3o os seguintes:<\/p>\n<ul>\n<li>Laser Type: Fiber Laser<br \/>\nLaser Power: 200W<br \/>\nFaixa de sa\u00edda (se ajust\u00e1vel): 0-100%<br \/>\nPulse Formation: MOPA Q-Switched (Quality Factor)<br \/>\nGerador de laser: JPT<br \/>\nCleaning Area: 100*100mm (Optional 130x130mm, 150x150mm)<br \/>\nFiber Length: 5m<br \/>\nCooling Type: Air<br \/>\nP\u00f3s-venda: 2 anos<\/li>\n<\/ul>\n\n\t\t<\/div>\n\t<\/div>\n<\/div><\/div><\/div><\/div><div class=\"vc_row wpb_row vc_row-fluid\"><div class=\"wpb_column vc_column_container vc_col-sm-12\"><div class=\"vc_column-inner\"><div class=\"wpb_wrapper\">\n\t<div  class=\"wpb_single_image wpb_content_element vc_align_left wpb_content_element\">\n\t\t\n\t\t<figure class=\"wpb_wrapper vc_figure\">\n\t\t\t<div class=\"vc_single_image-wrapper   vc_box_border_grey\"><img decoding=\"async\" width=\"800\" height=\"400\" src=\"data:image\/svg+xml,%3Csvg%20xmlns%3D&#39;http%3A%2F%2Fwww.w3.org%2F2000%2Fsvg&#39;%20width=&#39;800&#39;%20height=&#39;400&#39;%20viewBox%3D&#39;0%200%20800%20400&#39;%2F%3E\" data-czlz data-src=\"https:\/\/www.lasercleaner.tech\/wp-content\/uploads\/2024\/10\/bogong-new-cabinet.png\" class=\"vc_single_image-img attachment-full\" alt=\"\" title=\"bogong new cabinet\" data-srcset=\"https:\/\/www.lasercleaner.tech\/wp-content\/uploads\/2024\/10\/bogong-new-cabinet.png 800w, https:\/\/www.lasercleaner.tech\/wp-content\/uploads\/2024\/10\/bogong-new-cabinet-300x150.png 300w, https:\/\/www.lasercleaner.tech\/wp-content\/uploads\/2024\/10\/bogong-new-cabinet-768x384.png 768w, https:\/\/www.lasercleaner.tech\/wp-content\/uploads\/2024\/10\/bogong-new-cabinet-600x300.png 600w\" data-sizes=\"(max-width: 800px) 100vw, 800px\" \/><\/div>\n\t\t<\/figure>\n\t<\/div>\n<\/div><\/div><\/div><\/div><div class=\"vc_row wpb_row vc_row-fluid\"><div class=\"wpb_column vc_column_container vc_col-sm-12\"><div class=\"vc_column-inner\"><div class=\"wpb_wrapper\">\n\t<div  class=\"wpb_single_image wpb_content_element vc_align_left wpb_content_element\">\n\t\t\n\t\t<figure class=\"wpb_wrapper vc_figure\">\n\t\t\t<div class=\"vc_single_image-wrapper   vc_box_border_grey\"><img decoding=\"async\" width=\"800\" height=\"600\" src=\"data:image\/svg+xml,%3Csvg%20xmlns%3D&#39;http%3A%2F%2Fwww.w3.org%2F2000%2Fsvg&#39;%20width=&#39;800&#39;%20height=&#39;600&#39;%20viewBox%3D&#39;0%200%20800%20600&#39;%2F%3E\" data-czlz data-src=\"https:\/\/www.lasercleaner.tech\/wp-content\/uploads\/2024\/10\/3d-laser.png\" class=\"vc_single_image-img attachment-full\" alt=\"\" title=\"3d laser engraver\" data-srcset=\"https:\/\/www.lasercleaner.tech\/wp-content\/uploads\/2024\/10\/3d-laser.png 800w, https:\/\/www.lasercleaner.tech\/wp-content\/uploads\/2024\/10\/3d-laser-300x225.png 300w, https:\/\/www.lasercleaner.tech\/wp-content\/uploads\/2024\/10\/3d-laser-768x576.png 768w, https:\/\/www.lasercleaner.tech\/wp-content\/uploads\/2024\/10\/3d-laser-600x450.png 600w\" data-sizes=\"(max-width: 800px) 100vw, 800px\" \/><\/div>\n\t\t<\/figure>\n\t<\/div>\n<\/div><\/div><\/div><\/div><div class=\"vc_row wpb_row vc_row-fluid\"><div class=\"wpb_column vc_column_container vc_col-sm-12\"><div class=\"vc_column-inner\"><div class=\"wpb_wrapper\">\n\t<div class=\"wpb_video_widget wpb_content_element vc_clearfix   vc_video-aspect-ratio-169 vc_video-el-width-100 vc_video-align-left\" >\n\t\t<div class=\"wpb_wrapper\">\n\t\t\t<h2 class=\"wpb_heading wpb_video_heading\">200w Pulse Laser Cleaning Machine<\/h2>\n\t\t\t<div class=\"wpb_video_wrapper\"><iframe title=\"200W Pulse Laser Cleaner | 200W Pulse Laser Cleaning Machine\" width=\"500\" height=\"281\" src=\"https:\/\/www.youtube.com\/embed\/K8XqcUOiTa0?feature=oembed\" frameborder=\"0\" allow=\"accelerometer; autoplay; clipboard-write; encrypted-media; gyroscope; picture-in-picture; web-share\" referrerpolicy=\"strict-origin-when-cross-origin\" allowfullscreen><\/iframe><\/div>\n\t\t<\/div>\n\t<\/div>\n<\/div><\/div><\/div><\/div><div class=\"vc_row wpb_row vc_row-fluid\"><div class=\"wpb_column vc_column_container vc_col-sm-12\"><div class=\"vc_column-inner\"><div class=\"wpb_wrapper\">\n\t<div class=\"wpb_text_column wpb_content_element\" >\n\t\t<div class=\"wpb_wrapper\">\n\t\t\t<h2>Features of the 200W Pulse Laser Cleaner:<\/h2>\n<p>Unlike continuous (CW) fiber laser cleaners, this pulsed laser cleaner system use a double wobble smart cleaning head and offers a versatile range of 8 cleaning modes to meet various needs. It effectively manages input power by adjust pulse width, frequency, etc, maintaining optimal temperatures for the workpiece while minimizing energy loss, which enhances overall efficiency.<\/p>\n<p><strong>Use friendly software<\/strong> &#8211; Built for convenience, this laser cleaner is equipped with a 5-meter long fiber cable, allowing for flexible operation without spatial constraints. there have 2 touch screen with BOGONG 300W Laser Machine, one touch screen on laser head, another touch screen on machine cabinet, you can adjust parameters freely. Its extended IO interface facilitates easy integration with manipulators for automated cleaning processes. Additionally, comprehensive English manuals and operation videos are provided, ensuring a smooth and quick learning experience for users of this laser rust remover.<\/p>\n<p><strong>Single-Mode Capability<\/strong> &#8211; The pulsed single-mode like 2mj laser cleaning machine is highly versatile, suitable for a wide range of applications including metal surface cleaning, automotive parts, stone, wood, plastic, and other materials that require high power cleaning. It excels at tackling challenging jobs with strong adhesion, difficult-to-remove substances, heavy rust, oxide layers, and thick paint.<\/p>\n<p><strong>Multi-Mode Precision<\/strong> &#8211; The pulsed multi-mode 15mj laser cleaning machine is ideal for applications requiring high precision, such as cleaning precision parts, maintaining electronic equipment, and treating micro components. It is specifically designed for scenarios involving light adhesion, easily removable contaminants, mild rust, and applications where avoiding damage is critical, choose multi mode for mould cleaning.<\/p>\n\n\t\t<\/div>\n\t<\/div>\n<\/div><\/div><\/div><\/div><div class=\"vc_row wpb_row vc_row-fluid\"><div class=\"wpb_column vc_column_container vc_col-sm-12\"><div class=\"vc_column-inner\"><div class=\"wpb_wrapper\">\n\t<div class=\"wpb_video_widget wpb_content_element vc_clearfix   vc_video-aspect-ratio-169 vc_video-el-width-100 vc_video-align-left\" >\n\t\t<div class=\"wpb_wrapper\">\n\t\t\t<h2 class=\"wpb_heading wpb_video_heading\">What&#039;s the different between 2mj 5mj and 15mj Pulse Laser Cleaner<\/h2>\n\t\t\t<div class=\"wpb_video_wrapper\"><iframe title=\"Qual \u00e9 a diferen\u00e7a real entre a m\u00e1quina de limpeza a laser de pulso de 2mj, 5mj e 15mj? Qual \u00e9 o melhor Tophat VS Gauss?\" width=\"500\" height=\"281\" src=\"https:\/\/www.youtube.com\/embed\/XWgilh9T0is?feature=oembed\" frameborder=\"0\" allow=\"accelerometer; autoplay; clipboard-write; encrypted-media; gyroscope; picture-in-picture; web-share\" referrerpolicy=\"strict-origin-when-cross-origin\" allowfullscreen><\/iframe><\/div>\n\t\t<\/div>\n\t<\/div>\n<\/div><\/div><\/div><\/div><div class=\"vc_row wpb_row vc_row-fluid\"><div class=\"wpb_column vc_column_container vc_col-sm-12\"><div class=\"vc_column-inner\"><div class=\"wpb_wrapper\">\n\t<div class=\"wpb_text_column wpb_content_element\" >\n\t\t<div class=\"wpb_wrapper\">\n\t\t\t<h3>Why choose Bogong Laser Cleaner<\/h3>\n<ul>\n<li>With extensive experience in laser cleaning technology, we specialize in delivering advanced solutions customized to meet your specific requirements. Our team of expert engineers and technicians possesses deep industry knowledge, ensuring you receive the ideal laser cleaning machine tailored for your unique applications.<\/li>\n<li>We already save parameter for remove rust, painting, etc, you can start laser cleaning easily after got it.<\/li>\n<li>Bogong not only provide high-quality laser device, but also best after sales service in past years.<\/li>\n<\/ul>\n\n\t\t<\/div>\n\t<\/div>\n<\/div><\/div><\/div><\/div><div class=\"vc_row wpb_row vc_row-fluid\"><div class=\"wpb_column vc_column_container vc_col-sm-12\"><div class=\"vc_column-inner\"><div class=\"wpb_wrapper\">\n\t<div class=\"wpb_video_widget wpb_content_element vc_clearfix   vc_video-aspect-ratio-169 vc_video-el-width-100 vc_video-align-left\" >\n\t\t<div class=\"wpb_wrapper\">\n\t\t\t<h2 class=\"wpb_heading wpb_video_heading\">Cleaning Automatic Car Parts<\/h2>\n\t\t\t<div class=\"wpb_video_wrapper\"><iframe title=\"300W Pulse Laser Cleaning Machine | Best Automative Parts Restore Business Cleaning Tool System\" width=\"500\" height=\"281\" src=\"https:\/\/www.youtube.com\/embed\/iEI1zAgPy5g?feature=oembed\" frameborder=\"0\" allow=\"accelerometer; autoplay; clipboard-write; encrypted-media; gyroscope; picture-in-picture; web-share\" referrerpolicy=\"strict-origin-when-cross-origin\" allowfullscreen><\/iframe><\/div>\n\t\t<\/div>\n\t<\/div>\n<\/div><\/div><\/div><\/div><div class=\"vc_row wpb_row vc_row-fluid\"><div class=\"wpb_column vc_column_container vc_col-sm-12\"><div class=\"vc_column-inner\"><div class=\"wpb_wrapper\">\n\t<div class=\"wpb_video_widget wpb_content_element vc_clearfix   vc_video-aspect-ratio-169 vc_video-el-width-100 vc_video-align-left\" >\n\t\t<div class=\"wpb_wrapper\">\n\t\t\t<h2 class=\"wpb_heading wpb_video_heading\">Cleaning Mould<\/h2>\n\t\t\t<div class=\"wpb_video_wrapper\"><iframe title=\"MOLD LASER CLEANING MACHINE | Mould Laser Cleaning Machine\" width=\"500\" height=\"281\" src=\"https:\/\/www.youtube.com\/embed\/tspq0apVAt0?feature=oembed\" frameborder=\"0\" allow=\"accelerometer; autoplay; clipboard-write; encrypted-media; gyroscope; picture-in-picture; web-share\" referrerpolicy=\"strict-origin-when-cross-origin\" allowfullscreen><\/iframe><\/div>\n\t\t<\/div>\n\t<\/div>\n<\/div><\/div><\/div><\/div><div class=\"vc_row wpb_row vc_row-fluid\"><div class=\"wpb_column vc_column_container vc_col-sm-12\"><div class=\"vc_column-inner\"><div class=\"wpb_wrapper\">\n\t<div class=\"wpb_text_column wpb_content_element\" >\n\t\t<div class=\"wpb_wrapper\">\n\t\t\t<h2>How does 200 Pulse Laser Cleaning Machine Work?<\/h2>\n<p>The 200W Pulse Laser Cleaning Machine utilizes advanced laser technology to effectively remove contaminants from surfaces. Here\u2019s a brief overview of how it works:<\/p>\n<ol>\n<li><strong>Laser Emission<\/strong>: It generates a 200W pulsed laser beam that emits short bursts of energy for precise cleaning.<\/li>\n<li><strong>Targeted Cleaning<\/strong>: When aimed at a surface, the laser energy is absorbed by contaminants like rust or paint.<\/li>\n<li><strong>Vaporization<\/strong>: The absorbed energy heats the contaminants rapidly, causing them to vaporize without damaging the underlying material.<\/li>\n<li><strong>Selective Removal<\/strong>: The process selectively targets only the contaminants, preserving the integrity of the surface.<\/li>\n<li><strong>Adjustable Settings<\/strong>: It features customizable power settings and focus options for various surfaces and contamination levels.<\/li>\n<\/ol>\n<p>Overall, the 200W Pulse Laser Cleaning Machine offers an efficient, precise, and versatile solution for industrial cleaning applications.<\/p>\n\n\t\t<\/div>\n\t<\/div>\n<\/div><\/div><\/div><\/div><div class=\"vc_row wpb_row vc_row-fluid\"><div class=\"wpb_column vc_column_container vc_col-sm-12\"><div class=\"vc_column-inner\"><div class=\"wpb_wrapper\">\n\t<div class=\"wpb_video_widget wpb_content_element vc_clearfix   vc_video-aspect-ratio-169 vc_video-el-width-100 vc_video-align-left\" >\n\t\t<div class=\"wpb_wrapper\">\n\t\t\t<h2 class=\"wpb_heading wpb_video_heading\">He Puchased 200W Pulse Laser Cleaner<\/h2>\n\t\t\t<div class=\"wpb_video_wrapper\"><iframe title=\"200W Pulse Laser Cleaning Machine Feedback\" width=\"500\" height=\"281\" src=\"https:\/\/www.youtube.com\/embed\/EpK-C5kgbms?feature=oembed\" frameborder=\"0\" allow=\"accelerometer; autoplay; clipboard-write; encrypted-media; gyroscope; picture-in-picture; web-share\" referrerpolicy=\"strict-origin-when-cross-origin\" allowfullscreen><\/iframe><\/div>\n\t\t<\/div>\n\t<\/div>\n<\/div><\/div><\/div><\/div><div class=\"vc_row wpb_row vc_row-fluid\"><div class=\"wpb_column vc_column_container vc_col-sm-12\"><div class=\"vc_column-inner\"><div class=\"wpb_wrapper\">\n\t<div  class=\"wpb_single_image wpb_content_element vc_align_left wpb_content_element\">\n\t\t\n\t\t<figure class=\"wpb_wrapper vc_figure\">\n\t\t\t<div class=\"vc_single_image-wrapper   vc_box_border_grey\"><img decoding=\"async\" width=\"1243\" height=\"578\" src=\"data:image\/svg+xml,%3Csvg%20xmlns%3D&#39;http%3A%2F%2Fwww.w3.org%2F2000%2Fsvg&#39;%20width=&#39;1243&#39;%20height=&#39;578&#39;%20viewBox%3D&#39;0%200%201243%20578&#39;%2F%3E\" data-czlz data-src=\"https:\/\/www.lasercleaner.tech\/wp-content\/uploads\/2024\/10\/\u5fae\u4fe1\u56fe\u7247_20240603174704-1.jpg\" class=\"vc_single_image-img attachment-full\" alt=\"3d laser marking machine\" title=\"\u5fae\u4fe1\u56fe\u7247_20240603174704\" data-srcset=\"https:\/\/www.lasercleaner.tech\/wp-content\/uploads\/2024\/10\/\u5fae\u4fe1\u56fe\u7247_20240603174704-1.jpg 1243w, https:\/\/www.lasercleaner.tech\/wp-content\/uploads\/2024\/10\/\u5fae\u4fe1\u56fe\u7247_20240603174704-1-300x140.jpg 300w, https:\/\/www.lasercleaner.tech\/wp-content\/uploads\/2024\/10\/\u5fae\u4fe1\u56fe\u7247_20240603174704-1-1024x476.jpg 1024w, https:\/\/www.lasercleaner.tech\/wp-content\/uploads\/2024\/10\/\u5fae\u4fe1\u56fe\u7247_20240603174704-1-768x357.jpg 768w, https:\/\/www.lasercleaner.tech\/wp-content\/uploads\/2024\/10\/\u5fae\u4fe1\u56fe\u7247_20240603174704-1-600x279.jpg 600w, https:\/\/www.lasercleaner.tech\/wp-content\/uploads\/2024\/10\/\u5fae\u4fe1\u56fe\u7247_20240603174704-1-1000x465.jpg 1000w\" data-sizes=\"(max-width: 1243px) 100vw, 1243px\" \/><\/div>\n\t\t<\/figure>\n\t<\/div>\n<\/div><\/div><\/div><\/div><div class=\"vc_row wpb_row vc_row-fluid\"><div class=\"wpb_column vc_column_container vc_col-sm-12\"><div class=\"vc_column-inner\"><div class=\"wpb_wrapper\">\n\t<div  class=\"wpb_single_image wpb_content_element vc_align_left wpb_content_element\">\n\t\t\n\t\t<figure class=\"wpb_wrapper vc_figure\">\n\t\t\t<div class=\"vc_single_image-wrapper   vc_box_border_grey\"><img decoding=\"async\" width=\"1251\" height=\"596\" src=\"data:image\/svg+xml,%3Csvg%20xmlns%3D&#39;http%3A%2F%2Fwww.w3.org%2F2000%2Fsvg&#39;%20width=&#39;1251&#39;%20height=&#39;596&#39;%20viewBox%3D&#39;0%200%201251%20596&#39;%2F%3E\" data-czlz data-src=\"https:\/\/www.lasercleaner.tech\/wp-content\/uploads\/2024\/10\/\u5fae\u4fe1\u56fe\u7247_20240603174710.jpg\" class=\"vc_single_image-img attachment-full\" alt=\"3d laser engraving\" title=\"\u5fae\u4fe1\u56fe\u7247_20240603174710\" data-srcset=\"https:\/\/www.lasercleaner.tech\/wp-content\/uploads\/2024\/10\/\u5fae\u4fe1\u56fe\u7247_20240603174710.jpg 1251w, https:\/\/www.lasercleaner.tech\/wp-content\/uploads\/2024\/10\/\u5fae\u4fe1\u56fe\u7247_20240603174710-300x143.jpg 300w, https:\/\/www.lasercleaner.tech\/wp-content\/uploads\/2024\/10\/\u5fae\u4fe1\u56fe\u7247_20240603174710-1024x488.jpg 1024w, https:\/\/www.lasercleaner.tech\/wp-content\/uploads\/2024\/10\/\u5fae\u4fe1\u56fe\u7247_20240603174710-768x366.jpg 768w, https:\/\/www.lasercleaner.tech\/wp-content\/uploads\/2024\/10\/\u5fae\u4fe1\u56fe\u7247_20240603174710-600x286.jpg 600w, https:\/\/www.lasercleaner.tech\/wp-content\/uploads\/2024\/10\/\u5fae\u4fe1\u56fe\u7247_20240603174710-1000x476.jpg 1000w\" data-sizes=\"(max-width: 1251px) 100vw, 1251px\" \/><\/div>\n\t\t<\/figure>\n\t<\/div>\n<\/div><\/div><\/div><\/div><div class=\"vc_row wpb_row vc_row-fluid\"><div class=\"wpb_column vc_column_container vc_col-sm-12\"><div class=\"vc_column-inner\"><div class=\"wpb_wrapper\">\n\t<div class=\"wpb_text_column wpb_content_element\" >\n\t\t<div class=\"wpb_wrapper\">\n\t\t\t<h3>How to Choose the Right Pulse Laser Cleaning Machine<\/h3>\n<p>Choosing the right pulse laser cleaning machine will be important for your business, how to make sure the machine meets your specific needs. Here\u2019s a guide to help you make an informed decision:<\/p>\n<ol>\n<li><strong>Compatibilidade de materiais<\/strong>: Determine the types of materials you plan to cleaning (e.g., rust, painting,\u00a0 on metal wood, acrylic, etc). Ensure that the machine you choose can handle these materials effectively.<\/li>\n<li><strong>Laser Type<\/strong>: Different laser types 2mj, 5mj and 15mj, different laser different result.<\/li>\n<li><strong>Work Area Size<\/strong>: Assess the size of the cleaning area based on the projects you plan to undertake. Ensure the machine has an adequate working area for your items. choose Right F-theta lens, pls ask our sales about this.<\/li>\n<li><strong>Facilidade de uso<\/strong>: Look for machines with user-friendly software that allows for easy design and operation.<\/li>\n<li><strong>Suporte ao cliente e garantia<\/strong>: Pesquise as op\u00e7\u00f5es de suporte do fabricante e a garantia oferecida. Um servi\u00e7o de atendimento ao cliente confi\u00e1vel pode ser crucial para a solu\u00e7\u00e3o de problemas e a manuten\u00e7\u00e3o.<\/li>\n<\/ol>\n\n\t\t<\/div>\n\t<\/div>\n<\/div><\/div><\/div><\/div><div class=\"vc_row wpb_row vc_row-fluid\"><div class=\"wpb_column vc_column_container vc_col-sm-12\"><div class=\"vc_column-inner\"><div class=\"wpb_wrapper\">\n\t<div class=\"wpb_text_column wpb_content_element\" >\n\t\t<div class=\"wpb_wrapper\">\n\t\t\t<p>Voc\u00ea pode encontrar mais coment\u00e1rios de clientes no canal do youtube da BOGONG.<\/p>\n\n\t\t<\/div>\n\t<\/div>\n<\/div><\/div><\/div><\/div><div class=\"vc_row wpb_row vc_row-fluid\"><div class=\"wpb_column vc_column_container vc_col-sm-12\"><div class=\"vc_column-inner\"><div class=\"wpb_wrapper\">\n\t<div class=\"wpb_text_column wpb_content_element\" >\n\t\t<div class=\"wpb_wrapper\">\n\t\t\t<p>Condi\u00e7\u00f5es de pagamento<\/p>\n<p>1. Dep\u00f3sito e saldo: Um dep\u00f3sito de 30% T\/T \u00e9 exigido antecipadamente, com o saldo devido antes do envio.<\/p>\n<p>2. Garantia de com\u00e9rcio do Alibaba: Os pagamentos podem ser processados por meio do Alibaba Trade Assurance.<\/p>\n<p>FAQs for the 3D Fiber Laser Metal Engraver Cutter<\/p>\n<p>What Is the Packaging for the 3d Fiber Laser Marking Machine?<br \/>\nNossas m\u00e1quinas s\u00e3o embaladas em uma configura\u00e7\u00e3o de tr\u00eas camadas. A camada externa consiste em um engradado de madeira, a camada intermedi\u00e1ria apresenta estofamento de espuma para proteger contra trepida\u00e7\u00f5es e a camada interna inclui um saco pl\u00e1stico grosso para impermeabiliza\u00e7\u00e3o.<\/p>\n<p>O pacote ser\u00e1 danificado durante o transporte?<br \/>\nProjetamos meticulosamente nossas embalagens para lidar com todos os fatores de poss\u00edveis danos, e nossos agentes de transporte t\u00eam experi\u00eancia em transporte seguro. J\u00e1 exportamos com sucesso para 180 pa\u00edses, portanto, voc\u00ea pode ter certeza de que sua encomenda chegar\u00e1 em excelentes condi\u00e7\u00f5es.<\/p>\n\n\t\t<\/div>\n\t<\/div>\n<\/div><\/div><\/div><\/div><div class=\"vc_row wpb_row vc_row-fluid\"><div class=\"wpb_column vc_column_container vc_col-sm-12\"><div class=\"vc_column-inner\"><div class=\"wpb_wrapper\">\n\t<div  class=\"wpb_single_image wpb_content_element vc_align_left wpb_content_element\">\n\t\t\n\t\t<figure class=\"wpb_wrapper vc_figure\">\n\t\t\t<div class=\"vc_single_image-wrapper   vc_box_border_grey\"><img decoding=\"async\" width=\"800\" height=\"600\" src=\"data:image\/svg+xml,%3Csvg%20xmlns%3D&#39;http%3A%2F%2Fwww.w3.org%2F2000%2Fsvg&#39;%20width=&#39;800&#39;%20height=&#39;600&#39;%20viewBox%3D&#39;0%200%20800%20600&#39;%2F%3E\" data-czlz data-src=\"https:\/\/www.lasercleaner.tech\/wp-content\/uploads\/2024\/10\/mini-laser-machine.jpg\" class=\"vc_single_image-img attachment-full\" alt=\"\" title=\"mini laser machine\" data-srcset=\"https:\/\/www.lasercleaner.tech\/wp-content\/uploads\/2024\/10\/mini-laser-machine.jpg 800w, https:\/\/www.lasercleaner.tech\/wp-content\/uploads\/2024\/10\/mini-laser-machine-300x225.jpg 300w, https:\/\/www.lasercleaner.tech\/wp-content\/uploads\/2024\/10\/mini-laser-machine-768x576.jpg 768w, https:\/\/www.lasercleaner.tech\/wp-content\/uploads\/2024\/10\/mini-laser-machine-600x450.jpg 600w\" data-sizes=\"(max-width: 800px) 100vw, 800px\" \/><\/div>\n\t\t<\/figure>\n\t<\/div>\n<\/div><\/div><\/div><\/div><div class=\"vc_row wpb_row vc_row-fluid\"><div class=\"wpb_column vc_column_container vc_col-sm-12\"><div class=\"vc_column-inner\"><div class=\"wpb_wrapper\">\n\t<div  class=\"wpb_single_image wpb_content_element vc_align_left wpb_content_element\">\n\t\t\n\t\t<figure class=\"wpb_wrapper vc_figure\">\n\t\t\t<div class=\"vc_single_image-wrapper   vc_box_border_grey\"><img decoding=\"async\" width=\"750\" height=\"1097\" src=\"data:image\/svg+xml,%3Csvg%20xmlns%3D&#39;http%3A%2F%2Fwww.w3.org%2F2000%2Fsvg&#39;%20width=&#39;750&#39;%20height=&#39;1097&#39;%20viewBox%3D&#39;0%200%20750%201097&#39;%2F%3E\" data-czlz data-src=\"https:\/\/www.lasercleaner.tech\/wp-content\/uploads\/2024\/10\/H41131e375dda4bdf9d9810daf4bf77a8M.jpg\" class=\"vc_single_image-img attachment-full\" alt=\"Packge BOGONG\" title=\"\" data-srcset=\"https:\/\/www.lasercleaner.tech\/wp-content\/uploads\/2024\/10\/H41131e375dda4bdf9d9810daf4bf77a8M.jpg 750w, https:\/\/www.lasercleaner.tech\/wp-content\/uploads\/2024\/10\/H41131e375dda4bdf9d9810daf4bf77a8M-205x300.jpg 205w, https:\/\/www.lasercleaner.tech\/wp-content\/uploads\/2024\/10\/H41131e375dda4bdf9d9810daf4bf77a8M-700x1024.jpg 700w, https:\/\/www.lasercleaner.tech\/wp-content\/uploads\/2024\/10\/H41131e375dda4bdf9d9810daf4bf77a8M-600x878.jpg 600w\" data-sizes=\"(max-width: 750px) 100vw, 750px\" \/><\/div>\n\t\t<\/figure>\n\t<\/div>\n<\/div><\/div><\/div><\/div><div class=\"vc_row wpb_row vc_row-fluid\"><div class=\"wpb_column vc_column_container vc_col-sm-12\"><div class=\"vc_column-inner\"><div class=\"wpb_wrapper\">\n\t<div class=\"wpb_text_column wpb_content_element\" >\n\t\t<div class=\"wpb_wrapper\">\n\t\t\t<p>Most of customers like choose transport by UPS\/DHL express, it can arrive at destination about 5-7 days, contact with BOGONG to get more detail about fiber laser metal engraver for silver brass gold copper.<\/p>\n\n\t\t<\/div>\n\t<\/div>\n<\/div><\/div><\/div><\/div>\n<\/div>","protected":false},"excerpt":{"rendered":"<h2>200W Pulse Laser Cleaning Machine<\/h2>\n<p>BOGONG 200W Pulse laser cleaning machine with &#8230; <\/p>","protected":false},"featured_media":1741,"template":"","meta":[],"product_brand":[],"product_cat":[94],"product_tag":[101,100],"class_list":{"0":"post-1746","1":"product","2":"type-product","3":"status-publish","4":"has-post-thumbnail","6":"product_cat-laser-cleaning-machine","7":"product_tag-laser-cleaner","8":"product_tag-laser-cleaning-machine","10":"first","11":"instock","12":"shipping-taxable","13":"product-type-simple"},"_links":{"self":[{"href":"https:\/\/www.lasercleaner.tech\/pt\/wp-json\/wp\/v2\/product\/1746","targetHints":{"allow":["GET"]}}],"collection":[{"href":"https:\/\/www.lasercleaner.tech\/pt\/wp-json\/wp\/v2\/product"}],"about":[{"href":"https:\/\/www.lasercleaner.tech\/pt\/wp-json\/wp\/v2\/types\/product"}],"wp:featuredmedia":[{"embeddable":true,"href":"https:\/\/www.lasercleaner.tech\/pt\/wp-json\/wp\/v2\/media\/1741"}],"wp:attachment":[{"href":"https:\/\/www.lasercleaner.tech\/pt\/wp-json\/wp\/v2\/media?parent=1746"}],"wp:term":[{"taxonomy":"product_brand","embeddable":true,"href":"https:\/\/www.lasercleaner.tech\/pt\/wp-json\/wp\/v2\/product_brand?post=1746"},{"taxonomy":"product_cat","embeddable":true,"href":"https:\/\/www.lasercleaner.tech\/pt\/wp-json\/wp\/v2\/product_cat?post=1746"},{"taxonomy":"product_tag","embeddable":true,"href":"https:\/\/www.lasercleaner.tech\/pt\/wp-json\/wp\/v2\/product_tag?post=1746"}],"curies":[{"name":"wp","href":"https:\/\/api.w.org\/{rel}","templated":true}]}}