{"id":2068,"date":"2024-12-02T14:56:57","date_gmt":"2024-12-02T06:56:57","guid":{"rendered":"https:\/\/bogonglaser.com\/?page_id=2068"},"modified":"2024-12-02T15:13:03","modified_gmt":"2024-12-02T07:13:03","slug":"uv-laser-marking-machine-copy","status":"publish","type":"page","link":"https:\/\/www.lasercleaner.tech\/pt\/laser-marking-machine\/uv-laser-marking-machine-copy\/","title":{"rendered":"M\u00e1quina de marca\u00e7\u00e3o a laser UV"},"content":{"rendered":"<div class=\"wpb-content-wrapper\"><div class=\"vc_row wpb_row vc_row-fluid\"><div class=\"wpb_column vc_column_container vc_col-sm-12\"><div class=\"vc_column-inner\"><div class=\"wpb_wrapper\">\n\t<div class=\"wpb_text_column wpb_content_element\" >\n\t\t<div class=\"wpb_wrapper\">\n\t\t\t<h1>M\u00e1quina de marca\u00e7\u00e3o a laser UV<\/h1>\n<p>A UV laser is a type of laser that employs ultraviolet light to mark materials by means of heat absorption.<\/p>\n<p>Initially, a 1064 nm laser is converted into a 355 nm laser using 2 crystals. The 355 nm beam then disrupts bonds directly through a process called photolytic degradation. This technique is referred to as \u201ccold marking\u201d because it avoids burning the surface and minimizes heat stress.<\/p>\n\n\t\t<\/div>\n\t<\/div>\n\n\t<div class=\"wpb_video_widget wpb_content_element vc_clearfix   vc_video-aspect-ratio-169 vc_video-el-width-80 vc_video-align-left\" >\n\t\t<div class=\"wpb_wrapper\">\n\t\t\t\n\t\t\t<div class=\"wpb_video_wrapper\"><iframe title=\"3W 5W UV LASER ENGRAVING MACHINE | UV LASER MARKING MACHINE With JPT UV LASER SOURCE\" width=\"500\" height=\"281\" src=\"https:\/\/www.youtube.com\/embed\/vAb60rk80h0?feature=oembed\" frameborder=\"0\" allow=\"accelerometer; autoplay; clipboard-write; encrypted-media; gyroscope; picture-in-picture; web-share\" referrerpolicy=\"strict-origin-when-cross-origin\" allowfullscreen><\/iframe><\/div>\n\t\t<\/div>\n\t<\/div>\n<\/div><\/div><\/div><\/div><div class=\"vc_row wpb_row vc_row-fluid\"><div class=\"wpb_column vc_column_container vc_col-sm-12\"><div class=\"vc_column-inner\"><div class=\"wpb_wrapper\"><div class=\"vc_separator wpb_content_element vc_separator_align_center vc_sep_width_100 vc_sep_pos_align_center vc_sep_color_grey wpb_content_element vc_separator-has-text\" ><span class=\"vc_sep_holder vc_sep_holder_l\"><span class=\"vc_sep_line\"><\/span><\/span><h4>Why UV laser ?<\/h4><span class=\"vc_sep_holder vc_sep_holder_r\"><span class=\"vc_sep_line\"><\/span><\/span>\n<\/div>\n\t<div class=\"wpb_text_column wpb_content_element\" >\n\t\t<div class=\"wpb_wrapper\">\n\t\t\t<p>Damage-Free Marks<br \/>\nUV lasers directly disrupt bonds, resulting in minimal heat stress during the marking process. As a result, there is no residue, burrs, or yellow tint left on the marked materials.<\/p>\n\n\t\t<\/div>\n\t<\/div>\n<\/div><\/div><\/div><\/div><div class=\"vc_row wpb_row vc_row-fluid vc_custom_1729660184700 vc_row-has-fill\"><div class=\"wpb_column vc_column_container vc_col-sm-12\"><div class=\"vc_column-inner\"><div class=\"wpb_wrapper\">\n\t<div class=\"wpb_text_column wpb_content_element vc_custom_1733122930508\" >\n\t\t<div class=\"wpb_wrapper\">\n\t\t\t<p style=\"text-align: center;\"><span style=\"background-color: #aaaaaa;\"><strong><span style=\"font-family: 'Arial Black'; color: #ffffff; font-size: 17px; background-color: #aaaaaa;\">UV LASER MARKING MACHINE<\/span><\/strong><\/span><\/p>\n\n\t\t<\/div>\n\t<\/div>\n<\/div><\/div><\/div><\/div><div class=\"vc_row wpb_row vc_row-fluid vc_custom_1729684837878\"><div class=\"wpb_column vc_column_container vc_col-sm-6\"><div class=\"vc_column-inner\"><div class=\"wpb_wrapper\">\n\t<div class=\"wpb_video_widget wpb_content_element vc_clearfix   vc_video-aspect-ratio-169 vc_video-el-width-100 vc_video-align-left\" >\n\t\t<div class=\"wpb_wrapper\">\n\t\t\t\n\t\t\t<div class=\"wpb_video_wrapper\"><iframe title=\"What Can a UV Laser Marking Machine DO? | 3W 5W UV Laser Engraver for Glass, Plastic, Metal, Wood\" width=\"500\" height=\"281\" src=\"https:\/\/www.youtube.com\/embed\/k6YXJUzM-cc?feature=oembed\" frameborder=\"0\" allow=\"accelerometer; autoplay; clipboard-write; encrypted-media; gyroscope; picture-in-picture; web-share\" referrerpolicy=\"strict-origin-when-cross-origin\" allowfullscreen><\/iframe><\/div>\n\t\t<\/div>\n\t<\/div>\n<\/div><\/div><\/div><div class=\"wpb_column vc_column_container vc_col-sm-6\"><div class=\"vc_column-inner\"><div class=\"wpb_wrapper\">\n\t<div class=\"wpb_text_column wpb_content_element\" >\n\t\t<div class=\"wpb_wrapper\">\n\t\t\t<p>Easy Marking on Sensitive Materials<br \/>\nBecause UV lasers use absorption rather than heat for marking, they can effectively mark heat-sensitive materials that may be damaged by high-powered lasers. Some examples of heat-sensitive materials that a UV laser can mark include:<\/p>\n<p>&#8211; Cartons<br \/>\n&#8211; Rubber<br \/>\n&#8211; Resin<br \/>\n&#8211; Bag film<\/p>\n\n\t\t<\/div>\n\t<\/div>\n<\/div><\/div><\/div><\/div><div class=\"vc_row wpb_row vc_row-fluid\"><div class=\"wpb_column vc_column_container vc_col-sm-12\"><div class=\"vc_column-inner\"><div class=\"wpb_wrapper\"><div class=\"woocommerce columns-4\"><ul class=\"products columns-4\">\n<li class=\"product type-product post-2129 status-publish first instock product_cat-laser-engraving-machine product_cat-uv-laser-marking-machine product_tag-3d-laser-marking-machine product_tag-laser-marking-machine product_tag-uv-laser-marking-machine has-post-thumbnail shipping-taxable product-type-simple cz_image cz_image_zoom_in\">\n\t<a href=\"https:\/\/www.lasercleaner.tech\/pt\/produto\/3d-uv-laser-marking-machine-2\/\" class=\"woocommerce-LoopProduct-link woocommerce-loop-product__link\"><div class=\"xtra-product-thumbnail\"><div class=\"cz_image_in\"><div class=\"cz_main_image\"><img decoding=\"async\" width=\"600\" height=\"600\" src=\"data:image\/svg+xml,%3Csvg%20xmlns%3D&#39;http%3A%2F%2Fwww.w3.org%2F2000%2Fsvg&#39;%20width=&#39;600&#39;%20height=&#39;600&#39;%20viewBox%3D&#39;0%200%20600%20600&#39;%2F%3E\" data-czlz data-src=\"https:\/\/www.lasercleaner.tech\/wp-content\/uploads\/2024\/12\/3duv\u6253\u6807\u673a2-1.png\" class=\"attachment-woocommerce_thumbnail size-woocommerce_thumbnail\" alt=\"3D UV Laser Marking Machine\" data-data-srcset=\"https:\/\/www.lasercleaner.tech\/wp-content\/uploads\/2024\/12\/3duv\u6253\u6807\u673a2-1.png 600w, https:\/\/www.lasercleaner.tech\/wp-content\/uploads\/2024\/12\/3duv\u6253\u6807\u673a2-1-300x300.png 300w, https:\/\/www.lasercleaner.tech\/wp-content\/uploads\/2024\/12\/3duv\u6253\u6807\u673a2-1-150x150.png 150w, https:\/\/www.lasercleaner.tech\/wp-content\/uploads\/2024\/12\/3duv\u6253\u6807\u673a2-1-100x100.png 100w\" data-data-sizes=\"(max-width: 600px) 100vw, 600px\" \/><\/div><div class=\"cz_hover_image\"><img decoding=\"async\" width=\"600\" height=\"600\" src=\"data:image\/svg+xml,%3Csvg%20xmlns%3D&#39;http%3A%2F%2Fwww.w3.org%2F2000%2Fsvg&#39;%20width=&#39;600&#39;%20height=&#39;600&#39;%20viewBox%3D&#39;0%200%20600%20600&#39;%2F%3E\" data-czlz data-src=\"https:\/\/www.lasercleaner.tech\/wp-content\/uploads\/2024\/12\/3duv\u6253\u6807\u673a1-2.png\" class=\"attachment-woocommerce_thumbnail\" alt=\"\" title=\"3duv\u6253\u6807\u673a1 (2)\" data-data-srcset=\"https:\/\/www.lasercleaner.tech\/wp-content\/uploads\/2024\/12\/3duv\u6253\u6807\u673a1-2.png 600w, https:\/\/www.lasercleaner.tech\/wp-content\/uploads\/2024\/12\/3duv\u6253\u6807\u673a1-2-300x300.png 300w, https:\/\/www.lasercleaner.tech\/wp-content\/uploads\/2024\/12\/3duv\u6253\u6807\u673a1-2-150x150.png 150w, https:\/\/www.lasercleaner.tech\/wp-content\/uploads\/2024\/12\/3duv\u6253\u6807\u673a1-2-100x100.png 100w\" data-data-sizes=\"(max-width: 600px) 100vw, 600px\" \/><\/div><\/div><\/div><h2 class=\"woocommerce-loop-product__title\">M\u00e1quina de marca\u00e7\u00e3o a laser UV 3D<\/h2>\n<\/a><a href=\"https:\/\/www.lasercleaner.tech\/pt\/produto\/3d-uv-laser-marking-machine-2\/\" aria-describedby=\"woocommerce_loop_add_to_cart_link_describedby_2129\" data-quantity=\"1\" class=\"button product_type_simple\" data-product_id=\"2129\" data-product_sku=\"\" aria-label=\"Leia mais sobre \u201c3D UV Laser Marking Machine\u201d\" rel=\"nofollow\" data-success_message=\"\" data-no-translation=\"\" data-trp-gettext=\"\" data-no-translation-aria-label=\"\">Leia mais<\/a>\t<span id=\"woocommerce_loop_add_to_cart_link_describedby_2129\" class=\"screen-reader-text\">\n\t\t\t<\/span>\n<\/li>\n<li class=\"product type-product post-1774 status-publish instock product_cat-laser-engraving-machine product_cat-laser-marking-machine product_cat-uv-laser-marking-machine product_tag-laser-marking-machine has-post-thumbnail shipping-taxable product-type-simple cz_image cz_image_zoom_in\">\n\t<a href=\"https:\/\/www.lasercleaner.tech\/pt\/produto\/uv-laser-marking-machine\/\" class=\"woocommerce-LoopProduct-link woocommerce-loop-product__link\"><div class=\"xtra-product-thumbnail\"><div class=\"cz_image_in\"><div class=\"cz_main_image\"><img decoding=\"async\" width=\"600\" height=\"600\" src=\"data:image\/svg+xml,%3Csvg%20xmlns%3D&#39;http%3A%2F%2Fwww.w3.org%2F2000%2Fsvg&#39;%20width=&#39;600&#39;%20height=&#39;600&#39;%20viewBox%3D&#39;0%200%20600%20600&#39;%2F%3E\" data-czlz data-src=\"https:\/\/www.lasercleaner.tech\/wp-content\/uploads\/2024\/11\/2d-uv\u6253\u6807\u673a2-1.png\" class=\"attachment-woocommerce_thumbnail size-woocommerce_thumbnail\" alt=\"uv laser marking machine\" data-data-srcset=\"https:\/\/www.lasercleaner.tech\/wp-content\/uploads\/2024\/11\/2d-uv\u6253\u6807\u673a2-1.png 600w, https:\/\/www.lasercleaner.tech\/wp-content\/uploads\/2024\/11\/2d-uv\u6253\u6807\u673a2-1-300x300.png 300w, https:\/\/www.lasercleaner.tech\/wp-content\/uploads\/2024\/11\/2d-uv\u6253\u6807\u673a2-1-150x150.png 150w, https:\/\/www.lasercleaner.tech\/wp-content\/uploads\/2024\/11\/2d-uv\u6253\u6807\u673a2-1-100x100.png 100w\" data-data-sizes=\"(max-width: 600px) 100vw, 600px\" \/><\/div><div class=\"cz_hover_image\"><img decoding=\"async\" width=\"600\" height=\"600\" src=\"data:image\/svg+xml,%3Csvg%20xmlns%3D&#39;http%3A%2F%2Fwww.w3.org%2F2000%2Fsvg&#39;%20width=&#39;600&#39;%20height=&#39;600&#39;%20viewBox%3D&#39;0%200%20600%20600&#39;%2F%3E\" data-czlz data-src=\"https:\/\/www.lasercleaner.tech\/wp-content\/uploads\/2024\/11\/2d-uv\u6253\u6807\u673a3-1.png\" class=\"attachment-woocommerce_thumbnail\" alt=\"\" title=\"2d uv\u6253\u6807\u673a3 (1)\" data-data-srcset=\"https:\/\/www.lasercleaner.tech\/wp-content\/uploads\/2024\/11\/2d-uv\u6253\u6807\u673a3-1.png 600w, https:\/\/www.lasercleaner.tech\/wp-content\/uploads\/2024\/11\/2d-uv\u6253\u6807\u673a3-1-300x300.png 300w, https:\/\/www.lasercleaner.tech\/wp-content\/uploads\/2024\/11\/2d-uv\u6253\u6807\u673a3-1-150x150.png 150w, https:\/\/www.lasercleaner.tech\/wp-content\/uploads\/2024\/11\/2d-uv\u6253\u6807\u673a3-1-100x100.png 100w\" data-data-sizes=\"(max-width: 600px) 100vw, 600px\" \/><\/div><\/div><\/div><h2 class=\"woocommerce-loop-product__title\">M\u00e1quina de marca\u00e7\u00e3o a laser UV<\/h2>\n<\/a><a href=\"https:\/\/www.lasercleaner.tech\/pt\/produto\/uv-laser-marking-machine\/\" aria-describedby=\"woocommerce_loop_add_to_cart_link_describedby_1774\" data-quantity=\"1\" class=\"button product_type_simple\" data-product_id=\"1774\" data-product_sku=\"\" aria-label=\"Leia mais sobre \u201cUV Laser Marking Machine\u201d\" rel=\"nofollow\" data-success_message=\"\" data-no-translation=\"\" data-trp-gettext=\"\" data-no-translation-aria-label=\"\">Leia mais<\/a>\t<span id=\"woocommerce_loop_add_to_cart_link_describedby_1774\" class=\"screen-reader-text\">\n\t\t\t<\/span>\n<\/li>\n<\/ul>\n<\/div><\/div><\/div><\/div><\/div><div class=\"vc_row wpb_row vc_row-fluid vc_custom_1729665201674\"><div class=\"wpb_column vc_column_container vc_col-sm-12\"><div class=\"vc_column-inner\"><div class=\"wpb_wrapper\">\n\t<div class=\"wpb_text_column wpb_content_element\" >\n\t\t<div class=\"wpb_wrapper\">\n\t\t\t<h3>PICK YOUR PERFECT UV LASER MARKING MACHINE FOR BEGINNERS &amp; PROS<\/h3>\n\n\t\t<\/div>\n\t<\/div>\n<\/div><\/div><\/div><\/div><div class=\"vc_row wpb_row vc_row-fluid\"><div class=\"wpb_column vc_column_container vc_col-sm-12\"><div class=\"vc_column-inner\"><div class=\"wpb_wrapper\">\n\t<div class=\"wpb_text_column wpb_content_element\" >\n\t\t<div class=\"wpb_wrapper\">\n\t\t\t<p>UV Laser Applications vs. Fibre Laser Applications<br \/>\nUV lasers do not depend on heat for marking, allowing them to flawlessly mark heat-sensitive materials without causing damage. In contrast, fibre lasers use heat, which limits their ability to mark heat-sensitive materials without damaging them. However, fibre lasers are often more effective for marking certain metals, such as iron, due to their high output, which creates a strong contrast.<\/p>\n\n\t\t<\/div>\n\t<\/div>\n<\/div><\/div><\/div><\/div><div class=\"vc_row wpb_row vc_row-fluid\"><div class=\"wpb_column vc_column_container vc_col-sm-12\"><div class=\"vc_column-inner\"><div class=\"wpb_wrapper\">\n\t<div class=\"wpb_text_column wpb_content_element\" >\n\t\t<div class=\"wpb_wrapper\">\n\t\t\t<p><strong>Which Laser Marking Machine is perfect marking on glass bottle?<\/strong><\/p>\n\n\t\t<\/div>\n\t<\/div>\n\n\t<div class=\"wpb_video_widget wpb_content_element vc_clearfix   vc_video-aspect-ratio-169 vc_video-el-width-80 vc_video-align-left\" >\n\t\t<div class=\"wpb_wrapper\">\n\t\t\t\n\t\t\t<div class=\"wpb_video_wrapper\"><iframe title=\"M\u00e1quina de grava\u00e7\u00e3o e marca\u00e7\u00e3o a laser para vidro | Marcador a laser UV 3D\" width=\"500\" height=\"281\" src=\"https:\/\/www.youtube.com\/embed\/F-M4iF703pw?feature=oembed\" frameborder=\"0\" allow=\"accelerometer; autoplay; clipboard-write; encrypted-media; gyroscope; picture-in-picture; web-share\" referrerpolicy=\"strict-origin-when-cross-origin\" allowfullscreen><\/iframe><\/div>\n\t\t<\/div>\n\t<\/div>\n<\/div><\/div><\/div><\/div><div class=\"vc_row wpb_row vc_row-fluid\"><div class=\"wpb_column vc_column_container vc_col-sm-12\"><div class=\"vc_column-inner\"><div class=\"wpb_wrapper\"><div class=\"vc_separator wpb_content_element vc_separator_align_center vc_sep_width_100 vc_sep_pos_align_center vc_sep_color_grey wpb_content_element vc_separator-has-text\" ><span class=\"vc_sep_holder vc_sep_holder_l\"><span class=\"vc_sep_line\"><\/span><\/span><h4>Customers Feedback after purchased BOGONG machine<\/h4><span class=\"vc_sep_holder vc_sep_holder_r\"><span class=\"vc_sep_line\"><\/span><\/span>\n<\/div><\/div><\/div><\/div><\/div><div class=\"vc_row wpb_row vc_row-fluid\"><div class=\"wpb_column vc_column_container vc_col-sm-3\"><div class=\"vc_column-inner\"><div class=\"wpb_wrapper\">\n\t<div class=\"wpb_video_widget wpb_content_element vc_clearfix   vc_video-aspect-ratio-169 vc_video-el-width-100 vc_video-align-left\" >\n\t\t<div class=\"wpb_wrapper\">\n\t\t\t\n\t\t\t<div class=\"wpb_video_wrapper\"><iframe title=\"ELE GOSTA DE M\u00c1QUINA DE GRAVA\u00c7\u00c3O A LASER 3D BOGONG | MELHOR M\u00c1QUINA DE GRAVA\u00c7\u00c3O A LASER 3D DA CHINA PARA VENDA\" width=\"500\" height=\"281\" src=\"https:\/\/www.youtube.com\/embed\/aoAF09vq8LE?feature=oembed\" frameborder=\"0\" allow=\"accelerometer; autoplay; clipboard-write; encrypted-media; gyroscope; picture-in-picture; web-share\" referrerpolicy=\"strict-origin-when-cross-origin\" allowfullscreen><\/iframe><\/div>\n\t\t<\/div>\n\t<\/div>\n<\/div><\/div><\/div><div class=\"wpb_column vc_column_container vc_col-sm-3\"><div class=\"vc_column-inner\"><div class=\"wpb_wrapper\">\n\t<div class=\"wpb_video_widget wpb_content_element vc_clearfix   vc_video-aspect-ratio-169 vc_video-el-width-100 vc_video-align-left\" >\n\t\t<div class=\"wpb_wrapper\">\n\t\t\t\n\t\t\t<div class=\"wpb_video_wrapper\"><iframe title=\"O que voc\u00ea acha do gravador a laser 3D da BOGONG? | Cliente da \u00cdndia visitou a BOGONG e comprou o gravador a laser 3D\" width=\"500\" height=\"281\" src=\"https:\/\/www.youtube.com\/embed\/bq8eli66vTM?feature=oembed\" frameborder=\"0\" allow=\"accelerometer; autoplay; clipboard-write; encrypted-media; gyroscope; picture-in-picture; web-share\" referrerpolicy=\"strict-origin-when-cross-origin\" allowfullscreen><\/iframe><\/div>\n\t\t<\/div>\n\t<\/div>\n<\/div><\/div><\/div><div class=\"wpb_column vc_column_container vc_col-sm-3\"><div class=\"vc_column-inner\"><div class=\"wpb_wrapper\">\n\t<div class=\"wpb_video_widget wpb_content_element vc_clearfix   vc_video-aspect-ratio-169 vc_video-el-width-100 vc_video-align-left\" >\n\t\t<div class=\"wpb_wrapper\">\n\t\t\t\n\t\t\t<div class=\"wpb_video_wrapper\"><iframe title=\"BOGONG Buyer&#039;s Feedback Fiber Laser Engraving Machine | how about BOGONG CNC\" width=\"500\" height=\"281\" src=\"https:\/\/www.youtube.com\/embed\/S90BrJfNo7o?feature=oembed\" frameborder=\"0\" allow=\"accelerometer; autoplay; clipboard-write; encrypted-media; gyroscope; picture-in-picture; web-share\" referrerpolicy=\"strict-origin-when-cross-origin\" allowfullscreen><\/iframe><\/div>\n\t\t<\/div>\n\t<\/div>\n<\/div><\/div><\/div><div class=\"wpb_column vc_column_container vc_col-sm-3\"><div class=\"vc_column-inner\"><div class=\"wpb_wrapper\">\n\t<div class=\"wpb_video_widget wpb_content_element vc_clearfix   vc_video-aspect-ratio-169 vc_video-el-width-100 vc_video-align-left\" >\n\t\t<div class=\"wpb_wrapper\">\n\t\t\t\n\t\t\t<div class=\"wpb_video_wrapper\"><iframe title=\"America User High Recommend BOGONG Laser Engraver Machine to you | Best Laser Engraving Machine\" width=\"500\" height=\"281\" src=\"https:\/\/www.youtube.com\/embed\/unDhY2sA8h4?feature=oembed\" frameborder=\"0\" allow=\"accelerometer; autoplay; clipboard-write; encrypted-media; gyroscope; picture-in-picture; web-share\" referrerpolicy=\"strict-origin-when-cross-origin\" allowfullscreen><\/iframe><\/div>\n\t\t<\/div>\n\t<\/div>\n<\/div><\/div><\/div><\/div><div class=\"vc_row wpb_row vc_row-fluid\"><div class=\"wpb_column vc_column_container vc_col-sm-3\"><div class=\"vc_column-inner\"><div class=\"wpb_wrapper\">\n\t<div class=\"wpb_video_widget wpb_content_element vc_clearfix   vc_video-aspect-ratio-169 vc_video-el-width-100 vc_video-align-left\" >\n\t\t<div class=\"wpb_wrapper\">\n\t\t\t\n\t\t\t<div class=\"wpb_video_wrapper\"><iframe title=\"America User&#039;s Review about BOGONG LASER ENGRAVING CUTTING MACHINE | Best Laser Engraver Cutter\" width=\"500\" height=\"281\" src=\"https:\/\/www.youtube.com\/embed\/v3INTmFdolI?feature=oembed\" frameborder=\"0\" allow=\"accelerometer; autoplay; clipboard-write; encrypted-media; gyroscope; picture-in-picture; web-share\" referrerpolicy=\"strict-origin-when-cross-origin\" allowfullscreen><\/iframe><\/div>\n\t\t<\/div>\n\t<\/div>\n<\/div><\/div><\/div><div class=\"wpb_column vc_column_container vc_col-sm-3\"><div class=\"vc_column-inner\"><div class=\"wpb_wrapper\">\n\t<div class=\"wpb_video_widget wpb_content_element vc_clearfix   vc_video-aspect-ratio-169 vc_video-el-width-100 vc_video-align-left\" >\n\t\t<div class=\"wpb_wrapper\">\n\t\t\t\n\t\t\t<div class=\"wpb_video_wrapper\"><iframe title=\"Grenada User&#039;s Feedback BOGONG Laser Engraving Cutting Machine | Best Jewellery Gold Silver Laser\" width=\"500\" height=\"281\" src=\"https:\/\/www.youtube.com\/embed\/Y25Z0xbP7ZQ?feature=oembed\" frameborder=\"0\" allow=\"accelerometer; autoplay; clipboard-write; encrypted-media; gyroscope; picture-in-picture; web-share\" referrerpolicy=\"strict-origin-when-cross-origin\" allowfullscreen><\/iframe><\/div>\n\t\t<\/div>\n\t<\/div>\n<\/div><\/div><\/div><div class=\"wpb_column vc_column_container vc_col-sm-3\"><div class=\"vc_column-inner\"><div class=\"wpb_wrapper\">\n\t<div class=\"wpb_video_widget wpb_content_element vc_clearfix   vc_video-aspect-ratio-169 vc_video-el-width-100 vc_video-align-left\" >\n\t\t<div class=\"wpb_wrapper\">\n\t\t\t\n\t\t\t<div class=\"wpb_video_wrapper\"><iframe title=\"He Purchased BOGONG Laser Engraver Cutter for Jewelry, What did he do\uff1f HOW IS LASER MACHINE WORKING?\" width=\"500\" height=\"281\" src=\"https:\/\/www.youtube.com\/embed\/OYi7giXXm38?feature=oembed\" frameborder=\"0\" allow=\"accelerometer; autoplay; clipboard-write; encrypted-media; gyroscope; picture-in-picture; web-share\" referrerpolicy=\"strict-origin-when-cross-origin\" allowfullscreen><\/iframe><\/div>\n\t\t<\/div>\n\t<\/div>\n<\/div><\/div><\/div><div class=\"wpb_column vc_column_container vc_col-sm-3\"><div class=\"vc_column-inner\"><div class=\"wpb_wrapper\">\n\t<div class=\"wpb_video_widget wpb_content_element vc_clearfix   vc_video-aspect-ratio-169 vc_video-el-width-100 vc_video-align-left\" >\n\t\t<div class=\"wpb_wrapper\">\n\t\t\t\n\t\t\t<div class=\"wpb_video_wrapper\"><iframe title=\"BOGONG CUSTOMERS FEEDBACK | HOW ABOUT BOGONG LASER MACHINE AND SERVICE?\" width=\"500\" height=\"281\" src=\"https:\/\/www.youtube.com\/embed\/sRnVVD3zG48?feature=oembed\" frameborder=\"0\" allow=\"accelerometer; autoplay; clipboard-write; encrypted-media; gyroscope; picture-in-picture; web-share\" referrerpolicy=\"strict-origin-when-cross-origin\" allowfullscreen><\/iframe><\/div>\n\t\t<\/div>\n\t<\/div>\n<\/div><\/div><\/div><\/div><div class=\"vc_row wpb_row vc_row-fluid\"><div class=\"wpb_column vc_column_container vc_col-sm-3\"><div class=\"vc_column-inner\"><div class=\"wpb_wrapper\">\n\t<div class=\"wpb_video_widget wpb_content_element vc_clearfix   vc_video-aspect-ratio-169 vc_video-el-width-100 vc_video-align-left\" >\n\t\t<div class=\"wpb_wrapper\">\n\t\t\t\n\t\t\t<div class=\"wpb_video_wrapper\"><iframe title=\"He Purchased BOGONG Laser Engraver  | AMERICA Buyer Got His Second Set Laser Marking Machine\" width=\"500\" height=\"281\" src=\"https:\/\/www.youtube.com\/embed\/X5r8d4Kxbg4?feature=oembed\" frameborder=\"0\" allow=\"accelerometer; autoplay; clipboard-write; encrypted-media; gyroscope; picture-in-picture; web-share\" referrerpolicy=\"strict-origin-when-cross-origin\" allowfullscreen><\/iframe><\/div>\n\t\t<\/div>\n\t<\/div>\n<\/div><\/div><\/div><div class=\"wpb_column vc_column_container vc_col-sm-3\"><div class=\"vc_column-inner\"><div class=\"wpb_wrapper\">\n\t<div class=\"wpb_video_widget wpb_content_element vc_clearfix   vc_video-aspect-ratio-169 vc_video-el-width-100 vc_video-align-left\" >\n\t\t<div class=\"wpb_wrapper\">\n\t\t\t\n\t\t\t<div class=\"wpb_video_wrapper\"><iframe title=\"BOGONG Laser Machine Arrived ! What he done in 3 hours by 3D dynamic laser marking engraving cutting\" width=\"500\" height=\"281\" src=\"https:\/\/www.youtube.com\/embed\/FArxOPoSy0U?feature=oembed\" frameborder=\"0\" allow=\"accelerometer; autoplay; clipboard-write; encrypted-media; gyroscope; picture-in-picture; web-share\" referrerpolicy=\"strict-origin-when-cross-origin\" allowfullscreen><\/iframe><\/div>\n\t\t<\/div>\n\t<\/div>\n<\/div><\/div><\/div><div class=\"wpb_column vc_column_container vc_col-sm-3\"><div class=\"vc_column-inner\"><div class=\"wpb_wrapper\">\n\t<div class=\"wpb_video_widget wpb_content_element vc_clearfix   vc_video-aspect-ratio-169 vc_video-el-width-100 vc_video-align-left\" >\n\t\t<div class=\"wpb_wrapper\">\n\t\t\t\n\t\t\t<div class=\"wpb_video_wrapper\"><iframe title=\"BOGONG Customer Experience Visiting BOGONG Company in China\" width=\"413\" height=\"310\" src=\"https:\/\/www.youtube.com\/embed\/EQ3ht2Ef1cc?feature=oembed\" frameborder=\"0\" allow=\"accelerometer; autoplay; clipboard-write; encrypted-media; gyroscope; picture-in-picture; web-share\" referrerpolicy=\"strict-origin-when-cross-origin\" allowfullscreen><\/iframe><\/div>\n\t\t<\/div>\n\t<\/div>\n<\/div><\/div><\/div><div class=\"wpb_column vc_column_container vc_col-sm-3\"><div class=\"vc_column-inner\"><div class=\"wpb_wrapper\">\n\t<div class=\"wpb_video_widget wpb_content_element vc_clearfix   vc_video-aspect-ratio-169 vc_video-el-width-100 vc_video-align-left\" >\n\t\t<div class=\"wpb_wrapper\">\n\t\t\t\n\t\t\t<div class=\"wpb_video_wrapper\"><iframe title=\"Unpacking BOGONG MOPA Fiber Laser Engraver | He got his Second BOGONG Fiber Laser Engraving Machine\" width=\"500\" height=\"281\" src=\"https:\/\/www.youtube.com\/embed\/yENnS0u-uic?feature=oembed\" frameborder=\"0\" allow=\"accelerometer; autoplay; clipboard-write; encrypted-media; gyroscope; picture-in-picture; web-share\" referrerpolicy=\"strict-origin-when-cross-origin\" allowfullscreen><\/iframe><\/div>\n\t\t<\/div>\n\t<\/div>\n<\/div><\/div><\/div><\/div>\n<\/div>","protected":false},"excerpt":{"rendered":"UV Laser Marking Machine A UV laser is a type of laser that employs ultraviolet light to mark materials by","protected":false},"author":1,"featured_media":0,"parent":1916,"menu_order":0,"comment_status":"closed","ping_status":"closed","template":"","meta":{"footnotes":""},"class_list":["post-2068","page","type-page","status-publish","hentry"],"_links":{"self":[{"href":"https:\/\/www.lasercleaner.tech\/pt\/wp-json\/wp\/v2\/pages\/2068","targetHints":{"allow":["GET"]}}],"collection":[{"href":"https:\/\/www.lasercleaner.tech\/pt\/wp-json\/wp\/v2\/pages"}],"about":[{"href":"https:\/\/www.lasercleaner.tech\/pt\/wp-json\/wp\/v2\/types\/page"}],"author":[{"embeddable":true,"href":"https:\/\/www.lasercleaner.tech\/pt\/wp-json\/wp\/v2\/users\/1"}],"replies":[{"embeddable":true,"href":"https:\/\/www.lasercleaner.tech\/pt\/wp-json\/wp\/v2\/comments?post=2068"}],"version-history":[{"count":0,"href":"https:\/\/www.lasercleaner.tech\/pt\/wp-json\/wp\/v2\/pages\/2068\/revisions"}],"up":[{"embeddable":true,"href":"https:\/\/www.lasercleaner.tech\/pt\/wp-json\/wp\/v2\/pages\/1916"}],"wp:attachment":[{"href":"https:\/\/www.lasercleaner.tech\/pt\/wp-json\/wp\/v2\/media?parent=2068"}],"curies":[{"name":"wp","href":"https:\/\/api.w.org\/{rel}","templated":true}]}}