{"id":2063,"date":"2024-12-02T14:35:38","date_gmt":"2024-12-02T06:35:38","guid":{"rendered":"https:\/\/bogonglaser.com\/?page_id=2063"},"modified":"2024-12-05T22:59:01","modified_gmt":"2024-12-05T14:59:01","slug":"co2-laser-marking-machine","status":"publish","type":"page","link":"https:\/\/www.lasercleaner.tech\/pt\/laser-marking-machine\/co2-laser-marking-machine\/","title":{"rendered":"M\u00e1quina de marca\u00e7\u00e3o a laser CO2"},"content":{"rendered":"<div class=\"wpb-content-wrapper\"><div class=\"vc_row wpb_row vc_row-fluid\"><div class=\"wpb_column vc_column_container vc_col-sm-12\"><div class=\"vc_column-inner\"><div class=\"wpb_wrapper\">\n\t<div class=\"wpb_text_column wpb_content_element\" >\n\t\t<div class=\"wpb_wrapper\">\n\t\t\t<h1>M\u00e1quina de marca\u00e7\u00e3o a laser CO2<\/h1>\n<p>CO\u2082 laser engravers are named for their use of CO\u2082 gas as the laser medium, wavelength is 10600nm, which means it relies heavily on heat, They operate by generating plasma from the CO\u2082 gas inside a tube, amplifying the light between a reflective mirror and an output coupler, and then emitting it as a laser beam. CO\u2082 laser engravers are excellent for removing material and are particularly effective for marking organic materials such as cardboard, plastic, glass, and wood.<\/p>\n\n\t\t<\/div>\n\t<\/div>\n<\/div><\/div><\/div><\/div><div class=\"vc_row wpb_row vc_row-fluid\"><div class=\"wpb_column vc_column_container vc_col-sm-12\"><div class=\"vc_column-inner\"><div class=\"wpb_wrapper\"><div class=\"vc_separator wpb_content_element vc_separator_align_center vc_sep_width_100 vc_sep_pos_align_center vc_sep_color_grey wpb_content_element vc_separator-has-text\" ><span class=\"vc_sep_holder vc_sep_holder_l\"><span class=\"vc_sep_line\"><\/span><\/span><h4>What are CO2 Laser Marking Machines?<\/h4><span class=\"vc_sep_holder vc_sep_holder_r\"><span class=\"vc_sep_line\"><\/span><\/span>\n<\/div>\n\t<div class=\"wpb_text_column wpb_content_element\" >\n\t\t<div class=\"wpb_wrapper\">\n\t\t\t<p>What is a CO2 Laser?<\/p>\n<p>CO2 lasers use CO2 gas as their medium, which is contained within a tube that has electrodes for electrical discharge. When an electrical discharge occurs, it creates plasma inside the gas, and the resulting light is amplified as it bounces back and forth between a fully reflective mirror and the output coupler. Eventually, this amplified light is emitted as a laser.<\/p>\n<p>CO2 laser markers have a wavelength that is ten times longer than that of traditional fibre systems. They excel at marking materials such as plastics, paper, resins, wood, rubber, and even transparent materials like glass and PET.<\/p>\n\n\t\t<\/div>\n\t<\/div>\n<\/div><\/div><\/div><\/div><div class=\"vc_row wpb_row vc_row-fluid vc_custom_1729660184700 vc_row-has-fill\"><div class=\"wpb_column vc_column_container vc_col-sm-12\"><div class=\"vc_column-inner\"><div class=\"wpb_wrapper\">\n\t<div class=\"wpb_text_column wpb_content_element vc_custom_1733410735451\" >\n\t\t<div class=\"wpb_wrapper\">\n\t\t\t<p style=\"text-align: center;\"><span style=\"background-color: #aaaaaa;\"><strong><span style=\"font-family: 'Arial Black'; color: #ffffff; font-size: 17px; background-color: #aaaaaa;\">CO2 LASER MARKING MACHINE<\/span><\/strong><\/span><\/p>\n\n\t\t<\/div>\n\t<\/div>\n<\/div><\/div><\/div><\/div><div class=\"vc_row wpb_row vc_row-fluid vc_custom_1729684837878\"><div class=\"wpb_column vc_column_container vc_col-sm-6\"><div class=\"vc_column-inner\"><div class=\"wpb_wrapper\">\n\t<div class=\"wpb_video_widget wpb_content_element vc_clearfix   vc_video-aspect-ratio-169 vc_video-el-width-80 vc_video-align-left\" >\n\t\t<div class=\"wpb_wrapper\">\n\t\t\t\n\t\t\t<div class=\"wpb_video_wrapper\"><iframe title=\"What can a CO2 Laser Marking Machine do?\" width=\"500\" height=\"281\" src=\"https:\/\/www.youtube.com\/embed\/RFstd3JMNEw?feature=oembed\" frameborder=\"0\" allow=\"accelerometer; autoplay; clipboard-write; encrypted-media; gyroscope; picture-in-picture; web-share\" referrerpolicy=\"strict-origin-when-cross-origin\" allowfullscreen><\/iframe><\/div>\n\t\t<\/div>\n\t<\/div>\n<\/div><\/div><\/div><div class=\"wpb_column vc_column_container vc_col-sm-6\"><div class=\"vc_column-inner\"><div class=\"wpb_wrapper\">\n\t<div class=\"wpb_text_column wpb_content_element\" >\n\t\t<div class=\"wpb_wrapper\">\n\t\t\t<p>The CO2 laser marking machine combines state-of-the-art galvanometer laser marking technology with an RF excited sealed CO2 laser.<\/p>\n<p>&#8211; The ergonomic desktop design enhances operator efficiency.<br \/>\n&#8211; Featuring a high-speed galvanometer, it offers marking speeds that are 30% faster than comparable products.<br \/>\n&#8211; It has a long lifespan and can operate continuously for 24 hours with minimal maintenance.<br \/>\n&#8211; The ezcad marking software includes a user-friendly interface, making it easy for operators to use without the need for constant adjustments.<br \/>\n&#8211; Custom machines can be tailored to meet specific customer requirements.<\/p>\n\n\t\t<\/div>\n\t<\/div>\n<\/div><\/div><\/div><\/div><div class=\"vc_row wpb_row vc_row-fluid\"><div class=\"wpb_column vc_column_container vc_col-sm-12\"><div class=\"vc_column-inner\"><div class=\"wpb_wrapper\"><div class=\"woocommerce columns-4\"><ul class=\"products columns-4\">\n<li class=\"product type-product post-1784 status-publish first instock product_cat-co2-laser-marker product_cat-laser-engraving-machine product_tag-laser-marking-machine has-post-thumbnail shipping-taxable product-type-simple\">\n\t<a href=\"https:\/\/www.lasercleaner.tech\/pt\/produto\/co2-laser-marking-machine\/\" class=\"woocommerce-LoopProduct-link woocommerce-loop-product__link\"><div class=\"xtra-product-thumbnail\"><img decoding=\"async\" width=\"600\" height=\"600\" src=\"data:image\/svg+xml,%3Csvg%20xmlns%3D&#39;http%3A%2F%2Fwww.w3.org%2F2000%2Fsvg&#39;%20width=&#39;600&#39;%20height=&#39;600&#39;%20viewBox%3D&#39;0%200%20600%20600&#39;%2F%3E\" data-czlz data-src=\"https:\/\/www.lasercleaner.tech\/wp-content\/uploads\/2024\/11\/06AB8DE256811849694156AA5F899172.png\" class=\"attachment-woocommerce_thumbnail size-woocommerce_thumbnail\" alt=\"CO2 laser marking machine\" data-data-srcset=\"https:\/\/www.lasercleaner.tech\/wp-content\/uploads\/2024\/11\/06AB8DE256811849694156AA5F899172.png 600w, https:\/\/www.lasercleaner.tech\/wp-content\/uploads\/2024\/11\/06AB8DE256811849694156AA5F899172-300x300.png 300w, https:\/\/www.lasercleaner.tech\/wp-content\/uploads\/2024\/11\/06AB8DE256811849694156AA5F899172-150x150.png 150w, https:\/\/www.lasercleaner.tech\/wp-content\/uploads\/2024\/11\/06AB8DE256811849694156AA5F899172-100x100.png 100w\" data-data-sizes=\"(max-width: 600px) 100vw, 600px\" \/><\/div><h2 class=\"woocommerce-loop-product__title\">M\u00e1quina de marca\u00e7\u00e3o a laser CO2<\/h2>\n<\/a><a href=\"https:\/\/www.lasercleaner.tech\/pt\/produto\/co2-laser-marking-machine\/\" aria-describedby=\"woocommerce_loop_add_to_cart_link_describedby_1784\" data-quantity=\"1\" class=\"button product_type_simple\" data-product_id=\"1784\" data-product_sku=\"\" aria-label=\"Leia mais sobre \u201cCO2 Laser Marking Machine\u201d\" rel=\"nofollow\" data-success_message=\"\" data-no-translation=\"\" data-trp-gettext=\"\" data-no-translation-aria-label=\"\">Leia mais<\/a>\t<span id=\"woocommerce_loop_add_to_cart_link_describedby_1784\" class=\"screen-reader-text\">\n\t\t\t<\/span>\n<\/li>\n<\/ul>\n<\/div><\/div><\/div><\/div><\/div><div class=\"vc_row wpb_row vc_row-fluid vc_custom_1729665201674\"><div class=\"wpb_column vc_column_container vc_col-sm-12\"><div class=\"vc_column-inner\"><div class=\"wpb_wrapper\">\n\t<div class=\"wpb_text_column wpb_content_element\" >\n\t\t<div class=\"wpb_wrapper\">\n\t\t\t<h3>PICK YOUR PERFECT CO2 LASER MARKING MACHINE FOR BEGINNERS &amp; PROS<\/h3>\n\n\t\t<\/div>\n\t<\/div>\n<\/div><\/div><\/div><\/div><div class=\"vc_row wpb_row vc_row-fluid\"><div class=\"wpb_column vc_column_container vc_col-sm-12\"><div class=\"vc_column-inner\"><div class=\"wpb_wrapper\">\n\t<div class=\"wpb_text_column wpb_content_element\" >\n\t\t<div class=\"wpb_wrapper\">\n\t\t\t<h2>CO2 Laser Marking Tools: A Comprehensive Buying Guide<\/h2>\n<p>Selecting the right CO2 laser marking machine is crucial, whether you&#8217;re operating a small business, working in a professional setting, or pursuing a hobby. The benefits of these machines are obvious, but how do you know which one suits your needs best? Key factors to consider include laser power, marking area, and compatible software. This guide is here to help you make an informed choice, so let\u2019s dive in<\/p>\n<p>How CO2 Laser Marking Works<\/p>\n<p>Laser marking is driven by computer programming. First, you design your image or text and upload it to the marking software. Once you initiate the CNC program, the machine executes your commands. The laser beam is reflected via XY mirrors and focused onto the target material. This action either burns or evaporates the material, resulting in a contrast that showcases your design. Before you know it, your marked project will be complete!<\/p>\n<p>Where CO2 Laser Marking Machines Are Used<\/p>\n<p>perforating or engraving delicate organic materials like wood, textiles, or plastics.<\/p>\n\n\t\t<\/div>\n\t<\/div>\n<\/div><\/div><\/div><\/div><div class=\"vc_row wpb_row vc_row-fluid\"><div class=\"wpb_column vc_column_container vc_col-sm-12\"><div class=\"vc_column-inner\"><div class=\"wpb_wrapper\"><div class=\"vc_separator wpb_content_element vc_separator_align_center vc_sep_width_100 vc_sep_pos_align_center vc_sep_color_grey wpb_content_element vc_separator-has-text\" ><span class=\"vc_sep_holder vc_sep_holder_l\"><span class=\"vc_sep_line\"><\/span><\/span><h4>Customers Feedback after purchased BOGONG machine<\/h4><span class=\"vc_sep_holder vc_sep_holder_r\"><span class=\"vc_sep_line\"><\/span><\/span>\n<\/div><\/div><\/div><\/div><\/div><div class=\"vc_row wpb_row vc_row-fluid\"><div class=\"wpb_column vc_column_container vc_col-sm-3\"><div class=\"vc_column-inner\"><div class=\"wpb_wrapper\">\n\t<div class=\"wpb_video_widget wpb_content_element vc_clearfix   vc_video-aspect-ratio-169 vc_video-el-width-100 vc_video-align-left\" >\n\t\t<div class=\"wpb_wrapper\">\n\t\t\t\n\t\t\t<div class=\"wpb_video_wrapper\"><iframe title=\"ELE GOSTA DE M\u00c1QUINA DE GRAVA\u00c7\u00c3O A LASER 3D BOGONG | MELHOR M\u00c1QUINA DE GRAVA\u00c7\u00c3O A LASER 3D DA CHINA PARA VENDA\" width=\"500\" height=\"281\" src=\"https:\/\/www.youtube.com\/embed\/aoAF09vq8LE?feature=oembed\" frameborder=\"0\" allow=\"accelerometer; autoplay; clipboard-write; encrypted-media; gyroscope; picture-in-picture; web-share\" referrerpolicy=\"strict-origin-when-cross-origin\" allowfullscreen><\/iframe><\/div>\n\t\t<\/div>\n\t<\/div>\n<\/div><\/div><\/div><div class=\"wpb_column vc_column_container vc_col-sm-3\"><div class=\"vc_column-inner\"><div class=\"wpb_wrapper\">\n\t<div class=\"wpb_video_widget wpb_content_element vc_clearfix   vc_video-aspect-ratio-169 vc_video-el-width-100 vc_video-align-left\" >\n\t\t<div class=\"wpb_wrapper\">\n\t\t\t\n\t\t\t<div class=\"wpb_video_wrapper\"><iframe title=\"O que voc\u00ea acha do gravador a laser 3D da BOGONG? | Cliente da \u00cdndia visitou a BOGONG e comprou o gravador a laser 3D\" width=\"500\" height=\"281\" src=\"https:\/\/www.youtube.com\/embed\/bq8eli66vTM?feature=oembed\" frameborder=\"0\" allow=\"accelerometer; autoplay; clipboard-write; encrypted-media; gyroscope; picture-in-picture; web-share\" referrerpolicy=\"strict-origin-when-cross-origin\" allowfullscreen><\/iframe><\/div>\n\t\t<\/div>\n\t<\/div>\n<\/div><\/div><\/div><div class=\"wpb_column vc_column_container vc_col-sm-3\"><div class=\"vc_column-inner\"><div class=\"wpb_wrapper\">\n\t<div class=\"wpb_video_widget wpb_content_element vc_clearfix   vc_video-aspect-ratio-169 vc_video-el-width-100 vc_video-align-left\" >\n\t\t<div class=\"wpb_wrapper\">\n\t\t\t\n\t\t\t<div class=\"wpb_video_wrapper\"><iframe title=\"BOGONG Buyer&#039;s Feedback Fiber Laser Engraving Machine | how about BOGONG CNC\" width=\"500\" height=\"281\" src=\"https:\/\/www.youtube.com\/embed\/S90BrJfNo7o?feature=oembed\" frameborder=\"0\" allow=\"accelerometer; autoplay; clipboard-write; encrypted-media; gyroscope; picture-in-picture; web-share\" referrerpolicy=\"strict-origin-when-cross-origin\" allowfullscreen><\/iframe><\/div>\n\t\t<\/div>\n\t<\/div>\n<\/div><\/div><\/div><div class=\"wpb_column vc_column_container vc_col-sm-3\"><div class=\"vc_column-inner\"><div class=\"wpb_wrapper\">\n\t<div class=\"wpb_video_widget wpb_content_element vc_clearfix   vc_video-aspect-ratio-169 vc_video-el-width-100 vc_video-align-left\" >\n\t\t<div class=\"wpb_wrapper\">\n\t\t\t\n\t\t\t<div class=\"wpb_video_wrapper\"><iframe title=\"America User High Recommend BOGONG Laser Engraver Machine to you | Best Laser Engraving Machine\" width=\"500\" height=\"281\" src=\"https:\/\/www.youtube.com\/embed\/unDhY2sA8h4?feature=oembed\" frameborder=\"0\" allow=\"accelerometer; autoplay; clipboard-write; encrypted-media; gyroscope; picture-in-picture; web-share\" referrerpolicy=\"strict-origin-when-cross-origin\" allowfullscreen><\/iframe><\/div>\n\t\t<\/div>\n\t<\/div>\n<\/div><\/div><\/div><\/div><div class=\"vc_row wpb_row vc_row-fluid\"><div class=\"wpb_column vc_column_container vc_col-sm-3\"><div class=\"vc_column-inner\"><div class=\"wpb_wrapper\">\n\t<div class=\"wpb_video_widget wpb_content_element vc_clearfix   vc_video-aspect-ratio-169 vc_video-el-width-100 vc_video-align-left\" >\n\t\t<div class=\"wpb_wrapper\">\n\t\t\t\n\t\t\t<div class=\"wpb_video_wrapper\"><iframe title=\"America User&#039;s Review about BOGONG LASER ENGRAVING CUTTING MACHINE | Best Laser Engraver Cutter\" width=\"500\" height=\"281\" src=\"https:\/\/www.youtube.com\/embed\/v3INTmFdolI?feature=oembed\" frameborder=\"0\" allow=\"accelerometer; autoplay; clipboard-write; encrypted-media; gyroscope; picture-in-picture; web-share\" referrerpolicy=\"strict-origin-when-cross-origin\" allowfullscreen><\/iframe><\/div>\n\t\t<\/div>\n\t<\/div>\n<\/div><\/div><\/div><div class=\"wpb_column vc_column_container vc_col-sm-3\"><div class=\"vc_column-inner\"><div class=\"wpb_wrapper\">\n\t<div class=\"wpb_video_widget wpb_content_element vc_clearfix   vc_video-aspect-ratio-169 vc_video-el-width-100 vc_video-align-left\" >\n\t\t<div class=\"wpb_wrapper\">\n\t\t\t\n\t\t\t<div class=\"wpb_video_wrapper\"><iframe title=\"Grenada User&#039;s Feedback BOGONG Laser Engraving Cutting Machine | Best Jewellery Gold Silver Laser\" width=\"500\" height=\"281\" src=\"https:\/\/www.youtube.com\/embed\/Y25Z0xbP7ZQ?feature=oembed\" frameborder=\"0\" allow=\"accelerometer; autoplay; clipboard-write; encrypted-media; gyroscope; picture-in-picture; web-share\" referrerpolicy=\"strict-origin-when-cross-origin\" allowfullscreen><\/iframe><\/div>\n\t\t<\/div>\n\t<\/div>\n<\/div><\/div><\/div><div class=\"wpb_column vc_column_container vc_col-sm-3\"><div class=\"vc_column-inner\"><div class=\"wpb_wrapper\">\n\t<div class=\"wpb_video_widget wpb_content_element vc_clearfix   vc_video-aspect-ratio-169 vc_video-el-width-100 vc_video-align-left\" >\n\t\t<div class=\"wpb_wrapper\">\n\t\t\t\n\t\t\t<div class=\"wpb_video_wrapper\"><iframe title=\"He Purchased BOGONG Laser Engraver Cutter for Jewelry, What did he do\uff1f HOW IS LASER MACHINE WORKING?\" width=\"500\" height=\"281\" src=\"https:\/\/www.youtube.com\/embed\/OYi7giXXm38?feature=oembed\" frameborder=\"0\" allow=\"accelerometer; autoplay; clipboard-write; encrypted-media; gyroscope; picture-in-picture; web-share\" referrerpolicy=\"strict-origin-when-cross-origin\" allowfullscreen><\/iframe><\/div>\n\t\t<\/div>\n\t<\/div>\n<\/div><\/div><\/div><div class=\"wpb_column vc_column_container vc_col-sm-3\"><div class=\"vc_column-inner\"><div class=\"wpb_wrapper\">\n\t<div class=\"wpb_video_widget wpb_content_element vc_clearfix   vc_video-aspect-ratio-169 vc_video-el-width-100 vc_video-align-left\" >\n\t\t<div class=\"wpb_wrapper\">\n\t\t\t\n\t\t\t<div class=\"wpb_video_wrapper\"><iframe title=\"BOGONG CUSTOMERS FEEDBACK | HOW ABOUT BOGONG LASER MACHINE AND SERVICE?\" width=\"500\" height=\"281\" src=\"https:\/\/www.youtube.com\/embed\/sRnVVD3zG48?feature=oembed\" frameborder=\"0\" allow=\"accelerometer; autoplay; clipboard-write; encrypted-media; gyroscope; picture-in-picture; web-share\" referrerpolicy=\"strict-origin-when-cross-origin\" allowfullscreen><\/iframe><\/div>\n\t\t<\/div>\n\t<\/div>\n<\/div><\/div><\/div><\/div><div class=\"vc_row wpb_row vc_row-fluid\"><div class=\"wpb_column vc_column_container vc_col-sm-3\"><div class=\"vc_column-inner\"><div class=\"wpb_wrapper\">\n\t<div class=\"wpb_video_widget wpb_content_element vc_clearfix   vc_video-aspect-ratio-169 vc_video-el-width-100 vc_video-align-left\" >\n\t\t<div class=\"wpb_wrapper\">\n\t\t\t\n\t\t\t<div class=\"wpb_video_wrapper\"><iframe title=\"He Purchased BOGONG Laser Engraver  | AMERICA Buyer Got His Second Set Laser Marking Machine\" width=\"500\" height=\"281\" src=\"https:\/\/www.youtube.com\/embed\/X5r8d4Kxbg4?feature=oembed\" frameborder=\"0\" allow=\"accelerometer; autoplay; clipboard-write; encrypted-media; gyroscope; picture-in-picture; web-share\" referrerpolicy=\"strict-origin-when-cross-origin\" allowfullscreen><\/iframe><\/div>\n\t\t<\/div>\n\t<\/div>\n<\/div><\/div><\/div><div class=\"wpb_column vc_column_container vc_col-sm-3\"><div class=\"vc_column-inner\"><div class=\"wpb_wrapper\">\n\t<div class=\"wpb_video_widget wpb_content_element vc_clearfix   vc_video-aspect-ratio-169 vc_video-el-width-100 vc_video-align-left\" >\n\t\t<div class=\"wpb_wrapper\">\n\t\t\t\n\t\t\t<div class=\"wpb_video_wrapper\"><iframe title=\"BOGONG Laser Machine Arrived ! What he done in 3 hours by 3D dynamic laser marking engraving cutting\" width=\"500\" height=\"281\" src=\"https:\/\/www.youtube.com\/embed\/FArxOPoSy0U?feature=oembed\" frameborder=\"0\" allow=\"accelerometer; autoplay; clipboard-write; encrypted-media; gyroscope; picture-in-picture; web-share\" referrerpolicy=\"strict-origin-when-cross-origin\" allowfullscreen><\/iframe><\/div>\n\t\t<\/div>\n\t<\/div>\n<\/div><\/div><\/div><div class=\"wpb_column vc_column_container vc_col-sm-3\"><div class=\"vc_column-inner\"><div class=\"wpb_wrapper\">\n\t<div class=\"wpb_video_widget wpb_content_element vc_clearfix   vc_video-aspect-ratio-169 vc_video-el-width-100 vc_video-align-left\" >\n\t\t<div class=\"wpb_wrapper\">\n\t\t\t\n\t\t\t<div class=\"wpb_video_wrapper\"><iframe title=\"BOGONG Customer Experience Visiting BOGONG Company in China\" width=\"413\" height=\"310\" src=\"https:\/\/www.youtube.com\/embed\/EQ3ht2Ef1cc?feature=oembed\" frameborder=\"0\" allow=\"accelerometer; autoplay; clipboard-write; encrypted-media; gyroscope; picture-in-picture; web-share\" referrerpolicy=\"strict-origin-when-cross-origin\" allowfullscreen><\/iframe><\/div>\n\t\t<\/div>\n\t<\/div>\n<\/div><\/div><\/div><div class=\"wpb_column vc_column_container vc_col-sm-3\"><div class=\"vc_column-inner\"><div class=\"wpb_wrapper\">\n\t<div class=\"wpb_video_widget wpb_content_element vc_clearfix   vc_video-aspect-ratio-169 vc_video-el-width-100 vc_video-align-left\" >\n\t\t<div class=\"wpb_wrapper\">\n\t\t\t\n\t\t\t<div class=\"wpb_video_wrapper\"><iframe title=\"Unpacking BOGONG MOPA Fiber Laser Engraver | He got his Second BOGONG Fiber Laser Engraving Machine\" width=\"500\" height=\"281\" src=\"https:\/\/www.youtube.com\/embed\/yENnS0u-uic?feature=oembed\" frameborder=\"0\" allow=\"accelerometer; autoplay; clipboard-write; encrypted-media; gyroscope; picture-in-picture; web-share\" referrerpolicy=\"strict-origin-when-cross-origin\" allowfullscreen><\/iframe><\/div>\n\t\t<\/div>\n\t<\/div>\n<\/div><\/div><\/div><\/div>\n<\/div>","protected":false},"excerpt":{"rendered":"CO2 Laser Marking Machine CO\u2082 laser engravers are named for their use of CO\u2082 gas as the laser medium, wavelength","protected":false},"author":1,"featured_media":0,"parent":1916,"menu_order":0,"comment_status":"closed","ping_status":"closed","template":"","meta":{"footnotes":""},"class_list":["post-2063","page","type-page","status-publish","hentry"],"_links":{"self":[{"href":"https:\/\/www.lasercleaner.tech\/pt\/wp-json\/wp\/v2\/pages\/2063","targetHints":{"allow":["GET"]}}],"collection":[{"href":"https:\/\/www.lasercleaner.tech\/pt\/wp-json\/wp\/v2\/pages"}],"about":[{"href":"https:\/\/www.lasercleaner.tech\/pt\/wp-json\/wp\/v2\/types\/page"}],"author":[{"embeddable":true,"href":"https:\/\/www.lasercleaner.tech\/pt\/wp-json\/wp\/v2\/users\/1"}],"replies":[{"embeddable":true,"href":"https:\/\/www.lasercleaner.tech\/pt\/wp-json\/wp\/v2\/comments?post=2063"}],"version-history":[{"count":0,"href":"https:\/\/www.lasercleaner.tech\/pt\/wp-json\/wp\/v2\/pages\/2063\/revisions"}],"up":[{"embeddable":true,"href":"https:\/\/www.lasercleaner.tech\/pt\/wp-json\/wp\/v2\/pages\/1916"}],"wp:attachment":[{"href":"https:\/\/www.lasercleaner.tech\/pt\/wp-json\/wp\/v2\/media?parent=2063"}],"curies":[{"name":"wp","href":"https:\/\/api.w.org\/{rel}","templated":true}]}}