{"id":1965,"date":"2024-11-25T13:11:58","date_gmt":"2024-11-25T05:11:58","guid":{"rendered":"https:\/\/bogonglaser.com\/?post_type=product&#038;p=1965"},"modified":"2024-11-25T13:42:08","modified_gmt":"2024-11-25T05:42:08","slug":"all-in-one-fiber-laser-marking-machine","status":"publish","type":"product","link":"https:\/\/www.lasercleaner.tech\/it\/prodotto\/all-in-one-fiber-laser-marking-machine\/","title":{"rendered":"Macchina di marcatura laser in fibra all-in-one"},"content":{"rendered":"<div class=\"wpb-content-wrapper\"><div class=\"vc_row wpb_row vc_row-fluid\"><div class=\"wpb_column vc_column_container vc_col-sm-12\"><div class=\"vc_column-inner\"><div class=\"wpb_wrapper\">\n\t<div class=\"wpb_text_column wpb_content_element\" >\n\t\t<div class=\"wpb_wrapper\">\n\t\t\t<p>Vi presentiamo la marcatrice laser ALL-in-One, un marcatore laser in fibra compatto e completo, progettato per garantire potenza e versatilit\u00e0. Sia che si tratti di marcare loghi, codici a barre, numeri di serie o motivi intricati, questa macchina offre risultati eccezionali in un'ampia gamma di applicazioni.<\/p>\n<p>Nonostante le sue dimensioni ridotte, il modello all-in-one \u00e8 potente e ideale per gli spazi ristretti e i progetti di marcatura pi\u00f9 piccoli. La sua leggerezza e il suo design portatile consentono una facile manovrabilit\u00e0, assicurando marcature precise e accurate ogni volta. Inoltre, funziona ad alta velocit\u00e0 con un'efficienza eccezionale.<\/p>\n<p>Questa macchina \u00e8 una scelta eccellente per le piccole imprese, le officine e gli amanti del fai-da-te che cercano una soluzione di marcatura affidabile che non comprometta le prestazioni a causa dello spazio limitato. Se avete bisogno di un marcatore laser in fibra efficiente che si adatti perfettamente al vostro spazio di lavoro, questa \u00e8 l'opzione ideale per voi.<\/p>\n\n\t\t<\/div>\n\t<\/div>\n<\/div><\/div><\/div><\/div><div class=\"vc_row wpb_row vc_row-fluid\"><div class=\"wpb_column vc_column_container vc_col-sm-12\"><div class=\"vc_column-inner\"><div class=\"wpb_wrapper\">\n\t<div  class=\"wpb_single_image wpb_content_element vc_align_left wpb_content_element\">\n\t\t\n\t\t<figure class=\"wpb_wrapper vc_figure\">\n\t\t\t<div class=\"vc_single_image-wrapper   vc_box_border_grey\"><img decoding=\"async\" width=\"1000\" height=\"1000\" src=\"data:image\/svg+xml,%3Csvg%20xmlns%3D&#39;http%3A%2F%2Fwww.w3.org%2F2000%2Fsvg&#39;%20width=&#39;1000&#39;%20height=&#39;1000&#39;%20viewBox%3D&#39;0%200%201000%201000&#39;%2F%3E\" data-czlz data-src=\"https:\/\/www.lasercleaner.tech\/wp-content\/uploads\/2024\/11\/\u5fae\u4fe1\u56fe\u7247_20241125113821.jpg\" class=\"vc_single_image-img attachment-full\" alt=\"all in one laser marking machine for metal\" title=\"\u5fae\u4fe1\u56fe\u7247_20241125113821\" data-srcset=\"https:\/\/www.lasercleaner.tech\/wp-content\/uploads\/2024\/11\/\u5fae\u4fe1\u56fe\u7247_20241125113821.jpg 1000w, https:\/\/www.lasercleaner.tech\/wp-content\/uploads\/2024\/11\/\u5fae\u4fe1\u56fe\u7247_20241125113821-300x300.jpg 300w, https:\/\/www.lasercleaner.tech\/wp-content\/uploads\/2024\/11\/\u5fae\u4fe1\u56fe\u7247_20241125113821-150x150.jpg 150w, https:\/\/www.lasercleaner.tech\/wp-content\/uploads\/2024\/11\/\u5fae\u4fe1\u56fe\u7247_20241125113821-768x768.jpg 768w, https:\/\/www.lasercleaner.tech\/wp-content\/uploads\/2024\/11\/\u5fae\u4fe1\u56fe\u7247_20241125113821-600x600.jpg 600w, https:\/\/www.lasercleaner.tech\/wp-content\/uploads\/2024\/11\/\u5fae\u4fe1\u56fe\u7247_20241125113821-100x100.jpg 100w\" data-sizes=\"(max-width: 1000px) 100vw, 1000px\" \/><\/div>\n\t\t<\/figure>\n\t<\/div>\n<\/div><\/div><\/div><\/div><div class=\"vc_row wpb_row vc_row-fluid\"><div class=\"wpb_column vc_column_container vc_col-sm-12\"><div class=\"vc_column-inner\"><div class=\"wpb_wrapper\">\n\t<div class=\"wpb_text_column wpb_content_element\" >\n\t\t<div class=\"wpb_wrapper\">\n\t\t\t<p>Ecco le caratteristiche principali della macchina di marcatura laser in fibra:<\/p>\n<p>1. Sorgente laser a fibra: Questa macchina \u00e8 disponibile con livelli di potenza opzionali di 20W, 30W, 50W o 60W, utilizzando sorgenti laser in fibra di alta qualit\u00e0 di JPT, Raycus o IPG. Offre un'eccellente chiarezza del fascio laser e una lunga durata fino a 100.000 ore.<\/p>\n<p>2. Sistema di scansione digitale a galvanometro: Dotata di un sistema laser scanner importato ad alta velocit\u00e0, questa macchina pu\u00f2 raggiungere velocit\u00e0 di marcatura fino a 8.000 mm\/s, garantendo un funzionamento efficiente.<\/p>\n<p>3. Supporto per display PC: L'asse Z pu\u00f2 essere regolato fino a 700 mm, rendendolo ideale per la marcatura su materiali spessi o alti.<\/p>\n<p>4. Interruttore di controllo: Il pannello di controllo di facile utilizzo comprende un arresto di emergenza, un interruttore a chiave e un interruttore di alimentazione, che ne facilitano l'identificazione e il funzionamento.<\/p>\n<p>5. Sistema di sollevamento: La macchina \u00e8 dotata di un volantino per una facile regolazione della distanza di messa a fuoco del laser, semplificando il processo operativo.<\/p>\n<p>6. Punta di luce rossa: Questa pratica funzione indica l'area di marcatura prima che inizi la marcatura laser vera e propria, migliorando la precisione.<\/p>\n<p>7. Software di marcatura laser: Il software di marcatura EZCAD \u00e8 dotato di potenti funzionalit\u00e0 di editing che consentono di marcare codici QR, numeri di serie e loghi vari. Supporta i formati di file DXF e PLT e include un dettagliato manuale d'uso in inglese che vi guider\u00e0 in ogni fase.<\/p>\n<p>8. Lente di scansione F-theta: la macchina \u00e8 dotata di una lente F-theta di Singapore Ronar-Smith, che garantisce che l'altezza del campo immagine sia quasi proporzionale all'angolo di scansione. Mantiene una distorsione di linearit\u00e0 inferiore a 1% senza correzione software, il che significa una distorsione minima per risultati nitidi. Inoltre, la lente \u00e8 dotata di rivestimenti AR ad alta trasmittanza per ridurre la perdita di potenza e aumentare la produttivit\u00e0.<\/p>\n<p>Grazie a queste caratteristiche avanzate, la marcatrice laser in fibra \u00e8 progettata per garantire precisione, efficienza e facilit\u00e0 d'uso.<\/p>\n\n\t\t<\/div>\n\t<\/div>\n<\/div><\/div><\/div><\/div><div class=\"vc_row wpb_row vc_row-fluid\"><div class=\"wpb_column vc_column_container vc_col-sm-12\"><div class=\"vc_column-inner\"><div class=\"wpb_wrapper\">\n\t<div class=\"wpb_video_widget wpb_content_element vc_clearfix   vc_video-aspect-ratio-169 vc_video-el-width-80 vc_video-align-left\" >\n\t\t<div class=\"wpb_wrapper\">\n\t\t\t<h2 class=\"wpb_heading wpb_video_heading\">BOGONG Macchina di marcatura laser tutto in uno Mostra<\/h2>\n\t\t\t<div class=\"wpb_video_wrapper\"><iframe title=\"Piccola macchina di marcatura laser tutto in uno in vendita\" width=\"500\" height=\"281\" src=\"https:\/\/www.youtube.com\/embed\/znNbIXDhuHE?feature=oembed\" frameborder=\"0\" allow=\"accelerometer; autoplay; clipboard-write; encrypted-media; gyroscope; picture-in-picture; web-share\" referrerpolicy=\"strict-origin-when-cross-origin\" allowfullscreen><\/iframe><\/div>\n\t\t<\/div>\n\t<\/div>\n<\/div><\/div><\/div><\/div><div class=\"vc_row wpb_row vc_row-fluid\"><div class=\"wpb_column vc_column_container vc_col-sm-12\"><div class=\"vc_column-inner\"><div class=\"wpb_wrapper\">\n\t<div class=\"wpb_text_column wpb_content_element\" >\n\t\t<div class=\"wpb_wrapper\">\n\t\t\t<p>Applicazione: Macchina di marcatura laser all-in-one per metallo, vetro, plastica e altro.<\/p>\n<p>Le nostre macchine di marcatura laser offrono una soluzione versatile ed efficiente per la marcatura di una variet\u00e0 di materiali come metallo, plastica e altro. Che si tratti di incidere loghi, numeri di serie o disegni intricati, il nostro laser adattabile \u00e8 in grado di affrontare numerose applicazioni, aumentando la produttivit\u00e0 e garantendo al contempo una qualit\u00e0 costante su diverse superfici.<\/p>\n\n\t\t<\/div>\n\t<\/div>\n<\/div><\/div><\/div><\/div><div class=\"vc_row wpb_row vc_row-fluid\"><div class=\"wpb_column vc_column_container vc_col-sm-12\"><div class=\"vc_column-inner\"><div class=\"wpb_wrapper\">\n\t<div class=\"wpb_video_widget wpb_content_element vc_clearfix   vc_video-aspect-ratio-169 vc_video-el-width-80 vc_video-align-left\" >\n\t\t<div class=\"wpb_wrapper\">\n\t\t\t<h2 class=\"wpb_heading wpb_video_heading\">Introduzione del marcatore laser All-in-one<\/h2>\n\t\t\t<div class=\"wpb_video_wrapper\"><iframe title=\"Piccola macchina di marcatura laser a fibra all-in-one | 20W 30W metallo plastica marcatore laser stampante incisore\" width=\"500\" height=\"281\" src=\"https:\/\/www.youtube.com\/embed\/1gUXk1ygblo?feature=oembed\" frameborder=\"0\" allow=\"accelerometer; autoplay; clipboard-write; encrypted-media; gyroscope; picture-in-picture; web-share\" referrerpolicy=\"strict-origin-when-cross-origin\" allowfullscreen><\/iframe><\/div>\n\t\t<\/div>\n\t<\/div>\n<\/div><\/div><\/div><\/div><div class=\"vc_row wpb_row vc_row-fluid\"><div class=\"wpb_column vc_column_container vc_col-sm-12\"><div class=\"vc_column-inner\"><div class=\"wpb_wrapper\">\n\t<div class=\"wpb_text_column wpb_content_element\" >\n\t\t<div class=\"wpb_wrapper\">\n\t\t\t<h2>Cosa possiamo fare per voi?<\/h2>\n<ul>\n<li><span class=\"magic-19\"><b class=\"magic-19\"><span class=\"magic-18\">Campioni di prova gratuiti -<\/span><\/b><span class=\"magic-20\" data-spm-anchor-id=\"a2700.details.0.i41.41d82402R4aegi\">Possiamo effettuare test gratuiti sull'effetto della marcatura in base al materiale del prodotto.<\/span><\/span><\/li>\n<li><span class=\"magic-19\"><b class=\"magic-19\"><span class=\"magic-18\">Video in diretta<\/span><\/b><span class=\"magic-20\">\u00c8 possibile collegarsi con i nostri consulenti di vendita per vedere il processo di produzione e il funzionamento della macchina in video online.<\/span><\/span><\/li>\n<li><span class=\"magic-19\"><b class=\"magic-19\"><span class=\"magic-18\">Personalizzato \/OEM-<\/span><\/b><span class=\"magic-20\" data-spm-anchor-id=\"a2700.details.0.i40.41d82402R4aegi\">Macchine personalizzate su richiesta\uff0ccontattateci<\/span><\/span><\/li>\n<\/ul>\n\n\t\t<\/div>\n\t<\/div>\n<\/div><\/div><\/div><\/div><div class=\"vc_row wpb_row vc_row-fluid\"><div class=\"wpb_column vc_column_container vc_col-sm-12\"><div class=\"vc_column-inner\"><div class=\"wpb_wrapper\">\n\t<div  class=\"wpb_single_image wpb_content_element vc_align_left wpb_content_element\">\n\t\t\n\t\t<figure class=\"wpb_wrapper vc_figure\">\n\t\t\t<div class=\"vc_single_image-wrapper   vc_box_border_grey\"><img decoding=\"async\" width=\"800\" height=\"600\" src=\"data:image\/svg+xml,%3Csvg%20xmlns%3D&#39;http%3A%2F%2Fwww.w3.org%2F2000%2Fsvg&#39;%20width=&#39;800&#39;%20height=&#39;600&#39;%20viewBox%3D&#39;0%200%20800%20600&#39;%2F%3E\" data-czlz data-src=\"https:\/\/www.lasercleaner.tech\/wp-content\/uploads\/2024\/11\/2d\u8ff7\u4f60\u4e00\u4f53\u673a\u5de5\u5382\u5b9e\u62cd2-1.png\" class=\"vc_single_image-img attachment-full\" alt=\"20W laser marking machine\" title=\"2d\u8ff7\u4f60\u4e00\u4f53\u673a\u5de5\u5382\u5b9e\u62cd2 (1)\" data-srcset=\"https:\/\/www.lasercleaner.tech\/wp-content\/uploads\/2024\/11\/2d\u8ff7\u4f60\u4e00\u4f53\u673a\u5de5\u5382\u5b9e\u62cd2-1.png 800w, https:\/\/www.lasercleaner.tech\/wp-content\/uploads\/2024\/11\/2d\u8ff7\u4f60\u4e00\u4f53\u673a\u5de5\u5382\u5b9e\u62cd2-1-300x225.png 300w, https:\/\/www.lasercleaner.tech\/wp-content\/uploads\/2024\/11\/2d\u8ff7\u4f60\u4e00\u4f53\u673a\u5de5\u5382\u5b9e\u62cd2-1-768x576.png 768w, https:\/\/www.lasercleaner.tech\/wp-content\/uploads\/2024\/11\/2d\u8ff7\u4f60\u4e00\u4f53\u673a\u5de5\u5382\u5b9e\u62cd2-1-600x450.png 600w\" data-sizes=\"(max-width: 800px) 100vw, 800px\" \/><\/div>\n\t\t<\/figure>\n\t<\/div>\n<\/div><\/div><\/div><\/div><div class=\"vc_row wpb_row vc_row-fluid\"><div class=\"wpb_column vc_column_container vc_col-sm-12\"><div class=\"vc_column-inner\"><div class=\"wpb_wrapper\">\n\t<div class=\"wpb_text_column wpb_content_element\" >\n\t\t<div class=\"wpb_wrapper\">\n\t\t\t<p>Termini di pagamento<\/p>\n<p>1. Deposito e saldo: \u00c8 richiesto un deposito 30% T\/T in anticipo, con il saldo dovuto prima della spedizione.<\/p>\n<p>2. Alibaba Trade Assurance: I pagamenti possono essere elaborati tramite Alibaba Trade Assurance.<\/p>\n<p>FAQ per la macchina di marcatura laser in fibra<\/p>\n<p>Qual \u00e8 l'imballaggio della macchina per la marcatura laser in fibra?<br \/>\nLe nostre macchine sono imballate in un sistema a tre strati. Lo strato esterno \u00e8 costituito da una cassa di legno, lo strato intermedio da un'imbottitura in schiuma per proteggere dagli urti e lo strato interno da una spessa busta di plastica per garantire l'impermeabilit\u00e0.<\/p>\n<p>Il pacco subir\u00e0 danni durante il trasporto?<br \/>\nProgettiamo meticolosamente i nostri imballaggi per far fronte a tutti i potenziali fattori di danneggiamento e i nostri spedizionieri sono esperti nel trasporto sicuro. Abbiamo esportato con successo in 180 paesi, quindi potete essere certi che il vostro pacco arriver\u00e0 in condizioni eccellenti.<\/p>\n\n\t\t<\/div>\n\t<\/div>\n<\/div><\/div><\/div><\/div><div class=\"vc_row wpb_row vc_row-fluid\"><div class=\"wpb_column vc_column_container vc_col-sm-12\"><div class=\"vc_column-inner\"><div class=\"wpb_wrapper\">\n\t<div class=\"wpb_text_column wpb_content_element\" >\n\t\t<div class=\"wpb_wrapper\">\n\t\t\t<p>Potete trovare altri feedback dei clienti sul canale youtube di BOGONG.<\/p>\n\n\t\t<\/div>\n\t<\/div>\n<\/div><\/div><\/div><\/div><div class=\"vc_row wpb_row vc_row-fluid\"><div class=\"wpb_column vc_column_container vc_col-sm-12\"><div class=\"vc_column-inner\"><div class=\"wpb_wrapper\">\n\t<div  class=\"wpb_single_image wpb_content_element vc_align_left wpb_content_element\">\n\t\t\n\t\t<figure class=\"wpb_wrapper vc_figure\">\n\t\t\t<div class=\"vc_single_image-wrapper   vc_box_border_grey\"><img decoding=\"async\" width=\"800\" height=\"600\" src=\"data:image\/svg+xml,%3Csvg%20xmlns%3D&#39;http%3A%2F%2Fwww.w3.org%2F2000%2Fsvg&#39;%20width=&#39;800&#39;%20height=&#39;600&#39;%20viewBox%3D&#39;0%200%20800%20600&#39;%2F%3E\" data-czlz data-src=\"https:\/\/www.lasercleaner.tech\/wp-content\/uploads\/2024\/11\/2d\u8ff7\u4f60\u4e00\u4f53\u673a\u5de5\u5382\u7167\u72471-1.png\" class=\"vc_single_image-img attachment-full\" alt=\"laser marking machine\" title=\"2d\u8ff7\u4f60\u4e00\u4f53\u673a\u5de5\u5382\u7167\u72471 (1)\" data-srcset=\"https:\/\/www.lasercleaner.tech\/wp-content\/uploads\/2024\/11\/2d\u8ff7\u4f60\u4e00\u4f53\u673a\u5de5\u5382\u7167\u72471-1.png 800w, https:\/\/www.lasercleaner.tech\/wp-content\/uploads\/2024\/11\/2d\u8ff7\u4f60\u4e00\u4f53\u673a\u5de5\u5382\u7167\u72471-1-300x225.png 300w, https:\/\/www.lasercleaner.tech\/wp-content\/uploads\/2024\/11\/2d\u8ff7\u4f60\u4e00\u4f53\u673a\u5de5\u5382\u7167\u72471-1-768x576.png 768w, https:\/\/www.lasercleaner.tech\/wp-content\/uploads\/2024\/11\/2d\u8ff7\u4f60\u4e00\u4f53\u673a\u5de5\u5382\u7167\u72471-1-600x450.png 600w\" data-sizes=\"(max-width: 800px) 100vw, 800px\" \/><\/div>\n\t\t<\/figure>\n\t<\/div>\n<\/div><\/div><\/div><\/div><div class=\"vc_row wpb_row vc_row-fluid\"><div class=\"wpb_column vc_column_container vc_col-sm-12\"><div class=\"vc_column-inner\"><div class=\"wpb_wrapper\">\n\t<div class=\"wpb_text_column wpb_content_element\" >\n\t\t<div class=\"wpb_wrapper\">\n\t\t\t<p>La maggior parte dei clienti come scegliere il trasporto da UPS\/DHL espresso, pu\u00f2 arrivare a destinazione circa 5-7 giorni, contatto con BOGONG per ottenere pi\u00f9 dettagli sulla macchina di marcatura laser in fibra<\/p>\n\n\t\t<\/div>\n\t<\/div>\n<\/div><\/div><\/div><\/div>\n<\/div>","protected":false},"excerpt":{"rendered":"<h2>Macchina di marcatura laser all-in-one<\/h2>\n<p>The all-in-one laser marking amchine is designed for &#8230; <\/p>","protected":false},"featured_media":1966,"template":"","meta":[],"product_brand":[],"product_cat":[97,93],"product_tag":[104,102],"class_list":{"0":"post-1965","1":"product","2":"type-product","3":"status-publish","4":"has-post-thumbnail","6":"product_cat-fiber-laser-marker","7":"product_cat-laser-engraving-machine","8":"product_tag-laser-marker","9":"product_tag-laser-marking-machine","11":"first","12":"instock","13":"shipping-taxable","14":"product-type-simple"},"_links":{"self":[{"href":"https:\/\/www.lasercleaner.tech\/it\/wp-json\/wp\/v2\/product\/1965","targetHints":{"allow":["GET"]}}],"collection":[{"href":"https:\/\/www.lasercleaner.tech\/it\/wp-json\/wp\/v2\/product"}],"about":[{"href":"https:\/\/www.lasercleaner.tech\/it\/wp-json\/wp\/v2\/types\/product"}],"wp:featuredmedia":[{"embeddable":true,"href":"https:\/\/www.lasercleaner.tech\/it\/wp-json\/wp\/v2\/media\/1966"}],"wp:attachment":[{"href":"https:\/\/www.lasercleaner.tech\/it\/wp-json\/wp\/v2\/media?parent=1965"}],"wp:term":[{"taxonomy":"product_brand","embeddable":true,"href":"https:\/\/www.lasercleaner.tech\/it\/wp-json\/wp\/v2\/product_brand?post=1965"},{"taxonomy":"product_cat","embeddable":true,"href":"https:\/\/www.lasercleaner.tech\/it\/wp-json\/wp\/v2\/product_cat?post=1965"},{"taxonomy":"product_tag","embeddable":true,"href":"https:\/\/www.lasercleaner.tech\/it\/wp-json\/wp\/v2\/product_tag?post=1965"}],"curies":[{"name":"wp","href":"https:\/\/api.w.org\/{rel}","templated":true}]}}