{"id":2063,"date":"2024-12-02T14:35:38","date_gmt":"2024-12-02T06:35:38","guid":{"rendered":"https:\/\/bogonglaser.com\/?page_id=2063"},"modified":"2024-12-05T22:59:01","modified_gmt":"2024-12-05T14:59:01","slug":"co2-laser-marking-machine","status":"publish","type":"page","link":"https:\/\/www.lasercleaner.tech\/it\/laser-marking-machine\/co2-laser-marking-machine\/","title":{"rendered":"Macchina di marcatura laser CO2"},"content":{"rendered":"<div class=\"wpb-content-wrapper\"><div class=\"vc_row wpb_row vc_row-fluid\"><div class=\"wpb_column vc_column_container vc_col-sm-12\"><div class=\"vc_column-inner\"><div class=\"wpb_wrapper\">\n\t<div class=\"wpb_text_column wpb_content_element\" >\n\t\t<div class=\"wpb_wrapper\">\n\t\t\t<h1>Macchina di marcatura laser CO2<\/h1>\n<p>Gli incisori laser a CO\u2082 prendono il nome dall'uso del gas CO\u2082 come mezzo laser, la cui lunghezza d'onda \u00e8 di 10600 nm, il che significa che si basa in larga misura sul calore, e funzionano generando plasma dal gas CO\u2082 all'interno di un tubo, amplificando la luce tra uno specchio riflettente e un accoppiatore di uscita, per poi emetterla come raggio laser. Gli incisori laser a CO\u2082 sono eccellenti per la rimozione di materiale e sono particolarmente efficaci per la marcatura di materiali organici come cartone, plastica, vetro e legno.<\/p>\n\n\t\t<\/div>\n\t<\/div>\n<\/div><\/div><\/div><\/div><div class=\"vc_row wpb_row vc_row-fluid\"><div class=\"wpb_column vc_column_container vc_col-sm-12\"><div class=\"vc_column-inner\"><div class=\"wpb_wrapper\"><div class=\"vc_separator wpb_content_element vc_separator_align_center vc_sep_width_100 vc_sep_pos_align_center vc_sep_color_grey wpb_content_element vc_separator-has-text\" ><span class=\"vc_sep_holder vc_sep_holder_l\"><span class=\"vc_sep_line\"><\/span><\/span><h4>Cosa sono le macchine di marcatura laser CO2?<\/h4><span class=\"vc_sep_holder vc_sep_holder_r\"><span class=\"vc_sep_line\"><\/span><\/span>\n<\/div>\n\t<div class=\"wpb_text_column wpb_content_element\" >\n\t\t<div class=\"wpb_wrapper\">\n\t\t\t<p>Che cos'\u00e8 un laser CO2?<\/p>\n<p>I laser CO2 utilizzano come mezzo il gas CO2, contenuto in un tubo con elettrodi per la scarica elettrica. Quando si verifica una scarica elettrica, si crea un plasma all'interno del gas e la luce risultante viene amplificata mentre rimbalza avanti e indietro tra uno specchio completamente riflettente e l'accoppiatore di uscita. Alla fine, questa luce amplificata viene emessa sotto forma di laser.<\/p>\n<p>I marcatori laser CO2 hanno una lunghezza d'onda dieci volte superiore a quella dei sistemi a fibre tradizionali. Sono ideali per marcare materiali come plastica, carta, resine, legno, gomma e persino materiali trasparenti come vetro e PET.<\/p>\n\n\t\t<\/div>\n\t<\/div>\n<\/div><\/div><\/div><\/div><div class=\"vc_row wpb_row vc_row-fluid vc_custom_1729660184700 vc_row-has-fill\"><div class=\"wpb_column vc_column_container vc_col-sm-12\"><div class=\"vc_column-inner\"><div class=\"wpb_wrapper\">\n\t<div class=\"wpb_text_column wpb_content_element vc_custom_1733410735451\" >\n\t\t<div class=\"wpb_wrapper\">\n\t\t\t<p style=\"text-align: center;\"><span style=\"background-color: #aaaaaa;\"><strong><span style=\"font-family: 'Arial Black'; color: #ffffff; font-size: 17px; background-color: #aaaaaa;\">MACCHINA PER LA MARCATURA LASER CO2<\/span><\/strong><\/span><\/p>\n\n\t\t<\/div>\n\t<\/div>\n<\/div><\/div><\/div><\/div><div class=\"vc_row wpb_row vc_row-fluid vc_custom_1729684837878\"><div class=\"wpb_column vc_column_container vc_col-sm-6\"><div class=\"vc_column-inner\"><div class=\"wpb_wrapper\">\n\t<div class=\"wpb_video_widget wpb_content_element vc_clearfix   vc_video-aspect-ratio-169 vc_video-el-width-80 vc_video-align-left\" >\n\t\t<div class=\"wpb_wrapper\">\n\t\t\t\n\t\t\t<div class=\"wpb_video_wrapper\"><iframe title=\"Cosa pu\u00f2 fare una marcatrice laser CO2?\" width=\"500\" height=\"281\" src=\"https:\/\/www.youtube.com\/embed\/RFstd3JMNEw?feature=oembed\" frameborder=\"0\" allow=\"accelerometer; autoplay; clipboard-write; encrypted-media; gyroscope; picture-in-picture; web-share\" referrerpolicy=\"strict-origin-when-cross-origin\" allowfullscreen><\/iframe><\/div>\n\t\t<\/div>\n\t<\/div>\n<\/div><\/div><\/div><div class=\"wpb_column vc_column_container vc_col-sm-6\"><div class=\"vc_column-inner\"><div class=\"wpb_wrapper\">\n\t<div class=\"wpb_text_column wpb_content_element\" >\n\t\t<div class=\"wpb_wrapper\">\n\t\t\t<p>La macchina per la marcatura laser CO2 combina una tecnologia di marcatura laser galvanometrica all'avanguardia con un laser CO2 sigillato eccitato a RF.<\/p>\n<p>- Il design ergonomico della scrivania migliora l'efficienza dell'operatore.<br \/>\n- Dotato di un galvanometro ad alta velocit\u00e0, offre una velocit\u00e0 di marcatura 30% superiore a quella di prodotti analoghi.<br \/>\n- Ha una lunga durata e pu\u00f2 funzionare ininterrottamente per 24 ore con una manutenzione minima.<br \/>\n- Il software di marcatura ezcad \u00e8 dotato di un'interfaccia di facile utilizzo, che ne facilita l'uso da parte degli operatori senza la necessit\u00e0 di continue regolazioni.<br \/>\n- Le macchine personalizzate possono essere adattate alle esigenze specifiche dei clienti.<\/p>\n\n\t\t<\/div>\n\t<\/div>\n<\/div><\/div><\/div><\/div><div class=\"vc_row wpb_row vc_row-fluid\"><div class=\"wpb_column vc_column_container vc_col-sm-12\"><div class=\"vc_column-inner\"><div class=\"wpb_wrapper\"><div class=\"woocommerce columns-4\"><ul class=\"products columns-4\">\n<li class=\"product type-product post-1784 status-publish first instock product_cat-co2-laser-marker product_cat-laser-engraving-machine product_tag-laser-marking-machine has-post-thumbnail shipping-taxable product-type-simple\">\n\t<a href=\"https:\/\/www.lasercleaner.tech\/it\/prodotto\/co2-laser-marking-machine\/\" class=\"woocommerce-LoopProduct-link woocommerce-loop-product__link\"><div class=\"xtra-product-thumbnail\"><img decoding=\"async\" width=\"600\" height=\"600\" src=\"data:image\/svg+xml,%3Csvg%20xmlns%3D&#39;http%3A%2F%2Fwww.w3.org%2F2000%2Fsvg&#39;%20width=&#39;600&#39;%20height=&#39;600&#39;%20viewBox%3D&#39;0%200%20600%20600&#39;%2F%3E\" data-czlz data-src=\"https:\/\/www.lasercleaner.tech\/wp-content\/uploads\/2024\/11\/06AB8DE256811849694156AA5F899172.png\" class=\"attachment-woocommerce_thumbnail size-woocommerce_thumbnail\" alt=\"CO2 laser marking machine\" data-data-srcset=\"https:\/\/www.lasercleaner.tech\/wp-content\/uploads\/2024\/11\/06AB8DE256811849694156AA5F899172.png 600w, https:\/\/www.lasercleaner.tech\/wp-content\/uploads\/2024\/11\/06AB8DE256811849694156AA5F899172-300x300.png 300w, https:\/\/www.lasercleaner.tech\/wp-content\/uploads\/2024\/11\/06AB8DE256811849694156AA5F899172-150x150.png 150w, https:\/\/www.lasercleaner.tech\/wp-content\/uploads\/2024\/11\/06AB8DE256811849694156AA5F899172-100x100.png 100w\" data-data-sizes=\"(max-width: 600px) 100vw, 600px\" \/><\/div><h2 class=\"woocommerce-loop-product__title\">Macchina di marcatura laser CO2<\/h2>\n<\/a><a href=\"https:\/\/www.lasercleaner.tech\/it\/prodotto\/co2-laser-marking-machine\/\" aria-describedby=\"woocommerce_loop_add_to_cart_link_describedby_1784\" data-quantity=\"1\" class=\"button product_type_simple\" data-product_id=\"1784\" data-product_sku=\"\" aria-label=\"Leggi di pi\u00f9 su &quot;CO2 Laser Marking Machine&quot;\" rel=\"nofollow\" data-success_message=\"\" data-no-translation=\"\" data-trp-gettext=\"\" data-no-translation-aria-label=\"\">Leggi tutto<\/a>\t<span id=\"woocommerce_loop_add_to_cart_link_describedby_1784\" class=\"screen-reader-text\">\n\t\t\t<\/span>\n<\/li>\n<\/ul>\n<\/div><\/div><\/div><\/div><\/div><div class=\"vc_row wpb_row vc_row-fluid vc_custom_1729665201674\"><div class=\"wpb_column vc_column_container vc_col-sm-12\"><div class=\"vc_column-inner\"><div class=\"wpb_wrapper\">\n\t<div class=\"wpb_text_column wpb_content_element\" >\n\t\t<div class=\"wpb_wrapper\">\n\t\t\t<h3>SCEGLIETE LA VOSTRA MACCHINA DI MARCATURA LASER CO2 PERFETTA PER PRINCIPIANTI E PROFESSIONISTI<\/h3>\n\n\t\t<\/div>\n\t<\/div>\n<\/div><\/div><\/div><\/div><div class=\"vc_row wpb_row vc_row-fluid\"><div class=\"wpb_column vc_column_container vc_col-sm-12\"><div class=\"vc_column-inner\"><div class=\"wpb_wrapper\">\n\t<div class=\"wpb_text_column wpb_content_element\" >\n\t\t<div class=\"wpb_wrapper\">\n\t\t\t<h2>Strumenti di marcatura laser CO2: Guida completa all'acquisto<\/h2>\n<p>La scelta della giusta macchina per la marcatura laser CO2 \u00e8 fondamentale, sia che si tratti di una piccola impresa, di un'attivit\u00e0 professionale o di un hobby. I vantaggi di queste macchine sono evidenti, ma come si fa a sapere quale \u00e8 la pi\u00f9 adatta alle proprie esigenze? I fattori chiave da considerare sono la potenza del laser, l'area di marcatura e il software compatibile. Questa guida vi aiuter\u00e0 a fare una scelta informata, quindi immergetevi in questa guida.<\/p>\n<p>Come funziona la marcatura laser CO2<\/p>\n<p>La marcatura laser \u00e8 guidata dalla programmazione del computer. Innanzitutto, si progetta l'immagine o il testo e lo si carica sul software di marcatura. Una volta avviato il programma CNC, la macchina esegue i comandi. Il raggio laser viene riflesso da specchi XY e focalizzato sul materiale da marcare. Questa azione brucia o evapora il materiale, creando un contrasto che mette in evidenza il vostro progetto. Prima che ve ne rendiate conto, il vostro progetto marcato sar\u00e0 completo!<\/p>\n<p>Dove vengono utilizzate le macchine di marcatura laser CO2<\/p>\n<p>perforare o incidere materiali organici delicati come legno, tessuti o plastica.<\/p>\n\n\t\t<\/div>\n\t<\/div>\n<\/div><\/div><\/div><\/div><div class=\"vc_row wpb_row vc_row-fluid\"><div class=\"wpb_column vc_column_container vc_col-sm-12\"><div class=\"vc_column-inner\"><div class=\"wpb_wrapper\"><div class=\"vc_separator wpb_content_element vc_separator_align_center vc_sep_width_100 vc_sep_pos_align_center vc_sep_color_grey wpb_content_element vc_separator-has-text\" ><span class=\"vc_sep_holder vc_sep_holder_l\"><span class=\"vc_sep_line\"><\/span><\/span><h4>Feedback dei clienti dopo l'acquisto della macchina BOGONG<\/h4><span class=\"vc_sep_holder vc_sep_holder_r\"><span class=\"vc_sep_line\"><\/span><\/span>\n<\/div><\/div><\/div><\/div><\/div><div class=\"vc_row wpb_row vc_row-fluid\"><div class=\"wpb_column vc_column_container vc_col-sm-3\"><div class=\"vc_column-inner\"><div class=\"wpb_wrapper\">\n\t<div class=\"wpb_video_widget wpb_content_element vc_clearfix   vc_video-aspect-ratio-169 vc_video-el-width-100 vc_video-align-left\" >\n\t\t<div class=\"wpb_wrapper\">\n\t\t\t\n\t\t\t<div class=\"wpb_video_wrapper\"><iframe title=\"GLI PIACE LA MACCHINA PER L&#039;INCISIONE LASER 3D DI BOGONG | MIGLIORE MACCHINA PER L&#039;INCISIONE LASER 3D DELLA PORCELLANA IN VENDITA\" width=\"500\" height=\"281\" src=\"https:\/\/www.youtube.com\/embed\/aoAF09vq8LE?feature=oembed\" frameborder=\"0\" allow=\"accelerometer; autoplay; clipboard-write; encrypted-media; gyroscope; picture-in-picture; web-share\" referrerpolicy=\"strict-origin-when-cross-origin\" allowfullscreen><\/iframe><\/div>\n\t\t<\/div>\n\t<\/div>\n<\/div><\/div><\/div><div class=\"wpb_column vc_column_container vc_col-sm-3\"><div class=\"vc_column-inner\"><div class=\"wpb_wrapper\">\n\t<div class=\"wpb_video_widget wpb_content_element vc_clearfix   vc_video-aspect-ratio-169 vc_video-el-width-100 vc_video-align-left\" >\n\t\t<div class=\"wpb_wrapper\">\n\t\t\t\n\t\t\t<div class=\"wpb_video_wrapper\"><iframe title=\"Che ne dite dell&#039;incisore laser 3D BOGONG? | Il cliente indiano ha visitato BOGONG e ha acquistato l&#039;incisore laser 3D\" width=\"500\" height=\"281\" src=\"https:\/\/www.youtube.com\/embed\/bq8eli66vTM?feature=oembed\" frameborder=\"0\" allow=\"accelerometer; autoplay; clipboard-write; encrypted-media; gyroscope; picture-in-picture; web-share\" referrerpolicy=\"strict-origin-when-cross-origin\" allowfullscreen><\/iframe><\/div>\n\t\t<\/div>\n\t<\/div>\n<\/div><\/div><\/div><div class=\"wpb_column vc_column_container vc_col-sm-3\"><div class=\"vc_column-inner\"><div class=\"wpb_wrapper\">\n\t<div class=\"wpb_video_widget wpb_content_element vc_clearfix   vc_video-aspect-ratio-169 vc_video-el-width-100 vc_video-align-left\" >\n\t\t<div class=\"wpb_wrapper\">\n\t\t\t\n\t\t\t<div class=\"wpb_video_wrapper\"><iframe title=\"BOGONG Buyer&#039;Feedback Macchina di incisione laser in fibra | come circa BOGONG CNC\" width=\"500\" height=\"281\" src=\"https:\/\/www.youtube.com\/embed\/S90BrJfNo7o?feature=oembed\" frameborder=\"0\" allow=\"accelerometer; autoplay; clipboard-write; encrypted-media; gyroscope; picture-in-picture; web-share\" referrerpolicy=\"strict-origin-when-cross-origin\" allowfullscreen><\/iframe><\/div>\n\t\t<\/div>\n\t<\/div>\n<\/div><\/div><\/div><div class=\"wpb_column vc_column_container vc_col-sm-3\"><div class=\"vc_column-inner\"><div class=\"wpb_wrapper\">\n\t<div class=\"wpb_video_widget wpb_content_element vc_clearfix   vc_video-aspect-ratio-169 vc_video-el-width-100 vc_video-align-left\" >\n\t\t<div class=\"wpb_wrapper\">\n\t\t\t\n\t\t\t<div class=\"wpb_video_wrapper\"><iframe title=\"L&#039;alto utente dell&#039;America raccomanda la macchina dell&#039;incisore laser di BOGONG a voi | migliore macchina dell&#039;incisione laser\" width=\"500\" height=\"281\" src=\"https:\/\/www.youtube.com\/embed\/unDhY2sA8h4?feature=oembed\" frameborder=\"0\" allow=\"accelerometer; autoplay; clipboard-write; encrypted-media; gyroscope; picture-in-picture; web-share\" referrerpolicy=\"strict-origin-when-cross-origin\" allowfullscreen><\/iframe><\/div>\n\t\t<\/div>\n\t<\/div>\n<\/div><\/div><\/div><\/div><div class=\"vc_row wpb_row vc_row-fluid\"><div class=\"wpb_column vc_column_container vc_col-sm-3\"><div class=\"vc_column-inner\"><div class=\"wpb_wrapper\">\n\t<div class=\"wpb_video_widget wpb_content_element vc_clearfix   vc_video-aspect-ratio-169 vc_video-el-width-100 vc_video-align-left\" >\n\t\t<div class=\"wpb_wrapper\">\n\t\t\t\n\t\t\t<div class=\"wpb_video_wrapper\"><iframe title=\"America User&#039;s Review about BOGONG LASER ENGRAVING CUTTING MACHINE | Best Laser Engraver Cutter\" width=\"500\" height=\"281\" src=\"https:\/\/www.youtube.com\/embed\/v3INTmFdolI?feature=oembed\" frameborder=\"0\" allow=\"accelerometer; autoplay; clipboard-write; encrypted-media; gyroscope; picture-in-picture; web-share\" referrerpolicy=\"strict-origin-when-cross-origin\" allowfullscreen><\/iframe><\/div>\n\t\t<\/div>\n\t<\/div>\n<\/div><\/div><\/div><div class=\"wpb_column vc_column_container vc_col-sm-3\"><div class=\"vc_column-inner\"><div class=\"wpb_wrapper\">\n\t<div class=\"wpb_video_widget wpb_content_element vc_clearfix   vc_video-aspect-ratio-169 vc_video-el-width-100 vc_video-align-left\" >\n\t\t<div class=\"wpb_wrapper\">\n\t\t\t\n\t\t\t<div class=\"wpb_video_wrapper\"><iframe title=\"Grenada User&#039;s Feedback BOGONG Laser Engraving Cutting Machine | Migliori gioielli oro argento Laser\" width=\"500\" height=\"281\" src=\"https:\/\/www.youtube.com\/embed\/Y25Z0xbP7ZQ?feature=oembed\" frameborder=\"0\" allow=\"accelerometer; autoplay; clipboard-write; encrypted-media; gyroscope; picture-in-picture; web-share\" referrerpolicy=\"strict-origin-when-cross-origin\" allowfullscreen><\/iframe><\/div>\n\t\t<\/div>\n\t<\/div>\n<\/div><\/div><\/div><div class=\"wpb_column vc_column_container vc_col-sm-3\"><div class=\"vc_column-inner\"><div class=\"wpb_wrapper\">\n\t<div class=\"wpb_video_widget wpb_content_element vc_clearfix   vc_video-aspect-ratio-169 vc_video-el-width-100 vc_video-align-left\" >\n\t\t<div class=\"wpb_wrapper\">\n\t\t\t\n\t\t\t<div class=\"wpb_video_wrapper\"><iframe title=\"Ha acquistato la taglierina laser BOGONG per gioielli, cosa ha fatto\uff1f COME FUNZIONA LA MACCHINA LASER?\" width=\"500\" height=\"281\" src=\"https:\/\/www.youtube.com\/embed\/OYi7giXXm38?feature=oembed\" frameborder=\"0\" allow=\"accelerometer; autoplay; clipboard-write; encrypted-media; gyroscope; picture-in-picture; web-share\" referrerpolicy=\"strict-origin-when-cross-origin\" allowfullscreen><\/iframe><\/div>\n\t\t<\/div>\n\t<\/div>\n<\/div><\/div><\/div><div class=\"wpb_column vc_column_container vc_col-sm-3\"><div class=\"vc_column-inner\"><div class=\"wpb_wrapper\">\n\t<div class=\"wpb_video_widget wpb_content_element vc_clearfix   vc_video-aspect-ratio-169 vc_video-el-width-100 vc_video-align-left\" >\n\t\t<div class=\"wpb_wrapper\">\n\t\t\t\n\t\t\t<div class=\"wpb_video_wrapper\"><iframe title=\"FEEDBACK DEI CLIENTI DI BOGONG | CHE NE PENSATE DELLA MACCHINA LASER E DEL SERVIZIO DI BOGONG?\" width=\"500\" height=\"281\" src=\"https:\/\/www.youtube.com\/embed\/sRnVVD3zG48?feature=oembed\" frameborder=\"0\" allow=\"accelerometer; autoplay; clipboard-write; encrypted-media; gyroscope; picture-in-picture; web-share\" referrerpolicy=\"strict-origin-when-cross-origin\" allowfullscreen><\/iframe><\/div>\n\t\t<\/div>\n\t<\/div>\n<\/div><\/div><\/div><\/div><div class=\"vc_row wpb_row vc_row-fluid\"><div class=\"wpb_column vc_column_container vc_col-sm-3\"><div class=\"vc_column-inner\"><div class=\"wpb_wrapper\">\n\t<div class=\"wpb_video_widget wpb_content_element vc_clearfix   vc_video-aspect-ratio-169 vc_video-el-width-100 vc_video-align-left\" >\n\t\t<div class=\"wpb_wrapper\">\n\t\t\t\n\t\t\t<div class=\"wpb_video_wrapper\"><iframe title=\"Ha acquistato l&#039;incisore laser BOGONG | AMERICA L&#039;acquirente ha ottenuto il suo secondo set di macchine per la marcatura laser\" width=\"500\" height=\"281\" src=\"https:\/\/www.youtube.com\/embed\/X5r8d4Kxbg4?feature=oembed\" frameborder=\"0\" allow=\"accelerometer; autoplay; clipboard-write; encrypted-media; gyroscope; picture-in-picture; web-share\" referrerpolicy=\"strict-origin-when-cross-origin\" allowfullscreen><\/iframe><\/div>\n\t\t<\/div>\n\t<\/div>\n<\/div><\/div><\/div><div class=\"wpb_column vc_column_container vc_col-sm-3\"><div class=\"vc_column-inner\"><div class=\"wpb_wrapper\">\n\t<div class=\"wpb_video_widget wpb_content_element vc_clearfix   vc_video-aspect-ratio-169 vc_video-el-width-100 vc_video-align-left\" >\n\t\t<div class=\"wpb_wrapper\">\n\t\t\t\n\t\t\t<div class=\"wpb_video_wrapper\"><iframe title=\"Macchina laser BOGONG arrivata! Cosa ha fatto in 3 ore con la marcatura laser dinamica 3D incisione taglio\" width=\"500\" height=\"281\" src=\"https:\/\/www.youtube.com\/embed\/FArxOPoSy0U?feature=oembed\" frameborder=\"0\" allow=\"accelerometer; autoplay; clipboard-write; encrypted-media; gyroscope; picture-in-picture; web-share\" referrerpolicy=\"strict-origin-when-cross-origin\" allowfullscreen><\/iframe><\/div>\n\t\t<\/div>\n\t<\/div>\n<\/div><\/div><\/div><div class=\"wpb_column vc_column_container vc_col-sm-3\"><div class=\"vc_column-inner\"><div class=\"wpb_wrapper\">\n\t<div class=\"wpb_video_widget wpb_content_element vc_clearfix   vc_video-aspect-ratio-169 vc_video-el-width-100 vc_video-align-left\" >\n\t\t<div class=\"wpb_wrapper\">\n\t\t\t\n\t\t\t<div class=\"wpb_video_wrapper\"><iframe title=\"L&#039;esperienza del cliente BOGONG in visita all&#039;azienda BOGONG in Cina\" width=\"413\" height=\"310\" src=\"https:\/\/www.youtube.com\/embed\/EQ3ht2Ef1cc?feature=oembed\" frameborder=\"0\" allow=\"accelerometer; autoplay; clipboard-write; encrypted-media; gyroscope; picture-in-picture; web-share\" referrerpolicy=\"strict-origin-when-cross-origin\" allowfullscreen><\/iframe><\/div>\n\t\t<\/div>\n\t<\/div>\n<\/div><\/div><\/div><div class=\"wpb_column vc_column_container vc_col-sm-3\"><div class=\"vc_column-inner\"><div class=\"wpb_wrapper\">\n\t<div class=\"wpb_video_widget wpb_content_element vc_clearfix   vc_video-aspect-ratio-169 vc_video-el-width-100 vc_video-align-left\" >\n\t\t<div class=\"wpb_wrapper\">\n\t\t\t\n\t\t\t<div class=\"wpb_video_wrapper\"><iframe title=\"Disimballaggio dell&#039;incisore laser in fibra BOGONG MOPA | Ha ottenuto la sua seconda macchina per l&#039;incisione laser in fibra BOGONG\" width=\"500\" height=\"281\" src=\"https:\/\/www.youtube.com\/embed\/yENnS0u-uic?feature=oembed\" frameborder=\"0\" allow=\"accelerometer; autoplay; clipboard-write; encrypted-media; gyroscope; picture-in-picture; web-share\" referrerpolicy=\"strict-origin-when-cross-origin\" allowfullscreen><\/iframe><\/div>\n\t\t<\/div>\n\t<\/div>\n<\/div><\/div><\/div><\/div>\n<\/div>","protected":false},"excerpt":{"rendered":"CO2 Laser Marking Machine CO\u2082 laser engravers are named for their use of CO\u2082 gas as the laser medium, wavelength","protected":false},"author":1,"featured_media":0,"parent":1916,"menu_order":0,"comment_status":"closed","ping_status":"closed","template":"","meta":{"footnotes":""},"class_list":["post-2063","page","type-page","status-publish","hentry"],"_links":{"self":[{"href":"https:\/\/www.lasercleaner.tech\/it\/wp-json\/wp\/v2\/pages\/2063","targetHints":{"allow":["GET"]}}],"collection":[{"href":"https:\/\/www.lasercleaner.tech\/it\/wp-json\/wp\/v2\/pages"}],"about":[{"href":"https:\/\/www.lasercleaner.tech\/it\/wp-json\/wp\/v2\/types\/page"}],"author":[{"embeddable":true,"href":"https:\/\/www.lasercleaner.tech\/it\/wp-json\/wp\/v2\/users\/1"}],"replies":[{"embeddable":true,"href":"https:\/\/www.lasercleaner.tech\/it\/wp-json\/wp\/v2\/comments?post=2063"}],"version-history":[{"count":0,"href":"https:\/\/www.lasercleaner.tech\/it\/wp-json\/wp\/v2\/pages\/2063\/revisions"}],"up":[{"embeddable":true,"href":"https:\/\/www.lasercleaner.tech\/it\/wp-json\/wp\/v2\/pages\/1916"}],"wp:attachment":[{"href":"https:\/\/www.lasercleaner.tech\/it\/wp-json\/wp\/v2\/media?parent=2063"}],"curies":[{"name":"wp","href":"https:\/\/api.w.org\/{rel}","templated":true}]}}