{"id":2075,"date":"2024-12-02T15:16:04","date_gmt":"2024-12-02T07:16:04","guid":{"rendered":"https:\/\/bogonglaser.com\/?post_type=product&#038;p=2075"},"modified":"2025-02-13T18:58:46","modified_gmt":"2025-02-13T10:58:46","slug":"all-in-one-fiber-laser-metal-cutting-machine-tube-and-metal-sheet-laser-cutting-machine","status":"publish","type":"product","link":"https:\/\/www.lasercleaner.tech\/fr\/produit\/all-in-one-fiber-laser-metal-cutting-machine-tube-and-metal-sheet-laser-cutting-machine\/","title":{"rendered":"Machine de d\u00e9coupe laser \u00e0 fibre optique pour plaques et tubes"},"content":{"rendered":"<div class=\"wpb-content-wrapper\"><div class=\"vc_row wpb_row vc_row-fluid\"><div class=\"wpb_column vc_column_container vc_col-sm-12\"><div class=\"vc_column-inner\"><div class=\"wpb_wrapper\">\n\t<div class=\"wpb_text_column wpb_content_element\" >\n\t\t<div class=\"wpb_wrapper\">\n\t\t\t<p>A sheet and tube laser cutting machine is versatile, capable of cutting not only metal sheets but also pipes. This fiber laser cutting system integrates both sheet and pipe processing functions, catering to a variety of customer needs such as bevel cutting, drilling, and slotting. This combination significantly saves on costs and space while enhancing production efficiency.<\/p>\n<p>Whether working with metal or non-metal materials, sheet and tube laser cutting machines can accurately cut various shapes and sizes of tubes and sheets with high precision. They produce high-quality edges that typically require no additional cleaning, processing, or finishing, thus minimizing the need for secondary operations.<\/p>\n<p>These CNC fiber laser cutting machines can easily adjust laser settings to accommodate different material types and thicknesses, ranging from 1 to 200 mm. They are suitable for a broad array of metal materials, including stainless steel, carbon steel, copper, aluminum, brass, gold, silver, iron, titanium, galvanized sheets, and various alloys.<\/p>\n\n\t\t<\/div>\n\t<\/div>\n<\/div><\/div><\/div><\/div><div class=\"vc_row wpb_row vc_row-fluid\"><div class=\"wpb_column vc_column_container vc_col-sm-12\"><div class=\"vc_column-inner\"><div class=\"wpb_wrapper\">\n\t<div  class=\"wpb_single_image wpb_content_element vc_align_left wpb_content_element\">\n\t\t\n\t\t<figure class=\"wpb_wrapper vc_figure\">\n\t\t\t<div class=\"vc_single_image-wrapper   vc_box_border_grey\"><\/div>\n\t\t<\/figure>\n\t<\/div>\n<\/div><\/div><\/div><\/div><div class=\"vc_row wpb_row vc_row-fluid\"><div class=\"wpb_column vc_column_container vc_col-sm-12\"><div class=\"vc_column-inner\"><div class=\"wpb_wrapper\">\n\t<div class=\"wpb_text_column wpb_content_element\" >\n\t\t<div class=\"wpb_wrapper\">\n\t\t\t<div class=\"sub-header-divs\">\n<h3>Performance<\/h3>\n<\/div>\n<ul>\n<li>Milieu laser - Laser \u00e0 fibre CW 1070nm \u00e0 l'\u00e9tat solide<\/li>\n<li>Laser Power &#8211;\u00a0 1500W -10000W Fiber Source Options<\/li>\n<li>Puissance - <strong>\u00a0380V 3 phases<\/strong><\/li>\n<li>Pr\u00e9cision de positionnement - \u2264\u00b10,03mm<\/li>\n<li>Pr\u00e9cision de la r\u00e9p\u00e9tabilit\u00e9 - \u2264\u00b10,02mm<\/li>\n<\/ul>\n<div class=\"sub-header-divs\">\n<h3>Syst\u00e8me<\/h3>\n<\/div>\n<ul>\n<li>Syst\u00e8me de conduite - Servo en boucle ferm\u00e9e<\/li>\n<li>Mode de refroidissement - Eau r\u00e9frig\u00e9r\u00e9e<\/li>\n<\/ul>\n\n\t\t<\/div>\n\t<\/div>\n<\/div><\/div><\/div><\/div><div class=\"vc_row wpb_row vc_row-fluid\"><div class=\"wpb_column vc_column_container vc_col-sm-12\"><div class=\"vc_column-inner\"><div class=\"wpb_wrapper\">\n\t<div class=\"wpb_text_column wpb_content_element\" >\n\t\t<div class=\"wpb_wrapper\">\n\t\t\t<p>Fiber laser cutters for sheets and tubes offer two functions in one machine, providing space efficiency and cost savings while being flexible and versatile. Request a quote now!<\/p>\n\n\t\t<\/div>\n\t<\/div>\n<\/div><\/div><\/div><\/div><div class=\"vc_row wpb_row vc_row-fluid\"><div class=\"wpb_column vc_column_container vc_col-sm-12\"><div class=\"vc_column-inner\"><div class=\"wpb_wrapper\">\n\t<div class=\"wpb_text_column wpb_content_element\" >\n\t\t<div class=\"wpb_wrapper\">\n\t\t\t<p>**Pourquoi choisir BOGONG LASER** ?<\/p>\n<p>BOGONG est r\u00e9put\u00e9 pour la qualit\u00e9 de ses \u00e9quipements laser et de son service apr\u00e8s-vente. Nos machines sont polyvalentes et conviviales, con\u00e7ues pour tous les niveaux de comp\u00e9tence. Par-dessus tout, nous accordons la priorit\u00e9 \u00e0 la satisfaction du client. Que vous soyez un expert chevronn\u00e9 ou un d\u00e9butant, BOGONG LASER est l\u00e0 pour vous aider \u00e0 chaque \u00e9tape. Faites-nous confiance et faites confiance \u00e0 notre service, o\u00f9 l'excellence et l'innovation se conjuguent pour votre r\u00e9ussite.<\/p>\n\n\t\t<\/div>\n\t<\/div>\n<\/div><\/div><\/div><\/div>\n<\/div>","protected":false},"excerpt":{"rendered":"<p>The sheet and tube laser cutting machine is designed to cut &#8230; <\/p>","protected":false},"featured_media":2077,"template":"","meta":[],"product_brand":[],"product_cat":[117,92,118],"product_tag":[105,106],"class_list":{"0":"post-2075","1":"product","2":"type-product","3":"status-publish","4":"has-post-thumbnail","6":"product_cat-fiber-laser-cutting-machine","7":"product_cat-laser-cutting-machine","8":"product_cat-laser-metal-cutting-machine","9":"product_tag-fiber-laser-cutting-machine","10":"product_tag-laser-cutting-machine","12":"first","13":"instock","14":"shipping-taxable","15":"product-type-simple"},"_links":{"self":[{"href":"https:\/\/www.lasercleaner.tech\/fr\/wp-json\/wp\/v2\/product\/2075","targetHints":{"allow":["GET"]}}],"collection":[{"href":"https:\/\/www.lasercleaner.tech\/fr\/wp-json\/wp\/v2\/product"}],"about":[{"href":"https:\/\/www.lasercleaner.tech\/fr\/wp-json\/wp\/v2\/types\/product"}],"wp:featuredmedia":[{"embeddable":true,"href":"https:\/\/www.lasercleaner.tech\/fr\/wp-json\/wp\/v2\/media\/2077"}],"wp:attachment":[{"href":"https:\/\/www.lasercleaner.tech\/fr\/wp-json\/wp\/v2\/media?parent=2075"}],"wp:term":[{"taxonomy":"product_brand","embeddable":true,"href":"https:\/\/www.lasercleaner.tech\/fr\/wp-json\/wp\/v2\/product_brand?post=2075"},{"taxonomy":"product_cat","embeddable":true,"href":"https:\/\/www.lasercleaner.tech\/fr\/wp-json\/wp\/v2\/product_cat?post=2075"},{"taxonomy":"product_tag","embeddable":true,"href":"https:\/\/www.lasercleaner.tech\/fr\/wp-json\/wp\/v2\/product_tag?post=2075"}],"curies":[{"name":"wp","href":"https:\/\/api.w.org\/{rel}","templated":true}]}}