{"id":2129,"date":"2024-12-06T11:26:13","date_gmt":"2024-12-06T03:26:13","guid":{"rendered":"https:\/\/bogonglaser.com\/?post_type=product&#038;p=2129"},"modified":"2024-12-06T14:01:49","modified_gmt":"2024-12-06T06:01:49","slug":"3d-uv-laser-marking-machine-2","status":"publish","type":"product","link":"https:\/\/www.lasercleaner.tech\/es\/producto\/3d-uv-laser-marking-machine-2\/","title":{"rendered":"M\u00e1quina de marcado l\u00e1ser UV 3D"},"content":{"rendered":"<div class=\"wpb-content-wrapper\"><div class=\"vc_row wpb_row vc_row-fluid\"><div class=\"wpb_column vc_column_container vc_col-sm-12\"><div class=\"vc_column-inner\"><div class=\"wpb_wrapper\">\n\t<div class=\"wpb_text_column wpb_content_element\" >\n\t\t<div class=\"wpb_wrapper\">\n\t\t\t<h2>What Is a 3D UV Laser Marking Machine?<\/h2>\n<p>3D Laser marking machine with UV laser Source, 3D U Series laser head, powerful lenmark3ds\/Ezcad3 software for image processing, there have a dynamic lens inside of laser head, which can engraving on irregular shape. Main feature as below:<\/p>\n<ul>\n<li>UV laser source<\/li>\n<li>3D Engraving software for image processing<\/li>\n<li>R-axis for marking rings and bracelets<\/li>\n<li>3D UV dynamic laser head<\/li>\n<li>Adjustable focus height 15 to 80 mm<\/li>\n<li>Amplia selecci\u00f3n de<\/li>\n<li>2 a\u00f1os de garant\u00eda<\/li>\n<\/ul>\n\n\t\t<\/div>\n\t<\/div>\n<\/div><\/div><\/div><\/div><div class=\"vc_row wpb_row vc_row-fluid\"><div class=\"wpb_column vc_column_container vc_col-sm-12\"><div class=\"vc_column-inner\"><div class=\"wpb_wrapper\">\n\t<div  class=\"wpb_single_image wpb_content_element vc_align_left wpb_content_element\">\n\t\t\n\t\t<figure class=\"wpb_wrapper vc_figure\">\n\t\t\t<div class=\"vc_single_image-wrapper   vc_box_border_grey\"><img decoding=\"async\" width=\"600\" height=\"400\" src=\"data:image\/svg+xml,%3Csvg%20xmlns%3D&#39;http%3A%2F%2Fwww.w3.org%2F2000%2Fsvg&#39;%20width=&#39;600&#39;%20height=&#39;400&#39;%20viewBox%3D&#39;0%200%20600%20400&#39;%2F%3E\" data-czlz data-src=\"https:\/\/www.lasercleaner.tech\/wp-content\/uploads\/2024\/12\/3D-UV-Laser-Marking-Machine.jpg\" class=\"vc_single_image-img attachment-full\" alt=\"\" title=\"M\u00e1quina de marcado l\u00e1ser UV 3D\" data-srcset=\"https:\/\/www.lasercleaner.tech\/wp-content\/uploads\/2024\/12\/3D-UV-Laser-Marking-Machine.jpg 600w, https:\/\/www.lasercleaner.tech\/wp-content\/uploads\/2024\/12\/3D-UV-Laser-Marking-Machine-300x200.jpg 300w\" data-sizes=\"(max-width: 600px) 100vw, 600px\" \/><\/div>\n\t\t<\/figure>\n\t<\/div>\n<\/div><\/div><\/div><\/div><div class=\"vc_row wpb_row vc_row-fluid\"><div class=\"wpb_column vc_column_container vc_col-sm-12\"><div class=\"vc_column-inner\"><div class=\"wpb_wrapper\">\n\t<div class=\"wpb_video_widget wpb_content_element vc_clearfix   vc_video-aspect-ratio-169 vc_video-el-width-80 vc_video-align-left\" >\n\t\t<div class=\"wpb_wrapper\">\n\t\t\t<h2 class=\"wpb_heading wpb_video_heading\">BOGONG 3D UV Laser Marking Machine Show<\/h2>\n\t\t\t<div class=\"wpb_video_wrapper\"><iframe title=\"Best China 3D Glass Laser Marking Machine | Glass Laser Engraving Machine for Glass\" width=\"500\" height=\"281\" src=\"https:\/\/www.youtube.com\/embed\/Na_1pKoJTMQ?feature=oembed\" frameborder=\"0\" allow=\"accelerometer; autoplay; clipboard-write; encrypted-media; gyroscope; picture-in-picture; web-share\" referrerpolicy=\"strict-origin-when-cross-origin\" allowfullscreen><\/iframe><\/div>\n\t\t<\/div>\n\t<\/div>\n<\/div><\/div><\/div><\/div><div class=\"vc_row wpb_row vc_row-fluid\"><div class=\"wpb_column vc_column_container vc_col-sm-12\"><div class=\"vc_column-inner\"><div class=\"wpb_wrapper\">\n\t<div class=\"wpb_text_column wpb_content_element\" >\n\t\t<div class=\"wpb_wrapper\">\n\t\t\t<h2>Features of the 3D UV Laser Marking Machine:<\/h2>\n<p>1. Versatile Applications<br \/>\nThe 3D laser marking machine is designed for three-dimensional curved surface marking, capable of focusing on fine spots and providing even markings within a tolerance height range of 0 to 80 mm. There is no need for focus adjustments, allowing for seamless marking of irregular products such as curved, inclined, stepped surfaces, spheres, cylinders, and cones in a single operation.<\/p>\n<p>2. Excellent Deep Carving Quality<br \/>\nEquipped with a 3D precision marking system, Ultraviolet Laser source, the machine excels in various engraving needs, including relief, deep engraving, and concave\/convex engraving. It delivers high precision and visually appealing results.<\/p>\n\n\t\t<\/div>\n\t<\/div>\n<\/div><\/div><\/div><\/div><div class=\"vc_row wpb_row vc_row-fluid\"><div class=\"wpb_column vc_column_container vc_col-sm-12\"><div class=\"vc_column-inner\"><div class=\"wpb_wrapper\">\n\t<div class=\"wpb_video_widget wpb_content_element vc_clearfix   vc_video-aspect-ratio-169 vc_video-el-width-80 vc_video-align-left\" >\n\t\t<div class=\"wpb_wrapper\">\n\t\t\t<h2 class=\"wpb_heading wpb_video_heading\">BOGONG 3D UV Laser Marking Machine for Glass bottle<\/h2>\n\t\t\t<div class=\"wpb_video_wrapper\"><iframe title=\"M\u00e1quina de grabado y marcado l\u00e1ser de vidrio | Marcador l\u00e1ser UV 3D\" width=\"500\" height=\"281\" src=\"https:\/\/www.youtube.com\/embed\/F-M4iF703pw?feature=oembed\" frameborder=\"0\" allow=\"accelerometer; autoplay; clipboard-write; encrypted-media; gyroscope; picture-in-picture; web-share\" referrerpolicy=\"strict-origin-when-cross-origin\" allowfullscreen><\/iframe><\/div>\n\t\t<\/div>\n\t<\/div>\n<\/div><\/div><\/div><\/div><div class=\"vc_row wpb_row vc_row-fluid\"><div class=\"wpb_column vc_column_container vc_col-sm-12\"><div class=\"vc_column-inner\"><div class=\"wpb_wrapper\">\n\t<div class=\"wpb_video_widget wpb_content_element vc_clearfix   vc_video-aspect-ratio-169 vc_video-el-width-80 vc_video-align-left\" >\n\t\t<div class=\"wpb_wrapper\">\n\t\t\t<h2 class=\"wpb_heading wpb_video_heading\">3D UV Laser Marking Machine for Glass Relief<\/h2>\n\t\t\t<div class=\"wpb_video_wrapper\"><iframe title=\"3D UV Laser Engraver for Glass Relief Engraving | China 3D UV Laser Marking Machine for Sale\" width=\"500\" height=\"281\" src=\"https:\/\/www.youtube.com\/embed\/GPWp4Pm7TFI?feature=oembed\" frameborder=\"0\" allow=\"accelerometer; autoplay; clipboard-write; encrypted-media; gyroscope; picture-in-picture; web-share\" referrerpolicy=\"strict-origin-when-cross-origin\" allowfullscreen><\/iframe><\/div>\n\t\t<\/div>\n\t<\/div>\n<\/div><\/div><\/div><\/div><div class=\"vc_row wpb_row vc_row-fluid\"><div class=\"wpb_column vc_column_container vc_col-sm-12\"><div class=\"vc_column-inner\"><div class=\"wpb_wrapper\">\n\t<div class=\"wpb_text_column wpb_content_element\" >\n\t\t<div class=\"wpb_wrapper\">\n\t\t\t<h3>Applications of the 3D UV Laser Marking machine<\/h3>\n<ul>\n<li>Marking on various shapes of glass, plastic, wood, etc.<\/li>\n<li>Layered excavation and 3D bas-relief engraving on glass.<\/li>\n<li>Engravings on uneven surfaces with an irregularity of up to 80 mm.<\/li>\n<li>Engraving of photographs, names, designs, and logos, including trademarks.<\/li>\n<\/ul>\n\n\t\t<\/div>\n\t<\/div>\n<\/div><\/div><\/div><\/div><div class=\"vc_row wpb_row vc_row-fluid\"><div class=\"wpb_column vc_column_container vc_col-sm-12\"><div class=\"vc_column-inner\"><div class=\"wpb_wrapper\">\n\t<div  class=\"wpb_single_image wpb_content_element vc_align_left wpb_content_element\">\n\t\t\n\t\t<figure class=\"wpb_wrapper vc_figure\">\n\t\t\t<div class=\"vc_single_image-wrapper   vc_box_border_grey\"><img decoding=\"async\" width=\"1280\" height=\"720\" src=\"data:image\/svg+xml,%3Csvg%20xmlns%3D&#39;http%3A%2F%2Fwww.w3.org%2F2000%2Fsvg&#39;%20width=&#39;1280&#39;%20height=&#39;720&#39;%20viewBox%3D&#39;0%200%201280%20720&#39;%2F%3E\" data-czlz data-src=\"https:\/\/www.lasercleaner.tech\/wp-content\/uploads\/2024\/12\/3D-uv-laser-for-glass.jpg\" class=\"vc_single_image-img attachment-full\" alt=\"\" title=\"3D uv laser for glass\" data-srcset=\"https:\/\/www.lasercleaner.tech\/wp-content\/uploads\/2024\/12\/3D-uv-laser-for-glass.jpg 1280w, https:\/\/www.lasercleaner.tech\/wp-content\/uploads\/2024\/12\/3D-uv-laser-for-glass-300x169.jpg 300w, https:\/\/www.lasercleaner.tech\/wp-content\/uploads\/2024\/12\/3D-uv-laser-for-glass-1024x576.jpg 1024w, https:\/\/www.lasercleaner.tech\/wp-content\/uploads\/2024\/12\/3D-uv-laser-for-glass-768x432.jpg 768w, https:\/\/www.lasercleaner.tech\/wp-content\/uploads\/2024\/12\/3D-uv-laser-for-glass-600x338.jpg 600w, https:\/\/www.lasercleaner.tech\/wp-content\/uploads\/2024\/12\/3D-uv-laser-for-glass-1000x563.jpg 1000w\" data-sizes=\"(max-width: 1280px) 100vw, 1280px\" \/><\/div>\n\t\t<\/figure>\n\t<\/div>\n<\/div><\/div><\/div><\/div><div class=\"vc_row wpb_row vc_row-fluid\"><div class=\"wpb_column vc_column_container vc_col-sm-12\"><div class=\"vc_column-inner\"><div class=\"wpb_wrapper\">\n\t<div class=\"wpb_text_column wpb_content_element\" >\n\t\t<div class=\"wpb_wrapper\">\n\t\t\t<h3>How to Choose the Right 3d UV Laser Marking Machine<\/h3>\n<p>Choosing the right 3D UV laser engraving machine will be important for your business, how to make sure the machine meets your specific needs. Here\u2019s a guide to help you make an informed decision:<\/p>\n<ol>\n<li><strong>Compatibilidad de materiales<\/strong>: Determine the types of materials you plan to engrave (e.g., wood, acrylic, glass). Ensure that the machine you choose can handle these materials effectively.<\/li>\n<li><strong>Laser Power:<\/strong>\n<ul>\n<li>5W<\/li>\n<li>10W<\/li>\n<li>15W<\/li>\n<\/ul>\n<\/li>\n<li><strong>Facilidad de uso<\/strong>: Look for machines with user-friendly software that allows for easy design and operation. Lenmark 3DS and Ezcad3 suggest for 3D relief engraving work.<\/li>\n<li><strong>Asistencia al cliente y garant\u00eda<\/strong>: Investiga las opciones de asistencia del fabricante y la garant\u00eda que ofrece. Un servicio de atenci\u00f3n al cliente fiable puede ser crucial para la resoluci\u00f3n de problemas y el mantenimiento.<\/li>\n<\/ol>\n\n\t\t<\/div>\n\t<\/div>\n<\/div><\/div><\/div><\/div><div class=\"vc_row wpb_row vc_row-fluid\"><div class=\"wpb_column vc_column_container vc_col-sm-12\"><div class=\"vc_column-inner\"><div class=\"wpb_wrapper\">\n\t<div class=\"wpb_text_column wpb_content_element\" >\n\t\t<div class=\"wpb_wrapper\">\n\t\t\t<h2>What we can do for you choose 3D Laser Marking Machine?<\/h2>\n<ul>\n<li><span class=\"magic-19\"><b class=\"magic-19\"><span class=\"magic-18\">Muestras de ensayo gratuitas -<\/span><\/b><span class=\"magic-20\" data-spm-anchor-id=\"a2700.details.0.i41.41d82402R4aegi\">Podemos realizar pruebas de efecto de marcado gratuitas seg\u00fan el material de su producto<\/span><\/span><\/li>\n<li><span class=\"magic-19\"><b class=\"magic-19\"><span class=\"magic-18\">V\u00eddeo en directo.<\/span><\/b><span class=\"magic-20\">Puede ponerse en contacto con nuestros asesores de ventas para ver el proceso de producci\u00f3n y el funcionamiento de la m\u00e1quina en v\u00eddeo en l\u00ednea.<\/span><\/span><\/li>\n<li><span class=\"magic-19\"><b class=\"magic-19\"><span class=\"magic-18\">A medida \/OEM-<\/span><\/b><span class=\"magic-20\" data-spm-anchor-id=\"a2700.details.0.i40.41d82402R4aegi\">M\u00e1quinas personalizadas a petici\u00f3n\uff0cCont\u00e1ctenos<\/span><\/span><\/li>\n<\/ul>\n\n\t\t<\/div>\n\t<\/div>\n<\/div><\/div><\/div><\/div><div class=\"vc_row wpb_row vc_row-fluid\"><div class=\"wpb_column vc_column_container vc_col-sm-12\"><div class=\"vc_column-inner\"><div class=\"wpb_wrapper\">\n\t<div  class=\"wpb_single_image wpb_content_element vc_align_left wpb_content_element\">\n\t\t<h2 class=\"wpb_heading wpb_singleimage_heading\">Special Rotary device for bottle<\/h2>\n\t\t<figure class=\"wpb_wrapper vc_figure\">\n\t\t\t<div class=\"vc_single_image-wrapper   vc_box_border_grey\"><img decoding=\"async\" width=\"608\" height=\"238\" src=\"data:image\/svg+xml,%3Csvg%20xmlns%3D&#39;http%3A%2F%2Fwww.w3.org%2F2000%2Fsvg&#39;%20width=&#39;608&#39;%20height=&#39;238&#39;%20viewBox%3D&#39;0%200%20608%20238&#39;%2F%3E\" data-czlz data-src=\"https:\/\/www.lasercleaner.tech\/wp-content\/uploads\/2024\/12\/bottle-rotary-device.jpg\" class=\"vc_single_image-img attachment-full\" alt=\"\" title=\"bottle rotary device\" data-srcset=\"https:\/\/www.lasercleaner.tech\/wp-content\/uploads\/2024\/12\/bottle-rotary-device.jpg 608w, https:\/\/www.lasercleaner.tech\/wp-content\/uploads\/2024\/12\/bottle-rotary-device-300x117.jpg 300w, https:\/\/www.lasercleaner.tech\/wp-content\/uploads\/2024\/12\/bottle-rotary-device-600x235.jpg 600w\" data-sizes=\"(max-width: 608px) 100vw, 608px\" \/><\/div>\n\t\t<\/figure>\n\t<\/div>\n<\/div><\/div><\/div><\/div><div class=\"vc_row wpb_row vc_row-fluid\"><div class=\"wpb_column vc_column_container vc_col-sm-12\"><div class=\"vc_column-inner\"><div class=\"wpb_wrapper\">\n\t<div class=\"wpb_video_widget wpb_content_element vc_clearfix   vc_video-aspect-ratio-169 vc_video-el-width-100 vc_video-align-left\" >\n\t\t<div class=\"wpb_wrapper\">\n\t\t\t<h2 class=\"wpb_heading wpb_video_heading\">He purchased BOGONG 3D Laser Engraver<\/h2>\n\t\t\t<div class=\"wpb_video_wrapper\"><iframe title=\"LE GUSTA BOGONG 3D M\u00c1QUINA DE GRABADO L\u00c1SER | MEJOR CHINA 3D M\u00c1QUINA DE GRABADO L\u00c1SER PARA LA VENTA\" width=\"500\" height=\"281\" src=\"https:\/\/www.youtube.com\/embed\/aoAF09vq8LE?feature=oembed\" frameborder=\"0\" allow=\"accelerometer; autoplay; clipboard-write; encrypted-media; gyroscope; picture-in-picture; web-share\" referrerpolicy=\"strict-origin-when-cross-origin\" allowfullscreen><\/iframe><\/div>\n\t\t<\/div>\n\t<\/div>\n<\/div><\/div><\/div><\/div><div class=\"vc_row wpb_row vc_row-fluid\"><div class=\"wpb_column vc_column_container vc_col-sm-12\"><div class=\"vc_column-inner\"><div class=\"wpb_wrapper\">\n\t<div class=\"wpb_video_widget wpb_content_element vc_clearfix   vc_video-aspect-ratio-169 vc_video-el-width-100 vc_video-align-left\" >\n\t\t<div class=\"wpb_wrapper\">\n\t\t\t<h2 class=\"wpb_heading wpb_video_heading\">He purchased 3D Laser from BOGONG after compare<\/h2>\n\t\t\t<div class=\"wpb_video_wrapper\"><iframe title=\"\u00bfQu\u00e9 tal BOGONG grabador l\u00e1ser 3D? | Cliente de la India visita BOGONG y compr\u00f3 grabador l\u00e1ser 3D\" width=\"500\" height=\"281\" src=\"https:\/\/www.youtube.com\/embed\/bq8eli66vTM?feature=oembed\" frameborder=\"0\" allow=\"accelerometer; autoplay; clipboard-write; encrypted-media; gyroscope; picture-in-picture; web-share\" referrerpolicy=\"strict-origin-when-cross-origin\" allowfullscreen><\/iframe><\/div>\n\t\t<\/div>\n\t<\/div>\n<\/div><\/div><\/div><\/div><div class=\"vc_row wpb_row vc_row-fluid\"><div class=\"wpb_column vc_column_container vc_col-sm-12\"><div class=\"vc_column-inner\"><div class=\"wpb_wrapper\">\n\t<div class=\"wpb_text_column wpb_content_element\" >\n\t\t<div class=\"wpb_wrapper\">\n\t\t\t<p>Puedes encontrar m\u00e1s opiniones de clientes en el canal de youtube de BOGONG.<\/p>\n\n\t\t<\/div>\n\t<\/div>\n<\/div><\/div><\/div><\/div><div class=\"vc_row wpb_row vc_row-fluid\"><div class=\"wpb_column vc_column_container vc_col-sm-12\"><div class=\"vc_column-inner\"><div class=\"wpb_wrapper\">\n\t<div class=\"wpb_text_column wpb_content_element\" >\n\t\t<div class=\"wpb_wrapper\">\n\t\t\t<p>Condiciones de pago<\/p>\n<p>1. 1. Dep\u00f3sito y saldo: Se requiere un dep\u00f3sito 30% T\/T por adelantado, con el saldo a pagar antes del env\u00edo.<\/p>\n<p>2. Alibaba Trade Assurance: Los pagos pueden procesarse a trav\u00e9s de Alibaba Trade Assurance.<\/p>\n<p>FAQs for the 3D UV Laser Marking Machine<\/p>\n<p>What Is the Packaging for the 3d UV Laser Marking Machine?<br \/>\nNuestras m\u00e1quinas se embalan en tres capas. La capa exterior es una caja de madera, la intermedia est\u00e1 acolchada con espuma para protegerla de las sacudidas y la interior incluye una gruesa bolsa de pl\u00e1stico impermeable.<\/p>\n<p>\u00bfSe da\u00f1ar\u00e1 el paquete durante el transporte?<br \/>\nDise\u00f1amos meticulosamente nuestros embalajes para abordar todos los posibles factores de da\u00f1o, y nuestros agentes de transporte tienen experiencia en transporte seguro. Hemos exportado con \u00e9xito a 180 pa\u00edses, por lo que puede estar seguro de que su paquete llegar\u00e1 en excelentes condiciones.<\/p>\n\n\t\t<\/div>\n\t<\/div>\n<\/div><\/div><\/div><\/div><div class=\"vc_row wpb_row vc_row-fluid\"><div class=\"wpb_column vc_column_container vc_col-sm-12\"><div class=\"vc_column-inner\"><div class=\"wpb_wrapper\">\n\t<div  class=\"wpb_single_image wpb_content_element vc_align_left wpb_content_element\">\n\t\t\n\t\t<figure class=\"wpb_wrapper vc_figure\">\n\t\t\t<div class=\"vc_single_image-wrapper   vc_box_border_grey\"><img decoding=\"async\" width=\"800\" height=\"600\" src=\"data:image\/svg+xml,%3Csvg%20xmlns%3D&#39;http%3A%2F%2Fwww.w3.org%2F2000%2Fsvg&#39;%20width=&#39;800&#39;%20height=&#39;600&#39;%20viewBox%3D&#39;0%200%20800%20600&#39;%2F%3E\" data-czlz data-src=\"https:\/\/www.lasercleaner.tech\/wp-content\/uploads\/2024\/12\/3duv\u6253\u6807\u673a\u5de5\u5382\u7167\u7247-1.png\" class=\"vc_single_image-img attachment-full\" alt=\"3D UV Laser marking machine factory\" title=\"3duv\u6253\u6807\u673a\u5de5\u5382\u7167\u7247 (1)\" data-srcset=\"https:\/\/www.lasercleaner.tech\/wp-content\/uploads\/2024\/12\/3duv\u6253\u6807\u673a\u5de5\u5382\u7167\u7247-1.png 800w, https:\/\/www.lasercleaner.tech\/wp-content\/uploads\/2024\/12\/3duv\u6253\u6807\u673a\u5de5\u5382\u7167\u7247-1-300x225.png 300w, https:\/\/www.lasercleaner.tech\/wp-content\/uploads\/2024\/12\/3duv\u6253\u6807\u673a\u5de5\u5382\u7167\u7247-1-768x576.png 768w, https:\/\/www.lasercleaner.tech\/wp-content\/uploads\/2024\/12\/3duv\u6253\u6807\u673a\u5de5\u5382\u7167\u7247-1-600x450.png 600w\" data-sizes=\"(max-width: 800px) 100vw, 800px\" \/><\/div>\n\t\t<\/figure>\n\t<\/div>\n<\/div><\/div><\/div><\/div><div class=\"vc_row wpb_row vc_row-fluid\"><div class=\"wpb_column vc_column_container vc_col-sm-12\"><div class=\"vc_column-inner\"><div class=\"wpb_wrapper\">\n\t<div  class=\"wpb_single_image wpb_content_element vc_align_left wpb_content_element\">\n\t\t\n\t\t<figure class=\"wpb_wrapper vc_figure\">\n\t\t\t<div class=\"vc_single_image-wrapper   vc_box_border_grey\"><img decoding=\"async\" width=\"750\" height=\"1097\" src=\"data:image\/svg+xml,%3Csvg%20xmlns%3D&#39;http%3A%2F%2Fwww.w3.org%2F2000%2Fsvg&#39;%20width=&#39;750&#39;%20height=&#39;1097&#39;%20viewBox%3D&#39;0%200%20750%201097&#39;%2F%3E\" data-czlz data-src=\"https:\/\/www.lasercleaner.tech\/wp-content\/uploads\/2024\/10\/H41131e375dda4bdf9d9810daf4bf77a8M.jpg\" class=\"vc_single_image-img attachment-full\" alt=\"Packge BOGONG\" title=\"\" data-srcset=\"https:\/\/www.lasercleaner.tech\/wp-content\/uploads\/2024\/10\/H41131e375dda4bdf9d9810daf4bf77a8M.jpg 750w, https:\/\/www.lasercleaner.tech\/wp-content\/uploads\/2024\/10\/H41131e375dda4bdf9d9810daf4bf77a8M-205x300.jpg 205w, https:\/\/www.lasercleaner.tech\/wp-content\/uploads\/2024\/10\/H41131e375dda4bdf9d9810daf4bf77a8M-700x1024.jpg 700w, https:\/\/www.lasercleaner.tech\/wp-content\/uploads\/2024\/10\/H41131e375dda4bdf9d9810daf4bf77a8M-600x878.jpg 600w\" data-sizes=\"(max-width: 750px) 100vw, 750px\" \/><\/div>\n\t\t<\/figure>\n\t<\/div>\n<\/div><\/div><\/div><\/div><div class=\"vc_row wpb_row vc_row-fluid\"><div class=\"wpb_column vc_column_container vc_col-sm-12\"><div class=\"vc_column-inner\"><div class=\"wpb_wrapper\">\n\t<div class=\"wpb_text_column wpb_content_element\" >\n\t\t<div class=\"wpb_wrapper\">\n\t\t\t<p>La mayor\u00eda de los clientes como elegir el transporte por UPS \/ DHL expreso, puede llegar a su destino alrededor de 5-7 d\u00edas, p\u00f3ngase en contacto con BOGONG para obtener m\u00e1s detalles acerca de la m\u00e1quina de marcado l\u00e1ser uv.<\/p>\n\n\t\t<\/div>\n\t<\/div>\n<\/div><\/div><\/div><\/div>\n<\/div>","protected":false},"excerpt":{"rendered":"<h2>M\u00e1quina de marcado l\u00e1ser UV 3D<\/h2>\n<p>A 3D UV laser marking machine use &#8230; <\/p>","protected":false},"featured_media":2130,"template":"","meta":[],"product_brand":[],"product_cat":[93,99],"product_tag":[125,102,124],"class_list":{"0":"post-2129","1":"product","2":"type-product","3":"status-publish","4":"has-post-thumbnail","6":"product_cat-laser-engraving-machine","7":"product_cat-uv-laser-marking-machine","8":"product_tag-3d-laser-marking-machine","9":"product_tag-laser-marking-machine","10":"product_tag-uv-laser-marking-machine","12":"first","13":"instock","14":"shipping-taxable","15":"product-type-simple"},"_links":{"self":[{"href":"https:\/\/www.lasercleaner.tech\/es\/wp-json\/wp\/v2\/product\/2129","targetHints":{"allow":["GET"]}}],"collection":[{"href":"https:\/\/www.lasercleaner.tech\/es\/wp-json\/wp\/v2\/product"}],"about":[{"href":"https:\/\/www.lasercleaner.tech\/es\/wp-json\/wp\/v2\/types\/product"}],"wp:featuredmedia":[{"embeddable":true,"href":"https:\/\/www.lasercleaner.tech\/es\/wp-json\/wp\/v2\/media\/2130"}],"wp:attachment":[{"href":"https:\/\/www.lasercleaner.tech\/es\/wp-json\/wp\/v2\/media?parent=2129"}],"wp:term":[{"taxonomy":"product_brand","embeddable":true,"href":"https:\/\/www.lasercleaner.tech\/es\/wp-json\/wp\/v2\/product_brand?post=2129"},{"taxonomy":"product_cat","embeddable":true,"href":"https:\/\/www.lasercleaner.tech\/es\/wp-json\/wp\/v2\/product_cat?post=2129"},{"taxonomy":"product_tag","embeddable":true,"href":"https:\/\/www.lasercleaner.tech\/es\/wp-json\/wp\/v2\/product_tag?post=2129"}],"curies":[{"name":"wp","href":"https:\/\/api.w.org\/{rel}","templated":true}]}}