{"id":2119,"date":"2024-12-04T17:25:33","date_gmt":"2024-12-04T09:25:33","guid":{"rendered":"https:\/\/bogonglaser.com\/?post_type=product&#038;p=2119"},"modified":"2025-02-13T15:27:03","modified_gmt":"2025-02-13T07:27:03","slug":"30w-fiber-laser-marking-machine","status":"publish","type":"product","link":"https:\/\/www.lasercleaner.tech\/es\/producto\/30w-fiber-laser-marking-machine\/","title":{"rendered":"M\u00e1quina de marcado l\u00e1ser de fibra de 30W"},"content":{"rendered":"<div class=\"wpb-content-wrapper\"><div class=\"vc_row wpb_row vc_row-fluid\"><div class=\"wpb_column vc_column_container vc_col-sm-12\"><div class=\"vc_column-inner\"><div class=\"wpb_wrapper\">\n\t<div class=\"wpb_text_column wpb_content_element\" >\n\t\t<div class=\"wpb_wrapper\">\n\t\t\t<p>Introducing the 30W Fiber Laser Marking Machine, a compact and versatile all-in-one fiber laser marker designed for both power and adaptability. Whether you want to engrave logos, barcodes, serial numbers, or intricate designs, this machine delivers exceptional results for a wide range of applications.<\/p>\n<p>A pesar de su tama\u00f1o compacto, este modelo todo en uno ofrece un rendimiento impresionante, por lo que es perfecto para espacios reducidos y proyectos de marcaje m\u00e1s peque\u00f1os. Su dise\u00f1o ligero y port\u00e1til garantiza un f\u00e1cil manejo, lo que permite realizar marcados precisos y exactos en todo momento, a la vez que funciona a altas velocidades con una eficiencia extraordinaria.<\/p>\n<p>Esta m\u00e1quina es una opci\u00f3n excelente para peque\u00f1as empresas, talleres y aficionados al bricolaje que buscan una soluci\u00f3n de marcado fiable que no sacrifique el rendimiento debido al espacio limitado. Si necesita un marcador l\u00e1ser de fibra eficiente que se adapte perfectamente a su espacio de trabajo, esta es la opci\u00f3n perfecta para usted.<\/p>\n\n\t\t<\/div>\n\t<\/div>\n<\/div><\/div><\/div><\/div><div class=\"vc_row wpb_row vc_row-fluid\"><div class=\"wpb_column vc_column_container vc_col-sm-12\"><div class=\"vc_column-inner\"><div class=\"wpb_wrapper\">\n\t<div  class=\"wpb_single_image wpb_content_element vc_align_left wpb_content_element\">\n\t\t\n\t\t<figure class=\"wpb_wrapper vc_figure\">\n\t\t\t<div class=\"vc_single_image-wrapper   vc_box_border_grey\"><img decoding=\"async\" width=\"1000\" height=\"1000\" src=\"data:image\/svg+xml,%3Csvg%20xmlns%3D&#39;http%3A%2F%2Fwww.w3.org%2F2000%2Fsvg&#39;%20width=&#39;1000&#39;%20height=&#39;1000&#39;%20viewBox%3D&#39;0%200%201000%201000&#39;%2F%3E\" data-czlz data-src=\"https:\/\/www.lasercleaner.tech\/wp-content\/uploads\/2024\/11\/\u5fae\u4fe1\u56fe\u7247_20241125113821.jpg\" class=\"vc_single_image-img attachment-full\" alt=\"all in one laser marking machine for metal\" title=\"\u5fae\u4fe1\u56fe\u7247_20241125113821\" data-srcset=\"https:\/\/www.lasercleaner.tech\/wp-content\/uploads\/2024\/11\/\u5fae\u4fe1\u56fe\u7247_20241125113821.jpg 1000w, https:\/\/www.lasercleaner.tech\/wp-content\/uploads\/2024\/11\/\u5fae\u4fe1\u56fe\u7247_20241125113821-300x300.jpg 300w, https:\/\/www.lasercleaner.tech\/wp-content\/uploads\/2024\/11\/\u5fae\u4fe1\u56fe\u7247_20241125113821-150x150.jpg 150w, https:\/\/www.lasercleaner.tech\/wp-content\/uploads\/2024\/11\/\u5fae\u4fe1\u56fe\u7247_20241125113821-768x768.jpg 768w, https:\/\/www.lasercleaner.tech\/wp-content\/uploads\/2024\/11\/\u5fae\u4fe1\u56fe\u7247_20241125113821-600x600.jpg 600w, https:\/\/www.lasercleaner.tech\/wp-content\/uploads\/2024\/11\/\u5fae\u4fe1\u56fe\u7247_20241125113821-100x100.jpg 100w\" data-sizes=\"(max-width: 1000px) 100vw, 1000px\" \/><\/div>\n\t\t<\/figure>\n\t<\/div>\n<\/div><\/div><\/div><\/div><div class=\"vc_row wpb_row vc_row-fluid\"><div class=\"wpb_column vc_column_container vc_col-sm-12\"><div class=\"vc_column-inner\"><div class=\"wpb_wrapper\">\n\t<div class=\"wpb_text_column wpb_content_element\" >\n\t\t<div class=\"wpb_wrapper\">\n\t\t\t<p>Estas son las principales caracter\u00edsticas de la m\u00e1quina de marcado l\u00e1ser de fibra:<\/p>\n<p>1. Fiber Laser Source: 30w fiber laser source, also you can choose bigger power like 50 or small power 20w in this cabinet. high-quality fiber laser sources from reputable brands like JPT, Raycus, or IPG. You&#8217;ll enjoy excellent laser beam clarity and a long lifespan of up to 100,000 hours.<\/p>\n<p>2. Sistema de esc\u00e1ner galvanom\u00e9trico digital: Esta m\u00e1quina est\u00e1 equipada con un sistema de esc\u00e1ner l\u00e1ser importado de alta velocidad, capaz de alcanzar velocidades de marcado de hasta 8.000 mm\/s, garantizando un funcionamiento eficiente.<\/p>\n<p>3. Soporte para pantalla de PC: El eje Z ajustable se extiende hasta 700 mm, por lo que es perfecto para marcar en materiales m\u00e1s gruesos o altos.<\/p>\n<p>4. Interruptor de control: El panel de control de f\u00e1cil uso cuenta con una parada de emergencia, un interruptor de llave y un interruptor de encendido, lo que facilita el manejo y la identificaci\u00f3n de los controles.<\/p>\n<p>5. 5. Sistema de elevaci\u00f3n: La m\u00e1quina incluye un volante para ajustar c\u00f3modamente la distancia de enfoque del l\u00e1ser, agilizando el proceso de operaci\u00f3n.<\/p>\n<p>6. Puntero de luz roja: Esta \u00fatil funci\u00f3n resalta la zona de marcado antes de que comience el marcado l\u00e1ser propiamente dicho, lo que mejora la precisi\u00f3n y la exactitud.<\/p>\n<p>7. Software de marcaje l\u00e1ser: El software de marcado EZCAD est\u00e1 repleto de potentes herramientas de edici\u00f3n que le permitir\u00e1n crear c\u00f3digos QR, n\u00fameros de serie y diversos logotipos. Es compatible con los formatos de archivo DXF y PLT e incluye un detallado manual de usuario en ingl\u00e9s que le guiar\u00e1 en cada paso del proceso.<\/p>\n<p>8. Lente de exploraci\u00f3n F-theta: Equipada con una lente F-theta Singapore Ronar-Smith de alta calidad, esta m\u00e1quina garantiza que la altura del campo de imagen sea casi proporcional al \u00e1ngulo de escaneado. Mantiene una distorsi\u00f3n lineal inferior a 1% sin necesidad de correcci\u00f3n por software, lo que se traduce en una distorsi\u00f3n m\u00ednima y unos resultados n\u00edtidos y claros. La lente tambi\u00e9n cuenta con revestimientos AR de alta transmisividad para reducir la p\u00e9rdida de potencia y maximizar el rendimiento.<\/p>\n<p>Con estas caracter\u00edsticas avanzadas, la m\u00e1quina de marcado por l\u00e1ser de fibra est\u00e1 dise\u00f1ada para ofrecer precisi\u00f3n, eficacia y facilidad de uso.<\/p>\n\n\t\t<\/div>\n\t<\/div>\n<\/div><\/div><\/div><\/div><div class=\"vc_row wpb_row vc_row-fluid\"><div class=\"wpb_column vc_column_container vc_col-sm-12\"><div class=\"vc_column-inner\"><div class=\"wpb_wrapper\">\n\t<div class=\"wpb_video_widget wpb_content_element vc_clearfix   vc_video-aspect-ratio-169 vc_video-el-width-80 vc_video-align-left\" >\n\t\t<div class=\"wpb_wrapper\">\n\t\t\t<h2 class=\"wpb_heading wpb_video_heading\">BOGONG Todo en una m\u00e1quina de marcado l\u00e1ser Mostrar<\/h2>\n\t\t\t<div class=\"wpb_video_wrapper\"><iframe title=\"Peque\u00f1a m\u00e1quina de marcado l\u00e1ser todo en uno en venta\" width=\"500\" height=\"281\" src=\"https:\/\/www.youtube.com\/embed\/znNbIXDhuHE?feature=oembed\" frameborder=\"0\" allow=\"accelerometer; autoplay; clipboard-write; encrypted-media; gyroscope; picture-in-picture; web-share\" referrerpolicy=\"strict-origin-when-cross-origin\" allowfullscreen><\/iframe><\/div>\n\t\t<\/div>\n\t<\/div>\n<\/div><\/div><\/div><\/div><div class=\"vc_row wpb_row vc_row-fluid\"><div class=\"wpb_column vc_column_container vc_col-sm-12\"><div class=\"vc_column-inner\"><div class=\"wpb_wrapper\">\n\t<div class=\"wpb_text_column wpb_content_element\" >\n\t\t<div class=\"wpb_wrapper\">\n\t\t\t<p>Aplicaci\u00f3n: M\u00e1quina de marcado l\u00e1ser todo en uno para metal, pl\u00e1stico y m\u00e1s.<\/p>\n<p>Nuestras m\u00e1quinas de marcado l\u00e1ser ofrecen una soluci\u00f3n vers\u00e1til y eficaz para marcar una gran variedad de materiales, como metal, pl\u00e1stico y otros. Tanto si necesita grabar logotipos, n\u00fameros de serie o dise\u00f1os intrincados, nuestro l\u00e1ser adaptable puede abordar numerosas aplicaciones, impulsando la productividad al tiempo que garantiza una calidad uniforme en diferentes superficies.<\/p>\n\n\t\t<\/div>\n\t<\/div>\n<\/div><\/div><\/div><\/div><div class=\"vc_row wpb_row vc_row-fluid\"><div class=\"wpb_column vc_column_container vc_col-sm-12\"><div class=\"vc_column-inner\"><div class=\"wpb_wrapper\">\n\t<div class=\"wpb_video_widget wpb_content_element vc_clearfix   vc_video-aspect-ratio-169 vc_video-el-width-80 vc_video-align-left\" >\n\t\t<div class=\"wpb_wrapper\">\n\t\t\t<h2 class=\"wpb_heading wpb_video_heading\">Introducir marcador l\u00e1ser todo en uno<\/h2>\n\t\t\t<div class=\"wpb_video_wrapper\"><iframe title=\"Peque\u00f1a m\u00e1quina de marcado l\u00e1ser todo en uno de fibra | 20W 30W Metal Pl\u00e1stico Marcador L\u00e1ser Impresora Grabadora\" width=\"500\" height=\"281\" src=\"https:\/\/www.youtube.com\/embed\/1gUXk1ygblo?feature=oembed\" frameborder=\"0\" allow=\"accelerometer; autoplay; clipboard-write; encrypted-media; gyroscope; picture-in-picture; web-share\" referrerpolicy=\"strict-origin-when-cross-origin\" allowfullscreen><\/iframe><\/div>\n\t\t<\/div>\n\t<\/div>\n<\/div><\/div><\/div><\/div><div class=\"vc_row wpb_row vc_row-fluid\"><div class=\"wpb_column vc_column_container vc_col-sm-12\"><div class=\"vc_column-inner\"><div class=\"wpb_wrapper\">\n\t<div class=\"wpb_text_column wpb_content_element\" >\n\t\t<div class=\"wpb_wrapper\">\n\t\t\t<h2>\u00bfQu\u00e9 podemos hacer por usted?<\/h2>\n<ul>\n<li><span class=\"magic-19\"><b class=\"magic-19\"><span class=\"magic-18\">Muestras de ensayo gratuitas -<\/span><\/b><span class=\"magic-20\" data-spm-anchor-id=\"a2700.details.0.i41.41d82402R4aegi\">Podemos realizar pruebas de efecto de marcado gratuitas seg\u00fan el material de su producto<\/span><\/span><\/li>\n<li><span class=\"magic-19\"><b class=\"magic-19\"><span class=\"magic-18\">V\u00eddeo en directo.<\/span><\/b><span class=\"magic-20\">Puede ponerse en contacto con nuestros asesores de ventas para ver el proceso de producci\u00f3n y el funcionamiento de la m\u00e1quina en v\u00eddeo en l\u00ednea.<\/span><\/span><\/li>\n<li><span class=\"magic-19\"><b class=\"magic-19\"><span class=\"magic-18\">A medida \/OEM-<\/span><\/b><span class=\"magic-20\" data-spm-anchor-id=\"a2700.details.0.i40.41d82402R4aegi\">M\u00e1quinas personalizadas a petici\u00f3n\uff0cCont\u00e1ctenos<\/span><\/span><\/li>\n<\/ul>\n\n\t\t<\/div>\n\t<\/div>\n<\/div><\/div><\/div><\/div><div class=\"vc_row wpb_row vc_row-fluid\"><div class=\"wpb_column vc_column_container vc_col-sm-12\"><div class=\"vc_column-inner\"><div class=\"wpb_wrapper\">\n\t<div  class=\"wpb_single_image wpb_content_element vc_align_left wpb_content_element\">\n\t\t\n\t\t<figure class=\"wpb_wrapper vc_figure\">\n\t\t\t<div class=\"vc_single_image-wrapper   vc_box_border_grey\"><img decoding=\"async\" width=\"800\" height=\"600\" src=\"data:image\/svg+xml,%3Csvg%20xmlns%3D&#39;http%3A%2F%2Fwww.w3.org%2F2000%2Fsvg&#39;%20width=&#39;800&#39;%20height=&#39;600&#39;%20viewBox%3D&#39;0%200%20800%20600&#39;%2F%3E\" data-czlz data-src=\"https:\/\/www.lasercleaner.tech\/wp-content\/uploads\/2024\/11\/2d\u8ff7\u4f60\u4e00\u4f53\u673a\u5de5\u5382\u5b9e\u62cd2-1.png\" class=\"vc_single_image-img attachment-full\" alt=\"20W laser marking machine\" title=\"2d\u8ff7\u4f60\u4e00\u4f53\u673a\u5de5\u5382\u5b9e\u62cd2 (1)\" data-srcset=\"https:\/\/www.lasercleaner.tech\/wp-content\/uploads\/2024\/11\/2d\u8ff7\u4f60\u4e00\u4f53\u673a\u5de5\u5382\u5b9e\u62cd2-1.png 800w, https:\/\/www.lasercleaner.tech\/wp-content\/uploads\/2024\/11\/2d\u8ff7\u4f60\u4e00\u4f53\u673a\u5de5\u5382\u5b9e\u62cd2-1-300x225.png 300w, https:\/\/www.lasercleaner.tech\/wp-content\/uploads\/2024\/11\/2d\u8ff7\u4f60\u4e00\u4f53\u673a\u5de5\u5382\u5b9e\u62cd2-1-768x576.png 768w, https:\/\/www.lasercleaner.tech\/wp-content\/uploads\/2024\/11\/2d\u8ff7\u4f60\u4e00\u4f53\u673a\u5de5\u5382\u5b9e\u62cd2-1-600x450.png 600w\" data-sizes=\"(max-width: 800px) 100vw, 800px\" \/><\/div>\n\t\t<\/figure>\n\t<\/div>\n<\/div><\/div><\/div><\/div><div class=\"vc_row wpb_row vc_row-fluid\"><div class=\"wpb_column vc_column_container vc_col-sm-12\"><div class=\"vc_column-inner\"><div class=\"wpb_wrapper\">\n\t<div class=\"wpb_text_column wpb_content_element\" >\n\t\t<div class=\"wpb_wrapper\">\n\t\t\t<p>Condiciones de pago<\/p>\n<p>1. 1. Dep\u00f3sito y saldo: Se requiere un dep\u00f3sito 30% T\/T por adelantado, con el saldo a pagar antes del env\u00edo.<\/p>\n<p>2. Alibaba Trade Assurance: Los pagos pueden procesarse a trav\u00e9s de Alibaba Trade Assurance.<\/p>\n<p>FAQs for the 30W Fiber Laser Marking Machine<\/p>\n<p>\u00bfCu\u00e1l es el embalaje de la m\u00e1quina de marcado l\u00e1ser de fibra?<br \/>\nNuestras m\u00e1quinas se embalan en tres capas. La capa exterior es una caja de madera, la intermedia est\u00e1 acolchada con espuma para protegerla de las sacudidas y la interior incluye una gruesa bolsa de pl\u00e1stico impermeable.<\/p>\n<p>\u00bfSe da\u00f1ar\u00e1 el paquete durante el transporte?<br \/>\nDise\u00f1amos meticulosamente nuestros embalajes para abordar todos los posibles factores de da\u00f1o, y nuestros agentes de transporte tienen experiencia en transporte seguro. Hemos exportado con \u00e9xito a 180 pa\u00edses, por lo que puede estar seguro de que su paquete llegar\u00e1 en excelentes condiciones.<\/p>\n\n\t\t<\/div>\n\t<\/div>\n<\/div><\/div><\/div><\/div><div class=\"vc_row wpb_row vc_row-fluid\"><div class=\"wpb_column vc_column_container vc_col-sm-12\"><div class=\"vc_column-inner\"><div class=\"wpb_wrapper\">\n\t<div class=\"wpb_text_column wpb_content_element\" >\n\t\t<div class=\"wpb_wrapper\">\n\t\t\t<p>Puedes encontrar m\u00e1s opiniones de clientes en el canal de youtube de BOGONG.<\/p>\n\n\t\t<\/div>\n\t<\/div>\n<\/div><\/div><\/div><\/div><div class=\"vc_row wpb_row vc_row-fluid\"><div class=\"wpb_column vc_column_container vc_col-sm-12\"><div class=\"vc_column-inner\"><div class=\"wpb_wrapper\">\n\t<div  class=\"wpb_single_image wpb_content_element vc_align_left wpb_content_element\">\n\t\t\n\t\t<figure class=\"wpb_wrapper vc_figure\">\n\t\t\t<div class=\"vc_single_image-wrapper   vc_box_border_grey\"><img decoding=\"async\" width=\"800\" height=\"600\" src=\"data:image\/svg+xml,%3Csvg%20xmlns%3D&#39;http%3A%2F%2Fwww.w3.org%2F2000%2Fsvg&#39;%20width=&#39;800&#39;%20height=&#39;600&#39;%20viewBox%3D&#39;0%200%20800%20600&#39;%2F%3E\" data-czlz data-src=\"https:\/\/www.lasercleaner.tech\/wp-content\/uploads\/2024\/11\/2d\u8ff7\u4f60\u4e00\u4f53\u673a\u5de5\u5382\u7167\u72471-1.png\" class=\"vc_single_image-img attachment-full\" alt=\"laser marking machine\" title=\"2d\u8ff7\u4f60\u4e00\u4f53\u673a\u5de5\u5382\u7167\u72471 (1)\" data-srcset=\"https:\/\/www.lasercleaner.tech\/wp-content\/uploads\/2024\/11\/2d\u8ff7\u4f60\u4e00\u4f53\u673a\u5de5\u5382\u7167\u72471-1.png 800w, https:\/\/www.lasercleaner.tech\/wp-content\/uploads\/2024\/11\/2d\u8ff7\u4f60\u4e00\u4f53\u673a\u5de5\u5382\u7167\u72471-1-300x225.png 300w, https:\/\/www.lasercleaner.tech\/wp-content\/uploads\/2024\/11\/2d\u8ff7\u4f60\u4e00\u4f53\u673a\u5de5\u5382\u7167\u72471-1-768x576.png 768w, https:\/\/www.lasercleaner.tech\/wp-content\/uploads\/2024\/11\/2d\u8ff7\u4f60\u4e00\u4f53\u673a\u5de5\u5382\u7167\u72471-1-600x450.png 600w\" data-sizes=\"(max-width: 800px) 100vw, 800px\" \/><\/div>\n\t\t<\/figure>\n\t<\/div>\n<\/div><\/div><\/div><\/div><div class=\"vc_row wpb_row vc_row-fluid\"><div class=\"wpb_column vc_column_container vc_col-sm-12\"><div class=\"vc_column-inner\"><div class=\"wpb_wrapper\">\n\t<div class=\"wpb_text_column wpb_content_element\" >\n\t\t<div class=\"wpb_wrapper\">\n\t\t\t<p>La mayor\u00eda de los clientes como elegir el transporte por UPS \/ DHL expreso, que puede llegar a su destino alrededor de 5-7 d\u00edas, p\u00f3ngase en contacto con BOGONG para obtener m\u00e1s detalles sobre la fibra l\u00e1ser m\u00e1quina de marcado<\/p>\n\n\t\t<\/div>\n\t<\/div>\n<\/div><\/div><\/div><\/div>\n<\/div>","protected":false},"excerpt":{"rendered":"<h2>M\u00e1quina de marcado l\u00e1ser de fibra de 30W<\/h2>\n<p>BOGONG 30W laser marking machine addopt 30W &#8230; <\/p>","protected":false},"featured_media":1966,"template":"","meta":[],"product_brand":[],"product_cat":[97,93],"product_tag":[104,102],"class_list":{"0":"post-2119","1":"product","2":"type-product","3":"status-publish","4":"has-post-thumbnail","6":"product_cat-fiber-laser-marker","7":"product_cat-laser-engraving-machine","8":"product_tag-laser-marker","9":"product_tag-laser-marking-machine","11":"first","12":"instock","13":"shipping-taxable","14":"product-type-simple"},"_links":{"self":[{"href":"https:\/\/www.lasercleaner.tech\/es\/wp-json\/wp\/v2\/product\/2119","targetHints":{"allow":["GET"]}}],"collection":[{"href":"https:\/\/www.lasercleaner.tech\/es\/wp-json\/wp\/v2\/product"}],"about":[{"href":"https:\/\/www.lasercleaner.tech\/es\/wp-json\/wp\/v2\/types\/product"}],"wp:featuredmedia":[{"embeddable":true,"href":"https:\/\/www.lasercleaner.tech\/es\/wp-json\/wp\/v2\/media\/1966"}],"wp:attachment":[{"href":"https:\/\/www.lasercleaner.tech\/es\/wp-json\/wp\/v2\/media?parent=2119"}],"wp:term":[{"taxonomy":"product_brand","embeddable":true,"href":"https:\/\/www.lasercleaner.tech\/es\/wp-json\/wp\/v2\/product_brand?post=2119"},{"taxonomy":"product_cat","embeddable":true,"href":"https:\/\/www.lasercleaner.tech\/es\/wp-json\/wp\/v2\/product_cat?post=2119"},{"taxonomy":"product_tag","embeddable":true,"href":"https:\/\/www.lasercleaner.tech\/es\/wp-json\/wp\/v2\/product_tag?post=2119"}],"curies":[{"name":"wp","href":"https:\/\/api.w.org\/{rel}","templated":true}]}}