{"id":1904,"date":"2024-11-21T14:41:07","date_gmt":"2024-11-21T06:41:07","guid":{"rendered":"https:\/\/bogonglaser.com\/?post_type=product&#038;p=1904"},"modified":"2024-11-21T15:48:01","modified_gmt":"2024-11-21T07:48:01","slug":"cw-laser-cleaning-machine","status":"publish","type":"product","link":"https:\/\/www.lasercleaner.tech\/es\/producto\/cw-laser-cleaning-machine\/","title":{"rendered":"M\u00e1quina recortadora l\u00e1ser CW"},"content":{"rendered":"<div class=\"wpb-content-wrapper\"><div class=\"vc_row wpb_row vc_row-fluid\"><div class=\"wpb_column vc_column_container vc_col-sm-12\"><div class=\"vc_column-inner\"><div class=\"wpb_wrapper\">\n\t<div class=\"wpb_text_column wpb_content_element\" >\n\t\t<div class=\"wpb_wrapper\">\n\t\t\t<p>La m\u00e1quina de limpieza l\u00e1ser de fibra CW facilita la eliminaci\u00f3n de contaminantes org\u00e1nicos y materiales inorg\u00e1nicos como corrosi\u00f3n met\u00e1lica, part\u00edculas met\u00e1licas y polvo de una gran variedad de superficies, como metal, pl\u00e1stico, cer\u00e1mica, vidrio, piedra y hormig\u00f3n.<\/p>\n<p>Es perfecta para limpiar grandes superficies, como grandes estructuras de acero o tuber\u00edas.<\/p>\n<p>Este avanzado limpiador l\u00e1ser funciona sin contacto y no requiere agentes qu\u00edmicos, lo que garantiza una limpieza eficaz y respetuosa con el medio ambiente.<\/p>\n\n\t\t<\/div>\n\t<\/div>\n<\/div><\/div><\/div><\/div><div class=\"vc_row wpb_row vc_row-fluid\"><div class=\"wpb_column vc_column_container vc_col-sm-12\"><div class=\"vc_column-inner\"><div class=\"wpb_wrapper\">\n\t<div  class=\"wpb_single_image wpb_content_element vc_align_left wpb_content_element\">\n\t\t\n\t\t<figure class=\"wpb_wrapper vc_figure\">\n\t\t\t<div class=\"vc_single_image-wrapper   vc_box_border_grey\"><img decoding=\"async\" width=\"700\" height=\"394\" src=\"data:image\/svg+xml,%3Csvg%20xmlns%3D&#39;http%3A%2F%2Fwww.w3.org%2F2000%2Fsvg&#39;%20width=&#39;700&#39;%20height=&#39;394&#39;%20viewBox%3D&#39;0%200%20700%20394&#39;%2F%3E\" data-czlz data-src=\"https:\/\/www.lasercleaner.tech\/wp-content\/uploads\/2024\/11\/LASER-WELDER.jpg\" class=\"vc_single_image-img attachment-full\" alt=\"\" title=\"SOLDADOR L\u00c1SER\" data-srcset=\"https:\/\/www.lasercleaner.tech\/wp-content\/uploads\/2024\/11\/LASER-WELDER.jpg 700w, https:\/\/www.lasercleaner.tech\/wp-content\/uploads\/2024\/11\/LASER-WELDER-300x169.jpg 300w, https:\/\/www.lasercleaner.tech\/wp-content\/uploads\/2024\/11\/LASER-WELDER-600x338.jpg 600w\" data-sizes=\"(max-width: 700px) 100vw, 700px\" \/><\/div>\n\t\t<\/figure>\n\t<\/div>\n<\/div><\/div><\/div><\/div><div class=\"vc_row wpb_row vc_row-fluid\"><div class=\"wpb_column vc_column_container vc_col-sm-12\"><div class=\"vc_column-inner\"><div class=\"wpb_wrapper\">\n\t<div class=\"wpb_text_column wpb_content_element\" >\n\t\t<div class=\"wpb_wrapper\">\n\t\t\t<p>Ya sea para eliminar el \u00f3xido de puentes o limpiar grandes instalaciones met\u00e1licas como estadios y f\u00e1bricas, la m\u00e1quina de limpieza l\u00e1ser Bogong 2000W\/3000W es perfecta para una gran variedad de tareas de limpieza industrial. Con la tecnolog\u00eda de limpieza industrial de \u00faltima generaci\u00f3n, se beneficiar\u00e1 de una mayor eficacia y seguridad.<\/p>\n<p>La m\u00e1quina de limpieza y eliminaci\u00f3n de \u00f3xido l\u00e1ser de fibra CW de BOGONG est\u00e1 dise\u00f1ada para ser duradera, ofrece una limpieza de superficies excepcional que puede elevar sus procesos de producci\u00f3n. Invierta en la m\u00e1quina de limpieza l\u00e1ser de fibra CW de 2000W\/3000W y vea c\u00f3mo la tecnolog\u00eda de limpieza l\u00e1ser puede transformar sus operaciones. Aumente su productividad, mantenga la seguridad y cumpla las normas medioambientales con esta herramienta vital para cualquier empresa con visi\u00f3n de futuro.<\/p>\n\n\t\t<\/div>\n\t<\/div>\n<\/div><\/div><\/div><\/div><div class=\"vc_row wpb_row vc_row-fluid\"><div class=\"wpb_column vc_column_container vc_col-sm-12\"><div class=\"vc_column-inner\"><div class=\"wpb_wrapper\">\n\t<div  class=\"wpb_single_image wpb_content_element vc_align_left wpb_content_element\">\n\t\t\n\t\t<figure class=\"wpb_wrapper vc_figure\">\n\t\t\t<div class=\"vc_single_image-wrapper   vc_box_border_grey\"><img decoding=\"async\" width=\"700\" height=\"394\" src=\"data:image\/svg+xml,%3Csvg%20xmlns%3D&#39;http%3A%2F%2Fwww.w3.org%2F2000%2Fsvg&#39;%20width=&#39;700&#39;%20height=&#39;394&#39;%20viewBox%3D&#39;0%200%20700%20394&#39;%2F%3E\" data-czlz data-src=\"https:\/\/www.lasercleaner.tech\/wp-content\/uploads\/2024\/11\/handheld-laser-cleaner.jpg\" class=\"vc_single_image-img attachment-full\" alt=\"\" title=\"limpiador l\u00e1ser de mano\" data-srcset=\"https:\/\/www.lasercleaner.tech\/wp-content\/uploads\/2024\/11\/handheld-laser-cleaner.jpg 700w, https:\/\/www.lasercleaner.tech\/wp-content\/uploads\/2024\/11\/handheld-laser-cleaner-300x169.jpg 300w, https:\/\/www.lasercleaner.tech\/wp-content\/uploads\/2024\/11\/handheld-laser-cleaner-600x338.jpg 600w\" data-sizes=\"(max-width: 700px) 100vw, 700px\" \/><\/div>\n\t\t<\/figure>\n\t<\/div>\n<\/div><\/div><\/div><\/div><div class=\"vc_row wpb_row vc_row-fluid\"><div class=\"wpb_column vc_column_container vc_col-sm-12\"><div class=\"vc_column-inner\"><div class=\"wpb_wrapper\">\n\t<div class=\"wpb_text_column wpb_content_element\" >\n\t\t<div class=\"wpb_wrapper\">\n\t\t\t<p>Esta tecnolog\u00eda utiliza un rayo l\u00e1ser de alta potencia. Cuando el haz incide en una superficie, la luz y el calor son absorbidos, provocando una reacci\u00f3n. Cuando alcanza un determinado nivel de energ\u00eda, rompe los enlaces moleculares de la superficie y vaporiza el material.<\/p>\n<p>Normalmente, la suciedad o los contaminantes de la superficie tienen un umbral de energ\u00eda m\u00e1s bajo para esta reacci\u00f3n que el material subyacente. Esto significa que la suciedad se vaporizar\u00e1 primero, con el consiguiente da\u00f1o m\u00ednimo para la superficie subyacente.<\/p>\n\n\t\t<\/div>\n\t<\/div>\n<\/div><\/div><\/div><\/div><div class=\"vc_row wpb_row vc_row-fluid\"><div class=\"wpb_column vc_column_container vc_col-sm-12\"><div class=\"vc_column-inner\"><div class=\"wpb_wrapper\">\n\t<div  class=\"wpb_single_image wpb_content_element vc_align_left wpb_content_element\">\n\t\t\n\t\t<figure class=\"wpb_wrapper vc_figure\">\n\t\t\t<div class=\"vc_single_image-wrapper   vc_box_border_grey\"><img decoding=\"async\" width=\"600\" height=\"400\" src=\"data:image\/svg+xml,%3Csvg%20xmlns%3D&#39;http%3A%2F%2Fwww.w3.org%2F2000%2Fsvg&#39;%20width=&#39;600&#39;%20height=&#39;400&#39;%20viewBox%3D&#39;0%200%20600%20400&#39;%2F%3E\" data-czlz data-src=\"https:\/\/www.lasercleaner.tech\/wp-content\/uploads\/2024\/11\/cw-laser-welder.jpg\" class=\"vc_single_image-img attachment-full\" alt=\"\" title=\"soldador l\u00e1ser cw\" data-srcset=\"https:\/\/www.lasercleaner.tech\/wp-content\/uploads\/2024\/11\/cw-laser-welder.jpg 600w, https:\/\/www.lasercleaner.tech\/wp-content\/uploads\/2024\/11\/cw-laser-welder-300x200.jpg 300w\" data-sizes=\"(max-width: 600px) 100vw, 600px\" \/><\/div>\n\t\t<\/figure>\n\t<\/div>\n<\/div><\/div><\/div><\/div><div class=\"vc_row wpb_row vc_row-fluid\"><div class=\"wpb_column vc_column_container vc_col-sm-12\"><div class=\"vc_column-inner\"><div class=\"wpb_wrapper\">\n\t<div class=\"wpb_video_widget wpb_content_element vc_clearfix   vc_video-aspect-ratio-169 vc_video-el-width-100 vc_video-align-left\" >\n\t\t<div class=\"wpb_wrapper\">\n\t\t\t\n\t\t\t<div class=\"wpb_video_wrapper\"><iframe title=\"M\u00e1s peque\u00f1o 1000W 1500W 2000W \u00f3xido m\u00e1quina de limpieza l\u00e1ser con fibra Raycus Max Reci fuente l\u00e1ser\" width=\"413\" height=\"310\" src=\"https:\/\/www.youtube.com\/embed\/-or9ILVlGFA?feature=oembed\" frameborder=\"0\" allow=\"accelerometer; autoplay; clipboard-write; encrypted-media; gyroscope; picture-in-picture; web-share\" referrerpolicy=\"strict-origin-when-cross-origin\" allowfullscreen><\/iframe><\/div>\n\t\t<\/div>\n\t<\/div>\n<\/div><\/div><\/div><\/div><div class=\"vc_row wpb_row vc_row-fluid\"><div class=\"wpb_column vc_column_container vc_col-sm-12\"><div class=\"vc_column-inner\"><div class=\"wpb_wrapper\">\n\t<div class=\"wpb_text_column wpb_content_element\" >\n\t\t<div class=\"wpb_wrapper\">\n\t\t\t<p>Ventajas:<\/p>\n<p>- Limpieza sin contacto, que minimiza los da\u00f1os al sustrato base.<br \/>\n- Limpieza de precisi\u00f3n: Se centra en \u00e1reas espec\u00edficas utilizando ajustes de haz personalizados.<br \/>\n- Limpieza selectiva: Elimina individualmente las distintas capas de suciedad en funci\u00f3n de sus umbrales de ablaci\u00f3n.<br \/>\n- Alta eficacia de limpieza.<br \/>\n- Dise\u00f1o compacto y estable, que requiere un mantenimiento m\u00ednimo.<br \/>\n- De f\u00e1cil manejo, o puede integrarse con un brazo rob\u00f3tico para una limpieza automatizada.<br \/>\n- No se necesitan productos qu\u00edmicos, hielo seco ni otros materiales de limpieza. Solo unos pocos consumibles lo hacen seguro y respetuoso con el medio ambiente.<\/p>\n\n\t\t<\/div>\n\t<\/div>\n<\/div><\/div><\/div><\/div><div class=\"vc_row wpb_row vc_row-fluid\"><div class=\"wpb_column vc_column_container vc_col-sm-12\"><div class=\"vc_column-inner\"><div class=\"wpb_wrapper\">\n\t<div class=\"wpb_text_column wpb_content_element\" >\n\t\t<div class=\"wpb_wrapper\">\n\t\t\t<p><strong>Muestras de soldadura l\u00e1ser<\/strong><\/p>\n\n\t\t<\/div>\n\t<\/div>\n\n\t<div  class=\"wpb_single_image wpb_content_element vc_align_left wpb_content_element\">\n\t\t\n\t\t<figure class=\"wpb_wrapper vc_figure\">\n\t\t\t<div class=\"vc_single_image-wrapper   vc_box_border_grey\"><img decoding=\"async\" width=\"800\" height=\"600\" src=\"data:image\/svg+xml,%3Csvg%20xmlns%3D&#39;http%3A%2F%2Fwww.w3.org%2F2000%2Fsvg&#39;%20width=&#39;800&#39;%20height=&#39;600&#39;%20viewBox%3D&#39;0%200%20800%20600&#39;%2F%3E\" data-czlz data-src=\"https:\/\/www.lasercleaner.tech\/wp-content\/uploads\/2024\/11\/\u56fd\u6e901000w\u6e05\u6d17\u673a\u6837\u54c1\u7167\u7247-1.png\" class=\"vc_single_image-img attachment-full\" alt=\"500W pusle laser cleaning machine\" title=\"Limpiador l\u00e1ser de pulsos de 500 W\" data-srcset=\"https:\/\/www.lasercleaner.tech\/wp-content\/uploads\/2024\/11\/\u56fd\u6e901000w\u6e05\u6d17\u673a\u6837\u54c1\u7167\u7247-1.png 800w, https:\/\/www.lasercleaner.tech\/wp-content\/uploads\/2024\/11\/\u56fd\u6e901000w\u6e05\u6d17\u673a\u6837\u54c1\u7167\u7247-1-300x225.png 300w, https:\/\/www.lasercleaner.tech\/wp-content\/uploads\/2024\/11\/\u56fd\u6e901000w\u6e05\u6d17\u673a\u6837\u54c1\u7167\u7247-1-768x576.png 768w, https:\/\/www.lasercleaner.tech\/wp-content\/uploads\/2024\/11\/\u56fd\u6e901000w\u6e05\u6d17\u673a\u6837\u54c1\u7167\u7247-1-600x450.png 600w\" data-sizes=\"(max-width: 800px) 100vw, 800px\" \/><\/div>\n\t\t<\/figure>\n\t<\/div>\n<\/div><\/div><\/div><\/div><div class=\"vc_row wpb_row vc_row-fluid\"><div class=\"wpb_column vc_column_container vc_col-sm-12\"><div class=\"vc_column-inner\"><div class=\"wpb_wrapper\">\n\t<div class=\"wpb_text_column wpb_content_element\" >\n\t\t<div class=\"wpb_wrapper\">\n\t\t\t<p>\u00bfPor qu\u00e9 cada vez m\u00e1s fabricantes recurren a la limpieza l\u00e1ser para preparar el material?<\/p>\n<p>La limpieza por l\u00e1ser presenta varias ventajas sobre los m\u00e9todos tradicionales. Por un lado, elimina la necesidad de disolventes y materiales abrasivos, que pueden complicar su eliminaci\u00f3n. A diferencia de otros procesos que pueden carecer de precisi\u00f3n y a menudo requieren intervenci\u00f3n manual, la limpieza por l\u00e1ser permite una aplicaci\u00f3n controlada en zonas espec\u00edficas de una pieza. Este proceso puede automatizarse f\u00e1cilmente para mejorar la productividad y garantiza la repetibilidad que exigen ahora muchas normas de calidad. Como resultado, los fabricantes est\u00e1n descubriendo que la limpieza por l\u00e1ser es una opci\u00f3n m\u00e1s eficaz y fiable para la preparaci\u00f3n de materiales.<\/p>\n\n\t\t<\/div>\n\t<\/div>\n<\/div><\/div><\/div><\/div><div class=\"vc_row wpb_row vc_row-fluid\"><div class=\"wpb_column vc_column_container vc_col-sm-6\"><div class=\"vc_column-inner\"><div class=\"wpb_wrapper\">\n\t<div class=\"wpb_text_column wpb_content_element\" >\n\t\t<div class=\"wpb_wrapper\">\n\t\t\t<h3><strong>Sistema de limpieza por l\u00e1ser<\/strong><\/h3>\n<p>Los l\u00e1seres pueden proporcionar limpieza y preparaci\u00f3n de superficies a alta velocidad en pr\u00e1cticamente todas las industrias. Este proceso de bajo mantenimiento y f\u00e1cil automatizaci\u00f3n puede utilizarse para eliminar aceite y grasa, decapar pintura o revestimientos o modificar la textura de la superficie, por ejemplo, a\u00f1adiendo rugosidad para aumentar la adherencia.<\/p>\n<p>No se utilizan materiales abrasivos, por lo que no hay problemas de separaci\u00f3n y eliminaci\u00f3n de contaminantes<\/p>\n<p>No se utilizan disolventes: proceso sin productos qu\u00edmicos y respetuoso con el medio ambiente<\/p>\n<p>Selectiva desde el punto de vista espacial: limpia s\u00f3lo la zona necesaria, lo que ahorra tiempo y costes al ignorar las regiones que no interesan.<\/p>\n\n\t\t<\/div>\n\t<\/div>\n<\/div><\/div><\/div><div class=\"wpb_column vc_column_container vc_col-sm-6\"><div class=\"vc_column-inner\"><div class=\"wpb_wrapper\">\n\t<div  class=\"wpb_single_image wpb_content_element vc_align_left wpb_content_element\">\n\t\t\n\t\t<figure class=\"wpb_wrapper vc_figure\">\n\t\t\t<div class=\"vc_single_image-wrapper   vc_box_border_grey\"><img decoding=\"async\" width=\"600\" height=\"366\" src=\"data:image\/svg+xml,%3Csvg%20xmlns%3D&#39;http%3A%2F%2Fwww.w3.org%2F2000%2Fsvg&#39;%20width=&#39;600&#39;%20height=&#39;366&#39;%20viewBox%3D&#39;0%200%20600%20366&#39;%2F%3E\" data-czlz data-src=\"https:\/\/www.lasercleaner.tech\/wp-content\/uploads\/2024\/11\/laser-cleaning-machine-cw.jpg\" class=\"vc_single_image-img attachment-full\" alt=\"\" title=\"m\u00e1quina de limpieza l\u00e1ser cw\" data-srcset=\"https:\/\/www.lasercleaner.tech\/wp-content\/uploads\/2024\/11\/laser-cleaning-machine-cw.jpg 600w, https:\/\/www.lasercleaner.tech\/wp-content\/uploads\/2024\/11\/laser-cleaning-machine-cw-300x183.jpg 300w\" data-sizes=\"(max-width: 600px) 100vw, 600px\" \/><\/div>\n\t\t<\/figure>\n\t<\/div>\n<\/div><\/div><\/div><\/div><div class=\"vc_row wpb_row vc_row-fluid\"><div class=\"wpb_column vc_column_container vc_col-sm-12\"><div class=\"vc_column-inner\"><div class=\"wpb_wrapper\">\n\t<div class=\"wpb_text_column wpb_content_element\" >\n\t\t<div class=\"wpb_wrapper\">\n\t\t\t<p><strong>Paquete de soldador l\u00e1ser<\/strong><\/p>\n\n\t\t<\/div>\n\t<\/div>\n\n\t<div  class=\"wpb_single_image wpb_content_element vc_align_left wpb_content_element\">\n\t\t\n\t\t<figure class=\"wpb_wrapper vc_figure\">\n\t\t\t<div class=\"vc_single_image-wrapper   vc_box_border_grey\"><img decoding=\"async\" width=\"719\" height=\"280\" src=\"data:image\/svg+xml,%3Csvg%20xmlns%3D&#39;http%3A%2F%2Fwww.w3.org%2F2000%2Fsvg&#39;%20width=&#39;719&#39;%20height=&#39;280&#39;%20viewBox%3D&#39;0%200%20719%20280&#39;%2F%3E\" data-czlz data-src=\"https:\/\/www.lasercleaner.tech\/wp-content\/uploads\/2024\/11\/laser-welder-machine-1.jpg\" class=\"vc_single_image-img attachment-full\" alt=\"\" title=\"m\u00e1quina de soldadura l\u00e1ser (1)\" data-srcset=\"https:\/\/www.lasercleaner.tech\/wp-content\/uploads\/2024\/11\/laser-welder-machine-1.jpg 719w, https:\/\/www.lasercleaner.tech\/wp-content\/uploads\/2024\/11\/laser-welder-machine-1-300x117.jpg 300w, https:\/\/www.lasercleaner.tech\/wp-content\/uploads\/2024\/11\/laser-welder-machine-1-600x234.jpg 600w\" data-sizes=\"(max-width: 719px) 100vw, 719px\" \/><\/div>\n\t\t<\/figure>\n\t<\/div>\n<\/div><\/div><\/div><\/div><div class=\"vc_row wpb_row vc_row-fluid\"><div class=\"wpb_column vc_column_container vc_col-sm-12\"><div class=\"vc_column-inner\"><div class=\"wpb_wrapper\">\n\t<div class=\"wpb_text_column wpb_content_element\" >\n\t\t<div class=\"wpb_wrapper\">\n\t\t\t<p>**\u00bfPor qu\u00e9 elegir el l\u00e1ser BOGONG?<\/p>\n<p>BOGONG famoso por su calidad de los equipos l\u00e1ser y el servicio de servicio post-venta, Nuestras m\u00e1quinas son vers\u00e1tiles y f\u00e1ciles de usar, dise\u00f1ado con todos los niveles de habilidad en mente. Por encima de todo, damos prioridad a la satisfacci\u00f3n del cliente. Si usted es un experto o un principiante, BOGONG LASER est\u00e1 aqu\u00ed para apoyarle en cada paso del camino. Conf\u00ede en nosotros y en nuestro servicio, donde la excelencia y la innovaci\u00f3n se unen para su \u00e9xito.<\/p>\n\n\t\t<\/div>\n\t<\/div>\n<\/div><\/div><\/div><\/div>\n<\/div>","protected":false},"excerpt":{"rendered":"<h1>M\u00e1quina de limpieza l\u00e1ser de fibra CW<\/h1>\n<p>If you want remove rust on large &#8230; <\/p>","protected":false},"featured_media":1821,"template":"","meta":[],"product_brand":[],"product_cat":[94],"product_tag":[109,108,107],"class_list":{"0":"post-1904","1":"product","2":"type-product","3":"status-publish","4":"has-post-thumbnail","6":"product_cat-laser-cleaning-machine","7":"product_tag-fiber-laser-welder","8":"product_tag-handheld-laser-welder","9":"product_tag-laser-welding-machine","11":"first","12":"instock","13":"shipping-taxable","14":"product-type-simple"},"_links":{"self":[{"href":"https:\/\/www.lasercleaner.tech\/es\/wp-json\/wp\/v2\/product\/1904","targetHints":{"allow":["GET"]}}],"collection":[{"href":"https:\/\/www.lasercleaner.tech\/es\/wp-json\/wp\/v2\/product"}],"about":[{"href":"https:\/\/www.lasercleaner.tech\/es\/wp-json\/wp\/v2\/types\/product"}],"wp:featuredmedia":[{"embeddable":true,"href":"https:\/\/www.lasercleaner.tech\/es\/wp-json\/wp\/v2\/media\/1821"}],"wp:attachment":[{"href":"https:\/\/www.lasercleaner.tech\/es\/wp-json\/wp\/v2\/media?parent=1904"}],"wp:term":[{"taxonomy":"product_brand","embeddable":true,"href":"https:\/\/www.lasercleaner.tech\/es\/wp-json\/wp\/v2\/product_brand?post=1904"},{"taxonomy":"product_cat","embeddable":true,"href":"https:\/\/www.lasercleaner.tech\/es\/wp-json\/wp\/v2\/product_cat?post=1904"},{"taxonomy":"product_tag","embeddable":true,"href":"https:\/\/www.lasercleaner.tech\/es\/wp-json\/wp\/v2\/product_tag?post=1904"}],"curies":[{"name":"wp","href":"https:\/\/api.w.org\/{rel}","templated":true}]}}