{"id":1869,"date":"2024-11-20T16:27:34","date_gmt":"2024-11-20T08:27:34","guid":{"rendered":"https:\/\/bogonglaser.com\/?post_type=product&#038;p=1869"},"modified":"2024-11-21T14:35:29","modified_gmt":"2024-11-21T06:35:29","slug":"air-cooling-handheld-laser-welding-machine-for-sale","status":"publish","type":"product","link":"https:\/\/www.lasercleaner.tech\/es\/producto\/air-cooling-handheld-laser-welding-machine-for-sale\/","title":{"rendered":"Venta de m\u00e1quinas de soldadura l\u00e1ser port\u00e1tiles con refrigeraci\u00f3n por aire"},"content":{"rendered":"<div class=\"wpb-content-wrapper\"><div class=\"vc_row wpb_row vc_row-fluid\"><div class=\"wpb_column vc_column_container vc_col-sm-12\"><div class=\"vc_column-inner\"><div class=\"wpb_wrapper\">\n\t<div class=\"wpb_text_column wpb_content_element\" >\n\t\t<div class=\"wpb_wrapper\">\n\t\t\t<p>Una soldadora l\u00e1ser refrigerada por aire es una m\u00e1quina de soldadura de precisi\u00f3n que utiliza un rayo l\u00e1ser de alta energ\u00eda para fundir metales y unir piezas. A diferencia de los sistemas refrigerados por agua, que requieren un fluido refrigerante para disipar el calor, los soldadores l\u00e1ser refrigerados por aire dependen del aire ambiente para refrigerarse durante el funcionamiento. Este dise\u00f1o simplifica el mantenimiento, reduce la necesidad de componentes adicionales y permite configuraciones m\u00e1s compactas.<\/p>\n<p>Las m\u00e1quinas de soldadura l\u00e1ser refrigeradas por aire son especialmente populares en situaciones en las que la portabilidad y la facilidad de uso son esenciales, como en peque\u00f1os talleres o para reparaciones in situ. Tambi\u00e9n se utilizan mucho en aplicaciones industriales que exigen soldaduras precisas, como la industria automovil\u00edstica, aeroespacial, naval y electr\u00f3nica.<\/p>\n\n\t\t<\/div>\n\t<\/div>\n<\/div><\/div><\/div><\/div><div class=\"vc_row wpb_row vc_row-fluid\"><div class=\"wpb_column vc_column_container vc_col-sm-12\"><div class=\"vc_column-inner\"><div class=\"wpb_wrapper\">\n\t<div class=\"wpb_video_widget wpb_content_element vc_clearfix   vc_video-aspect-ratio-169 vc_video-el-width-60 vc_video-align-left\" >\n\t\t<div class=\"wpb_wrapper\">\n\t\t\t<h2 class=\"wpb_heading wpb_video_heading\">Sal\u00f3n de la soldadura l\u00e1ser con refrigeraci\u00f3n por aire<\/h2>\n\t\t\t<div class=\"wpb_video_wrapper\"><iframe title=\"Soldador l\u00e1ser port\u00e1til con refrigeraci\u00f3n por aire | Soldador l\u00e1ser port\u00e1til m\u00e1s peque\u00f1o\" width=\"500\" height=\"281\" src=\"https:\/\/www.youtube.com\/embed\/LVOF1nyCNCs?feature=oembed\" frameborder=\"0\" allow=\"accelerometer; autoplay; clipboard-write; encrypted-media; gyroscope; picture-in-picture; web-share\" referrerpolicy=\"strict-origin-when-cross-origin\" allowfullscreen><\/iframe><\/div>\n\t\t<\/div>\n\t<\/div>\n<\/div><\/div><\/div><\/div><div class=\"vc_row wpb_row vc_row-fluid\"><div class=\"wpb_column vc_column_container vc_col-sm-12\"><div class=\"vc_column-inner\"><div class=\"wpb_wrapper\">\n\t<div  class=\"wpb_single_image wpb_content_element vc_align_left wpb_content_element\">\n\t\t\n\t\t<figure class=\"wpb_wrapper vc_figure\">\n\t\t\t<div class=\"vc_single_image-wrapper   vc_box_border_grey\"><img decoding=\"async\" width=\"600\" height=\"600\" src=\"data:image\/svg+xml,%3Csvg%20xmlns%3D&#39;http%3A%2F%2Fwww.w3.org%2F2000%2Fsvg&#39;%20width=&#39;600&#39;%20height=&#39;600&#39;%20viewBox%3D&#39;0%200%20600%20600&#39;%2F%3E\" data-czlz data-src=\"https:\/\/www.lasercleaner.tech\/wp-content\/uploads\/2024\/11\/air-cooling-laser-welder.jpg\" class=\"vc_single_image-img attachment-full\" alt=\"\" title=\"soldador l\u00e1ser con refrigeraci\u00f3n por aire\" data-srcset=\"https:\/\/www.lasercleaner.tech\/wp-content\/uploads\/2024\/11\/air-cooling-laser-welder.jpg 600w, https:\/\/www.lasercleaner.tech\/wp-content\/uploads\/2024\/11\/air-cooling-laser-welder-300x300.jpg 300w, https:\/\/www.lasercleaner.tech\/wp-content\/uploads\/2024\/11\/air-cooling-laser-welder-150x150.jpg 150w, https:\/\/www.lasercleaner.tech\/wp-content\/uploads\/2024\/11\/air-cooling-laser-welder-100x100.jpg 100w\" data-sizes=\"(max-width: 600px) 100vw, 600px\" \/><\/div>\n\t\t<\/figure>\n\t<\/div>\n<\/div><\/div><\/div><\/div><div class=\"vc_row wpb_row vc_row-fluid\"><div class=\"wpb_column vc_column_container vc_col-sm-12\"><div class=\"vc_column-inner\"><div class=\"wpb_wrapper\">\n\t<div class=\"wpb_text_column wpb_content_element\" >\n\t\t<div class=\"wpb_wrapper\">\n\t\t\t<p>Portabilidad<br \/>\nEl soldador l\u00e1ser port\u00e1til refrigerado por aire tiene un dise\u00f1o compacto y ligero que lo hace muy port\u00e1til.<\/p>\n<p>Cable flexible de fibra \u00f3ptica<br \/>\nEl haz l\u00e1ser se transmite a la pieza de trabajo a trav\u00e9s de un cable de fibra \u00f3ptica flexible, lo que permite dirigir el l\u00e1ser con precisi\u00f3n all\u00ed donde se necesita.<\/p>\n<p>Enfoque ajustable<br \/>\nEl haz l\u00e1ser puede enfocarse hasta un punto muy fino, lo que permite una soldadura de alta precisi\u00f3n. La profundidad de enfoque tambi\u00e9n se puede ajustar para adaptarse a materiales de distintos grosores.<\/p>\n<p>F\u00e1cil manejo<br \/>\nEl panel de control inteligente cuenta con una interfaz f\u00e1cil de usar para realizar ajustes r\u00e1pidos y sencillos, lo que permite a los usuarios gestionar sus proyectos de soldadura de forma eficaz desde una \u00fanica configuraci\u00f3n.<\/p>\n<p>Vers\u00e1til<br \/>\nSe incluyen boquillas de cobre para diferentes necesidades de soldadura, lo que proporciona una mayor flexibilidad para abordar diversos \u00e1ngulos de soldadura, materiales y efectos deseados.<\/p>\n\n\t\t<\/div>\n\t<\/div>\n<\/div><\/div><\/div><\/div><div class=\"vc_row wpb_row vc_row-fluid\"><div class=\"wpb_column vc_column_container vc_col-sm-12\"><div class=\"vc_column-inner\"><div class=\"wpb_wrapper\">\n\t<div  class=\"wpb_single_image wpb_content_element vc_align_left wpb_content_element\">\n\t\t\n\t\t<figure class=\"wpb_wrapper vc_figure\">\n\t\t\t<div class=\"vc_single_image-wrapper   vc_box_border_grey\"><img decoding=\"async\" width=\"600\" height=\"600\" src=\"data:image\/svg+xml,%3Csvg%20xmlns%3D&#39;http%3A%2F%2Fwww.w3.org%2F2000%2Fsvg&#39;%20width=&#39;600&#39;%20height=&#39;600&#39;%20viewBox%3D&#39;0%200%20600%20600&#39;%2F%3E\" data-czlz data-src=\"https:\/\/www.lasercleaner.tech\/wp-content\/uploads\/2024\/11\/air-cooling-laser-welding-machine.jpg\" class=\"vc_single_image-img attachment-full\" alt=\"\" title=\"m\u00e1quina de soldadura l\u00e1ser con refrigeraci\u00f3n por aire\" data-srcset=\"https:\/\/www.lasercleaner.tech\/wp-content\/uploads\/2024\/11\/air-cooling-laser-welding-machine.jpg 600w, https:\/\/www.lasercleaner.tech\/wp-content\/uploads\/2024\/11\/air-cooling-laser-welding-machine-300x300.jpg 300w, https:\/\/www.lasercleaner.tech\/wp-content\/uploads\/2024\/11\/air-cooling-laser-welding-machine-150x150.jpg 150w, https:\/\/www.lasercleaner.tech\/wp-content\/uploads\/2024\/11\/air-cooling-laser-welding-machine-100x100.jpg 100w\" data-sizes=\"(max-width: 600px) 100vw, 600px\" \/><\/div>\n\t\t<\/figure>\n\t<\/div>\n<\/div><\/div><\/div><\/div><div class=\"vc_row wpb_row vc_row-fluid\"><div class=\"wpb_column vc_column_container vc_col-sm-12\"><div class=\"vc_column-inner\"><div class=\"wpb_wrapper\">\n\t<div class=\"wpb_text_column wpb_content_element\" >\n\t\t<div class=\"wpb_wrapper\">\n\t\t\t<p>Generador l\u00e1ser de fibra \u00f3ptica<br \/>\nEste avanzado generador l\u00e1ser cuenta con derechos de propiedad intelectual independientes. Presume de un bajo consumo de energ\u00eda, no requiere mantenimiento y es f\u00e1cil de montar, lo que lo convierte en una fuente l\u00e1ser ideal para aplicaciones industriales de soldadura, corte y limpieza.<\/p>\n<p>Pistola de soldadura l\u00e1ser<br \/>\nDise\u00f1ada para ser ligera y f\u00e1cil de usar, la pistola de soldadura l\u00e1ser cuenta con lentes protectoras dobles. La lente interior es f\u00e1cilmente extra\u00edble para su r\u00e1pida sustituci\u00f3n, lo que garantiza un rendimiento estable y fiable.<\/p>\n<p>Controlador<br \/>\nEl intuitivo panel de operaciones incluye controles t\u00e1ctiles y ofrece una gama completa de funciones, incluidos los modos de soldadura, limpieza y corte. Tambi\u00e9n cuenta con una p\u00e1gina espec\u00edfica para supervisar los datos de la fuente l\u00e1ser, junto con informaci\u00f3n t\u00e9cnica y asistencia en m\u00e1s de 20 idiomas, para satisfacer las distintas necesidades de los clientes.<\/p>\n<p>Alimentador autom\u00e1tico de alambre<br \/>\nPara aplicaciones que requieren una mayor fuerza de soldadura o cuando hay una gran separaci\u00f3n de soldadura, se incluye un dispositivo autom\u00e1tico de alimentaci\u00f3n de hilo.<\/p>\n<p>- Admite varias especificaciones de alambre de soldadura, incluidos 0,8\/1,0\/1,2\/1,6 mm.<br \/>\n- La velocidad de alimentaci\u00f3n del hilo es ajustable, lo que permite un funcionamiento r\u00e1pido y c\u00f3modo.<\/p>\n\n\t\t<\/div>\n\t<\/div>\n<\/div><\/div><\/div><\/div><div class=\"vc_row wpb_row vc_row-fluid\"><div class=\"wpb_column vc_column_container vc_col-sm-12\"><div class=\"vc_column-inner\"><div class=\"wpb_wrapper\">\n\t<div  class=\"wpb_single_image wpb_content_element vc_align_left wpb_content_element\">\n\t\t\n\t\t<figure class=\"wpb_wrapper vc_figure\">\n\t\t\t<div class=\"vc_single_image-wrapper   vc_box_border_grey\"><img decoding=\"async\" width=\"600\" height=\"600\" src=\"data:image\/svg+xml,%3Csvg%20xmlns%3D&#39;http%3A%2F%2Fwww.w3.org%2F2000%2Fsvg&#39;%20width=&#39;600&#39;%20height=&#39;600&#39;%20viewBox%3D&#39;0%200%20600%20600&#39;%2F%3E\" data-czlz data-src=\"https:\/\/www.lasercleaner.tech\/wp-content\/uploads\/2024\/11\/air-cooling-welder.jpg\" class=\"vc_single_image-img attachment-full\" alt=\"\" title=\"soldadora con refrigeraci\u00f3n por aire\" data-srcset=\"https:\/\/www.lasercleaner.tech\/wp-content\/uploads\/2024\/11\/air-cooling-welder.jpg 600w, https:\/\/www.lasercleaner.tech\/wp-content\/uploads\/2024\/11\/air-cooling-welder-300x300.jpg 300w, https:\/\/www.lasercleaner.tech\/wp-content\/uploads\/2024\/11\/air-cooling-welder-150x150.jpg 150w, https:\/\/www.lasercleaner.tech\/wp-content\/uploads\/2024\/11\/air-cooling-welder-100x100.jpg 100w\" data-sizes=\"(max-width: 600px) 100vw, 600px\" \/><\/div>\n\t\t<\/figure>\n\t<\/div>\n<\/div><\/div><\/div><\/div><div class=\"vc_row wpb_row vc_row-fluid\"><div class=\"wpb_column vc_column_container vc_col-sm-12\"><div class=\"vc_column-inner\"><div class=\"wpb_wrapper\">\n\t<div class=\"wpb_text_column wpb_content_element\" >\n\t\t<div class=\"wpb_wrapper\">\n\t\t\t<p>Aplicaciones y usos del soldador l\u00e1ser con refrigeraci\u00f3n por aire<br \/>\nLos l\u00e1seres de fibra refrigerados por aire son capaces de soldar una amplia gama de metales, como acero inoxidable, acero al carbono, aluminio, titanio, cobre y aleaciones de n\u00edquel. La eficacia de la soldadura final depende de las propiedades espec\u00edficas de los metales utilizados, su grosor y el tipo de uni\u00f3n que se suelde.<\/p>\n<p>Estas m\u00e1quinas de soldadura l\u00e1ser refrigeradas por aire son especialmente valiosas en industrias que requieren tareas de soldadura complejas e irregulares, como la fabricaci\u00f3n de armarios, equipos de cocina, elevadores de escaleras, estanter\u00edas, hornos, barandillas de acero inoxidable para puertas y ventanas, cajas de distribuci\u00f3n y mobiliario dom\u00e9stico de acero inoxidable.<\/p>\n<p>Proyectos<br \/>\nLas soldadoras l\u00e1ser refrigeradas por aire pueden funcionar en varios \u00e1ngulos, lo que las hace vers\u00e1tiles para distintos tipos de uniones met\u00e1licas, como uniones a tope, solapadas, en esquina, en T y en borde. Esta flexibilidad de posicionamiento permite soldar eficazmente formas y perfiles complejos.<\/p>\n\n\t\t<\/div>\n\t<\/div>\n<\/div><\/div><\/div><\/div><div class=\"vc_row wpb_row vc_row-fluid\"><div class=\"wpb_column vc_column_container vc_col-sm-12\"><div class=\"vc_column-inner\"><div class=\"wpb_wrapper\">\n\t<div  class=\"wpb_single_image wpb_content_element vc_align_left wpb_content_element\">\n\t\t\n\t\t<figure class=\"wpb_wrapper vc_figure\">\n\t\t\t<div class=\"vc_single_image-wrapper   vc_box_border_grey\"><img decoding=\"async\" width=\"600\" height=\"742\" src=\"data:image\/svg+xml,%3Csvg%20xmlns%3D&#39;http%3A%2F%2Fwww.w3.org%2F2000%2Fsvg&#39;%20width=&#39;600&#39;%20height=&#39;742&#39;%20viewBox%3D&#39;0%200%20600%20742&#39;%2F%3E\" data-czlz data-src=\"https:\/\/www.lasercleaner.tech\/wp-content\/uploads\/2024\/11\/handheld-laser-welding.jpg\" class=\"vc_single_image-img attachment-full\" alt=\"\" title=\"soldadura l\u00e1ser manual\" data-srcset=\"https:\/\/www.lasercleaner.tech\/wp-content\/uploads\/2024\/11\/handheld-laser-welding.jpg 600w, https:\/\/www.lasercleaner.tech\/wp-content\/uploads\/2024\/11\/handheld-laser-welding-243x300.jpg 243w\" data-sizes=\"(max-width: 600px) 100vw, 600px\" \/><\/div>\n\t\t<\/figure>\n\t<\/div>\n<\/div><\/div><\/div><\/div><div class=\"vc_row wpb_row vc_row-fluid\"><div class=\"wpb_column vc_column_container vc_col-sm-12\"><div class=\"vc_column-inner\"><div class=\"wpb_wrapper\">\n\t<div class=\"wpb_text_column wpb_content_element\" >\n\t\t<div class=\"wpb_wrapper\">\n\t\t\t<p><strong>Paquete de soldador l\u00e1ser<\/strong><\/p>\n\n\t\t<\/div>\n\t<\/div>\n\n\t<div  class=\"wpb_single_image wpb_content_element vc_align_left wpb_content_element\">\n\t\t\n\t\t<figure class=\"wpb_wrapper vc_figure\">\n\t\t\t<div class=\"vc_single_image-wrapper   vc_box_border_grey\"><img decoding=\"async\" width=\"600\" height=\"308\" src=\"data:image\/svg+xml,%3Csvg%20xmlns%3D&#39;http%3A%2F%2Fwww.w3.org%2F2000%2Fsvg&#39;%20width=&#39;600&#39;%20height=&#39;308&#39;%20viewBox%3D&#39;0%200%20600%20308&#39;%2F%3E\" data-czlz data-src=\"https:\/\/www.lasercleaner.tech\/wp-content\/uploads\/2024\/11\/handheld-laser-welder-machine.jpg\" class=\"vc_single_image-img attachment-full\" alt=\"\" title=\"soldadora l\u00e1ser manual\" data-srcset=\"https:\/\/www.lasercleaner.tech\/wp-content\/uploads\/2024\/11\/handheld-laser-welder-machine.jpg 600w, https:\/\/www.lasercleaner.tech\/wp-content\/uploads\/2024\/11\/handheld-laser-welder-machine-300x154.jpg 300w\" data-sizes=\"(max-width: 600px) 100vw, 600px\" \/><\/div>\n\t\t<\/figure>\n\t<\/div>\n<\/div><\/div><\/div><\/div><div class=\"vc_row wpb_row vc_row-fluid\"><div class=\"wpb_column vc_column_container vc_col-sm-12\"><div class=\"vc_column-inner\"><div class=\"wpb_wrapper\">\n\t<div class=\"wpb_text_column wpb_content_element\" >\n\t\t<div class=\"wpb_wrapper\">\n\t\t\t<p>**\u00bfPor qu\u00e9 elegir el l\u00e1ser BOGONG?<\/p>\n<p>BOGONG famoso por su calidad de los equipos l\u00e1ser y el servicio de servicio post-venta, Nuestras m\u00e1quinas son vers\u00e1tiles y f\u00e1ciles de usar, dise\u00f1ado con todos los niveles de habilidad en mente. Por encima de todo, damos prioridad a la satisfacci\u00f3n del cliente. Si usted es un experto o un principiante, BOGONG LASER est\u00e1 aqu\u00ed para apoyarle en cada paso del camino. Conf\u00ede en nosotros y en nuestro servicio, donde la excelencia y la innovaci\u00f3n se unen para su \u00e9xito.<\/p>\n\n\t\t<\/div>\n\t<\/div>\n<\/div><\/div><\/div><\/div>\n<\/div>","protected":false},"excerpt":{"rendered":"<h1>Soldador l\u00e1ser port\u00e1til refrigerado por aire con pistola de soldadura manual<\/h1>\n<p>Looking for an affordable &#8230; <\/p>","protected":false},"featured_media":1870,"template":"","meta":[],"product_brand":[],"product_cat":[115],"product_tag":[109,108,107],"class_list":{"0":"post-1869","1":"product","2":"type-product","3":"status-publish","4":"has-post-thumbnail","6":"product_cat-handheld-laser-welder","7":"product_tag-fiber-laser-welder","8":"product_tag-handheld-laser-welder","9":"product_tag-laser-welding-machine","11":"first","12":"instock","13":"shipping-taxable","14":"product-type-simple"},"_links":{"self":[{"href":"https:\/\/www.lasercleaner.tech\/es\/wp-json\/wp\/v2\/product\/1869","targetHints":{"allow":["GET"]}}],"collection":[{"href":"https:\/\/www.lasercleaner.tech\/es\/wp-json\/wp\/v2\/product"}],"about":[{"href":"https:\/\/www.lasercleaner.tech\/es\/wp-json\/wp\/v2\/types\/product"}],"wp:featuredmedia":[{"embeddable":true,"href":"https:\/\/www.lasercleaner.tech\/es\/wp-json\/wp\/v2\/media\/1870"}],"wp:attachment":[{"href":"https:\/\/www.lasercleaner.tech\/es\/wp-json\/wp\/v2\/media?parent=1869"}],"wp:term":[{"taxonomy":"product_brand","embeddable":true,"href":"https:\/\/www.lasercleaner.tech\/es\/wp-json\/wp\/v2\/product_brand?post=1869"},{"taxonomy":"product_cat","embeddable":true,"href":"https:\/\/www.lasercleaner.tech\/es\/wp-json\/wp\/v2\/product_cat?post=1869"},{"taxonomy":"product_tag","embeddable":true,"href":"https:\/\/www.lasercleaner.tech\/es\/wp-json\/wp\/v2\/product_tag?post=1869"}],"curies":[{"name":"wp","href":"https:\/\/api.w.org\/{rel}","templated":true}]}}