{"id":1746,"date":"2024-11-06T21:16:20","date_gmt":"2024-11-06T13:16:20","guid":{"rendered":"https:\/\/bogonglaser.com\/?post_type=product&#038;p=1746"},"modified":"2024-11-06T21:29:39","modified_gmt":"2024-11-06T13:29:39","slug":"best-200w-pulse-laser-cleaning-machine","status":"publish","type":"product","link":"https:\/\/www.lasercleaner.tech\/es\/producto\/best-200w-pulse-laser-cleaning-machine\/","title":{"rendered":"Mejor m\u00e1quina de limpieza l\u00e1ser de pulsos de 200 W"},"content":{"rendered":"<div class=\"wpb-content-wrapper\"><div class=\"vc_row wpb_row vc_row-fluid\"><div class=\"wpb_column vc_column_container vc_col-sm-12\"><div class=\"vc_column-inner\"><div class=\"wpb_wrapper\">\n\t<div class=\"wpb_text_column wpb_content_element\" >\n\t\t<div class=\"wpb_wrapper\">\n\t\t\t<h2>What Is a 200W Pulse Laser Cleaning Machine<\/h2>\n<p>The 200W pulse laser cleaning machine is a laser device which specifically designed for industrial cleaning tasks. It uses advanced MOPA laser cleaning technology, which is a non-contact method that effectively removes rust, paint, coatings, and other contaminants from surfaces, all while protecting the material underneath. compare with 300W Laser cleaner, 200w laser energy is a little weaker than 300w.<\/p>\n<p>With a power rating of 200W, this machine emits a laser beam that can tackle even the toughest layers of grime quickly and efficiently. The cleaning process works by directing the laser energy onto the contaminated surface, The laser energy absorbed by the contaminants rapidly heats the surface, causing the contaminants to evaporate almost instantly. This process does not damage the underlying material because the duration of the laser\u2019s effect is extremely short (typically in the nanosecond to microsecond range), leaving a clean surface behind.<\/p>\n<p>Una de las grandes caracter\u00edsticas de esta m\u00e1quina es su configuraci\u00f3n de potencia ajustable y sus diversos modos de escaneado, que permiten a los usuarios personalizar el proceso de limpieza en funci\u00f3n de la superficie espec\u00edfica y el tipo de contaminaci\u00f3n. Esto significa que puede conseguir resultados \u00f3ptimos sin arriesgarse a da\u00f1ar el material que hay debajo. Adem\u00e1s, tiene una interfaz intuitiva y ajustes programables, lo que la hace f\u00e1cil de usar y manejar. En general, es una soluci\u00f3n eficaz para cualquiera que necesite una limpieza industrial precisa.<\/p>\n<p>Caracter\u00edsticas principales<\/p>\n<ul>\n<li>Tipo de l\u00e1ser: L\u00e1ser de fibra<br \/>\nLaser Power: 200W<br \/>\nRango de salida (si es ajustable): 0-100%<br \/>\nFormaci\u00f3n de impulsos: MOPA Q-Switched (Factor de calidad)<br \/>\nGenerador l\u00e1ser: JPT<br \/>\n\u00c1rea de limpieza: 100*100mm (Opcional 130x130mm, 150x150mm)<br \/>\nLongitud de la fibra: 5 m<br \/>\nTipo de refrigeraci\u00f3n: Aire<br \/>\nDespu\u00e9s de la venta: 2 a\u00f1os<\/li>\n<\/ul>\n\n\t\t<\/div>\n\t<\/div>\n<\/div><\/div><\/div><\/div><div class=\"vc_row wpb_row vc_row-fluid\"><div class=\"wpb_column vc_column_container vc_col-sm-12\"><div class=\"vc_column-inner\"><div class=\"wpb_wrapper\">\n\t<div  class=\"wpb_single_image wpb_content_element vc_align_left wpb_content_element\">\n\t\t\n\t\t<figure class=\"wpb_wrapper vc_figure\">\n\t\t\t<div class=\"vc_single_image-wrapper   vc_box_border_grey\"><img decoding=\"async\" width=\"800\" height=\"400\" src=\"data:image\/svg+xml,%3Csvg%20xmlns%3D&#39;http%3A%2F%2Fwww.w3.org%2F2000%2Fsvg&#39;%20width=&#39;800&#39;%20height=&#39;400&#39;%20viewBox%3D&#39;0%200%20800%20400&#39;%2F%3E\" data-czlz data-src=\"https:\/\/www.lasercleaner.tech\/wp-content\/uploads\/2024\/10\/bogong-new-cabinet.png\" class=\"vc_single_image-img attachment-full\" alt=\"\" title=\"nuevo gabinete bogong\" data-srcset=\"https:\/\/www.lasercleaner.tech\/wp-content\/uploads\/2024\/10\/bogong-new-cabinet.png 800w, https:\/\/www.lasercleaner.tech\/wp-content\/uploads\/2024\/10\/bogong-new-cabinet-300x150.png 300w, https:\/\/www.lasercleaner.tech\/wp-content\/uploads\/2024\/10\/bogong-new-cabinet-768x384.png 768w, https:\/\/www.lasercleaner.tech\/wp-content\/uploads\/2024\/10\/bogong-new-cabinet-600x300.png 600w\" data-sizes=\"(max-width: 800px) 100vw, 800px\" \/><\/div>\n\t\t<\/figure>\n\t<\/div>\n<\/div><\/div><\/div><\/div><div class=\"vc_row wpb_row vc_row-fluid\"><div class=\"wpb_column vc_column_container vc_col-sm-12\"><div class=\"vc_column-inner\"><div class=\"wpb_wrapper\">\n\t<div  class=\"wpb_single_image wpb_content_element vc_align_left wpb_content_element\">\n\t\t\n\t\t<figure class=\"wpb_wrapper vc_figure\">\n\t\t\t<div class=\"vc_single_image-wrapper   vc_box_border_grey\"><img decoding=\"async\" width=\"800\" height=\"600\" src=\"data:image\/svg+xml,%3Csvg%20xmlns%3D&#39;http%3A%2F%2Fwww.w3.org%2F2000%2Fsvg&#39;%20width=&#39;800&#39;%20height=&#39;600&#39;%20viewBox%3D&#39;0%200%20800%20600&#39;%2F%3E\" data-czlz data-src=\"https:\/\/www.lasercleaner.tech\/wp-content\/uploads\/2024\/10\/3d-laser.png\" class=\"vc_single_image-img attachment-full\" alt=\"\" title=\"grabador l\u00e1ser 3d\" data-srcset=\"https:\/\/www.lasercleaner.tech\/wp-content\/uploads\/2024\/10\/3d-laser.png 800w, https:\/\/www.lasercleaner.tech\/wp-content\/uploads\/2024\/10\/3d-laser-300x225.png 300w, https:\/\/www.lasercleaner.tech\/wp-content\/uploads\/2024\/10\/3d-laser-768x576.png 768w, https:\/\/www.lasercleaner.tech\/wp-content\/uploads\/2024\/10\/3d-laser-600x450.png 600w\" data-sizes=\"(max-width: 800px) 100vw, 800px\" \/><\/div>\n\t\t<\/figure>\n\t<\/div>\n<\/div><\/div><\/div><\/div><div class=\"vc_row wpb_row vc_row-fluid\"><div class=\"wpb_column vc_column_container vc_col-sm-12\"><div class=\"vc_column-inner\"><div class=\"wpb_wrapper\">\n\t<div class=\"wpb_video_widget wpb_content_element vc_clearfix   vc_video-aspect-ratio-169 vc_video-el-width-100 vc_video-align-left\" >\n\t\t<div class=\"wpb_wrapper\">\n\t\t\t<h2 class=\"wpb_heading wpb_video_heading\">200w Pulse Laser Cleaning Machine<\/h2>\n\t\t\t<div class=\"wpb_video_wrapper\"><iframe title=\"200W Pulse Laser Cleaner | 200W Pulse Laser Cleaning Machine\" width=\"500\" height=\"281\" src=\"https:\/\/www.youtube.com\/embed\/K8XqcUOiTa0?feature=oembed\" frameborder=\"0\" allow=\"accelerometer; autoplay; clipboard-write; encrypted-media; gyroscope; picture-in-picture; web-share\" referrerpolicy=\"strict-origin-when-cross-origin\" allowfullscreen><\/iframe><\/div>\n\t\t<\/div>\n\t<\/div>\n<\/div><\/div><\/div><\/div><div class=\"vc_row wpb_row vc_row-fluid\"><div class=\"wpb_column vc_column_container vc_col-sm-12\"><div class=\"vc_column-inner\"><div class=\"wpb_wrapper\">\n\t<div class=\"wpb_text_column wpb_content_element\" >\n\t\t<div class=\"wpb_wrapper\">\n\t\t\t<h2>Features of the 200W Pulse Laser Cleaner:<\/h2>\n<p>A diferencia de los limpiadores de l\u00e1ser de fibra continua (CW), este sistema de limpieza de l\u00e1ser pulsado utiliza un cabezal de limpieza inteligente de doble bamboleo y ofrece una gama vers\u00e1til de 8 modos de limpieza para satisfacer diversas necesidades. Gestiona eficazmente la potencia de entrada ajustando la anchura del pulso, la frecuencia, etc., manteniendo temperaturas \u00f3ptimas para la pieza de trabajo y minimizando la p\u00e9rdida de energ\u00eda, lo que mejora la eficiencia general.<\/p>\n<p><strong>Utilice un software f\u00e1cil de usar<\/strong> - Construido para la comodidad, este limpiador l\u00e1ser est\u00e1 equipado con un cable de fibra de 5 metros de largo, lo que permite un funcionamiento flexible sin limitaciones espaciales. hay 2 pantallas t\u00e1ctiles con la m\u00e1quina l\u00e1ser BOGONG 300W, una pantalla t\u00e1ctil en el cabezal l\u00e1ser, otra pantalla t\u00e1ctil en el gabinete de la m\u00e1quina, puede ajustar los par\u00e1metros libremente. Su interfaz IO extendida facilita la f\u00e1cil integraci\u00f3n con manipuladores para procesos de limpieza automatizados. Adem\u00e1s, se proporcionan manuales completos en ingl\u00e9s y videos de operaci\u00f3n, asegurando una experiencia de aprendizaje r\u00e1pida y sin problemas para los usuarios de este removedor de \u00f3xido l\u00e1ser.<\/p>\n<p><strong>Capacidad monomodo<\/strong> - La m\u00e1quina de limpieza por l\u00e1ser pulsado monomodo como 2mj es muy vers\u00e1til, adecuada para una amplia gama de aplicaciones, incluida la limpieza de superficies met\u00e1licas, piezas de autom\u00f3viles, piedra, madera, pl\u00e1stico y otros materiales que requieren una limpieza de alta potencia. Destaca a la hora de abordar trabajos exigentes con fuerte adherencia, sustancias dif\u00edciles de eliminar, \u00f3xido pesado, capas de \u00f3xido y pintura gruesa.<\/p>\n<p><strong>Precisi\u00f3n multimodo<\/strong> - La m\u00e1quina de limpieza l\u00e1ser pulsada multimodo 15mj es ideal para aplicaciones que requieren gran precisi\u00f3n, como la limpieza de piezas de precisi\u00f3n, el mantenimiento de equipos electr\u00f3nicos y el tratamiento de microcomponentes. Est\u00e1 espec\u00edficamente dise\u00f1ada para escenarios que implican una ligera adherencia, contaminantes f\u00e1cilmente eliminables, \u00f3xido leve y aplicaciones en las que evitar da\u00f1os es fundamental, elija el modo multi para la limpieza de moldes.<\/p>\n\n\t\t<\/div>\n\t<\/div>\n<\/div><\/div><\/div><\/div><div class=\"vc_row wpb_row vc_row-fluid\"><div class=\"wpb_column vc_column_container vc_col-sm-12\"><div class=\"vc_column-inner\"><div class=\"wpb_wrapper\">\n\t<div class=\"wpb_video_widget wpb_content_element vc_clearfix   vc_video-aspect-ratio-169 vc_video-el-width-100 vc_video-align-left\" >\n\t\t<div class=\"wpb_wrapper\">\n\t\t\t<h2 class=\"wpb_heading wpb_video_heading\">\u00bfCu\u00e1l&#039;es la diferencia entre 2mj 5mj y 15mj Pulse Laser Cleaner<\/h2>\n\t\t\t<div class=\"wpb_video_wrapper\"><iframe title=\"Diferencia Real Entre 2mj 5mj 15mj Pulso L\u00e1ser M\u00e1quina De Limpieza? Tophat VS Gauss \u00bfCu\u00e1l es el mejor?\" width=\"500\" height=\"281\" src=\"https:\/\/www.youtube.com\/embed\/XWgilh9T0is?feature=oembed\" frameborder=\"0\" allow=\"accelerometer; autoplay; clipboard-write; encrypted-media; gyroscope; picture-in-picture; web-share\" referrerpolicy=\"strict-origin-when-cross-origin\" allowfullscreen><\/iframe><\/div>\n\t\t<\/div>\n\t<\/div>\n<\/div><\/div><\/div><\/div><div class=\"vc_row wpb_row vc_row-fluid\"><div class=\"wpb_column vc_column_container vc_col-sm-12\"><div class=\"vc_column-inner\"><div class=\"wpb_wrapper\">\n\t<div class=\"wpb_text_column wpb_content_element\" >\n\t\t<div class=\"wpb_wrapper\">\n\t\t\t<h3>Por qu\u00e9 elegir el limpiador l\u00e1ser Bogong<\/h3>\n<ul>\n<li>Con una amplia experiencia en tecnolog\u00eda de limpieza l\u00e1ser, estamos especializados en ofrecer soluciones avanzadas personalizadas para satisfacer sus requisitos espec\u00edficos. Nuestro equipo de ingenieros y t\u00e9cnicos expertos posee un profundo conocimiento del sector, lo que le garantiza que recibir\u00e1 la m\u00e1quina de limpieza por l\u00e1ser ideal adaptada a sus aplicaciones exclusivas.<\/li>\n<li>Ya ahorramos par\u00e1metro para eliminar el \u00f3xido, pintura, etc, puede iniciar la limpieza l\u00e1ser f\u00e1cilmente despu\u00e9s de conseguirlo.<\/li>\n<li>Bogong no s\u00f3lo proporciona dispositivos l\u00e1ser de alta calidad, sino tambi\u00e9n el mejor servicio postventa en los \u00faltimos a\u00f1os.<\/li>\n<\/ul>\n\n\t\t<\/div>\n\t<\/div>\n<\/div><\/div><\/div><\/div><div class=\"vc_row wpb_row vc_row-fluid\"><div class=\"wpb_column vc_column_container vc_col-sm-12\"><div class=\"vc_column-inner\"><div class=\"wpb_wrapper\">\n\t<div class=\"wpb_video_widget wpb_content_element vc_clearfix   vc_video-aspect-ratio-169 vc_video-el-width-100 vc_video-align-left\" >\n\t\t<div class=\"wpb_wrapper\">\n\t\t\t<h2 class=\"wpb_heading wpb_video_heading\">Limpieza de piezas autom\u00e1ticas de autom\u00f3viles<\/h2>\n\t\t\t<div class=\"wpb_video_wrapper\"><iframe title=\"300W Pulso L\u00e1ser M\u00e1quina de Limpieza | Mejor Automative Piezas Restaurar Negocio Herramienta de Limpieza del Sistema\" width=\"500\" height=\"281\" src=\"https:\/\/www.youtube.com\/embed\/iEI1zAgPy5g?feature=oembed\" frameborder=\"0\" allow=\"accelerometer; autoplay; clipboard-write; encrypted-media; gyroscope; picture-in-picture; web-share\" referrerpolicy=\"strict-origin-when-cross-origin\" allowfullscreen><\/iframe><\/div>\n\t\t<\/div>\n\t<\/div>\n<\/div><\/div><\/div><\/div><div class=\"vc_row wpb_row vc_row-fluid\"><div class=\"wpb_column vc_column_container vc_col-sm-12\"><div class=\"vc_column-inner\"><div class=\"wpb_wrapper\">\n\t<div class=\"wpb_video_widget wpb_content_element vc_clearfix   vc_video-aspect-ratio-169 vc_video-el-width-100 vc_video-align-left\" >\n\t\t<div class=\"wpb_wrapper\">\n\t\t\t<h2 class=\"wpb_heading wpb_video_heading\">Limpieza de moldes<\/h2>\n\t\t\t<div class=\"wpb_video_wrapper\"><iframe title=\"M\u00c1QUINA DE LIMPIEZA L\u00c1SER DE MOLDES | M\u00e1quina de limpieza l\u00e1ser de moldes\" width=\"500\" height=\"281\" src=\"https:\/\/www.youtube.com\/embed\/tspq0apVAt0?feature=oembed\" frameborder=\"0\" allow=\"accelerometer; autoplay; clipboard-write; encrypted-media; gyroscope; picture-in-picture; web-share\" referrerpolicy=\"strict-origin-when-cross-origin\" allowfullscreen><\/iframe><\/div>\n\t\t<\/div>\n\t<\/div>\n<\/div><\/div><\/div><\/div><div class=\"vc_row wpb_row vc_row-fluid\"><div class=\"wpb_column vc_column_container vc_col-sm-12\"><div class=\"vc_column-inner\"><div class=\"wpb_wrapper\">\n\t<div class=\"wpb_text_column wpb_content_element\" >\n\t\t<div class=\"wpb_wrapper\">\n\t\t\t<h2>How does 200 Pulse Laser Cleaning Machine Work?<\/h2>\n<p>The 200W Pulse Laser Cleaning Machine utilizes advanced laser technology to effectively remove contaminants from surfaces. Here\u2019s a brief overview of how it works:<\/p>\n<ol>\n<li><strong>Emisi\u00f3n l\u00e1ser<\/strong>: It generates a 200W pulsed laser beam that emits short bursts of energy for precise cleaning.<\/li>\n<li><strong>Limpieza selectiva<\/strong>: Cuando se dirige a una superficie, la energ\u00eda l\u00e1ser es absorbida por contaminantes como el \u00f3xido o la pintura.<\/li>\n<li><strong>Vaporizaci\u00f3n<\/strong>: La energ\u00eda absorbida calienta r\u00e1pidamente los contaminantes, haciendo que se vaporicen sin da\u00f1ar el material subyacente.<\/li>\n<li><strong>Eliminaci\u00f3n selectiva<\/strong>: El proceso ataca selectivamente s\u00f3lo los contaminantes, preservando la integridad de la superficie.<\/li>\n<li><strong>Ajustes regulables<\/strong>: Dispone de ajustes de potencia y opciones de enfoque personalizables para distintas superficies y niveles de contaminaci\u00f3n.<\/li>\n<\/ol>\n<p>Overall, the 200W Pulse Laser Cleaning Machine offers an efficient, precise, and versatile solution for industrial cleaning applications.<\/p>\n\n\t\t<\/div>\n\t<\/div>\n<\/div><\/div><\/div><\/div><div class=\"vc_row wpb_row vc_row-fluid\"><div class=\"wpb_column vc_column_container vc_col-sm-12\"><div class=\"vc_column-inner\"><div class=\"wpb_wrapper\">\n\t<div class=\"wpb_video_widget wpb_content_element vc_clearfix   vc_video-aspect-ratio-169 vc_video-el-width-100 vc_video-align-left\" >\n\t\t<div class=\"wpb_wrapper\">\n\t\t\t<h2 class=\"wpb_heading wpb_video_heading\">He Puchased 200W Pulse Laser Cleaner<\/h2>\n\t\t\t<div class=\"wpb_video_wrapper\"><iframe title=\"200W Pulse Laser Cleaning Machine Feedback\" width=\"500\" height=\"281\" src=\"https:\/\/www.youtube.com\/embed\/EpK-C5kgbms?feature=oembed\" frameborder=\"0\" allow=\"accelerometer; autoplay; clipboard-write; encrypted-media; gyroscope; picture-in-picture; web-share\" referrerpolicy=\"strict-origin-when-cross-origin\" allowfullscreen><\/iframe><\/div>\n\t\t<\/div>\n\t<\/div>\n<\/div><\/div><\/div><\/div><div class=\"vc_row wpb_row vc_row-fluid\"><div class=\"wpb_column vc_column_container vc_col-sm-12\"><div class=\"vc_column-inner\"><div class=\"wpb_wrapper\">\n\t<div  class=\"wpb_single_image wpb_content_element vc_align_left wpb_content_element\">\n\t\t\n\t\t<figure class=\"wpb_wrapper vc_figure\">\n\t\t\t<div class=\"vc_single_image-wrapper   vc_box_border_grey\"><img decoding=\"async\" width=\"1243\" height=\"578\" src=\"data:image\/svg+xml,%3Csvg%20xmlns%3D&#39;http%3A%2F%2Fwww.w3.org%2F2000%2Fsvg&#39;%20width=&#39;1243&#39;%20height=&#39;578&#39;%20viewBox%3D&#39;0%200%201243%20578&#39;%2F%3E\" data-czlz data-src=\"https:\/\/www.lasercleaner.tech\/wp-content\/uploads\/2024\/10\/\u5fae\u4fe1\u56fe\u7247_20240603174704-1.jpg\" class=\"vc_single_image-img attachment-full\" alt=\"3d laser marking machine\" title=\"\u5fae\u4fe1\u56fe\u7247_20240603174704\" data-srcset=\"https:\/\/www.lasercleaner.tech\/wp-content\/uploads\/2024\/10\/\u5fae\u4fe1\u56fe\u7247_20240603174704-1.jpg 1243w, https:\/\/www.lasercleaner.tech\/wp-content\/uploads\/2024\/10\/\u5fae\u4fe1\u56fe\u7247_20240603174704-1-300x140.jpg 300w, https:\/\/www.lasercleaner.tech\/wp-content\/uploads\/2024\/10\/\u5fae\u4fe1\u56fe\u7247_20240603174704-1-1024x476.jpg 1024w, https:\/\/www.lasercleaner.tech\/wp-content\/uploads\/2024\/10\/\u5fae\u4fe1\u56fe\u7247_20240603174704-1-768x357.jpg 768w, https:\/\/www.lasercleaner.tech\/wp-content\/uploads\/2024\/10\/\u5fae\u4fe1\u56fe\u7247_20240603174704-1-600x279.jpg 600w, https:\/\/www.lasercleaner.tech\/wp-content\/uploads\/2024\/10\/\u5fae\u4fe1\u56fe\u7247_20240603174704-1-1000x465.jpg 1000w\" data-sizes=\"(max-width: 1243px) 100vw, 1243px\" \/><\/div>\n\t\t<\/figure>\n\t<\/div>\n<\/div><\/div><\/div><\/div><div class=\"vc_row wpb_row vc_row-fluid\"><div class=\"wpb_column vc_column_container vc_col-sm-12\"><div class=\"vc_column-inner\"><div class=\"wpb_wrapper\">\n\t<div  class=\"wpb_single_image wpb_content_element vc_align_left wpb_content_element\">\n\t\t\n\t\t<figure class=\"wpb_wrapper vc_figure\">\n\t\t\t<div class=\"vc_single_image-wrapper   vc_box_border_grey\"><img decoding=\"async\" width=\"1251\" height=\"596\" src=\"data:image\/svg+xml,%3Csvg%20xmlns%3D&#39;http%3A%2F%2Fwww.w3.org%2F2000%2Fsvg&#39;%20width=&#39;1251&#39;%20height=&#39;596&#39;%20viewBox%3D&#39;0%200%201251%20596&#39;%2F%3E\" data-czlz data-src=\"https:\/\/www.lasercleaner.tech\/wp-content\/uploads\/2024\/10\/\u5fae\u4fe1\u56fe\u7247_20240603174710.jpg\" class=\"vc_single_image-img attachment-full\" alt=\"3d laser engraving\" title=\"\u5fae\u4fe1\u56fe\u7247_20240603174710\" data-srcset=\"https:\/\/www.lasercleaner.tech\/wp-content\/uploads\/2024\/10\/\u5fae\u4fe1\u56fe\u7247_20240603174710.jpg 1251w, https:\/\/www.lasercleaner.tech\/wp-content\/uploads\/2024\/10\/\u5fae\u4fe1\u56fe\u7247_20240603174710-300x143.jpg 300w, https:\/\/www.lasercleaner.tech\/wp-content\/uploads\/2024\/10\/\u5fae\u4fe1\u56fe\u7247_20240603174710-1024x488.jpg 1024w, https:\/\/www.lasercleaner.tech\/wp-content\/uploads\/2024\/10\/\u5fae\u4fe1\u56fe\u7247_20240603174710-768x366.jpg 768w, https:\/\/www.lasercleaner.tech\/wp-content\/uploads\/2024\/10\/\u5fae\u4fe1\u56fe\u7247_20240603174710-600x286.jpg 600w, https:\/\/www.lasercleaner.tech\/wp-content\/uploads\/2024\/10\/\u5fae\u4fe1\u56fe\u7247_20240603174710-1000x476.jpg 1000w\" data-sizes=\"(max-width: 1251px) 100vw, 1251px\" \/><\/div>\n\t\t<\/figure>\n\t<\/div>\n<\/div><\/div><\/div><\/div><div class=\"vc_row wpb_row vc_row-fluid\"><div class=\"wpb_column vc_column_container vc_col-sm-12\"><div class=\"vc_column-inner\"><div class=\"wpb_wrapper\">\n\t<div class=\"wpb_text_column wpb_content_element\" >\n\t\t<div class=\"wpb_wrapper\">\n\t\t\t<h3>C\u00f3mo elegir la m\u00e1quina de limpieza por l\u00e1ser de impulsos adecuada<\/h3>\n<p>Elegir la m\u00e1quina de limpieza por l\u00e1ser de impulsos adecuada ser\u00e1 importante para su negocio, c\u00f3mo asegurarse de que la m\u00e1quina satisface sus necesidades espec\u00edficas. He aqu\u00ed una gu\u00eda que le ayudar\u00e1 a tomar una decisi\u00f3n informada:<\/p>\n<ol>\n<li><strong>Compatibilidad de materiales<\/strong>: Determine los tipos de materiales que piensa limpiar (por ejemplo, \u00f3xido, pintura, sobre metal, madera, acr\u00edlico, etc.). Aseg\u00farese de que la m\u00e1quina que elija pueda tratar eficazmente estos materiales.<\/li>\n<li><strong>Tipo l\u00e1ser<\/strong>: Diferentes tipos de l\u00e1ser 2mj, 5mj y 15mj, diferente l\u00e1ser diferente resultado.<\/li>\n<li><strong>Tama\u00f1o del \u00e1rea de trabajo<\/strong>: Eval\u00fae el tama\u00f1o de la zona de limpieza en funci\u00f3n de los proyectos que vaya a realizar. Aseg\u00farese de que la m\u00e1quina tiene un \u00e1rea de trabajo adecuada para sus art\u00edculos. elegir la lente correcta F-theta, por favor pregunte a nuestras ventas sobre esto.<\/li>\n<li><strong>Facilidad de uso<\/strong>: Busque m\u00e1quinas con un software f\u00e1cil de usar que permita un dise\u00f1o y un manejo sencillos.<\/li>\n<li><strong>Asistencia al cliente y garant\u00eda<\/strong>: Investiga las opciones de asistencia del fabricante y la garant\u00eda que ofrece. Un servicio de atenci\u00f3n al cliente fiable puede ser crucial para la resoluci\u00f3n de problemas y el mantenimiento.<\/li>\n<\/ol>\n\n\t\t<\/div>\n\t<\/div>\n<\/div><\/div><\/div><\/div><div class=\"vc_row wpb_row vc_row-fluid\"><div class=\"wpb_column vc_column_container vc_col-sm-12\"><div class=\"vc_column-inner\"><div class=\"wpb_wrapper\">\n\t<div class=\"wpb_text_column wpb_content_element\" >\n\t\t<div class=\"wpb_wrapper\">\n\t\t\t<p>Puedes encontrar m\u00e1s opiniones de clientes en el canal de youtube de BOGONG.<\/p>\n\n\t\t<\/div>\n\t<\/div>\n<\/div><\/div><\/div><\/div><div class=\"vc_row wpb_row vc_row-fluid\"><div class=\"wpb_column vc_column_container vc_col-sm-12\"><div class=\"vc_column-inner\"><div class=\"wpb_wrapper\">\n\t<div class=\"wpb_text_column wpb_content_element\" >\n\t\t<div class=\"wpb_wrapper\">\n\t\t\t<p>Condiciones de pago<\/p>\n<p>1. 1. Dep\u00f3sito y saldo: Se requiere un dep\u00f3sito 30% T\/T por adelantado, con el saldo a pagar antes del env\u00edo.<\/p>\n<p>2. Alibaba Trade Assurance: Los pagos pueden procesarse a trav\u00e9s de Alibaba Trade Assurance.<\/p>\n<p>Preguntas frecuentes sobre la cortadora grabadora de metal por l\u00e1ser de fibra 3D<\/p>\n<p>\u00bfCu\u00e1l es el embalaje de la m\u00e1quina de marcado l\u00e1ser de fibra 3d?<br \/>\nNuestras m\u00e1quinas se embalan en tres capas. La capa exterior es una caja de madera, la intermedia est\u00e1 acolchada con espuma para protegerla de las sacudidas y la interior incluye una gruesa bolsa de pl\u00e1stico impermeable.<\/p>\n<p>\u00bfSe da\u00f1ar\u00e1 el paquete durante el transporte?<br \/>\nDise\u00f1amos meticulosamente nuestros embalajes para abordar todos los posibles factores de da\u00f1o, y nuestros agentes de transporte tienen experiencia en transporte seguro. Hemos exportado con \u00e9xito a 180 pa\u00edses, por lo que puede estar seguro de que su paquete llegar\u00e1 en excelentes condiciones.<\/p>\n\n\t\t<\/div>\n\t<\/div>\n<\/div><\/div><\/div><\/div><div class=\"vc_row wpb_row vc_row-fluid\"><div class=\"wpb_column vc_column_container vc_col-sm-12\"><div class=\"vc_column-inner\"><div class=\"wpb_wrapper\">\n\t<div  class=\"wpb_single_image wpb_content_element vc_align_left wpb_content_element\">\n\t\t\n\t\t<figure class=\"wpb_wrapper vc_figure\">\n\t\t\t<div class=\"vc_single_image-wrapper   vc_box_border_grey\"><img decoding=\"async\" width=\"800\" height=\"600\" src=\"data:image\/svg+xml,%3Csvg%20xmlns%3D&#39;http%3A%2F%2Fwww.w3.org%2F2000%2Fsvg&#39;%20width=&#39;800&#39;%20height=&#39;600&#39;%20viewBox%3D&#39;0%200%20800%20600&#39;%2F%3E\" data-czlz data-src=\"https:\/\/www.lasercleaner.tech\/wp-content\/uploads\/2024\/10\/mini-laser-machine.jpg\" class=\"vc_single_image-img attachment-full\" alt=\"\" title=\"mini laser machine\" data-srcset=\"https:\/\/www.lasercleaner.tech\/wp-content\/uploads\/2024\/10\/mini-laser-machine.jpg 800w, https:\/\/www.lasercleaner.tech\/wp-content\/uploads\/2024\/10\/mini-laser-machine-300x225.jpg 300w, https:\/\/www.lasercleaner.tech\/wp-content\/uploads\/2024\/10\/mini-laser-machine-768x576.jpg 768w, https:\/\/www.lasercleaner.tech\/wp-content\/uploads\/2024\/10\/mini-laser-machine-600x450.jpg 600w\" data-sizes=\"(max-width: 800px) 100vw, 800px\" \/><\/div>\n\t\t<\/figure>\n\t<\/div>\n<\/div><\/div><\/div><\/div><div class=\"vc_row wpb_row vc_row-fluid\"><div class=\"wpb_column vc_column_container vc_col-sm-12\"><div class=\"vc_column-inner\"><div class=\"wpb_wrapper\">\n\t<div  class=\"wpb_single_image wpb_content_element vc_align_left wpb_content_element\">\n\t\t\n\t\t<figure class=\"wpb_wrapper vc_figure\">\n\t\t\t<div class=\"vc_single_image-wrapper   vc_box_border_grey\"><img decoding=\"async\" width=\"750\" height=\"1097\" src=\"data:image\/svg+xml,%3Csvg%20xmlns%3D&#39;http%3A%2F%2Fwww.w3.org%2F2000%2Fsvg&#39;%20width=&#39;750&#39;%20height=&#39;1097&#39;%20viewBox%3D&#39;0%200%20750%201097&#39;%2F%3E\" data-czlz data-src=\"https:\/\/www.lasercleaner.tech\/wp-content\/uploads\/2024\/10\/H41131e375dda4bdf9d9810daf4bf77a8M.jpg\" class=\"vc_single_image-img attachment-full\" alt=\"Packge BOGONG\" title=\"\" data-srcset=\"https:\/\/www.lasercleaner.tech\/wp-content\/uploads\/2024\/10\/H41131e375dda4bdf9d9810daf4bf77a8M.jpg 750w, https:\/\/www.lasercleaner.tech\/wp-content\/uploads\/2024\/10\/H41131e375dda4bdf9d9810daf4bf77a8M-205x300.jpg 205w, https:\/\/www.lasercleaner.tech\/wp-content\/uploads\/2024\/10\/H41131e375dda4bdf9d9810daf4bf77a8M-700x1024.jpg 700w, https:\/\/www.lasercleaner.tech\/wp-content\/uploads\/2024\/10\/H41131e375dda4bdf9d9810daf4bf77a8M-600x878.jpg 600w\" data-sizes=\"(max-width: 750px) 100vw, 750px\" \/><\/div>\n\t\t<\/figure>\n\t<\/div>\n<\/div><\/div><\/div><\/div><div class=\"vc_row wpb_row vc_row-fluid\"><div class=\"wpb_column vc_column_container vc_col-sm-12\"><div class=\"vc_column-inner\"><div class=\"wpb_wrapper\">\n\t<div class=\"wpb_text_column wpb_content_element\" >\n\t\t<div class=\"wpb_wrapper\">\n\t\t\t<p>La mayor\u00eda de los clientes como elegir el transporte por UPS \/ DHL expreso, que puede llegar a su destino alrededor de 5-7 d\u00edas, p\u00f3ngase en contacto con BOGONG para obtener m\u00e1s detalles sobre la fibra l\u00e1ser grabador de metal para el cobre de oro de lat\u00f3n de plata.<\/p>\n\n\t\t<\/div>\n\t<\/div>\n<\/div><\/div><\/div><\/div>\n<\/div>","protected":false},"excerpt":{"rendered":"<h2>200W Pulse Laser Cleaning Machine<\/h2>\n<p>BOGONG 200W Pulse laser cleaning machine with &#8230; <\/p>","protected":false},"featured_media":1741,"template":"","meta":[],"product_brand":[],"product_cat":[94],"product_tag":[101,100],"class_list":{"0":"post-1746","1":"product","2":"type-product","3":"status-publish","4":"has-post-thumbnail","6":"product_cat-laser-cleaning-machine","7":"product_tag-laser-cleaner","8":"product_tag-laser-cleaning-machine","10":"first","11":"instock","12":"shipping-taxable","13":"product-type-simple"},"_links":{"self":[{"href":"https:\/\/www.lasercleaner.tech\/es\/wp-json\/wp\/v2\/product\/1746","targetHints":{"allow":["GET"]}}],"collection":[{"href":"https:\/\/www.lasercleaner.tech\/es\/wp-json\/wp\/v2\/product"}],"about":[{"href":"https:\/\/www.lasercleaner.tech\/es\/wp-json\/wp\/v2\/types\/product"}],"wp:featuredmedia":[{"embeddable":true,"href":"https:\/\/www.lasercleaner.tech\/es\/wp-json\/wp\/v2\/media\/1741"}],"wp:attachment":[{"href":"https:\/\/www.lasercleaner.tech\/es\/wp-json\/wp\/v2\/media?parent=1746"}],"wp:term":[{"taxonomy":"product_brand","embeddable":true,"href":"https:\/\/www.lasercleaner.tech\/es\/wp-json\/wp\/v2\/product_brand?post=1746"},{"taxonomy":"product_cat","embeddable":true,"href":"https:\/\/www.lasercleaner.tech\/es\/wp-json\/wp\/v2\/product_cat?post=1746"},{"taxonomy":"product_tag","embeddable":true,"href":"https:\/\/www.lasercleaner.tech\/es\/wp-json\/wp\/v2\/product_tag?post=1746"}],"curies":[{"name":"wp","href":"https:\/\/api.w.org\/{rel}","templated":true}]}}