{"id":1632,"date":"2024-10-28T11:22:56","date_gmt":"2024-10-28T03:22:56","guid":{"rendered":"https:\/\/bogonglaser.com\/?post_type=product&#038;p=1632"},"modified":"2024-11-06T21:33:25","modified_gmt":"2024-11-06T13:33:25","slug":"2024-top-rated-fiber-laser-gun-engraving-machine-for-sale","status":"publish","type":"product","link":"https:\/\/www.lasercleaner.tech\/es\/producto\/2024-top-rated-fiber-laser-gun-engraving-machine-for-sale\/","title":{"rendered":"2024 m\u00e1s valorados de fibra l\u00e1ser pistola m\u00e1quina de grabado para la venta"},"content":{"rendered":"<div class=\"wpb-content-wrapper\"><div class=\"vc_row wpb_row vc_row-fluid\"><div class=\"wpb_column vc_column_container vc_col-sm-12\"><div class=\"vc_column-inner\"><div class=\"wpb_wrapper\">\n\t<div class=\"wpb_text_column wpb_content_element\" >\n\t\t<div class=\"wpb_wrapper\">\n\t\t\t<p>Tal vez usted est\u00e1 buscando un mejor grabador l\u00e1ser para el grabado de armas? Una m\u00e1quina de grabado l\u00e1ser de fibra realizar un trabajo perfecto para la personalizaci\u00f3n, el equipo l\u00e1ser puede obtener una alta precisi\u00f3n y dise\u00f1o incre\u00edble. Si su proyecto implica el grabado profundo en metales, fibras de carbono o pl\u00e1sticos polim\u00e9ricos, iniciando un negocio especializado en punteado l\u00e1ser de armas y texturizado de empu\u00f1aduras, por favor, siga adelante con la m\u00e1quina de grabado l\u00e1ser de fibra. Si buduge es suficiente un l\u00e1ser de fibra MOPA ser\u00e1 la mejor opci\u00f3n, la m\u00e1quina de punteado l\u00e1ser MOPA puede grabar colores en acero inoxidable, cromo y titanio, lo m\u00e1s importante es Mopa l\u00e1ser puede controlar el ancho de pulso y la frecuencia de gran tama\u00f1o, lo que significa que no s\u00f3lo las piezas de la pistola de grabado profundo es un poco de tiempo, sino tambi\u00e9n reducir la quema de pol\u00edmero, material pl\u00e1stico.<\/p>\n\n\t\t<\/div>\n\t<\/div>\n<\/div><\/div><\/div><\/div><div class=\"vc_row wpb_row vc_row-fluid\"><div class=\"wpb_column vc_column_container vc_col-sm-12\"><div class=\"vc_column-inner\"><div class=\"wpb_wrapper\">\n\t<div  class=\"wpb_single_image wpb_content_element vc_align_left wpb_content_element\">\n\t\t\n\t\t<figure class=\"wpb_wrapper vc_figure\">\n\t\t\t<div class=\"vc_single_image-wrapper   vc_box_border_grey\"><img decoding=\"async\" width=\"800\" height=\"600\" src=\"data:image\/svg+xml,%3Csvg%20xmlns%3D&#39;http%3A%2F%2Fwww.w3.org%2F2000%2Fsvg&#39;%20width=&#39;800&#39;%20height=&#39;600&#39;%20viewBox%3D&#39;0%200%20800%20600&#39;%2F%3E\" data-czlz data-src=\"https:\/\/www.lasercleaner.tech\/wp-content\/uploads\/2024\/10\/gun-laser-engraving-machine.jpg\" class=\"vc_single_image-img attachment-full\" alt=\"\" title=\"m\u00e1quina de grabado l\u00e1ser de pistolas\" data-srcset=\"https:\/\/www.lasercleaner.tech\/wp-content\/uploads\/2024\/10\/gun-laser-engraving-machine.jpg 800w, https:\/\/www.lasercleaner.tech\/wp-content\/uploads\/2024\/10\/gun-laser-engraving-machine-300x225.jpg 300w, https:\/\/www.lasercleaner.tech\/wp-content\/uploads\/2024\/10\/gun-laser-engraving-machine-768x576.jpg 768w, https:\/\/www.lasercleaner.tech\/wp-content\/uploads\/2024\/10\/gun-laser-engraving-machine-600x450.jpg 600w\" data-sizes=\"(max-width: 800px) 100vw, 800px\" \/><\/div>\n\t\t<\/figure>\n\t<\/div>\n<\/div><\/div><\/div><\/div><div class=\"vc_row wpb_row vc_row-fluid\"><div class=\"wpb_column vc_column_container vc_col-sm-12\"><div class=\"vc_column-inner\"><div class=\"wpb_wrapper\">\n\t<div class=\"wpb_text_column wpb_content_element\" >\n\t\t<div class=\"wpb_wrapper\">\n\t\t\t<p>Una m\u00e1quina de grabado l\u00e1ser para armas de fuego es un tipo de sistema de marcado l\u00e1ser de fibra que para aplicaciones de grabado y punteado de metales. Es capaz de realizar grabados 2D y profundos en una amplia gama de metales, incluyendo acero, aluminio, cobre, titanio, varias aleaciones, oro, plata, lat\u00f3n y hierro. Este dispositivo llamado grabador l\u00e1ser de precisi\u00f3n, es particularmente adecuado para el punteado y grabado de componentes de armas como culatas, empu\u00f1aduras, PMAGs, ca\u00f1ones, cargadores, soportes, cilindros y bozales. Se adapta a una gran variedad de armas de fuego, incluidos rifles, semiautom\u00e1ticas, escopetas, pistolas y otras armas construidas con metales, fibras de carbono y pl\u00e1sticos pol\u00edmeros. Con la funcionalidad a\u00f1adida de una cinta transportadora, esta m\u00e1quina puede marcar continuamente sin interrupci\u00f3n, y cuando est\u00e1 equipada con una herramienta rotativa, puede grabar en tubos, cilindros, etc.<\/p>\n\n\t\t<\/div>\n\t<\/div>\n<\/div><\/div><\/div><\/div><div class=\"vc_row wpb_row vc_row-fluid\"><div class=\"wpb_column vc_column_container vc_col-sm-12\"><div class=\"vc_column-inner\"><div class=\"wpb_wrapper\">\n\t<div  class=\"wpb_single_image wpb_content_element vc_align_left wpb_content_element\">\n\t\t\n\t\t<figure class=\"wpb_wrapper vc_figure\">\n\t\t\t<div class=\"vc_single_image-wrapper   vc_box_border_grey\"><img decoding=\"async\" width=\"700\" height=\"360\" src=\"data:image\/svg+xml,%3Csvg%20xmlns%3D&#39;http%3A%2F%2Fwww.w3.org%2F2000%2Fsvg&#39;%20width=&#39;700&#39;%20height=&#39;360&#39;%20viewBox%3D&#39;0%200%20700%20360&#39;%2F%3E\" data-czlz data-src=\"https:\/\/www.lasercleaner.tech\/wp-content\/uploads\/2024\/10\/laser-machine.png\" class=\"vc_single_image-img attachment-full\" alt=\"firearms laser engraver\" title=\"m\u00e1quina l\u00e1ser\" data-srcset=\"https:\/\/www.lasercleaner.tech\/wp-content\/uploads\/2024\/10\/laser-machine.png 700w, https:\/\/www.lasercleaner.tech\/wp-content\/uploads\/2024\/10\/laser-machine-300x154.png 300w, https:\/\/www.lasercleaner.tech\/wp-content\/uploads\/2024\/10\/laser-machine-600x309.png 600w\" data-sizes=\"(max-width: 700px) 100vw, 700px\" \/><\/div>\n\t\t<\/figure>\n\t<\/div>\n<\/div><\/div><\/div><\/div><div class=\"vc_row wpb_row vc_row-fluid\"><div class=\"wpb_column vc_column_container vc_col-sm-12\"><div class=\"vc_column-inner\"><div class=\"wpb_wrapper\">\n\t<div class=\"wpb_text_column wpb_content_element\" >\n\t\t<div class=\"wpb_wrapper\">\n\t\t\t<h3>Ventajas de la mejor m\u00e1quina de grabado l\u00e1ser econ\u00f3mica 2024 para pistolas, armas de fuego y armamento<\/h3>\n<p>Dise\u00f1o compacto y seguro: La m\u00e1quina de marcado l\u00e1ser con pistola cuenta con un dise\u00f1o con c\u00e1mara, lo que garantiza la seguridad y la eficiencia del espacio.<br \/>\nEspejo galvo de escaneo de alta velocidad: Esta tecnolog\u00eda permite a la m\u00e1quina de punteado l\u00e1ser de pistola realizar marcas precisas a alta velocidad.<\/p>\n<p>Variedad de lentes l\u00e1ser: Equipada con m\u00faltiples opciones de lentes l\u00e1ser (F=110mm, 160mm, 254mm, 300mm, 420mm), la m\u00e1quina puede adaptarse a diferentes tama\u00f1os de marcado.<\/p>\n<p>Longitud de enfoque ajustable: El grabador l\u00e1ser incorpora una rueda elevadora y medidas intuitivas para ajustar c\u00f3modamente la longitud de enfoque.<\/p>\n<p>Fuente l\u00e1ser de fibra de alta precisi\u00f3n: Utilizando la fuente l\u00e1ser de fibra de la marca JPT (Raycus Max opcional), esta m\u00e1quina garantiza una luz l\u00e1ser fina para una precisi\u00f3n de impresi\u00f3n excepcional.<\/p>\n<p>Mesa de trabajo 2D con orificios para tornillos: La mesa de trabajo est\u00e1 dise\u00f1ada con numerosos orificios para tornillos, lo que facilita la colocaci\u00f3n y el montaje de accesorios especiales.<\/p>\n<p>Dispositivo rotativo opcional: La m\u00e1quina puede emparejarse con un dispositivo giratorio para grabar materiales redondos y cil\u00edndricos, como anillos y pulseras.<\/p>\n<h3>Grabador l\u00e1ser para punteado de armas y texturizado de empu\u00f1aduras<\/h3>\n<p>Un grabador l\u00e1ser para punteado y texturizado de empu\u00f1aduras de armas es un equipo avanzado dise\u00f1ado para crear patrones intrincados y mejorar el agarre en las superficies de las armas de fuego. Utilizando tecnolog\u00eda l\u00e1ser avanzada, graba con precisi\u00f3n diversos componentes de las armas de fuego.<\/p>\n<p>Esta m\u00e1quina es capaz de realizar grabados profundos en 2D y 3D en una amplia gama de metales, como acero, aluminio, cobre, titanio, aleaciones, oro, plata, lat\u00f3n y hierro. Funciona como un grabador maestro, dise\u00f1ado espec\u00edficamente para el punteado de componentes como culatas, empu\u00f1aduras, PMAG, ca\u00f1ones, cargadores, soportes, cilindros y bozales. Es adecuado para una variedad de armas de fuego, incluyendo rifles, semiautom\u00e1ticas, escopetas y pistolas.<\/p>\n<p>Las m\u00e1quinas de punteado l\u00e1ser de fibra pueden grabar diversos elementos como patrones, signos, nombres, logotipos, fechas, letras, n\u00fameros y fotos en pistolas y armas de fuego. Con una fuente l\u00e1ser de fibra MOPA, estas m\u00e1quinas tambi\u00e9n pueden grabar colores en materiales como acero inoxidable, cromo y titanio. Es importante tener en cuenta que el grabado profundo de componentes de armas puede requerir tiempo adicional para lograr resultados \u00f3ptimos.<\/p>\n\n\t\t<\/div>\n\t<\/div>\n<\/div><\/div><\/div><\/div><div class=\"vc_row wpb_row vc_row-fluid\"><div class=\"wpb_column vc_column_container vc_col-sm-12\"><div class=\"vc_column-inner\"><div class=\"wpb_wrapper\">\n\t<div class=\"wpb_video_widget wpb_content_element vc_clearfix   vc_video-aspect-ratio-169 vc_video-el-width-100 vc_video-align-left\" >\n\t\t<div class=\"wpb_wrapper\">\n\t\t\t\n\t\t\t<div class=\"wpb_video_wrapper\"><iframe title=\"2024 Best Gun Laser Engraver for Firearms Pistol Slide Re-Stippling | Engraving Glock Metal Polymer\" width=\"500\" height=\"281\" src=\"https:\/\/www.youtube.com\/embed\/eTLHIlAGkXM?feature=oembed\" frameborder=\"0\" allow=\"accelerometer; autoplay; clipboard-write; encrypted-media; gyroscope; picture-in-picture; web-share\" referrerpolicy=\"strict-origin-when-cross-origin\" allowfullscreen><\/iframe><\/div>\n\t\t<\/div>\n\t<\/div>\n<\/div><\/div><\/div><\/div><div class=\"vc_row wpb_row vc_row-fluid\"><div class=\"wpb_column vc_column_container vc_col-sm-12\"><div class=\"vc_column-inner\"><div class=\"wpb_wrapper\">\n\t<div class=\"wpb_text_column wpb_content_element\" >\n\t\t<div class=\"wpb_wrapper\">\n\t\t\t<h2>Caracter\u00edsticas de la m\u00e1quina de grabado l\u00e1ser de pistola BOGONG<\/h2>\n<p>Estas son algunas de las caracter\u00edsticas m\u00e1s destacadas:<\/p>\n<p>Tecnolog\u00eda l\u00e1ser de fibra avanzada:Estas m\u00e1quinas utilizan l\u00e1seres de fibra de alta energ\u00eda como fuente de grabado, proporcionando una excelente calidad.<\/p>\n<p>Alta velocidad de grabado: Son capaces de ofrecer alta velocidad de grabado sin sacrificar la precisi\u00f3n.<\/p>\n<p>Grabados duraderos: Los grabados producidos son permanentes y resistentes al desgaste y la corrosi\u00f3n, lo que garantiza su longevidad.<\/p>\n<p>Versatilidad de metales:Pueden grabar diversos metales, como acero, aluminio, titanio y aleaciones, lo que las hace adecuadas para una amplia gama de aplicaciones.<\/p>\n<p><strong>Adem\u00e1s, BOGONG proporciona algunos par\u00e1metros b\u00e1sicos para la pistola de punteado en metal y pol\u00edmero, esto es de gran ayuda para los principiantes que quieren empezar este negocio.<\/strong><\/p>\n\n\t\t<\/div>\n\t<\/div>\n<\/div><\/div><\/div><\/div><div class=\"vc_row wpb_row vc_row-fluid\"><div class=\"wpb_column vc_column_container vc_col-sm-12\"><div class=\"vc_column-inner\"><div class=\"wpb_wrapper\">\n\t<div class=\"wpb_video_widget wpb_content_element vc_clearfix   vc_video-aspect-ratio-169 vc_video-el-width-100 vc_video-align-left\" >\n\t\t<div class=\"wpb_wrapper\">\n\t\t\t\n\t\t\t<div class=\"wpb_video_wrapper\"><iframe title=\"Mejor m\u00e1quina de punzonado l\u00e1ser de China Marcado Grabado en Metal Pol\u00edmero\" width=\"500\" height=\"281\" src=\"https:\/\/www.youtube.com\/embed\/nZYOdLk2IVw?feature=oembed\" frameborder=\"0\" allow=\"accelerometer; autoplay; clipboard-write; encrypted-media; gyroscope; picture-in-picture; web-share\" referrerpolicy=\"strict-origin-when-cross-origin\" allowfullscreen><\/iframe><\/div>\n\t\t<\/div>\n\t<\/div>\n<\/div><\/div><\/div><\/div><div class=\"vc_row wpb_row vc_row-fluid\"><div class=\"wpb_column vc_column_container vc_col-sm-12\"><div class=\"vc_column-inner\"><div class=\"wpb_wrapper\">\n\t<div class=\"wpb_video_widget wpb_content_element vc_clearfix   vc_video-aspect-ratio-169 vc_video-el-width-100 vc_video-align-left\" >\n\t\t<div class=\"wpb_wrapper\">\n\t\t\t\n\t\t\t<div class=\"wpb_video_wrapper\"><iframe title=\"BOGONG Usuario&#039;s Feeback: Incre\u00edble m\u00e1quina de grabado l\u00e1ser para metal | Arma de fuego armas Stippling\" width=\"500\" height=\"281\" src=\"https:\/\/www.youtube.com\/embed\/w2z65YhvRoQ?feature=oembed\" frameborder=\"0\" allow=\"accelerometer; autoplay; clipboard-write; encrypted-media; gyroscope; picture-in-picture; web-share\" referrerpolicy=\"strict-origin-when-cross-origin\" allowfullscreen><\/iframe><\/div>\n\t\t<\/div>\n\t<\/div>\n<\/div><\/div><\/div><\/div><div class=\"vc_row wpb_row vc_row-fluid\"><div class=\"wpb_column vc_column_container vc_col-sm-12\"><div class=\"vc_column-inner\"><div class=\"wpb_wrapper\">\n\t<div class=\"wpb_video_widget wpb_content_element vc_clearfix   vc_video-aspect-ratio-169 vc_video-el-width-100 vc_video-align-left\" >\n\t\t<div class=\"wpb_wrapper\">\n\t\t\t\n\t\t\t<div class=\"wpb_video_wrapper\"><iframe title=\"M\u00e1quina de grabado l\u00e1ser de armas de fuego asequible | M\u00e1quina de grabado l\u00e1ser de armas de fuego de metal pol\u00edmero madera\" width=\"500\" height=\"281\" src=\"https:\/\/www.youtube.com\/embed\/ri4JJz7Zi1k?feature=oembed\" frameborder=\"0\" allow=\"accelerometer; autoplay; clipboard-write; encrypted-media; gyroscope; picture-in-picture; web-share\" referrerpolicy=\"strict-origin-when-cross-origin\" allowfullscreen><\/iframe><\/div>\n\t\t<\/div>\n\t<\/div>\n<\/div><\/div><\/div><\/div><div class=\"vc_row wpb_row vc_row-fluid\"><div class=\"wpb_column vc_column_container vc_col-sm-12\"><div class=\"vc_column-inner\"><div class=\"wpb_wrapper\">\n\t<div class=\"wpb_video_widget wpb_content_element vc_clearfix   vc_video-aspect-ratio-169 vc_video-el-width-100 vc_video-align-left\" >\n\t\t<div class=\"wpb_wrapper\">\n\t\t\t\n\t\t\t<div class=\"wpb_video_wrapper\"><iframe title=\"GRABADOR L\u00c1SER MOPA M7 60W para grabado de armas y marcaje en color\" width=\"500\" height=\"281\" src=\"https:\/\/www.youtube.com\/embed\/Ctf4cqWR0wA?feature=oembed\" frameborder=\"0\" allow=\"accelerometer; autoplay; clipboard-write; encrypted-media; gyroscope; picture-in-picture; web-share\" referrerpolicy=\"strict-origin-when-cross-origin\" allowfullscreen><\/iframe><\/div>\n\t\t<\/div>\n\t<\/div>\n<\/div><\/div><\/div><\/div><div class=\"vc_row wpb_row vc_row-fluid\"><div class=\"wpb_column vc_column_container vc_col-sm-12\"><div class=\"vc_column-inner\"><div class=\"wpb_wrapper\">\n\t<div class=\"wpb_text_column wpb_content_element\" >\n\t\t<div class=\"wpb_wrapper\">\n\t\t\t<h2>Aplicaciones de las m\u00e1quinas de grabado por pistola l\u00e1ser<\/h2>\n<p>Las m\u00e1quinas de grabado con pistola l\u00e1ser tienen una amplia gama de aplicaciones, entre las que se incluyen:<\/p>\n<p>Armas de fuego: Se utilizan habitualmente para grabar diversos tipos de armas de fuego, como rifles, semiautom\u00e1ticas, escopetas y pistolas.<\/p>\n<p>Electr\u00f3nica: Estas m\u00e1quinas pueden grabar en productos electr\u00f3nicos y de comunicaci\u00f3n, incluidos circuitos integrados, l\u00edneas el\u00e9ctricas, componentes inform\u00e1ticos y electrodom\u00e9sticos.<\/p>\n<p>Piezas de precisi\u00f3n: Son ideales para grabar piezas de precisi\u00f3n, herramientas de ferreter\u00eda, instrumentos y componentes relacionados con la aviaci\u00f3n y la industria aeroespacial.<\/p>\n<p>Joyer\u00eda y ropa: Los grabadores l\u00e1ser tambi\u00e9n pueden utilizarse para personalizar joyas, ropa, instrumentos, regalos, material de oficina, logotipos de marcas y art\u00edculos sanitarios.<\/p>\n<p>Alimentos y bebidas: Estas m\u00e1quinas pueden grabar en art\u00edculos relacionados con la vajilla, alimentos, bebidas, accesorios para fumadores y productos alcoh\u00f3licos.<\/p>\n<h2>Coste de un grabador de pistola l\u00e1ser<\/h2>\n<p>Si est\u00e1 pensando en comprar un grabador l\u00e1ser para pistolas, los precios pueden variar mucho. Una m\u00e1quina b\u00e1sica suele costar a partir de $2.500. Los modelos que vienen con un accesorio giratorio para grabar ca\u00f1ones de armas suelen oscilar entre $3.000 y $6.800. Las m\u00e1quinas de grabado profundo de alta potencia para armas de fuego pueden costar entre $3.200 y $11.000, mientras que las grabadoras l\u00e1ser MOPA dise\u00f1adas para el grabado en color suelen rondar los $4.200. Para los que buscan grabadoras l\u00e1ser 3D de calidad profesional, los precios pueden subir hasta $9.900. En general, el precio medio de una m\u00e1quina de grabado l\u00e1ser para armas en 2024 es de aproximadamente $3.600.<\/p>\n<p>Es esencial tener en cuenta los gastos de env\u00edo, sobre todo para las compras transfronterizas. Debido al tama\u00f1o compacto de los grabadores de pistolas, se suele utilizar el transporte a\u00e9reo, y el env\u00edo suele costar entre $550 y $1.100.<\/p>\n<p>El precio de las grabadoras l\u00e1ser de fibra puede variar en funci\u00f3n de la potencia y las opciones de funciones adicionales. La reputaci\u00f3n de la marca y su posicionamiento en el mercado tambi\u00e9n desempe\u00f1an un papel importante en el coste; las marcas conocidas suelen tener un sobreprecio. El generador l\u00e1ser de fibra, al ser el componente principal, influye enormemente en el precio global, con opciones de potencia que suelen oscilar entre 20 y 100 W para adaptarse a distintos materiales y profundidades de grabado.<\/p>\n\n\t\t<\/div>\n\t<\/div>\n<\/div><\/div><\/div><\/div><div class=\"vc_row wpb_row vc_row-fluid\"><div class=\"wpb_column vc_column_container vc_col-sm-12\"><div class=\"vc_column-inner\"><div class=\"wpb_wrapper\">\n\t<div class=\"wpb_video_widget wpb_content_element vc_clearfix   vc_video-aspect-ratio-169 vc_video-el-width-100 vc_video-align-left\" >\n\t\t<div class=\"wpb_wrapper\">\n\t\t\t\n\t\t\t<div class=\"wpb_video_wrapper\"><iframe title=\"BOGONG USER&#039;S LASER WORK | M\u00e1quina de grabado l\u00e1ser en Glock GUN stippling | BEST GUN Laser Engraver\" width=\"500\" height=\"281\" src=\"https:\/\/www.youtube.com\/embed\/di7CdT2iFmk?feature=oembed\" frameborder=\"0\" allow=\"accelerometer; autoplay; clipboard-write; encrypted-media; gyroscope; picture-in-picture; web-share\" referrerpolicy=\"strict-origin-when-cross-origin\" allowfullscreen><\/iframe><\/div>\n\t\t<\/div>\n\t<\/div>\n<\/div><\/div><\/div><\/div><div class=\"vc_row wpb_row vc_row-fluid\"><div class=\"wpb_column vc_column_container vc_col-sm-12\"><div class=\"vc_column-inner\"><div class=\"wpb_wrapper\">\n\t<div class=\"wpb_text_column wpb_content_element\" >\n\t\t<div class=\"wpb_wrapper\">\n\t\t\t<p>Todos los tipos de grabadores l\u00e1ser de fibra para pistolas**<\/p>\n<p>Armas grabables con l\u00e1ser<\/p>\n<p>Escopetas<br \/>\nLas escopetas son armas largas de ca\u00f1\u00f3n liso que se disparan con el hombro. Est\u00e1n dise\u00f1adas para disparar un gran n\u00famero de peque\u00f1os proyectiles, conocidos como \"perdigones\", en lugar de una sola bala.<\/p>\n<p>Rev\u00f3lveres<br \/>\nUn rev\u00f3lver es un tipo de arma de fuego dotada de un cilindro giratorio con m\u00faltiples rec\u00e1maras que puede cargarse manualmente con cartuchos. Cuando el cilindro se alinea con el martillo, al apretar el gatillo se libera el martillo y se dispara el cartucho.<\/p>\n<p>Armas artesanales<br \/>\nEl t\u00e9rmino \"producci\u00f3n artesanal\" se refiere a las armas y municiones fabricadas en gran parte a mano y en peque\u00f1as cantidades. Seg\u00fan el Small Arms Survey, esta categor\u00eda incluye desde pistolas y escopetas rudimentarias hasta fusiles de asalto m\u00e1s avanzados, as\u00ed como armas de fuego caseras fabricadas con materiales dom\u00e9sticos b\u00e1sicos.<\/p>\n<p>Fusiles<br \/>\nLos rifles son armas de fuego de ca\u00f1\u00f3n largo dise\u00f1adas para ser disparadas desde el hombro. Presentan ranuras en espiral, conocidas como estr\u00edas, en el interior del ca\u00f1\u00f3n que imparten un giro r\u00e1pido al proyectil, mejorando la precisi\u00f3n.<\/p>\n<p>Pistolas<br \/>\nLas pistolas est\u00e1n dise\u00f1adas para funcionar de forma semiautom\u00e1tica o totalmente autom\u00e1tica. Los cartuchos se cargan en un cargador, que se inserta en el arma de fuego. En las pistolas semiautom\u00e1ticas hay que apretar el gatillo para cada disparo, mientras que las pistolas totalmente autom\u00e1ticas pueden disparar de forma continua con una sola pulsaci\u00f3n del gatillo mientras haya munici\u00f3n disponible.<\/p>\n<p>Subfusiles<br \/>\nLos subfusiles son armas de fuego ligeras y port\u00e1tiles que disparan cartuchos de energ\u00eda relativamente baja. Pueden dispararse con la mano, la cadera o el hombro.<\/p>\n<p>Ametralladoras<br \/>\nLas ametralladoras son armas de fuego totalmente autom\u00e1ticas que siguen cargando y disparando munici\u00f3n hasta que se suelta el gatillo, se agota la munici\u00f3n o se produce una aver\u00eda.<\/p>\n<p>Otros tipos<br \/>\nEsta categor\u00eda incluye pistolas de aire comprimido, armas de fuego de gas, armas antiguas y armas ligeras.<\/p>\n\n\t\t<\/div>\n\t<\/div>\n<\/div><\/div><\/div><\/div><div class=\"vc_row wpb_row vc_row-fluid\"><div class=\"wpb_column vc_column_container vc_col-sm-12\"><div class=\"vc_column-inner\"><div class=\"wpb_wrapper\">\n\t<div class=\"wpb_text_column wpb_content_element\" >\n\t\t<div class=\"wpb_wrapper\">\n\t\t\t<h2>C\u00f3mo elegir la marca adecuada<\/h2>\n<p>Invertir en una m\u00e1quina de grabado con pistola l\u00e1ser de fibra es una decisi\u00f3n importante, por lo que es esencial elegir una marca que ofrezca valor y fiabilidad. Estos son algunos factores importantes a tener en cuenta a la hora de seleccionar la marca adecuada para sus necesidades:<\/p>\n<p>Reputaci\u00f3n de la marca: Investigue la reputaci\u00f3n y fiabilidad de la marca dentro del sector. Busque empresas conocidas por sus productos de calidad.<\/p>\n<p>Experiencia en el sector: Eval\u00fae la experiencia y los conocimientos de la marca en el campo del grabado por l\u00e1ser.<\/p>\n<p>Calidad e innovaci\u00f3n de los productos: Tenga en cuenta la calidad de los productos y las innovaciones tecnol\u00f3gicas que ofrecen.<\/p>\n<p>Variedad de modelos: Busque una marca que ofrezca una gama diversa de modelos con distintas especificaciones para satisfacer sus necesidades espec\u00edficas.<\/p>\n<p>Asistencia posventa: Compruebe el nivel de asistencia posventa ofrecido. Un servicio de atenci\u00f3n al cliente fiable es crucial para resolver cualquier problema que pueda surgir.<\/p>\n<p>Garant\u00eda: Examina las pol\u00edticas de garant\u00eda asociadas a sus productos para asegurarte de que est\u00e1s protegido en caso de defectos o problemas.<\/p>\n<p>Por \u00faltimo, el precio y el valor global son consideraciones clave. Aseg\u00farate de leer las opiniones y recomendaciones de los usuarios para tomar una decisi\u00f3n informada.<\/p>\n\n\t\t<\/div>\n\t<\/div>\n<\/div><\/div><\/div><\/div><div class=\"vc_row wpb_row vc_row-fluid\"><div class=\"wpb_column vc_column_container vc_col-sm-12\"><div class=\"vc_column-inner\"><div class=\"wpb_wrapper\">\n\t<div class=\"wpb_text_column wpb_content_element\" >\n\t\t<div class=\"wpb_wrapper\">\n\t\t\t<p>**\u00bfPor qu\u00e9 elegir el l\u00e1ser BOGONG?<\/p>\n<p>BOGONG famoso por su calidad de los equipos l\u00e1ser y el servicio de servicio post-venta, Nuestras m\u00e1quinas son vers\u00e1tiles y f\u00e1ciles de usar, dise\u00f1ado con todos los niveles de habilidad en mente. Por encima de todo, damos prioridad a la satisfacci\u00f3n del cliente. Si usted es un experto o un principiante, BOGONG LASER est\u00e1 aqu\u00ed para apoyarle en cada paso del camino. Conf\u00ede en nosotros y en nuestro servicio, donde la excelencia y la innovaci\u00f3n se unen para su \u00e9xito.<\/p>\n\n\t\t<\/div>\n\t<\/div>\n<\/div><\/div><\/div><\/div><div class=\"vc_row wpb_row vc_row-fluid\"><div class=\"wpb_column vc_column_container vc_col-sm-12\"><div class=\"vc_column-inner\"><div class=\"wpb_wrapper\">\n\t<div class=\"wpb_video_widget wpb_content_element vc_clearfix   vc_video-aspect-ratio-169 vc_video-el-width-100 vc_video-align-left\" >\n\t\t<div class=\"wpb_wrapper\">\n\t\t\t\n\t\t\t<div class=\"wpb_video_wrapper\"><iframe title=\"Compr\u00f3 BOGONG Grabador L\u00e1ser | AMERICA Comprador Consigui\u00f3 Su Segundo Juego M\u00e1quina De Marcado L\u00e1ser\" width=\"500\" height=\"281\" src=\"https:\/\/www.youtube.com\/embed\/X5r8d4Kxbg4?feature=oembed\" frameborder=\"0\" allow=\"accelerometer; autoplay; clipboard-write; encrypted-media; gyroscope; picture-in-picture; web-share\" referrerpolicy=\"strict-origin-when-cross-origin\" allowfullscreen><\/iframe><\/div>\n\t\t<\/div>\n\t<\/div>\n<\/div><\/div><\/div><\/div>\n<\/div>","protected":false},"excerpt":{"rendered":"<h2>2024 El mejor grabador l\u00e1ser para punteado de armas y texturizado de empu\u00f1aduras<\/h2>\n<p>The best &#8230; <\/p>","protected":false},"featured_media":1639,"template":"","meta":[],"product_brand":[],"product_cat":[97,93],"product_tag":[102],"class_list":{"0":"post-1632","1":"product","2":"type-product","3":"status-publish","4":"has-post-thumbnail","6":"product_cat-fiber-laser-marker","7":"product_cat-laser-engraving-machine","8":"product_tag-laser-marking-machine","10":"first","11":"instock","12":"shipping-taxable","13":"product-type-simple"},"_links":{"self":[{"href":"https:\/\/www.lasercleaner.tech\/es\/wp-json\/wp\/v2\/product\/1632","targetHints":{"allow":["GET"]}}],"collection":[{"href":"https:\/\/www.lasercleaner.tech\/es\/wp-json\/wp\/v2\/product"}],"about":[{"href":"https:\/\/www.lasercleaner.tech\/es\/wp-json\/wp\/v2\/types\/product"}],"wp:featuredmedia":[{"embeddable":true,"href":"https:\/\/www.lasercleaner.tech\/es\/wp-json\/wp\/v2\/media\/1639"}],"wp:attachment":[{"href":"https:\/\/www.lasercleaner.tech\/es\/wp-json\/wp\/v2\/media?parent=1632"}],"wp:term":[{"taxonomy":"product_brand","embeddable":true,"href":"https:\/\/www.lasercleaner.tech\/es\/wp-json\/wp\/v2\/product_brand?post=1632"},{"taxonomy":"product_cat","embeddable":true,"href":"https:\/\/www.lasercleaner.tech\/es\/wp-json\/wp\/v2\/product_cat?post=1632"},{"taxonomy":"product_tag","embeddable":true,"href":"https:\/\/www.lasercleaner.tech\/es\/wp-json\/wp\/v2\/product_tag?post=1632"}],"curies":[{"name":"wp","href":"https:\/\/api.w.org\/{rel}","templated":true}]}}