{"id":2123,"date":"2024-12-05T23:00:35","date_gmt":"2024-12-05T15:00:35","guid":{"rendered":"https:\/\/bogonglaser.com\/?post_type=product&#038;p=2123"},"modified":"2024-12-09T13:24:58","modified_gmt":"2024-12-09T05:24:58","slug":"3d-uv-laser-marking-machine","status":"publish","type":"product","link":"https:\/\/www.lasercleaner.tech\/de\/produkt\/3d-uv-laser-marking-machine\/","title":{"rendered":"Glaslaser-Bohrmaschine | MOPA M8 Glaslaser-Schneidemaschine"},"content":{"rendered":"<div class=\"wpb-content-wrapper\"><div class=\"vc_row wpb_row vc_row-fluid\"><div class=\"wpb_column vc_column_container vc_col-sm-12\"><div class=\"vc_column-inner\"><div class=\"wpb_wrapper\">\n\t<div class=\"wpb_text_column wpb_content_element\" >\n\t\t<div class=\"wpb_wrapper\">\n\t\t\t<h2>Was ist eine Laserbohrmaschine f\u00fcr Glas?<\/h2>\n<p>Eine Glaslaserbohrmaschine ist ein Hightech-Werkzeug, das Glas mit gro\u00dfer Genauigkeit schneidet. Sie verwendet einen starken Lichtstrahl, um das Glas in bestimmten Bereichen zu schmelzen oder zu verdampfen, was die Erstellung detaillierter Designs und Muster erm\u00f6glicht. Diese Maschinen werden h\u00e4ufig in Bereichen wie Bauwesen, Kunst und Fertigung eingesetzt, in denen es auf Qualit\u00e4t ankommt. Sie bieten Vorteile wie weniger Abfall, k\u00fcrzere Produktionszeiten und die M\u00f6glichkeit, sowohl dicke als auch d\u00fcnne Glasst\u00fccke einfach und effektiv zu bearbeiten.<\/p>\n<ul>\n<li>M8-Laserquelle<\/li>\n<li>3D-Schneidesoftware<\/li>\n<li>Gro\u00dfe Auswahl an optionalen<\/li>\n<li>2 Jahre Garantie<\/li>\n<\/ul>\n\n\t\t<\/div>\n\t<\/div>\n<\/div><\/div><\/div><\/div><div class=\"vc_row wpb_row vc_row-fluid\"><div class=\"wpb_column vc_column_container vc_col-sm-12\"><div class=\"vc_column-inner\"><div class=\"wpb_wrapper\">\n\t<div  class=\"wpb_single_image wpb_content_element vc_align_left wpb_content_element\">\n\t\t\n\t\t<figure class=\"wpb_wrapper vc_figure\">\n\t\t\t<div class=\"vc_single_image-wrapper   vc_box_border_grey\"><img decoding=\"async\" width=\"800\" height=\"308\" src=\"data:image\/svg+xml,%3Csvg%20xmlns%3D&#39;http%3A%2F%2Fwww.w3.org%2F2000%2Fsvg&#39;%20width=&#39;800&#39;%20height=&#39;308&#39;%20viewBox%3D&#39;0%200%20800%20308&#39;%2F%3E\" data-czlz data-src=\"https:\/\/www.lasercleaner.tech\/wp-content\/uploads\/2024\/12\/glass-drilling-machine.jpg\" class=\"vc_single_image-img attachment-full\" alt=\"\" title=\"Glasbohrmaschine\" data-srcset=\"https:\/\/www.lasercleaner.tech\/wp-content\/uploads\/2024\/12\/glass-drilling-machine.jpg 800w, https:\/\/www.lasercleaner.tech\/wp-content\/uploads\/2024\/12\/glass-drilling-machine-300x116.jpg 300w, https:\/\/www.lasercleaner.tech\/wp-content\/uploads\/2024\/12\/glass-drilling-machine-768x296.jpg 768w, https:\/\/www.lasercleaner.tech\/wp-content\/uploads\/2024\/12\/glass-drilling-machine-600x231.jpg 600w\" data-sizes=\"(max-width: 800px) 100vw, 800px\" \/><\/div>\n\t\t<\/figure>\n\t<\/div>\n<\/div><\/div><\/div><\/div><div class=\"vc_row wpb_row vc_row-fluid\"><div class=\"wpb_column vc_column_container vc_col-sm-12\"><div class=\"vc_column-inner\"><div class=\"wpb_wrapper\">\n\t<div class=\"wpb_video_widget wpb_content_element vc_clearfix   vc_video-aspect-ratio-169 vc_video-el-width-80 vc_video-align-left\" >\n\t\t<div class=\"wpb_wrapper\">\n\t\t\t<h2 class=\"wpb_heading wpb_video_heading\">Laserschneidmaschine f\u00fcr Glas<\/h2>\n\t\t\t<div class=\"wpb_video_wrapper\"><iframe title=\"China schnell Glas Laserschneiden Maschine Fiber Laser Cutter f\u00fcr das Schneiden von Glas Bohren mit 100w 250w\" width=\"500\" height=\"281\" src=\"https:\/\/www.youtube.com\/embed\/Kmd0MQuJWxg?feature=oembed\" frameborder=\"0\" allow=\"accelerometer; autoplay; clipboard-write; encrypted-media; gyroscope; picture-in-picture; web-share\" referrerpolicy=\"strict-origin-when-cross-origin\" allowfullscreen><\/iframe><\/div>\n\t\t<\/div>\n\t<\/div>\n<\/div><\/div><\/div><\/div><div class=\"vc_row wpb_row vc_row-fluid\"><div class=\"wpb_column vc_column_container vc_col-sm-12\"><div class=\"vc_column-inner\"><div class=\"wpb_wrapper\">\n\t<div class=\"wpb_text_column wpb_content_element\" >\n\t\t<div class=\"wpb_wrapper\">\n\t\t\t<p>Wie unterscheidet sich das Laserschneiden von Glas von herk\u00f6mmlichen Glasschneideverfahren? Die beiden Verfahren unterscheiden sich erheblich in Bezug auf Technik, Ausr\u00fcstung, Effizienz und Endergebnisse.<\/p>\n<p>Traditioneller Glaszuschnitt<br \/>\nF\u00fcr den traditionellen Glaszuschnitt werden in der industriellen Produktion haupts\u00e4chlich drei Verfahren eingesetzt: CNC-Schleifen, Wasserstrahlschneiden und Scheibenschneiden.<\/p>\n<p>-Wasserstrahlschneiden: Bei diesem Verfahren wird Wasser unter hohem Druck mit abrasivem Sand gemischt, um Glas zu schneiden. Damit lassen sich gebogene Formen und L\u00f6cher mit gro\u00dfer Pr\u00e4zision herstellen, aber es wird viel Wasser und Sand ben\u00f6tigt, was teuer sein kann und die Umwelt stark belastet.<\/p>\n<p>- Schneiden mit der Scheibe: Beim Schneiden mit der Scheibe werden mit einem Messerrad Linien in das Glas geritzt und dann mit Druck entlang dieser Linien gebrochen. Diese Methode ist zwar erschwinglich und einfach zu handhaben, doch entstehen dabei h\u00e4ufig Sp\u00e4ne und gezackte Kanten, was genaue Schnitte erschwert, insbesondere bei kleineren St\u00fccken. Auch die Sicherheit der Arbeiter ist bei diesem Verfahren ein gro\u00dfes Thema.<\/p>\n<p>- CNC-Schleifen: Diese Technik bohrt sich durch Glas, um es zu formen und zu konturieren, erfordert jedoch einen wassergek\u00fchlten Bohrer und ein R\u00fcckgewinnungssystem. Die Bohrer nutzen sich schnell ab, was die Kosten in die H\u00f6he treiben und die Produktion verlangsamen kann.<\/p>\n<p>Laser-Glasschneiden Bohren<br \/>\nAndererseits erfreut sich das Laserschneiden von Glas zunehmender Beliebtheit, da es die pr\u00e4zisen und anspruchsvollen Normen erf\u00fcllt, die in den heutigen Anwendungen gefordert werden. Das Laserschneiden kann in zwei Kategorien unterteilt werden: Laserschneiden von Glas und Laserbohren von Glas. Beim Laserschneiden werden h\u00e4ufig Pikosekundenlaser verwendet, die ultrakurze Impulse mit hoher Leistung aussenden; der Preis f\u00fcr diese Art von Maschinen ist sehr hoch. F\u00fcr das Bohren k\u00f6nnen normale Lasermaschinen verwendet werden, die eine M8-Laserquelle verwenden und deren Kosten mit denen von Pikosekundenlasern vergleichbar sind. Bei der Wahl eines Laserschneidverfahrens ist es wichtig, verschiedene Anwendungen zu ber\u00fccksichtigen und ein Gleichgewicht zwischen Kosten, Effizienz und Qualit\u00e4t herzustellen.<\/p>\n\n\t\t<\/div>\n\t<\/div>\n<\/div><\/div><\/div><\/div><div class=\"vc_row wpb_row vc_row-fluid\"><div class=\"wpb_column vc_column_container vc_col-sm-12\"><div class=\"vc_column-inner\"><div class=\"wpb_wrapper\">\n\t<div class=\"wpb_video_widget wpb_content_element vc_clearfix   vc_video-aspect-ratio-169 vc_video-el-width-80 vc_video-align-left\" >\n\t\t<div class=\"wpb_wrapper\">\n\t\t\t<h2 class=\"wpb_heading wpb_video_heading\">Kann die Glaslaserbohrmaschine Glas mit 150*150mm schneiden?<\/h2>\n\t\t\t<div class=\"wpb_video_wrapper\"><iframe title=\"Glas-Laserschneidemaschine 150mm Durchmesser\" width=\"500\" height=\"281\" src=\"https:\/\/www.youtube.com\/embed\/haVVNZkB5OU?feature=oembed\" frameborder=\"0\" allow=\"accelerometer; autoplay; clipboard-write; encrypted-media; gyroscope; picture-in-picture; web-share\" referrerpolicy=\"strict-origin-when-cross-origin\" allowfullscreen><\/iframe><\/div>\n\t\t<\/div>\n\t<\/div>\n<\/div><\/div><\/div><\/div><div class=\"vc_row wpb_row vc_row-fluid\"><div class=\"wpb_column vc_column_container vc_col-sm-12\"><div class=\"vc_column-inner\"><div class=\"wpb_wrapper\">\n\t<div class=\"wpb_text_column wpb_content_element\" >\n\t\t<div class=\"wpb_wrapper\">\n\t\t\t<p>Kann geh\u00e4rtetes Glas mit einem Laser geschnitten werden? Ja, aber man braucht einen speziellen Lasertyp, einen so genannten Pikosekundenlaser, denn mit normalen Lasern kann man es nicht richtig schneiden. Normale Lasermaschinen wie MOPA-Laser eignen sich gut zum Schneiden von Kalk-Natron-Glas, das am h\u00e4ufigsten verwendet wird. Etwa 75% des gesamten produzierten Glases ist Kalknatronglas.<\/p>\n<p>Andere Glastypen, die mit Lasern geschnitten werden k\u00f6nnen, sind Borosilikat, Bleiglas, Aluminosilikat und Fiberglas. Buntes Glas, das h\u00e4ufig zu Dekorationszwecken verwendet wird, kann ebenfalls mit einem Laser geschnitten werden, aber es kann leicht brechen. Das Laserschneiden eignet sich auch f\u00fcr vorgespanntes Glas, w\u00e4rmegeh\u00e4rtetes Glas und reflektierendes Glas.<\/p>\n\n\t\t<\/div>\n\t<\/div>\n<\/div><\/div><\/div><\/div><div class=\"vc_row wpb_row vc_row-fluid\"><div class=\"wpb_column vc_column_container vc_col-sm-12\"><div class=\"vc_column-inner\"><div class=\"wpb_wrapper\">\n\t<div class=\"wpb_text_column wpb_content_element\" >\n\t\t<div class=\"wpb_wrapper\">\n\t\t\t<p>avorable Einstellungen f\u00fcr das Laserschneiden von Glas<\/p>\n<p>Laserleistung: Die Leistung des von Ihnen verwendeten Lasers sollte je nach Dicke und Art des Glases zwischen 30 und 800 Watt liegen. Dieser Bereich ist wichtig, weil Glas das Licht bei den entsprechenden Wellenl\u00e4ngen effektiv absorbiert.<\/p>\n<p>Schneidgeschwindigkeit: Die Geschwindigkeit, mit der Sie Glas mit einem Laser schneiden k\u00f6nnen, h\u00e4ngt von seiner Dicke ab. Im Allgemeinen k\u00f6nnen Sie schneller schneiden, wenn Sie die Leistung des Lasers erh\u00f6hen. So kann ein 80-W-Laser in der Regel 0,10 Zoll dickes Glas mit einer Geschwindigkeit von etwa 15 Zoll pro Minute durchschneiden.<\/p>\n<p>Fl\u00e4che des Arbeitsbereichs: Die Gr\u00f6\u00dfe des Arbeitsbereichs des Lasergravierers ist ein weiterer wichtiger Faktor. Sie m\u00fcssen sich f\u00fcr einen Laserschneider entscheiden, der f\u00fcr die Abmessungen der zu verwendenden Glasscheiben geeignet ist.<\/p>\n<p>Objektive: Bei der Arbeit mit Glas verwenden Sie am besten Objektive, die den ISO-10110-Normen entsprechen. Sie ben\u00f6tigen ein Objektiv mit kurzer Brennweite und einem tiefen Brennpunkt, um sicherzustellen, dass der Laserstrahl auf einen kleinen Punkt fokussiert bleibt, was beim Schneiden von dickem Glas entscheidend ist. Ein empfohlenes Objektiv zum effektiven Schneiden von Glas hat eine Brennweite von 2 Zoll, eine Sch\u00e4rfentiefe von 0,03 Zoll und eine Punktgr\u00f6\u00dfe von 0,001 Zoll.<\/p>\n<p>Bel\u00fcftungssystem: Obwohl beim Laserschneiden von Glas in der Regel kein sichtbarer Staub oder Gase entstehen, ist ein gutes Bel\u00fcftungssystem dennoch unerl\u00e4sslich. Die freigesetzten D\u00e4mpfe k\u00f6nnen je nach den verwendeten Materialien unterschiedlich giftig sein, insbesondere bei Buntglas, das beim Schneiden dunkle, sichtbare D\u00e4mpfe erzeugen kann. Ein robustes Bel\u00fcftungssystem kann dazu beitragen, diese D\u00e4mpfe schnell zu entfernen und das Risiko von Korrosion oder Fleckenbildung auf den Maschinenteilen zu minimieren.<\/p>\n\n\t\t<\/div>\n\t<\/div>\n<\/div><\/div><\/div><\/div><div class=\"vc_row wpb_row vc_row-fluid\"><div class=\"wpb_column vc_column_container vc_col-sm-12\"><div class=\"vc_column-inner\"><div class=\"wpb_wrapper\">\n\t<div class=\"wpb_text_column wpb_content_element\" >\n\t\t<div class=\"wpb_wrapper\">\n\t\t\t<p>Laserschneidmaschinen f\u00fcr Glas bieten mehrere Vorteile, wie z. B. die Herstellung von Kanten, die auf nat\u00fcrliche Weise fertiggestellt und au\u00dfergew\u00f6hnlich glatt sind. Im Gegensatz zu herk\u00f6mmlichen Glasschneideverfahren ergibt das Laserschneiden eine hohe Bruchfestigkeit und erfordert nur minimale Wartung.<\/p>\n<p>Die automatisierten, computergesteuerten Prozesse, die beim Laserschneiden eingesetzt werden, f\u00fchren zu schnellen und kosteng\u00fcnstigen Ergebnissen. Laser k\u00f6nnen Glas unterschiedlicher Dicke in fast jede beliebige Form schneiden, so dass diese Methode aufgrund ihrer Schnelligkeit, Sauberkeit, Genauigkeit und Anpassungsm\u00f6glichkeiten von vielen Unternehmen in verschiedenen Branchen bevorzugt wird.<\/p>\n<p>Industrielle Laserschneider bieten gro\u00dfe Flexibilit\u00e4t bei der Herstellung verschiedener Formen und liefern komplizierte Details mit bemerkenswerter Pr\u00e4zision. Diese Laserschneidetechnik minimiert auch den Materialabfall, was insgesamt zur Kostensenkung beitr\u00e4gt.<\/p>\n\n\t\t<\/div>\n\t<\/div>\n<\/div><\/div><\/div><\/div><div class=\"vc_row wpb_row vc_row-fluid\"><div class=\"wpb_column vc_column_container vc_col-sm-12\"><div class=\"vc_column-inner\"><div class=\"wpb_wrapper\">\n\t<div class=\"wpb_text_column wpb_content_element\" >\n\t\t<div class=\"wpb_wrapper\">\n\t\t\t<p>Sie k\u00f6nnen mehr Kunden-Feedback von BOGONG youtube-Kanal zu finden.<\/p>\n\n\t\t<\/div>\n\t<\/div>\n<\/div><\/div><\/div><\/div><div class=\"vc_row wpb_row vc_row-fluid\"><div class=\"wpb_column vc_column_container vc_col-sm-12\"><div class=\"vc_column-inner\"><div class=\"wpb_wrapper\">\n\t<div class=\"wpb_text_column wpb_content_element\" >\n\t\t<div class=\"wpb_wrapper\">\n\t\t\t<p>Zahlungsbedingungen<\/p>\n<p>1. Ablagerung und Balance: Eine 30% T\/T Anzahlung ist im Voraus erforderlich, mit dem Restbetrag vor dem Versand f\u00e4llig.<\/p>\n<p>2. Alibaba Trade Assurance: Zahlungen k\u00f6nnen \u00fcber Alibaba Trade Assurance abgewickelt werden.<\/p>\n<p>FAQs f\u00fcr die Glaslaserschneidemaschine<\/p>\n<p>Was ist die Verpackung f\u00fcr die Glaslaserbohrmaschine?<br \/>\nUnsere Maschinen werden in einem dreilagigen Aufbau verpackt. Die \u00e4u\u00dfere Schicht besteht aus einer Holzkiste, die mittlere Schicht ist mit Schaumstoff gepolstert, um sie vor Ersch\u00fctterungen zu sch\u00fctzen, und die innere Schicht besteht aus einer dicken Plastikt\u00fcte zur Abdichtung.<\/p>\n<p>Wird das Paket w\u00e4hrend des Transports besch\u00e4digt werden?<br \/>\nWir gestalten unsere Verpackungen sorgf\u00e4ltig, um alle potenziellen Schadensfaktoren zu ber\u00fccksichtigen, und unsere Spediteure sind erfahren im sicheren Transport. Wir haben erfolgreich in 180 L\u00e4nder exportiert. Sie k\u00f6nnen also sicher sein, dass Ihr Paket in einem ausgezeichneten Zustand ankommt.<\/p>\n\n\t\t<\/div>\n\t<\/div>\n<\/div><\/div><\/div><\/div><div class=\"vc_row wpb_row vc_row-fluid\"><div class=\"wpb_column vc_column_container vc_col-sm-12\"><div class=\"vc_column-inner\"><div class=\"wpb_wrapper\">\n\t<div  class=\"wpb_single_image wpb_content_element vc_align_left wpb_content_element\">\n\t\t\n\t\t<figure class=\"wpb_wrapper vc_figure\">\n\t\t\t<div class=\"vc_single_image-wrapper   vc_box_border_grey\"><img decoding=\"async\" width=\"800\" height=\"600\" src=\"data:image\/svg+xml,%3Csvg%20xmlns%3D&#39;http%3A%2F%2Fwww.w3.org%2F2000%2Fsvg&#39;%20width=&#39;800&#39;%20height=&#39;600&#39;%20viewBox%3D&#39;0%200%20800%20600&#39;%2F%3E\" data-czlz data-src=\"https:\/\/www.lasercleaner.tech\/wp-content\/uploads\/2024\/12\/m8\u6253\u6807\u673a\u5de5\u5382\u7167\u7247-2.png\" class=\"vc_single_image-img attachment-full\" alt=\"\" title=\"m8\u6253\u6807\u673a\u5de5\u5382\u7167\u7247 (2)\" data-srcset=\"https:\/\/www.lasercleaner.tech\/wp-content\/uploads\/2024\/12\/m8\u6253\u6807\u673a\u5de5\u5382\u7167\u7247-2.png 800w, https:\/\/www.lasercleaner.tech\/wp-content\/uploads\/2024\/12\/m8\u6253\u6807\u673a\u5de5\u5382\u7167\u7247-2-300x225.png 300w, https:\/\/www.lasercleaner.tech\/wp-content\/uploads\/2024\/12\/m8\u6253\u6807\u673a\u5de5\u5382\u7167\u7247-2-768x576.png 768w, https:\/\/www.lasercleaner.tech\/wp-content\/uploads\/2024\/12\/m8\u6253\u6807\u673a\u5de5\u5382\u7167\u7247-2-600x450.png 600w\" data-sizes=\"(max-width: 800px) 100vw, 800px\" \/><\/div>\n\t\t<\/figure>\n\t<\/div>\n<\/div><\/div><\/div><\/div><div class=\"vc_row wpb_row vc_row-fluid\"><div class=\"wpb_column vc_column_container vc_col-sm-12\"><div class=\"vc_column-inner\"><div class=\"wpb_wrapper\">\n\t<div class=\"wpb_text_column wpb_content_element\" >\n\t\t<div class=\"wpb_wrapper\">\n\t\t\t<p>Die meisten Kunden w\u00e4hlen den Transport per UPS\/DHL-Express, es kann am Zielort etwa 5-7 Tage ankommen, kontaktieren Sie mit BOGONG, um mehr Details \u00fcber UV-Laser-Markierungsmaschine zu erhalten.<\/p>\n\n\t\t<\/div>\n\t<\/div>\n<\/div><\/div><\/div><\/div>\n<\/div>","protected":false},"excerpt":{"rendered":"<p>Laserschneidmaschine f\u00fcr Glas<\/p>\n<p>Laser is a fantastic choice if you&#8217;re looking &#8230; <\/p>","protected":false},"featured_media":2143,"template":"","meta":[],"product_brand":[],"product_cat":[97,93,96],"product_tag":[102],"class_list":{"0":"post-2123","1":"product","2":"type-product","3":"status-publish","4":"has-post-thumbnail","6":"product_cat-fiber-laser-marker","7":"product_cat-laser-engraving-machine","8":"product_cat-laser-marking-machine","9":"product_tag-laser-marking-machine","11":"first","12":"instock","13":"shipping-taxable","14":"product-type-simple"},"_links":{"self":[{"href":"https:\/\/www.lasercleaner.tech\/de\/wp-json\/wp\/v2\/product\/2123","targetHints":{"allow":["GET"]}}],"collection":[{"href":"https:\/\/www.lasercleaner.tech\/de\/wp-json\/wp\/v2\/product"}],"about":[{"href":"https:\/\/www.lasercleaner.tech\/de\/wp-json\/wp\/v2\/types\/product"}],"wp:featuredmedia":[{"embeddable":true,"href":"https:\/\/www.lasercleaner.tech\/de\/wp-json\/wp\/v2\/media\/2143"}],"wp:attachment":[{"href":"https:\/\/www.lasercleaner.tech\/de\/wp-json\/wp\/v2\/media?parent=2123"}],"wp:term":[{"taxonomy":"product_brand","embeddable":true,"href":"https:\/\/www.lasercleaner.tech\/de\/wp-json\/wp\/v2\/product_brand?post=2123"},{"taxonomy":"product_cat","embeddable":true,"href":"https:\/\/www.lasercleaner.tech\/de\/wp-json\/wp\/v2\/product_cat?post=2123"},{"taxonomy":"product_tag","embeddable":true,"href":"https:\/\/www.lasercleaner.tech\/de\/wp-json\/wp\/v2\/product_tag?post=2123"}],"curies":[{"name":"wp","href":"https:\/\/api.w.org\/{rel}","templated":true}]}}