{"id":2000,"date":"2024-11-26T10:39:24","date_gmt":"2024-11-26T02:39:24","guid":{"rendered":"https:\/\/bogonglaser.com\/?post_type=product&#038;p=2000"},"modified":"2024-11-27T11:20:42","modified_gmt":"2024-11-27T03:20:42","slug":"6000w-40kw-high-power-fiber-laser-metal-cutting-machine-for-sale","status":"publish","type":"product","link":"https:\/\/www.lasercleaner.tech\/de\/produkt\/6000w-40kw-high-power-fiber-laser-metal-cutting-machine-for-sale\/","title":{"rendered":"6000W-40KW Hochleistungs-Faserlaser-Metallschneidemaschine zu verkaufen"},"content":{"rendered":"<div class=\"wpb-content-wrapper\"><div class=\"vc_row wpb_row vc_row-fluid\"><div class=\"wpb_column vc_column_container vc_col-sm-12\"><div class=\"vc_column-inner\"><div class=\"wpb_wrapper\">\n\t<div class=\"wpb_text_column wpb_content_element\" >\n\t\t<div class=\"wpb_wrapper\">\n\t\t\t<p>The BOGONG fiber laser metal cutting machine offers impressive features, including faster cutting speeds and a powerful 6000W laser (with options ranging from 2000W to 40000W). This machine provides exceptional cutting quality that sets it apart from other tools.<\/p>\n<p>It comes equipped with a state-of-the-art IPG laser generator and user-friendly CNC cutting software, making it easy to operate. Its sturdy welded construction, made from heat-treated materials and crafted using large CNC milling machines, ensures durability. Plus, the fully enclosed fireproof and dustproof safety housing ensures a safe working environment.<\/p>\n\n\t\t<\/div>\n\t<\/div>\n<\/div><\/div><\/div><\/div><div class=\"vc_row wpb_row vc_row-fluid\"><div class=\"wpb_column vc_column_container vc_col-sm-12\"><div class=\"vc_column-inner\"><div class=\"wpb_wrapper\">\n\t<div  class=\"wpb_single_image wpb_content_element vc_align_left wpb_content_element\">\n\t\t\n\t\t<figure class=\"wpb_wrapper vc_figure\">\n\t\t\t<div class=\"vc_single_image-wrapper   vc_box_border_grey\"><img decoding=\"async\" width=\"600\" height=\"600\" src=\"data:image\/svg+xml,%3Csvg%20xmlns%3D&#39;http%3A%2F%2Fwww.w3.org%2F2000%2Fsvg&#39;%20width=&#39;600&#39;%20height=&#39;600&#39;%20viewBox%3D&#39;0%200%20600%20600&#39;%2F%3E\" data-czlz data-src=\"https:\/\/www.lasercleaner.tech\/wp-content\/uploads\/2024\/11\/fiber-laser-cutting-machine-sealed.jpg\" class=\"vc_single_image-img attachment-full\" alt=\"\" title=\"fiber laser cutting machine sealed\" data-srcset=\"https:\/\/www.lasercleaner.tech\/wp-content\/uploads\/2024\/11\/fiber-laser-cutting-machine-sealed.jpg 600w, https:\/\/www.lasercleaner.tech\/wp-content\/uploads\/2024\/11\/fiber-laser-cutting-machine-sealed-300x300.jpg 300w, https:\/\/www.lasercleaner.tech\/wp-content\/uploads\/2024\/11\/fiber-laser-cutting-machine-sealed-150x150.jpg 150w, https:\/\/www.lasercleaner.tech\/wp-content\/uploads\/2024\/11\/fiber-laser-cutting-machine-sealed-100x100.jpg 100w\" data-sizes=\"(max-width: 600px) 100vw, 600px\" \/><\/div>\n\t\t<\/figure>\n\t<\/div>\n<\/div><\/div><\/div><\/div><div class=\"vc_row wpb_row vc_row-fluid\"><div class=\"wpb_column vc_column_container vc_col-sm-12\"><div class=\"vc_column-inner\"><div class=\"wpb_wrapper\">\n\t<div class=\"wpb_text_column wpb_content_element\" >\n\t\t<div class=\"wpb_wrapper\">\n\t\t\t<div class=\"sub-header-divs\">\n<h3>Leistung<\/h3>\n<\/div>\n<ul>\n<li>Lasermedium - Festk\u00f6rper CW 1070nm Faserlaser<\/li>\n<li>Laserleistung - 6000W -40000W Faserquellenoptionen<\/li>\n<li>Macht - <strong>\u00a0380V 3 Phasen<\/strong><\/li>\n<li>Positioniergenauigkeit - \u2264\u00b10,03mm<\/li>\n<li>Wiederholgenauigkeit - \u2264\u00b10,02mm<\/li>\n<\/ul>\n<div class=\"sub-header-divs\">\n<h3>System<\/h3>\n<\/div>\n<ul>\n<li>Antriebssystem - Geschlossener Regelkreis Servo<\/li>\n<li>K\u00fchlmodus - Gek\u00fchltes Wasser<\/li>\n<\/ul>\n\n\t\t<\/div>\n\t<\/div>\n<\/div><\/div><\/div><\/div><div class=\"vc_row wpb_row vc_row-fluid\"><div class=\"wpb_column vc_column_container vc_col-sm-12\"><div class=\"vc_column-inner\"><div class=\"wpb_wrapper\">\n\t<div class=\"wpb_text_column wpb_content_element\" >\n\t\t<div class=\"wpb_wrapper\">\n\t\t\t<p>The 6000W fiber laser cutter is a professional-grade, high-power machine designed for laser metal cutting. It features an automatic CNC controller, making it easy to cut through a variety of metals: carbon steel up to 25mm thick, stainless steel up to 18mm, aluminum up to 16mm, and copper and brass up to 10mm. With a maximum cutting speed of over 60 meters per minute, this machine provides ample power to tackle most metal cutting tasks with ease.<\/p>\n\n\t\t<\/div>\n\t<\/div>\n<\/div><\/div><\/div><\/div><div class=\"vc_row wpb_row vc_row-fluid\"><div class=\"wpb_column vc_column_container vc_col-sm-12\"><div class=\"vc_column-inner\"><div class=\"wpb_wrapper\">\n\t<div class=\"wpb_video_widget wpb_content_element vc_clearfix   vc_video-aspect-ratio-169 vc_video-el-width-100 vc_video-align-left\" >\n\t\t<div class=\"wpb_wrapper\">\n\t\t\t<h2 class=\"wpb_heading wpb_video_heading\">12KW cutting show<\/h2>\n\t\t\t<div class=\"wpb_video_wrapper\"><iframe title=\"12KW Fiber Laser Cutting Machine for Sale\" width=\"500\" height=\"281\" src=\"https:\/\/www.youtube.com\/embed\/xYmsQJZBIpU?feature=oembed\" frameborder=\"0\" allow=\"accelerometer; autoplay; clipboard-write; encrypted-media; gyroscope; picture-in-picture; web-share\" referrerpolicy=\"strict-origin-when-cross-origin\" allowfullscreen><\/iframe><\/div>\n\t\t<\/div>\n\t<\/div>\n<\/div><\/div><\/div><\/div><div class=\"vc_row wpb_row vc_row-fluid\"><div class=\"wpb_column vc_column_container vc_col-sm-12\"><div class=\"vc_column-inner\"><div class=\"wpb_wrapper\">\n\t<div class=\"wpb_text_column wpb_content_element\" >\n\t\t<div class=\"wpb_wrapper\">\n\t\t\t<h4>Fiber Laser Cutting Machine Applicable Industries<\/h4>\n<p>Mechanical and electrical equipment, sheet metal fabrication, cabinets, stainless steel products, lighting fixtures, automotive parts, glass, hardware tools, advertising signs, decorative items, and other industries.<\/p>\n\n\t\t<\/div>\n\t<\/div>\n<\/div><\/div><\/div><\/div><div class=\"vc_row wpb_row vc_row-fluid\"><div class=\"wpb_column vc_column_container vc_col-sm-12\"><div class=\"vc_column-inner\"><div class=\"wpb_wrapper\">\n\t<div class=\"wpb_text_column wpb_content_element\" >\n\t\t<div class=\"wpb_wrapper\">\n\t\t\t<p>**Warum w\u00e4hlen Sie BOGONG LASER**<\/p>\n<p>BOGONG ist ber\u00fchmt f\u00fcr die Qualit\u00e4t seiner Laserger\u00e4te und den Kundendienst. Unsere Maschinen sind vielseitig und benutzerfreundlich und wurden f\u00fcr alle Qualifikationsstufen entwickelt. Die Kundenzufriedenheit steht bei uns an erster Stelle. Egal, ob Sie ein erfahrener Experte oder ein Anf\u00e4nger sind, BOGONG LASER ist hier, um Sie bei jedem Schritt zu unterst\u00fctzen. Vertrauen Sie uns und unserem Service, bei dem Spitzenleistung und Innovation f\u00fcr Ihren Erfolg zusammenkommen.<\/p>\n\n\t\t<\/div>\n\t<\/div>\n<\/div><\/div><\/div><\/div><div class=\"vc_row wpb_row vc_row-fluid\"><div class=\"wpb_column vc_column_container vc_col-sm-12\"><div class=\"vc_column-inner\"><div class=\"wpb_wrapper\"><div class=\"wpb_gallery wpb_content_element vc_clearfix wpb_content_element\" ><div class=\"wpb_wrapper\"><div class=\"wpb_gallery_slides wpb_flexslider flexslider_fade flexslider\" data-interval=\"3\" data-flex_fx=\"fade\"><ul class=\"slides\"><li><a class=\"\" href=\"https:\/\/www.lasercleaner.tech\/wp-content\/uploads\/2024\/11\/fiber-laser-cutter.jpg\" data-lightbox=\"lightbox[rel-2000-3605263556]\"><img decoding=\"async\" width=\"800\" height=\"600\" src=\"data:image\/svg+xml,%3Csvg%20xmlns%3D&#39;http%3A%2F%2Fwww.w3.org%2F2000%2Fsvg&#39;%20width=&#39;800&#39;%20height=&#39;600&#39;%20viewBox%3D&#39;0%200%20800%20600&#39;%2F%3E\" data-czlz data-src=\"https:\/\/www.lasercleaner.tech\/wp-content\/uploads\/2024\/11\/fiber-laser-cutter.jpg\" class=\"attachment-full\" alt=\"fiber laser cutter\" title=\"fiber laser cutter\" data-srcset=\"https:\/\/www.lasercleaner.tech\/wp-content\/uploads\/2024\/11\/fiber-laser-cutter.jpg 800w, https:\/\/www.lasercleaner.tech\/wp-content\/uploads\/2024\/11\/fiber-laser-cutter-300x225.jpg 300w, https:\/\/www.lasercleaner.tech\/wp-content\/uploads\/2024\/11\/fiber-laser-cutter-768x576.jpg 768w, https:\/\/www.lasercleaner.tech\/wp-content\/uploads\/2024\/11\/fiber-laser-cutter-600x450.jpg 600w\" data-sizes=\"(max-width: 800px) 100vw, 800px\" \/><\/a><\/li><\/ul><\/div><\/div><\/div><\/div><\/div><\/div><\/div>\n<\/div>","protected":false},"excerpt":{"rendered":"<p>The 6000W-40KW fiber laser cutting machine is a powerful CNC fiber &#8230; <\/p>","protected":false},"featured_media":2001,"template":"","meta":[],"product_brand":[],"product_cat":[117,92,118],"product_tag":[105,106],"class_list":{"0":"post-2000","1":"product","2":"type-product","3":"status-publish","4":"has-post-thumbnail","6":"product_cat-fiber-laser-cutting-machine","7":"product_cat-laser-cutting-machine","8":"product_cat-laser-metal-cutting-machine","9":"product_tag-fiber-laser-cutting-machine","10":"product_tag-laser-cutting-machine","12":"first","13":"instock","14":"shipping-taxable","15":"product-type-simple"},"_links":{"self":[{"href":"https:\/\/www.lasercleaner.tech\/de\/wp-json\/wp\/v2\/product\/2000","targetHints":{"allow":["GET"]}}],"collection":[{"href":"https:\/\/www.lasercleaner.tech\/de\/wp-json\/wp\/v2\/product"}],"about":[{"href":"https:\/\/www.lasercleaner.tech\/de\/wp-json\/wp\/v2\/types\/product"}],"wp:featuredmedia":[{"embeddable":true,"href":"https:\/\/www.lasercleaner.tech\/de\/wp-json\/wp\/v2\/media\/2001"}],"wp:attachment":[{"href":"https:\/\/www.lasercleaner.tech\/de\/wp-json\/wp\/v2\/media?parent=2000"}],"wp:term":[{"taxonomy":"product_brand","embeddable":true,"href":"https:\/\/www.lasercleaner.tech\/de\/wp-json\/wp\/v2\/product_brand?post=2000"},{"taxonomy":"product_cat","embeddable":true,"href":"https:\/\/www.lasercleaner.tech\/de\/wp-json\/wp\/v2\/product_cat?post=2000"},{"taxonomy":"product_tag","embeddable":true,"href":"https:\/\/www.lasercleaner.tech\/de\/wp-json\/wp\/v2\/product_tag?post=2000"}],"curies":[{"name":"wp","href":"https:\/\/api.w.org\/{rel}","templated":true}]}}