{"id":1862,"date":"2024-11-20T15:53:11","date_gmt":"2024-11-20T07:53:11","guid":{"rendered":"https:\/\/bogonglaser.com\/?post_type=product&#038;p=1862"},"modified":"2025-01-20T20:37:44","modified_gmt":"2025-01-20T12:37:44","slug":"3-in-1-handheld-laser-welder","status":"publish","type":"product","link":"https:\/\/www.lasercleaner.tech\/de\/produkt\/3-in-1-handheld-laser-welder\/","title":{"rendered":"3 in 1 Handlaserschwei\u00dfger\u00e4t"},"content":{"rendered":"<div class=\"wpb-content-wrapper\"><div class=\"vc_row wpb_row vc_row-fluid\"><div class=\"wpb_column vc_column_container vc_col-sm-12\"><div class=\"vc_column-inner\"><div class=\"wpb_wrapper\">\n\t<div class=\"wpb_text_column wpb_content_element\" >\n\t\t<div class=\"wpb_wrapper\">\n\t\t\t<p>Sind Sie auf der Suche nach einer 3-in-1-Laserschwei\u00dfmaschine, die Schwei\u00dfen, Reinigen und Schneiden in einem kann? Anstatt sich f\u00fcr separate Maschinen zu entscheiden - eine zum Schwei\u00dfen, eine andere zum Schneiden von Blechen und Rohren und eine weitere zum Reinigen von Rost, Farbe und Beschichtungen -, sollten Sie sich f\u00fcr eine L\u00f6sung entscheiden, die alles vereint.<\/p>\n<p>Einf\u00fchrung in die <span class=\"___SText_pr68d-red-team\" data-ui-name=\"Link.Text\">3 in 1 Laserschwei\u00dfmaschine<\/span>, die vielseitige All-in-One-Lasermaschine Ihrer Tr\u00e4ume. Dieses leistungsstarke Ger\u00e4t kann verschiedene Arten, Gr\u00f6\u00dfen und Dicken von Metallplatten, Rohren und Profilen schwei\u00dfen. Es ist auch in der Lage, Materialien wie Edelstahl, Kohlenstoffstahl, Kupfer, Aluminium, Titan und einige Legierungen zu schneiden. Au\u00dferdem kann er eine Vielzahl von Substraten f\u00fcr die Oberfl\u00e4chenbehandlung effizient reinigen. Verabschieden Sie sich von dem \u00c4rger mit mehreren Maschinen und begr\u00fc\u00dfen Sie den Komfort der BGW!<\/p>\n\n\t\t<\/div>\n\t<\/div>\n<\/div><\/div><\/div><\/div><div class=\"vc_row wpb_row vc_row-fluid\"><div class=\"wpb_column vc_column_container vc_col-sm-12\"><div class=\"vc_column-inner\"><div class=\"wpb_wrapper\">\n\t<div  class=\"wpb_single_image wpb_content_element vc_align_left wpb_content_element\">\n\t\t\n\t\t<figure class=\"wpb_wrapper vc_figure\">\n\t\t\t<div class=\"vc_single_image-wrapper   vc_box_border_grey\"><img decoding=\"async\" width=\"600\" height=\"600\" src=\"data:image\/svg+xml,%3Csvg%20xmlns%3D&#39;http%3A%2F%2Fwww.w3.org%2F2000%2Fsvg&#39;%20width=&#39;600&#39;%20height=&#39;600&#39;%20viewBox%3D&#39;0%200%20600%20600&#39;%2F%3E\" data-czlz data-src=\"https:\/\/www.lasercleaner.tech\/wp-content\/uploads\/2024\/11\/laser-welding-machine-for-metal.jpg\" class=\"vc_single_image-img attachment-full\" alt=\"\" title=\"Laserschwei\u00dfmaschine f\u00fcr Metall\" data-srcset=\"https:\/\/www.lasercleaner.tech\/wp-content\/uploads\/2024\/11\/laser-welding-machine-for-metal.jpg 600w, https:\/\/www.lasercleaner.tech\/wp-content\/uploads\/2024\/11\/laser-welding-machine-for-metal-300x300.jpg 300w, https:\/\/www.lasercleaner.tech\/wp-content\/uploads\/2024\/11\/laser-welding-machine-for-metal-150x150.jpg 150w, https:\/\/www.lasercleaner.tech\/wp-content\/uploads\/2024\/11\/laser-welding-machine-for-metal-100x100.jpg 100w\" data-sizes=\"(max-width: 600px) 100vw, 600px\" \/><\/div>\n\t\t<\/figure>\n\t<\/div>\n<\/div><\/div><\/div><\/div><div class=\"vc_row wpb_row vc_row-fluid\"><div class=\"wpb_column vc_column_container vc_col-sm-12\"><div class=\"vc_column-inner\"><div class=\"wpb_wrapper\">\n\t<div class=\"wpb_text_column wpb_content_element\" >\n\t\t<div class=\"wpb_wrapper\">\n\t\t\t<p>Der 3-in-1-Laserschwei\u00dfer, -reiniger und -schneider ist ein All-in-One-Werkzeugsatz, der drei Funktionen vereint: Schwei\u00dfen, Schneiden und Reinigen. Es verf\u00fcgt \u00fcber einen Faserlasergenerator, eine Handlaserpistole, einen Wasserk\u00fchler und ein kombiniertes Steuerungssystem. Dieses tragbare und praktische Ger\u00e4t ist auf einfache Handhabung ausgelegt und eignet sich daher hervorragend f\u00fcr verschiedene Anwendungen.<\/p>\n\n\t\t<\/div>\n\t<\/div>\n<\/div><\/div><\/div><\/div><div class=\"vc_row wpb_row vc_row-fluid\"><div class=\"wpb_column vc_column_container vc_col-sm-12\"><div class=\"vc_column-inner\"><div class=\"wpb_wrapper\">\n\t<div  class=\"wpb_single_image wpb_content_element vc_align_left wpb_content_element\">\n\t\t\n\t\t<figure class=\"wpb_wrapper vc_figure\">\n\t\t\t<div class=\"vc_single_image-wrapper   vc_box_border_grey\"><img decoding=\"async\" width=\"1544\" height=\"1063\" src=\"data:image\/svg+xml,%3Csvg%20xmlns%3D&#39;http%3A%2F%2Fwww.w3.org%2F2000%2Fsvg&#39;%20width=&#39;1544&#39;%20height=&#39;1063&#39;%20viewBox%3D&#39;0%200%201544%201063&#39;%2F%3E\" data-czlz data-src=\"https:\/\/www.lasercleaner.tech\/wp-content\/uploads\/2024\/11\/small-cabinet-laser-welder-1.jpg\" class=\"vc_single_image-img attachment-full\" alt=\"\" title=\"Laserschwei\u00dfger\u00e4t f\u00fcr kleine Schr\u00e4nke (1)\" data-srcset=\"https:\/\/www.lasercleaner.tech\/wp-content\/uploads\/2024\/11\/small-cabinet-laser-welder-1.jpg 1544w, https:\/\/www.lasercleaner.tech\/wp-content\/uploads\/2024\/11\/small-cabinet-laser-welder-1-300x207.jpg 300w, https:\/\/www.lasercleaner.tech\/wp-content\/uploads\/2024\/11\/small-cabinet-laser-welder-1-1024x705.jpg 1024w, https:\/\/www.lasercleaner.tech\/wp-content\/uploads\/2024\/11\/small-cabinet-laser-welder-1-768x529.jpg 768w, https:\/\/www.lasercleaner.tech\/wp-content\/uploads\/2024\/11\/small-cabinet-laser-welder-1-1536x1057.jpg 1536w, https:\/\/www.lasercleaner.tech\/wp-content\/uploads\/2024\/11\/small-cabinet-laser-welder-1-600x413.jpg 600w, https:\/\/www.lasercleaner.tech\/wp-content\/uploads\/2024\/11\/small-cabinet-laser-welder-1-1000x688.jpg 1000w\" data-sizes=\"(max-width: 1544px) 100vw, 1544px\" \/><\/div>\n\t\t<\/figure>\n\t<\/div>\n<\/div><\/div><\/div><\/div><div class=\"vc_row wpb_row vc_row-fluid\"><div class=\"wpb_column vc_column_container vc_col-sm-12\"><div class=\"vc_column-inner\"><div class=\"wpb_wrapper\">\n\t<div class=\"wpb_text_column wpb_content_element\" >\n\t\t<div class=\"wpb_wrapper\">\n\t\t\t<h2>Merkmale des <span class=\"___SText_pr68d-red-team\" data-ui-name=\"Link.Text\">3 in 1 Laserschwei\u00dfmaschine<\/span><\/h2>\n<p>- Als Laser-Reinigungsmaschine dient sie als umweltfreundliches \"gr\u00fcnes\" Reinigungswerkzeug, das keine chemischen Mittel oder Fl\u00fcssigkeiten ben\u00f6tigt.<\/p>\n<p>- In seiner Funktion als Laserschwei\u00dfger\u00e4t erzeugt er glatte, gleichm\u00e4\u00dfige Schwei\u00dfn\u00e4hte ohne Narben, so dass nach dem Schwei\u00dfen kein Schleifen und Polieren erforderlich ist. Dies spart nicht nur Zeit und Kosten, sondern steigert auch die Effizienz.<\/p>\n<p>- Als Laserschneidmaschine bietet sie eine benutzerfreundliche Bedienung und erm\u00f6glicht pr\u00e4zise 2D- und 3D-Metallschnitte bei hohen Geschwindigkeiten in jeder Richtung und jedem Winkel.<\/p>\n<p>- Die tragbare Laserpistole hat ein einfaches, handliches Design, so dass sie leicht zu tragen ist. Sie verf\u00fcgt \u00fcber ein Touchscreen-Bedienfeld f\u00fcr bequeme Parametereinstellungen w\u00e4hrend des Betriebs und wiegt nur 0,75 kg, was eine bequeme und erm\u00fcdungsfreie Nutzung gew\u00e4hrleistet.<\/p>\n<p>- Ausgestattet mit einer professionellen Faserlaserquelle, zeichnet er sich durch eine niedrige Fehlerquote und einen geringen Stromverbrauch aus und erfordert keine Wartung, was die Montage vereinfacht.<\/p>\n<p>- Der industrietaugliche K\u00fchler mit konstanter Temperatur verf\u00fcgt \u00fcber einen Filter f\u00fcr Sicherheit und Haltbarkeit, der eine stabile Leistung und eine lange Lebensdauer gew\u00e4hrleistet. Ein hochwertiges Wasserk\u00fchlsystem sorgt f\u00fcr einen stabilen Betrieb des Faserlasergenerators \u00fcber l\u00e4ngere Zeitr\u00e4ume.<\/p>\n<p>- Das kompakte, tragbare Design nimmt nur wenig Platz in Anspruch, die handgef\u00fchrte Laserpistole ist ergonomisch geformt, und die zus\u00e4tzlichen vier R\u00e4der erleichtern den Transport \u00fcber gro\u00dfe Entfernungen.<\/p>\n\n\t\t<\/div>\n\t<\/div>\n<\/div><\/div><\/div><\/div><div class=\"vc_row wpb_row vc_row-fluid\"><div class=\"wpb_column vc_column_container vc_col-sm-12\"><div class=\"vc_column-inner\"><div class=\"wpb_wrapper\">\n\t<div  class=\"wpb_single_image wpb_content_element vc_align_left wpb_content_element\">\n\t\t\n\t\t<figure class=\"wpb_wrapper vc_figure\">\n\t\t\t<div class=\"vc_single_image-wrapper   vc_box_border_grey\"><img decoding=\"async\" width=\"1544\" height=\"1063\" src=\"data:image\/svg+xml,%3Csvg%20xmlns%3D&#39;http%3A%2F%2Fwww.w3.org%2F2000%2Fsvg&#39;%20width=&#39;1544&#39;%20height=&#39;1063&#39;%20viewBox%3D&#39;0%200%201544%201063&#39;%2F%3E\" data-czlz data-src=\"https:\/\/www.lasercleaner.tech\/wp-content\/uploads\/2024\/11\/\u672a\u6807\u9898-1000-1.jpg\" class=\"vc_single_image-img attachment-full\" alt=\"\" title=\"\u672a\u6807\u9898-1000 (1)\" data-srcset=\"https:\/\/www.lasercleaner.tech\/wp-content\/uploads\/2024\/11\/\u672a\u6807\u9898-1000-1.jpg 1544w, https:\/\/www.lasercleaner.tech\/wp-content\/uploads\/2024\/11\/\u672a\u6807\u9898-1000-1-300x207.jpg 300w, https:\/\/www.lasercleaner.tech\/wp-content\/uploads\/2024\/11\/\u672a\u6807\u9898-1000-1-1024x705.jpg 1024w, https:\/\/www.lasercleaner.tech\/wp-content\/uploads\/2024\/11\/\u672a\u6807\u9898-1000-1-768x529.jpg 768w, https:\/\/www.lasercleaner.tech\/wp-content\/uploads\/2024\/11\/\u672a\u6807\u9898-1000-1-1536x1057.jpg 1536w, https:\/\/www.lasercleaner.tech\/wp-content\/uploads\/2024\/11\/\u672a\u6807\u9898-1000-1-600x413.jpg 600w, https:\/\/www.lasercleaner.tech\/wp-content\/uploads\/2024\/11\/\u672a\u6807\u9898-1000-1-1000x688.jpg 1000w\" data-sizes=\"(max-width: 1544px) 100vw, 1544px\" \/><\/div>\n\t\t<\/figure>\n\t<\/div>\n<\/div><\/div><\/div><\/div><div class=\"vc_row wpb_row vc_row-fluid\"><div class=\"wpb_column vc_column_container vc_col-sm-12\"><div class=\"vc_column-inner\"><div class=\"wpb_wrapper\">\n\t<div class=\"wpb_text_column wpb_content_element\" >\n\t\t<div class=\"wpb_wrapper\">\n\t\t\t<h3>Was ist eine handgef\u00fchrte Laserschwei\u00dfpistole?<\/h3>\n<p>Die handgef\u00fchrte Laserpistole kann schwei\u00dfen, reinigen und schneiden und wird von einem intelligenten Controller gesteuert, der eine einfache Bedienung und flexible Bearbeitung erm\u00f6glicht. Durch seine kompakte Gr\u00f6\u00dfe ist er tragbar und kosteng\u00fcnstig und ben\u00f6tigt keine Verbrauchsmaterialien.<\/p>\n\n\t\t<\/div>\n\t<\/div>\n<\/div><\/div><\/div><\/div><div class=\"vc_row wpb_row vc_row-fluid\"><div class=\"wpb_column vc_column_container vc_col-sm-12\"><div class=\"vc_column-inner\"><div class=\"wpb_wrapper\">\n\t<div class=\"wpb_text_column wpb_content_element\" >\n\t\t<div class=\"wpb_wrapper\">\n\t\t\t<p><strong>Verpackung des Laserschwei\u00dfger\u00e4ts<\/strong><\/p>\n\n\t\t<\/div>\n\t<\/div>\n\n\t<div  class=\"wpb_single_image wpb_content_element vc_align_left wpb_content_element\">\n\t\t\n\t\t<figure class=\"wpb_wrapper vc_figure\">\n\t\t\t<div class=\"vc_single_image-wrapper   vc_box_border_grey\"><img decoding=\"async\" width=\"600\" height=\"600\" src=\"data:image\/svg+xml,%3Csvg%20xmlns%3D&#39;http%3A%2F%2Fwww.w3.org%2F2000%2Fsvg&#39;%20width=&#39;600&#39;%20height=&#39;600&#39;%20viewBox%3D&#39;0%200%20600%20600&#39;%2F%3E\" data-czlz data-src=\"https:\/\/www.lasercleaner.tech\/wp-content\/uploads\/2024\/11\/laser-gun-laser-head.jpg\" class=\"vc_single_image-img attachment-full\" alt=\"\" title=\"Laserpistole Laserkopf\" data-srcset=\"https:\/\/www.lasercleaner.tech\/wp-content\/uploads\/2024\/11\/laser-gun-laser-head.jpg 600w, https:\/\/www.lasercleaner.tech\/wp-content\/uploads\/2024\/11\/laser-gun-laser-head-300x300.jpg 300w, https:\/\/www.lasercleaner.tech\/wp-content\/uploads\/2024\/11\/laser-gun-laser-head-150x150.jpg 150w, https:\/\/www.lasercleaner.tech\/wp-content\/uploads\/2024\/11\/laser-gun-laser-head-100x100.jpg 100w\" data-sizes=\"(max-width: 600px) 100vw, 600px\" \/><\/div>\n\t\t<\/figure>\n\t<\/div>\n<\/div><\/div><\/div><\/div><div class=\"vc_row wpb_row vc_row-fluid\"><div class=\"wpb_column vc_column_container vc_col-sm-12\"><div class=\"vc_column-inner\"><div class=\"wpb_wrapper\">\n\t<div class=\"wpb_video_widget wpb_content_element vc_clearfix   vc_video-aspect-ratio-169 vc_video-el-width-100 vc_video-align-left\" >\n\t\t<div class=\"wpb_wrapper\">\n\t\t\t\n\t\t\t<div class=\"wpb_video_wrapper\"><iframe title=\"Mehrere Marken von Handheld-Faser-Laser-Schwei\u00dfen Kopf zeigen | Welche Laser-Schwei\u00dfger\u00e4t Kopf ist gut?\" width=\"500\" height=\"281\" src=\"https:\/\/www.youtube.com\/embed\/NSdcJZEIYs8?feature=oembed\" frameborder=\"0\" allow=\"accelerometer; autoplay; clipboard-write; encrypted-media; gyroscope; picture-in-picture; web-share\" referrerpolicy=\"strict-origin-when-cross-origin\" allowfullscreen><\/iframe><\/div>\n\t\t<\/div>\n\t<\/div>\n<\/div><\/div><\/div><\/div><div class=\"vc_row wpb_row vc_row-fluid\"><div class=\"wpb_column vc_column_container vc_col-sm-12\"><div class=\"vc_column-inner\"><div class=\"wpb_wrapper\">\n\t<div class=\"wpb_text_column wpb_content_element\" >\n\t\t<div class=\"wpb_wrapper\">\n\t\t\t<p><strong>Paket von <span class=\"___SText_pr68d-red-team\" data-ui-name=\"Link.Text\">3 in 1 Laserschwei\u00dfmaschine<\/span><\/strong><\/p>\n\n\t\t<\/div>\n\t<\/div>\n\n\t<div  class=\"wpb_single_image wpb_content_element vc_align_left wpb_content_element\">\n\t\t\n\t\t<figure class=\"wpb_wrapper vc_figure\">\n\t\t\t<div class=\"vc_single_image-wrapper   vc_box_border_grey\"><img decoding=\"async\" width=\"600\" height=\"308\" src=\"data:image\/svg+xml,%3Csvg%20xmlns%3D&#39;http%3A%2F%2Fwww.w3.org%2F2000%2Fsvg&#39;%20width=&#39;600&#39;%20height=&#39;308&#39;%20viewBox%3D&#39;0%200%20600%20308&#39;%2F%3E\" data-czlz data-src=\"https:\/\/www.lasercleaner.tech\/wp-content\/uploads\/2024\/11\/handheld-laser-welder-machine.jpg\" class=\"vc_single_image-img attachment-full\" alt=\"\" title=\"Handlaser-Schwei\u00dfger\u00e4t\" data-srcset=\"https:\/\/www.lasercleaner.tech\/wp-content\/uploads\/2024\/11\/handheld-laser-welder-machine.jpg 600w, https:\/\/www.lasercleaner.tech\/wp-content\/uploads\/2024\/11\/handheld-laser-welder-machine-300x154.jpg 300w\" data-sizes=\"(max-width: 600px) 100vw, 600px\" \/><\/div>\n\t\t<\/figure>\n\t<\/div>\n<\/div><\/div><\/div><\/div><div class=\"vc_row wpb_row vc_row-fluid\"><div class=\"wpb_column vc_column_container vc_col-sm-12\"><div class=\"vc_column-inner\"><div class=\"wpb_wrapper\">\n\t<div class=\"wpb_text_column wpb_content_element\" >\n\t\t<div class=\"wpb_wrapper\">\n\t\t\t<p>**Warum w\u00e4hlen Sie BOGONG LASER**<\/p>\n<p>BOGONG ist ber\u00fchmt f\u00fcr die Qualit\u00e4t seiner Laserger\u00e4te und den Kundendienst. Unsere Maschinen sind vielseitig und benutzerfreundlich und wurden f\u00fcr alle Qualifikationsstufen entwickelt. Die Kundenzufriedenheit steht bei uns an erster Stelle. Egal, ob Sie ein erfahrener Experte oder ein Anf\u00e4nger sind, BOGONG LASER ist hier, um Sie bei jedem Schritt zu unterst\u00fctzen. Vertrauen Sie uns und unserem Service, bei dem Spitzenleistung und Innovation f\u00fcr Ihren Erfolg zusammenkommen.<\/p>\n\n\t\t<\/div>\n\t<\/div>\n<\/div><\/div><\/div><\/div>\n<\/div>","protected":false},"excerpt":{"rendered":"<h1><span class=\"___SText_pr68d-red-team\" data-ui-name=\"Link.Text\">3 in 1 Laserschwei\u00dfmaschine<\/span><\/h1>\n<p>The 3-in-1 laser welding, &#8230; <\/p>","protected":false},"featured_media":1864,"template":"","meta":[],"product_brand":[],"product_cat":[115],"product_tag":[109,108,107],"class_list":{"0":"post-1862","1":"product","2":"type-product","3":"status-publish","4":"has-post-thumbnail","6":"product_cat-handheld-laser-welder","7":"product_tag-fiber-laser-welder","8":"product_tag-handheld-laser-welder","9":"product_tag-laser-welding-machine","11":"first","12":"instock","13":"shipping-taxable","14":"product-type-simple"},"_links":{"self":[{"href":"https:\/\/www.lasercleaner.tech\/de\/wp-json\/wp\/v2\/product\/1862","targetHints":{"allow":["GET"]}}],"collection":[{"href":"https:\/\/www.lasercleaner.tech\/de\/wp-json\/wp\/v2\/product"}],"about":[{"href":"https:\/\/www.lasercleaner.tech\/de\/wp-json\/wp\/v2\/types\/product"}],"wp:featuredmedia":[{"embeddable":true,"href":"https:\/\/www.lasercleaner.tech\/de\/wp-json\/wp\/v2\/media\/1864"}],"wp:attachment":[{"href":"https:\/\/www.lasercleaner.tech\/de\/wp-json\/wp\/v2\/media?parent=1862"}],"wp:term":[{"taxonomy":"product_brand","embeddable":true,"href":"https:\/\/www.lasercleaner.tech\/de\/wp-json\/wp\/v2\/product_brand?post=1862"},{"taxonomy":"product_cat","embeddable":true,"href":"https:\/\/www.lasercleaner.tech\/de\/wp-json\/wp\/v2\/product_cat?post=1862"},{"taxonomy":"product_tag","embeddable":true,"href":"https:\/\/www.lasercleaner.tech\/de\/wp-json\/wp\/v2\/product_tag?post=1862"}],"curies":[{"name":"wp","href":"https:\/\/api.w.org\/{rel}","templated":true}]}}