{"id":2129,"date":"2024-12-06T11:26:13","date_gmt":"2024-12-06T03:26:13","guid":{"rendered":"https:\/\/bogonglaser.com\/?post_type=product&#038;p=2129"},"modified":"2024-12-06T14:01:49","modified_gmt":"2024-12-06T06:01:49","slug":"3d-uv-laser-marking-machine-2","status":"publish","type":"product","link":"https:\/\/www.lasercleaner.tech\/cs\/produkt\/3d-uv-laser-marking-machine-2\/","title":{"rendered":"3D UV laserov\u00fd zna\u010dkovac\u00ed stroj"},"content":{"rendered":"<div class=\"wpb-content-wrapper\"><div class=\"vc_row wpb_row vc_row-fluid\"><div class=\"wpb_column vc_column_container vc_col-sm-12\"><div class=\"vc_column-inner\"><div class=\"wpb_wrapper\">\n\t<div class=\"wpb_text_column wpb_content_element\" >\n\t\t<div class=\"wpb_wrapper\">\n\t\t\t<h2>What Is a 3D UV Laser Marking Machine?<\/h2>\n<p>3D Laser marking machine with UV laser Source, 3D U Series laser head, powerful lenmark3ds\/Ezcad3 software for image processing, there have a dynamic lens inside of laser head, which can engraving on irregular shape. Main feature as below:<\/p>\n<ul>\n<li>UV laser source<\/li>\n<li>3D Engraving software for image processing<\/li>\n<li>R-axis for marking rings and bracelets<\/li>\n<li>3D UV dynamic laser head<\/li>\n<li>Adjustable focus height 15 to 80 mm<\/li>\n<li>Wide selection of optional<\/li>\n<li>2 years warranty<\/li>\n<\/ul>\n\n\t\t<\/div>\n\t<\/div>\n<\/div><\/div><\/div><\/div><div class=\"vc_row wpb_row vc_row-fluid\"><div class=\"wpb_column vc_column_container vc_col-sm-12\"><div class=\"vc_column-inner\"><div class=\"wpb_wrapper\">\n\t<div  class=\"wpb_single_image wpb_content_element vc_align_left wpb_content_element\">\n\t\t\n\t\t<figure class=\"wpb_wrapper vc_figure\">\n\t\t\t<div class=\"vc_single_image-wrapper   vc_box_border_grey\"><img decoding=\"async\" width=\"600\" height=\"400\" src=\"data:image\/svg+xml,%3Csvg%20xmlns%3D&#39;http%3A%2F%2Fwww.w3.org%2F2000%2Fsvg&#39;%20width=&#39;600&#39;%20height=&#39;400&#39;%20viewBox%3D&#39;0%200%20600%20400&#39;%2F%3E\" data-czlz data-src=\"https:\/\/www.lasercleaner.tech\/wp-content\/uploads\/2024\/12\/3D-UV-Laser-Marking-Machine.jpg\" class=\"vc_single_image-img attachment-full\" alt=\"\" title=\"3D UV laserov\u00fd zna\u010dkovac\u00ed stroj\" data-srcset=\"https:\/\/www.lasercleaner.tech\/wp-content\/uploads\/2024\/12\/3D-UV-Laser-Marking-Machine.jpg 600w, https:\/\/www.lasercleaner.tech\/wp-content\/uploads\/2024\/12\/3D-UV-Laser-Marking-Machine-300x200.jpg 300w\" data-sizes=\"(max-width: 600px) 100vw, 600px\" \/><\/div>\n\t\t<\/figure>\n\t<\/div>\n<\/div><\/div><\/div><\/div><div class=\"vc_row wpb_row vc_row-fluid\"><div class=\"wpb_column vc_column_container vc_col-sm-12\"><div class=\"vc_column-inner\"><div class=\"wpb_wrapper\">\n\t<div class=\"wpb_video_widget wpb_content_element vc_clearfix   vc_video-aspect-ratio-169 vc_video-el-width-80 vc_video-align-left\" >\n\t\t<div class=\"wpb_wrapper\">\n\t\t\t<h2 class=\"wpb_heading wpb_video_heading\">BOGONG 3D UV Laser Marking Machine Show<\/h2>\n\t\t\t<div class=\"wpb_video_wrapper\"><iframe title=\"Best China 3D Glass Laser Marking Machine | Glass Laser Engraving Machine for Glass\" width=\"500\" height=\"281\" src=\"https:\/\/www.youtube.com\/embed\/Na_1pKoJTMQ?feature=oembed\" frameborder=\"0\" allow=\"accelerometer; autoplay; clipboard-write; encrypted-media; gyroscope; picture-in-picture; web-share\" referrerpolicy=\"strict-origin-when-cross-origin\" allowfullscreen><\/iframe><\/div>\n\t\t<\/div>\n\t<\/div>\n<\/div><\/div><\/div><\/div><div class=\"vc_row wpb_row vc_row-fluid\"><div class=\"wpb_column vc_column_container vc_col-sm-12\"><div class=\"vc_column-inner\"><div class=\"wpb_wrapper\">\n\t<div class=\"wpb_text_column wpb_content_element\" >\n\t\t<div class=\"wpb_wrapper\">\n\t\t\t<h2>Features of the 3D UV Laser Marking Machine:<\/h2>\n<p>1. Versatile Applications<br \/>\nThe 3D laser marking machine is designed for three-dimensional curved surface marking, capable of focusing on fine spots and providing even markings within a tolerance height range of 0 to 80 mm. There is no need for focus adjustments, allowing for seamless marking of irregular products such as curved, inclined, stepped surfaces, spheres, cylinders, and cones in a single operation.<\/p>\n<p>2. Excellent Deep Carving Quality<br \/>\nEquipped with a 3D precision marking system, Ultraviolet Laser source, the machine excels in various engraving needs, including relief, deep engraving, and concave\/convex engraving. It delivers high precision and visually appealing results.<\/p>\n\n\t\t<\/div>\n\t<\/div>\n<\/div><\/div><\/div><\/div><div class=\"vc_row wpb_row vc_row-fluid\"><div class=\"wpb_column vc_column_container vc_col-sm-12\"><div class=\"vc_column-inner\"><div class=\"wpb_wrapper\">\n\t<div class=\"wpb_video_widget wpb_content_element vc_clearfix   vc_video-aspect-ratio-169 vc_video-el-width-80 vc_video-align-left\" >\n\t\t<div class=\"wpb_wrapper\">\n\t\t\t<h2 class=\"wpb_heading wpb_video_heading\">BOGONG 3D UV Laser Marking Machine for Glass bottle<\/h2>\n\t\t\t<div class=\"wpb_video_wrapper\"><iframe title=\"Glass Laser engraving and marking Machine | 3D UV Laser Marker\" width=\"500\" height=\"281\" src=\"https:\/\/www.youtube.com\/embed\/F-M4iF703pw?feature=oembed\" frameborder=\"0\" allow=\"accelerometer; autoplay; clipboard-write; encrypted-media; gyroscope; picture-in-picture; web-share\" referrerpolicy=\"strict-origin-when-cross-origin\" allowfullscreen><\/iframe><\/div>\n\t\t<\/div>\n\t<\/div>\n<\/div><\/div><\/div><\/div><div class=\"vc_row wpb_row vc_row-fluid\"><div class=\"wpb_column vc_column_container vc_col-sm-12\"><div class=\"vc_column-inner\"><div class=\"wpb_wrapper\">\n\t<div class=\"wpb_video_widget wpb_content_element vc_clearfix   vc_video-aspect-ratio-169 vc_video-el-width-80 vc_video-align-left\" >\n\t\t<div class=\"wpb_wrapper\">\n\t\t\t<h2 class=\"wpb_heading wpb_video_heading\">3D UV Laser Marking Machine for Glass Relief<\/h2>\n\t\t\t<div class=\"wpb_video_wrapper\"><iframe title=\"3D UV Laser Engraver for Glass Relief Engraving | China 3D UV Laser Marking Machine for Sale\" width=\"500\" height=\"281\" src=\"https:\/\/www.youtube.com\/embed\/GPWp4Pm7TFI?feature=oembed\" frameborder=\"0\" allow=\"accelerometer; autoplay; clipboard-write; encrypted-media; gyroscope; picture-in-picture; web-share\" referrerpolicy=\"strict-origin-when-cross-origin\" allowfullscreen><\/iframe><\/div>\n\t\t<\/div>\n\t<\/div>\n<\/div><\/div><\/div><\/div><div class=\"vc_row wpb_row vc_row-fluid\"><div class=\"wpb_column vc_column_container vc_col-sm-12\"><div class=\"vc_column-inner\"><div class=\"wpb_wrapper\">\n\t<div class=\"wpb_text_column wpb_content_element\" >\n\t\t<div class=\"wpb_wrapper\">\n\t\t\t<h3>Applications of the 3D UV Laser Marking machine<\/h3>\n<ul>\n<li>Marking on various shapes of glass, plastic, wood, etc.<\/li>\n<li>Layered excavation and 3D bas-relief engraving on glass.<\/li>\n<li>Engravings on uneven surfaces with an irregularity of up to 80 mm.<\/li>\n<li>Engraving of photographs, names, designs, and logos, including trademarks.<\/li>\n<\/ul>\n\n\t\t<\/div>\n\t<\/div>\n<\/div><\/div><\/div><\/div><div class=\"vc_row wpb_row vc_row-fluid\"><div class=\"wpb_column vc_column_container vc_col-sm-12\"><div class=\"vc_column-inner\"><div class=\"wpb_wrapper\">\n\t<div  class=\"wpb_single_image wpb_content_element vc_align_left wpb_content_element\">\n\t\t\n\t\t<figure class=\"wpb_wrapper vc_figure\">\n\t\t\t<div class=\"vc_single_image-wrapper   vc_box_border_grey\"><img decoding=\"async\" width=\"1280\" height=\"720\" src=\"data:image\/svg+xml,%3Csvg%20xmlns%3D&#39;http%3A%2F%2Fwww.w3.org%2F2000%2Fsvg&#39;%20width=&#39;1280&#39;%20height=&#39;720&#39;%20viewBox%3D&#39;0%200%201280%20720&#39;%2F%3E\" data-czlz data-src=\"https:\/\/www.lasercleaner.tech\/wp-content\/uploads\/2024\/12\/3D-uv-laser-for-glass.jpg\" class=\"vc_single_image-img attachment-full\" alt=\"\" title=\"3D uv laser for glass\" data-srcset=\"https:\/\/www.lasercleaner.tech\/wp-content\/uploads\/2024\/12\/3D-uv-laser-for-glass.jpg 1280w, https:\/\/www.lasercleaner.tech\/wp-content\/uploads\/2024\/12\/3D-uv-laser-for-glass-300x169.jpg 300w, https:\/\/www.lasercleaner.tech\/wp-content\/uploads\/2024\/12\/3D-uv-laser-for-glass-1024x576.jpg 1024w, https:\/\/www.lasercleaner.tech\/wp-content\/uploads\/2024\/12\/3D-uv-laser-for-glass-768x432.jpg 768w, https:\/\/www.lasercleaner.tech\/wp-content\/uploads\/2024\/12\/3D-uv-laser-for-glass-600x338.jpg 600w, https:\/\/www.lasercleaner.tech\/wp-content\/uploads\/2024\/12\/3D-uv-laser-for-glass-1000x563.jpg 1000w\" data-sizes=\"(max-width: 1280px) 100vw, 1280px\" \/><\/div>\n\t\t<\/figure>\n\t<\/div>\n<\/div><\/div><\/div><\/div><div class=\"vc_row wpb_row vc_row-fluid\"><div class=\"wpb_column vc_column_container vc_col-sm-12\"><div class=\"vc_column-inner\"><div class=\"wpb_wrapper\">\n\t<div class=\"wpb_text_column wpb_content_element\" >\n\t\t<div class=\"wpb_wrapper\">\n\t\t\t<h3>How to Choose the Right 3d UV Laser Marking Machine<\/h3>\n<p>Choosing the right 3D UV laser engraving machine will be important for your business, how to make sure the machine meets your specific needs. Here\u2019s a guide to help you make an informed decision:<\/p>\n<ol>\n<li><strong>Material Compatibility<\/strong>: Determine the types of materials you plan to engrave (e.g., wood, acrylic, glass). Ensure that the machine you choose can handle these materials effectively.<\/li>\n<li><strong>Laser Power:<\/strong>\n<ul>\n<li>5W<\/li>\n<li>10W<\/li>\n<li>15W<\/li>\n<\/ul>\n<\/li>\n<li><strong>Ease of Use<\/strong>: Look for machines with user-friendly software that allows for easy design and operation. Lenmark 3DS and Ezcad3 suggest for 3D relief engraving work.<\/li>\n<li><strong>Customer Support and Warranty<\/strong>: Research the manufacturer&#8217;s support options and warranty offered. Reliable customer service can be crucial for troubleshooting and maintenance.<\/li>\n<\/ol>\n\n\t\t<\/div>\n\t<\/div>\n<\/div><\/div><\/div><\/div><div class=\"vc_row wpb_row vc_row-fluid\"><div class=\"wpb_column vc_column_container vc_col-sm-12\"><div class=\"vc_column-inner\"><div class=\"wpb_wrapper\">\n\t<div class=\"wpb_text_column wpb_content_element\" >\n\t\t<div class=\"wpb_wrapper\">\n\t\t\t<h2>What we can do for you choose 3D Laser Marking Machine?<\/h2>\n<ul>\n<li><span class=\"magic-19\"><b class=\"magic-19\"><span class=\"magic-18\">Bezplatn\u00e9 testovac\u00ed vzorky -<\/span><\/b><span class=\"magic-20\" data-spm-anchor-id=\"a2700.details.0.i41.41d82402R4aegi\">M\u016f\u017eeme prov\u00e9st bezplatn\u00e9 testy \u00fa\u010dinku zna\u010den\u00ed podle materi\u00e1lu va\u0161eho v\u00fdrobku.<\/span><\/span><\/li>\n<li><span class=\"magic-19\"><b class=\"magic-19\"><span class=\"magic-18\">Video v p\u0159\u00edm\u00e9m p\u0159enosu -<\/span><\/b><span class=\"magic-20\">M\u016f\u017eete se spojit s na\u0161imi prodejn\u00edmi poradci a sledovat v\u00fdrobn\u00ed proces a obsluhu stroje v online videu.<\/span><\/span><\/li>\n<li><span class=\"magic-19\"><b class=\"magic-19\"><span class=\"magic-18\">Na m\u00edru \/OEM-<\/span><\/b><span class=\"magic-20\" data-spm-anchor-id=\"a2700.details.0.i40.41d82402R4aegi\">Stroje na m\u00edru na vy\u017e\u00e1d\u00e1n\u00ed\uff0cKontakt<\/span><\/span><\/li>\n<\/ul>\n\n\t\t<\/div>\n\t<\/div>\n<\/div><\/div><\/div><\/div><div class=\"vc_row wpb_row vc_row-fluid\"><div class=\"wpb_column vc_column_container vc_col-sm-12\"><div class=\"vc_column-inner\"><div class=\"wpb_wrapper\">\n\t<div  class=\"wpb_single_image wpb_content_element vc_align_left wpb_content_element\">\n\t\t<h2 class=\"wpb_heading wpb_singleimage_heading\">Special Rotary device for bottle<\/h2>\n\t\t<figure class=\"wpb_wrapper vc_figure\">\n\t\t\t<div class=\"vc_single_image-wrapper   vc_box_border_grey\"><img decoding=\"async\" width=\"608\" height=\"238\" src=\"data:image\/svg+xml,%3Csvg%20xmlns%3D&#39;http%3A%2F%2Fwww.w3.org%2F2000%2Fsvg&#39;%20width=&#39;608&#39;%20height=&#39;238&#39;%20viewBox%3D&#39;0%200%20608%20238&#39;%2F%3E\" data-czlz data-src=\"https:\/\/www.lasercleaner.tech\/wp-content\/uploads\/2024\/12\/bottle-rotary-device.jpg\" class=\"vc_single_image-img attachment-full\" alt=\"\" title=\"bottle rotary device\" data-srcset=\"https:\/\/www.lasercleaner.tech\/wp-content\/uploads\/2024\/12\/bottle-rotary-device.jpg 608w, https:\/\/www.lasercleaner.tech\/wp-content\/uploads\/2024\/12\/bottle-rotary-device-300x117.jpg 300w, https:\/\/www.lasercleaner.tech\/wp-content\/uploads\/2024\/12\/bottle-rotary-device-600x235.jpg 600w\" data-sizes=\"(max-width: 608px) 100vw, 608px\" \/><\/div>\n\t\t<\/figure>\n\t<\/div>\n<\/div><\/div><\/div><\/div><div class=\"vc_row wpb_row vc_row-fluid\"><div class=\"wpb_column vc_column_container vc_col-sm-12\"><div class=\"vc_column-inner\"><div class=\"wpb_wrapper\">\n\t<div class=\"wpb_video_widget wpb_content_element vc_clearfix   vc_video-aspect-ratio-169 vc_video-el-width-100 vc_video-align-left\" >\n\t\t<div class=\"wpb_wrapper\">\n\t\t\t<h2 class=\"wpb_heading wpb_video_heading\">He purchased BOGONG 3D Laser Engraver<\/h2>\n\t\t\t<div class=\"wpb_video_wrapper\"><iframe title=\"ON JAKO BOGONG 3D LASEROV\u00dd GRAV\u00cdROVAC\u00cd STROJ | NEJLEP\u0160\u00cd \u010c\u00cdNSK\u00dd 3D LASEROV\u00dd GRAV\u00cdROVAC\u00cd STROJ NA PRODEJ\" width=\"500\" height=\"281\" src=\"https:\/\/www.youtube.com\/embed\/aoAF09vq8LE?feature=oembed\" frameborder=\"0\" allow=\"accelerometer; autoplay; clipboard-write; encrypted-media; gyroscope; picture-in-picture; web-share\" referrerpolicy=\"strict-origin-when-cross-origin\" allowfullscreen><\/iframe><\/div>\n\t\t<\/div>\n\t<\/div>\n<\/div><\/div><\/div><\/div><div class=\"vc_row wpb_row vc_row-fluid\"><div class=\"wpb_column vc_column_container vc_col-sm-12\"><div class=\"vc_column-inner\"><div class=\"wpb_wrapper\">\n\t<div class=\"wpb_video_widget wpb_content_element vc_clearfix   vc_video-aspect-ratio-169 vc_video-el-width-100 vc_video-align-left\" >\n\t\t<div class=\"wpb_wrapper\">\n\t\t\t<h2 class=\"wpb_heading wpb_video_heading\">He purchased 3D Laser from BOGONG after compare<\/h2>\n\t\t\t<div class=\"wpb_video_wrapper\"><iframe title=\"Co \u0159\u00edk\u00e1te na 3D laserov\u00fd grav\u00edr BOGONG? | Indick\u00fd z\u00e1kazn\u00edk nav\u0161t\u00edvil BOGONG a zakoupil 3D laserov\u00fd grav\u00edrovac\u00ed stroj\" width=\"500\" height=\"281\" src=\"https:\/\/www.youtube.com\/embed\/bq8eli66vTM?feature=oembed\" frameborder=\"0\" allow=\"accelerometer; autoplay; clipboard-write; encrypted-media; gyroscope; picture-in-picture; web-share\" referrerpolicy=\"strict-origin-when-cross-origin\" allowfullscreen><\/iframe><\/div>\n\t\t<\/div>\n\t<\/div>\n<\/div><\/div><\/div><\/div><div class=\"vc_row wpb_row vc_row-fluid\"><div class=\"wpb_column vc_column_container vc_col-sm-12\"><div class=\"vc_column-inner\"><div class=\"wpb_wrapper\">\n\t<div class=\"wpb_text_column wpb_content_element\" >\n\t\t<div class=\"wpb_wrapper\">\n\t\t\t<p>You can find more customer feedback from BOGONG youtube channel.<\/p>\n\n\t\t<\/div>\n\t<\/div>\n<\/div><\/div><\/div><\/div><div class=\"vc_row wpb_row vc_row-fluid\"><div class=\"wpb_column vc_column_container vc_col-sm-12\"><div class=\"vc_column-inner\"><div class=\"wpb_wrapper\">\n\t<div class=\"wpb_text_column wpb_content_element\" >\n\t\t<div class=\"wpb_wrapper\">\n\t\t\t<p>Payment Terms<\/p>\n<p>1. Vklad a z\u016fstatek: Z\u016fstatek je splatn\u00fd p\u0159ed odesl\u00e1n\u00edm z\u00e1silky: 30% T\/T z\u00e1loha je vy\u017eadov\u00e1na p\u0159edem.<\/p>\n<p>2. Alibaba Trade Assurance: Platby lze zpracov\u00e1vat prost\u0159ednictv\u00edm Alibaba Trade Assurance.<\/p>\n<p>FAQs for the 3D UV Laser Marking Machine<\/p>\n<p>What Is the Packaging for the 3d UV Laser Marking Machine?<br \/>\nNa\u0161e stroje jsou baleny ve t\u0159\u00edvrstv\u00e9m uspo\u0159\u00e1d\u00e1n\u00ed. Vn\u011bj\u0161\u00ed vrstvu tvo\u0159\u00ed d\u0159ev\u011bn\u00e1 bedna, prost\u0159edn\u00ed vrstva je vybavena p\u011bnovou v\u00fdpln\u00ed, kter\u00e1 chr\u00e1n\u00ed p\u0159ed ot\u0159esy, a vnit\u0159n\u00ed vrstva obsahuje siln\u00fd plastov\u00fd s\u00e1\u010dek pro ochranu p\u0159ed vodou.<\/p>\n<p>Dojde b\u011bhem p\u0159epravy k po\u0161kozen\u00ed z\u00e1silky?<br \/>\nNa\u0161e obaly pe\u010dliv\u011b navrhujeme tak, aby \u0159e\u0161ily v\u0161echny mo\u017en\u00e9 faktory po\u0161kozen\u00ed, a na\u0161i p\u0159epravci maj\u00ed zku\u0161enosti s bezpe\u010dnou p\u0159epravou. \u00dasp\u011b\u0161n\u011b jsme exportovali do 180 zem\u00ed, tak\u017ee si m\u016f\u017eete b\u00fdt jisti, \u017ee va\u0161e z\u00e1silka doraz\u00ed ve v\u00fdborn\u00e9m stavu.<\/p>\n\n\t\t<\/div>\n\t<\/div>\n<\/div><\/div><\/div><\/div><div class=\"vc_row wpb_row vc_row-fluid\"><div class=\"wpb_column vc_column_container vc_col-sm-12\"><div class=\"vc_column-inner\"><div class=\"wpb_wrapper\">\n\t<div  class=\"wpb_single_image wpb_content_element vc_align_left wpb_content_element\">\n\t\t\n\t\t<figure class=\"wpb_wrapper vc_figure\">\n\t\t\t<div class=\"vc_single_image-wrapper   vc_box_border_grey\"><img decoding=\"async\" width=\"800\" height=\"600\" src=\"data:image\/svg+xml,%3Csvg%20xmlns%3D&#39;http%3A%2F%2Fwww.w3.org%2F2000%2Fsvg&#39;%20width=&#39;800&#39;%20height=&#39;600&#39;%20viewBox%3D&#39;0%200%20800%20600&#39;%2F%3E\" data-czlz data-src=\"https:\/\/www.lasercleaner.tech\/wp-content\/uploads\/2024\/12\/3duv\u6253\u6807\u673a\u5de5\u5382\u7167\u7247-1.png\" class=\"vc_single_image-img attachment-full\" alt=\"3D UV Laser marking machine factory\" title=\"3duv\u6253\u6807\u673a\u5de5\u5382\u7167\u7247 (1)\" data-srcset=\"https:\/\/www.lasercleaner.tech\/wp-content\/uploads\/2024\/12\/3duv\u6253\u6807\u673a\u5de5\u5382\u7167\u7247-1.png 800w, https:\/\/www.lasercleaner.tech\/wp-content\/uploads\/2024\/12\/3duv\u6253\u6807\u673a\u5de5\u5382\u7167\u7247-1-300x225.png 300w, https:\/\/www.lasercleaner.tech\/wp-content\/uploads\/2024\/12\/3duv\u6253\u6807\u673a\u5de5\u5382\u7167\u7247-1-768x576.png 768w, https:\/\/www.lasercleaner.tech\/wp-content\/uploads\/2024\/12\/3duv\u6253\u6807\u673a\u5de5\u5382\u7167\u7247-1-600x450.png 600w\" data-sizes=\"(max-width: 800px) 100vw, 800px\" \/><\/div>\n\t\t<\/figure>\n\t<\/div>\n<\/div><\/div><\/div><\/div><div class=\"vc_row wpb_row vc_row-fluid\"><div class=\"wpb_column vc_column_container vc_col-sm-12\"><div class=\"vc_column-inner\"><div class=\"wpb_wrapper\">\n\t<div  class=\"wpb_single_image wpb_content_element vc_align_left wpb_content_element\">\n\t\t\n\t\t<figure class=\"wpb_wrapper vc_figure\">\n\t\t\t<div class=\"vc_single_image-wrapper   vc_box_border_grey\"><img decoding=\"async\" width=\"750\" height=\"1097\" src=\"data:image\/svg+xml,%3Csvg%20xmlns%3D&#39;http%3A%2F%2Fwww.w3.org%2F2000%2Fsvg&#39;%20width=&#39;750&#39;%20height=&#39;1097&#39;%20viewBox%3D&#39;0%200%20750%201097&#39;%2F%3E\" data-czlz data-src=\"https:\/\/www.lasercleaner.tech\/wp-content\/uploads\/2024\/10\/H41131e375dda4bdf9d9810daf4bf77a8M.jpg\" class=\"vc_single_image-img attachment-full\" alt=\"Packge BOGONG\" title=\"\" data-srcset=\"https:\/\/www.lasercleaner.tech\/wp-content\/uploads\/2024\/10\/H41131e375dda4bdf9d9810daf4bf77a8M.jpg 750w, https:\/\/www.lasercleaner.tech\/wp-content\/uploads\/2024\/10\/H41131e375dda4bdf9d9810daf4bf77a8M-205x300.jpg 205w, https:\/\/www.lasercleaner.tech\/wp-content\/uploads\/2024\/10\/H41131e375dda4bdf9d9810daf4bf77a8M-700x1024.jpg 700w, https:\/\/www.lasercleaner.tech\/wp-content\/uploads\/2024\/10\/H41131e375dda4bdf9d9810daf4bf77a8M-600x878.jpg 600w\" data-sizes=\"(max-width: 750px) 100vw, 750px\" \/><\/div>\n\t\t<\/figure>\n\t<\/div>\n<\/div><\/div><\/div><\/div><div class=\"vc_row wpb_row vc_row-fluid\"><div class=\"wpb_column vc_column_container vc_col-sm-12\"><div class=\"vc_column-inner\"><div class=\"wpb_wrapper\">\n\t<div class=\"wpb_text_column wpb_content_element\" >\n\t\t<div class=\"wpb_wrapper\">\n\t\t\t<p>Most of customers like choose transport by UPS\/DHL express, it can arrive at destination about 5-7 days, contact with BOGONG to get more detail about uv laser marking machine.<\/p>\n\n\t\t<\/div>\n\t<\/div>\n<\/div><\/div><\/div><\/div>\n<\/div>","protected":false},"excerpt":{"rendered":"<h2>3D UV laserov\u00fd zna\u010dkovac\u00ed stroj<\/h2>\n<p>A 3D UV laser marking machine use &#8230; <\/p>","protected":false},"featured_media":2130,"template":"","meta":[],"product_brand":[],"product_cat":[93,99],"product_tag":[125,102,124],"class_list":{"0":"post-2129","1":"product","2":"type-product","3":"status-publish","4":"has-post-thumbnail","6":"product_cat-laser-engraving-machine","7":"product_cat-uv-laser-marking-machine","8":"product_tag-3d-laser-marking-machine","9":"product_tag-laser-marking-machine","10":"product_tag-uv-laser-marking-machine","12":"first","13":"instock","14":"shipping-taxable","15":"product-type-simple"},"_links":{"self":[{"href":"https:\/\/www.lasercleaner.tech\/cs\/wp-json\/wp\/v2\/product\/2129","targetHints":{"allow":["GET"]}}],"collection":[{"href":"https:\/\/www.lasercleaner.tech\/cs\/wp-json\/wp\/v2\/product"}],"about":[{"href":"https:\/\/www.lasercleaner.tech\/cs\/wp-json\/wp\/v2\/types\/product"}],"wp:featuredmedia":[{"embeddable":true,"href":"https:\/\/www.lasercleaner.tech\/cs\/wp-json\/wp\/v2\/media\/2130"}],"wp:attachment":[{"href":"https:\/\/www.lasercleaner.tech\/cs\/wp-json\/wp\/v2\/media?parent=2129"}],"wp:term":[{"taxonomy":"product_brand","embeddable":true,"href":"https:\/\/www.lasercleaner.tech\/cs\/wp-json\/wp\/v2\/product_brand?post=2129"},{"taxonomy":"product_cat","embeddable":true,"href":"https:\/\/www.lasercleaner.tech\/cs\/wp-json\/wp\/v2\/product_cat?post=2129"},{"taxonomy":"product_tag","embeddable":true,"href":"https:\/\/www.lasercleaner.tech\/cs\/wp-json\/wp\/v2\/product_tag?post=2129"}],"curies":[{"name":"wp","href":"https:\/\/api.w.org\/{rel}","templated":true}]}}