{"id":2118,"date":"2024-12-04T15:48:23","date_gmt":"2024-12-04T07:48:23","guid":{"rendered":"https:\/\/bogonglaser.com\/?post_type=product&#038;p=2118"},"modified":"2024-12-09T13:07:44","modified_gmt":"2024-12-09T05:07:44","slug":"50w-split-fiber-laser-engraving-machine","status":"publish","type":"product","link":"https:\/\/www.lasercleaner.tech\/cs\/produkt\/50w-split-fiber-laser-engraving-machine\/","title":{"rendered":"50W rozd\u011blen\u00fd vl\u00e1knov\u00fd laserov\u00fd grav\u00edrovac\u00ed stroj"},"content":{"rendered":"<div class=\"wpb-content-wrapper\"><div class=\"vc_row wpb_row vc_row-fluid\"><div class=\"wpb_column vc_column_container vc_col-sm-12\"><div class=\"vc_column-inner\"><div class=\"wpb_wrapper\">\n\t<div class=\"wpb_text_column wpb_content_element\" >\n\t\t<div class=\"wpb_wrapper\">\n\t\t\t<p>Vlastn\u00ed \u0159e\u0161en\u00ed: D\u011blen\u00e1 laserov\u00e1 grav\u00edrka BOGONG 50W v\u00e1m umo\u017en\u00ed snadno realizovat va\u0161e kreativn\u00ed vize a nab\u00edz\u00ed platformu pro neomezen\u00e9 mo\u017enosti.<\/p>\n<p>Grav\u00edrovac\u00ed plocha: D\u00edky velk\u00e9 pracovn\u00ed plo\u0161e 7,9 \u00d7 7,9 palce (200 \u00d7 200 mm), v\u00fdkonu 50 W a p\u016fsobiv\u00e9 rychlosti grav\u00edrov\u00e1n\u00ed 10 000 mm\/s je tento stroj ide\u00e1ln\u00ed pro \u0161irokou \u0161k\u00e1lu projekt\u016f. (Objektivy 100*100 mm a 300*300 mm na p\u0159\u00e1n\u00ed)<\/p>\n\n\t\t<\/div>\n\t<\/div>\n<\/div><\/div><\/div><\/div><div class=\"vc_row wpb_row vc_row-fluid\"><div class=\"wpb_column vc_column_container vc_col-sm-12\"><div class=\"vc_column-inner\"><div class=\"wpb_wrapper\">\n\t<div  class=\"wpb_single_image wpb_content_element vc_align_left wpb_content_element\">\n\t\t\n\t\t<figure class=\"wpb_wrapper vc_figure\">\n\t\t\t<div class=\"vc_single_image-wrapper   vc_box_border_grey\"><img decoding=\"async\" width=\"800\" height=\"600\" src=\"data:image\/svg+xml,%3Csvg%20xmlns%3D&#39;http%3A%2F%2Fwww.w3.org%2F2000%2Fsvg&#39;%20width=&#39;800&#39;%20height=&#39;600&#39;%20viewBox%3D&#39;0%200%20800%20600&#39;%2F%3E\" data-czlz data-src=\"https:\/\/www.lasercleaner.tech\/wp-content\/uploads\/2024\/10\/gun-laser-engraving-machine.jpg\" class=\"vc_single_image-img attachment-full\" alt=\"\" title=\"laserov\u00fd grav\u00edrovac\u00ed stroj na zbran\u011b\" data-srcset=\"https:\/\/www.lasercleaner.tech\/wp-content\/uploads\/2024\/10\/gun-laser-engraving-machine.jpg 800w, https:\/\/www.lasercleaner.tech\/wp-content\/uploads\/2024\/10\/gun-laser-engraving-machine-300x225.jpg 300w, https:\/\/www.lasercleaner.tech\/wp-content\/uploads\/2024\/10\/gun-laser-engraving-machine-768x576.jpg 768w, https:\/\/www.lasercleaner.tech\/wp-content\/uploads\/2024\/10\/gun-laser-engraving-machine-600x450.jpg 600w\" data-sizes=\"(max-width: 800px) 100vw, 800px\" \/><\/div>\n\t\t<\/figure>\n\t<\/div>\n<\/div><\/div><\/div><\/div><div class=\"vc_row wpb_row vc_row-fluid\"><div class=\"wpb_column vc_column_container vc_col-sm-12\"><div class=\"vc_column-inner\"><div class=\"wpb_wrapper\">\n\t<div class=\"wpb_video_widget wpb_content_element vc_clearfix   vc_video-aspect-ratio-169 vc_video-el-width-80 vc_video-align-left\" >\n\t\t<div class=\"wpb_wrapper\">\n\t\t\t<h2 class=\"wpb_heading wpb_video_heading\">BOGONG 50w Split Laserov\u00fd zna\u010dkovac\u00ed stroj Zobrazit<\/h2>\n\t\t\t<div class=\"wpb_video_wrapper\"><iframe title=\"P\u0159edstavujeme mini laserov\u00fd grav\u00edrovac\u00ed stroj BOOGNG - v\u00e1\u0161 dokonal\u00fd z\u00e1\u017eitek z grav\u00edrov\u00e1n\u00ed vl\u00e1knov\u00fdm laserem!\" width=\"500\" height=\"281\" src=\"https:\/\/www.youtube.com\/embed\/DqvsGNxiQBc?feature=oembed\" frameborder=\"0\" allow=\"accelerometer; autoplay; clipboard-write; encrypted-media; gyroscope; picture-in-picture; web-share\" referrerpolicy=\"strict-origin-when-cross-origin\" allowfullscreen><\/iframe><\/div>\n\t\t<\/div>\n\t<\/div>\n<\/div><\/div><\/div><\/div><div class=\"vc_row wpb_row vc_row-fluid\"><div class=\"wpb_column vc_column_container vc_col-sm-12\"><div class=\"vc_column-inner\"><div class=\"wpb_wrapper\">\n\t<div class=\"wpb_text_column wpb_content_element\" >\n\t\t<div class=\"wpb_wrapper\">\n\t\t\t<p>U\u017eivatelsky p\u0159\u00edv\u011btiv\u00e9 ovl\u00e1dac\u00ed rozhran\u00ed: Tento laserov\u00fd stroj je vybaven jednoduch\u00fdm ovl\u00e1dac\u00edm panelem EZCAD2 a je kompatibiln\u00ed se softwarem LightBurn, tak\u017ee je p\u0159\u00edstupn\u00fd jak za\u010d\u00e1te\u010dn\u00edk\u016fm, tak zku\u0161en\u00fdm u\u017eivatel\u016fm. M\u016f\u017eete se do n\u011bj rovnou pono\u0159it a zv\u00fd\u0161it efektivitu sv\u00fdch pracovn\u00edch postup\u016f.<\/p>\n<p>V\u0161estrann\u00e9 mo\u017enosti materi\u00e1l\u016f: Snadn\u00e9 grav\u00edrov\u00e1n\u00ed do \u0161irok\u00e9 \u0161k\u00e1ly materi\u00e1l\u016f, jako je mosaz, karbid, \u017eula, nerezov\u00e1 ocel, kov a plast. Tato flexibilita v\u00e1m umo\u017en\u00ed o\u017eivit va\u0161e jedine\u010dn\u00e9 kutilsk\u00e9 projekty a ru\u010dn\u011b vyr\u00e1b\u011bn\u00e9 v\u00fdtvory.<\/p>\n<p>Prostorov\u011b \u00fasporn\u00fd design: Tento stroj s hmotnost\u00ed 37 kg m\u00e1 d\u011blenou konstrukci s vysok\u00fdmi sloupy a prostornou zpracovatelskou plochou, tak\u017ee je ide\u00e1ln\u00ed pro r\u016fzn\u00e1 pracovn\u00ed prost\u0159ed\u00ed, a to i pro ta s omezen\u00fdm prostorem.<\/p>\n<p>Ochrann\u00e9 obaly: Obal: V\u00e1\u0161 stroj je bezpe\u010dn\u011b zabalen v p\u011bn\u011b, aby se nepo\u0161kodil. Pokud b\u011bhem p\u0159epravy dojde k jak\u00fdmkoli probl\u00e9m\u016fm, m\u016f\u017eete m\u00edt n\u00e1rok na od\u0161kodn\u011bn\u00ed.<\/p>\n<p>Komplexn\u00ed p\u0159edprodejn\u00ed podpora: N\u00e1\u0161 specializovan\u00fd t\u00fdm v\u00e1m poskytne d\u016fkladnou podporu, kter\u00e1 v\u00e1m pom\u016f\u017ee porozum\u011bt ka\u017ed\u00e9mu aspektu stroje, a\u0165 u\u017e d\u00e1v\u00e1te p\u0159ednost e-mailu, telefon\u00e1tu, online chatu nebo n\u00e1v\u0161t\u011bv\u011b na\u0161eho z\u00e1kaznick\u00e9ho z\u00e1stupce. Jsme zde, abychom zodpov\u011bd\u011bli va\u0161e ot\u00e1zky a dodali v\u00e1m pot\u0159ebnou jistotu.<\/p>\n<p>Poprodejn\u00ed podpora: Nab\u00edz\u00edme virtu\u00e1ln\u00ed instalaci, odbornou technickou pomoc a z\u00e1ruku a\u017e 2 roky (pouze na stroj), abyste m\u011bli klid.<\/p>\n\n\t\t<\/div>\n\t<\/div>\n<\/div><\/div><\/div><\/div><div class=\"vc_row wpb_row vc_row-fluid\"><div class=\"wpb_column vc_column_container vc_col-sm-12\"><div class=\"vc_column-inner\"><div class=\"wpb_wrapper\">\n\t<div  class=\"wpb_single_image wpb_content_element vc_align_left wpb_content_element\">\n\t\t\n\t\t<figure class=\"wpb_wrapper vc_figure\">\n\t\t\t<div class=\"vc_single_image-wrapper   vc_box_border_grey\"><img decoding=\"async\" width=\"700\" height=\"360\" src=\"data:image\/svg+xml,%3Csvg%20xmlns%3D&#39;http%3A%2F%2Fwww.w3.org%2F2000%2Fsvg&#39;%20width=&#39;700&#39;%20height=&#39;360&#39;%20viewBox%3D&#39;0%200%20700%20360&#39;%2F%3E\" data-czlz data-src=\"https:\/\/www.lasercleaner.tech\/wp-content\/uploads\/2024\/10\/laser-machine.png\" class=\"vc_single_image-img attachment-full\" alt=\"firearms laser engraver\" title=\"laserov\u00fd stroj\" data-srcset=\"https:\/\/www.lasercleaner.tech\/wp-content\/uploads\/2024\/10\/laser-machine.png 700w, https:\/\/www.lasercleaner.tech\/wp-content\/uploads\/2024\/10\/laser-machine-300x154.png 300w, https:\/\/www.lasercleaner.tech\/wp-content\/uploads\/2024\/10\/laser-machine-600x309.png 600w\" data-sizes=\"(max-width: 700px) 100vw, 700px\" \/><\/div>\n\t\t<\/figure>\n\t<\/div>\n<\/div><\/div><\/div><\/div><div class=\"vc_row wpb_row vc_row-fluid\"><div class=\"wpb_column vc_column_container vc_col-sm-12\"><div class=\"vc_column-inner\"><div class=\"wpb_wrapper\">\n\t<div class=\"wpb_text_column wpb_content_element\" >\n\t\t<div class=\"wpb_wrapper\">\n\t\t\t<h3>50W rozd\u011blen\u00fd mini laserov\u00fd grav\u00edrovac\u00ed zna\u010dkovac\u00ed stroj<\/h3>\n<p>Zvy\u0161uje efektivitu a pohodl\u00ed a z\u00e1rove\u0148 maximalizuje prostor, tak\u017ee je ide\u00e1ln\u00ed volbou pro v\u0161echny va\u0161e po\u017eadavky na grav\u00edrov\u00e1n\u00ed.<\/p>\n\n\t\t<\/div>\n\t<\/div>\n<\/div><\/div><\/div><\/div><div class=\"vc_row wpb_row vc_row-fluid\"><div class=\"wpb_column vc_column_container vc_col-sm-12\"><div class=\"vc_column-inner\"><div class=\"wpb_wrapper\">\n\t<div  class=\"wpb_single_image wpb_content_element vc_align_left wpb_content_element\">\n\t\t\n\t\t<figure class=\"wpb_wrapper vc_figure\">\n\t\t\t<div class=\"vc_single_image-wrapper   vc_box_border_grey\"><img decoding=\"async\" width=\"1247\" height=\"510\" src=\"data:image\/svg+xml,%3Csvg%20xmlns%3D&#39;http%3A%2F%2Fwww.w3.org%2F2000%2Fsvg&#39;%20width=&#39;1247&#39;%20height=&#39;510&#39;%20viewBox%3D&#39;0%200%201247%20510&#39;%2F%3E\" data-czlz data-src=\"https:\/\/www.lasercleaner.tech\/wp-content\/uploads\/2024\/12\/8099368FDA9E46B0E54E09A3AD53B032.jpg\" class=\"vc_single_image-img attachment-full\" alt=\"\" title=\"8099368FDA9E46B0E54E09A3AD53B032\" data-srcset=\"https:\/\/www.lasercleaner.tech\/wp-content\/uploads\/2024\/12\/8099368FDA9E46B0E54E09A3AD53B032.jpg 1247w, https:\/\/www.lasercleaner.tech\/wp-content\/uploads\/2024\/12\/8099368FDA9E46B0E54E09A3AD53B032-300x123.jpg 300w, https:\/\/www.lasercleaner.tech\/wp-content\/uploads\/2024\/12\/8099368FDA9E46B0E54E09A3AD53B032-1024x419.jpg 1024w, https:\/\/www.lasercleaner.tech\/wp-content\/uploads\/2024\/12\/8099368FDA9E46B0E54E09A3AD53B032-768x314.jpg 768w, https:\/\/www.lasercleaner.tech\/wp-content\/uploads\/2024\/12\/8099368FDA9E46B0E54E09A3AD53B032-600x245.jpg 600w, https:\/\/www.lasercleaner.tech\/wp-content\/uploads\/2024\/12\/8099368FDA9E46B0E54E09A3AD53B032-1000x409.jpg 1000w\" data-sizes=\"(max-width: 1247px) 100vw, 1247px\" \/><\/div>\n\t\t<\/figure>\n\t<\/div>\n<\/div><\/div><\/div><\/div><div class=\"vc_row wpb_row vc_row-fluid\"><div class=\"wpb_column vc_column_container vc_col-sm-12\"><div class=\"vc_column-inner\"><div class=\"wpb_wrapper\">\n\t<div class=\"wpb_text_column wpb_content_element\" >\n\t\t<div class=\"wpb_wrapper\">\n\t\t\t<h3>Materi\u00e1lov\u00e1 zp\u016fsobilost<\/h3>\n<div class=\"collapsible-tab__text\">\n<p><strong>Kovy:<\/strong>\u00a0Nerezov\u00e1 ocel, hlin\u00edk, b\u011b\u017en\u00e9 slitiny, eloxovan\u00fd hlin\u00edk, mosaz, chrom, zlato a st\u0159\u00edbro, titan<\/p>\n<p><strong>Nekovov\u00e9 materi\u00e1ly:<\/strong>\u00a0B\u0159idlice, tvrd\u00e9 plasty, um\u011bl\u00e1 k\u016f\u017ee, barevn\u00fd akryl<\/p>\n<\/div>\n\n\t\t<\/div>\n\t<\/div>\n<\/div><\/div><\/div><\/div><div class=\"vc_row wpb_row vc_row-fluid\"><div class=\"wpb_column vc_column_container vc_col-sm-12\"><div class=\"vc_column-inner\"><div class=\"wpb_wrapper\">\n\t<div class=\"wpb_video_widget wpb_content_element vc_clearfix   vc_video-aspect-ratio-169 vc_video-el-width-80 vc_video-align-left\" >\n\t\t<div class=\"wpb_wrapper\">\n\t\t\t<h2 class=\"wpb_heading wpb_video_heading\">Co dok\u00e1\u017ee 50W d\u011blen\u00fd laserov\u00fd grav\u00edrovac\u00ed stroj?<\/h2>\n\t\t\t<div class=\"wpb_video_wrapper\"><iframe title=\"Co um\u00ed 50W laserov\u00e1 grav\u00edrovac\u00ed fr\u00e9za? | Nejlep\u0161\u00ed 50wattov\u00fd laserov\u00fd zna\u010dkovac\u00ed stroj Raycus na prodej\" width=\"413\" height=\"310\" src=\"https:\/\/www.youtube.com\/embed\/1DLnYH3dJXQ?feature=oembed\" frameborder=\"0\" allow=\"accelerometer; autoplay; clipboard-write; encrypted-media; gyroscope; picture-in-picture; web-share\" referrerpolicy=\"strict-origin-when-cross-origin\" allowfullscreen><\/iframe><\/div>\n\t\t<\/div>\n\t<\/div>\n<\/div><\/div><\/div><\/div><div class=\"vc_row wpb_row vc_row-fluid\"><div class=\"wpb_column vc_column_container vc_col-sm-12\"><div class=\"vc_column-inner\"><div class=\"wpb_wrapper\">\n\t<div class=\"wpb_text_column wpb_content_element\" >\n\t\t<div class=\"wpb_wrapper\">\n\t\t\t<p class=\"section-header__title\">Pokro\u010dil\u00e1 laserov\u00e1 technologie<br \/>\nStabiln\u00ed a zn\u00e1m\u00fd laserov\u00fd zdroj v tomto vl\u00e1knov\u00e9m zna\u010dkovac\u00edm stroji zaji\u0161\u0165uje konzistentn\u00ed a spolehliv\u00fd v\u00fdkon a m\u016f\u017ee se pochlubit st\u0159edn\u00ed dobou do poruchy v\u00edce ne\u017e 100 000 hodin.<\/p>\n\n\t\t<\/div>\n\t<\/div>\n<\/div><\/div><\/div><\/div><div class=\"vc_row wpb_row vc_row-fluid\"><div class=\"wpb_column vc_column_container vc_col-sm-12\"><div class=\"vc_column-inner\"><div class=\"wpb_wrapper\">\n\t<div class=\"wpb_video_widget wpb_content_element vc_clearfix   vc_video-aspect-ratio-169 vc_video-el-width-80 vc_video-align-left\" >\n\t\t<div class=\"wpb_wrapper\">\n\t\t\t<h2 class=\"wpb_heading wpb_video_heading\">Jak pou\u017e\u00edvat laserov\u00fd zna\u010dkovac\u00ed stroj BOGONG 50w Split<\/h2>\n\t\t\t<div class=\"wpb_video_wrapper\"><iframe title=\"Jak pou\u017e\u00edvat vl\u00e1knov\u00fd laserov\u00fd zna\u010dkovac\u00ed stroj krok za krokem pro grav\u00edrov\u00e1n\u00ed | China Laser Engraver\" width=\"500\" height=\"281\" src=\"https:\/\/www.youtube.com\/embed\/WoOi7mteSzM?feature=oembed\" frameborder=\"0\" allow=\"accelerometer; autoplay; clipboard-write; encrypted-media; gyroscope; picture-in-picture; web-share\" referrerpolicy=\"strict-origin-when-cross-origin\" allowfullscreen><\/iframe><\/div>\n\t\t<\/div>\n\t<\/div>\n<\/div><\/div><\/div><\/div><div class=\"vc_row wpb_row vc_row-fluid\"><div class=\"wpb_column vc_column_container vc_col-sm-12\"><div class=\"vc_column-inner\"><div class=\"wpb_wrapper\">\n\t<div class=\"wpb_text_column wpb_content_element\" >\n\t\t<div class=\"wpb_wrapper\">\n\t\t\t<p>Balen\u00ed obsahuje<br \/>\n- 1 x 50 W vl\u00e1knov\u00fd laserov\u00fd zna\u010dkova\u010d<br \/>\n- 1 x nap\u00e1jec\u00ed kabel<br \/>\n- 1 x no\u017en\u00ed ped\u00e1l<br \/>\n- 1 x p\u00e1r laserov\u00fdch ochrann\u00fdch br\u00fdl\u00ed<br \/>\n- 1 x USB Flash disk<br \/>\n- 1 x prav\u00edtko<br \/>\n- 1 x n\u00e1vod k pou\u017eit\u00ed<\/p>\n<p>- 1 x testovac\u00ed hlin\u00edkov\u00e1 karta<\/p>\n<p>- 1 x n\u00e1\u0159ad\u00ed<\/p>\n\n\t\t<\/div>\n\t<\/div>\n<\/div><\/div><\/div><\/div><div class=\"vc_row wpb_row vc_row-fluid\"><div class=\"wpb_column vc_column_container vc_col-sm-12\"><div class=\"vc_column-inner\"><div class=\"wpb_wrapper\">\n\t<div class=\"wpb_video_widget wpb_content_element vc_clearfix   vc_video-aspect-ratio-169 vc_video-el-width-100 vc_video-align-left\" >\n\t\t<div class=\"wpb_wrapper\">\n\t\t\t\n\t\t\t<div class=\"wpb_video_wrapper\"><iframe title=\"Rozbalen\u00ed laserov\u00e9ho grav\u00edrovac\u00edho stroje BOGONG MINI | Nejlep\u0161\u00ed laserov\u00fd grav\u00edrovac\u00ed stroj BOGONG\" width=\"500\" height=\"281\" src=\"https:\/\/www.youtube.com\/embed\/_96ZvRvowGE?feature=oembed\" frameborder=\"0\" allow=\"accelerometer; autoplay; clipboard-write; encrypted-media; gyroscope; picture-in-picture; web-share\" referrerpolicy=\"strict-origin-when-cross-origin\" allowfullscreen><\/iframe><\/div>\n\t\t<\/div>\n\t<\/div>\n<\/div><\/div><\/div><\/div><div class=\"vc_row wpb_row vc_row-fluid\"><div class=\"wpb_column vc_column_container vc_col-sm-12\"><div class=\"vc_column-inner\"><div class=\"wpb_wrapper\">\n\t<div class=\"wpb_text_column wpb_content_element\" >\n\t\t<div class=\"wpb_wrapper\">\n\t\t\t<h2>Jak vybrat spr\u00e1vnou zna\u010dku<\/h2>\n<p>Investice do vl\u00e1knov\u00e9ho laserov\u00e9ho grav\u00edrovac\u00edho stroje je v\u00fdznamn\u00fdm rozhodnut\u00edm, proto je d\u016fle\u017eit\u00e9 vybrat si zna\u010dku, kter\u00e1 poskytuje hodnotu a spolehlivost. Zde je n\u011bkolik d\u016fle\u017eit\u00fdch faktor\u016f, kter\u00e9 je t\u0159eba zv\u00e1\u017eit p\u0159i v\u00fdb\u011bru spr\u00e1vn\u00e9 zna\u010dky pro va\u0161e pot\u0159eby:<\/p>\n<p>Pov\u011bst zna\u010dky: Zjist\u011bte si, jakou m\u00e1 zna\u010dka v oboru pov\u011bst a spolehlivost. Hledejte spole\u010dnosti, kter\u00e9 jsou zn\u00e1m\u00e9 sv\u00fdmi kvalitn\u00edmi v\u00fdrobky.<\/p>\n<p>Zku\u0161enosti v oboru: Zhodno\u0165te zku\u0161enosti a odborn\u00e9 znalosti zna\u010dky v oblasti laserov\u00e9ho grav\u00edrov\u00e1n\u00ed.<\/p>\n<p>Kvalita a inovace v\u00fdrobk\u016f: Zva\u017ete kvalitu v\u00fdrobk\u016f a p\u0159\u00edpadn\u00e9 technologick\u00e9 inovace, kter\u00e9 nab\u00edzej\u00ed.<\/p>\n<p>Odr\u016fda modelu: Hledejte zna\u010dku, kter\u00e1 nab\u00edz\u00ed rozmanitou \u0161k\u00e1lu model\u016f s r\u016fzn\u00fdmi specifikacemi, kter\u00e9 spl\u0148uj\u00ed va\u0161e specifick\u00e9 po\u017eadavky.<\/p>\n<p>Poprodejn\u00ed podpora: Zkontrolujte \u00farove\u0148 poprodejn\u00ed podpory. Spolehliv\u00fd z\u00e1kaznick\u00fd servis m\u00e1 z\u00e1sadn\u00ed v\u00fdznam pro \u0159e\u0161en\u00ed p\u0159\u00edpadn\u00fdch probl\u00e9m\u016f.<\/p>\n<p>Z\u00e1ruka a z\u00e1ruka: Prozkoumejte z\u00e1ru\u010dn\u00ed a garan\u010dn\u00ed podm\u00ednky spojen\u00e9 s jejich produkty, abyste se ujistili, \u017ee jste chr\u00e1n\u011bni v p\u0159\u00edpad\u011b z\u00e1vad nebo probl\u00e9m\u016f.<\/p>\n<p>Kl\u00ed\u010dov\u00fdm faktorem je tak\u00e9 cena a celkov\u00e1 hodnota. Nezapome\u0148te si proj\u00edt zp\u011btnou vazbu a doporu\u010den\u00ed u\u017eivatel\u016f, abyste se mohli rozhodnout na z\u00e1klad\u011b informac\u00ed.<\/p>\n\n\t\t<\/div>\n\t<\/div>\n<\/div><\/div><\/div><\/div><div class=\"vc_row wpb_row vc_row-fluid\"><div class=\"wpb_column vc_column_container vc_col-sm-12\"><div class=\"vc_column-inner\"><div class=\"wpb_wrapper\">\n\t<div class=\"wpb_text_column wpb_content_element\" >\n\t\t<div class=\"wpb_wrapper\">\n\t\t\t<p>**Pro\u010d si vybrat BOGONG LASER**<\/p>\n<p>Spole\u010dnost BOGONG je zn\u00e1m\u00e1 kvalitou laserov\u00fdch za\u0159\u00edzen\u00ed a poprodejn\u00edm servisem.Na\u0161e stroje jsou v\u0161estrann\u00e9 a u\u017eivatelsky p\u0159\u00edv\u011btiv\u00e9, navr\u017een\u00e9 s ohledem na v\u0161echny \u00farovn\u011b dovednost\u00ed. Na\u0161\u00ed prioritou je p\u0159edev\u0161\u00edm spokojenost z\u00e1kazn\u00edk\u016f. A\u0165 u\u017e jste zku\u0161en\u00fd odborn\u00edk, nebo za\u010d\u00e1te\u010dn\u00edk, spole\u010dnost BOGONG LASER je zde, aby v\u00e1s podpo\u0159ila na ka\u017ed\u00e9m kroku. D\u016fv\u011b\u0159ujte n\u00e1m a na\u0161im slu\u017eb\u00e1m, kde se spojuje dokonalost a inovace pro v\u00e1\u0161 \u00fasp\u011bch.<\/p>\n\n\t\t<\/div>\n\t<\/div>\n<\/div><\/div><\/div><\/div>\n<\/div>","protected":false},"excerpt":{"rendered":"<h2>50W rozd\u011blen\u00fd mini laserov\u00fd grav\u00edrovac\u00ed stroj s vl\u00e1kny<\/h2>\n<p>BOGONG 50w fiber laser engraving &#8230; <\/p>","protected":false},"featured_media":1639,"template":"","meta":[],"product_brand":[],"product_cat":[97,93],"product_tag":[123,102],"class_list":{"0":"post-2118","1":"product","2":"type-product","3":"status-publish","4":"has-post-thumbnail","6":"product_cat-fiber-laser-marker","7":"product_cat-laser-engraving-machine","8":"product_tag-fiber-laser-marking-machine","9":"product_tag-laser-marking-machine","11":"first","12":"instock","13":"shipping-taxable","14":"product-type-simple"},"_links":{"self":[{"href":"https:\/\/www.lasercleaner.tech\/cs\/wp-json\/wp\/v2\/product\/2118","targetHints":{"allow":["GET"]}}],"collection":[{"href":"https:\/\/www.lasercleaner.tech\/cs\/wp-json\/wp\/v2\/product"}],"about":[{"href":"https:\/\/www.lasercleaner.tech\/cs\/wp-json\/wp\/v2\/types\/product"}],"wp:featuredmedia":[{"embeddable":true,"href":"https:\/\/www.lasercleaner.tech\/cs\/wp-json\/wp\/v2\/media\/1639"}],"wp:attachment":[{"href":"https:\/\/www.lasercleaner.tech\/cs\/wp-json\/wp\/v2\/media?parent=2118"}],"wp:term":[{"taxonomy":"product_brand","embeddable":true,"href":"https:\/\/www.lasercleaner.tech\/cs\/wp-json\/wp\/v2\/product_brand?post=2118"},{"taxonomy":"product_cat","embeddable":true,"href":"https:\/\/www.lasercleaner.tech\/cs\/wp-json\/wp\/v2\/product_cat?post=2118"},{"taxonomy":"product_tag","embeddable":true,"href":"https:\/\/www.lasercleaner.tech\/cs\/wp-json\/wp\/v2\/product_tag?post=2118"}],"curies":[{"name":"wp","href":"https:\/\/api.w.org\/{rel}","templated":true}]}}