{"id":2075,"date":"2024-12-02T15:16:04","date_gmt":"2024-12-02T07:16:04","guid":{"rendered":"https:\/\/bogonglaser.com\/?post_type=product&#038;p=2075"},"modified":"2025-02-13T18:58:46","modified_gmt":"2025-02-13T10:58:46","slug":"all-in-one-fiber-laser-metal-cutting-machine-tube-and-metal-sheet-laser-cutting-machine","status":"publish","type":"product","link":"https:\/\/www.lasercleaner.tech\/cs\/produkt\/all-in-one-fiber-laser-metal-cutting-machine-tube-and-metal-sheet-laser-cutting-machine\/","title":{"rendered":"Laserov\u00fd \u0159ezac\u00ed stroj Fiber Laer Plate &amp; Tube Combo"},"content":{"rendered":"<div class=\"wpb-content-wrapper\"><div class=\"vc_row wpb_row vc_row-fluid\"><div class=\"wpb_column vc_column_container vc_col-sm-12\"><div class=\"vc_column-inner\"><div class=\"wpb_wrapper\">\n\t<div class=\"wpb_text_column wpb_content_element\" >\n\t\t<div class=\"wpb_wrapper\">\n\t\t\t<p>A sheet and tube laser cutting machine is versatile, capable of cutting not only metal sheets but also pipes. This fiber laser cutting system integrates both sheet and pipe processing functions, catering to a variety of customer needs such as bevel cutting, drilling, and slotting. This combination significantly saves on costs and space while enhancing production efficiency.<\/p>\n<p>Whether working with metal or non-metal materials, sheet and tube laser cutting machines can accurately cut various shapes and sizes of tubes and sheets with high precision. They produce high-quality edges that typically require no additional cleaning, processing, or finishing, thus minimizing the need for secondary operations.<\/p>\n<p>These CNC fiber laser cutting machines can easily adjust laser settings to accommodate different material types and thicknesses, ranging from 1 to 200 mm. They are suitable for a broad array of metal materials, including stainless steel, carbon steel, copper, aluminum, brass, gold, silver, iron, titanium, galvanized sheets, and various alloys.<\/p>\n\n\t\t<\/div>\n\t<\/div>\n<\/div><\/div><\/div><\/div><div class=\"vc_row wpb_row vc_row-fluid\"><div class=\"wpb_column vc_column_container vc_col-sm-12\"><div class=\"vc_column-inner\"><div class=\"wpb_wrapper\">\n\t<div  class=\"wpb_single_image wpb_content_element vc_align_left wpb_content_element\">\n\t\t\n\t\t<figure class=\"wpb_wrapper vc_figure\">\n\t\t\t<div class=\"vc_single_image-wrapper   vc_box_border_grey\"><\/div>\n\t\t<\/figure>\n\t<\/div>\n<\/div><\/div><\/div><\/div><div class=\"vc_row wpb_row vc_row-fluid\"><div class=\"wpb_column vc_column_container vc_col-sm-12\"><div class=\"vc_column-inner\"><div class=\"wpb_wrapper\">\n\t<div class=\"wpb_text_column wpb_content_element\" >\n\t\t<div class=\"wpb_wrapper\">\n\t\t\t<div class=\"sub-header-divs\">\n<h3>Performance<\/h3>\n<\/div>\n<ul>\n<li>Laser Medium &#8211; Solid state CW 1070nm Fiber Laser<\/li>\n<li>Laser Power &#8211;\u00a0 1500W -10000W Fiber Source Options<\/li>\n<li>Power &#8211; <strong>\u00a0380V 3 Phase<\/strong><\/li>\n<li>Positioning accuracy &#8211; \u2264\u00b10.03mm<\/li>\n<li>Repeatability accuracy &#8211; \u2264\u00b10.02mm<\/li>\n<\/ul>\n<div class=\"sub-header-divs\">\n<h3>System<\/h3>\n<\/div>\n<ul>\n<li>Driving System &#8211; Closed Loop Servo<\/li>\n<li>Cooling Mode &#8211; Refrigerated Water<\/li>\n<\/ul>\n\n\t\t<\/div>\n\t<\/div>\n<\/div><\/div><\/div><\/div><div class=\"vc_row wpb_row vc_row-fluid\"><div class=\"wpb_column vc_column_container vc_col-sm-12\"><div class=\"vc_column-inner\"><div class=\"wpb_wrapper\">\n\t<div class=\"wpb_text_column wpb_content_element\" >\n\t\t<div class=\"wpb_wrapper\">\n\t\t\t<p>Fiber laser cutters for sheets and tubes offer two functions in one machine, providing space efficiency and cost savings while being flexible and versatile. Request a quote now!<\/p>\n\n\t\t<\/div>\n\t<\/div>\n<\/div><\/div><\/div><\/div><div class=\"vc_row wpb_row vc_row-fluid\"><div class=\"wpb_column vc_column_container vc_col-sm-12\"><div class=\"vc_column-inner\"><div class=\"wpb_wrapper\">\n\t<div class=\"wpb_text_column wpb_content_element\" >\n\t\t<div class=\"wpb_wrapper\">\n\t\t\t<p>**Pro\u010d si vybrat BOGONG LASER**<\/p>\n<p>Spole\u010dnost BOGONG je zn\u00e1m\u00e1 kvalitou laserov\u00fdch za\u0159\u00edzen\u00ed a poprodejn\u00edm servisem.Na\u0161e stroje jsou v\u0161estrann\u00e9 a u\u017eivatelsky p\u0159\u00edv\u011btiv\u00e9, navr\u017een\u00e9 s ohledem na v\u0161echny \u00farovn\u011b dovednost\u00ed. Na\u0161\u00ed prioritou je p\u0159edev\u0161\u00edm spokojenost z\u00e1kazn\u00edk\u016f. A\u0165 u\u017e jste zku\u0161en\u00fd odborn\u00edk, nebo za\u010d\u00e1te\u010dn\u00edk, spole\u010dnost BOGONG LASER je zde, aby v\u00e1s podpo\u0159ila na ka\u017ed\u00e9m kroku. D\u016fv\u011b\u0159ujte n\u00e1m a na\u0161im slu\u017eb\u00e1m, kde se spojuje dokonalost a inovace pro v\u00e1\u0161 \u00fasp\u011bch.<\/p>\n\n\t\t<\/div>\n\t<\/div>\n<\/div><\/div><\/div><\/div>\n<\/div>","protected":false},"excerpt":{"rendered":"<p>The sheet and tube laser cutting machine is designed to cut &#8230; <\/p>","protected":false},"featured_media":2077,"template":"","meta":[],"product_brand":[],"product_cat":[117,92,118],"product_tag":[105,106],"class_list":{"0":"post-2075","1":"product","2":"type-product","3":"status-publish","4":"has-post-thumbnail","6":"product_cat-fiber-laser-cutting-machine","7":"product_cat-laser-cutting-machine","8":"product_cat-laser-metal-cutting-machine","9":"product_tag-fiber-laser-cutting-machine","10":"product_tag-laser-cutting-machine","12":"first","13":"instock","14":"shipping-taxable","15":"product-type-simple"},"_links":{"self":[{"href":"https:\/\/www.lasercleaner.tech\/cs\/wp-json\/wp\/v2\/product\/2075","targetHints":{"allow":["GET"]}}],"collection":[{"href":"https:\/\/www.lasercleaner.tech\/cs\/wp-json\/wp\/v2\/product"}],"about":[{"href":"https:\/\/www.lasercleaner.tech\/cs\/wp-json\/wp\/v2\/types\/product"}],"wp:featuredmedia":[{"embeddable":true,"href":"https:\/\/www.lasercleaner.tech\/cs\/wp-json\/wp\/v2\/media\/2077"}],"wp:attachment":[{"href":"https:\/\/www.lasercleaner.tech\/cs\/wp-json\/wp\/v2\/media?parent=2075"}],"wp:term":[{"taxonomy":"product_brand","embeddable":true,"href":"https:\/\/www.lasercleaner.tech\/cs\/wp-json\/wp\/v2\/product_brand?post=2075"},{"taxonomy":"product_cat","embeddable":true,"href":"https:\/\/www.lasercleaner.tech\/cs\/wp-json\/wp\/v2\/product_cat?post=2075"},{"taxonomy":"product_tag","embeddable":true,"href":"https:\/\/www.lasercleaner.tech\/cs\/wp-json\/wp\/v2\/product_tag?post=2075"}],"curies":[{"name":"wp","href":"https:\/\/api.w.org\/{rel}","templated":true}]}}