{"id":1784,"date":"2024-11-11T16:28:51","date_gmt":"2024-11-11T08:28:51","guid":{"rendered":"https:\/\/bogonglaser.com\/?post_type=product&#038;p=1784"},"modified":"2024-11-12T18:12:30","modified_gmt":"2024-11-12T10:12:30","slug":"co2-laser-marking-machine","status":"publish","type":"product","link":"https:\/\/www.lasercleaner.tech\/cs\/produkt\/co2-laser-marking-machine\/","title":{"rendered":"Laserov\u00e9 zna\u010den\u00ed CO2"},"content":{"rendered":"<div class=\"wpb-content-wrapper\"><div class=\"vc_row wpb_row vc_row-fluid\"><div class=\"wpb_column vc_column_container vc_col-sm-12\"><div class=\"vc_column-inner\"><div class=\"wpb_wrapper\">\n\t<div class=\"wpb_text_column wpb_content_element\" >\n\t\t<div class=\"wpb_wrapper\">\n\t\t\t<h2>Co je CO2 laser?<\/h2>\n<p>CO2 lasery pou\u017e\u00edvaj\u00ed jako m\u00e9dium plyn CO2, kter\u00fd je um\u00edst\u011bn v trubici vybaven\u00e9 elektrodami pro elektrick\u00fd v\u00fdboj. Kdy\u017e dojde k elektrick\u00e9mu v\u00fdboji, vytvo\u0159\u00ed se v plynu plazma a v\u00fdsledn\u00e9 sv\u011btlo je zes\u00edleno, kdy\u017e se odr\u00e1\u017e\u00ed mezi celkov\u00fdm odrazn\u00fdm zrcadlem a v\u00fdstupn\u00edm vazebn\u00edm \u010dlenem. Toto zes\u00edlen\u00e9 sv\u011btlo je pak vyza\u0159ov\u00e1no jako laser.<\/p>\n<p>Laserov\u00e9 zna\u010dky CO2 maj\u00ed vlnovou d\u00e9lku 10kr\u00e1t del\u0161\u00ed ne\u017e tradi\u010dn\u00ed vl\u00e1knov\u00e9 lasery. Jsou obzvl\u00e1\u0161t\u011b \u00fa\u010dinn\u00e9 pro zna\u010den\u00ed materi\u00e1l\u016f, jako jsou plasty, pap\u00edr, prysky\u0159ice, d\u0159evo, guma, a dokonce i pr\u016fhledn\u00e9 l\u00e1tky, jako je sklo a PET.<\/p>\n\n\t\t<\/div>\n\t<\/div>\n<\/div><\/div><\/div><\/div><div class=\"vc_row wpb_row vc_row-fluid\"><div class=\"wpb_column vc_column_container vc_col-sm-12\"><div class=\"vc_column-inner\"><div class=\"wpb_wrapper\">\n\t<div  class=\"wpb_single_image wpb_content_element vc_align_left wpb_content_element\">\n\t\t\n\t\t<figure class=\"wpb_wrapper vc_figure\">\n\t\t\t<div class=\"vc_single_image-wrapper   vc_box_border_grey\"><img decoding=\"async\" width=\"800\" height=\"600\" src=\"data:image\/svg+xml,%3Csvg%20xmlns%3D&#39;http%3A%2F%2Fwww.w3.org%2F2000%2Fsvg&#39;%20width=&#39;800&#39;%20height=&#39;600&#39;%20viewBox%3D&#39;0%200%20800%20600&#39;%2F%3E\" data-czlz data-src=\"https:\/\/www.lasercleaner.tech\/wp-content\/uploads\/2024\/11\/CO2-Laser-marking-machine.jpg\" class=\"vc_single_image-img attachment-full\" alt=\"co2 laser marking machine\" title=\"Laserov\u00fd zna\u010dkovac\u00ed stroj CO2\" data-srcset=\"https:\/\/www.lasercleaner.tech\/wp-content\/uploads\/2024\/11\/CO2-Laser-marking-machine.jpg 800w, https:\/\/www.lasercleaner.tech\/wp-content\/uploads\/2024\/11\/CO2-Laser-marking-machine-300x225.jpg 300w, https:\/\/www.lasercleaner.tech\/wp-content\/uploads\/2024\/11\/CO2-Laser-marking-machine-768x576.jpg 768w, https:\/\/www.lasercleaner.tech\/wp-content\/uploads\/2024\/11\/CO2-Laser-marking-machine-600x450.jpg 600w\" data-sizes=\"(max-width: 800px) 100vw, 800px\" \/><\/div>\n\t\t<\/figure>\n\t<\/div>\n<\/div><\/div><\/div><\/div><div class=\"vc_row wpb_row vc_row-fluid\"><div class=\"wpb_column vc_column_container vc_col-sm-12\"><div class=\"vc_column-inner\"><div class=\"wpb_wrapper\">\n\t<div class=\"wpb_video_widget wpb_content_element vc_clearfix   vc_video-aspect-ratio-169 vc_video-el-width-80 vc_video-align-left\" >\n\t\t<div class=\"wpb_wrapper\">\n\t\t\t<h2 class=\"wpb_heading wpb_video_heading\">Co um\u00ed laserov\u00e9 zna\u010den\u00ed CO2?<\/h2>\n\t\t\t<div class=\"wpb_video_wrapper\"><iframe title=\"Co um\u00ed laserov\u00e9 zna\u010den\u00ed CO2?\" width=\"500\" height=\"281\" src=\"https:\/\/www.youtube.com\/embed\/RFstd3JMNEw?feature=oembed\" frameborder=\"0\" allow=\"accelerometer; autoplay; clipboard-write; encrypted-media; gyroscope; picture-in-picture; web-share\" referrerpolicy=\"strict-origin-when-cross-origin\" allowfullscreen><\/iframe><\/div>\n\t\t<\/div>\n\t<\/div>\n<\/div><\/div><\/div><\/div><div class=\"vc_row wpb_row vc_row-fluid\"><div class=\"wpb_column vc_column_container vc_col-sm-12\"><div class=\"vc_column-inner\"><div class=\"wpb_wrapper\">\n\t<div class=\"wpb_text_column wpb_content_element\" >\n\t\t<div class=\"wpb_wrapper\">\n\t\t\t<p>Laserov\u00fd zna\u010dkovac\u00ed stroj CO2: Aplikace zna\u010den\u00ed<\/p>\n<p>Laserov\u00e9 zna\u010dkovac\u00ed stroje CO2 jsou schopny zna\u010dit \u0161irokou \u0161k\u00e1lu nekovov\u00fdch materi\u00e1l\u016f. Pat\u0159\u00ed sem materi\u00e1ly jako bambus, d\u0159evo, pap\u00edr, ABS, PVC, epoxidov\u00e1 prysky\u0159ice, akryl, k\u016f\u017ee, sklo, keramick\u00e9 dla\u017edice a guma. Pou\u017eit\u00ed v r\u016fzn\u00fdch pr\u016fmyslov\u00fdch odv\u011btv\u00edch, v\u010detn\u011b farmaceutick\u00fdch obal\u016f, potravin\u00e1\u0159sk\u00fdch obal\u016f, n\u00e1pojov\u00fdch obal\u016f, plast\u016f, textilu, k\u016f\u017ee, d\u0159eva\u0159sk\u00fdch v\u00fdrobk\u016f, elektroniky, komunikac\u00ed, hodinek, br\u00fdl\u00ed, tisku a dal\u0161\u00edch.<\/p>\n\n\t\t<\/div>\n\t<\/div>\n<\/div><\/div><\/div><\/div><div class=\"vc_row wpb_row vc_row-fluid\"><div class=\"wpb_column vc_column_container vc_col-sm-12\"><div class=\"vc_column-inner\"><div class=\"wpb_wrapper\">\n\t<div  class=\"wpb_single_image wpb_content_element vc_align_left wpb_content_element\">\n\t\t\n\t\t<figure class=\"wpb_wrapper vc_figure\">\n\t\t\t<div class=\"vc_single_image-wrapper   vc_box_border_grey\"><img decoding=\"async\" width=\"800\" height=\"600\" src=\"data:image\/svg+xml,%3Csvg%20xmlns%3D&#39;http%3A%2F%2Fwww.w3.org%2F2000%2Fsvg&#39;%20width=&#39;800&#39;%20height=&#39;600&#39;%20viewBox%3D&#39;0%200%20800%20600&#39;%2F%3E\" data-czlz data-src=\"https:\/\/www.lasercleaner.tech\/wp-content\/uploads\/2024\/11\/co2\u6253\u6807\u673a\u6837\u54c1\u56fe\u7247.png\" class=\"vc_single_image-img attachment-full\" alt=\"co2 laser marking machine\" title=\"co2\u6253\u6807\u673a\u6837\u54c1\u56fe\u7247\" data-srcset=\"https:\/\/www.lasercleaner.tech\/wp-content\/uploads\/2024\/11\/co2\u6253\u6807\u673a\u6837\u54c1\u56fe\u7247.png 800w, https:\/\/www.lasercleaner.tech\/wp-content\/uploads\/2024\/11\/co2\u6253\u6807\u673a\u6837\u54c1\u56fe\u7247-300x225.png 300w, https:\/\/www.lasercleaner.tech\/wp-content\/uploads\/2024\/11\/co2\u6253\u6807\u673a\u6837\u54c1\u56fe\u7247-768x576.png 768w, https:\/\/www.lasercleaner.tech\/wp-content\/uploads\/2024\/11\/co2\u6253\u6807\u673a\u6837\u54c1\u56fe\u7247-600x450.png 600w\" data-sizes=\"(max-width: 800px) 100vw, 800px\" \/><\/div>\n\t\t<\/figure>\n\t<\/div>\n<\/div><\/div><\/div><\/div><div class=\"vc_row wpb_row vc_row-fluid\"><div class=\"wpb_column vc_column_container vc_col-sm-12\"><div class=\"vc_column-inner\"><div class=\"wpb_wrapper\">\n\t<div class=\"wpb_text_column wpb_content_element\" >\n\t\t<div class=\"wpb_wrapper\">\n\t\t\t<h2>Co pro v\u00e1s m\u016f\u017eeme ud\u011blat?<\/h2>\n<ul>\n<li><span class=\"magic-19\"><b class=\"magic-19\"><span class=\"magic-18\">Bezplatn\u00e9 testovac\u00ed vzorky -<\/span><\/b><span class=\"magic-20\" data-spm-anchor-id=\"a2700.details.0.i41.41d82402R4aegi\">M\u016f\u017eeme prov\u00e9st bezplatn\u00e9 testy \u00fa\u010dinku zna\u010den\u00ed podle materi\u00e1lu va\u0161eho v\u00fdrobku.<\/span><\/span><\/li>\n<li><span class=\"magic-19\"><b class=\"magic-19\"><span class=\"magic-18\">Video v p\u0159\u00edm\u00e9m p\u0159enosu -<\/span><\/b><span class=\"magic-20\">M\u016f\u017eete se spojit s na\u0161imi prodejn\u00edmi poradci a sledovat v\u00fdrobn\u00ed proces a obsluhu stroje v online videu.<\/span><\/span><\/li>\n<li><span class=\"magic-19\"><b class=\"magic-19\"><span class=\"magic-18\">Na m\u00edru \/OEM-<\/span><\/b><span class=\"magic-20\" data-spm-anchor-id=\"a2700.details.0.i40.41d82402R4aegi\">Stroje na m\u00edru na vy\u017e\u00e1d\u00e1n\u00ed\uff0cKontakt<\/span><\/span><\/li>\n<\/ul>\n\n\t\t<\/div>\n\t<\/div>\n<\/div><\/div><\/div><\/div><div class=\"vc_row wpb_row vc_row-fluid\"><div class=\"wpb_column vc_column_container vc_col-sm-12\"><div class=\"vc_column-inner\"><div class=\"wpb_wrapper\">\n\t<div class=\"wpb_text_column wpb_content_element\" >\n\t\t<div class=\"wpb_wrapper\">\n\t\t\t<h3>Kter\u00e9 d\u00edly pot\u0159ebuji vybrat pro laserov\u00e9 zna\u010den\u00ed CO2<\/h3>\n<ul>\n<li>Rota\u010dn\u00ed za\u0159\u00edzen\u00ed: existuje n\u011bkolik rota\u010dn\u00edch za\u0159\u00edzen\u00ed s r\u016fzn\u00fdm stylem a pr\u016fm\u011brem svorky, nap\u0159\u00edklad 50D 65D 80D.<\/li>\n<\/ul>\n\n\t\t<\/div>\n\t<\/div>\n<\/div><\/div><\/div><\/div><div class=\"vc_row wpb_row vc_row-fluid\"><div class=\"wpb_column vc_column_container vc_col-sm-12\"><div class=\"vc_column-inner\"><div class=\"wpb_wrapper\">\n\t<div class=\"wpb_text_column wpb_content_element\" >\n\t\t<div class=\"wpb_wrapper\">\n\t\t\t<p>Platebn\u00ed podm\u00ednky pro laserov\u00e9 zna\u010den\u00ed CO2<\/p>\n<p>1. Vklad a z\u016fstatek: Z\u016fstatek je splatn\u00fd p\u0159ed odesl\u00e1n\u00edm z\u00e1silky: 30% T\/T z\u00e1loha je vy\u017eadov\u00e1na p\u0159edem.<\/p>\n<p>2. Alibaba Trade Assurance: Platby lze zpracov\u00e1vat prost\u0159ednictv\u00edm Alibaba Trade Assurance.<\/p>\n<p>\u010cast\u00e9 dotazy k laserov\u00e9mu zna\u010dkovac\u00edmu stroji CO2<\/p>\n<p>Jak\u00e9 je balen\u00ed laserov\u00e9ho zna\u010dkovac\u00edho stroje CO2?<br \/>\nNa\u0161e stroje jsou baleny ve t\u0159\u00edvrstv\u00e9m uspo\u0159\u00e1d\u00e1n\u00ed. Vn\u011bj\u0161\u00ed vrstvu tvo\u0159\u00ed d\u0159ev\u011bn\u00e1 bedna, prost\u0159edn\u00ed vrstva je vybavena p\u011bnovou v\u00fdpln\u00ed, kter\u00e1 chr\u00e1n\u00ed p\u0159ed ot\u0159esy, a vnit\u0159n\u00ed vrstva obsahuje siln\u00fd plastov\u00fd s\u00e1\u010dek pro ochranu p\u0159ed vodou.<\/p>\n<p>Dojde b\u011bhem p\u0159epravy k po\u0161kozen\u00ed z\u00e1silky?<br \/>\nNa\u0161e obaly pe\u010dliv\u011b navrhujeme tak, aby \u0159e\u0161ily v\u0161echny mo\u017en\u00e9 faktory po\u0161kozen\u00ed, a na\u0161i p\u0159epravci maj\u00ed zku\u0161enosti s bezpe\u010dnou p\u0159epravou. \u00dasp\u011b\u0161n\u011b jsme exportovali do 180 zem\u00ed, tak\u017ee si m\u016f\u017eete b\u00fdt jisti, \u017ee va\u0161e z\u00e1silka doraz\u00ed ve v\u00fdborn\u00e9m stavu.<\/p>\n\n\t\t<\/div>\n\t<\/div>\n<\/div><\/div><\/div><\/div><div class=\"vc_row wpb_row vc_row-fluid\"><div class=\"wpb_column vc_column_container vc_col-sm-12\"><div class=\"vc_column-inner\"><div class=\"wpb_wrapper\">\n\t<div class=\"wpb_text_column wpb_content_element\" >\n\t\t<div class=\"wpb_wrapper\">\n\t\t\t<p>V\u011bt\u0161ina z\u00e1kazn\u00edk\u016f si r\u00e1da vyb\u00edr\u00e1 p\u0159epravu expresn\u00ed slu\u017ebou UPS\/DHL, kter\u00e1 m\u016f\u017ee dorazit na m\u00edsto ur\u010den\u00ed asi za 5-7 dn\u00ed, kontaktujte BOGONG a z\u00edskejte v\u00edce informac\u00ed o vl\u00e1knov\u00e9 laserov\u00e9 grav\u00edrce kov\u016f pro st\u0159\u00edbro mosaz zlato m\u011b\u010f.<\/p>\n\n\t\t<\/div>\n\t<\/div>\n<\/div><\/div><\/div><\/div>\n<\/div>","protected":false},"excerpt":{"rendered":"<h2>Laserov\u00e9 zna\u010den\u00ed CO2<\/h2>\n<p>CO\u2082 laser engravers are named for their use &#8230; <\/p>","protected":false},"featured_media":1800,"template":"","meta":[],"product_brand":[],"product_cat":[98,93],"product_tag":[102],"class_list":{"0":"post-1784","1":"product","2":"type-product","3":"status-publish","4":"has-post-thumbnail","6":"product_cat-co2-laser-marker","7":"product_cat-laser-engraving-machine","8":"product_tag-laser-marking-machine","10":"first","11":"instock","12":"shipping-taxable","13":"product-type-simple"},"_links":{"self":[{"href":"https:\/\/www.lasercleaner.tech\/cs\/wp-json\/wp\/v2\/product\/1784","targetHints":{"allow":["GET"]}}],"collection":[{"href":"https:\/\/www.lasercleaner.tech\/cs\/wp-json\/wp\/v2\/product"}],"about":[{"href":"https:\/\/www.lasercleaner.tech\/cs\/wp-json\/wp\/v2\/types\/product"}],"wp:featuredmedia":[{"embeddable":true,"href":"https:\/\/www.lasercleaner.tech\/cs\/wp-json\/wp\/v2\/media\/1800"}],"wp:attachment":[{"href":"https:\/\/www.lasercleaner.tech\/cs\/wp-json\/wp\/v2\/media?parent=1784"}],"wp:term":[{"taxonomy":"product_brand","embeddable":true,"href":"https:\/\/www.lasercleaner.tech\/cs\/wp-json\/wp\/v2\/product_brand?post=1784"},{"taxonomy":"product_cat","embeddable":true,"href":"https:\/\/www.lasercleaner.tech\/cs\/wp-json\/wp\/v2\/product_cat?post=1784"},{"taxonomy":"product_tag","embeddable":true,"href":"https:\/\/www.lasercleaner.tech\/cs\/wp-json\/wp\/v2\/product_tag?post=1784"}],"curies":[{"name":"wp","href":"https:\/\/api.w.org\/{rel}","templated":true}]}}