{"id":2063,"date":"2024-12-02T14:35:38","date_gmt":"2024-12-02T06:35:38","guid":{"rendered":"https:\/\/bogonglaser.com\/?page_id=2063"},"modified":"2024-12-05T22:59:01","modified_gmt":"2024-12-05T14:59:01","slug":"co2-laser-marking-machine","status":"publish","type":"page","link":"https:\/\/www.lasercleaner.tech\/cs\/laser-marking-machine\/co2-laser-marking-machine\/","title":{"rendered":"Laserov\u00e9 zna\u010den\u00ed CO2"},"content":{"rendered":"<div class=\"wpb-content-wrapper\"><div class=\"vc_row wpb_row vc_row-fluid\"><div class=\"wpb_column vc_column_container vc_col-sm-12\"><div class=\"vc_column-inner\"><div class=\"wpb_wrapper\">\n\t<div class=\"wpb_text_column wpb_content_element\" >\n\t\t<div class=\"wpb_wrapper\">\n\t\t\t<h1>Laserov\u00e9 zna\u010den\u00ed CO2<\/h1>\n<p>Laserov\u00e9 grav\u00edrky CO\u2082 jsou pojmenov\u00e1ny podle toho, \u017ee jako laserov\u00e9 m\u00e9dium pou\u017e\u00edvaj\u00ed plyn CO\u2082, jeho\u017e vlnov\u00e1 d\u00e9lka je 10600 nm, co\u017e znamen\u00e1, \u017ee jsou do zna\u010dn\u00e9 m\u00edry z\u00e1visl\u00e9 na teple.Funguj\u00ed tak, \u017ee z plynu CO\u2082 v trubici vytv\u00e1\u0159ej\u00ed plazmu, zesiluj\u00ed sv\u011btlo mezi reflexn\u00edm zrcadlem a v\u00fdstupn\u00edm vazebn\u00edm \u010dlenem a pot\u00e9 jej vys\u00edlaj\u00ed jako laserov\u00fd paprsek. CO\u2082 laserov\u00e9 grav\u00edrky jsou vynikaj\u00edc\u00ed pro odstra\u0148ov\u00e1n\u00ed materi\u00e1lu a jsou obzvl\u00e1\u0161t\u011b \u00fa\u010dinn\u00e9 pro zna\u010den\u00ed organick\u00fdch materi\u00e1l\u016f, jako je karton, plast, sklo a d\u0159evo.<\/p>\n\n\t\t<\/div>\n\t<\/div>\n<\/div><\/div><\/div><\/div><div class=\"vc_row wpb_row vc_row-fluid\"><div class=\"wpb_column vc_column_container vc_col-sm-12\"><div class=\"vc_column-inner\"><div class=\"wpb_wrapper\"><div class=\"vc_separator wpb_content_element vc_separator_align_center vc_sep_width_100 vc_sep_pos_align_center vc_sep_color_grey wpb_content_element vc_separator-has-text\" ><span class=\"vc_sep_holder vc_sep_holder_l\"><span class=\"vc_sep_line\"><\/span><\/span><h4>Co jsou laserov\u00e9 zna\u010dkovac\u00ed stroje CO2?<\/h4><span class=\"vc_sep_holder vc_sep_holder_r\"><span class=\"vc_sep_line\"><\/span><\/span>\n<\/div>\n\t<div class=\"wpb_text_column wpb_content_element\" >\n\t\t<div class=\"wpb_wrapper\">\n\t\t\t<p>Co je CO2 laser?<\/p>\n<p>CO2 lasery pou\u017e\u00edvaj\u00ed jako m\u00e9dium plyn CO2, kter\u00fd je um\u00edst\u011bn v trubici s elektrodami pro elektrick\u00fd v\u00fdboj. Kdy\u017e dojde k elektrick\u00e9mu v\u00fdboji, vytvo\u0159\u00ed se uvnit\u0159 plynu plazma a v\u00fdsledn\u00e9 sv\u011btlo se zesiluje, kdy\u017e se odr\u00e1\u017e\u00ed tam a zp\u011bt mezi pln\u011b reflexn\u00edm zrcadlem a v\u00fdstupn\u00edm vazebn\u00edm \u010dlenem. Nakonec je toto zes\u00edlen\u00e9 sv\u011btlo vyza\u0159ov\u00e1no jako laser.<\/p>\n<p>Laserov\u00e9 zna\u010dky CO2 maj\u00ed desetkr\u00e1t del\u0161\u00ed vlnovou d\u00e9lku ne\u017e tradi\u010dn\u00ed vl\u00e1knov\u00e9 syst\u00e9my. Vynikaj\u00ed p\u0159i zna\u010den\u00ed materi\u00e1l\u016f, jako jsou plasty, pap\u00edr, prysky\u0159ice, d\u0159evo, guma, a dokonce i pr\u016fhledn\u00fdch materi\u00e1l\u016f, jako je sklo a PET.<\/p>\n\n\t\t<\/div>\n\t<\/div>\n<\/div><\/div><\/div><\/div><div class=\"vc_row wpb_row vc_row-fluid vc_custom_1729660184700 vc_row-has-fill\"><div class=\"wpb_column vc_column_container vc_col-sm-12\"><div class=\"vc_column-inner\"><div class=\"wpb_wrapper\">\n\t<div class=\"wpb_text_column wpb_content_element vc_custom_1733410735451\" >\n\t\t<div class=\"wpb_wrapper\">\n\t\t\t<p style=\"text-align: center;\"><span style=\"background-color: #aaaaaa;\"><strong><span style=\"font-family: 'Arial Black'; color: #ffffff; font-size: 17px; background-color: #aaaaaa;\">CO2 LASEROV\u00dd ZNA\u010cKOVAC\u00cd STROJ<\/span><\/strong><\/span><\/p>\n\n\t\t<\/div>\n\t<\/div>\n<\/div><\/div><\/div><\/div><div class=\"vc_row wpb_row vc_row-fluid vc_custom_1729684837878\"><div class=\"wpb_column vc_column_container vc_col-sm-6\"><div class=\"vc_column-inner\"><div class=\"wpb_wrapper\">\n\t<div class=\"wpb_video_widget wpb_content_element vc_clearfix   vc_video-aspect-ratio-169 vc_video-el-width-80 vc_video-align-left\" >\n\t\t<div class=\"wpb_wrapper\">\n\t\t\t\n\t\t\t<div class=\"wpb_video_wrapper\"><iframe title=\"Co um\u00ed laserov\u00e9 zna\u010den\u00ed CO2?\" width=\"500\" height=\"281\" src=\"https:\/\/www.youtube.com\/embed\/RFstd3JMNEw?feature=oembed\" frameborder=\"0\" allow=\"accelerometer; autoplay; clipboard-write; encrypted-media; gyroscope; picture-in-picture; web-share\" referrerpolicy=\"strict-origin-when-cross-origin\" allowfullscreen><\/iframe><\/div>\n\t\t<\/div>\n\t<\/div>\n<\/div><\/div><\/div><div class=\"wpb_column vc_column_container vc_col-sm-6\"><div class=\"vc_column-inner\"><div class=\"wpb_wrapper\">\n\t<div class=\"wpb_text_column wpb_content_element\" >\n\t\t<div class=\"wpb_wrapper\">\n\t\t\t<p>Laserov\u00e9 zna\u010dkovac\u00ed za\u0159\u00edzen\u00ed CO2 kombinuje nejmodern\u011bj\u0161\u00ed technologii galvanometrick\u00e9ho laserov\u00e9ho zna\u010den\u00ed s uzav\u0159en\u00fdm laserem CO2 s RF buzen\u00edm.<\/p>\n<p>- Ergonomick\u00fd design pracovn\u00ed plochy zvy\u0161uje efektivitu obsluhy.<br \/>\n- D\u00edky vysokorychlostn\u00edmu galvanometru nab\u00edz\u00ed rychlost zna\u010den\u00ed, kter\u00e1 je 30% vy\u0161\u0161\u00ed ne\u017e u srovnateln\u00fdch produkt\u016f.<br \/>\n- M\u00e1 dlouhou \u017eivotnost a m\u016f\u017ee pracovat nep\u0159etr\u017eit\u011b 24 hodin s minim\u00e1ln\u00ed \u00fadr\u017ebou.<br \/>\n- Zna\u010dkovac\u00ed software ezcad obsahuje u\u017eivatelsky p\u0159\u00edv\u011btiv\u00e9 rozhran\u00ed, kter\u00e9 obsluze usnad\u0148uje pou\u017e\u00edv\u00e1n\u00ed bez nutnosti neust\u00e1l\u00e9ho nastavov\u00e1n\u00ed.<br \/>\n- Stroje na zak\u00e1zku lze p\u0159izp\u016fsobit konkr\u00e9tn\u00edm po\u017eadavk\u016fm z\u00e1kazn\u00edka.<\/p>\n\n\t\t<\/div>\n\t<\/div>\n<\/div><\/div><\/div><\/div><div class=\"vc_row wpb_row vc_row-fluid\"><div class=\"wpb_column vc_column_container vc_col-sm-12\"><div class=\"vc_column-inner\"><div class=\"wpb_wrapper\"><div class=\"woocommerce columns-4\"><ul class=\"products columns-4\">\n<li class=\"product type-product post-1784 status-publish first instock product_cat-co2-laser-marker product_cat-laser-engraving-machine product_tag-laser-marking-machine has-post-thumbnail shipping-taxable product-type-simple\">\n\t<a href=\"https:\/\/www.lasercleaner.tech\/cs\/produkt\/co2-laser-marking-machine\/\" class=\"woocommerce-LoopProduct-link woocommerce-loop-product__link\"><div class=\"xtra-product-thumbnail\"><img decoding=\"async\" width=\"600\" height=\"600\" src=\"data:image\/svg+xml,%3Csvg%20xmlns%3D&#39;http%3A%2F%2Fwww.w3.org%2F2000%2Fsvg&#39;%20width=&#39;600&#39;%20height=&#39;600&#39;%20viewBox%3D&#39;0%200%20600%20600&#39;%2F%3E\" data-czlz data-src=\"https:\/\/www.lasercleaner.tech\/wp-content\/uploads\/2024\/11\/06AB8DE256811849694156AA5F899172.png\" class=\"attachment-woocommerce_thumbnail size-woocommerce_thumbnail\" alt=\"CO2 laser marking machine\" data-data-srcset=\"https:\/\/www.lasercleaner.tech\/wp-content\/uploads\/2024\/11\/06AB8DE256811849694156AA5F899172.png 600w, https:\/\/www.lasercleaner.tech\/wp-content\/uploads\/2024\/11\/06AB8DE256811849694156AA5F899172-300x300.png 300w, https:\/\/www.lasercleaner.tech\/wp-content\/uploads\/2024\/11\/06AB8DE256811849694156AA5F899172-150x150.png 150w, https:\/\/www.lasercleaner.tech\/wp-content\/uploads\/2024\/11\/06AB8DE256811849694156AA5F899172-100x100.png 100w\" data-data-sizes=\"(max-width: 600px) 100vw, 600px\" \/><\/div><h2 class=\"woocommerce-loop-product__title\">Laserov\u00e9 zna\u010den\u00ed CO2<\/h2>\n<\/a><a href=\"https:\/\/www.lasercleaner.tech\/cs\/produkt\/co2-laser-marking-machine\/\" aria-describedby=\"woocommerce_loop_add_to_cart_link_describedby_1784\" data-quantity=\"1\" class=\"button product_type_simple\" data-product_id=\"1784\" data-product_sku=\"\" aria-label=\"Zjistit v\u00edce o \u201cCO2 Laser Marking Machine\u201d\" rel=\"nofollow\" data-success_message=\"\" data-no-translation=\"\" data-trp-gettext=\"\" data-no-translation-aria-label=\"\">\u010ct\u011bte v\u00edce<\/a>\t<span id=\"woocommerce_loop_add_to_cart_link_describedby_1784\" class=\"screen-reader-text\">\n\t\t\t<\/span>\n<\/li>\n<\/ul>\n<\/div><\/div><\/div><\/div><\/div><div class=\"vc_row wpb_row vc_row-fluid vc_custom_1729665201674\"><div class=\"wpb_column vc_column_container vc_col-sm-12\"><div class=\"vc_column-inner\"><div class=\"wpb_wrapper\">\n\t<div class=\"wpb_text_column wpb_content_element\" >\n\t\t<div class=\"wpb_wrapper\">\n\t\t\t<h3>VYBERTE SI DOKONAL\u00dd CO2 LASEROV\u00dd ZNA\u010cKOVAC\u00cd STROJ PRO ZA\u010c\u00c1TE\u010cN\u00cdKY A PROFESION\u00c1LY<\/h3>\n\n\t\t<\/div>\n\t<\/div>\n<\/div><\/div><\/div><\/div><div class=\"vc_row wpb_row vc_row-fluid\"><div class=\"wpb_column vc_column_container vc_col-sm-12\"><div class=\"vc_column-inner\"><div class=\"wpb_wrapper\">\n\t<div class=\"wpb_text_column wpb_content_element\" >\n\t\t<div class=\"wpb_wrapper\">\n\t\t\t<h2>N\u00e1stroje pro laserov\u00e9 zna\u010den\u00ed CO2: Komplexn\u00ed pr\u016fvodce n\u00e1kupem<\/h2>\n<p>V\u00fdb\u011br spr\u00e1vn\u00e9ho laserov\u00e9ho zna\u010dkovac\u00edho stroje CO2 je z\u00e1sadn\u00ed, a\u0165 u\u017e provozujete malou firmu, pracujete v profesion\u00e1ln\u00edm prost\u0159ed\u00ed nebo se v\u011bnujete sv\u00e9mu kon\u00ed\u010dku. V\u00fdhody t\u011bchto stroj\u016f jsou z\u0159ejm\u00e9, ale jak pozn\u00e1te, kter\u00fd z nich nejl\u00e9pe vyhovuje va\u0161im pot\u0159eb\u00e1m? Mezi kl\u00ed\u010dov\u00e9 faktory, kter\u00e9 je t\u0159eba zv\u00e1\u017eit, pat\u0159\u00ed v\u00fdkon laseru, plocha pro zna\u010den\u00ed a kompatibiln\u00ed software. Tento pr\u016fvodce v\u00e1m pom\u016f\u017ee s informovan\u00fdm v\u00fdb\u011brem, tak\u017ee se do toho poj\u010fme pono\u0159it.<\/p>\n<p>Jak funguje laserov\u00e9 zna\u010den\u00ed CO2<\/p>\n<p>Laserov\u00e9 zna\u010den\u00ed je \u0159\u00edzeno po\u010d\u00edta\u010dov\u00fdm programov\u00e1n\u00edm. Nejprve navrhnete obr\u00e1zek nebo text a nahrajete jej do zna\u010dic\u00edho softwaru. Jakmile spust\u00edte program CNC, stroj provede va\u0161e p\u0159\u00edkazy. Laserov\u00fd paprsek se odr\u00e1\u017e\u00ed p\u0159es zrcadla XY a zam\u011b\u0159uje se na c\u00edlov\u00fd materi\u00e1l. Tato akce materi\u00e1l bu\u010f sp\u00e1l\u00ed, nebo odpa\u0159\u00ed, \u010d\u00edm\u017e vznikne kontrast, kter\u00fd zv\u00fdrazn\u00ed v\u00e1\u0161 n\u00e1vrh. Ne\u017e se nad\u011bjete, bude v\u00e1\u0161 ozna\u010den\u00fd projekt dokon\u010den!<\/p>\n<p>Kde se pou\u017e\u00edvaj\u00ed laserov\u00e9 zna\u010dkovac\u00ed stroje CO2<\/p>\n<p>d\u011brov\u00e1n\u00ed nebo grav\u00edrov\u00e1n\u00ed jemn\u00fdch organick\u00fdch materi\u00e1l\u016f, jako je d\u0159evo, textil nebo plasty.<\/p>\n\n\t\t<\/div>\n\t<\/div>\n<\/div><\/div><\/div><\/div><div class=\"vc_row wpb_row vc_row-fluid\"><div class=\"wpb_column vc_column_container vc_col-sm-12\"><div class=\"vc_column-inner\"><div class=\"wpb_wrapper\"><div class=\"vc_separator wpb_content_element vc_separator_align_center vc_sep_width_100 vc_sep_pos_align_center vc_sep_color_grey wpb_content_element vc_separator-has-text\" ><span class=\"vc_sep_holder vc_sep_holder_l\"><span class=\"vc_sep_line\"><\/span><\/span><h4>Zp\u011btn\u00e1 vazba z\u00e1kazn\u00edk\u016f po zakoupen\u00ed stroje BOGONG<\/h4><span class=\"vc_sep_holder vc_sep_holder_r\"><span class=\"vc_sep_line\"><\/span><\/span>\n<\/div><\/div><\/div><\/div><\/div><div class=\"vc_row wpb_row vc_row-fluid\"><div class=\"wpb_column vc_column_container vc_col-sm-3\"><div class=\"vc_column-inner\"><div class=\"wpb_wrapper\">\n\t<div class=\"wpb_video_widget wpb_content_element vc_clearfix   vc_video-aspect-ratio-169 vc_video-el-width-100 vc_video-align-left\" >\n\t\t<div class=\"wpb_wrapper\">\n\t\t\t\n\t\t\t<div class=\"wpb_video_wrapper\"><iframe title=\"ON JAKO BOGONG 3D LASEROV\u00dd GRAV\u00cdROVAC\u00cd STROJ | NEJLEP\u0160\u00cd \u010c\u00cdNSK\u00dd 3D LASEROV\u00dd GRAV\u00cdROVAC\u00cd STROJ NA PRODEJ\" width=\"500\" height=\"281\" src=\"https:\/\/www.youtube.com\/embed\/aoAF09vq8LE?feature=oembed\" frameborder=\"0\" allow=\"accelerometer; autoplay; clipboard-write; encrypted-media; gyroscope; picture-in-picture; web-share\" referrerpolicy=\"strict-origin-when-cross-origin\" allowfullscreen><\/iframe><\/div>\n\t\t<\/div>\n\t<\/div>\n<\/div><\/div><\/div><div class=\"wpb_column vc_column_container vc_col-sm-3\"><div class=\"vc_column-inner\"><div class=\"wpb_wrapper\">\n\t<div class=\"wpb_video_widget wpb_content_element vc_clearfix   vc_video-aspect-ratio-169 vc_video-el-width-100 vc_video-align-left\" >\n\t\t<div class=\"wpb_wrapper\">\n\t\t\t\n\t\t\t<div class=\"wpb_video_wrapper\"><iframe title=\"Co \u0159\u00edk\u00e1te na 3D laserov\u00fd grav\u00edr BOGONG? | Indick\u00fd z\u00e1kazn\u00edk nav\u0161t\u00edvil BOGONG a zakoupil 3D laserov\u00fd grav\u00edrovac\u00ed stroj\" width=\"500\" height=\"281\" src=\"https:\/\/www.youtube.com\/embed\/bq8eli66vTM?feature=oembed\" frameborder=\"0\" allow=\"accelerometer; autoplay; clipboard-write; encrypted-media; gyroscope; picture-in-picture; web-share\" referrerpolicy=\"strict-origin-when-cross-origin\" allowfullscreen><\/iframe><\/div>\n\t\t<\/div>\n\t<\/div>\n<\/div><\/div><\/div><div class=\"wpb_column vc_column_container vc_col-sm-3\"><div class=\"vc_column-inner\"><div class=\"wpb_wrapper\">\n\t<div class=\"wpb_video_widget wpb_content_element vc_clearfix   vc_video-aspect-ratio-169 vc_video-el-width-100 vc_video-align-left\" >\n\t\t<div class=\"wpb_wrapper\">\n\t\t\t\n\t\t\t<div class=\"wpb_video_wrapper\"><iframe title=\"BOGONG Buyer&#039;s Feedback Fiber Laser Engraving Machine | jak o BOGONG CNC\" width=\"500\" height=\"281\" src=\"https:\/\/www.youtube.com\/embed\/S90BrJfNo7o?feature=oembed\" frameborder=\"0\" allow=\"accelerometer; autoplay; clipboard-write; encrypted-media; gyroscope; picture-in-picture; web-share\" referrerpolicy=\"strict-origin-when-cross-origin\" allowfullscreen><\/iframe><\/div>\n\t\t<\/div>\n\t<\/div>\n<\/div><\/div><\/div><div class=\"wpb_column vc_column_container vc_col-sm-3\"><div class=\"vc_column-inner\"><div class=\"wpb_wrapper\">\n\t<div class=\"wpb_video_widget wpb_content_element vc_clearfix   vc_video-aspect-ratio-169 vc_video-el-width-100 vc_video-align-left\" >\n\t\t<div class=\"wpb_wrapper\">\n\t\t\t\n\t\t\t<div class=\"wpb_video_wrapper\"><iframe title=\"America User High Recommend BOGONG Laser Engraver Machine to you | Nejlep\u0161\u00ed laserov\u00fd grav\u00edrovac\u00ed stroj\" width=\"500\" height=\"281\" src=\"https:\/\/www.youtube.com\/embed\/unDhY2sA8h4?feature=oembed\" frameborder=\"0\" allow=\"accelerometer; autoplay; clipboard-write; encrypted-media; gyroscope; picture-in-picture; web-share\" referrerpolicy=\"strict-origin-when-cross-origin\" allowfullscreen><\/iframe><\/div>\n\t\t<\/div>\n\t<\/div>\n<\/div><\/div><\/div><\/div><div class=\"vc_row wpb_row vc_row-fluid\"><div class=\"wpb_column vc_column_container vc_col-sm-3\"><div class=\"vc_column-inner\"><div class=\"wpb_wrapper\">\n\t<div class=\"wpb_video_widget wpb_content_element vc_clearfix   vc_video-aspect-ratio-169 vc_video-el-width-100 vc_video-align-left\" >\n\t\t<div class=\"wpb_wrapper\">\n\t\t\t\n\t\t\t<div class=\"wpb_video_wrapper\"><iframe title=\"Recenze americk\u00e9ho u\u017eivatele&#039;s o BOGONG LASEROV\u00c9M RYT\u00cd\u0158SK\u00c9M STROJI | Nejlep\u0161\u00ed laserov\u00e1 grav\u00edrovac\u00ed \u0159eza\u010dka\" width=\"500\" height=\"281\" src=\"https:\/\/www.youtube.com\/embed\/v3INTmFdolI?feature=oembed\" frameborder=\"0\" allow=\"accelerometer; autoplay; clipboard-write; encrypted-media; gyroscope; picture-in-picture; web-share\" referrerpolicy=\"strict-origin-when-cross-origin\" allowfullscreen><\/iframe><\/div>\n\t\t<\/div>\n\t<\/div>\n<\/div><\/div><\/div><div class=\"wpb_column vc_column_container vc_col-sm-3\"><div class=\"vc_column-inner\"><div class=\"wpb_wrapper\">\n\t<div class=\"wpb_video_widget wpb_content_element vc_clearfix   vc_video-aspect-ratio-169 vc_video-el-width-100 vc_video-align-left\" >\n\t\t<div class=\"wpb_wrapper\">\n\t\t\t\n\t\t\t<div class=\"wpb_video_wrapper\"><iframe title=\"Grenada User&#039;s Feedback BOGONG Laserov\u00fd grav\u00edrovac\u00ed \u0159ezac\u00ed stroj | Nejlep\u0161\u00ed \u0161perky Zlat\u00fd st\u0159\u00edbrn\u00fd laser\" width=\"500\" height=\"281\" src=\"https:\/\/www.youtube.com\/embed\/Y25Z0xbP7ZQ?feature=oembed\" frameborder=\"0\" allow=\"accelerometer; autoplay; clipboard-write; encrypted-media; gyroscope; picture-in-picture; web-share\" referrerpolicy=\"strict-origin-when-cross-origin\" allowfullscreen><\/iframe><\/div>\n\t\t<\/div>\n\t<\/div>\n<\/div><\/div><\/div><div class=\"wpb_column vc_column_container vc_col-sm-3\"><div class=\"vc_column-inner\"><div class=\"wpb_wrapper\">\n\t<div class=\"wpb_video_widget wpb_content_element vc_clearfix   vc_video-aspect-ratio-169 vc_video-el-width-100 vc_video-align-left\" >\n\t\t<div class=\"wpb_wrapper\">\n\t\t\t\n\t\t\t<div class=\"wpb_video_wrapper\"><iframe title=\"Koupil si laserov\u00fd grav\u00edrovac\u00ed stroj BOGONG na \u0159ez\u00e1n\u00ed \u0161perk\u016f, co ud\u011blal\uff1f JAK FUNGUJE LASEROV\u00dd STROJ?\" width=\"500\" height=\"281\" src=\"https:\/\/www.youtube.com\/embed\/OYi7giXXm38?feature=oembed\" frameborder=\"0\" allow=\"accelerometer; autoplay; clipboard-write; encrypted-media; gyroscope; picture-in-picture; web-share\" referrerpolicy=\"strict-origin-when-cross-origin\" allowfullscreen><\/iframe><\/div>\n\t\t<\/div>\n\t<\/div>\n<\/div><\/div><\/div><div class=\"wpb_column vc_column_container vc_col-sm-3\"><div class=\"vc_column-inner\"><div class=\"wpb_wrapper\">\n\t<div class=\"wpb_video_widget wpb_content_element vc_clearfix   vc_video-aspect-ratio-169 vc_video-el-width-100 vc_video-align-left\" >\n\t\t<div class=\"wpb_wrapper\">\n\t\t\t\n\t\t\t<div class=\"wpb_video_wrapper\"><iframe title=\"ZP\u011aTN\u00c1 VAZBA Z\u00c1KAZN\u00cdK\u016e BOGONG | JAK JE TO S LASEROV\u00ddM STROJEM A SLU\u017dBAMI BOGONG?\" width=\"500\" height=\"281\" src=\"https:\/\/www.youtube.com\/embed\/sRnVVD3zG48?feature=oembed\" frameborder=\"0\" allow=\"accelerometer; autoplay; clipboard-write; encrypted-media; gyroscope; picture-in-picture; web-share\" referrerpolicy=\"strict-origin-when-cross-origin\" allowfullscreen><\/iframe><\/div>\n\t\t<\/div>\n\t<\/div>\n<\/div><\/div><\/div><\/div><div class=\"vc_row wpb_row vc_row-fluid\"><div class=\"wpb_column vc_column_container vc_col-sm-3\"><div class=\"vc_column-inner\"><div class=\"wpb_wrapper\">\n\t<div class=\"wpb_video_widget wpb_content_element vc_clearfix   vc_video-aspect-ratio-169 vc_video-el-width-100 vc_video-align-left\" >\n\t\t<div class=\"wpb_wrapper\">\n\t\t\t\n\t\t\t<div class=\"wpb_video_wrapper\"><iframe title=\"Zakoupil laserov\u00fd grav\u00edrovac\u00ed stroj BOGONG | AMERICA Buyer Got His Second Set Laser Marking Machine\" width=\"500\" height=\"281\" src=\"https:\/\/www.youtube.com\/embed\/X5r8d4Kxbg4?feature=oembed\" frameborder=\"0\" allow=\"accelerometer; autoplay; clipboard-write; encrypted-media; gyroscope; picture-in-picture; web-share\" referrerpolicy=\"strict-origin-when-cross-origin\" allowfullscreen><\/iframe><\/div>\n\t\t<\/div>\n\t<\/div>\n<\/div><\/div><\/div><div class=\"wpb_column vc_column_container vc_col-sm-3\"><div class=\"vc_column-inner\"><div class=\"wpb_wrapper\">\n\t<div class=\"wpb_video_widget wpb_content_element vc_clearfix   vc_video-aspect-ratio-169 vc_video-el-width-100 vc_video-align-left\" >\n\t\t<div class=\"wpb_wrapper\">\n\t\t\t\n\t\t\t<div class=\"wpb_video_wrapper\"><iframe title=\"Laserov\u00fd stroj BOGONG dorazil ! Co ud\u011blal za 3 hodiny pomoc\u00ed 3D dynamick\u00e9ho laserov\u00e9ho zna\u010den\u00ed grav\u00edrov\u00e1n\u00ed \u0159ez\u00e1n\u00ed\" width=\"500\" height=\"281\" src=\"https:\/\/www.youtube.com\/embed\/FArxOPoSy0U?feature=oembed\" frameborder=\"0\" allow=\"accelerometer; autoplay; clipboard-write; encrypted-media; gyroscope; picture-in-picture; web-share\" referrerpolicy=\"strict-origin-when-cross-origin\" allowfullscreen><\/iframe><\/div>\n\t\t<\/div>\n\t<\/div>\n<\/div><\/div><\/div><div class=\"wpb_column vc_column_container vc_col-sm-3\"><div class=\"vc_column-inner\"><div class=\"wpb_wrapper\">\n\t<div class=\"wpb_video_widget wpb_content_element vc_clearfix   vc_video-aspect-ratio-169 vc_video-el-width-100 vc_video-align-left\" >\n\t\t<div class=\"wpb_wrapper\">\n\t\t\t\n\t\t\t<div class=\"wpb_video_wrapper\"><iframe title=\"Zku\u0161enosti z\u00e1kazn\u00edk\u016f spole\u010dnosti BOGONG na n\u00e1v\u0161t\u011bv\u011b spole\u010dnosti BOGONG v \u010c\u00edn\u011b\" width=\"413\" height=\"310\" src=\"https:\/\/www.youtube.com\/embed\/EQ3ht2Ef1cc?feature=oembed\" frameborder=\"0\" allow=\"accelerometer; autoplay; clipboard-write; encrypted-media; gyroscope; picture-in-picture; web-share\" referrerpolicy=\"strict-origin-when-cross-origin\" allowfullscreen><\/iframe><\/div>\n\t\t<\/div>\n\t<\/div>\n<\/div><\/div><\/div><div class=\"wpb_column vc_column_container vc_col-sm-3\"><div class=\"vc_column-inner\"><div class=\"wpb_wrapper\">\n\t<div class=\"wpb_video_widget wpb_content_element vc_clearfix   vc_video-aspect-ratio-169 vc_video-el-width-100 vc_video-align-left\" >\n\t\t<div class=\"wpb_wrapper\">\n\t\t\t\n\t\t\t<div class=\"wpb_video_wrapper\"><iframe title=\"Rozbalen\u00ed laserov\u00e9ho grav\u00edrovac\u00edho stroje BOGONG MOPA | Dostal sv\u016fj druh\u00fd laserov\u00fd grav\u00edrovac\u00ed stroj BOGONG\" width=\"500\" height=\"281\" src=\"https:\/\/www.youtube.com\/embed\/yENnS0u-uic?feature=oembed\" frameborder=\"0\" allow=\"accelerometer; autoplay; clipboard-write; encrypted-media; gyroscope; picture-in-picture; web-share\" referrerpolicy=\"strict-origin-when-cross-origin\" allowfullscreen><\/iframe><\/div>\n\t\t<\/div>\n\t<\/div>\n<\/div><\/div><\/div><\/div>\n<\/div>","protected":false},"excerpt":{"rendered":"CO2 Laser Marking Machine CO\u2082 laser engravers are named for their use of CO\u2082 gas as the laser medium, wavelength","protected":false},"author":1,"featured_media":0,"parent":1916,"menu_order":0,"comment_status":"closed","ping_status":"closed","template":"","meta":{"footnotes":""},"class_list":["post-2063","page","type-page","status-publish","hentry"],"_links":{"self":[{"href":"https:\/\/www.lasercleaner.tech\/cs\/wp-json\/wp\/v2\/pages\/2063","targetHints":{"allow":["GET"]}}],"collection":[{"href":"https:\/\/www.lasercleaner.tech\/cs\/wp-json\/wp\/v2\/pages"}],"about":[{"href":"https:\/\/www.lasercleaner.tech\/cs\/wp-json\/wp\/v2\/types\/page"}],"author":[{"embeddable":true,"href":"https:\/\/www.lasercleaner.tech\/cs\/wp-json\/wp\/v2\/users\/1"}],"replies":[{"embeddable":true,"href":"https:\/\/www.lasercleaner.tech\/cs\/wp-json\/wp\/v2\/comments?post=2063"}],"version-history":[{"count":0,"href":"https:\/\/www.lasercleaner.tech\/cs\/wp-json\/wp\/v2\/pages\/2063\/revisions"}],"up":[{"embeddable":true,"href":"https:\/\/www.lasercleaner.tech\/cs\/wp-json\/wp\/v2\/pages\/1916"}],"wp:attachment":[{"href":"https:\/\/www.lasercleaner.tech\/cs\/wp-json\/wp\/v2\/media?parent=2063"}],"curies":[{"name":"wp","href":"https:\/\/api.w.org\/{rel}","templated":true}]}}